{"id":3418,"date":"2024-12-27T07:53:46","date_gmt":"2024-12-27T07:53:46","guid":{"rendered":"https:\/\/vapestornado.com\/?post_type=product&#038;p=3418"},"modified":"2025-08-23T12:06:26","modified_gmt":"2025-08-23T12:06:26","slug":"refillable-disposable-vape-bang-40000-puffs-with-smart-screen-display-wholesale","status":"publish","type":"product","link":"https:\/\/vapestornado.com\/pt\/product\/refillable-disposable-vape-bang-40000-puffs-with-smart-screen-display-wholesale\/","title":{"rendered":"Vape Descart\u00e1vel Recarreg\u00e1vel Bang 40000 Puffs com Ecr\u00e3 Inteligente Atacado"},"content":{"rendered":"<h1 class=\"product-title\">Vape Descart\u00e1vel Recarreg\u00e1vel Bang 40000 Puffs com Ecr\u00e3 Inteligente Atacado<\/h1>\n<p>O <strong data-start=\"325\" data-end=\"372\">Vape Descart\u00e1vel Recarreg\u00e1vel Bang 40000 Puffs<\/strong> \u00e9 um avan\u00e7o no mercado grossista, combinando <strong data-start=\"426\" data-end=\"454\">desempenho de longa dura\u00e7\u00e3o<\/strong> com a flexibilidade de um <strong data-start=\"482\" data-end=\"504\">sistema de recarga aberto<\/strong>. Oferecendo at\u00e9 <strong data-start=\"521\" data-end=\"548\">40.000 puffs por dispositivo<\/strong>, reduz os custos de substitui\u00e7\u00e3o, garantindo que os clientes desfrutem de uma satisfa\u00e7\u00e3o prolongada. <span id=\"3\" class=\"notranslate immersive-translate-target-wrapper\" lang=\"zh-CN\" translate=\"no\" data-immersive-translate-loading-id=\"\">\u00a0 <\/span><\/p>\n<p>O seu <strong data-start=\"646\" data-end=\"670\">ecr\u00e3 digital inteligente<\/strong> mant\u00e9m os utilizadores atualizados sobre a contagem de puffs, o estado da bateria e os n\u00edveis de e-l\u00edquido, enquanto o <strong data-start=\"753\" data-end=\"771\">resist\u00eancia de malha dupla<\/strong> garante um vapor rico e saboroso a cada puxada. Com <strong data-start=\"827\" data-end=\"849\">fluxo de ar ajust\u00e1vel<\/strong> e <strong data-start=\"854\" data-end=\"885\">dois modos de pot\u00eancia (12W<\/strong>, os vapers podem personalizar a sua experi\u00eancia, desde puffs suaves di\u00e1rios a nuvens poderosas. <span id=\"4\" class=\"notranslate immersive-translate-target-wrapper\" lang=\"zh-CN\" translate=\"no\" data-immersive-translate-loading-id=\"\">\u00a0 <\/span><\/p>\n<p>Alimentado por uma <strong data-start=\"990\" data-end=\"1040\">bateria recarreg\u00e1vel com carregamento r\u00e1pido Type-C<\/strong>, o Bang 40K n\u00e3o \u00e9 apenas ecol\u00f3gico, mas tamb\u00e9m econ\u00f3mico. Perfeito para <strong data-start=\"1117\" data-end=\"1132\">encomendas em grandes quantidades<\/strong>, este vape descart\u00e1vel recarreg\u00e1vel \u00e9 um investimento inteligente para retalhistas e distribuidores em toda a Europa.<span id=\"5\" class=\"notranslate immersive-translate-target-wrapper\" lang=\"zh-CN\" translate=\"no\" data-immersive-translate-loading-id=\"\">\u00a0 <\/span><\/p>\n<p><span style=\"color: #ff0000;\"><strong>Adicione o Whatsapp da Amy e obtenha uma resposta r\u00e1pida e um cup\u00e3o de vape!<\/strong><\/span><\/p>\n<p><img fetchpriority=\"high\" decoding=\"async\" class=\"size-full wp-image-2932\" src=\"https:\/\/vapestornado.com\/wp-content\/uploads\/2024\/12\/Vape-Wholesale.jpg\" alt=\"Vape Atacado\" width=\"229\" height=\"300\" \/><\/p>\n<h3><a href=\"https:\/\/wa.me\/8617776015835\" target=\"_blank\" rel=\"noopener\"><span style=\"color: #ff0000;\"><strong>WhatsApp: +86 17776015835<\/strong><\/span><\/a><\/h3>\n<p>&nbsp;<\/p>\n<h2 class=\"product-title\">Vape Descart\u00e1vel Bang 40000<strong>\u00a0Caracter\u00edsticas do Produto<\/strong><\/h2>\n<div role=\"article\" data-tabster=\"{&quot;groupper&quot;:{&quot;tabbability&quot;:2},&quot;focusable&quot;:{}}\" data-content=\"ai-message\" aria-labelledby=\"juhNTJ6o7Gk1cgwZMJgv2-author juhNTJ6o7Gk1cgwZMJgv2-content\">\n<div id=\"juhNTJ6o7Gk1cgwZMJgv2-content\">\n<div role=\"article\" data-tabster=\"{&quot;groupper&quot;:{&quot;tabbability&quot;:2},&quot;focusable&quot;:{}}\" data-content=\"ai-message\" aria-labelledby=\"x4EZuCZWrTbh3weWUt7CU-author x4EZuCZWrTbh3weWUt7CU-content\">\n<div id=\"x4EZuCZWrTbh3weWUt7CU-content\">\n<div class=\"flex max-w-full flex-col flex-grow\">\n<div class=\"min-h-8 text-message flex w-full flex-col items-end gap-2 whitespace-normal break-words text-start [.text-message+&amp;]:mt-5\" dir=\"auto\" data-message-author-role=\"assistant\" data-message-id=\"52c6e00a-252f-4104-805d-2f1a84739c71\" data-message-model-slug=\"gpt-4o\">\n<div class=\"flex w-full flex-col gap-1 empty:hidden first:pt-[3px]\">\n<div class=\"markdown prose w-full break-words dark:prose-invert light\">\n<div class=\"flex max-w-full flex-col flex-grow\">\n<div class=\"min-h-8 text-message flex w-full flex-col items-end gap-2 whitespace-normal break-words text-start [.text-message+&amp;]:mt-5\" dir=\"auto\" data-message-author-role=\"assistant\" data-message-id=\"d3382d71-de90-4719-8ad8-700b383ac952\" data-message-model-slug=\"gpt-4o\">\n<div class=\"flex w-full flex-col gap-1 empty:hidden first:pt-[3px]\">\n<div class=\"markdown prose w-full break-words dark:prose-invert light\">\n<ul>\n<li><strong>Sopros<\/strong>: 40,000<\/li>\n<li><strong>Capacidade do L\u00edquido<\/strong>: 10ml<\/li>\n<li><strong>Ecr\u00e3 Inteligente<\/strong>: Mostra a contagem de baforadas, bateria e o n\u00edvel do l\u00edquido.<\/li>\n<li><strong>Bobina de Malha Dupla<\/strong>: Sabor rico e produ\u00e7\u00e3o de vapor suave.<\/li>\n<li><strong>Bateria<\/strong>: 650mAh, recarreg\u00e1vel com porta Tipo-C.<\/li>\n<li><strong>Recursos de Seguran\u00e7a<\/strong>: Bloqueio para crian\u00e7as para maior seguran\u00e7a.<\/li>\n<\/ul>\n<p>&nbsp;<\/p>\n<\/div>\n<\/div>\n<\/div>\n<\/div>\n<div class=\"mb-2 flex gap-3 empty:hidden -ml-2\">\n<div class=\"items-center justify-start rounded-xl p-1 flex\"><\/div>\n<\/div>\n<\/div>\n<\/div>\n<\/div>\n<\/div>\n<\/div>\n<\/div>\n<\/div>\n<\/div>\n<h2 class=\"product-title\"><strong>Sabor Popular para Bang\u00a0<\/strong><strong>Vape\u00a0<\/strong><strong>40000<\/strong><\/h2>\n<p>Saboreie uma sele\u00e7\u00e3o diversificada de <strong>11 sabores deliciosos<\/strong>, desde misturas frutadas a geladas, garantindo que cada vaper encontre a sua combina\u00e7\u00e3o perfeita. Encontre os sabores populares para Bang King 25000 Puffs Vape Descart\u00e1vel Recarreg\u00e1vel de acordo com os nossos dados de vendas e feedback dos clientes.<\/p>\n<p>1. Melancia Gelada<\/p>\n<p>2.Morango Manga<span style=\"color: #ff0000;\"><strong>&gt;&gt;&gt;&gt; Quente !<\/strong><\/span><\/p>\n<p>3. Melancia Morango<\/p>\n<p>4.Uva Gelo<\/p>\n<p>5.P\u00eassego Manga Melancia<span style=\"color: #ff0000;\"><strong>&gt;&gt;&gt;&gt; Quente !<\/strong><\/span><\/p>\n<p>6. Framboesa de Mirtilo <span style=\"color: #ff0000;\"><strong>&gt;&gt;&gt;&gt; O melhor !<\/strong><\/span><\/p>\n<p>7.Mirtilo Gelo<\/p>\n<p>8.Morango Banana<\/p>\n<p>9.Mirtilo Melancia<\/p>\n<p>10. Red Bull<\/p>\n<p>11.Morango Kiwi<\/p>\n<div class=\"flex-shrink-0 flex flex-col relative items-end\">\n<div class=\"pt-0\">\n<div class=\"gizmo-bot-avatar flex h-8 w-8 items-center justify-center overflow-hidden rounded-full\">\n<div class=\"relative p-1 rounded-sm flex items-center justify-center bg-token-main-surface-primary text-token-text-primary h-8 w-8\">\n<figure id=\"attachment_3551\" aria-describedby=\"caption-attachment-3551\" style=\"width: 1024px\" class=\"wp-caption alignnone\"><img decoding=\"async\" class=\"wp-image-3551 size-large\" src=\"https:\/\/vapestornado.com\/wp-content\/uploads\/2024\/12\/Bang-Vape-40000-Puffs-Disposable-Vape-1024x576.webp\" alt=\"Vaporizador Descart\u00e1vel Bang Vape 40000 Puffs\" width=\"1024\" height=\"576\" srcset=\"https:\/\/vapestornado.com\/wp-content\/uploads\/2024\/12\/Bang-Vape-40000-Puffs-Disposable-Vape-1024x576.webp 1024w, https:\/\/vapestornado.com\/wp-content\/uploads\/2024\/12\/Bang-Vape-40000-Puffs-Disposable-Vape-300x169.webp 300w, https:\/\/vapestornado.com\/wp-content\/uploads\/2024\/12\/Bang-Vape-40000-Puffs-Disposable-Vape-768x432.webp 768w, https:\/\/vapestornado.com\/wp-content\/uploads\/2024\/12\/Bang-Vape-40000-Puffs-Disposable-Vape-1536x864.webp 1536w, https:\/\/vapestornado.com\/wp-content\/uploads\/2024\/12\/Bang-Vape-40000-Puffs-Disposable-Vape-2048x1152.webp 2048w, https:\/\/vapestornado.com\/wp-content\/uploads\/2024\/12\/Bang-Vape-40000-Puffs-Disposable-Vape-600x338.webp 600w\" sizes=\"(max-width: 1024px) 100vw, 1024px\" \/><figcaption id=\"caption-attachment-3551\" class=\"wp-caption-text\">Vaporizador Descart\u00e1vel Bang Vape 40000 Puffs<\/figcaption><\/figure>\n<h3>Perguntas Frequentes sobre os Vaporizadores Descart\u00e1veis Bang 40k<\/h3>\n<h4><\/h4>\n<ol>\n<li><strong>Como recarrego o vaporizador Bang 40000?<\/strong><br \/>\nAbra a porta de recarga, encha com o seu e-l\u00edquido preferido e feche-a de forma segura.<\/li>\n<li><strong>O que torna o Bang 40000 ecol\u00f3gico?<\/strong><br \/>\nO seu design recarreg\u00e1vel reduz o desperd\u00edcio, tornando-o mais sustent\u00e1vel do que os vapes descart\u00e1veis tradicionais.<\/li>\n<li><strong>O Bang 40000 permite ajustar a pot\u00eancia?<\/strong><br \/>\nSim! Alterne entre <strong>12W para uso regular<\/strong> e <strong>24W para uma vaporiza\u00e7\u00e3o mais intensa<\/strong>.<\/li>\n<li><strong>Posso usar e-l\u00edquidos sem nicotina com este dispositivo?<\/strong><br \/>\nClaro! O design aberto e recarreg\u00e1vel permite usar e-l\u00edquidos com <strong>0%, 2%, 3% ou 5% de nicotina<\/strong>.<\/li>\n<li><strong>Onde posso comprar o Bang 40000 a pre\u00e7o de atacado?<\/strong><br \/>\nVisite <strong>vapestornado loja de vape online<\/strong> para as melhores ofertas no <strong>Vape Descart\u00e1vel Recarreg\u00e1vel Bang 40000<\/strong>.<\/li>\n<\/ol>\n<div class=\"flex max-w-full flex-col flex-grow\">\n<div class=\"min-h-8 text-message flex w-full flex-col items-end gap-2 whitespace-normal break-words text-start [.text-message+&amp;]:mt-5\" dir=\"auto\" data-message-author-role=\"assistant\" data-message-id=\"4dc48248-df95-45bd-b800-6dedb43cf7f1\" data-message-model-slug=\"gpt-4o\">\n<div class=\"flex w-full flex-col gap-1 empty:hidden first:pt-[3px]\">\n<div class=\"markdown prose w-full break-words dark:prose-invert light\">\n<p>&nbsp;<\/p>\n<\/div>\n<\/div>\n<\/div>\n<\/div>\n<\/div>\n<\/div>\n<\/div>\n<\/div>\n<div class=\"flex-shrink-0 flex flex-col relative items-end\">\n<div class=\"pt-0\">\n<div class=\"gizmo-bot-avatar flex h-8 w-8 items-center justify-center overflow-hidden rounded-full\">\n<div class=\"relative p-1 rounded-sm flex items-center justify-center bg-token-main-surface-primary text-token-text-primary h-8 w-8\">\n<div class=\"mb-2 flex gap-3 empty:hidden -ml-2\">\n<div role=\"article\" data-tabster=\"{&quot;groupper&quot;:{&quot;tabbability&quot;:2},&quot;focusable&quot;:{}}\" data-content=\"ai-message\" aria-labelledby=\"Vdt5ez4X7Tg813x6rFVha-author Vdt5ez4X7Tg813x6rFVha-content\">\n<div id=\"Vdt5ez4X7Tg813x6rFVha-content\">\n<div role=\"article\" data-tabster=\"{&quot;groupper&quot;:{&quot;tabbability&quot;:2},&quot;focusable&quot;:{}}\" data-content=\"ai-message\" aria-labelledby=\"o968oC7CEo2fGHsGdsRYC-author o968oC7CEo2fGHsGdsRYC-content\">\n<div id=\"o968oC7CEo2fGHsGdsRYC-content\">\n<h3>Por que escolher vapestornado para Atacado de Vapes Descart\u00e1veis Bang 40000?<\/h3>\n<div class=\"flex-shrink-0 flex flex-col relative items-end\">\n<div class=\"pt-0\">\n<div class=\"gizmo-bot-avatar flex h-8 w-8 items-center justify-center overflow-hidden rounded-full\">\n<div class=\"relative p-1 rounded-sm flex items-center justify-center bg-token-main-surface-primary text-token-text-primary h-8 w-8\">\n<p>Bem-vindo \u00e0 vapestornado, a sua loja de vape online de confian\u00e7a para vapes descart\u00e1veis premium. Com mais de 5 anos de experi\u00eancia, trazemos-lhe marcas populares de vapes descart\u00e1veis, como Fumot RandM Vape, <a href=\"https:\/\/vapestornado.com\/pt\/product-category\/vapme-shisha\/\">Vapme<\/a>, Bang Vape, Waspe Vape e WGA Vape, etc.<\/p>\n<p>A nossa gama inclui vapes de venda quente como o <a href=\"https:\/\/vapestornado.com\/pt\/product\/randm-12000-puffs-fumot-digital-disposable-vape-wholesale-price\/\">RandM Tornado 12000<\/a>, e op\u00e7\u00f5es ricas em sabor como o <a href=\"https:\/\/vapestornado.com\/pt\/product\/wga-crystal-pro-max-extra-15000-puffs-rechargeable-disposable-vape-wholesale-bulk-buy\/\">\u00a0Cristal WGA 15k Puffs<\/a> Cada produto \u00e9 selecionado com foco na qualidade, valor e variedade, garantindo que encontre a combina\u00e7\u00e3o perfeita para as suas necessidades. Descubra um servi\u00e7o excecional e uma vasta gama de produtos de topo com pre\u00e7o de atacado na vapestornado.<\/p>\n<\/div>\n<p>&nbsp;<\/p>\n<p><strong>Outros Vapes Descart\u00e1veis Mais Vendidos<\/strong><\/p>\n<p><a href=\"https:\/\/vapestornado.com\/pt\/product\/bang-box-20000-puffs-0-2-5-low-nicotine-rechargeable-digital-display-disposable-vape-pen-wholesale-bulk-buy\/\">Vape Bang 20000 Baforadas <span style=\"color: #ff0000;\"><strong>&gt;&gt;&gt;&gt; Ir !<\/strong><\/span><\/a><\/p>\n<p><a href=\"https:\/\/vapestornado.com\/pt\/product\/vapsolo-triple-30000-puffs-3-flavors-in-1-rechargeable-disposable-vapes-pen-bulk-buy-wholesale\/\">Vapsolo Triplo 30000 <span style=\"color: #ff0000;\"><strong>&gt;&gt;&gt;&gt; Ir !<\/strong><\/span><\/a><\/p>\n<p><a href=\"https:\/\/vapestornado.com\/pt\/product\/bood-twins-46000-puff-double-flavour-low-nicotine-disposable-vape-wholesale-bulk-buy-price\/\">Bood Twins 46000<span style=\"color: #ff0000;\"><strong>&gt;&gt;&gt;&gt; Ir !<\/strong><\/span><\/a><\/p>\n<\/div>\n<\/div>\n<\/div>\n<p>&nbsp;<\/p>\n<\/div>\n<\/div>\n<\/div>\n<\/div>\n<\/div>\n<\/div>\n<\/div>\n<\/div>\n<\/div>","protected":false},"excerpt":{"rendered":"<p>O <strong data-start=\"1240\" data-end=\"1268\">Bang 40K Vape Recarreg\u00e1vel<\/strong> oferece 40.000 puffs, ecr\u00e3 inteligente, bobinas de malha dupla e flexibilidade de recarga \u2014 ideal para <strong data-start=\"1354\" data-end=\"1378\">vendas por grosso em grandes quantidades<\/strong>.<br \/>\nVape Descart\u00e1vel Recarreg\u00e1vel Bang Vape 40000 Puffs Venda a Retalho<\/p>\n<p><strong>Adicione o WhatsApp da Amy para uma resposta r\u00e1pida e cup\u00e3o de vape!<\/strong><\/p>\n<p><img fetchpriority=\"high\" decoding=\"async\" class=\"size-full wp-image-2932\" src=\"https:\/\/vapestornado.com\/wp-content\/uploads\/2024\/12\/Vape-Wholesale.jpg\" alt=\"Vape Atacado\" width=\"229\" height=\"300\" \/><\/p>\n<h3><a href=\"https:\/\/wa.me\/8617776015835\"><span style=\"color: #ff0000;\"><strong>WhatsApp: +86 17776015835<\/strong><\/span><\/a><\/h3>\n<p>&nbsp;<\/p>","protected":false},"featured_media":3553,"comment_status":"open","ping_status":"closed","template":"","meta":{"_acf_changed":false,"_uag_custom_page_level_css":"","_lmt_disableupdate":"no","_lmt_disable":"","_monsterinsights_skip_tracking":false,"_monsterinsights_sitenote_active":false,"_monsterinsights_sitenote_note":"","_monsterinsights_sitenote_category":0,"site-sidebar-layout":"default","site-content-layout":"","ast-site-content-layout":"default","site-content-style":"default","site-sidebar-style":"default","ast-global-header-display":"","ast-banner-title-visibility":"","ast-main-header-display":"","ast-hfb-above-header-display":"","ast-hfb-below-header-display":"","ast-hfb-mobile-header-display":"","site-post-title":"","ast-breadcrumbs-content":"","ast-featured-img":"","footer-sml-layout":"","ast-disable-related-posts":"","theme-transparent-header-meta":"default","adv-header-id-meta":"","stick-header-meta":"","header-above-stick-meta":"","header-main-stick-meta":"","header-below-stick-meta":"","astra-migrate-meta-layouts":"set","ast-page-background-enabled":"default","ast-page-background-meta":{"desktop":{"background-color":"","background-image":"","background-repeat":"repeat","background-position":"center center","background-size":"auto","background-attachment":"scroll","background-type":"","background-media":"","overlay-type":"","overlay-color":"","overlay-opacity":"","overlay-gradient":""},"tablet":{"background-color":"","background-image":"","background-repeat":"repeat","background-position":"center center","background-size":"auto","background-attachment":"scroll","background-type":"","background-media":"","overlay-type":"","overlay-color":"","overlay-opacity":"","overlay-gradient":""},"mobile":{"background-color":"","background-image":"","background-repeat":"repeat","background-position":"center center","background-size":"auto","background-attachment":"scroll","background-type":"","background-media":"","overlay-type":"","overlay-color":"","overlay-opacity":"","overlay-gradient":""}},"ast-content-background-meta":{"desktop":{"background-color":"var(--ast-global-color-5)","background-image":"","background-repeat":"repeat","background-position":"center center","background-size":"auto","background-attachment":"scroll","background-type":"","background-media":"","overlay-type":"","overlay-color":"","overlay-opacity":"","overlay-gradient":""},"tablet":{"background-color":"var(--ast-global-color-5)","background-image":"","background-repeat":"repeat","background-position":"center center","background-size":"auto","background-attachment":"scroll","background-type":"","background-media":"","overlay-type":"","overlay-color":"","overlay-opacity":"","overlay-gradient":""},"mobile":{"background-color":"var(--ast-global-color-5)","background-image":"","background-repeat":"repeat","background-position":"center center","background-size":"auto","background-attachment":"scroll","background-type":"","background-media":"","overlay-type":"","overlay-color":"","overlay-opacity":"","overlay-gradient":""}},"_joinchat":{"telephone":"+8617776015835"}},"product_brand":[],"product_cat":[140,65,150,152,158,142,146],"product_tag":[196,212,165,105,97,166,94,213],"class_list":{"0":"post-3418","1":"product","2":"type-product","3":"status-publish","4":"has-post-thumbnail","6":"product_cat-big-puffs-disposable-vapes","7":"product_cat-40000-puff","8":"product_cat-buy-disposable-vapes-in-belgium","9":"product_cat-buy-disposable-vapes-in-cermany","10":"product_cat-buy-disposable-vapes-in-spain","11":"product_cat-digital-box-disposable-vapes","12":"product_cat-rechargeable-disposable-vapes","13":"product_tag-bang-vape","14":"product_tag-bang-vape-40000","15":"product_tag-cheap-vapes","16":"product_tag-digital-disposable-vape","17":"product_tag-hot-sale-disposable-vape","18":"product_tag-low-nicotine-vape","19":"product_tag-rechargeable-disposable-vape","20":"product_tag-refillable-disposable-vape","21":"desktop-align-left","22":"tablet-align-left","23":"mobile-align-left","25":"first","26":"instock","27":"sale","28":"shipping-taxable","29":"purchasable","30":"product-type-simple"},"acf":[],"uagb_featured_image_src":{"full":["https:\/\/vapestornado.com\/wp-content\/uploads\/2024\/12\/PUFF-40K-40000-LED-Display-Disposable-Vape.webp",1000,1000,false],"thumbnail":["https:\/\/vapestornado.com\/wp-content\/uploads\/2024\/12\/PUFF-40K-40000-LED-Display-Disposable-Vape-150x150.webp",150,150,true],"medium":["https:\/\/vapestornado.com\/wp-content\/uploads\/2024\/12\/PUFF-40K-40000-LED-Display-Disposable-Vape-300x300.webp",300,300,true],"medium_large":["https:\/\/vapestornado.com\/wp-content\/uploads\/2024\/12\/PUFF-40K-40000-LED-Display-Disposable-Vape-768x768.webp",768,768,true],"large":["https:\/\/vapestornado.com\/wp-content\/uploads\/2024\/12\/PUFF-40K-40000-LED-Display-Disposable-Vape.webp",1000,1000,false],"1536x1536":["https:\/\/vapestornado.com\/wp-content\/uploads\/2024\/12\/PUFF-40K-40000-LED-Display-Disposable-Vape.webp",1000,1000,false],"2048x2048":["https:\/\/vapestornado.com\/wp-content\/uploads\/2024\/12\/PUFF-40K-40000-LED-Display-Disposable-Vape.webp",1000,1000,false],"trp-custom-language-flag":["https:\/\/vapestornado.com\/wp-content\/uploads\/2024\/12\/PUFF-40K-40000-LED-Display-Disposable-Vape.webp",12,12,false],"woocommerce_thumbnail":["https:\/\/vapestornado.com\/wp-content\/uploads\/2024\/12\/PUFF-40K-40000-LED-Display-Disposable-Vape-300x300.webp",300,300,true],"woocommerce_single":["https:\/\/vapestornado.com\/wp-content\/uploads\/2024\/12\/PUFF-40K-40000-LED-Display-Disposable-Vape-600x600.webp",600,600,true],"woocommerce_gallery_thumbnail":["https:\/\/vapestornado.com\/wp-content\/uploads\/2024\/12\/PUFF-40K-40000-LED-Display-Disposable-Vape-100x100.webp",100,100,true]},"uagb_author_info":{"display_name":"ESAMY","author_link":"https:\/\/vapestornado.com\/pt\/author\/"},"uagb_comment_info":0,"uagb_excerpt":"The Bang 40K Refillable Vape offers 40,000 puffs, smart screen, dual mesh coils, and refill flexibility\u2014ideal for wholesale bulk sales. Bang Vape 40000 Puffs\u00a0Rechargeable Disposable Vape Wholesale Add Amy's whatsapp get right reply and vape coupon! WhatsApp: +86 17776015835 &nbsp;","_links":{"self":[{"href":"https:\/\/vapestornado.com\/pt\/wp-json\/wp\/v2\/product\/3418","targetHints":{"allow":["GET"]}}],"collection":[{"href":"https:\/\/vapestornado.com\/pt\/wp-json\/wp\/v2\/product"}],"about":[{"href":"https:\/\/vapestornado.com\/pt\/wp-json\/wp\/v2\/types\/product"}],"replies":[{"embeddable":true,"href":"https:\/\/vapestornado.com\/pt\/wp-json\/wp\/v2\/comments?post=3418"}],"wp:featuredmedia":[{"embeddable":true,"href":"https:\/\/vapestornado.com\/pt\/wp-json\/wp\/v2\/media\/3553"}],"wp:attachment":[{"href":"https:\/\/vapestornado.com\/pt\/wp-json\/wp\/v2\/media?parent=3418"}],"wp:term":[{"taxonomy":"product_brand","embeddable":true,"href":"https:\/\/vapestornado.com\/pt\/wp-json\/wp\/v2\/product_brand?post=3418"},{"taxonomy":"product_cat","embeddable":true,"href":"https:\/\/vapestornado.com\/pt\/wp-json\/wp\/v2\/product_cat?post=3418"},{"taxonomy":"product_tag","embeddable":true,"href":"https:\/\/vapestornado.com\/pt\/wp-json\/wp\/v2\/product_tag?post=3418"}],"curies":[{"name":"wp","href":"https:\/\/api.w.org\/{rel}","templated":true}]}}