{"id":3386,"date":"2024-12-26T06:35:55","date_gmt":"2024-12-26T06:35:55","guid":{"rendered":"https:\/\/vapestornado.com\/?post_type=product&#038;p=3386"},"modified":"2025-08-23T08:57:06","modified_gmt":"2025-08-23T08:57:06","slug":"bood-30k-puffs-geek-bar-cheap-price-rechargeable-vape","status":"publish","type":"product","link":"https:\/\/vapestornado.com\/pt\/product\/bood-30k-puffs-geek-bar-cheap-price-rechargeable-vape\/","title":{"rendered":"BOOD 30k Puffs Geek Bar Pre\u00e7o Baixo Vape Recarreg\u00e1vel"},"content":{"rendered":"<h1>BOOD INFINITY 30k Puffs Geek Bar Vape Recarreg\u00e1vel Pre\u00e7o Barato<\/h1>\n<p>&nbsp;<\/p>\n<div role=\"article\" data-tabster=\"{&quot;groupper&quot;:{&quot;tabbability&quot;:2},&quot;focusable&quot;:{}}\" data-content=\"ai-message\" aria-labelledby=\"64JRvXrTnY7mRmPkEQLLT-author 64JRvXrTnY7mRmPkEQLLT-content\">\n<div id=\"64JRvXrTnY7mRmPkEQLLT-content\">\n<p data-start=\"300\" data-end=\"543\">O <strong data-start=\"304\" data-end=\"358\">BOOD INFINITY 30000 Puffs Geek Bar Vaporizador Descart\u00e1vel<\/strong> combina capacidade, estilo e desempenho num \u00fanico dispositivo potente. Com at\u00e9 <strong data-start=\"436\" data-end=\"452\">30.000 puffs<\/strong> e <strong data-start=\"459\" data-end=\"490\">bateria recarreg\u00e1vel de 650mAh<\/strong>, garante uma utiliza\u00e7\u00e3o duradoura, reduzindo o desperd\u00edcio.<\/p>\n<p data-start=\"545\" data-end=\"844\">Equipado com um <strong data-start=\"562\" data-end=\"600\">E-l\u00edquido<\/strong>, os utilizadores podem verificar os n\u00edveis da bateria e do e-l\u00edquido em tempo real para uma experi\u00eancia sem complica\u00e7\u00f5es. O <strong data-start=\"693\" data-end=\"718\">sistema de bobina de malha dupla<\/strong> melhora a densidade do vapor e a consist\u00eancia do sabor, enquanto o <strong data-start=\"776\" data-end=\"798\">fluxo de ar ajust\u00e1vel<\/strong> permite que cada utilizador personalize a sua inala\u00e7\u00e3o.<\/p>\n<p data-start=\"846\" data-end=\"1065\">Compacto e dur\u00e1vel, o <strong data-start=\"871\" data-end=\"908\">BOOD INFINITY 30K Vaporizador Descart\u00e1vel<\/strong> oferece nuvens suaves e sabor rico, tornando-o uma escolha pr\u00e1tica para grossistas, retalhistas e utilizadores individuais que procuram vaporizadores fi\u00e1veis de alta capacidade.<\/p>\n<\/div>\n<\/div>\n<p><img fetchpriority=\"high\" decoding=\"async\" class=\"alignleft wp-image-2951 size-medium\" src=\"https:\/\/vapestornado.com\/wp-content\/uploads\/2024\/12\/Wholesale-Disposable-Vape-265x300.jpg\" alt=\"Vape Descart\u00e1vel por Grosso\" width=\"265\" height=\"300\" srcset=\"https:\/\/vapestornado.com\/wp-content\/uploads\/2024\/12\/Wholesale-Disposable-Vape-265x300.jpg 265w, https:\/\/vapestornado.com\/wp-content\/uploads\/2024\/12\/Wholesale-Disposable-Vape-768x871.jpg 768w, https:\/\/vapestornado.com\/wp-content\/uploads\/2024\/12\/Wholesale-Disposable-Vape-600x680.jpg 600w, https:\/\/vapestornado.com\/wp-content\/uploads\/2024\/12\/Wholesale-Disposable-Vape.jpg 823w\" sizes=\"(max-width: 265px) 100vw, 265px\" \/><\/p>\n<h6>Por favor, contacte o WhatsApp da Mandy para pre\u00e7o com desconto:<a href=\"https:\/\/wa.me\/8618077105796\" target=\"_blank\" rel=\"noopener\">+8618077105796<\/a><\/h6>\n<div class=\"flex max-w-full flex-col flex-grow\">\n<div class=\"min-h-8 text-message flex w-full flex-col items-end gap-2 whitespace-normal break-words text-start [.text-message+&amp;]:mt-5\" dir=\"auto\" data-message-author-role=\"assistant\" data-message-id=\"cdb991c0-f594-4bff-b2d5-fbbdd7ce9e54\" data-message-model-slug=\"gpt-4o-mini\">\n<div class=\"flex w-full flex-col gap-1 empty:hidden first:pt-[3px]\">\n<div class=\"markdown prose w-full break-words dark:prose-invert light\"><\/div>\n<\/div>\n<\/div>\n<\/div>\n<div class=\"mb-2 flex gap-3 empty:hidden -ml-2\">\n<h2><strong>Especifica\u00e7\u00f5es do Vape BOOD INFINITY 30K PUFF Hot<\/strong><\/h2>\n<ul>\n<li><strong>Enorme Capacidade de 30K Baforadas<\/strong>: Projetado para sess\u00f5es de vaporiza\u00e7\u00e3o prolongadas, oferecendo at\u00e9 30.000 baforadas para uma experi\u00eancia verdadeiramente duradoura.<\/li>\n<li><strong>E-l\u00edquido<\/strong>: Possui um ecr\u00e3 integrado para acompanhar os n\u00edveis de e-l\u00edquido e a vida \u00fatil da bateria, garantindo um uso cont\u00ednuo e sem interrup\u00e7\u00f5es.<\/li>\n<li><strong>Tecnologia Avan\u00e7ada de Bobina de Malha Dupla<\/strong>: Oferece intensidade de sabor aprimorada, produ\u00e7\u00e3o de vapor suave e um golpe na garganta satisfat\u00f3rio a cada baforada.<\/li>\n<li><strong>Design Recarreg\u00e1vel com Compatibilidade USB<\/strong>: Constru\u00eddo com um sistema recarreg\u00e1vel ecol\u00f3gico, eliminando a necessidade de substitui\u00e7\u00f5es frequentes.<\/li>\n<li><strong>Bateria de Alta Capacidade de 650mAh<\/strong>: Oferece pot\u00eancia fi\u00e1vel e consistente, combinada com carregamento r\u00e1pido para m\u00e1xima conveni\u00eancia.<\/li>\n<\/ul>\n<\/div>\n<h2>Comprar em Lote vape bood 30k Puffs Lista de Sabores:<\/h2>\n<p>1 MORANGO MELANCIA<br \/>\n2 MANGA P\u00caSSEGO ABACAXI<br \/>\n3 GELO EXUBERANTE<br \/>\n4 EXPLOS\u00c3O DE FRUTOS SILVESTRES<br \/>\n5 MORANGO KIWI<br \/>\n6 HAVA\u00cd<br \/>\n7 BLUE RAZZ ICE<br \/>\n8 LIMONADA DE MIRTILO<br \/>\n9 GELO PRETO<br \/>\n10 TIFFANY<\/p>\n<div role=\"article\" data-tabster=\"{&quot;groupper&quot;:{&quot;tabbability&quot;:2},&quot;focusable&quot;:{}}\" data-content=\"ai-message\" aria-labelledby=\"dARUyEWDoEYhnSPXFwx5A-author dARUyEWDoEYhnSPXFwx5A-content\">\n<div id=\"dARUyEWDoEYhnSPXFwx5A-content\">\n<h3>Por que Escolher o BOOD INFINITY 30K Puffs em vapestornado.com?<\/h3>\n<p>O BOOD INFINITY 30K Puffs destaca-se como um divisor de \u00e1guas no mundo da vaporiza\u00e7\u00e3o, e vapestornado.com \u00e9 o seu destino ideal para aproveitar todo o seu potencial. Aqui est\u00e3o os motivos:<\/p>\n<ol>\n<li><strong>Enorme Capacidade de Pufadas:<\/strong> Com uma incr\u00edvel <strong>vida \u00fatil de 30.000 baforadas<\/strong>, o BOOD INFINITY foi concebido para uma utiliza\u00e7\u00e3o prolongada, o que reduz a necessidade de substitui\u00e7\u00f5es frequentes e oferece um valor excecional.<\/li>\n<li><strong>Tecnologia Avan\u00e7ada:<\/strong> Apresentando uma <strong>Bobina de Malha Dupla<\/strong>, este dispositivo garante uma produ\u00e7\u00e3o de vapor densa e sabores ricos e consistentes, melhorando cada baforada para uma experi\u00eancia de vaporiza\u00e7\u00e3o de primeira qualidade.<\/li>\n<li><strong>Monitoriza\u00e7\u00e3o Inteligente:<\/strong> O <strong>O e-l\u00edquido<\/strong> fornece atualiza\u00e7\u00f5es em tempo real sobre os n\u00edveis de e-l\u00edquido e o estado da bateria, garantindo que est\u00e1 sempre no controlo do seu vape.<\/li>\n<li><strong>Experi\u00eancia Personaliz\u00e1vel:<\/strong> Com um <strong>sistema de fluxo de ar ajust\u00e1vel<\/strong>, pode adaptar o seu estilo de vaporiza\u00e7\u00e3o \u00e0s suas prefer\u00eancias, quer prefira um trago mais apertado ou um fluxo de ar mais aberto.<\/li>\n<li><strong>Design Ecol\u00f3gico:<\/strong> Equipado com uma <strong>bateria recarreg\u00e1vel de 650mAh<\/strong>, o BOOD INFINITY apoia pr\u00e1ticas de vaporiza\u00e7\u00e3o sustent\u00e1veis, minimizando o desperd\u00edcio.<\/li>\n<li><strong>Pre\u00e7os Competitivos:<\/strong> Em vapestornado.com, oferecemos este dispositivo de alto desempenho a um <strong>pre\u00e7o barato<\/strong>, garantindo que obt\u00e9m uma qualidade superior sem sobrecarregar o seu or\u00e7amento.<\/li>\n<li><strong>Envio R\u00e1pido e Fi\u00e1vel:<\/strong> Todas as encomendas s\u00e3o enviadas de forma r\u00e1pida e segura, com op\u00e7\u00f5es de entrega para satisfazer as suas necessidades.<\/li>\n<\/ol>\n<p>A vapestornado.com est\u00e1 empenhada em fornecer produtos de vaporiza\u00e7\u00e3o de primeira qualidade e um servi\u00e7o excecional ao cliente. Compre hoje e descubra porque \u00e9 que o BOOD INFINITY 30K Puffs \u00e9 a escolha perfeita para uma experi\u00eancia de vaporiza\u00e7\u00e3o duradoura, cheia de funcionalidades e acess\u00edvel!<\/p>\n<\/div>\n<\/div>\n<h3>Perguntas Frequentes sobre o BOOD INFINITY 30k Puffs<\/h3>\n<p><strong>1. Quanto tempo dura o BOOD INFINITY 30K Puffs?<\/strong><br \/>\nO BOOD INFINITY foi concebido para proporcionar at\u00e9 30.000 puffs, tornando-o uma excelente escolha para uso a longo prazo sem substitui\u00e7\u00f5es frequentes. O tempo de utiliza\u00e7\u00e3o real pode variar com base nos h\u00e1bitos de vaporiza\u00e7\u00e3o individuais.<\/p>\n<p><strong>2. O bood vapes 30000 puffs requer carregamento?<\/strong><br \/>\nSim, o BOOD INFINITY possui uma bateria recarreg\u00e1vel <strong>bateria de 650mAh<\/strong> para garantir um desempenho consistente. Basta usar um cabo de carregamento compat\u00edvel para recarregar o dispositivo quando necess\u00e1rio.<\/p>\n<p><strong>3. O que torna o BOOD INFINITY 30k Puffs \u00fanico em compara\u00e7\u00e3o com outros vapes descart\u00e1veis?<\/strong><br \/>\nEste vape destaca-se devido ao seu <strong>O e-l\u00edquido<\/strong>, que permite aos utilizadores monitorizar facilmente os n\u00edveis de e-l\u00edquido e a vida \u00fatil da bateria. Adicionalmente, a sua <strong>Tecnologia de Bobina Dupla Mesh<\/strong> garante um vapor mais suave e sabores ricos a cada puff.<\/p>\n<p>4.<strong>Quanto tempo demora a receber a minha encomenda e de onde \u00e9 enviada?<\/strong><br \/>\nA produ\u00e7\u00e3o do BOOD INFINITY requer <strong>3-5 dias \u00fateis<\/strong>, e ap\u00f3s o envio, a entrega da encomenda demora <strong>10-15 dias \u00fateis<\/strong> . Todos os produtos s\u00e3o enviados diretamente da <strong>China<\/strong>.<\/p>\n<p>outros vaporizadores que poder\u00e1 gostar:<a href=\"https:\/\/vapestornado.com\/pt\/product-category\/bood-disposable-vapes\/\">BOOD VAPE DESCART\u00c1VEL<\/a>\u00a0 \u00a0<a href=\"https:\/\/vapestornado.com\/pt\/product-category\/30000-puff\/\">Vaporizador de 30000 Puffs, promo\u00e7\u00e3o\u00a0<\/a><\/p>","protected":false},"excerpt":{"rendered":"<p>BOOD 30k Puffs Geek Bar Vape: Vape recarreg\u00e1vel e acess\u00edvel com 30.000 baforadas. Compre j\u00e1 a qualidade premium ao melhor pre\u00e7o!<\/p>\n<figure id=\"attachment_2951\" aria-describedby=\"caption-attachment-2951\" style=\"width: 265px\" class=\"wp-caption alignnone\"><img decoding=\"async\" class=\"size-medium wp-image-2951\" src=\"https:\/\/vapestornado.com\/wp-content\/uploads\/2024\/12\/Wholesale-Disposable-Vape-265x300.jpg\" alt=\"Vape Descart\u00e1vel por Grosso\" width=\"265\" height=\"300\" srcset=\"https:\/\/vapestornado.com\/wp-content\/uploads\/2024\/12\/Wholesale-Disposable-Vape-265x300.jpg 265w, https:\/\/vapestornado.com\/wp-content\/uploads\/2024\/12\/Wholesale-Disposable-Vape-768x871.jpg 768w, https:\/\/vapestornado.com\/wp-content\/uploads\/2024\/12\/Wholesale-Disposable-Vape-600x680.jpg 600w, https:\/\/vapestornado.com\/wp-content\/uploads\/2024\/12\/Wholesale-Disposable-Vape.jpg 823w\" sizes=\"(max-width: 265px) 100vw, 265px\" \/><figcaption id=\"caption-attachment-2951\" class=\"wp-caption-text\">Por favor, contacte o WhatsApp da Mandy para pre\u00e7o com desconto\u00a0 <a href=\"https:\/\/wa.me\/8618077105796\">+8618077105796<\/a><\/figcaption><\/figure>\n<p>&nbsp;<\/p>","protected":false},"featured_media":3495,"comment_status":"open","ping_status":"closed","template":"","meta":{"_acf_changed":false,"_uag_custom_page_level_css":"","_lmt_disableupdate":"no","_lmt_disable":"","_monsterinsights_skip_tracking":false,"_monsterinsights_sitenote_active":false,"_monsterinsights_sitenote_note":"","_monsterinsights_sitenote_category":0,"site-sidebar-layout":"default","site-content-layout":"","ast-site-content-layout":"default","site-content-style":"default","site-sidebar-style":"default","ast-global-header-display":"","ast-banner-title-visibility":"","ast-main-header-display":"","ast-hfb-above-header-display":"","ast-hfb-below-header-display":"","ast-hfb-mobile-header-display":"","site-post-title":"","ast-breadcrumbs-content":"","ast-featured-img":"","footer-sml-layout":"","ast-disable-related-posts":"","theme-transparent-header-meta":"default","adv-header-id-meta":"","stick-header-meta":"","header-above-stick-meta":"","header-main-stick-meta":"","header-below-stick-meta":"","astra-migrate-meta-layouts":"set","ast-page-background-enabled":"default","ast-page-background-meta":{"desktop":{"background-color":"","background-image":"","background-repeat":"repeat","background-position":"center center","background-size":"auto","background-attachment":"scroll","background-type":"","background-media":"","overlay-type":"","overlay-color":"","overlay-opacity":"","overlay-gradient":""},"tablet":{"background-color":"","background-image":"","background-repeat":"repeat","background-position":"center center","background-size":"auto","background-attachment":"scroll","background-type":"","background-media":"","overlay-type":"","overlay-color":"","overlay-opacity":"","overlay-gradient":""},"mobile":{"background-color":"","background-image":"","background-repeat":"repeat","background-position":"center center","background-size":"auto","background-attachment":"scroll","background-type":"","background-media":"","overlay-type":"","overlay-color":"","overlay-opacity":"","overlay-gradient":""}},"ast-content-background-meta":{"desktop":{"background-color":"var(--ast-global-color-5)","background-image":"","background-repeat":"repeat","background-position":"center center","background-size":"auto","background-attachment":"scroll","background-type":"","background-media":"","overlay-type":"","overlay-color":"","overlay-opacity":"","overlay-gradient":""},"tablet":{"background-color":"var(--ast-global-color-5)","background-image":"","background-repeat":"repeat","background-position":"center center","background-size":"auto","background-attachment":"scroll","background-type":"","background-media":"","overlay-type":"","overlay-color":"","overlay-opacity":"","overlay-gradient":""},"mobile":{"background-color":"var(--ast-global-color-5)","background-image":"","background-repeat":"repeat","background-position":"center center","background-size":"auto","background-attachment":"scroll","background-type":"","background-media":"","overlay-type":"","overlay-color":"","overlay-opacity":"","overlay-gradient":""}},"_joinchat":{"telephone":"+8618077105796"}},"product_brand":[],"product_cat":[67,64,140,193,149,150,151,152,153,154,155,156,157,158,58],"product_tag":[209,97],"class_list":{"0":"post-3386","1":"product","2":"type-product","3":"status-publish","4":"has-post-thumbnail","6":"product_cat-30000-puff","7":"product_cat-bangbox-vape","8":"product_cat-big-puffs-disposable-vapes","9":"product_cat-bood-disposable-vapes","10":"product_cat-buy-disposable-vapes-in-austria","11":"product_cat-buy-disposable-vapes-in-belgium","12":"product_cat-buy-disposable-vapes-in-france","13":"product_cat-buy-disposable-vapes-in-cermany","14":"product_cat-buy-disposable-vapes-in-italy","15":"product_cat-buy-disposable-vapes-in-netherlands","16":"product_cat-buy-disposable-vapes-in-norway","17":"product_cat-buy-disposable-vapes-in-poland","18":"product_cat-buy-disposable-vapes-in-portugal","19":"product_cat-buy-disposable-vapes-in-spain","20":"product_cat-fumot-vape","21":"product_tag-bood-infinity-30k-puffs","22":"product_tag-hot-sale-disposable-vape","23":"desktop-align-left","24":"tablet-align-left","25":"mobile-align-left","27":"first","28":"instock","29":"sale","30":"shipping-taxable","31":"purchasable","32":"product-type-simple"},"acf":[],"uagb_featured_image_src":{"full":["https:\/\/vapestornado.com\/wp-content\/uploads\/2024\/12\/bood-infinity-30k-blue-razz-ice-cheap-price.jpg",800,800,false],"thumbnail":["https:\/\/vapestornado.com\/wp-content\/uploads\/2024\/12\/bood-infinity-30k-blue-razz-ice-cheap-price-150x150.jpg",150,150,true],"medium":["https:\/\/vapestornado.com\/wp-content\/uploads\/2024\/12\/bood-infinity-30k-blue-razz-ice-cheap-price-300x300.jpg",300,300,true],"medium_large":["https:\/\/vapestornado.com\/wp-content\/uploads\/2024\/12\/bood-infinity-30k-blue-razz-ice-cheap-price-768x768.jpg",768,768,true],"large":["https:\/\/vapestornado.com\/wp-content\/uploads\/2024\/12\/bood-infinity-30k-blue-razz-ice-cheap-price.jpg",800,800,false],"1536x1536":["https:\/\/vapestornado.com\/wp-content\/uploads\/2024\/12\/bood-infinity-30k-blue-razz-ice-cheap-price.jpg",800,800,false],"2048x2048":["https:\/\/vapestornado.com\/wp-content\/uploads\/2024\/12\/bood-infinity-30k-blue-razz-ice-cheap-price.jpg",800,800,false],"trp-custom-language-flag":["https:\/\/vapestornado.com\/wp-content\/uploads\/2024\/12\/bood-infinity-30k-blue-razz-ice-cheap-price.jpg",12,12,false],"woocommerce_thumbnail":["https:\/\/vapestornado.com\/wp-content\/uploads\/2024\/12\/bood-infinity-30k-blue-razz-ice-cheap-price-300x300.jpg",300,300,true],"woocommerce_single":["https:\/\/vapestornado.com\/wp-content\/uploads\/2024\/12\/bood-infinity-30k-blue-razz-ice-cheap-price-600x600.jpg",600,600,true],"woocommerce_gallery_thumbnail":["https:\/\/vapestornado.com\/wp-content\/uploads\/2024\/12\/bood-infinity-30k-blue-razz-ice-cheap-price-100x100.jpg",100,100,true]},"uagb_author_info":{"display_name":"ESMANDY","author_link":"https:\/\/vapestornado.com\/pt\/author\/"},"uagb_comment_info":0,"uagb_excerpt":"BOOD 30k Puffs Geek Bar Vape: Rechargeable, affordable vape with 30,000 puffs. Shop now for premium quality at the best price! [caption id=\"attachment_2951\" align=\"alignnone\" width=\"265\"] Pls Contact Mandy's WhatsApp For Discount Price\u00a0 +8618077105796[\/caption] &nbsp;","_links":{"self":[{"href":"https:\/\/vapestornado.com\/pt\/wp-json\/wp\/v2\/product\/3386","targetHints":{"allow":["GET"]}}],"collection":[{"href":"https:\/\/vapestornado.com\/pt\/wp-json\/wp\/v2\/product"}],"about":[{"href":"https:\/\/vapestornado.com\/pt\/wp-json\/wp\/v2\/types\/product"}],"replies":[{"embeddable":true,"href":"https:\/\/vapestornado.com\/pt\/wp-json\/wp\/v2\/comments?post=3386"}],"wp:featuredmedia":[{"embeddable":true,"href":"https:\/\/vapestornado.com\/pt\/wp-json\/wp\/v2\/media\/3495"}],"wp:attachment":[{"href":"https:\/\/vapestornado.com\/pt\/wp-json\/wp\/v2\/media?parent=3386"}],"wp:term":[{"taxonomy":"product_brand","embeddable":true,"href":"https:\/\/vapestornado.com\/pt\/wp-json\/wp\/v2\/product_brand?post=3386"},{"taxonomy":"product_cat","embeddable":true,"href":"https:\/\/vapestornado.com\/pt\/wp-json\/wp\/v2\/product_cat?post=3386"},{"taxonomy":"product_tag","embeddable":true,"href":"https:\/\/vapestornado.com\/pt\/wp-json\/wp\/v2\/product_tag?post=3386"}],"curies":[{"name":"wp","href":"https:\/\/api.w.org\/{rel}","templated":true}]}}