{"id":3385,"date":"2024-12-26T03:09:17","date_gmt":"2024-12-26T03:09:17","guid":{"rendered":"https:\/\/vapestornado.com\/?post_type=product&#038;p=3385"},"modified":"2025-08-23T11:12:32","modified_gmt":"2025-08-23T11:12:32","slug":"wga-crystal-plus-20000-puff-vape-2-in-1-rechargeable-disposable-vape-wholesale-bulk-buy","status":"publish","type":"product","link":"https:\/\/vapestornado.com\/pt\/product\/wga-crystal-plus-20000-puff-vape-2-in-1-rechargeable-disposable-vape-wholesale-bulk-buy\/","title":{"rendered":"WGA Crystal Plus 20000 Puff Vape 2 em 1 Recarreg\u00e1vel Vape Descart\u00e1vel Comprar por Grosso"},"content":{"rendered":"<h1 class=\"product-title\">WGA Crystal Plus 20000 Puff Vape 2 em 1 Recarreg\u00e1vel Vape Descart\u00e1vel Comprar por Grosso<\/h1>\n<p data-start=\"239\" data-end=\"582\">O <strong data-start=\"243\" data-end=\"275\">WGA Crystal Plus 20000 Puffs<\/strong> \u00e9 uma op\u00e7\u00e3o pr\u00e1tica 2 em 1 para <strong data-start=\"309\" data-end=\"360\">retalhistas, distribuidores e compradores a granel B2B da UE<\/strong> que desejam variedade sem manter SKUs extras. Cada dispositivo oferece at\u00e9 <strong data-start=\"433\" data-end=\"449\">20.000 puffs<\/strong> e permite que os clientes <strong data-start=\"469\" data-end=\"511\">alternem entre dois sabores pr\u00e9\u2011cheios<\/strong> instantaneamente \u2014 ideal para lojas que servem perfis de sabor mistos num produto.<\/p>\n<p data-start=\"584\" data-end=\"988\">A <strong data-start=\"586\" data-end=\"616\">design recarreg\u00e1vel Tipo\u2011C<\/strong> ajuda a garantir que o pod seja totalmente utilizado, reduzindo o desperd\u00edcio de e\u2011l\u00edquido e devolu\u00e7\u00f5es. O corpo de cristal \u00e9 compacto para expositores de balc\u00e3o e transporte no bolso, enquanto a sa\u00edda de sabor limpa suporta vendas repetidas em canais de conveni\u00eancia e especialidades de vape. <strong data-start=\"850\" data-end=\"881\">M\u00faltiplas concentra\u00e7\u00f5es de nicotina<\/strong> (a disponibilidade varia consoante o mercado) tornam a linha adequada tanto para utilizadores ocasionais como para utilizadores regulares em toda a Europa.<\/p>\n<p data-start=\"990\" data-end=\"1021\"><strong data-start=\"990\" data-end=\"1021\">Por que funciona para atacado:<\/strong><\/p>\n<ul data-start=\"1022\" data-end=\"1325\">\n<li data-start=\"1022\" data-end=\"1079\">\n<p data-start=\"1024\" data-end=\"1079\"><strong data-start=\"1024\" data-end=\"1037\">20K baforadas<\/strong> por unidade para ciclos de venda mais longos<\/p>\n<\/li>\n<li data-start=\"1080\" data-end=\"1157\">\n<p data-start=\"1082\" data-end=\"1157\"><strong data-start=\"1082\" data-end=\"1105\">Sabor duplo 2 em 1<\/strong> comuta\u00e7\u00e3o = apelo mais amplo, menos variantes para estocar<\/p>\n<\/li>\n<li data-start=\"1158\" data-end=\"1238\">\n<p data-start=\"1160\" data-end=\"1238\"><strong data-start=\"1160\" data-end=\"1187\">Recarreg\u00e1vel via Tipo\u2011C<\/strong> para melhor utiliza\u00e7\u00e3o e satisfa\u00e7\u00e3o do cliente<\/p>\n<\/li>\n<li data-start=\"1239\" data-end=\"1325\">\n<p data-start=\"1241\" data-end=\"1325\"><strong data-start=\"1241\" data-end=\"1284\">Embalagem adequada para grandes quantidades<\/strong>, direcionado a retalhistas e distribuidores da UE<\/p>\n<\/li>\n<\/ul>\n<p><span style=\"color: #ff0000;\"><strong>Adicione o Whatsapp da Amy e obtenha uma resposta r\u00e1pida e um cup\u00e3o de vape!<\/strong><\/span><\/p>\n<p><img fetchpriority=\"high\" decoding=\"async\" class=\"size-full wp-image-2932\" src=\"https:\/\/vapestornado.com\/wp-content\/uploads\/2024\/12\/Vape-Wholesale.jpg\" alt=\"Vape Atacado\" width=\"229\" height=\"300\" \/><\/p>\n<h3><a href=\"https:\/\/wa.me\/8617776015835\" target=\"_blank\" rel=\"noopener\"><span style=\"color: #ff0000;\"><strong>WhatsApp: +86 17776015835<\/strong><\/span><\/a><\/h3>\n<p>&nbsp;<\/p>\n<h2 class=\"product-title\">WGA Crystal Plus 20000 Vape Descart\u00e1vel<strong> Caracter\u00edsticas do Produto<\/strong><\/h2>\n<div role=\"article\" data-tabster=\"{&quot;groupper&quot;:{&quot;tabbability&quot;:2},&quot;focusable&quot;:{}}\" data-content=\"ai-message\" aria-labelledby=\"juhNTJ6o7Gk1cgwZMJgv2-author juhNTJ6o7Gk1cgwZMJgv2-content\">\n<div id=\"juhNTJ6o7Gk1cgwZMJgv2-content\">\n<div role=\"article\" data-tabster=\"{&quot;groupper&quot;:{&quot;tabbability&quot;:2},&quot;focusable&quot;:{}}\" data-content=\"ai-message\" aria-labelledby=\"x4EZuCZWrTbh3weWUt7CU-author x4EZuCZWrTbh3weWUt7CU-content\">\n<div id=\"x4EZuCZWrTbh3weWUt7CU-content\">\n<div class=\"flex max-w-full flex-col flex-grow\">\n<div class=\"min-h-8 text-message flex w-full flex-col items-end gap-2 whitespace-normal break-words text-start [.text-message+&amp;]:mt-5\" dir=\"auto\" data-message-author-role=\"assistant\" data-message-id=\"52c6e00a-252f-4104-805d-2f1a84739c71\" data-message-model-slug=\"gpt-4o\">\n<div class=\"flex w-full flex-col gap-1 empty:hidden first:pt-[3px]\">\n<div class=\"markdown prose w-full break-words dark:prose-invert light\">\n<h4><\/h4>\n<h4><strong>Capacidade de Puff Incompar\u00e1vel<\/strong><\/h4>\n<p>Com <strong>20.000 puffs<\/strong>, o Crystal Plus garante um uso duradouro, tornando-o um companheiro confi\u00e1vel para sess\u00f5es de vaping prolongadas.<\/p>\n<h4><strong>Visor LCD N\u00edtido<\/strong><\/h4>\n<p>O dispositivo apresenta um <strong>ecr\u00e3 LCD cristalino<\/strong> que o mant\u00e9m informado sobre o estado da bateria e os n\u00edveis de e-l\u00edquido, eliminando as suposi\u00e7\u00f5es.<\/p>\n<h4><strong>Bateria Recarreg\u00e1vel de 650mAh<\/strong><\/h4>\n<p>Alimentado por uma <strong>bateria recarreg\u00e1vel de 650mAh<\/strong>, este vape foi concebido para durabilidade e conveni\u00eancia. A <strong>porta de carregamento USB Type-C<\/strong> garante um carregamento r\u00e1pido e eficiente, para que possa passar mais tempo a vaporizar e menos tempo \u00e0 espera.<\/p>\n<h4><strong>Tecnologia de Bobina de Malha Dupla<\/strong><\/h4>\n<p>Equipado com avan\u00e7ado <strong>bobinas de malha dupla<\/strong>, o Crystal Plus oferece um vapor suave e consistente e um sabor rico a cada inspira\u00e7\u00e3o. Esta tecnologia melhora a efici\u00eancia do e-l\u00edquido e garante uma experi\u00eancia de vaporiza\u00e7\u00e3o Mouth-to-Lung (MTL) satisfat\u00f3ria.<\/p>\n<h4><strong>18 Sabores Requintados<\/strong><\/h4>\n<p>Escolha entre uma variedade de <strong>18 sabores cuidadosamente elaborados<\/strong>, cada um concebido para deliciar as suas papilas gustativas. De frutado a mentolado e muito mais, h\u00e1 algo para todos os paladares.<\/p>\n<h4><strong>Embalado para Conveni\u00eancia<\/strong><\/h4>\n<p>Dispon\u00edvel em <strong>Embalagens a granel de 10 unidades<\/strong>, o WGA Crystal Plus \u00e9 uma excelente escolha para grossistas, retalhistas ou qualquer pessoa que pretenda abastecer-se de um vape descart\u00e1vel de alto desempenho.<\/p>\n<\/div>\n<\/div>\n<\/div>\n<\/div>\n<div class=\"mb-2 flex gap-3 empty:hidden -ml-2\">\n<p>&nbsp;<\/p>\n<\/div>\n<\/div>\n<\/div>\n<\/div>\n<\/div>\n<h2 class=\"product-title\"><strong>Sabor Popular para Vapes Descart\u00e1veis WGA Crystal Plus 20000 Puffs<\/strong><\/h2>\n<p>1. CEREJA AZUL RAZZ\/CEREJA EFERVESCENTE<br \/>\n2. GOMA AZUL RAZZ\/FRAMBOESA AZUL\u00a0 <span style=\"color: #ff0000;\"><strong>&gt;&gt;&gt;&gt; Quente !<\/strong><\/span><br \/>\n3. LIMONADA AZUL RAZZ\/COLA LIM\u00c3O<br \/>\n4. MENTA FRESCA\/MENTOL DUPLO<br \/>\n5. URSINHO DE GOMA\/SKITTLES <span style=\"color: #ff0000;\"><strong>&gt;&gt;&gt;&gt; O melhor !<\/strong><\/span><br \/>\n6. HEISENBERG\/PINK MAN<br \/>\n7. LIM\u00c3O<br \/>\n8. GELO DE ANAN\u00c1S\/ANAN\u00c1S, P\u00caSSEGO E MANGA<br \/>\n9. ANAN\u00c1S E LIM\u00c3O\/GELO DE UVA<br \/>\n10. SONHO DE VER\u00c3O\/GELO DE COLA DE CEREJA<br \/>\n11. GELADO DE MORANGO\/MORANGO E BANANA<br \/>\n12. GELO DE MORANGO E FRAMBOESA\/ARANDO, CEREJA E OXICR\u00c2NIO <span style=\"color: #ff0000;\"><strong>&gt;&gt;&gt;&gt; Quente !<\/strong><\/span><br \/>\n13. MANGA TRIPLA\/KIWI, MARACUJ\u00c1 E GOIABA<br \/>\n14. GELO DE MELANCIA\/MA\u00c7\u00c3 DUPLA<br \/>\n15. MELANCIA HUBBA BUBBA\/MIRTILO HUBBA BUBBA<br \/>\n16. BANANA ICE\/GOIABA ICE<br \/>\n17. MIRTILO ICE\/MORANGO ICE <span style=\"color: #ff0000;\"><strong>&gt;&gt;&gt;&gt; Quente !<\/strong><\/span><br \/>\n18. GELADO DE MIRTILO\/GELADO DE MORANGO<br \/>\n19. CEREJA ICE\/LARANJA ICE<br \/>\n20. P\u00caSSEGO SUCULENTO\/P\u00caSSEGO MA\u00c7\u00c3 ICE <span style=\"color: #ff0000;\"><strong>&gt;&gt;&gt;&gt; Quente !<\/strong><\/span><\/p>\n<div class=\"flex-shrink-0 flex flex-col relative items-end\">\n<div class=\"pt-0\">\n<div class=\"gizmo-bot-avatar flex h-8 w-8 items-center justify-center overflow-hidden rounded-full\">\n<div class=\"relative p-1 rounded-sm flex items-center justify-center bg-token-main-surface-primary text-token-text-primary h-8 w-8\">\n<figure id=\"attachment_3374\" aria-describedby=\"caption-attachment-3374\" style=\"width: 1000px\" class=\"wp-caption alignnone\"><img decoding=\"async\" class=\"wp-image-3374 size-full\" src=\"https:\/\/vapestornado.com\/wp-content\/uploads\/2024\/12\/WGA-Crystal-20K-Puffs-Disposable-Vape-Bulk-Buy.jpg\" alt=\"Compra em Bulk de Vape Descart\u00e1vel WGA Crystal 20K Puffs\" width=\"1000\" height=\"520\" srcset=\"https:\/\/vapestornado.com\/wp-content\/uploads\/2024\/12\/WGA-Crystal-20K-Puffs-Disposable-Vape-Bulk-Buy.jpg 1000w, https:\/\/vapestornado.com\/wp-content\/uploads\/2024\/12\/WGA-Crystal-20K-Puffs-Disposable-Vape-Bulk-Buy-300x156.jpg 300w, https:\/\/vapestornado.com\/wp-content\/uploads\/2024\/12\/WGA-Crystal-20K-Puffs-Disposable-Vape-Bulk-Buy-768x399.jpg 768w, https:\/\/vapestornado.com\/wp-content\/uploads\/2024\/12\/WGA-Crystal-20K-Puffs-Disposable-Vape-Bulk-Buy-600x312.jpg 600w\" sizes=\"(max-width: 1000px) 100vw, 1000px\" \/><figcaption id=\"caption-attachment-3374\" class=\"wp-caption-text\">Compra em Bulk de Vape Descart\u00e1vel WGA Crystal 20K Puffs<\/figcaption><\/figure>\n<h2>FAQs para o Vape Descart\u00e1vel WGA Crystal Plus 20000<\/h2>\n<div class=\"flex max-w-full flex-col flex-grow\">\n<div class=\"min-h-8 text-message flex w-full flex-col items-end gap-2 whitespace-normal break-words text-start [.text-message+&amp;]:mt-5\" dir=\"auto\" data-message-author-role=\"assistant\" data-message-id=\"4dc48248-df95-45bd-b800-6dedb43cf7f1\" data-message-model-slug=\"gpt-4o\">\n<div class=\"flex w-full flex-col gap-1 empty:hidden first:pt-[3px]\">\n<div class=\"markdown prose w-full break-words dark:prose-invert light\">\n<h3><\/h3>\n<ol>\n<li><strong>O que torna o WGA Crystal Plus 20000 Puffs \u00fanico?<\/strong><br \/>\nO <strong>WGA Crystal Plus 20000 Puffs<\/strong> apresenta um <strong>sistema de sabor duplo<\/strong>, permitindo que alterne entre dois sabores pr\u00e9-cheios num \u00fanico dispositivo, oferecendo versatilidade e conveni\u00eancia incompar\u00e1veis.<\/li>\n<li><strong>Como verifico os n\u00edveis da bateria e do e-l\u00edquido no WGA Crystal Plus 20k?<\/strong><br \/>\nEste dispositivo inclui um <strong>ecr\u00e3 LCD cristalino<\/strong>, que mostra tanto a dura\u00e7\u00e3o da bateria quanto os n\u00edveis de e-l\u00edquido, garantindo que esteja sempre informado sobre o estado do seu vape.<\/li>\n<li><strong>Quais s\u00e3o os sabores dispon\u00edveis para o Vape de Sabor Duplo WGA Crystal 20000?<\/strong><br \/>\nExistem <strong>18 combina\u00e7\u00f5es de sabores emocionantes<\/strong>, tais como <strong>Framboesa Azul Cereja<\/strong> e <strong>Gelo de Melancia<\/strong>, atendendo a diversas prefer\u00eancias de sabor.<\/li>\n<li><strong>Posso recarregar o Vape Descart\u00e1vel WGA Crystal 20k Puff?<\/strong><br \/>\nSim, vem com um <strong>bateria recarreg\u00e1vel de 650mAh<\/strong> e <strong>porta de carregamento Tipo C<\/strong>, permitindo um carregamento r\u00e1pido e conveniente para uso prolongado.<\/li>\n<li><strong>O WGA Crystal Plus 20000 \u00e9 adequado para vaping Boca-a-Pulm\u00e3o (MTL)?<\/strong><br \/>\nAbsolutamente! O seu <strong>tecnologia de bobina de malha dupla<\/strong> garante uma produ\u00e7\u00e3o de vapor suave, tornando-o ideal para vapers MTL que apreciam hits controlados e saborosos.<\/li>\n<\/ol>\n<\/div>\n<\/div>\n<\/div>\n<\/div>\n<div class=\"mb-2 flex gap-3 empty:hidden -ml-2\">\n<div class=\"items-center justify-start rounded-xl p-1 flex\"><\/div>\n<\/div>\n<\/div>\n<\/div>\n<\/div>\n<\/div>\n<div class=\"flex-shrink-0 flex flex-col relative items-end\">\n<div class=\"pt-0\">\n<div class=\"gizmo-bot-avatar flex h-8 w-8 items-center justify-center overflow-hidden rounded-full\">\n<div class=\"relative p-1 rounded-sm flex items-center justify-center bg-token-main-surface-primary text-token-text-primary h-8 w-8\">\n<div class=\"mb-2 flex gap-3 empty:hidden -ml-2\">\n<div role=\"article\" data-tabster=\"{&quot;groupper&quot;:{&quot;tabbability&quot;:2},&quot;focusable&quot;:{}}\" data-content=\"ai-message\" aria-labelledby=\"Vdt5ez4X7Tg813x6rFVha-author Vdt5ez4X7Tg813x6rFVha-content\">\n<div id=\"Vdt5ez4X7Tg813x6rFVha-content\">\n<div role=\"article\" data-tabster=\"{&quot;groupper&quot;:{&quot;tabbability&quot;:2},&quot;focusable&quot;:{}}\" data-content=\"ai-message\" aria-labelledby=\"o968oC7CEo2fGHsGdsRYC-author o968oC7CEo2fGHsGdsRYC-content\">\n<div id=\"o968oC7CEo2fGHsGdsRYC-content\">\n<p>&nbsp;<\/p>\n<h2>Porqu\u00ea escolher a vapestornado para WGA Crystal 15000 Puffs Vape por grosso?<\/h2>\n<div class=\"flex-shrink-0 flex flex-col relative items-end\">\n<div class=\"pt-0\">\n<div class=\"gizmo-bot-avatar flex h-8 w-8 items-center justify-center overflow-hidden rounded-full\">\n<div class=\"relative p-1 rounded-sm flex items-center justify-center bg-token-main-surface-primary text-token-text-primary h-8 w-8\">\n<p>Bem-vindo \u00e0 vapestornado, a sua loja de vape online de confian\u00e7a para vapes descart\u00e1veis premium. Com mais de 5 anos de experi\u00eancia, trazemos-lhe marcas populares de vapes descart\u00e1veis, como Fumot RandM Vape, <a href=\"https:\/\/vapestornado.com\/pt\/product-category\/vapme-shisha\/\">Vapme<\/a>, Bang Vape, Waspe Vape e WGA Vape, etc.<\/p>\n<p>A nossa gama inclui vapes de venda quente como o <a href=\"https:\/\/vapestornado.com\/pt\/product\/randm-12000-puffs-fumot-digital-disposable-vape-wholesale-price\/\">RandM Tornado 12000<\/a>, e op\u00e7\u00f5es ricas em sabor como o <a href=\"https:\/\/vapestornado.com\/pt\/product\/wga-crystal-pro-max-extra-15000-puffs-rechargeable-disposable-vape-wholesale-bulk-buy\/\">\u00a0Cristal WGA 15k Puffs<\/a> Cada produto \u00e9 selecionado com foco na qualidade, valor e variedade, garantindo que encontre a combina\u00e7\u00e3o perfeita para as suas necessidades. Descubra um servi\u00e7o excecional e uma vasta gama de produtos de topo com pre\u00e7o de atacado na vapestornado.<\/p>\n<\/div>\n<p>&nbsp;<\/p>\n<p><strong>Outros Vapes Descart\u00e1veis Mais Vendidos<\/strong><\/p>\n<p><a href=\"https:\/\/vapestornado.com\/pt\/product\/bang-vape-35000-puffs-low-nicotine-bulk-buy-rechargeable-disposable-vapes-box-wholesale-price\/\">Bang Vape 35000 Puffs <span style=\"color: #ff0000;\"><strong>&gt;&gt;&gt;&gt; Ir !<\/strong><\/span><\/a><\/p>\n<p><a href=\"https:\/\/vapestornado.com\/pt\/product\/vopk-ultra-40000-puffs-2-in-1-digital-screen-rechargeable-disposable-vape\/\">VOPK 40000 Sabor Duplo<span style=\"color: #ff0000;\"><strong>&gt;&gt;&gt;&gt; Ir !<\/strong><\/span><\/a><\/p>\n<p><a href=\"https:\/\/vapestornado.com\/pt\/product\/bood-twins-46000-puff-double-flavour-low-nicotine-disposable-vape-wholesale-bulk-buy-price\/\">Bood Twins 46000<span style=\"color: #ff0000;\"><strong>&gt;&gt;&gt;&gt; Ir !<\/strong><\/span><\/a><\/p>\n<\/div>\n<\/div>\n<\/div>\n<p>&nbsp;<\/p>\n<\/div>\n<\/div>\n<\/div>\n<\/div>\n<\/div>\n<\/div>\n<\/div>\n<\/div>\n<\/div>","protected":false},"excerpt":{"rendered":"<p><strong data-start=\"1473\" data-end=\"1505\">WGA Crystal Plus 20000 Puffs<\/strong>\u2014a <strong data-start=\"1508\" data-end=\"1552\">2 em 1 com sabor duplo, recarreg\u00e1vel Tipo\u2011C<\/strong> descart\u00e1vel constru\u00eddo para <strong data-start=\"1574\" data-end=\"1606\">encomendas grossistas e a granel na UE<\/strong>. Alta capacidade, troca f\u00e1cil de sabor e embalagem favor\u00e1vel ao retalhista para vendas fortes e repet\u00edveis.<\/p>\n<p><strong>Adicione o WhatsApp da Amy para uma resposta r\u00e1pida e cup\u00e3o de vape!<\/strong><\/p>\n<p><img fetchpriority=\"high\" decoding=\"async\" class=\"size-full wp-image-2932\" src=\"https:\/\/vapestornado.com\/wp-content\/uploads\/2024\/12\/Vape-Wholesale.jpg\" alt=\"Vape Atacado\" width=\"229\" height=\"300\" \/><\/p>\n<h3><a href=\"https:\/\/wa.me\/8617776015835\"><span style=\"color: #ff0000;\"><strong>WhatsApp: +86 17776015835<\/strong><\/span><\/a><\/h3>\n<p>&nbsp;<\/p>","protected":false},"featured_media":3370,"comment_status":"open","ping_status":"closed","template":"","meta":{"_acf_changed":false,"_uag_custom_page_level_css":"","_lmt_disableupdate":"no","_lmt_disable":"","_monsterinsights_skip_tracking":false,"_monsterinsights_sitenote_active":false,"_monsterinsights_sitenote_note":"","_monsterinsights_sitenote_category":0,"site-sidebar-layout":"default","site-content-layout":"","ast-site-content-layout":"default","site-content-style":"default","site-sidebar-style":"default","ast-global-header-display":"","ast-banner-title-visibility":"","ast-main-header-display":"","ast-hfb-above-header-display":"","ast-hfb-below-header-display":"","ast-hfb-mobile-header-display":"","site-post-title":"","ast-breadcrumbs-content":"","ast-featured-img":"","footer-sml-layout":"","ast-disable-related-posts":"","theme-transparent-header-meta":"default","adv-header-id-meta":"","stick-header-meta":"","header-above-stick-meta":"","header-main-stick-meta":"","header-below-stick-meta":"","astra-migrate-meta-layouts":"set","ast-page-background-enabled":"default","ast-page-background-meta":{"desktop":{"background-color":"","background-image":"","background-repeat":"repeat","background-position":"center center","background-size":"auto","background-attachment":"scroll","background-type":"","background-media":"","overlay-type":"","overlay-color":"","overlay-opacity":"","overlay-gradient":""},"tablet":{"background-color":"","background-image":"","background-repeat":"repeat","background-position":"center center","background-size":"auto","background-attachment":"scroll","background-type":"","background-media":"","overlay-type":"","overlay-color":"","overlay-opacity":"","overlay-gradient":""},"mobile":{"background-color":"","background-image":"","background-repeat":"repeat","background-position":"center center","background-size":"auto","background-attachment":"scroll","background-type":"","background-media":"","overlay-type":"","overlay-color":"","overlay-opacity":"","overlay-gradient":""}},"ast-content-background-meta":{"desktop":{"background-color":"var(--ast-global-color-5)","background-image":"","background-repeat":"repeat","background-position":"center center","background-size":"auto","background-attachment":"scroll","background-type":"","background-media":"","overlay-type":"","overlay-color":"","overlay-opacity":"","overlay-gradient":""},"tablet":{"background-color":"var(--ast-global-color-5)","background-image":"","background-repeat":"repeat","background-position":"center center","background-size":"auto","background-attachment":"scroll","background-type":"","background-media":"","overlay-type":"","overlay-color":"","overlay-opacity":"","overlay-gradient":""},"mobile":{"background-color":"var(--ast-global-color-5)","background-image":"","background-repeat":"repeat","background-position":"center center","background-size":"auto","background-attachment":"scroll","background-type":"","background-media":"","overlay-type":"","overlay-color":"","overlay-opacity":"","overlay-gradient":""}},"_joinchat":{"telephone":"+8617776015835"}},"product_brand":[],"product_cat":[69,151,155,142,146,59],"product_tag":[165,105,97,166,94,205,206,204],"class_list":{"0":"post-3385","1":"product","2":"type-product","3":"status-publish","4":"has-post-thumbnail","6":"product_cat-20000-puff","7":"product_cat-buy-disposable-vapes-in-france","8":"product_cat-buy-disposable-vapes-in-norway","9":"product_cat-digital-box-disposable-vapes","10":"product_cat-rechargeable-disposable-vapes","11":"product_cat-wga-crystal-vape","12":"product_tag-cheap-vapes","13":"product_tag-digital-disposable-vape","14":"product_tag-hot-sale-disposable-vape","15":"product_tag-low-nicotine-vape","16":"product_tag-rechargeable-disposable-vape","17":"product_tag-wga-crystal-20k","18":"product_tag-wga-crystal-plus-20000","19":"product_tag-wga-vape","20":"desktop-align-left","21":"tablet-align-left","22":"mobile-align-left","24":"first","25":"instock","26":"sale","27":"shipping-taxable","28":"purchasable","29":"product-type-simple"},"acf":[],"uagb_featured_image_src":{"full":["https:\/\/vapestornado.com\/wp-content\/uploads\/2024\/12\/WGA-Crystal-Plus-20000-Disposable-Vape-Wholesale.jpg",1000,992,false],"thumbnail":["https:\/\/vapestornado.com\/wp-content\/uploads\/2024\/12\/WGA-Crystal-Plus-20000-Disposable-Vape-Wholesale-150x150.jpg",150,150,true],"medium":["https:\/\/vapestornado.com\/wp-content\/uploads\/2024\/12\/WGA-Crystal-Plus-20000-Disposable-Vape-Wholesale-300x298.jpg",300,298,true],"medium_large":["https:\/\/vapestornado.com\/wp-content\/uploads\/2024\/12\/WGA-Crystal-Plus-20000-Disposable-Vape-Wholesale-768x762.jpg",768,762,true],"large":["https:\/\/vapestornado.com\/wp-content\/uploads\/2024\/12\/WGA-Crystal-Plus-20000-Disposable-Vape-Wholesale.jpg",1000,992,false],"1536x1536":["https:\/\/vapestornado.com\/wp-content\/uploads\/2024\/12\/WGA-Crystal-Plus-20000-Disposable-Vape-Wholesale.jpg",1000,992,false],"2048x2048":["https:\/\/vapestornado.com\/wp-content\/uploads\/2024\/12\/WGA-Crystal-Plus-20000-Disposable-Vape-Wholesale.jpg",1000,992,false],"trp-custom-language-flag":["https:\/\/vapestornado.com\/wp-content\/uploads\/2024\/12\/WGA-Crystal-Plus-20000-Disposable-Vape-Wholesale.jpg",12,12,false],"woocommerce_thumbnail":["https:\/\/vapestornado.com\/wp-content\/uploads\/2024\/12\/WGA-Crystal-Plus-20000-Disposable-Vape-Wholesale-300x300.jpg",300,300,true],"woocommerce_single":["https:\/\/vapestornado.com\/wp-content\/uploads\/2024\/12\/WGA-Crystal-Plus-20000-Disposable-Vape-Wholesale-600x595.jpg",600,595,true],"woocommerce_gallery_thumbnail":["https:\/\/vapestornado.com\/wp-content\/uploads\/2024\/12\/WGA-Crystal-Plus-20000-Disposable-Vape-Wholesale-100x100.jpg",100,100,true]},"uagb_author_info":{"display_name":"ESAMY","author_link":"https:\/\/vapestornado.com\/pt\/author\/"},"uagb_comment_info":0,"uagb_excerpt":"WGA Crystal Plus 20000 Puffs\u2014a 2\u2011in\u20111 dual\u2011flavour, Type\u2011C rechargeable disposable built for EU wholesale and bulk orders. High capacity, easy flavour switch, and retailer\u2011friendly packaging for strong, repeatable sales. Add Amy's whatsapp get right reply and vape coupon! WhatsApp: +86 17776015835 &nbsp;","_links":{"self":[{"href":"https:\/\/vapestornado.com\/pt\/wp-json\/wp\/v2\/product\/3385","targetHints":{"allow":["GET"]}}],"collection":[{"href":"https:\/\/vapestornado.com\/pt\/wp-json\/wp\/v2\/product"}],"about":[{"href":"https:\/\/vapestornado.com\/pt\/wp-json\/wp\/v2\/types\/product"}],"replies":[{"embeddable":true,"href":"https:\/\/vapestornado.com\/pt\/wp-json\/wp\/v2\/comments?post=3385"}],"wp:featuredmedia":[{"embeddable":true,"href":"https:\/\/vapestornado.com\/pt\/wp-json\/wp\/v2\/media\/3370"}],"wp:attachment":[{"href":"https:\/\/vapestornado.com\/pt\/wp-json\/wp\/v2\/media?parent=3385"}],"wp:term":[{"taxonomy":"product_brand","embeddable":true,"href":"https:\/\/vapestornado.com\/pt\/wp-json\/wp\/v2\/product_brand?post=3385"},{"taxonomy":"product_cat","embeddable":true,"href":"https:\/\/vapestornado.com\/pt\/wp-json\/wp\/v2\/product_cat?post=3385"},{"taxonomy":"product_tag","embeddable":true,"href":"https:\/\/vapestornado.com\/pt\/wp-json\/wp\/v2\/product_tag?post=3385"}],"curies":[{"name":"wp","href":"https:\/\/api.w.org\/{rel}","templated":true}]}}