{"id":3383,"date":"2024-12-26T02:33:15","date_gmt":"2024-12-26T02:33:15","guid":{"rendered":"https:\/\/vapestornado.com\/?post_type=product&#038;p=3383"},"modified":"2025-12-09T09:06:34","modified_gmt":"2025-12-09T09:06:34","slug":"wga-crystal-pro-max-extra-15000-puffs-rechargeable-disposable-vape-wholesale-bulk-buy","status":"publish","type":"product","link":"https:\/\/vapestornado.com\/pt\/product\/wga-crystal-pro-max-extra-15000-puffs-rechargeable-disposable-vape-wholesale-bulk-buy\/","title":{"rendered":"WGA Crystal Pro Max Extra 15000 Puffs Recarreg\u00e1vel Vape Descart\u00e1vel Comprar por Grosso"},"content":{"rendered":"<h1 class=\"product-title\">Vaporizador Descart\u00e1vel WGA Crystal Pro Max Extra 15000 Puffs com Ecr\u00e3 e Suavidade da Resist\u00eancia de Malha<\/h1>\n<p>WGA Crystal Pro Max Extra 15000 Puffs \u00e9 um vaporizador descart\u00e1vel recarreg\u00e1vel de venda quente, vem com design de cristal, descart\u00e1vel recarreg\u00e1vel de 15000 puffs com estabilidade de sabor da resist\u00eancia de malha e carregamento r\u00e1pido Type-C, constru\u00eddo para vaporiza\u00e7\u00e3o di\u00e1ria suave de nicotina 2% e 5%.<\/p>\n<p data-start=\"904\" data-end=\"1140\"><strong data-start=\"904\" data-end=\"938\">Desempenho equilibrado de longa dura\u00e7\u00e3o.<\/strong> O <strong data-start=\"943\" data-end=\"1013\">Vaporizador descart\u00e1vel recarreg\u00e1vel WGA Crystal Pro Max Extra 15000 Puffs<\/strong> tem o tamanho ideal para utilizadores regulares que desejam um dispositivo que dure mais do que os descart\u00e1veis padr\u00e3o, sem se tornar volumoso no bolso.<\/p>\n<p data-start=\"1144\" data-end=\"1344\"><strong data-start=\"1144\" data-end=\"1181\">Consist\u00eancia da resist\u00eancia de malha que se nota.<\/strong> O <strong data-start=\"1186\" data-end=\"1236\">Descart\u00e1vel com resist\u00eancia de malha WGA 15K<\/strong> oferece aquecimento uniforme, o que significa passagens mais suaves e menos golpes fortes no final, \u00e0 medida que a contagem de puffs aumenta.<\/p>\n<p data-start=\"1348\" data-end=\"1566\"><strong data-start=\"1348\" data-end=\"1382\">Concentra\u00e7\u00e3o de nicotina adequada \u00e0 UE.<\/strong> Com um <strong data-start=\"1396\" data-end=\"1427\">vaporizador descart\u00e1vel de nicotina 2% e 5% fixo<\/strong> a configura\u00e7\u00e3o, o golpe permanece leve a moderado e previs\u00edvel - popular em mercados como <strong data-start=\"1510\" data-end=\"1565\">Alemanha, Pa\u00edses Baixos, Espanha, Fran\u00e7a e Pol\u00f3nia<\/strong>.<\/p>\n<p data-start=\"1570\" data-end=\"1784\"><strong data-start=\"1570\" data-end=\"1616\">Carregamento r\u00e1pido com compatibilidade di\u00e1ria.<\/strong> O <strong data-start=\"1621\" data-end=\"1676\">Type-C recarreg\u00e1vel WGA Crystal Pro Max Extra 15000<\/strong> mant\u00e9m o tempo de inatividade baixo usando cabos modernos da UE que j\u00e1 possui, tornando-o pr\u00e1tico para viagens ou longos dias de trabalho.<\/p>\n<p data-start=\"1788\" data-end=\"1988\"><strong data-start=\"1788\" data-end=\"1823\">Design limpo que se vende sozinho.<\/strong> O corpo em estilo de cristal d\u00e1 ao <strong data-start=\"1857\" data-end=\"1895\">WGA Crystal 15K vape<\/strong> uma apar\u00eancia premium que funciona bem em expositores de retalho e \u00e9 confort\u00e1vel na m\u00e3o para uso di\u00e1rio.<\/p>\n<p><span style=\"color: #ff0000;\"><strong>Adicione o Whatsapp da Amy e obtenha uma resposta r\u00e1pida e um cup\u00e3o de vape!<\/strong><\/span><\/p>\n<p><img fetchpriority=\"high\" decoding=\"async\" class=\"size-full wp-image-2932\" src=\"https:\/\/vapestornado.com\/wp-content\/uploads\/2024\/12\/Vape-Wholesale.jpg\" alt=\"Vape Atacado\" width=\"229\" height=\"300\" \/><\/p>\n<h3><a href=\"https:\/\/wa.me\/8617776015835\" target=\"_blank\" rel=\"noopener\"><span style=\"color: #ff0000;\"><strong>WhatsApp: +86 17776015835<\/strong><\/span><\/a><\/h3>\n<p>&nbsp;<\/p>\n<h2 class=\"product-title\">WGA Crystal 15k Vape Descart\u00e1vel<strong> Caracter\u00edsticas do Produto<\/strong><\/h2>\n<div role=\"article\" data-tabster=\"{&quot;groupper&quot;:{&quot;tabbability&quot;:2},&quot;focusable&quot;:{}}\" data-content=\"ai-message\" aria-labelledby=\"juhNTJ6o7Gk1cgwZMJgv2-author juhNTJ6o7Gk1cgwZMJgv2-content\">\n<div id=\"juhNTJ6o7Gk1cgwZMJgv2-content\">\n<div role=\"article\" data-tabster=\"{&quot;groupper&quot;:{&quot;tabbability&quot;:2},&quot;focusable&quot;:{}}\" data-content=\"ai-message\" aria-labelledby=\"x4EZuCZWrTbh3weWUt7CU-author x4EZuCZWrTbh3weWUt7CU-content\">\n<div id=\"x4EZuCZWrTbh3weWUt7CU-content\">\n<div class=\"flex max-w-full flex-col flex-grow\">\n<div class=\"min-h-8 text-message flex w-full flex-col items-end gap-2 whitespace-normal break-words text-start [.text-message+&amp;]:mt-5\" dir=\"auto\" data-message-author-role=\"assistant\" data-message-id=\"52c6e00a-252f-4104-805d-2f1a84739c71\" data-message-model-slug=\"gpt-4o\">\n<div class=\"flex w-full flex-col gap-1 empty:hidden first:pt-[3px]\">\n<div class=\"markdown prose w-full break-words dark:prose-invert light\"><\/div>\n<\/div>\n<\/div>\n<\/div>\n<div class=\"mb-2 flex gap-3 empty:hidden -ml-2\">\n<table>\n<thead>\n<tr>\n<th>Recurso<\/th>\n<th>Especifica\u00e7\u00f5es<\/th>\n<th>Detalhes<\/th>\n<\/tr>\n<\/thead>\n<tbody>\n<tr>\n<td>Nome do Produto<\/td>\n<td>WGA Crystal Pro Max Extra 15000<\/td>\n<td>Vape descart\u00e1vel recarreg\u00e1vel de alta qualidade.<\/td>\n<\/tr>\n<tr>\n<td>Capacidade de Puffs<\/td>\n<td>At\u00e9 15.000 baforadas<\/td>\n<td>Vida \u00fatil prolongada para uso di\u00e1rio regular.<\/td>\n<\/tr>\n<tr>\n<td>Tipo de bobina<\/td>\n<td>Bobina de malha<\/td>\n<td>Aquecimento uniforme para vapor suave e sabor est\u00e1vel.<\/td>\n<\/tr>\n<tr>\n<td>Concentra\u00e7\u00e3o de Nicotina<\/td>\n<td>Nicotine salt 2%<\/td>\n<td>Impacto de leve a moderado alinhado com a prefer\u00eancia da UE.<\/td>\n<\/tr>\n<tr>\n<td>Carregamento<\/td>\n<td>carregamento r\u00e1pido Type-C<\/td>\n<td>Recarregamento r\u00e1pido com cabos modernos comuns.<\/td>\n<\/tr>\n<tr>\n<td>Bateria<\/td>\n<td>Bateria recarreg\u00e1vel de longa dura\u00e7\u00e3o<\/td>\n<td>Projetado para suportar o uso completo do dispositivo; recarregue conforme necess\u00e1rio.<\/td>\n<\/tr>\n<tr>\n<td>Design do corpo<\/td>\n<td>Casca transparente estilo cristal<\/td>\n<td>Apar\u00eancia moderna e elegante; f\u00e1cil de transportar e exibir.<\/td>\n<\/tr>\n<tr>\n<td>Uso pretendido<\/td>\n<td>Descart\u00e1vel, de alta demanda no retalho\/atacado da UE<\/td>\n<td>Opera\u00e7\u00e3o simples com sensa\u00e7\u00e3o premium.<\/td>\n<\/tr>\n<\/tbody>\n<\/table>\n<\/div>\n<\/div>\n<\/div>\n<\/div>\n<\/div>\n<h2><\/h2>\n<h2 class=\"product-title\"><strong>Sabor Popular para WGA Crystal 15000 Puffs Descart\u00e1veis<\/strong><\/h2>\n<p>1. Melancia Gelada<span style=\"color: #ff0000;\"> <strong>&gt;&gt;&gt;&gt; Quente!<\/strong><\/span><br \/>\n2. Framboesa Mirtilo <span style=\"color: #ff0000;\"><strong>&gt;&gt;&gt;&gt; Quente!<\/strong><\/span><br \/>\n3. Cereja Efervescente<br \/>\n4. Urso de Goma<br \/>\n5. Lima-Lim\u00e3o<br \/>\n6. Gelo de Morango<br \/>\n7. Framboesa Azeda com Mirtilo <span style=\"color: #ff0000;\"><strong>&gt;&gt;&gt;&gt; Quente!<\/strong><\/span><br \/>\n8. Gelo de Framboesa Azul<br \/>\n9. Sr. Azul<br \/>\n10. Skittles<br \/>\n11. Mirtilo Cereja Arando<br \/>\n12. P\u00eassego Suculento<br \/>\n13. Gelo de Morango, Framboesa e Cereja <span style=\"color: #ff0000;\"><strong>&gt;&gt;&gt;&gt; O melhor!<\/strong><\/span><br \/>\n14. Hubba Bubba<br \/>\n15. Amora, Mirtilo e Framboesa<br \/>\n16. Gelado de Morango<br \/>\n17. Gelado de Mirtilo<br \/>\n18. Prime Morango Melancia<br \/>\n19. Pastilha El\u00e1stica de Morango e Cereja<br \/>\n20. Gelo de Framboesa e Cereja <span style=\"color: #ff0000;\"><strong>&gt;&gt;&gt;&gt; Quente!<\/strong><\/span><br \/>\n21. Gelo de Anan\u00e1s<br \/>\n22. Sonho de Ver\u00e3o<br \/>\n23.Wga Rosa<br \/>\n24.Menta Fresca<br \/>\n25.Ma\u00e7\u00e3 Dupla<br \/>\n26.Manga Tripla<br \/>\n27.Gelo de Drag\u00e3o Negro<br \/>\n28.Gelo de Cola<br \/>\n29.Anan\u00e1s Lim\u00e3o <span style=\"color: #ff0000;\"><strong>&gt;&gt;&gt;&gt; Quente!<\/strong><\/span><br \/>\n30.Sr. Black<br \/>\n31.Kiwi Maracuj\u00e1 Goiaba<\/p>\n<div class=\"flex-shrink-0 flex flex-col relative items-end\">\n<div class=\"pt-0\">\n<div class=\"gizmo-bot-avatar flex h-8 w-8 items-center justify-center overflow-hidden rounded-full\">\n<div class=\"relative p-1 rounded-sm flex items-center justify-center bg-token-main-surface-primary text-token-text-primary h-8 w-8\">\n<figure id=\"attachment_3375\" aria-describedby=\"caption-attachment-3375\" style=\"width: 1000px\" class=\"wp-caption alignnone\"><img decoding=\"async\" class=\"wp-image-3375 size-full\" src=\"https:\/\/vapestornado.com\/wp-content\/uploads\/2024\/12\/WGA-Crystal-15k-Disposable-Vape.jpg\" alt=\"WGA Crystal 15k Vape Descart\u00e1vel\" width=\"1000\" height=\"1000\" srcset=\"https:\/\/vapestornado.com\/wp-content\/uploads\/2024\/12\/WGA-Crystal-15k-Disposable-Vape.jpg 1000w, https:\/\/vapestornado.com\/wp-content\/uploads\/2024\/12\/WGA-Crystal-15k-Disposable-Vape-300x300.jpg 300w, https:\/\/vapestornado.com\/wp-content\/uploads\/2024\/12\/WGA-Crystal-15k-Disposable-Vape-150x150.jpg 150w, https:\/\/vapestornado.com\/wp-content\/uploads\/2024\/12\/WGA-Crystal-15k-Disposable-Vape-768x768.jpg 768w, https:\/\/vapestornado.com\/wp-content\/uploads\/2024\/12\/WGA-Crystal-15k-Disposable-Vape-600x600.jpg 600w, https:\/\/vapestornado.com\/wp-content\/uploads\/2024\/12\/WGA-Crystal-15k-Disposable-Vape-100x100.jpg 100w\" sizes=\"(max-width: 1000px) 100vw, 1000px\" \/><figcaption id=\"caption-attachment-3375\" class=\"wp-caption-text\">WGA Crystal 15k Vape Descart\u00e1vel<\/figcaption><\/figure>\n<h3>Perguntas Frequentes sobre o Vape Descart\u00e1vel WGA Crystal 15000<\/h3>\n<ol data-start=\"2830\" data-end=\"4028\">\n<li data-start=\"2830\" data-end=\"3071\">\n<p data-start=\"2833\" data-end=\"3071\"><strong data-start=\"2833\" data-end=\"2923\">Como o coil de malha do WGA Crystal Pro Max Extra 15000 puffs afeta o sabor ao longo do tempo?<\/strong><br data-start=\"2923\" data-end=\"2926\" \/>Os coils de malha aquecem de forma uniforme por toda a fibra, mantendo o sabor mais completo e suave durante mais tempo na vida \u00fatil do dispositivo, em compara\u00e7\u00e3o com coils de fio padr\u00e3o.<\/p>\n<\/li>\n<li data-start=\"3073\" data-end=\"3301\">\n<p data-start=\"3076\" data-end=\"3301\"><strong data-start=\"3076\" data-end=\"3181\">O WGA Crystal Pro Max Extra 15K descart\u00e1vel recarreg\u00e1vel \u00e9 adequado para desloca\u00e7\u00f5es di\u00e1rias e viagens?<\/strong><br data-start=\"3181\" data-end=\"3184\" \/>Sim. O corpo de cristal permanece compacto, e <strong data-start=\"3225\" data-end=\"3244\">carregamento Tipo-C<\/strong> mant\u00e9m f\u00e1cil de reabastecer durante longos dias longe de casa.<\/p>\n<\/li>\n<li data-start=\"3303\" data-end=\"3532\">\n<p data-start=\"3306\" data-end=\"3532\"><strong data-start=\"3306\" data-end=\"3412\">Que tipo de sensa\u00e7\u00e3o de vapor os utilizadores devem esperar do cigarro descart\u00e1vel WGA Crystal Pro Max Extra 15000?<\/strong><br data-start=\"3412\" data-end=\"3415\" \/>Espere uma tragada suave e constante com densidade de vapor consistente\u2014o design de bobina de malha ajuda a evitar golpes secos e agudos no final do uso.<\/p>\n<\/li>\n<li data-start=\"3534\" data-end=\"3772\">\n<p data-start=\"3537\" data-end=\"3772\"><strong data-start=\"3537\" data-end=\"3632\">Por que a nicotina 2% \u00e9 uma combina\u00e7\u00e3o forte para o WGA Crystal Pro Max Extra 15000 Puffs vers\u00e3o EU?<\/strong><br data-start=\"3632\" data-end=\"3635\" \/>2% oferece um golpe controlado e moderado que se adequa a muitos utilizadores europeus que preferem uma for\u00e7a di\u00e1ria mais leve sem sacrificar a satisfa\u00e7\u00e3o.<\/p>\n<\/li>\n<li data-start=\"3774\" data-end=\"4028\">\n<p data-start=\"3777\" data-end=\"4028\"><strong data-start=\"3777\" data-end=\"3878\">O cigarro recarreg\u00e1vel WGA Crystal Pro Max Extra 15000 com Type-C impede a queda precoce da bateria?<\/strong><br data-start=\"3878\" data-end=\"3881\" \/>A recarregabilidade resolve esse problema. Se a bateria diminuir antes de acabar os puffs, uma recarga r\u00e1pida via Type-C mant\u00e9m o dispositivo funcionando at\u00e9 terminar.<\/p>\n<\/li>\n<\/ol>\n<\/div>\n<\/div>\n<\/div>\n<\/div>\n<div class=\"flex-shrink-0 flex flex-col relative items-end\">\n<div class=\"pt-0\">\n<div class=\"gizmo-bot-avatar flex h-8 w-8 items-center justify-center overflow-hidden rounded-full\">\n<div class=\"relative p-1 rounded-sm flex items-center justify-center bg-token-main-surface-primary text-token-text-primary h-8 w-8\">\n<div class=\"mb-2 flex gap-3 empty:hidden -ml-2\">\n<div role=\"article\" data-tabster=\"{&quot;groupper&quot;:{&quot;tabbability&quot;:2},&quot;focusable&quot;:{}}\" data-content=\"ai-message\" aria-labelledby=\"Vdt5ez4X7Tg813x6rFVha-author Vdt5ez4X7Tg813x6rFVha-content\">\n<div id=\"Vdt5ez4X7Tg813x6rFVha-content\">\n<div role=\"article\" data-tabster=\"{&quot;groupper&quot;:{&quot;tabbability&quot;:2},&quot;focusable&quot;:{}}\" data-content=\"ai-message\" aria-labelledby=\"o968oC7CEo2fGHsGdsRYC-author o968oC7CEo2fGHsGdsRYC-content\">\n<div id=\"o968oC7CEo2fGHsGdsRYC-content\">\n<p>&nbsp;<\/p>\n<h3>Porqu\u00ea escolher a vapestornado para WGA Crystal 15000 Puffs Vape por grosso?<\/h3>\n<div class=\"flex-shrink-0 flex flex-col relative items-end\">\n<div class=\"pt-0\">\n<div class=\"gizmo-bot-avatar flex h-8 w-8 items-center justify-center overflow-hidden rounded-full\">\n<div class=\"relative p-1 rounded-sm flex items-center justify-center bg-token-main-surface-primary text-token-text-primary h-8 w-8\">\n<p>Bem-vindo \u00e0 vapestornado, a sua loja de vape online de confian\u00e7a para vapes descart\u00e1veis premium. Com mais de 5 anos de experi\u00eancia, trazemos-lhe marcas populares de vapes descart\u00e1veis, como Fumot RandM Vape, <a href=\"https:\/\/vapestornado.com\/pt\/product-category\/vapme-shisha\/\">Vapme<\/a>, Bang Vape, Waspe Vape e WGA Vape, etc.<\/p>\n<p>A nossa gama inclui vapes de venda quente como o <a href=\"https:\/\/vapestornado.com\/pt\/product\/fumot-randm-tornado-15000-puffs-rechargeable-disposable-vape-wholesale\/\">RandM Tornado 15000<\/a>, e op\u00e7\u00f5es ricas em sabor como o <a href=\"https:\/\/vapestornado.com\/pt\/product\/vapsolo-dg-18000-puffs-smart-screen-wholesale-disposable-cheap-vapes\/\">\u00a0Vapsolo DG18000 Puffs<\/a> Cada produto \u00e9 selecionado com foco na qualidade, valor e variedade, garantindo que encontre a combina\u00e7\u00e3o perfeita para as suas necessidades. Descubra um servi\u00e7o excecional e uma vasta gama de produtos de topo com pre\u00e7o de atacado na vapestornado.<\/p>\n<\/div>\n<p>&nbsp;<\/p>\n<p><strong>Outros Vapes Descart\u00e1veis Mais Vendidos<\/strong><\/p>\n<p><a href=\"https:\/\/vapestornado.com\/pt\/product\/bang-vape-35000-puffs-low-nicotine-bulk-buy-rechargeable-disposable-vapes-box-wholesale-price\/\">Bang Vape 35000 Puffs <span style=\"color: #ff0000;\"><strong>&gt;&gt;&gt;&gt; Ir !<\/strong><\/span><\/a><\/p>\n<p><a href=\"https:\/\/vapestornado.com\/pt\/product\/bang-box-30000-30k-puffs-low-nicotine-bulk-buy-rechargeable-digital-display-disposable-vapes-pen-wholesale\/\">Bang Box 30000 <span style=\"color: #ff0000;\"><strong>&gt;&gt;&gt;&gt; Ir !<\/strong><\/span><\/a><\/p>\n<p><a href=\"https:\/\/vapestornado.com\/pt\/product\/bood-twins-46000-puff-double-flavour-low-nicotine-disposable-vape-wholesale-bulk-buy-price\/\">Bood Twins 46000<span style=\"color: #ff0000;\"><strong>&gt;&gt;&gt;&gt; Ir !<\/strong><\/span><\/a><\/p>\n<\/div>\n<\/div>\n<\/div>\n<p>&nbsp;<\/p>\n<\/div>\n<\/div>\n<\/div>\n<\/div>\n<\/div>\n<\/div>\n<\/div>\n<\/div>\n<\/div>","protected":false},"excerpt":{"rendered":"<p>Vaporizador descart\u00e1vel recarreg\u00e1vel WGA Crystal Pro Max Extra 15000 Puffs com design de cristal, tecnologia de resist\u00eancia de malha, concentra\u00e7\u00e3o de nicotina 2% e carregamento r\u00e1pido Type-C. Design premium compacto para vapor suave com sabor est\u00e1vel e forte procura no retalho da UE.<\/p>\n<p><strong>Adicione o WhatsApp da Amy para uma resposta r\u00e1pida e cup\u00e3o de vape!<\/strong><\/p>\n<p><img fetchpriority=\"high\" decoding=\"async\" class=\"size-full wp-image-2932\" src=\"https:\/\/vapestornado.com\/wp-content\/uploads\/2024\/12\/Vape-Wholesale.jpg\" alt=\"Vape Atacado\" width=\"229\" height=\"300\" \/><\/p>\n<h3><a href=\"https:\/\/wa.me\/8617776015835\"><span style=\"color: #ff0000;\"><strong>WhatsApp: +86 17776015835<\/strong><\/span><\/a><\/h3>\n<p>&nbsp;<\/p>","protected":false},"featured_media":3378,"comment_status":"open","ping_status":"closed","template":"","meta":{"_acf_changed":false,"_uag_custom_page_level_css":"","_lmt_disableupdate":"no","_lmt_disable":"","_monsterinsights_skip_tracking":false,"_monsterinsights_sitenote_active":false,"_monsterinsights_sitenote_note":"","_monsterinsights_sitenote_category":0,"site-sidebar-layout":"default","site-content-layout":"","ast-site-content-layout":"default","site-content-style":"default","site-sidebar-style":"default","ast-global-header-display":"","ast-banner-title-visibility":"","ast-main-header-display":"","ast-hfb-above-header-display":"","ast-hfb-below-header-display":"","ast-hfb-mobile-header-display":"","site-post-title":"","ast-breadcrumbs-content":"","ast-featured-img":"","footer-sml-layout":"","ast-disable-related-posts":"","theme-transparent-header-meta":"default","adv-header-id-meta":"","stick-header-meta":"","header-above-stick-meta":"","header-main-stick-meta":"","header-below-stick-meta":"","astra-migrate-meta-layouts":"set","ast-page-background-enabled":"default","ast-page-background-meta":{"desktop":{"background-color":"","background-image":"","background-repeat":"repeat","background-position":"center center","background-size":"auto","background-attachment":"scroll","background-type":"","background-media":"","overlay-type":"","overlay-color":"","overlay-opacity":"","overlay-gradient":""},"tablet":{"background-color":"","background-image":"","background-repeat":"repeat","background-position":"center center","background-size":"auto","background-attachment":"scroll","background-type":"","background-media":"","overlay-type":"","overlay-color":"","overlay-opacity":"","overlay-gradient":""},"mobile":{"background-color":"","background-image":"","background-repeat":"repeat","background-position":"center center","background-size":"auto","background-attachment":"scroll","background-type":"","background-media":"","overlay-type":"","overlay-color":"","overlay-opacity":"","overlay-gradient":""}},"ast-content-background-meta":{"desktop":{"background-color":"var(--ast-global-color-5)","background-image":"","background-repeat":"repeat","background-position":"center center","background-size":"auto","background-attachment":"scroll","background-type":"","background-media":"","overlay-type":"","overlay-color":"","overlay-opacity":"","overlay-gradient":""},"tablet":{"background-color":"var(--ast-global-color-5)","background-image":"","background-repeat":"repeat","background-position":"center center","background-size":"auto","background-attachment":"scroll","background-type":"","background-media":"","overlay-type":"","overlay-color":"","overlay-opacity":"","overlay-gradient":""},"mobile":{"background-color":"var(--ast-global-color-5)","background-image":"","background-repeat":"repeat","background-position":"center center","background-size":"auto","background-attachment":"scroll","background-type":"","background-media":"","overlay-type":"","overlay-color":"","overlay-opacity":"","overlay-gradient":""}},"_joinchat":{"telephone":"+8617776015835"}},"product_brand":[],"product_cat":[71,153,154,155,141,142,143,59],"product_tag":[165,105,97,166,94,485,202,203,204],"class_list":{"0":"post-3383","1":"product","2":"type-product","3":"status-publish","4":"has-post-thumbnail","6":"product_cat-15000-puff","7":"product_cat-buy-disposable-vapes-in-italy","8":"product_cat-buy-disposable-vapes-in-netherlands","9":"product_cat-buy-disposable-vapes-in-norway","10":"product_cat-crystal-disposable-vapes","11":"product_cat-digital-box-disposable-vapes","12":"product_cat-dual-mesh-disposable-vapes","13":"product_cat-wga-crystal-vape","14":"product_tag-cheap-vapes","15":"product_tag-digital-disposable-vape","16":"product_tag-hot-sale-disposable-vape","17":"product_tag-low-nicotine-vape","18":"product_tag-rechargeable-disposable-vape","19":"product_tag-wga-15k","20":"product_tag-wga-crystal-15000","21":"product_tag-wga-crystal-15k","22":"product_tag-wga-vape","23":"desktop-align-left","24":"tablet-align-left","25":"mobile-align-left","27":"first","28":"instock","29":"sale","30":"shipping-taxable","31":"purchasable","32":"product-type-simple"},"acf":[],"uagb_featured_image_src":{"full":["https:\/\/vapestornado.com\/wp-content\/uploads\/2024\/12\/WGA-Crystal-15000-Rechargeable-Vape.jpg",1000,1000,false],"thumbnail":["https:\/\/vapestornado.com\/wp-content\/uploads\/2024\/12\/WGA-Crystal-15000-Rechargeable-Vape-150x150.jpg",150,150,true],"medium":["https:\/\/vapestornado.com\/wp-content\/uploads\/2024\/12\/WGA-Crystal-15000-Rechargeable-Vape-300x300.jpg",300,300,true],"medium_large":["https:\/\/vapestornado.com\/wp-content\/uploads\/2024\/12\/WGA-Crystal-15000-Rechargeable-Vape-768x768.jpg",768,768,true],"large":["https:\/\/vapestornado.com\/wp-content\/uploads\/2024\/12\/WGA-Crystal-15000-Rechargeable-Vape.jpg",1000,1000,false],"1536x1536":["https:\/\/vapestornado.com\/wp-content\/uploads\/2024\/12\/WGA-Crystal-15000-Rechargeable-Vape.jpg",1000,1000,false],"2048x2048":["https:\/\/vapestornado.com\/wp-content\/uploads\/2024\/12\/WGA-Crystal-15000-Rechargeable-Vape.jpg",1000,1000,false],"trp-custom-language-flag":["https:\/\/vapestornado.com\/wp-content\/uploads\/2024\/12\/WGA-Crystal-15000-Rechargeable-Vape.jpg",12,12,false],"woocommerce_thumbnail":["https:\/\/vapestornado.com\/wp-content\/uploads\/2024\/12\/WGA-Crystal-15000-Rechargeable-Vape-300x300.jpg",300,300,true],"woocommerce_single":["https:\/\/vapestornado.com\/wp-content\/uploads\/2024\/12\/WGA-Crystal-15000-Rechargeable-Vape-600x600.jpg",600,600,true],"woocommerce_gallery_thumbnail":["https:\/\/vapestornado.com\/wp-content\/uploads\/2024\/12\/WGA-Crystal-15000-Rechargeable-Vape-100x100.jpg",100,100,true]},"uagb_author_info":{"display_name":"ESAMY","author_link":"https:\/\/vapestornado.com\/pt\/author\/"},"uagb_comment_info":1,"uagb_excerpt":"WGA Crystal Pro Max Extra 15000 Puffs rechargeable disposable vape with crystal design, mesh coil technology, 2% nicotine strength, and Type-C fast charging. Compact premium design for smooth flavour-stable vapour and strong EU retail demand. Add Amy's whatsapp get right reply and vape coupon! WhatsApp: +86 17776015835 &nbsp;","_links":{"self":[{"href":"https:\/\/vapestornado.com\/pt\/wp-json\/wp\/v2\/product\/3383","targetHints":{"allow":["GET"]}}],"collection":[{"href":"https:\/\/vapestornado.com\/pt\/wp-json\/wp\/v2\/product"}],"about":[{"href":"https:\/\/vapestornado.com\/pt\/wp-json\/wp\/v2\/types\/product"}],"replies":[{"embeddable":true,"href":"https:\/\/vapestornado.com\/pt\/wp-json\/wp\/v2\/comments?post=3383"}],"wp:featuredmedia":[{"embeddable":true,"href":"https:\/\/vapestornado.com\/pt\/wp-json\/wp\/v2\/media\/3378"}],"wp:attachment":[{"href":"https:\/\/vapestornado.com\/pt\/wp-json\/wp\/v2\/media?parent=3383"}],"wp:term":[{"taxonomy":"product_brand","embeddable":true,"href":"https:\/\/vapestornado.com\/pt\/wp-json\/wp\/v2\/product_brand?post=3383"},{"taxonomy":"product_cat","embeddable":true,"href":"https:\/\/vapestornado.com\/pt\/wp-json\/wp\/v2\/product_cat?post=3383"},{"taxonomy":"product_tag","embeddable":true,"href":"https:\/\/vapestornado.com\/pt\/wp-json\/wp\/v2\/product_tag?post=3383"}],"curies":[{"name":"wp","href":"https:\/\/api.w.org\/{rel}","templated":true}]}}