{"id":3365,"date":"2024-12-24T09:50:29","date_gmt":"2024-12-24T09:50:29","guid":{"rendered":"https:\/\/vapestornado.com\/?post_type=product&#038;p=3365"},"modified":"2025-12-09T08:52:33","modified_gmt":"2025-12-09T08:52:33","slug":"bang-box-30000-puffs-double-flavour-0-2-5-low-nicotine-bulk-buy-rechargeable-disposable-vapes-pen-wholesale","status":"publish","type":"product","link":"https:\/\/vapestornado.com\/pt\/product\/bang-box-30000-puffs-double-flavour-0-2-5-low-nicotine-bulk-buy-rechargeable-disposable-vapes-pen-wholesale\/","title":{"rendered":"Bang Box 30000 Puffs Sabor Duplo 0% 2% 5% Compra a Granel de Nicotina Baixa Canetas de Vapes Descart\u00e1veis Recarreg\u00e1veis por Grosso"},"content":{"rendered":"<h1 class=\"product-title\">Bang Box 30000 Puffs Sabor Duplo 0% 2% 5% Compra a Granel de Nicotina Baixa Canetas de Vapes Descart\u00e1veis Recarreg\u00e1veis por Grosso<\/h1>\n<p>Bang Box 30000 Puffs vape descart\u00e1vel \u00e9 um dispositivo recarreg\u00e1vel descart\u00e1vel de 35ml e 30.000 tragos com sabores duplos e bobina de malha de 0,8\u03a9, proporcionando sabor duradouro, est\u00e1vel e recarga r\u00e1pida via Type-C em um dispositivo leve.<\/p>\n<p data-start=\"907\" data-end=\"1146\"><strong data-start=\"907\" data-end=\"953\">Longa dura\u00e7\u00e3o com capacidade real por tr\u00e1s.<\/strong> O <strong data-start=\"958\" data-end=\"998\">Bang Box 30000 Puffs vape descart\u00e1vel<\/strong> combina um <strong data-start=\"1010\" data-end=\"1029\">rating de 30 mil tragos<\/strong> com um\/uma <strong data-start=\"1037\" data-end=\"1064\">reservat\u00f3rio de e-l\u00edquido de 35ml<\/strong>, assim utilizadores regulares trocam de dispositivos muito menos frequentemente e obt\u00eam uso confi\u00e1vel por v\u00e1rias semanas.<\/p>\n<p data-start=\"1150\" data-end=\"1371\"><strong data-start=\"1150\" data-end=\"1196\">Sabor duplo mant\u00e9m o dispositivo interessante.<\/strong> Isto <strong data-start=\"1201\" data-end=\"1241\">Bang Box 30K vaporizador de sabor duplo<\/strong> permite trocar entre dois perfis a qualquer momento, o que \u00e9 importante quando se usa um dispositivo por um longo per\u00edodo em vez de um fim de semana.<\/p>\n<p data-start=\"1375\" data-end=\"1581\"><strong data-start=\"1375\" data-end=\"1412\">Estabilidade da bobina de malha que se pode sentir.<\/strong> A <strong data-start=\"1415\" data-end=\"1449\">Vape descart\u00e1vel com bobina de malha de 0,8\u03a9<\/strong> configura\u00e7\u00e3o que proporciona aquecimento uniforme, nuvens densas e menos puxadas \u00e1speras no final do tanque, mantendo o sabor consistente at\u00e9 ao final do fornecimento de 35ml.<\/p>\n<p data-start=\"1585\" data-end=\"1798\"><strong data-start=\"1585\" data-end=\"1636\">Recarregabilidade via Type-C evita descarte precoce.<\/strong> O <strong data-start=\"1641\" data-end=\"1683\">Bang Box 30000 vape recarreg\u00e1vel descart\u00e1vel<\/strong> usa uma <strong data-start=\"1692\" data-end=\"1734\">bateria de 850mAh com carga r\u00e1pida Type-C<\/strong>, assim quando a energia diminui, basta recarregar e continuar \u2014 sem desperd\u00edcio de l\u00edquido.<\/p>\n<p data-start=\"1802\" data-end=\"1994\"><strong data-start=\"1802\" data-end=\"1834\">Port\u00e1til para uso di\u00e1rio.<\/strong> At <strong data-start=\"1838\" data-end=\"1846\">129g<\/strong>, o <strong data-start=\"1852\" data-end=\"1892\">Bang Box 30K descart\u00e1vel de nicotina baixa<\/strong> permanece confort\u00e1vel na m\u00e3o ou no bolso, funcionando para deslocamentos, dias de viagem e turnos longos sem volume.<\/p>\n<p>&nbsp;<\/p>\n<p><strong>Adicione o Whatsapp da Amy e obtenha uma resposta r\u00e1pida e um cup\u00e3o de vape!<\/strong><\/p>\n<p><img fetchpriority=\"high\" decoding=\"async\" class=\"size-full wp-image-2932\" src=\"https:\/\/vapestornado.com\/wp-content\/uploads\/2024\/12\/Vape-Wholesale.jpg\" alt=\"Vape Atacado\" width=\"229\" height=\"300\" \/><\/p>\n<h3><a href=\"https:\/\/wa.me\/8617776015835\" target=\"_blank\" rel=\"noopener\"><span style=\"color: #ff0000;\"><strong>WhatsApp: +86 17776015835<\/strong><\/span><\/a><\/h3>\n<p>&nbsp;<\/p>\n<h2 class=\"product-title\">Bang Box 30000 Vape de Sabor Duplo<strong> Caracter\u00edsticas do Produto<\/strong><\/h2>\n<div role=\"article\" data-tabster=\"{&quot;groupper&quot;:{&quot;tabbability&quot;:2},&quot;focusable&quot;:{}}\" data-content=\"ai-message\" aria-labelledby=\"juhNTJ6o7Gk1cgwZMJgv2-author juhNTJ6o7Gk1cgwZMJgv2-content\">\n<div id=\"juhNTJ6o7Gk1cgwZMJgv2-content\">\n<div role=\"article\" data-tabster=\"{&quot;groupper&quot;:{&quot;tabbability&quot;:2},&quot;focusable&quot;:{}}\" data-content=\"ai-message\" aria-labelledby=\"x4EZuCZWrTbh3weWUt7CU-author x4EZuCZWrTbh3weWUt7CU-content\">\n<div id=\"x4EZuCZWrTbh3weWUt7CU-content\">\n<div class=\"flex max-w-full flex-col flex-grow\">\n<div class=\"min-h-8 text-message flex w-full flex-col items-end gap-2 whitespace-normal break-words text-start [.text-message+&amp;]:mt-5\" dir=\"auto\" data-message-author-role=\"assistant\" data-message-id=\"52c6e00a-252f-4104-805d-2f1a84739c71\" data-message-model-slug=\"gpt-4o\">\n<div class=\"flex w-full flex-col gap-1 empty:hidden first:pt-[3px]\">\n<div class=\"markdown prose w-full break-words dark:prose-invert light\">\n<table>\n<thead>\n<tr>\n<th>Recurso<\/th>\n<th>Especifica\u00e7\u00f5es<\/th>\n<th>Detalhes<\/th>\n<\/tr>\n<\/thead>\n<tbody>\n<tr>\n<td>Nome do Produto<\/td>\n<td>Bang Box 30000 baforadas Duplo Sabor<\/td>\n<td>Caneta de vaporizador descart\u00e1vel de alta capacidade recarreg\u00e1vel.<\/td>\n<\/tr>\n<tr>\n<td>Capacidade de Puffs<\/td>\n<td>At\u00e9 30.000 puffs<\/td>\n<td>Vida \u00fatil prolongada destinada a utilizadores regulares na UE.<\/td>\n<\/tr>\n<tr>\n<td>Volume do l\u00edquido eletr\u00f3nico<\/td>\n<td>35ml pr\u00e9-preenchido<\/td>\n<td>Reservat\u00f3rio grande suporta sess\u00f5es longas sem recargas.<\/td>\n<\/tr>\n<tr>\n<td>Tipo de bobina<\/td>\n<td>bobina de malha de 0,8\u03a9<\/td>\n<td>Aquecimento uniforme para vapor suave, sabor rico e sa\u00edda constante.<\/td>\n<\/tr>\n<tr>\n<td>Sistema de Sabor<\/td>\n<td>Interruptor de sabor duplo<\/td>\n<td>Dois perfis de sabor num s\u00f3 dispositivo; troque a qualquer momento.<\/td>\n<\/tr>\n<tr>\n<td>Bateria<\/td>\n<td>Recarreg\u00e1vel de 850mAh<\/td>\n<td>Recarregue para terminar todo o l\u00edquido em vez de descartar cedo.<\/td>\n<\/tr>\n<tr>\n<td>Carregamento<\/td>\n<td>carregamento r\u00e1pido Type-C<\/td>\n<td>Reabastecimentos r\u00e1pidos com cabos modernos de padr\u00e3o UE.<\/td>\n<\/tr>\n<tr>\n<td>For\u00e7as de Nicotina<\/td>\n<td>0% \/ 2% \/ 5% nicotina de sal<\/td>\n<td>Op\u00e7\u00f5es sem nicotina, com baixa e forte nicotina para diferentes h\u00e1bitos.<\/td>\n<\/tr>\n<tr>\n<td>Peso<\/td>\n<td>129g<\/td>\n<td>Leve para um dispositivo de classe 30K; f\u00e1cil de transportar diariamente.<\/td>\n<\/tr>\n<tr>\n<td>Posicionamento<\/td>\n<td>Best-seller por atacado + retalho<\/td>\n<td>Forte procura nos canais de grosso em UE devido \u00e0 capacidade + sabor duplo.<\/td>\n<\/tr>\n<\/tbody>\n<\/table>\n<\/div>\n<\/div>\n<\/div>\n<\/div>\n<div class=\"mb-2 flex gap-3 empty:hidden -ml-2\"><\/div>\n<\/div>\n<\/div>\n<\/div>\n<\/div>\n<h2 class=\"product-title\"><strong>Sabor Popular para Bang Box 30000 Puffs Descart\u00e1veis<\/strong><\/h2>\n<p>1. Morango kiwi\/Gelo de melancia <strong><span style=\"color: #ff0000;\">&gt;&gt;&gt;&gt; Quente!<\/span><\/strong><br \/>\n2. Morango kiwi\/Morango Melancia<br \/>\n3. Sumo de p\u00eassego\/Gelo de mirtilo<br \/>\n4. Gelo de mirtilo\/Kiwi Maracuj\u00e1 Goiaba<br \/>\n5. Gelo de framboesa azeda de mirtilo\/Frutas mistas <strong><span style=\"color: #ff0000;\">&gt;&gt;&gt;&gt; O melhor!<\/span><\/strong><br \/>\n6. Frutos silvestres triplos\/Manga de morango<br \/>\n7. Chiclete de melancia\/Morango Melancia<br \/>\n8. Gelo de mirtilo\/Gelo de melancia<br \/>\n9. Morango Melancia\/Kiwi Maracuj\u00e1 Goiaba<br \/>\n10. Gelo de drag\u00e3o negro\/Manga P\u00eassego Melancia<br \/>\n11. Gelo de Razz azul\/Uva dupla <strong><span style=\"color: #ff0000;\">&gt;&gt;&gt;&gt; Quente!<\/span><\/strong><br \/>\n12. Gelo de Razz azul\/Manga de morango<\/p>\n<div class=\"flex-shrink-0 flex flex-col relative items-end\">\n<div class=\"pt-0\">\n<div class=\"gizmo-bot-avatar flex h-8 w-8 items-center justify-center overflow-hidden rounded-full\">\n<figure id=\"attachment_3358\" aria-describedby=\"caption-attachment-3358\" style=\"width: 1241px\" class=\"wp-caption alignnone\"><img decoding=\"async\" class=\"wp-image-3358 size-full\" src=\"https:\/\/vapestornado.com\/wp-content\/uploads\/2024\/12\/Bang-Box-30k-Puffs-Factory-Price.jpg\" alt=\"Bang Box 30k Puffs Pre\u00e7o de F\u00e1brica\" width=\"1241\" height=\"2038\" srcset=\"https:\/\/vapestornado.com\/wp-content\/uploads\/2024\/12\/Bang-Box-30k-Puffs-Factory-Price.jpg 1241w, https:\/\/vapestornado.com\/wp-content\/uploads\/2024\/12\/Bang-Box-30k-Puffs-Factory-Price-183x300.jpg 183w, https:\/\/vapestornado.com\/wp-content\/uploads\/2024\/12\/Bang-Box-30k-Puffs-Factory-Price-624x1024.jpg 624w, https:\/\/vapestornado.com\/wp-content\/uploads\/2024\/12\/Bang-Box-30k-Puffs-Factory-Price-768x1261.jpg 768w, https:\/\/vapestornado.com\/wp-content\/uploads\/2024\/12\/Bang-Box-30k-Puffs-Factory-Price-935x1536.jpg 935w, https:\/\/vapestornado.com\/wp-content\/uploads\/2024\/12\/Bang-Box-30k-Puffs-Factory-Price-600x985.jpg 600w\" sizes=\"(max-width: 1241px) 100vw, 1241px\" \/><figcaption id=\"caption-attachment-3358\" class=\"wp-caption-text\">Bang Box 30k Puffs Pre\u00e7o de F\u00e1brica<\/figcaption><\/figure>\n<div class=\"relative p-1 rounded-sm flex items-center justify-center bg-token-main-surface-primary text-token-text-primary h-8 w-8\">\n<h3>FAQs para Bang Box 30000 Puffs Vape Descart\u00e1vel<\/h3>\n<ol data-start=\"3057\" data-end=\"4297\">\n<li data-start=\"3057\" data-end=\"3310\">\n<p data-start=\"3060\" data-end=\"3310\"><strong data-start=\"3060\" data-end=\"3166\">Como \u00e9 que o cigarro descart\u00e1vel Bang Box 30000 Puffs com sabor duplo lida com a consist\u00eancia do sabor a longo prazo?<\/strong><br data-start=\"3166\" data-end=\"3169\" \/>O sistema de sabor duplo oferece variedade ao longo de semanas de uso, e o <strong data-start=\"3234\" data-end=\"3252\">bobina de malha de 0,8\u03a9<\/strong> ajuda a manter cada sabor est\u00e1vel em vez de desvanecer rapidamente.<\/p>\n<\/li>\n<li data-start=\"3312\" data-end=\"3578\">\n<p data-start=\"3315\" data-end=\"3578\"><strong data-start=\"3315\" data-end=\"3418\">O cigarro descart\u00e1vel recarreg\u00e1vel Bang Box 30K realmente dura perto de 30.000 tragos na utiliza\u00e7\u00e3o real?<\/strong><br data-start=\"3418\" data-end=\"3421\" \/>O <strong data-start=\"3425\" data-end=\"3438\">Tanque de 35ml<\/strong> suporta a alta contagem de tragos. Os resultados reais dependem do comprimento da tragada e do estilo de fluxo de ar, mas a capacidade de l\u00edquido \u00e9 dimensionada para corresponder \u00e0 classifica\u00e7\u00e3o.<\/p>\n<\/li>\n<li data-start=\"3580\" data-end=\"3817\">\n<p data-start=\"3583\" data-end=\"3817\"><strong data-start=\"3583\" data-end=\"3670\">Qual \u00e9 a vantagem de uma bobina de malha de 0,8\u03a9 no cigarro descart\u00e1vel Bang Box 30000?<\/strong><br data-start=\"3670\" data-end=\"3673\" \/>Bobinas de malha de resist\u00eancia mais baixa aquecem de forma uniforme e produzem <strong data-start=\"3725\" data-end=\"3768\">vapor mais denso com sensa\u00e7\u00e3o de garganta mais suave<\/strong>, especialmente not\u00e1vel em dispositivos de alta capacidade.<\/p>\n<\/li>\n<li data-start=\"3819\" data-end=\"4055\">\n<p data-start=\"3822\" data-end=\"4055\"><strong data-start=\"3822\" data-end=\"3912\">O cigarro descart\u00e1vel recarreg\u00e1vel Bang Box 30000 com Type-C vai acabar o tanque completo de 35ml?<\/strong><br data-start=\"3912\" data-end=\"3915\" \/>Sim \u2014 o <strong data-start=\"3925\" data-end=\"3956\">bateria recarreg\u00e1vel de 850mAh<\/strong> est\u00e1 l\u00e1 para que possa reabastecer energia e usar todo o l\u00edquido, evitando o problema de \u201cbateria acabar primeiro\u201d.<\/p>\n<\/li>\n<li data-start=\"4057\" data-end=\"4297\">\n<p data-start=\"4060\" data-end=\"4297\"><strong data-start=\"4060\" data-end=\"4158\">Qual n\u00edvel de nicotina \u00e9 adequado para diferentes utilizadores no cigarro descart\u00e1vel Bang Box 30000 de baixa nicotina?<\/strong><br data-start=\"4158\" data-end=\"4161\" \/><strong data-start=\"4161\" data-end=\"4167\">0%<\/strong> funciona apenas para uso de sabor, <strong data-start=\"4196\" data-end=\"4202\">2%<\/strong> encaixa-se em rotinas di\u00e1rias leves a moderadas, e <strong data-start=\"4246\" data-end=\"4252\">5%<\/strong> \u00e9 adequado para utilizadores mais pesados que desejam uma maior intensidade.<\/p>\n<\/li>\n<\/ol>\n<\/div>\n<\/div>\n<\/div>\n<\/div>\n<div class=\"flex-shrink-0 flex flex-col relative items-end\">\n<div class=\"pt-0\">\n<div class=\"gizmo-bot-avatar flex h-8 w-8 items-center justify-center overflow-hidden rounded-full\">\n<div class=\"relative p-1 rounded-sm flex items-center justify-center bg-token-main-surface-primary text-token-text-primary h-8 w-8\">\n<div class=\"mb-2 flex gap-3 empty:hidden -ml-2\">\n<div role=\"article\" data-tabster=\"{&quot;groupper&quot;:{&quot;tabbability&quot;:2},&quot;focusable&quot;:{}}\" data-content=\"ai-message\" aria-labelledby=\"Vdt5ez4X7Tg813x6rFVha-author Vdt5ez4X7Tg813x6rFVha-content\">\n<div id=\"Vdt5ez4X7Tg813x6rFVha-content\">\n<div role=\"article\" data-tabster=\"{&quot;groupper&quot;:{&quot;tabbability&quot;:2},&quot;focusable&quot;:{}}\" data-content=\"ai-message\" aria-labelledby=\"o968oC7CEo2fGHsGdsRYC-author o968oC7CEo2fGHsGdsRYC-content\">\n<div id=\"o968oC7CEo2fGHsGdsRYC-content\">\n<h3>Por que escolher vapestornado para Bang Box 30000 Puffs Vape por atacado?<\/h3>\n<div class=\"flex-shrink-0 flex flex-col relative items-end\">\n<div class=\"pt-0\">\n<div class=\"gizmo-bot-avatar flex h-8 w-8 items-center justify-center overflow-hidden rounded-full\">\n<div class=\"relative p-1 rounded-sm flex items-center justify-center bg-token-main-surface-primary text-token-text-primary h-8 w-8\">\n<p>Bem-vindo \u00e0 vapestornado, a sua loja de vape online de confian\u00e7a para vapes descart\u00e1veis premium. Com mais de 5 anos de experi\u00eancia, trazemos-lhe marcas populares de vapes descart\u00e1veis, como Fumot RandM Vape, <a href=\"https:\/\/vapestornado.com\/pt\/product\/vapme-crystal-7000-puffs-rechargeable-disposable-vape-wholesale-cheap-price\/\">Vapme<\/a>, Bang Vape, Waspe Vape e WGA Vape, etc.<\/p>\n<p>A nossa gama inclui vapes de venda quente como o <a href=\"https:\/\/vapestornado.com\/pt\/product\/fumot-randm-tornado-15000-puffs-rechargeable-disposable-vape-wholesale\/\">RandM Tornado 15000<\/a>, e op\u00e7\u00f5es ricas em sabor como o <a href=\"https:\/\/vapestornado.com\/pt\/product\/vapsolo-dg-18000-puffs-smart-screen-wholesale-disposable-cheap-vapes\/\">\u00a0Vapsolo DG18000 Puffs<\/a> Cada produto \u00e9 selecionado com foco na qualidade, valor e variedade, garantindo que encontre a combina\u00e7\u00e3o perfeita para as suas necessidades. Descubra um servi\u00e7o excecional e uma vasta gama de produtos de topo com pre\u00e7o de atacado na vapestornado.<\/p>\n<\/div>\n<\/div>\n<\/div>\n<\/div>\n<p>&nbsp;<\/p>\n<\/div>\n<\/div>\n<\/div>\n<\/div>\n<\/div>\n<\/div>\n<\/div>\n<\/div>\n<\/div>","protected":false},"excerpt":{"rendered":"<p>Bang Box 30000 Puffs vaporizador descart\u00e1vel de dupla sabor com 35ml de e-l\u00edquido pr\u00e9-preenchido, bobina de malha de 0,8\u03a9, bateria recarreg\u00e1vel de 850mAh com Type-C e op\u00e7\u00f5es de nicotina 0%\/2%\/5%. Design leve de 129g e troca de dupla sabor para vaping longo, est\u00e1vel e de alto valor.<\/p>\n<p><strong>Adicione o WhatsApp da Amy para uma resposta r\u00e1pida e cup\u00e3o de vape!<\/strong><\/p>\n<p><img fetchpriority=\"high\" decoding=\"async\" class=\"size-full wp-image-2932\" src=\"https:\/\/vapestornado.com\/wp-content\/uploads\/2024\/12\/Vape-Wholesale.jpg\" alt=\"Vape Atacado\" width=\"229\" height=\"300\" \/><\/p>\n<h3><a href=\"https:\/\/wa.me\/8617776015835\"><span style=\"color: #ff0000;\"><strong>WhatsApp: +86 17776015835<\/strong><\/span><\/a><\/h3>\n<p>&nbsp;<\/p>","protected":false},"featured_media":3362,"comment_status":"open","ping_status":"closed","template":"","meta":{"_acf_changed":false,"_uag_custom_page_level_css":"","_lmt_disableupdate":"no","_lmt_disable":"","_monsterinsights_skip_tracking":false,"_monsterinsights_sitenote_active":false,"_monsterinsights_sitenote_note":"","_monsterinsights_sitenote_category":0,"site-sidebar-layout":"default","site-content-layout":"","ast-site-content-layout":"default","site-content-style":"default","site-sidebar-style":"default","ast-global-header-display":"","ast-banner-title-visibility":"","ast-main-header-display":"","ast-hfb-above-header-display":"","ast-hfb-below-header-display":"","ast-hfb-mobile-header-display":"","site-post-title":"","ast-breadcrumbs-content":"","ast-featured-img":"","footer-sml-layout":"","ast-disable-related-posts":"","theme-transparent-header-meta":"default","adv-header-id-meta":"","stick-header-meta":"","header-above-stick-meta":"","header-main-stick-meta":"","header-below-stick-meta":"","astra-migrate-meta-layouts":"set","ast-page-background-enabled":"default","ast-page-background-meta":{"desktop":{"background-color":"","background-image":"","background-repeat":"repeat","background-position":"center center","background-size":"auto","background-attachment":"scroll","background-type":"","background-media":"","overlay-type":"","overlay-color":"","overlay-opacity":"","overlay-gradient":""},"tablet":{"background-color":"","background-image":"","background-repeat":"repeat","background-position":"center center","background-size":"auto","background-attachment":"scroll","background-type":"","background-media":"","overlay-type":"","overlay-color":"","overlay-opacity":"","overlay-gradient":""},"mobile":{"background-color":"","background-image":"","background-repeat":"repeat","background-position":"center center","background-size":"auto","background-attachment":"scroll","background-type":"","background-media":"","overlay-type":"","overlay-color":"","overlay-opacity":"","overlay-gradient":""}},"ast-content-background-meta":{"desktop":{"background-color":"var(--ast-global-color-5)","background-image":"","background-repeat":"repeat","background-position":"center center","background-size":"auto","background-attachment":"scroll","background-type":"","background-media":"","overlay-type":"","overlay-color":"","overlay-opacity":"","overlay-gradient":""},"tablet":{"background-color":"var(--ast-global-color-5)","background-image":"","background-repeat":"repeat","background-position":"center center","background-size":"auto","background-attachment":"scroll","background-type":"","background-media":"","overlay-type":"","overlay-color":"","overlay-opacity":"","overlay-gradient":""},"mobile":{"background-color":"var(--ast-global-color-5)","background-image":"","background-repeat":"repeat","background-position":"center center","background-size":"auto","background-attachment":"scroll","background-type":"","background-media":"","overlay-type":"","overlay-color":"","overlay-opacity":"","overlay-gradient":""}},"_joinchat":{"telephone":"+8617776015835"}},"product_brand":[],"product_cat":[67,64,154,157,143,357,144],"product_tag":[484,197,196,165,198,199,97,166,94],"class_list":{"0":"post-3365","1":"product","2":"type-product","3":"status-publish","4":"has-post-thumbnail","6":"product_cat-30000-puff","7":"product_cat-bangbox-vape","8":"product_cat-buy-disposable-vapes-in-netherlands","9":"product_cat-buy-disposable-vapes-in-portugal","10":"product_cat-dual-mesh-disposable-vapes","11":"product_cat-flavor-adjustable-vape","12":"product_cat-low-nicotine-disposable-vapes","13":"product_tag-2-in-1-disposable-vape","14":"product_tag-bang-30000","15":"product_tag-bang-vape","16":"product_tag-cheap-vapes","17":"product_tag-double-flavor-disposable-vape","18":"product_tag-dual-flavour-disposable-vape","19":"product_tag-hot-sale-disposable-vape","20":"product_tag-low-nicotine-vape","21":"product_tag-rechargeable-disposable-vape","22":"desktop-align-left","23":"tablet-align-left","24":"mobile-align-left","26":"first","27":"instock","28":"sale","29":"shipping-taxable","30":"purchasable","31":"product-type-simple"},"acf":[],"uagb_featured_image_src":{"full":["https:\/\/vapestornado.com\/wp-content\/uploads\/2024\/12\/Bang-Box-Dispsoable-Vape-30000-Puffs-Wholesale.jpg",1126,1126,false],"thumbnail":["https:\/\/vapestornado.com\/wp-content\/uploads\/2024\/12\/Bang-Box-Dispsoable-Vape-30000-Puffs-Wholesale-150x150.jpg",150,150,true],"medium":["https:\/\/vapestornado.com\/wp-content\/uploads\/2024\/12\/Bang-Box-Dispsoable-Vape-30000-Puffs-Wholesale-300x300.jpg",300,300,true],"medium_large":["https:\/\/vapestornado.com\/wp-content\/uploads\/2024\/12\/Bang-Box-Dispsoable-Vape-30000-Puffs-Wholesale-768x768.jpg",768,768,true],"large":["https:\/\/vapestornado.com\/wp-content\/uploads\/2024\/12\/Bang-Box-Dispsoable-Vape-30000-Puffs-Wholesale-1024x1024.jpg",1024,1024,true],"1536x1536":["https:\/\/vapestornado.com\/wp-content\/uploads\/2024\/12\/Bang-Box-Dispsoable-Vape-30000-Puffs-Wholesale.jpg",1126,1126,false],"2048x2048":["https:\/\/vapestornado.com\/wp-content\/uploads\/2024\/12\/Bang-Box-Dispsoable-Vape-30000-Puffs-Wholesale.jpg",1126,1126,false],"trp-custom-language-flag":["https:\/\/vapestornado.com\/wp-content\/uploads\/2024\/12\/Bang-Box-Dispsoable-Vape-30000-Puffs-Wholesale.jpg",12,12,false],"woocommerce_thumbnail":["https:\/\/vapestornado.com\/wp-content\/uploads\/2024\/12\/Bang-Box-Dispsoable-Vape-30000-Puffs-Wholesale-300x300.jpg",300,300,true],"woocommerce_single":["https:\/\/vapestornado.com\/wp-content\/uploads\/2024\/12\/Bang-Box-Dispsoable-Vape-30000-Puffs-Wholesale-600x600.jpg",600,600,true],"woocommerce_gallery_thumbnail":["https:\/\/vapestornado.com\/wp-content\/uploads\/2024\/12\/Bang-Box-Dispsoable-Vape-30000-Puffs-Wholesale-100x100.jpg",100,100,true]},"uagb_author_info":{"display_name":"ESAMY","author_link":"https:\/\/vapestornado.com\/pt\/author\/"},"uagb_comment_info":1,"uagb_excerpt":"Bang Box 30000 Puffs double flavour disposable vape pen with 35ml pre-filled e-liquid, 0.8\u03a9 mesh coil, 850mAh Type-C rechargeable battery, and 0%\/2%\/5% nicotine options. Lightweight 129g design and dual-flavour switching for long, stable, high-value vaping. Add Amy's whatsapp get right reply and vape coupon! WhatsApp: +86 17776015835 &nbsp;","_links":{"self":[{"href":"https:\/\/vapestornado.com\/pt\/wp-json\/wp\/v2\/product\/3365","targetHints":{"allow":["GET"]}}],"collection":[{"href":"https:\/\/vapestornado.com\/pt\/wp-json\/wp\/v2\/product"}],"about":[{"href":"https:\/\/vapestornado.com\/pt\/wp-json\/wp\/v2\/types\/product"}],"replies":[{"embeddable":true,"href":"https:\/\/vapestornado.com\/pt\/wp-json\/wp\/v2\/comments?post=3365"}],"wp:featuredmedia":[{"embeddable":true,"href":"https:\/\/vapestornado.com\/pt\/wp-json\/wp\/v2\/media\/3362"}],"wp:attachment":[{"href":"https:\/\/vapestornado.com\/pt\/wp-json\/wp\/v2\/media?parent=3365"}],"wp:term":[{"taxonomy":"product_brand","embeddable":true,"href":"https:\/\/vapestornado.com\/pt\/wp-json\/wp\/v2\/product_brand?post=3365"},{"taxonomy":"product_cat","embeddable":true,"href":"https:\/\/vapestornado.com\/pt\/wp-json\/wp\/v2\/product_cat?post=3365"},{"taxonomy":"product_tag","embeddable":true,"href":"https:\/\/vapestornado.com\/pt\/wp-json\/wp\/v2\/product_tag?post=3365"}],"curies":[{"name":"wp","href":"https:\/\/api.w.org\/{rel}","templated":true}]}}