{"id":3320,"date":"2024-12-23T09:06:12","date_gmt":"2024-12-23T09:06:12","guid":{"rendered":"https:\/\/vapestornado.com\/?post_type=product&#038;p=3320"},"modified":"2025-08-23T12:20:34","modified_gmt":"2025-08-23T12:20:34","slug":"bang-box-35k-puffs-high-capacity-long-lasting-disposable-vape","status":"publish","type":"product","link":"https:\/\/vapestornado.com\/pt\/product\/bang-box-35k-puffs-high-capacity-long-lasting-disposable-vape\/","title":{"rendered":"Bang Box 35k Puffs Vape Descart\u00e1vel de Alta Capacidade e Longa Dura\u00e7\u00e3o"},"content":{"rendered":"<h1>Bang Box 35k Puffs Vape Descart\u00e1vel de Alta Capacidade e Longa Dura\u00e7\u00e3o<\/h1>\n<p>&nbsp;<\/p>\n<div role=\"article\" data-tabster=\"{&quot;groupper&quot;:{&quot;tabbability&quot;:2},&quot;focusable&quot;:{}}\" data-content=\"ai-message\" aria-labelledby=\"64JRvXrTnY7mRmPkEQLLT-author 64JRvXrTnY7mRmPkEQLLT-content\">\n<div id=\"64JRvXrTnY7mRmPkEQLLT-content\">\n<p>O Bang Box 35k Puffs redefine a conveni\u00eancia e o desempenho no mundo dos vapes descart\u00e1veis. Projetado para utilizadores que procuram pot\u00eancia de longa dura\u00e7\u00e3o e sabor rico, este dispositivo oferece <strong>mais de 35.000 puffs<\/strong> a partir da sua configura\u00e7\u00e3o avan\u00e7ada. Com um <strong>cartucho de e-l\u00edquido pr\u00e9-cheio de 23ml<\/strong> e <strong>fluxo de ar ajust\u00e1vel<\/strong>, o dispositivo atende a estilos de vaping MTL e DTL, proporcionando uma experi\u00eancia personalizada para cada utilizador. O seu <strong>n\u00facleo de malha de fio de aquecimento duplo (0,8\u03a9)<\/strong> opera numa faixa de sa\u00edda de <strong>15W-25W<\/strong>, garantindo uma produ\u00e7\u00e3o de vapor consistente e um sabor suave a cada puff. Alimentado por uma <strong>bateria de cobalto puro 112040-950mAh<\/strong> com um\/uma <strong>taxa de descarga de 5A<\/strong>, oferece um desempenho fi\u00e1vel e de longa dura\u00e7\u00e3o. A bateria robusta garante um uso prolongado e um carregamento r\u00e1pido atrav\u00e9s da sua porta Type-C.<\/p>\n<p>Combinando recursos de ponta com design elegante, o Bang Box 35000 puffs vapes \u00e9 perfeito para uso durante todo o dia, quer esteja a relaxar em casa ou em movimento. Compacto, potente e vers\u00e1til, \u00e9 a escolha ideal para entusiastas do vaping.<\/p>\n<figure id=\"attachment_3482\" aria-describedby=\"caption-attachment-3482\" style=\"width: 742px\" class=\"wp-caption alignnone\"><img fetchpriority=\"high\" decoding=\"async\" class=\"wp-image-3482\" src=\"https:\/\/vapestornado.com\/wp-content\/uploads\/2024\/12\/Bang-Box-35000-puffs-Top-Sale-Vapes-1024x697.jpg\" alt=\"Bang Box 35000 puffs Vapes Mais Vendidos\" width=\"742\" height=\"505\" srcset=\"https:\/\/vapestornado.com\/wp-content\/uploads\/2024\/12\/Bang-Box-35000-puffs-Top-Sale-Vapes-1024x697.jpg 1024w, https:\/\/vapestornado.com\/wp-content\/uploads\/2024\/12\/Bang-Box-35000-puffs-Top-Sale-Vapes-300x204.jpg 300w, https:\/\/vapestornado.com\/wp-content\/uploads\/2024\/12\/Bang-Box-35000-puffs-Top-Sale-Vapes-768x523.jpg 768w, https:\/\/vapestornado.com\/wp-content\/uploads\/2024\/12\/Bang-Box-35000-puffs-Top-Sale-Vapes-600x408.jpg 600w, https:\/\/vapestornado.com\/wp-content\/uploads\/2024\/12\/Bang-Box-35000-puffs-Top-Sale-Vapes.jpg 1500w\" sizes=\"(max-width: 742px) 100vw, 742px\" \/><figcaption id=\"caption-attachment-3482\" class=\"wp-caption-text\">Bang Box 35000 puffs Vapes Mais Vendidos<\/figcaption><\/figure>\n<\/div>\n<\/div>\n<p><img decoding=\"async\" class=\"alignleft wp-image-2951 size-medium\" src=\"https:\/\/vapestornado.com\/wp-content\/uploads\/2024\/12\/Wholesale-Disposable-Vape-265x300.jpg\" alt=\"Vape Descart\u00e1vel por Grosso\" width=\"265\" height=\"300\" srcset=\"https:\/\/vapestornado.com\/wp-content\/uploads\/2024\/12\/Wholesale-Disposable-Vape-265x300.jpg 265w, https:\/\/vapestornado.com\/wp-content\/uploads\/2024\/12\/Wholesale-Disposable-Vape-768x871.jpg 768w, https:\/\/vapestornado.com\/wp-content\/uploads\/2024\/12\/Wholesale-Disposable-Vape-600x680.jpg 600w, https:\/\/vapestornado.com\/wp-content\/uploads\/2024\/12\/Wholesale-Disposable-Vape.jpg 823w\" sizes=\"(max-width: 265px) 100vw, 265px\" \/><\/p>\n<h6>Por favor, contacte o WhatsApp da Mandy para pre\u00e7o com desconto:<a href=\"https:\/\/wa.me\/8618077105796\" target=\"_blank\" rel=\"noopener\">+8618077105796<\/a><\/h6>\n<div class=\"flex max-w-full flex-col flex-grow\">\n<div class=\"min-h-8 text-message flex w-full flex-col items-end gap-2 whitespace-normal break-words text-start [.text-message+&amp;]:mt-5\" dir=\"auto\" data-message-author-role=\"assistant\" data-message-id=\"cdb991c0-f594-4bff-b2d5-fbbdd7ce9e54\" data-message-model-slug=\"gpt-4o-mini\">\n<div class=\"flex w-full flex-col gap-1 empty:hidden first:pt-[3px]\">\n<div class=\"markdown prose w-full break-words dark:prose-invert light\">\n<h2>Especifica\u00e7\u00f5es do bang vape 35k Puffs<\/h2>\n<ul>\n<li><strong>Sopros<\/strong>: 35,000+<\/li>\n<li><strong>E-l\u00edquido<\/strong>: cartucho pr\u00e9-cheio de 23ml<\/li>\n<li><strong>Nicotina<\/strong>: Op\u00e7\u00f5es 0%, 2%, 3%, 5%<\/li>\n<li><strong>Bateria<\/strong>: 950mAh, recarreg\u00e1vel Tipo-C<\/li>\n<li><strong>Resist\u00eancias<\/strong>: <strong>n\u00facleo de malha de fio de aquecimento duplo (0,8\u03a9)<\/strong><\/li>\n<li><strong>Ecr\u00e3s<\/strong>: Duplo com controlos t\u00e1teis<\/li>\n<li><strong>Modos<\/strong>: Fluxo de ar de 3 modos, comuta\u00e7\u00e3o de energia de 2 modos<\/li>\n<li><strong>Caracter\u00edsticas<\/strong>: Fluxo de ar ajust\u00e1vel, compacto e f\u00e1cil de usar<\/li>\n<\/ul>\n<\/div>\n<\/div>\n<\/div>\n<\/div>\n<div class=\"mb-2 flex gap-3 empty:hidden -ml-2\">\n<h2 class=\"items-center justify-start rounded-xl p-1 flex\"><\/h2>\n<\/div>\n<h2>Melhores vapes descart\u00e1veis de alta capacidade Bang Box 35k Puffs Lista de Sabores:<\/h2>\n<p>1.MORANGO KIWI<br \/>\n2.GELO DE FRAMBOESA AZUL<br \/>\n3.MORANGO MELANCIA<br \/>\n4.MARACUJ\u00c1<br \/>\n5.REFRIGERANTE DE COLA DE LIM\u00c3O<br \/>\n6.GELO DE MELANCIA<br \/>\n7.PASTILHA EL\u00c1STICA DE MELANCIA<br \/>\n8.GOIABA KIWI MARACUJ\u00c1<br \/>\n9.GELO DE MIRTILO<br \/>\n10.MELANCIA CEREJA<br \/>\n11. RED BULL<br \/>\n12. TORANJA COM MENTA<\/p>\n<div role=\"article\" data-tabster=\"{&quot;groupper&quot;:{&quot;tabbability&quot;:2},&quot;focusable&quot;:{}}\" data-content=\"ai-message\" aria-labelledby=\"dARUyEWDoEYhnSPXFwx5A-author dARUyEWDoEYhnSPXFwx5A-content\">\n<div id=\"dARUyEWDoEYhnSPXFwx5A-content\">\n<h3>Por que escolher as c\u00e1psulas de vape Bang Box 35000 Puff em <a href=\"https:\/\/vapestornado.com\/pt\/store\/\">vapestornado.com<\/a>?<\/h3>\n<ul>\n<li><strong>Capacidade Incompar\u00e1vel<\/strong>: Desfrute de <strong>mais de 35.000 puffs<\/strong> com uns generosos <strong>23 ml de e-l\u00edquido<\/strong> e <strong>fluxo de ar ajust\u00e1vel<\/strong> para uma experi\u00eancia de vaping personalizada.<\/li>\n<li><strong>Tecnologia Avan\u00e7ada<\/strong>: Alimentado por uma <strong>Bateria de cobalto puro de 950mAh<\/strong> com <strong>Descarga de 5A<\/strong> e <strong>n\u00facleo de malha dupla (0,8\u03a9)<\/strong> proporcionando <strong>15W-25W<\/strong> sa\u00edda.<\/li>\n<li><strong>F\u00e1cil de usar<\/strong>: Design compacto e elegante com carregamento r\u00e1pido Type-C para m\u00e1xima conveni\u00eancia.<\/li>\n<li><strong>Benef\u00edcios vapestornado.com<\/strong>: Produtos aut\u00eanticos, pre\u00e7os competitivos e envio r\u00e1pido em toda a Europa.<\/li>\n<\/ul>\n<\/div>\n<\/div>\n<h3>Perguntas frequentes sobre o vape Bang Box de longa dura\u00e7\u00e3o com 35000 puffs<\/h3>\n<p><strong>P: Quanto tempo dura o vape Bang Box de 35.000 Puffs?<\/strong><br \/>\nR: Ele oferece <strong>35.000 puffs<\/strong>\u00a0com um <strong>Bateria de cobalto puro de 950mAh<\/strong>, garantindo um uso duradouro.<\/p>\n<p><strong>P: O fluxo de ar pode ser ajustado?<\/strong><br \/>\nR: Sim, possui <strong>fluxo de ar ajust\u00e1vel<\/strong>, adequado para estilos de vaping MTL e DTL.<\/p>\n<p><strong>P: O que torna o Wholesale Vape Bang Box 35k puff \u00fanico?<\/strong><br \/>\nR: Est\u00e1 equipado com <strong>fio de aquecimento de malha dupla (0,8\u03a9)<\/strong>, oferece <strong>sa\u00edda de 15W-25W<\/strong>e combina design elegante com tecnologia inovadora para um desempenho superior.<\/p>\n<p><strong>P: Onde posso comprar o vape recarreg\u00e1vel Bang Box vape 35000 puffs?<\/strong><br \/>\nR: Est\u00e1 dispon\u00edvel em <strong>vapestornado.com<\/strong>, oferecendo produtos aut\u00eanticos, \u00f3timos pre\u00e7os e envio r\u00e1pido para a Europa.<\/p>","protected":false},"excerpt":{"rendered":"<p>O Bang Box 35000 Puffs oferece vaping de alta capacidade e longa dura\u00e7\u00e3o com 35.000 puffs, sabores premium e um design elegante e port\u00e1til para uma experi\u00eancia de vaping excecional.<\/p>\n<figure id=\"attachment_2951\" aria-describedby=\"caption-attachment-2951\" style=\"width: 265px\" class=\"wp-caption alignnone\"><img decoding=\"async\" class=\"size-medium wp-image-2951\" src=\"https:\/\/vapestornado.com\/wp-content\/uploads\/2024\/12\/Wholesale-Disposable-Vape-265x300.jpg\" alt=\"Vape Descart\u00e1vel por Grosso\" width=\"265\" height=\"300\" srcset=\"https:\/\/vapestornado.com\/wp-content\/uploads\/2024\/12\/Wholesale-Disposable-Vape-265x300.jpg 265w, https:\/\/vapestornado.com\/wp-content\/uploads\/2024\/12\/Wholesale-Disposable-Vape-768x871.jpg 768w, https:\/\/vapestornado.com\/wp-content\/uploads\/2024\/12\/Wholesale-Disposable-Vape-600x680.jpg 600w, https:\/\/vapestornado.com\/wp-content\/uploads\/2024\/12\/Wholesale-Disposable-Vape.jpg 823w\" sizes=\"(max-width: 265px) 100vw, 265px\" \/><figcaption id=\"caption-attachment-2951\" class=\"wp-caption-text\">Por favor, contacte o WhatsApp da Mandy para pre\u00e7o com desconto\u00a0 <a href=\"https:\/\/wa.me\/8618077105796\">+8618077105796<\/a><\/figcaption><\/figure>\n<p>&nbsp;<\/p>","protected":false},"featured_media":3480,"comment_status":"open","ping_status":"closed","template":"","meta":{"_acf_changed":false,"_uag_custom_page_level_css":"","_lmt_disableupdate":"no","_lmt_disable":"","_monsterinsights_skip_tracking":false,"_monsterinsights_sitenote_active":false,"_monsterinsights_sitenote_note":"","_monsterinsights_sitenote_category":0,"site-sidebar-layout":"default","site-content-layout":"","ast-site-content-layout":"default","site-content-style":"default","site-sidebar-style":"default","ast-global-header-display":"","ast-banner-title-visibility":"","ast-main-header-display":"","ast-hfb-above-header-display":"","ast-hfb-below-header-display":"","ast-hfb-mobile-header-display":"","site-post-title":"","ast-breadcrumbs-content":"","ast-featured-img":"","footer-sml-layout":"","ast-disable-related-posts":"","theme-transparent-header-meta":"default","adv-header-id-meta":"","stick-header-meta":"","header-above-stick-meta":"","header-main-stick-meta":"","header-below-stick-meta":"","astra-migrate-meta-layouts":"set","ast-page-background-enabled":"default","ast-page-background-meta":{"desktop":{"background-color":"","background-image":"","background-repeat":"repeat","background-position":"center center","background-size":"auto","background-attachment":"scroll","background-type":"","background-media":"","overlay-type":"","overlay-color":"","overlay-opacity":"","overlay-gradient":""},"tablet":{"background-color":"","background-image":"","background-repeat":"repeat","background-position":"center center","background-size":"auto","background-attachment":"scroll","background-type":"","background-media":"","overlay-type":"","overlay-color":"","overlay-opacity":"","overlay-gradient":""},"mobile":{"background-color":"","background-image":"","background-repeat":"repeat","background-position":"center center","background-size":"auto","background-attachment":"scroll","background-type":"","background-media":"","overlay-type":"","overlay-color":"","overlay-opacity":"","overlay-gradient":""}},"ast-content-background-meta":{"desktop":{"background-color":"var(--ast-global-color-5)","background-image":"","background-repeat":"repeat","background-position":"center center","background-size":"auto","background-attachment":"scroll","background-type":"","background-media":"","overlay-type":"","overlay-color":"","overlay-opacity":"","overlay-gradient":""},"tablet":{"background-color":"var(--ast-global-color-5)","background-image":"","background-repeat":"repeat","background-position":"center center","background-size":"auto","background-attachment":"scroll","background-type":"","background-media":"","overlay-type":"","overlay-color":"","overlay-opacity":"","overlay-gradient":""},"mobile":{"background-color":"var(--ast-global-color-5)","background-image":"","background-repeat":"repeat","background-position":"center center","background-size":"auto","background-attachment":"scroll","background-type":"","background-media":"","overlay-type":"","overlay-color":"","overlay-opacity":"","overlay-gradient":""}},"_joinchat":{"telephone":"+8618077105796"}},"product_brand":[],"product_cat":[175,64,150,158],"product_tag":[179,97],"class_list":{"0":"post-3320","1":"product","2":"type-product","3":"status-publish","4":"has-post-thumbnail","6":"product_cat-35000-puff","7":"product_cat-bangbox-vape","8":"product_cat-buy-disposable-vapes-in-belgium","9":"product_cat-buy-disposable-vapes-in-spain","10":"product_tag-bang-box-35000","11":"product_tag-hot-sale-disposable-vape","12":"desktop-align-left","13":"tablet-align-left","14":"mobile-align-left","16":"first","17":"instock","18":"sale","19":"shipping-taxable","20":"purchasable","21":"product-type-simple"},"acf":[],"uagb_featured_image_src":{"full":["https:\/\/vapestornado.com\/wp-content\/uploads\/2024\/12\/Bang-Box-35k-puff-disposable-Vape-good-price.jpg",800,800,false],"thumbnail":["https:\/\/vapestornado.com\/wp-content\/uploads\/2024\/12\/Bang-Box-35k-puff-disposable-Vape-good-price-150x150.jpg",150,150,true],"medium":["https:\/\/vapestornado.com\/wp-content\/uploads\/2024\/12\/Bang-Box-35k-puff-disposable-Vape-good-price-300x300.jpg",300,300,true],"medium_large":["https:\/\/vapestornado.com\/wp-content\/uploads\/2024\/12\/Bang-Box-35k-puff-disposable-Vape-good-price-768x768.jpg",768,768,true],"large":["https:\/\/vapestornado.com\/wp-content\/uploads\/2024\/12\/Bang-Box-35k-puff-disposable-Vape-good-price.jpg",800,800,false],"1536x1536":["https:\/\/vapestornado.com\/wp-content\/uploads\/2024\/12\/Bang-Box-35k-puff-disposable-Vape-good-price.jpg",800,800,false],"2048x2048":["https:\/\/vapestornado.com\/wp-content\/uploads\/2024\/12\/Bang-Box-35k-puff-disposable-Vape-good-price.jpg",800,800,false],"trp-custom-language-flag":["https:\/\/vapestornado.com\/wp-content\/uploads\/2024\/12\/Bang-Box-35k-puff-disposable-Vape-good-price.jpg",12,12,false],"woocommerce_thumbnail":["https:\/\/vapestornado.com\/wp-content\/uploads\/2024\/12\/Bang-Box-35k-puff-disposable-Vape-good-price-300x300.jpg",300,300,true],"woocommerce_single":["https:\/\/vapestornado.com\/wp-content\/uploads\/2024\/12\/Bang-Box-35k-puff-disposable-Vape-good-price-600x600.jpg",600,600,true],"woocommerce_gallery_thumbnail":["https:\/\/vapestornado.com\/wp-content\/uploads\/2024\/12\/Bang-Box-35k-puff-disposable-Vape-good-price-100x100.jpg",100,100,true]},"uagb_author_info":{"display_name":"ESMANDY","author_link":"https:\/\/vapestornado.com\/pt\/author\/"},"uagb_comment_info":0,"uagb_excerpt":"Bang Box 35000 Puffs offers high-capacity, long-lasting vaping with 35,000 puffs, premium flavors, and a sleek, portable design for an exceptional vaping experience. [caption id=\"attachment_2951\" align=\"alignnone\" width=\"265\"] Pls Contact Mandy's WhatsApp For Discount Price\u00a0 +8618077105796[\/caption] &nbsp;","_links":{"self":[{"href":"https:\/\/vapestornado.com\/pt\/wp-json\/wp\/v2\/product\/3320","targetHints":{"allow":["GET"]}}],"collection":[{"href":"https:\/\/vapestornado.com\/pt\/wp-json\/wp\/v2\/product"}],"about":[{"href":"https:\/\/vapestornado.com\/pt\/wp-json\/wp\/v2\/types\/product"}],"replies":[{"embeddable":true,"href":"https:\/\/vapestornado.com\/pt\/wp-json\/wp\/v2\/comments?post=3320"}],"wp:featuredmedia":[{"embeddable":true,"href":"https:\/\/vapestornado.com\/pt\/wp-json\/wp\/v2\/media\/3480"}],"wp:attachment":[{"href":"https:\/\/vapestornado.com\/pt\/wp-json\/wp\/v2\/media?parent=3320"}],"wp:term":[{"taxonomy":"product_brand","embeddable":true,"href":"https:\/\/vapestornado.com\/pt\/wp-json\/wp\/v2\/product_brand?post=3320"},{"taxonomy":"product_cat","embeddable":true,"href":"https:\/\/vapestornado.com\/pt\/wp-json\/wp\/v2\/product_cat?post=3320"},{"taxonomy":"product_tag","embeddable":true,"href":"https:\/\/vapestornado.com\/pt\/wp-json\/wp\/v2\/product_tag?post=3320"}],"curies":[{"name":"wp","href":"https:\/\/api.w.org\/{rel}","templated":true}]}}