{"id":3301,"date":"2024-12-20T08:43:41","date_gmt":"2024-12-20T08:43:41","guid":{"rendered":"https:\/\/vapestornado.com\/?post_type=product&#038;p=3301"},"modified":"2025-08-23T12:25:51","modified_gmt":"2025-08-23T12:25:51","slug":"vookbar-cyber-pro-30000-puffs-disposable-vape-5-wholesale-price","status":"publish","type":"product","link":"https:\/\/vapestornado.com\/pt\/product\/vookbar-cyber-pro-30000-puffs-disposable-vape-5-wholesale-price\/","title":{"rendered":"Vookbar Cyber PRO 30000 Puffs Vape Descart\u00e1vel 5% Pre\u00e7o por Atacado"},"content":{"rendered":"<h1>Vookbar Cyber PRO 30000 Puffs Vape Descart\u00e1vel 5% Pre\u00e7o por Atacado<\/h1>\n<p>&nbsp;<\/p>\n<div role=\"article\" data-tabster=\"{&quot;groupper&quot;:{&quot;tabbability&quot;:2},&quot;focusable&quot;:{}}\" data-content=\"ai-message\" aria-labelledby=\"64JRvXrTnY7mRmPkEQLLT-author 64JRvXrTnY7mRmPkEQLLT-content\">\n<div id=\"64JRvXrTnY7mRmPkEQLLT-content\">\n<p>O <strong>Vookbar Cyber PRO 30000 Puff Vape Descart\u00e1vel<\/strong> redefine os limites do vaping moderno, fundindo tecnologia avan\u00e7ada com desempenho excecional. Projetado para vapers que procuram mais do que apenas um dispositivo comum, o Cyber PRO combina recursos inteligentes com um design elegante, criando uma experi\u00eancia de vaping verdadeiramente futurista.<\/p>\n<p><strong>Desempenho Incompar\u00e1vel<\/strong><\/p>\n<p>Com um impressionante <strong>vida \u00fatil de 30k puffs<\/strong>, o Vookbar Cyber PRO oferece uma longevidade incompar\u00e1vel, tornando-o uma escolha ideal para uso prolongado. O dispositivo est\u00e1 equipado com um <strong>capacidade de e-l\u00edquido de 22ml<\/strong> e apresenta uma concentra\u00e7\u00e3o de nicotina de <strong>20mg\/ml<\/strong>, fornecendo vapor consistente e satisfat\u00f3rio a cada puff. Alimentado por uma robusta <strong>bateria recarreg\u00e1vel de 2.850mAh<\/strong> e utilizando um <strong>porta de carregamento Tipo C<\/strong>, o Cyber PRO garante um recarregamento r\u00e1pido e confi\u00e1vel para uso ininterrupto.<\/p>\n<p><strong>Integra\u00e7\u00e3o de Tecnologia Inteligente<\/strong><\/p>\n<p>O Vookbar Cyber PRO vai al\u00e9m do vaping tradicional, servindo como um dispositivo multifuncional que se integra perfeitamente com o seu estilo de vida digital. Ele se conecta via <strong>Bluetooth<\/strong> ou seu aplicativo propriet\u00e1rio, permitindo recursos inteligentes como:<\/p>\n<ul>\n<li><strong>Configura\u00e7\u00f5es de vaping personaliz\u00e1veis<\/strong> para adaptar sua experi\u00eancia \u00e0s suas prefer\u00eancias.<\/li>\n<li><strong>Controlo remoto da c\u00e2mara<\/strong>, perfeito para selfies e fotografia criativa.<\/li>\n<li><strong>Notifica\u00e7\u00f5es de redes sociais<\/strong> para o manter atualizado em movimento.<\/li>\n<li><strong>Op\u00e7\u00f5es de papel de parede personalizadas<\/strong>, permitindo a personaliza\u00e7\u00e3o do ecr\u00e3 din\u00e2mico do seu dispositivo.<\/li>\n<li>Ferramentas integradas como uma <strong>calculadora<\/strong>, <strong>minijogos<\/strong>, e muito mais para maior conveni\u00eancia.<\/li>\n<\/ul>\n<figure id=\"attachment_3493\" aria-describedby=\"caption-attachment-3493\" style=\"width: 518px\" class=\"wp-caption alignnone\"><img fetchpriority=\"high\" decoding=\"async\" class=\"wp-image-3493\" src=\"https:\/\/vapestornado.com\/wp-content\/uploads\/2024\/12\/Vookbar-vape-30000-Puffs-Wholesale-Prcie-Disposable-Vapes.jpg\" alt=\"Vookbar vape 30000 Puffs Pre\u00e7o grossista Vapes descart\u00e1veis\" width=\"518\" height=\"518\" srcset=\"https:\/\/vapestornado.com\/wp-content\/uploads\/2024\/12\/Vookbar-vape-30000-Puffs-Wholesale-Prcie-Disposable-Vapes.jpg 800w, https:\/\/vapestornado.com\/wp-content\/uploads\/2024\/12\/Vookbar-vape-30000-Puffs-Wholesale-Prcie-Disposable-Vapes-300x300.jpg 300w, https:\/\/vapestornado.com\/wp-content\/uploads\/2024\/12\/Vookbar-vape-30000-Puffs-Wholesale-Prcie-Disposable-Vapes-150x150.jpg 150w, https:\/\/vapestornado.com\/wp-content\/uploads\/2024\/12\/Vookbar-vape-30000-Puffs-Wholesale-Prcie-Disposable-Vapes-768x768.jpg 768w, https:\/\/vapestornado.com\/wp-content\/uploads\/2024\/12\/Vookbar-vape-30000-Puffs-Wholesale-Prcie-Disposable-Vapes-600x600.jpg 600w, https:\/\/vapestornado.com\/wp-content\/uploads\/2024\/12\/Vookbar-vape-30000-Puffs-Wholesale-Prcie-Disposable-Vapes-100x100.jpg 100w\" sizes=\"(max-width: 518px) 100vw, 518px\" \/><figcaption id=\"caption-attachment-3493\" class=\"wp-caption-text\">Vookbar vape 30000 Puffs Pre\u00e7o grossista Vapes descart\u00e1veis<\/figcaption><\/figure>\n<h2><strong>Porqu\u00ea escolher Vookbar Cyber PRO 30000 Puffs vapes?<\/strong><\/h2>\n<ul>\n<li><strong>Inova\u00e7\u00e3o<\/strong> Combina tecnologia de ponta com um design elegante.<\/li>\n<li><strong>Capacidade Maci\u00e7a:<\/strong> Oferece uma experi\u00eancia de vaping suave e satisfat\u00f3ria com uma capacidade de 30.000 puffs.<\/li>\n<li><strong>Funcionalidades Personaliz\u00e1veis:<\/strong> Ajuste a pot\u00eancia e a est\u00e9tica para se adequarem \u00e0s suas prefer\u00eancias \u00fanicas.<\/li>\n<li><strong>Constru\u00e7\u00e3o Dur\u00e1vel:<\/strong> Materiais de alta qualidade e uma bateria fi\u00e1vel garantem um desempenho a longo prazo.<\/li>\n<\/ul>\n<p>Quer seja um vaper experiente em tecnologia ou simplesmente esteja \u00e0 procura de um dispositivo de vaping potente e elegante, o <strong>Vookbar Cyber PRO 30000 Puffs Vape Descart\u00e1vel<\/strong> oferece uma combina\u00e7\u00e3o de <strong>inova\u00e7\u00e3o<\/strong>, <strong>desempenho<\/strong>e <strong>personaliza\u00e7\u00e3o<\/strong>. Eleve a sua experi\u00eancia de vaping hoje!<\/p>\n<\/div>\n<\/div>\n<p><img decoding=\"async\" class=\"wp-image-2951\" src=\"https:\/\/vapestornado.com\/wp-content\/uploads\/2024\/12\/Wholesale-Disposable-Vape-265x300.jpg\" alt=\"Vape Descart\u00e1vel por Grosso\" width=\"295\" height=\"334\" srcset=\"https:\/\/vapestornado.com\/wp-content\/uploads\/2024\/12\/Wholesale-Disposable-Vape-265x300.jpg 265w, https:\/\/vapestornado.com\/wp-content\/uploads\/2024\/12\/Wholesale-Disposable-Vape-768x871.jpg 768w, https:\/\/vapestornado.com\/wp-content\/uploads\/2024\/12\/Wholesale-Disposable-Vape-600x680.jpg 600w, https:\/\/vapestornado.com\/wp-content\/uploads\/2024\/12\/Wholesale-Disposable-Vape.jpg 823w\" sizes=\"(max-width: 295px) 100vw, 295px\" \/><\/p>\n<h6>Por favor, contacte o WhatsApp da Mandy para pre\u00e7o com desconto<a href=\"https:\/\/wa.me\/8618077105796\" target=\"_blank\" rel=\"noopener\">+8618077105796<\/a><\/h6>\n<p>&nbsp;<\/p>\n<div class=\"flex max-w-full flex-col flex-grow\">\n<div class=\"min-h-8 text-message flex w-full flex-col items-end gap-2 whitespace-normal break-words text-start [.text-message+&amp;]:mt-5\" dir=\"auto\" data-message-author-role=\"assistant\" data-message-id=\"cdb991c0-f594-4bff-b2d5-fbbdd7ce9e54\" data-message-model-slug=\"gpt-4o-mini\">\n<div class=\"flex w-full flex-col gap-1 empty:hidden first:pt-[3px]\">\n<div class=\"markdown prose w-full break-words dark:prose-invert light\">\n<h3>Venda por grosso de vape Vookbar Cyber PRO 30.000 Puffs \u2013 Especifica\u00e7\u00f5es<\/h3>\n<ul>\n<li><strong>Tamanho:<\/strong> Compacto e port\u00e1til, <strong>49x24x93mm<\/strong>.<\/li>\n<li><strong>Ecr\u00e3:<\/strong> <strong>Ecr\u00e3 HD de 2,01 polegadas<\/strong>, perfeito para configura\u00e7\u00f5es e notifica\u00e7\u00f5es.<\/li>\n<li><strong>Tipo de Resist\u00eancia:<\/strong> <strong>Resist\u00eancia de malha dupla<\/strong> para um sabor rico e nuvens suaves.<\/li>\n<li><strong>Capacidade de E-L\u00edquido:<\/strong> Pr\u00e9-cheio com <strong>22ML de l\u00edquido de vape premium<\/strong>.<\/li>\n<li><strong>Teor de Nicotina:<\/strong> Oferece um <strong>golpe de nicotina 5%<\/strong> satisfat\u00f3rio.<\/li>\n<li><strong>Bateria:<\/strong> De longa dura\u00e7\u00e3o <strong>bateria recarreg\u00e1vel de 850mAh<\/strong> com carregamento <strong>carregamento Tipo-C<\/strong>.<\/li>\n<li><strong>Modos de Vaporiza\u00e7\u00e3o:<\/strong>\n<ul>\n<li><strong>Modo Normal:<\/strong> At\u00e9 <strong>30.000 puffs<\/strong> para vaporiza\u00e7\u00e3o prolongada.<\/li>\n<li><strong>Modo de Pot\u00eancia:<\/strong> At\u00e9 <strong>15.000 puffs<\/strong> para um desempenho mais forte.<\/li>\n<\/ul>\n<\/li>\n<li><strong>Opera\u00e7\u00e3o:<\/strong> Simples <strong>controlo do bot\u00e3o lateral<\/strong> para ligar\/desligar e ajustes.<\/li>\n<li><strong>Funcionalidades:<\/strong> Conectividade Bluetooth, materiais ecol\u00f3gicos e modos de vaping personaliz\u00e1veis.<\/li>\n<\/ul>\n<\/div>\n<\/div>\n<\/div>\n<\/div>\n<div class=\"mb-2 flex gap-3 empty:hidden -ml-2\">\n<h3 class=\"items-center justify-start rounded-xl p-1 flex\"><\/h3>\n<\/div>\n<h3><strong>Lista de Sabores dos Vookbar Cyber PRO 30k Puffs Vape Pods:<\/strong><\/h3>\n<p>1. Gelo de framboesa azul<br \/>\n2. Gelo de p\u00eassego<br \/>\n3. Gelo de uva<br \/>\n4. Morango Melancia<br \/>\n5. Morango e banana<br \/>\n6. Melancia com cereja<br \/>\n7. Gelo de melancia<br \/>\n8. P\u00eassego e manga<br \/>\n9. Morango e kiwi<br \/>\n10. Gelo de morango branco<br \/>\n11. Gelo de gomas brancas<br \/>\n12. Pinacolada gelada<br \/>\n13. Fcking fab<br \/>\n14. Mojito de frutos silvestres<\/p>\n<div role=\"article\" data-tabster=\"{&quot;groupper&quot;:{&quot;tabbability&quot;:2},&quot;focusable&quot;:{}}\" data-content=\"ai-message\" aria-labelledby=\"dARUyEWDoEYhnSPXFwx5A-author dARUyEWDoEYhnSPXFwx5A-content\">\n<div id=\"dARUyEWDoEYhnSPXFwx5A-content\">\n<h4>Porqu\u00ea Escolher os Vapes descart\u00e1veis Vookbar Cyber PRO 30000 Puffs em <a href=\"https:\/\/vapestornado.com\/pt\/store\/\">vapestornado.com<\/a>?<\/h4>\n<p><strong>1. Capacidade Enorme de Puffs:<\/strong><br \/>\nConcebido para um prazer duradouro, o <strong>Vookbar Cyber PRO<\/strong> oferece at\u00e9 <strong>30.000 puffs<\/strong> no Modo Normal e <strong>15.000 puffs<\/strong> no Modo de Pot\u00eancia.<\/p>\n<p><strong>2. Funcionalidades de Ponta:<\/strong><br \/>\nEquipado com uma <strong>Ecr\u00e3 HD de 2,01 polegadas<\/strong>, <strong>tecnologia de bobina de malha dupla<\/strong>e <strong>modos de vaping personaliz\u00e1veis<\/strong>, combina desempenho com estilo.<\/p>\n<p><strong>3. E-L\u00edquido Premium e Op\u00e7\u00f5es de Nicotina:<\/strong><br \/>\nCom <strong>22ML de e-l\u00edquido pr\u00e9-cheio<\/strong> e <strong>concentra\u00e7\u00e3o de nicotina de 5%<\/strong>, experimente puffs suaves, saborosos e satisfat\u00f3rios sempre.<\/p>\n<p><strong>4. Design Inovador e Intuitivo:<\/strong><br \/>\nFuncionalidades como <strong>Conectividade Bluetooth<\/strong>, <strong>controlo do bot\u00e3o lateral<\/strong>e <strong>modo de movimento<\/strong> tornam o dispositivo f\u00e1cil de usar e multifuncional.<\/p>\n<p><strong>5. Compre com Confian\u00e7a em vapestornado.com:<\/strong><\/p>\n<ul>\n<li>Desfrute de <strong>pre\u00e7os competitivos<\/strong> na mais recente tecnologia de vaping.<\/li>\n<li>Beneficie de <strong>envio r\u00e1pido e fi\u00e1vel<\/strong> em toda a Europa.<\/li>\n<li>Escolha entre <strong>ofertas exclusivas de atacado<\/strong> para compras a granel.<\/li>\n<li>Compre com seguran\u00e7a com m\u00e9todos de pagamento confi\u00e1veis e excelente apoio ao cliente.<\/li>\n<\/ul>\n<p>Melhore a sua experi\u00eancia de vaping hoje com o <strong>Vookbar Cyber PRO 30K Puffs<\/strong> dispon\u00edvel em <strong>vapestornado.com<\/strong>!<\/p>\n<\/div>\n<\/div>\n<h4>FAQs sobre Vookbar Cyber PRO 30000 Puffs Vapes de longa dura\u00e7\u00e3o<\/h4>\n<p>&nbsp;<\/p>\n<h6><strong>1.O que torna o Vookbar Cyber PRO 30.000 Puffs Vape \u00fanico?<\/strong><\/h6>\n<ul>\n<li>O dispositivo combina <strong>tecnologia de vaping avan\u00e7ada<\/strong> com funcionalidades como <strong>modos de vaping personaliz\u00e1veis<\/strong>, uma <strong>Ecr\u00e3 HD de 2,01 polegadas<\/strong>e <strong>modos de vaporiza\u00e7\u00e3o duplos<\/strong> para desempenho prolongado ou potente.<\/li>\n<\/ul>\n<h6>2. <strong>Quantas vaporiza\u00e7\u00f5es posso obter com a Vookbar Cyber PRO Vape Box?<\/strong><\/h6>\n<ul>\n<li>In <strong>Modo Normal<\/strong>, pode desfrutar de at\u00e9 <strong>30.000 puffs<\/strong>, enquanto <strong>Modo Pot\u00eancia<\/strong> oferece <strong>15.000 puffs<\/strong> para uma experi\u00eancia de vaporiza\u00e7\u00e3o mais intensa.<\/li>\n<\/ul>\n<h6>3. <strong>Qual a concentra\u00e7\u00e3o de nicotina que a vookbar 30000 vaporiza\u00e7\u00f5es oferece?<\/strong><\/h6>\n<ul>\n<li>A Vookbar Cyber PRO apresenta <strong>concentra\u00e7\u00e3o de nicotina de 5%<\/strong>, proporcionando um golpe suave e satisfat\u00f3rio.<\/li>\n<\/ul>\n<h6>4. <strong>A Vookbar Cyber PRO \u00e9 um vape recarreg\u00e1vel?<\/strong><\/h6>\n<ul>\n<li>Sim, inclui um <strong>bateria recarreg\u00e1vel de 850mAh<\/strong> e suporta <strong>carregamento r\u00e1pido Tipo-C<\/strong>.<\/li>\n<\/ul>\n<h6>5. <strong>O vape de 30k vaporiza\u00e7\u00f5es da vookbar usa tecnologia de bobina de malha?<\/strong><\/h6>\n<ul>\n<li>Sim, o dispositivo apresenta <strong>tecnologia de bobina de malha dupla<\/strong> para um sabor consistente e produ\u00e7\u00e3o de vapor denso.<\/li>\n<\/ul>","protected":false},"excerpt":{"rendered":"<div class=\"flex-shrink-0 flex flex-col relative items-end\">\n<div>\n<div class=\"pt-0\">\n<div class=\"gizmo-bot-avatar flex h-8 w-8 items-center justify-center overflow-hidden rounded-full\">\n<div class=\"relative p-1 rounded-sm flex items-center justify-center bg-token-main-surface-primary text-token-text-primary h-8 w-8\"><\/div>\n<\/div>\n<\/div>\n<\/div>\n<\/div>\n<div class=\"group\/conversation-turn relative flex w-full min-w-0 flex-col agent-turn\">\n<div class=\"flex-col gap-1 md:gap-3\">\n<div class=\"flex max-w-full flex-col flex-grow\">\n<div class=\"min-h-8 text-message flex w-full flex-col items-end gap-2 whitespace-normal break-words text-start [.text-message+&amp;]:mt-5\" dir=\"auto\" data-message-author-role=\"assistant\" data-message-id=\"cffa29e8-f112-46da-81c0-9ed74f60547a\" data-message-model-slug=\"gpt-4o\">\n<div class=\"flex w-full flex-col gap-1 empty:hidden first:pt-[3px]\">\n<div class=\"markdown prose w-full break-words dark:prose-invert light\">\n<p>Vookbar Cyber PRO 30000 Puffs Vape Descart\u00e1vel, 5% nicotina, design elegante, alta capacidade, ideal para encomendas grossistas e em grande quantidade.<\/p>\n<\/div>\n<\/div>\n<\/div>\n<\/div>\n<\/div>\n<\/div>\n<figure id=\"attachment_2951\" aria-describedby=\"caption-attachment-2951\" style=\"width: 265px\" class=\"wp-caption alignnone\"><img decoding=\"async\" class=\"size-medium wp-image-2951\" src=\"https:\/\/vapestornado.com\/wp-content\/uploads\/2024\/12\/Wholesale-Disposable-Vape-265x300.jpg\" alt=\"Vape Descart\u00e1vel por Grosso\" width=\"265\" height=\"300\" srcset=\"https:\/\/vapestornado.com\/wp-content\/uploads\/2024\/12\/Wholesale-Disposable-Vape-265x300.jpg 265w, https:\/\/vapestornado.com\/wp-content\/uploads\/2024\/12\/Wholesale-Disposable-Vape-768x871.jpg 768w, https:\/\/vapestornado.com\/wp-content\/uploads\/2024\/12\/Wholesale-Disposable-Vape-600x680.jpg 600w, https:\/\/vapestornado.com\/wp-content\/uploads\/2024\/12\/Wholesale-Disposable-Vape.jpg 823w\" sizes=\"(max-width: 265px) 100vw, 265px\" \/><figcaption id=\"caption-attachment-2951\" class=\"wp-caption-text\">Por favor, contacte o WhatsApp da Mandy para pre\u00e7o com desconto\u00a0 <a href=\"https:\/\/wa.me\/8618077105796\">+8618077105796<\/a><\/figcaption><\/figure>\n<p>&nbsp;<\/p>","protected":false},"featured_media":3489,"comment_status":"open","ping_status":"closed","template":"","meta":{"_acf_changed":false,"_uag_custom_page_level_css":"","_lmt_disableupdate":"no","_lmt_disable":"","_monsterinsights_skip_tracking":false,"_monsterinsights_sitenote_active":false,"_monsterinsights_sitenote_note":"","_monsterinsights_sitenote_category":0,"site-sidebar-layout":"default","site-content-layout":"","ast-site-content-layout":"default","site-content-style":"default","site-sidebar-style":"default","ast-global-header-display":"","ast-banner-title-visibility":"","ast-main-header-display":"","ast-hfb-above-header-display":"","ast-hfb-below-header-display":"","ast-hfb-mobile-header-display":"","site-post-title":"","ast-breadcrumbs-content":"","ast-featured-img":"","footer-sml-layout":"","ast-disable-related-posts":"","theme-transparent-header-meta":"default","adv-header-id-meta":"","stick-header-meta":"","header-above-stick-meta":"","header-main-stick-meta":"","header-below-stick-meta":"","astra-migrate-meta-layouts":"set","ast-page-background-enabled":"default","ast-page-background-meta":{"desktop":{"background-color":"","background-image":"","background-repeat":"repeat","background-position":"center center","background-size":"auto","background-attachment":"scroll","background-type":"","background-media":"","overlay-type":"","overlay-color":"","overlay-opacity":"","overlay-gradient":""},"tablet":{"background-color":"","background-image":"","background-repeat":"repeat","background-position":"center center","background-size":"auto","background-attachment":"scroll","background-type":"","background-media":"","overlay-type":"","overlay-color":"","overlay-opacity":"","overlay-gradient":""},"mobile":{"background-color":"","background-image":"","background-repeat":"repeat","background-position":"center center","background-size":"auto","background-attachment":"scroll","background-type":"","background-media":"","overlay-type":"","overlay-color":"","overlay-opacity":"","overlay-gradient":""}},"ast-content-background-meta":{"desktop":{"background-color":"var(--ast-global-color-5)","background-image":"","background-repeat":"repeat","background-position":"center center","background-size":"auto","background-attachment":"scroll","background-type":"","background-media":"","overlay-type":"","overlay-color":"","overlay-opacity":"","overlay-gradient":""},"tablet":{"background-color":"var(--ast-global-color-5)","background-image":"","background-repeat":"repeat","background-position":"center center","background-size":"auto","background-attachment":"scroll","background-type":"","background-media":"","overlay-type":"","overlay-color":"","overlay-opacity":"","overlay-gradient":""},"mobile":{"background-color":"var(--ast-global-color-5)","background-image":"","background-repeat":"repeat","background-position":"center center","background-size":"auto","background-attachment":"scroll","background-type":"","background-media":"","overlay-type":"","overlay-color":"","overlay-opacity":"","overlay-gradient":""}},"_joinchat":{"telephone":"+8618077105796"}},"product_brand":[],"product_cat":[67,149,150,154,155],"product_tag":[97,188],"class_list":{"0":"post-3301","1":"product","2":"type-product","3":"status-publish","4":"has-post-thumbnail","6":"product_cat-30000-puff","7":"product_cat-buy-disposable-vapes-in-austria","8":"product_cat-buy-disposable-vapes-in-belgium","9":"product_cat-buy-disposable-vapes-in-netherlands","10":"product_cat-buy-disposable-vapes-in-norway","11":"product_tag-hot-sale-disposable-vape","12":"product_tag-vookbar-cyber-pro-30000-puffs","13":"desktop-align-left","14":"tablet-align-left","15":"mobile-align-left","17":"first","18":"instock","19":"sale","20":"shipping-taxable","21":"purchasable","22":"product-type-simple"},"acf":[],"uagb_featured_image_src":{"full":["https:\/\/vapestornado.com\/wp-content\/uploads\/2024\/12\/Best-Price-Vookbar-30000-Puff-Vapes.jpg",800,800,false],"thumbnail":["https:\/\/vapestornado.com\/wp-content\/uploads\/2024\/12\/Best-Price-Vookbar-30000-Puff-Vapes-150x150.jpg",150,150,true],"medium":["https:\/\/vapestornado.com\/wp-content\/uploads\/2024\/12\/Best-Price-Vookbar-30000-Puff-Vapes-300x300.jpg",300,300,true],"medium_large":["https:\/\/vapestornado.com\/wp-content\/uploads\/2024\/12\/Best-Price-Vookbar-30000-Puff-Vapes-768x768.jpg",768,768,true],"large":["https:\/\/vapestornado.com\/wp-content\/uploads\/2024\/12\/Best-Price-Vookbar-30000-Puff-Vapes.jpg",800,800,false],"1536x1536":["https:\/\/vapestornado.com\/wp-content\/uploads\/2024\/12\/Best-Price-Vookbar-30000-Puff-Vapes.jpg",800,800,false],"2048x2048":["https:\/\/vapestornado.com\/wp-content\/uploads\/2024\/12\/Best-Price-Vookbar-30000-Puff-Vapes.jpg",800,800,false],"trp-custom-language-flag":["https:\/\/vapestornado.com\/wp-content\/uploads\/2024\/12\/Best-Price-Vookbar-30000-Puff-Vapes.jpg",12,12,false],"woocommerce_thumbnail":["https:\/\/vapestornado.com\/wp-content\/uploads\/2024\/12\/Best-Price-Vookbar-30000-Puff-Vapes-300x300.jpg",300,300,true],"woocommerce_single":["https:\/\/vapestornado.com\/wp-content\/uploads\/2024\/12\/Best-Price-Vookbar-30000-Puff-Vapes-600x600.jpg",600,600,true],"woocommerce_gallery_thumbnail":["https:\/\/vapestornado.com\/wp-content\/uploads\/2024\/12\/Best-Price-Vookbar-30000-Puff-Vapes-100x100.jpg",100,100,true]},"uagb_author_info":{"display_name":"ESMANDY","author_link":"https:\/\/vapestornado.com\/pt\/author\/"},"uagb_comment_info":0,"uagb_excerpt":"Vookbar Cyber PRO 30000 Puffs Disposable Vape, 5% nicotine, sleek design, high capacity, ideal for wholesale and bulk orders. [caption id=\"attachment_2951\" align=\"alignnone\" width=\"265\"] Pls Contact Mandy's WhatsApp For Discount Price\u00a0 +8618077105796[\/caption] &nbsp;","_links":{"self":[{"href":"https:\/\/vapestornado.com\/pt\/wp-json\/wp\/v2\/product\/3301","targetHints":{"allow":["GET"]}}],"collection":[{"href":"https:\/\/vapestornado.com\/pt\/wp-json\/wp\/v2\/product"}],"about":[{"href":"https:\/\/vapestornado.com\/pt\/wp-json\/wp\/v2\/types\/product"}],"replies":[{"embeddable":true,"href":"https:\/\/vapestornado.com\/pt\/wp-json\/wp\/v2\/comments?post=3301"}],"wp:featuredmedia":[{"embeddable":true,"href":"https:\/\/vapestornado.com\/pt\/wp-json\/wp\/v2\/media\/3489"}],"wp:attachment":[{"href":"https:\/\/vapestornado.com\/pt\/wp-json\/wp\/v2\/media?parent=3301"}],"wp:term":[{"taxonomy":"product_brand","embeddable":true,"href":"https:\/\/vapestornado.com\/pt\/wp-json\/wp\/v2\/product_brand?post=3301"},{"taxonomy":"product_cat","embeddable":true,"href":"https:\/\/vapestornado.com\/pt\/wp-json\/wp\/v2\/product_cat?post=3301"},{"taxonomy":"product_tag","embeddable":true,"href":"https:\/\/vapestornado.com\/pt\/wp-json\/wp\/v2\/product_tag?post=3301"}],"curies":[{"name":"wp","href":"https:\/\/api.w.org\/{rel}","templated":true}]}}