{"id":3222,"date":"2024-12-18T08:11:42","date_gmt":"2024-12-18T08:11:42","guid":{"rendered":"https:\/\/vapestornado.com\/?post_type=product&#038;p=3222"},"modified":"2025-08-23T09:46:41","modified_gmt":"2025-08-23T09:46:41","slug":"vapsolo-tornado-pro-12000-puffs-2-5-low-nicotine-bulk-buy-rechargeable-disposable-vapes-pen-wholesale-price","status":"publish","type":"product","link":"https:\/\/vapestornado.com\/pt\/product\/vapsolo-tornado-pro-12000-puffs-2-5-low-nicotine-bulk-buy-rechargeable-disposable-vapes-pen-wholesale-price\/","title":{"rendered":"Vapsolo Tornado Pro 12000 Puffs 2% 5% Baixa Nicotina Compra a Granel Caneta de Vapes Descart\u00e1veis Recarreg\u00e1veis Pre\u00e7o de Atacado"},"content":{"rendered":"<h1 class=\"product-title\">Vapsolo Tornado Pro 12000 Puffs 2% 5% Baixa Nicotina Compra a Granel Caneta de Vapes Descart\u00e1veis Recarreg\u00e1veis Pre\u00e7o de Atacado<\/h1>\n<p>O <strong>Vapsolo Tornado Pro 12000<\/strong> puffs \u00e9 o derradeiro <strong>vape descart\u00e1vel recarreg\u00e1vel<\/strong> que combina tecnologia de ponta com estilo. Oferecendo <strong>at\u00e9 12.000 puffs<\/strong>, este dispositivo \u00e9 perfeito para sess\u00f5es de vaping prolongadas. A sua <strong>capacidade de 20ml de e-l\u00edquido<\/strong> minimiza os reabastecimentos, enquanto o <strong>bateria recarreg\u00e1vel de 650mAh<\/strong> garante que est\u00e1 sempre pronto para vapear, gra\u00e7as a <strong>carregamento r\u00e1pido Tipo-C<\/strong>.<\/p>\n<p>O que distingue o <strong>Vapsolo Tornado Pro 12000<\/strong> \u00e9 a inclus\u00e3o de <strong>ilumina\u00e7\u00e3o RGB<\/strong>, proporcionando uma experi\u00eancia de vaping din\u00e2mica e colorida que chama a aten\u00e7\u00e3o. O <strong>Ecr\u00e3 LCD<\/strong> mant\u00e9m-no informado sobre detalhes essenciais, como a contagem de puffs e o estado da bateria, garantindo um uso sem complica\u00e7\u00f5es. Com <strong>fluxo de ar ajust\u00e1vel<\/strong> e <strong>tecnologia de resist\u00eancia de malha<\/strong>, proporciona um vapor suave e saboroso sempre.<\/p>\n<p>Dispon\u00edvel em <strong>vape descart\u00e1vel por grosso<\/strong> pre\u00e7os, o <strong>Vapsolo Tornado Pro 12000<\/strong> \u00e9 perfeito para retalhistas e compradores em grandes quantidades que procuram um dispositivo rico em funcionalidades e de alta qualidade. Quer esteja \u00e0 procura de um <strong>vape com baixo teor de nicotina<\/strong> ou um elegante <strong>vape descart\u00e1vel barato<\/strong>, este modelo cumpre todos os requisitos.<\/p>\n<p>&nbsp;<\/p>\n<p><strong>Adicione o Whatsapp da Amy e obtenha uma resposta r\u00e1pida e um cup\u00e3o de vape!<\/strong><\/p>\n<p><img fetchpriority=\"high\" decoding=\"async\" class=\"size-full wp-image-2932\" src=\"https:\/\/vapestornado.com\/wp-content\/uploads\/2024\/12\/Vape-Wholesale.jpg\" alt=\"Vape Atacado\" width=\"229\" height=\"300\" \/><\/p>\n<h3><a href=\"https:\/\/wa.me\/8617776015835\" target=\"_blank\" rel=\"noopener\"><span style=\"color: #ff0000;\"><strong>WhatsApp: +86 17776015835<\/strong><\/span><\/a><\/h3>\n<p>&nbsp;<\/p>\n<h2><strong>Caracter\u00edsticas do Produto Vapsolo Tornado Pro 12000 Puffs<\/strong><\/h2>\n<div role=\"article\" data-tabster=\"{&quot;groupper&quot;:{&quot;tabbability&quot;:2},&quot;focusable&quot;:{}}\" data-content=\"ai-message\" aria-labelledby=\"juhNTJ6o7Gk1cgwZMJgv2-author juhNTJ6o7Gk1cgwZMJgv2-content\">\n<div id=\"juhNTJ6o7Gk1cgwZMJgv2-content\">\n<div role=\"article\" data-tabster=\"{&quot;groupper&quot;:{&quot;tabbability&quot;:2},&quot;focusable&quot;:{}}\" data-content=\"ai-message\" aria-labelledby=\"x4EZuCZWrTbh3weWUt7CU-author x4EZuCZWrTbh3weWUt7CU-content\">\n<div id=\"x4EZuCZWrTbh3weWUt7CU-content\">\n<h3><\/h3>\n<ol>\n<li><strong>12.000 Puffs:<\/strong> Uso prolongado sem substitui\u00e7\u00f5es frequentes.<\/li>\n<li><strong>Bateria Recarreg\u00e1vel:<\/strong> 650mAh com carregamento r\u00e1pido Tipo-C.<\/li>\n<li><strong>Capacidade de E-L\u00edquido de 20ml:<\/strong> Recargas menos frequentes para maior conveni\u00eancia.<\/li>\n<li><strong>Ilumina\u00e7\u00e3o RGB:<\/strong> Efeitos visuais elegantes e coloridos para um visual moderno.<\/li>\n<li><strong>Ecr\u00e3 LCD:<\/strong> Monitoriza\u00e7\u00e3o f\u00e1cil da contagem de puffs e dos n\u00edveis da bateria.<\/li>\n<li><strong>Fluxo de ar ajust\u00e1vel:<\/strong> Quatro configura\u00e7\u00f5es para passagens personalizadas.<\/li>\n<li><strong>Tecnologia de resist\u00eancia de malha:<\/strong> Vapor consistente com sabor aprimorado.<\/li>\n<li><strong>Op\u00e7\u00f5es de baixo teor de nicotina:<\/strong> Escolha entre n\u00edveis de nicotina de 2% e 5%.<\/li>\n<li><strong>Design port\u00e1til:<\/strong> Leve, dur\u00e1vel e f\u00e1cil de transportar.<\/li>\n<li><strong>Adequado para venda por grosso:<\/strong> Pre\u00e7os acess\u00edveis para compras a granel.<\/li>\n<\/ol>\n<p>&nbsp;<\/p>\n<\/div>\n<\/div>\n<\/div>\n<\/div>\n<h2 class=\"product-title\"><strong>Lista de Sabores Vapsolo Tornado 12000 Puffs<\/strong><\/h2>\n<p>1. melancia gelada<br \/>\n2. morango kiwi<br \/>\n3. framboesa azul<br \/>\n4. Cereja Efervescente<br \/>\n5. mirtilo gelado<br \/>\n6. Morango Framboesa Cereja Gelada<br \/>\n7. P\u00eassego Manga Anan\u00e1s<br \/>\n8. Uva Gelada<br \/>\n9. Framboesa Melancia<br \/>\n10. Morango Banana<\/p>\n<figure id=\"attachment_3211\" aria-describedby=\"caption-attachment-3211\" style=\"width: 600px\" class=\"wp-caption alignnone\"><img decoding=\"async\" class=\"wp-image-3211\" src=\"https:\/\/vapestornado.com\/wp-content\/uploads\/2024\/12\/Best-Vapsolo-Tornado-Pro-12000-Disposable-Vapes-Wholesale-300x300.jpg\" alt=\"Melhores Vapes Descart\u00e1veis Vapsolo Tornado Pro 12000 para Venda por Grosso\" width=\"600\" height=\"600\" srcset=\"https:\/\/vapestornado.com\/wp-content\/uploads\/2024\/12\/Best-Vapsolo-Tornado-Pro-12000-Disposable-Vapes-Wholesale-300x300.jpg 300w, https:\/\/vapestornado.com\/wp-content\/uploads\/2024\/12\/Best-Vapsolo-Tornado-Pro-12000-Disposable-Vapes-Wholesale-1024x1024.jpg 1024w, https:\/\/vapestornado.com\/wp-content\/uploads\/2024\/12\/Best-Vapsolo-Tornado-Pro-12000-Disposable-Vapes-Wholesale-150x150.jpg 150w, https:\/\/vapestornado.com\/wp-content\/uploads\/2024\/12\/Best-Vapsolo-Tornado-Pro-12000-Disposable-Vapes-Wholesale-768x768.jpg 768w, https:\/\/vapestornado.com\/wp-content\/uploads\/2024\/12\/Best-Vapsolo-Tornado-Pro-12000-Disposable-Vapes-Wholesale-600x600.jpg 600w, https:\/\/vapestornado.com\/wp-content\/uploads\/2024\/12\/Best-Vapsolo-Tornado-Pro-12000-Disposable-Vapes-Wholesale-100x100.jpg 100w, https:\/\/vapestornado.com\/wp-content\/uploads\/2024\/12\/Best-Vapsolo-Tornado-Pro-12000-Disposable-Vapes-Wholesale.jpg 1126w\" sizes=\"(max-width: 600px) 100vw, 600px\" \/><figcaption id=\"caption-attachment-3211\" class=\"wp-caption-text\">Melhores Vapes Descart\u00e1veis Vapsolo Tornado Pro 12000 para Venda por Grosso<\/figcaption><\/figure>\n<h3>Por que escolher vapestornado para Venda por Grosso de Vapes Vapsolo Tornado 12000 Puffs?<\/h3>\n<div class=\"flex-shrink-0 flex flex-col relative items-end\">\n<div class=\"pt-0\">\n<div class=\"gizmo-bot-avatar flex h-8 w-8 items-center justify-center overflow-hidden rounded-full\">\n<div class=\"relative p-1 rounded-sm flex items-center justify-center bg-token-main-surface-primary text-token-text-primary h-8 w-8\">\n<p>Bem-vindo \u00e0 vapestornado, a sua loja de vape online de confian\u00e7a para vapes descart\u00e1veis premium. Com mais de 5 anos de experi\u00eancia, trazemos-lhe marcas populares de vapes descart\u00e1veis, como Fumot RandM Vape, <a href=\"https:\/\/vapestornado.com\/pt\/product\/vapme-crystal-7000-puffs-rechargeable-disposable-vape-wholesale-cheap-price\/\">Vapme<\/a>, Bang Vape, Waspe Vape e WGA Vape, etc.<\/p>\n<p>A nossa gama inclui vapes de venda quente como o <a href=\"https:\/\/vapestornado.com\/pt\/product\/fumot-randm-tornado-15000-puffs-rechargeable-disposable-vape-wholesale\/\">RandM Tornado 15000<\/a>, e op\u00e7\u00f5es ricas em sabor como o <a href=\"https:\/\/vapestornado.com\/pt\/product\/vapsolo-dg-18000-puffs-smart-screen-wholesale-disposable-cheap-vapes\/\">\u00a0Vapsolo DG18000 Puffs<\/a> Cada produto \u00e9 selecionado com foco na qualidade, valor e variedade, garantindo que encontre a combina\u00e7\u00e3o perfeita para as suas necessidades. Descubra um servi\u00e7o excecional e uma vasta gama de produtos de topo com pre\u00e7o de atacado na vapestornado.<\/p>\n<\/div>\n<h3><\/h3>\n<div class=\"relative p-1 rounded-sm flex items-center justify-center bg-token-main-surface-primary text-token-text-primary h-8 w-8\">\n<h3>Perguntas Frequentes para Vapsolo Tornado Pro 12000 Puffs Vape Descart\u00e1vel<\/h3>\n<\/div>\n<\/div>\n<\/div>\n<\/div>\n<div class=\"flex-shrink-0 flex flex-col relative items-end\">\n<div class=\"pt-0\">\n<div class=\"gizmo-bot-avatar flex h-8 w-8 items-center justify-center overflow-hidden rounded-full\">\n<div class=\"relative p-1 rounded-sm flex items-center justify-center bg-token-main-surface-primary text-token-text-primary h-8 w-8\">\n<div class=\"mb-2 flex gap-3 empty:hidden -ml-2\">\n<div role=\"article\" data-tabster=\"{&quot;groupper&quot;:{&quot;tabbability&quot;:2},&quot;focusable&quot;:{}}\" data-content=\"ai-message\" aria-labelledby=\"Vdt5ez4X7Tg813x6rFVha-author Vdt5ez4X7Tg813x6rFVha-content\">\n<div id=\"Vdt5ez4X7Tg813x6rFVha-content\">\n<div role=\"article\" data-tabster=\"{&quot;groupper&quot;:{&quot;tabbability&quot;:2},&quot;focusable&quot;:{}}\" data-content=\"ai-message\" aria-labelledby=\"o968oC7CEo2fGHsGdsRYC-author o968oC7CEo2fGHsGdsRYC-content\">\n<div id=\"o968oC7CEo2fGHsGdsRYC-content\">\n<h3><\/h3>\n<ol>\n<li><strong>Quantos puffs o Vapsolo Tornado Pro 12000 oferece?<\/strong><br \/>\nEste dispositivo oferece at\u00e9 <strong>12.000 puffs<\/strong>, tornando-o ideal para uso a longo prazo sem substitui\u00e7\u00f5es.<\/li>\n<li><strong>O dispositivo Vapsolo 12000 tem capacidades recarreg\u00e1veis?<\/strong><br \/>\nSim, possui um\/uma <strong>bateria recarreg\u00e1vel de 650mAh<\/strong> com um\/uma <strong>porta de carregamento Tipo C<\/strong> para um carregamento r\u00e1pido e eficiente.<\/li>\n<li><strong>O que torna a ilumina\u00e7\u00e3o RGB do Vapsolo Tornado Pro 12000 \u00fanica?<\/strong><br \/>\nO <strong>ilumina\u00e7\u00e3o RGB<\/strong> melhora a experi\u00eancia de vaping com efeitos vibrantes e coloridos, conferindo-lhe um apelo moderno e elegante.<\/li>\n<li><strong>Como funciona o fluxo de ar ajust\u00e1vel do Vapsolo Tornado 12000?<\/strong><br \/>\nO <strong>sistema de fluxo de ar de quatro n\u00edveis<\/strong> permite personalizar a sua experi\u00eancia de vaping, desde passagens apertadas a baforadas relaxadas.<\/li>\n<li><strong>Por que \u00e9 que o Vapsolo Tornado Pro 12000 \u00e9 ideal para compradores grossistas?<\/strong><br \/>\nCombina <strong>alta capacidade de baforadas<\/strong>, <strong>caracter\u00edsticas premium<\/strong>e <strong>pre\u00e7os acess\u00edveis a granel<\/strong>, tornando-o perfeito para retalhistas e revendedores.<\/li>\n<\/ol>\n<\/div>\n<\/div>\n<\/div>\n<\/div>\n<\/div>\n<\/div>\n<\/div>\n<\/div>\n<\/div>","protected":false},"excerpt":{"rendered":"<p>VapSolo Tornado Pro 12000 Puffs 2% 5% Vape Descart\u00e1vel de Baixa Nicotina para Compra a Granel com Pre\u00e7o de F\u00e1brica<br \/>\nVapSolo Tornado Pro 12000 Puffs Vape Descart\u00e1vel Recarreg\u00e1vel por Grosso<br \/>\nVape Descart\u00e1vel Barato de F\u00e1brica Tornado 12000 Puffs 2% 5% de Baixa Nicotina<\/p>\n<p><strong>Adicione o WhatsApp da Amy para uma resposta r\u00e1pida e cup\u00e3o de vape!<\/strong><\/p>\n<p><img fetchpriority=\"high\" decoding=\"async\" class=\"size-full wp-image-2932\" src=\"https:\/\/vapestornado.com\/wp-content\/uploads\/2024\/12\/Vape-Wholesale.jpg\" alt=\"Vape Atacado\" width=\"229\" height=\"300\" \/><\/p>\n<h3><a href=\"https:\/\/wa.me\/8617776015835\"><span style=\"color: #ff0000;\"><strong>WhatsApp: +86 17776015835<\/strong><\/span><\/a><\/h3>\n<p>&nbsp;<\/p>","protected":false},"featured_media":3215,"comment_status":"open","ping_status":"closed","template":"","meta":{"_acf_changed":false,"_uag_custom_page_level_css":"","_lmt_disableupdate":"no","_lmt_disable":"","_monsterinsights_skip_tracking":false,"_monsterinsights_sitenote_active":false,"_monsterinsights_sitenote_note":"","_monsterinsights_sitenote_category":0,"site-sidebar-layout":"default","site-content-layout":"","ast-site-content-layout":"default","site-content-style":"default","site-sidebar-style":"default","ast-global-header-display":"","ast-banner-title-visibility":"","ast-main-header-display":"","ast-hfb-above-header-display":"","ast-hfb-below-header-display":"","ast-hfb-mobile-header-display":"","site-post-title":"","ast-breadcrumbs-content":"","ast-featured-img":"","footer-sml-layout":"","ast-disable-related-posts":"","theme-transparent-header-meta":"default","adv-header-id-meta":"","stick-header-meta":"","header-above-stick-meta":"","header-main-stick-meta":"","header-below-stick-meta":"","astra-migrate-meta-layouts":"set","ast-page-background-enabled":"default","ast-page-background-meta":{"desktop":{"background-color":"","background-image":"","background-repeat":"repeat","background-position":"center center","background-size":"auto","background-attachment":"scroll","background-type":"","background-media":"","overlay-type":"","overlay-color":"","overlay-opacity":"","overlay-gradient":""},"tablet":{"background-color":"","background-image":"","background-repeat":"repeat","background-position":"center center","background-size":"auto","background-attachment":"scroll","background-type":"","background-media":"","overlay-type":"","overlay-color":"","overlay-opacity":"","overlay-gradient":""},"mobile":{"background-color":"","background-image":"","background-repeat":"repeat","background-position":"center center","background-size":"auto","background-attachment":"scroll","background-type":"","background-media":"","overlay-type":"","overlay-color":"","overlay-opacity":"","overlay-gradient":""}},"ast-content-background-meta":{"desktop":{"background-color":"var(--ast-global-color-5)","background-image":"","background-repeat":"repeat","background-position":"center center","background-size":"auto","background-attachment":"scroll","background-type":"","background-media":"","overlay-type":"","overlay-color":"","overlay-opacity":"","overlay-gradient":""},"tablet":{"background-color":"var(--ast-global-color-5)","background-image":"","background-repeat":"repeat","background-position":"center center","background-size":"auto","background-attachment":"scroll","background-type":"","background-media":"","overlay-type":"","overlay-color":"","overlay-opacity":"","overlay-gradient":""},"mobile":{"background-color":"var(--ast-global-color-5)","background-image":"","background-repeat":"repeat","background-position":"center center","background-size":"auto","background-attachment":"scroll","background-type":"","background-media":"","overlay-type":"","overlay-color":"","overlay-opacity":"","overlay-gradient":""}},"_joinchat":{"telephone":"+8617776015835"}},"product_brand":[],"product_cat":[72,153,154,159,142,143,171],"product_tag":[165,97,166,94,139,172,169],"class_list":{"0":"post-3222","1":"product","2":"type-product","3":"status-publish","4":"has-post-thumbnail","6":"product_cat-12000-puff","7":"product_cat-buy-disposable-vapes-in-italy","8":"product_cat-buy-disposable-vapes-in-netherlands","9":"product_cat-buy-disposable-vapes-in-sweden","10":"product_cat-digital-box-disposable-vapes","11":"product_cat-dual-mesh-disposable-vapes","12":"product_cat-vapsolo-disposable-vapes","13":"product_tag-cheap-vapes","14":"product_tag-hot-sale-disposable-vape","15":"product_tag-low-nicotine-vape","16":"product_tag-rechargeable-disposable-vape","17":"product_tag-vapsolo","18":"product_tag-vapsolo-tornado-pro-12000","19":"product_tag-vasolo-12000","20":"desktop-align-left","21":"tablet-align-left","22":"mobile-align-left","24":"first","25":"instock","26":"sale","27":"shipping-taxable","28":"purchasable","29":"product-type-simple"},"acf":[],"uagb_featured_image_src":{"full":["https:\/\/vapestornado.com\/wp-content\/uploads\/2024\/12\/Vapsolo-Tornado-Pro-12000-Rechargeable-Disposable-Vapes-Bulk-Buy-Wholesale.jpg",1126,1126,false],"thumbnail":["https:\/\/vapestornado.com\/wp-content\/uploads\/2024\/12\/Vapsolo-Tornado-Pro-12000-Rechargeable-Disposable-Vapes-Bulk-Buy-Wholesale-150x150.jpg",150,150,true],"medium":["https:\/\/vapestornado.com\/wp-content\/uploads\/2024\/12\/Vapsolo-Tornado-Pro-12000-Rechargeable-Disposable-Vapes-Bulk-Buy-Wholesale-300x300.jpg",300,300,true],"medium_large":["https:\/\/vapestornado.com\/wp-content\/uploads\/2024\/12\/Vapsolo-Tornado-Pro-12000-Rechargeable-Disposable-Vapes-Bulk-Buy-Wholesale-768x768.jpg",768,768,true],"large":["https:\/\/vapestornado.com\/wp-content\/uploads\/2024\/12\/Vapsolo-Tornado-Pro-12000-Rechargeable-Disposable-Vapes-Bulk-Buy-Wholesale-1024x1024.jpg",1024,1024,true],"1536x1536":["https:\/\/vapestornado.com\/wp-content\/uploads\/2024\/12\/Vapsolo-Tornado-Pro-12000-Rechargeable-Disposable-Vapes-Bulk-Buy-Wholesale.jpg",1126,1126,false],"2048x2048":["https:\/\/vapestornado.com\/wp-content\/uploads\/2024\/12\/Vapsolo-Tornado-Pro-12000-Rechargeable-Disposable-Vapes-Bulk-Buy-Wholesale.jpg",1126,1126,false],"trp-custom-language-flag":["https:\/\/vapestornado.com\/wp-content\/uploads\/2024\/12\/Vapsolo-Tornado-Pro-12000-Rechargeable-Disposable-Vapes-Bulk-Buy-Wholesale.jpg",12,12,false],"woocommerce_thumbnail":["https:\/\/vapestornado.com\/wp-content\/uploads\/2024\/12\/Vapsolo-Tornado-Pro-12000-Rechargeable-Disposable-Vapes-Bulk-Buy-Wholesale-300x300.jpg",300,300,true],"woocommerce_single":["https:\/\/vapestornado.com\/wp-content\/uploads\/2024\/12\/Vapsolo-Tornado-Pro-12000-Rechargeable-Disposable-Vapes-Bulk-Buy-Wholesale-600x600.jpg",600,600,true],"woocommerce_gallery_thumbnail":["https:\/\/vapestornado.com\/wp-content\/uploads\/2024\/12\/Vapsolo-Tornado-Pro-12000-Rechargeable-Disposable-Vapes-Bulk-Buy-Wholesale-100x100.jpg",100,100,true]},"uagb_author_info":{"display_name":"ESAMY","author_link":"https:\/\/vapestornado.com\/pt\/author\/"},"uagb_comment_info":0,"uagb_excerpt":"VapSolo Tornado Pro 12000 Puffs 2% 5% Low Nicotine Disposable Vape Bulk Buy Price VapSolo Tornado Pro 12000 Puffs Rechargeable Disposable Vape Wholesale Cheap Factory Tornado 12000 Puffs 2% 5% Low Nicotine Disposable Vape Add Amy's whatsapp get right reply and vape vape coupon! WhatsApp: +86 17776015835 &nbsp;","_links":{"self":[{"href":"https:\/\/vapestornado.com\/pt\/wp-json\/wp\/v2\/product\/3222","targetHints":{"allow":["GET"]}}],"collection":[{"href":"https:\/\/vapestornado.com\/pt\/wp-json\/wp\/v2\/product"}],"about":[{"href":"https:\/\/vapestornado.com\/pt\/wp-json\/wp\/v2\/types\/product"}],"replies":[{"embeddable":true,"href":"https:\/\/vapestornado.com\/pt\/wp-json\/wp\/v2\/comments?post=3222"}],"wp:featuredmedia":[{"embeddable":true,"href":"https:\/\/vapestornado.com\/pt\/wp-json\/wp\/v2\/media\/3215"}],"wp:attachment":[{"href":"https:\/\/vapestornado.com\/pt\/wp-json\/wp\/v2\/media?parent=3222"}],"wp:term":[{"taxonomy":"product_brand","embeddable":true,"href":"https:\/\/vapestornado.com\/pt\/wp-json\/wp\/v2\/product_brand?post=3222"},{"taxonomy":"product_cat","embeddable":true,"href":"https:\/\/vapestornado.com\/pt\/wp-json\/wp\/v2\/product_cat?post=3222"},{"taxonomy":"product_tag","embeddable":true,"href":"https:\/\/vapestornado.com\/pt\/wp-json\/wp\/v2\/product_tag?post=3222"}],"curies":[{"name":"wp","href":"https:\/\/api.w.org\/{rel}","templated":true}]}}