{"id":3201,"date":"2024-12-18T03:39:14","date_gmt":"2024-12-18T03:39:14","guid":{"rendered":"https:\/\/vapestornado.com\/?post_type=product&#038;p=3201"},"modified":"2025-08-23T09:47:27","modified_gmt":"2025-08-23T09:47:27","slug":"vapsolo-viking-12000-puffs-2-5-low-nicotine-bulk-buy-rechargeable-disposable-vapes-pen-wholesale-price","status":"publish","type":"product","link":"https:\/\/vapestornado.com\/pt\/product\/vapsolo-viking-12000-puffs-2-5-low-nicotine-bulk-buy-rechargeable-disposable-vapes-pen-wholesale-price\/","title":{"rendered":"VapSolo Viking 12000 Puffs 2% 5% Baixa Nicotina Compra a Granel Caneta de Vapes Descart\u00e1veis Recarreg\u00e1veis Pre\u00e7o de Atacado"},"content":{"rendered":"<h1 class=\"product-title\">VapSolo Viking 12000 Puffs 2% 5% Baixa Nicotina Compra a Granel Caneta de Vapes Descart\u00e1veis Recarreg\u00e1veis Pre\u00e7o de Atacado<\/h1>\n<p data-start=\"403\" data-end=\"652\">O <strong data-start=\"407\" data-end=\"453\">VapSolo Viking 12000 Puffs Descart\u00e1vel<\/strong> oferece desempenho e flexibilidade alargados num design elegante e port\u00e1til. Com um <strong data-start=\"536\" data-end=\"562\">capacidade de e-l\u00edquido de 22ml<\/strong> e at\u00e9 <strong data-start=\"573\" data-end=\"589\">12.000 puffs<\/strong>, proporciona uma utiliza\u00e7\u00e3o duradoura sem substitui\u00e7\u00f5es constantes.<\/p>\n<p data-start=\"654\" data-end=\"909\">Alimentado por uma <strong data-start=\"667\" data-end=\"698\">bateria recarreg\u00e1vel de 650mAh<\/strong> com <strong data-start=\"704\" data-end=\"728\">carregamento r\u00e1pido Tipo-C<\/strong>, o Viking 12K garante sess\u00f5es consistentes e recarregamentos eficientes. Est\u00e1 dispon\u00edvel em <strong data-start=\"811\" data-end=\"843\">Concentra\u00e7\u00f5es de nicotina 2% e 5%<\/strong>, tornando-o adequado tanto para prefer\u00eancias moderadas como para prefer\u00eancias mais fortes.<\/p>\n<p data-start=\"911\" data-end=\"1150\">Equipado com <strong data-start=\"925\" data-end=\"949\">tecnologia de resist\u00eancia de malha<\/strong> e <strong data-start=\"954\" data-end=\"984\">fluxo de ar ajust\u00e1vel de 4 n\u00edveis<\/strong>, este dispositivo garante uma produ\u00e7\u00e3o de vapor suave e passagens personaliz\u00e1veis. O <strong data-start=\"1061\" data-end=\"1076\">Ecr\u00e3 LCD<\/strong> adiciona conveni\u00eancia ao mostrar a contagem de utiliza\u00e7\u00f5es e o estado da bateria em tempo real.<\/p>\n<p data-start=\"1152\" data-end=\"1410\">Leve e f\u00e1cil de transportar, o <strong data-start=\"1187\" data-end=\"1211\">VapSolo Viking 12000<\/strong> \u00e9 ideal tanto para utilizadores comuns como para grossistas. A sua combina\u00e7\u00e3o de capacidade, funcionalidades avan\u00e7adas e competitividade <strong data-start=\"1326\" data-end=\"1347\">pre\u00e7os de atacado<\/strong> torna-o uma op\u00e7\u00e3o lucrativa para retalhistas e distribuidores.<\/p>\n<p><strong>Adicione o Whatsapp da Amy e obtenha uma resposta r\u00e1pida e um cup\u00e3o de vape!<\/strong><\/p>\n<p><img fetchpriority=\"high\" decoding=\"async\" class=\"size-full wp-image-2932\" src=\"https:\/\/vapestornado.com\/wp-content\/uploads\/2024\/12\/Vape-Wholesale.jpg\" alt=\"Vape Atacado\" width=\"229\" height=\"300\" \/><\/p>\n<h3><a href=\"https:\/\/wa.me\/8617776015835\" target=\"_blank\" rel=\"noopener\"><span style=\"color: #ff0000;\"><strong>WhatsApp: +86 17776015835<\/strong><\/span><\/a><\/h3>\n<p>&nbsp;<\/p>\n<h2><strong>VapSolo Viking 12000 Caracter\u00edsticas do Produto<\/strong><\/h2>\n<div role=\"article\" data-tabster=\"{&quot;groupper&quot;:{&quot;tabbability&quot;:2},&quot;focusable&quot;:{}}\" data-content=\"ai-message\" aria-labelledby=\"juhNTJ6o7Gk1cgwZMJgv2-author juhNTJ6o7Gk1cgwZMJgv2-content\">\n<div id=\"juhNTJ6o7Gk1cgwZMJgv2-content\">\n<div role=\"article\" data-tabster=\"{&quot;groupper&quot;:{&quot;tabbability&quot;:2},&quot;focusable&quot;:{}}\" data-content=\"ai-message\" aria-labelledby=\"x4EZuCZWrTbh3weWUt7CU-author x4EZuCZWrTbh3weWUt7CU-content\">\n<div id=\"x4EZuCZWrTbh3weWUt7CU-content\">\n<h3><\/h3>\n<ol>\n<li><strong>12.000 Puffs Por Dispositivo:<\/strong> Utiliza\u00e7\u00e3o prolongada para uma experi\u00eancia de vaping sem complica\u00e7\u00f5es.<\/li>\n<li><strong>Op\u00e7\u00f5es de baixo teor de nicotina:<\/strong> Dispon\u00edvel em 2% e 5%, atendendo a uma variedade de prefer\u00eancias.<\/li>\n<li><strong>Bateria Recarreg\u00e1vel:<\/strong> Capacidade de 650mAh com carregamento r\u00e1pido Type-C conveniente.<\/li>\n<li><strong>Fluxo de Ar Ajust\u00e1vel de 4 N\u00edveis:<\/strong> Personalize o seu estilo de vaping com precis\u00e3o.<\/li>\n<li><strong>Tecnologia de resist\u00eancia de malha:<\/strong> Oferece vapor suave e sabor aprimorado sempre.<\/li>\n<li><strong>Capacidade de E-L\u00edquido de 22ml:<\/strong> Fornece sess\u00f5es de vaping mais longas sem recargas frequentes.<\/li>\n<li><strong>Ecr\u00e3 LCD:<\/strong> Monitore facilmente a contagem de puffs e o estado da bateria em tempo real.<\/li>\n<li><strong>Compacto e Leve:<\/strong> Design port\u00e1til, pesando apenas 95g para f\u00e1cil utiliza\u00e7\u00e3o em movimento.<\/li>\n<li><strong>Pre\u00e7os de Atacado Acess\u00edveis:<\/strong> Ideal para compras a granel e revenda.<\/li>\n<li><strong>Marca Premium de Vape Descart\u00e1vel:<\/strong> Combina conveni\u00eancia, desempenho e estilo.<\/li>\n<\/ol>\n<\/div>\n<\/div>\n<\/div>\n<\/div>\n<h2 class=\"product-title\"><strong>VapSolo 12000 Puffs Lista de Sabores<\/strong><\/h2>\n<p>1. Framboesa com Mirtilo<br \/>\n2. Mirtilo<br \/>\n3. Cereja efervescente<br \/>\n4. Gelo de melancia<br \/>\n5. Morango kiwi<br \/>\n6. Morango melancia<br \/>\n7. Sonho de ver\u00e3o<br \/>\n8. Arando mirtilo cereja<br \/>\n9. Lima lim\u00e3o<br \/>\n10. Urso de goma<br \/>\n11. Banana com Morango<br \/>\n12. Menta fresca<br \/>\n13. Gelo de framboesa e morango<br \/>\n14. P\u00eassego e Lim\u00e3o<br \/>\n15. Ma\u00e7\u00e3 Vermelha Gelada<\/p>\n<figure id=\"attachment_3194\" aria-describedby=\"caption-attachment-3194\" style=\"width: 600px\" class=\"wp-caption alignnone\"><img decoding=\"async\" class=\"wp-image-3194\" src=\"https:\/\/vapestornado.com\/wp-content\/uploads\/2024\/12\/VapSolo-12000-Puffs-Disposable-Vape-Wholesale-Cheap-Price-300x300.jpg\" alt=\"VapSolo 12000 Puffs Vape Descart\u00e1vel Pre\u00e7o Barato por Grosso\" width=\"600\" height=\"600\" srcset=\"https:\/\/vapestornado.com\/wp-content\/uploads\/2024\/12\/VapSolo-12000-Puffs-Disposable-Vape-Wholesale-Cheap-Price-300x300.jpg 300w, https:\/\/vapestornado.com\/wp-content\/uploads\/2024\/12\/VapSolo-12000-Puffs-Disposable-Vape-Wholesale-Cheap-Price-1024x1024.jpg 1024w, https:\/\/vapestornado.com\/wp-content\/uploads\/2024\/12\/VapSolo-12000-Puffs-Disposable-Vape-Wholesale-Cheap-Price-150x150.jpg 150w, https:\/\/vapestornado.com\/wp-content\/uploads\/2024\/12\/VapSolo-12000-Puffs-Disposable-Vape-Wholesale-Cheap-Price-768x768.jpg 768w, https:\/\/vapestornado.com\/wp-content\/uploads\/2024\/12\/VapSolo-12000-Puffs-Disposable-Vape-Wholesale-Cheap-Price-600x600.jpg 600w, https:\/\/vapestornado.com\/wp-content\/uploads\/2024\/12\/VapSolo-12000-Puffs-Disposable-Vape-Wholesale-Cheap-Price-100x100.jpg 100w, https:\/\/vapestornado.com\/wp-content\/uploads\/2024\/12\/VapSolo-12000-Puffs-Disposable-Vape-Wholesale-Cheap-Price.jpg 1126w\" sizes=\"(max-width: 600px) 100vw, 600px\" \/><figcaption id=\"caption-attachment-3194\" class=\"wp-caption-text\">VapSolo 12000 Puffs Vape Descart\u00e1vel Pre\u00e7o Barato por Grosso<\/figcaption><\/figure>\n<h3>Porqu\u00ea escolher a vapestornado para VapSolo Viking 12000 Puffs Vape por Grosso?<\/h3>\n<div class=\"flex-shrink-0 flex flex-col relative items-end\">\n<div class=\"pt-0\">\n<div class=\"gizmo-bot-avatar flex h-8 w-8 items-center justify-center overflow-hidden rounded-full\">\n<div class=\"relative p-1 rounded-sm flex items-center justify-center bg-token-main-surface-primary text-token-text-primary h-8 w-8\">\n<p>Bem-vindo \u00e0 vapestornado, a sua loja de vape online de confian\u00e7a para vapes descart\u00e1veis premium. Com mais de 5 anos de experi\u00eancia, trazemos-lhe marcas populares de vapes descart\u00e1veis, como Fumot RandM Vape, <a href=\"https:\/\/vapestornado.com\/pt\/product\/vapme-crystal-7000-puffs-rechargeable-disposable-vape-wholesale-cheap-price\/\">Vapme<\/a>, Bang Vape, Waspe Vape e WGA Vape, etc.<\/p>\n<p>A nossa gama inclui vapes de venda quente como o <a href=\"https:\/\/vapestornado.com\/pt\/product\/fumot-randm-tornado-15000-puffs-rechargeable-disposable-vape-wholesale\/\">RandM Tornado 15000<\/a>, e op\u00e7\u00f5es ricas em sabor como o <a href=\"https:\/\/vapestornado.com\/pt\/product\/waspe-40000-puffs-double-flavour-led-display-disposable-vape-wholesale\/\">WASPE Sabor Duplo 40000 Puffs<\/a> Cada produto \u00e9 selecionado com foco na qualidade, valor e variedade, garantindo que encontre a combina\u00e7\u00e3o perfeita para as suas necessidades. Descubra um servi\u00e7o excecional e uma vasta gama de produtos de topo com pre\u00e7o de atacado na vapestornado.<\/p>\n<\/div>\n<h3><\/h3>\n<div class=\"relative p-1 rounded-sm flex items-center justify-center bg-token-main-surface-primary text-token-text-primary h-8 w-8\">\n<h3>FAQs para VapSolo Viking 12k Puff Vape Descart\u00e1vel<\/h3>\n<\/div>\n<\/div>\n<\/div>\n<\/div>\n<div class=\"flex-shrink-0 flex flex-col relative items-end\">\n<div class=\"pt-0\">\n<div class=\"gizmo-bot-avatar flex h-8 w-8 items-center justify-center overflow-hidden rounded-full\">\n<div class=\"relative p-1 rounded-sm flex items-center justify-center bg-token-main-surface-primary text-token-text-primary h-8 w-8\">\n<div class=\"mb-2 flex gap-3 empty:hidden -ml-2\">\n<div role=\"article\" data-tabster=\"{&quot;groupper&quot;:{&quot;tabbability&quot;:2},&quot;focusable&quot;:{}}\" data-content=\"ai-message\" aria-labelledby=\"Vdt5ez4X7Tg813x6rFVha-author Vdt5ez4X7Tg813x6rFVha-content\">\n<div id=\"Vdt5ez4X7Tg813x6rFVha-content\">\n<div role=\"article\" data-tabster=\"{&quot;groupper&quot;:{&quot;tabbability&quot;:2},&quot;focusable&quot;:{}}\" data-content=\"ai-message\" aria-labelledby=\"o968oC7CEo2fGHsGdsRYC-author o968oC7CEo2fGHsGdsRYC-content\">\n<div id=\"o968oC7CEo2fGHsGdsRYC-content\">\n<ol>\n<li><strong>Qual \u00e9 a capacidade de puffs do VapSolo Viking 12000?<\/strong><br \/>\nO <strong>VapSolo Viking 12000<\/strong> oferece at\u00e9 <strong>12.000 puffs<\/strong>, garantindo uma utiliza\u00e7\u00e3o prolongada com manuten\u00e7\u00e3o m\u00ednima.<\/li>\n<li><strong>Posso recarregar o VapSolo Viking 12000?<\/strong><br \/>\nSim, o dispositivo est\u00e1 equipado com um <strong>bateria recarreg\u00e1vel de 650mAh<\/strong> e <strong>porta de carregamento Tipo C<\/strong> para carregamento r\u00e1pido e eficiente.<\/li>\n<li><strong>Quais s\u00e3o os n\u00edveis de nicotina dispon\u00edveis?<\/strong><br \/>\nO dispositivo est\u00e1 dispon\u00edvel em <strong>op\u00e7\u00f5es de baixa nicotina 2% e 5%<\/strong>, atendendo a uma variedade de prefer\u00eancias do utilizador.<\/li>\n<li><strong>Como funciona o fluxo de ar ajust\u00e1vel?<\/strong><br \/>\nO <strong>fluxo de ar ajust\u00e1vel de 4 n\u00edveis<\/strong> permite-lhe alternar entre passagens mais apertadas e mais soltas, dando-lhe controlo total sobre o seu estilo de vaping.<\/li>\n<li><strong>Por que o VapSolo Viking 12000 \u00e9 ideal para compradores grossistas?<\/strong><br \/>\nCom a sua <strong>alta contagem de puffs<\/strong>, <strong>Ecr\u00e3 LCD<\/strong>e <strong>pre\u00e7os acess\u00edveis a granel<\/strong>, \u00e9 perfeito para retalhistas que procuram armazenar produtos <strong>vape descart\u00e1vel<\/strong> de alta qualidade e ricos em recursos a pre\u00e7os competitivos.<\/li>\n<\/ol>\n<\/div>\n<\/div>\n<\/div>\n<\/div>\n<\/div>\n<\/div>\n<\/div>\n<\/div>\n<\/div>","protected":false},"excerpt":{"rendered":"<p>VapSolo Viking 12000 Puffs 2% 5% Vape Descart\u00e1vel de Baixa Nicotina Pre\u00e7o de Compra a Granel<br \/>\nVapSolo Viking 12000 Puffs Vape Descart\u00e1vel Recarreg\u00e1vel Atacado<br \/>\nF\u00e1brica Barata VapSolo 12000 Puffs 2% 5% Vape Descart\u00e1vel de Baixa Nicotina<\/p>\n<p><strong>Adicione o WhatsApp da Amy para uma resposta r\u00e1pida e cup\u00e3o de vape!<\/strong><\/p>\n<p><img fetchpriority=\"high\" decoding=\"async\" class=\"size-full wp-image-2932\" src=\"https:\/\/vapestornado.com\/wp-content\/uploads\/2024\/12\/Vape-Wholesale.jpg\" alt=\"Vape Atacado\" width=\"229\" height=\"300\" \/><\/p>\n<h3><a href=\"https:\/\/wa.me\/8617776015835\"><span style=\"color: #ff0000;\"><strong>WhatsApp: +86 17776015835<\/strong><\/span><\/a><\/h3>\n<p>&nbsp;<\/p>","protected":false},"featured_media":3193,"comment_status":"open","ping_status":"closed","template":"","meta":{"_acf_changed":false,"_uag_custom_page_level_css":"","_lmt_disableupdate":"no","_lmt_disable":"","_monsterinsights_skip_tracking":false,"_monsterinsights_sitenote_active":false,"_monsterinsights_sitenote_note":"","_monsterinsights_sitenote_category":0,"site-sidebar-layout":"default","site-content-layout":"","ast-site-content-layout":"default","site-content-style":"default","site-sidebar-style":"default","ast-global-header-display":"","ast-banner-title-visibility":"","ast-main-header-display":"","ast-hfb-above-header-display":"","ast-hfb-below-header-display":"","ast-hfb-mobile-header-display":"","site-post-title":"","ast-breadcrumbs-content":"","ast-featured-img":"","footer-sml-layout":"","ast-disable-related-posts":"","theme-transparent-header-meta":"default","adv-header-id-meta":"","stick-header-meta":"","header-above-stick-meta":"","header-main-stick-meta":"","header-below-stick-meta":"","astra-migrate-meta-layouts":"set","ast-page-background-enabled":"default","ast-page-background-meta":{"desktop":{"background-color":"","background-image":"","background-repeat":"repeat","background-position":"center center","background-size":"auto","background-attachment":"scroll","background-type":"","background-media":"","overlay-type":"","overlay-color":"","overlay-opacity":"","overlay-gradient":""},"tablet":{"background-color":"","background-image":"","background-repeat":"repeat","background-position":"center center","background-size":"auto","background-attachment":"scroll","background-type":"","background-media":"","overlay-type":"","overlay-color":"","overlay-opacity":"","overlay-gradient":""},"mobile":{"background-color":"","background-image":"","background-repeat":"repeat","background-position":"center center","background-size":"auto","background-attachment":"scroll","background-type":"","background-media":"","overlay-type":"","overlay-color":"","overlay-opacity":"","overlay-gradient":""}},"ast-content-background-meta":{"desktop":{"background-color":"var(--ast-global-color-5)","background-image":"","background-repeat":"repeat","background-position":"center center","background-size":"auto","background-attachment":"scroll","background-type":"","background-media":"","overlay-type":"","overlay-color":"","overlay-opacity":"","overlay-gradient":""},"tablet":{"background-color":"var(--ast-global-color-5)","background-image":"","background-repeat":"repeat","background-position":"center center","background-size":"auto","background-attachment":"scroll","background-type":"","background-media":"","overlay-type":"","overlay-color":"","overlay-opacity":"","overlay-gradient":""},"mobile":{"background-color":"var(--ast-global-color-5)","background-image":"","background-repeat":"repeat","background-position":"center center","background-size":"auto","background-attachment":"scroll","background-type":"","background-media":"","overlay-type":"","overlay-color":"","overlay-opacity":"","overlay-gradient":""}},"_joinchat":{"telephone":"+8617776015835"}},"product_brand":[],"product_cat":[72,149,150,156,144,146,171],"product_tag":[165,97,166,94,139,170,169],"class_list":{"0":"post-3201","1":"product","2":"type-product","3":"status-publish","4":"has-post-thumbnail","6":"product_cat-12000-puff","7":"product_cat-buy-disposable-vapes-in-austria","8":"product_cat-buy-disposable-vapes-in-belgium","9":"product_cat-buy-disposable-vapes-in-poland","10":"product_cat-low-nicotine-disposable-vapes","11":"product_cat-rechargeable-disposable-vapes","12":"product_cat-vapsolo-disposable-vapes","13":"product_tag-cheap-vapes","14":"product_tag-hot-sale-disposable-vape","15":"product_tag-low-nicotine-vape","16":"product_tag-rechargeable-disposable-vape","17":"product_tag-vapsolo","18":"product_tag-vapsolo-viking-12000","19":"product_tag-vasolo-12000","20":"desktop-align-left","21":"tablet-align-left","22":"mobile-align-left","24":"first","25":"instock","26":"sale","27":"shipping-taxable","28":"purchasable","29":"product-type-simple"},"acf":[],"uagb_featured_image_src":{"full":["https:\/\/vapestornado.com\/wp-content\/uploads\/2024\/12\/VapSolo-12000-Puffs-Disposable-Vape-Bulk-Buy-Price.jpg",1126,1126,false],"thumbnail":["https:\/\/vapestornado.com\/wp-content\/uploads\/2024\/12\/VapSolo-12000-Puffs-Disposable-Vape-Bulk-Buy-Price-150x150.jpg",150,150,true],"medium":["https:\/\/vapestornado.com\/wp-content\/uploads\/2024\/12\/VapSolo-12000-Puffs-Disposable-Vape-Bulk-Buy-Price-300x300.jpg",300,300,true],"medium_large":["https:\/\/vapestornado.com\/wp-content\/uploads\/2024\/12\/VapSolo-12000-Puffs-Disposable-Vape-Bulk-Buy-Price-768x768.jpg",768,768,true],"large":["https:\/\/vapestornado.com\/wp-content\/uploads\/2024\/12\/VapSolo-12000-Puffs-Disposable-Vape-Bulk-Buy-Price-1024x1024.jpg",1024,1024,true],"1536x1536":["https:\/\/vapestornado.com\/wp-content\/uploads\/2024\/12\/VapSolo-12000-Puffs-Disposable-Vape-Bulk-Buy-Price.jpg",1126,1126,false],"2048x2048":["https:\/\/vapestornado.com\/wp-content\/uploads\/2024\/12\/VapSolo-12000-Puffs-Disposable-Vape-Bulk-Buy-Price.jpg",1126,1126,false],"trp-custom-language-flag":["https:\/\/vapestornado.com\/wp-content\/uploads\/2024\/12\/VapSolo-12000-Puffs-Disposable-Vape-Bulk-Buy-Price.jpg",12,12,false],"woocommerce_thumbnail":["https:\/\/vapestornado.com\/wp-content\/uploads\/2024\/12\/VapSolo-12000-Puffs-Disposable-Vape-Bulk-Buy-Price-300x300.jpg",300,300,true],"woocommerce_single":["https:\/\/vapestornado.com\/wp-content\/uploads\/2024\/12\/VapSolo-12000-Puffs-Disposable-Vape-Bulk-Buy-Price-600x600.jpg",600,600,true],"woocommerce_gallery_thumbnail":["https:\/\/vapestornado.com\/wp-content\/uploads\/2024\/12\/VapSolo-12000-Puffs-Disposable-Vape-Bulk-Buy-Price-100x100.jpg",100,100,true]},"uagb_author_info":{"display_name":"ESAMY","author_link":"https:\/\/vapestornado.com\/pt\/author\/"},"uagb_comment_info":0,"uagb_excerpt":"VapSolo Viking 12000 Puffs 2% 5% Low Nicotine Disposable VapeBulk Buy Price VapSolo Viking 12000 Puffs Rechargeable Disposable Vape Wholesale Cheap Factory VapSolo 12000 Puffs 2% 5% Low Nicotine Disposable Vape Add Amy's whatsapp get right reply and vape vape coupon! WhatsApp: +86 17776015835 &nbsp;","_links":{"self":[{"href":"https:\/\/vapestornado.com\/pt\/wp-json\/wp\/v2\/product\/3201","targetHints":{"allow":["GET"]}}],"collection":[{"href":"https:\/\/vapestornado.com\/pt\/wp-json\/wp\/v2\/product"}],"about":[{"href":"https:\/\/vapestornado.com\/pt\/wp-json\/wp\/v2\/types\/product"}],"replies":[{"embeddable":true,"href":"https:\/\/vapestornado.com\/pt\/wp-json\/wp\/v2\/comments?post=3201"}],"wp:featuredmedia":[{"embeddable":true,"href":"https:\/\/vapestornado.com\/pt\/wp-json\/wp\/v2\/media\/3193"}],"wp:attachment":[{"href":"https:\/\/vapestornado.com\/pt\/wp-json\/wp\/v2\/media?parent=3201"}],"wp:term":[{"taxonomy":"product_brand","embeddable":true,"href":"https:\/\/vapestornado.com\/pt\/wp-json\/wp\/v2\/product_brand?post=3201"},{"taxonomy":"product_cat","embeddable":true,"href":"https:\/\/vapestornado.com\/pt\/wp-json\/wp\/v2\/product_cat?post=3201"},{"taxonomy":"product_tag","embeddable":true,"href":"https:\/\/vapestornado.com\/pt\/wp-json\/wp\/v2\/product_tag?post=3201"}],"curies":[{"name":"wp","href":"https:\/\/api.w.org\/{rel}","templated":true}]}}