{"id":3179,"date":"2024-12-16T03:01:14","date_gmt":"2024-12-16T03:01:14","guid":{"rendered":"https:\/\/vapestornado.com\/?post_type=product&#038;p=3179"},"modified":"2025-08-23T09:54:56","modified_gmt":"2025-08-23T09:54:56","slug":"china-factory-vapsolo-super-15000-puffs-disposable-wholesale-price-disposable-vape-rechargeable-disposable-vapes-pen-bulk-buy-wholesale","status":"publish","type":"product","link":"https:\/\/vapestornado.com\/pt\/product\/china-factory-vapsolo-super-15000-puffs-disposable-wholesale-price-disposable-vape-rechargeable-disposable-vapes-pen-bulk-buy-wholesale\/","title":{"rendered":"F\u00e1brica da China Vapsolo Super 15000 Puffs Descart\u00e1vel Pre\u00e7o por Atacado Cigarro eletr\u00f3nico Descart\u00e1vel Recarreg\u00e1vel Caneta Descart\u00e1vel Compra a Granel por Atacado"},"content":{"rendered":"<h1 class=\"product-title\">F\u00e1brica da China Vapsolo Super 15000 Puffs Descart\u00e1vel Pre\u00e7o por Atacado Cigarro eletr\u00f3nico Descart\u00e1vel Recarreg\u00e1vel Caneta Descart\u00e1vel Compra a Granel por Atacado<\/h1>\n<p data-start=\"396\" data-end=\"669\">O <strong data-start=\"400\" data-end=\"445\">Vaporizador Descart\u00e1vel Vapsolo Super 15000 Puffs<\/strong> combina capacidade, desempenho e personaliza\u00e7\u00e3o num dispositivo compacto. Com at\u00e9 <strong data-start=\"528\" data-end=\"544\">15.000 puffs<\/strong> e <strong data-start=\"551\" data-end=\"584\">25ml de e-l\u00edquido pr\u00e9-cheio<\/strong>, oferece satisfa\u00e7\u00e3o duradoura tanto para uso pessoal quanto para compradores grossistas.<\/p>\n<p data-start=\"671\" data-end=\"981\">Alimentado por uma <strong data-start=\"684\" data-end=\"715\">bateria recarreg\u00e1vel de 650mAh<\/strong> com <strong data-start=\"721\" data-end=\"745\">carregamento r\u00e1pido Tipo-C<\/strong>, o Super 15K garante uma sa\u00edda consistente e tempo de inatividade m\u00ednimo. O seu <strong data-start=\"813\" data-end=\"843\">fluxo de ar ajust\u00e1vel de 4 n\u00edveis<\/strong> permite que os utilizadores escolham entre passagens MTL mais apertadas ou hits mais suaves e abertos, enquanto o <strong data-start=\"922\" data-end=\"935\">resist\u00eancia de malha<\/strong> melhora a entrega de sabor e a densidade do vapor.<\/p>\n<p data-start=\"983\" data-end=\"1292\">Dispon\u00edvel em <strong data-start=\"996\" data-end=\"1020\">op\u00e7\u00f5es de baixo teor de nicotina<\/strong>, o <strong data-start=\"1026\" data-end=\"1049\">Vapsolo Super 15000<\/strong> foi concebido para satisfazer diversas prefer\u00eancias. Combinando recursos avan\u00e7ados, qualidade de constru\u00e7\u00e3o dur\u00e1vel e <strong data-start=\"1159\" data-end=\"1180\">pre\u00e7os de atacado<\/strong>, \u00e9 uma escolha forte para retalhistas, distribuidores e compradores a granel que procuram vaporizadores descart\u00e1veis de alta procura.<\/p>\n<p><strong>Adicione o Whatsapp da Amy e obtenha uma resposta r\u00e1pida e um cup\u00e3o de vape!<\/strong><\/p>\n<p><img fetchpriority=\"high\" decoding=\"async\" class=\"size-full wp-image-2932\" src=\"https:\/\/vapestornado.com\/wp-content\/uploads\/2024\/12\/Vape-Wholesale.jpg\" alt=\"Vape Atacado\" width=\"229\" height=\"300\" \/><\/p>\n<h3><a href=\"https:\/\/wa.me\/8617776015835\" target=\"_blank\" rel=\"noopener\"><span style=\"color: #ff0000;\"><strong>WhatsApp: +86 17776015835<\/strong><\/span><\/a><\/h3>\n<p>&nbsp;<\/p>\n<h2><strong>Caracter\u00edsticas do Produto Vapsolo Super 15000<\/strong><\/h2>\n<div role=\"article\" data-tabster=\"{&quot;groupper&quot;:{&quot;tabbability&quot;:2},&quot;focusable&quot;:{}}\" data-content=\"ai-message\" aria-labelledby=\"juhNTJ6o7Gk1cgwZMJgv2-author juhNTJ6o7Gk1cgwZMJgv2-content\">\n<div id=\"juhNTJ6o7Gk1cgwZMJgv2-content\">\n<div role=\"article\" data-tabster=\"{&quot;groupper&quot;:{&quot;tabbability&quot;:2},&quot;focusable&quot;:{}}\" data-content=\"ai-message\" aria-labelledby=\"x4EZuCZWrTbh3weWUt7CU-author x4EZuCZWrTbh3weWUt7CU-content\">\n<div id=\"x4EZuCZWrTbh3weWUt7CU-content\">\n<h3><\/h3>\n<ol>\n<li><strong>Capacidade de 15.000 Puffs:<\/strong> Uso duradouro para satisfa\u00e7\u00e3o ininterrupta.<\/li>\n<li><strong>Reservat\u00f3rio de 25ml de E-L\u00edquido:<\/strong> Grande capacidade para menos recargas e m\u00e1xima conveni\u00eancia.<\/li>\n<li><strong>Bateria Recarreg\u00e1vel de 650mAh:<\/strong> Desempenho fi\u00e1vel com carregamento r\u00e1pido Tipo-C.<\/li>\n<li><strong>Fluxo de Ar Ajust\u00e1vel de 4 N\u00edveis:<\/strong> Varia\u00e7\u00e3o de fluxo de ar para uma experi\u00eancia de vaporiza\u00e7\u00e3o personalizada.<\/li>\n<li><strong>Tecnologia de resist\u00eancia de malha:<\/strong> Melhora o sabor e proporciona um vapor suave e consistente.<\/li>\n<li><strong>Design Compacto e Port\u00e1til:<\/strong> F\u00e1cil de transportar e usar em qualquer lugar.<\/li>\n<li><strong>Op\u00e7\u00f5es de Vape com Baixo Teor de Nicotina:<\/strong> Perfeito para quem procura n\u00edveis de nicotina reduzidos.<\/li>\n<li><strong>Pre\u00e7os de Atacado Acess\u00edveis:<\/strong> Ideal para compras a granel e revenda.<\/li>\n<li><strong>Constru\u00e7\u00e3o Dur\u00e1vel:<\/strong> Projetado para uso a longo prazo sem comprometer a qualidade.<\/li>\n<li><strong>Marca L\u00edder de Vapes Descart\u00e1veis:<\/strong> Uma escolha de confian\u00e7a para vapes descart\u00e1veis de alta qualidade.<\/li>\n<\/ol>\n<\/div>\n<\/div>\n<\/div>\n<\/div>\n<h2 class=\"product-title\"><strong>Lista de Sabores Vapsolo Super 15000 Puffs<\/strong><\/h2>\n<p>1. framboesa azul<br \/>\n2. mirtilo gelado<br \/>\n3. ma\u00e7\u00e3 dupla<br \/>\n4. Gelo de melancia<br \/>\n5. Morango kiwi<br \/>\n6. frutos silvestres mistos<br \/>\n7.red bull<br \/>\n8. Arando mirtilo cereja<br \/>\n9. Lima lim\u00e3o<br \/>\n10.skittles<br \/>\n11.Sonho de ver\u00e3o<br \/>\n12.Morango banana<br \/>\n13.Melancia framboesa<br \/>\n14.Mirtilo cereja cola<br \/>\n15.Gelo negro Pitaya Morango<\/p>\n<h3>Porqu\u00ea escolher a vapestornado para a venda por grosso do Vape Vapsolo Super 15000 Puffs?<\/h3>\n<div class=\"flex-shrink-0 flex flex-col relative items-end\">\n<div class=\"pt-0\">\n<div class=\"gizmo-bot-avatar flex h-8 w-8 items-center justify-center overflow-hidden rounded-full\">\n<div class=\"relative p-1 rounded-sm flex items-center justify-center bg-token-main-surface-primary text-token-text-primary h-8 w-8\">\n<p>Bem-vindo \u00e0 vapestornado, a sua loja de vape online de confian\u00e7a para vapes descart\u00e1veis premium. Com mais de 5 anos de experi\u00eancia, trazemos-lhe marcas populares de vapes descart\u00e1veis, como Fumot RandM Vape, <a href=\"https:\/\/vapestornado.com\/pt\/product\/vapme-crystal-7000-puffs-rechargeable-disposable-vape-wholesale-cheap-price\/\">Vapme<\/a>, Bang Vape, Waspe Vape e WGA Vape, etc.<\/p>\n<p>A nossa gama inclui vapes de venda quente como o <a href=\"https:\/\/vapestornado.com\/pt\/product\/fumot-randm-tornado-15000-puffs-rechargeable-disposable-vape-wholesale\/\">RandM Tornado 15000<\/a>, e op\u00e7\u00f5es ricas em sabor como o <a href=\"https:\/\/vapestornado.com\/pt\/product\/waspe-40000-puffs-double-flavour-led-display-disposable-vape-wholesale\/\">WASPE Sabor Duplo 40000 Puffs<\/a> Cada produto \u00e9 selecionado com foco na qualidade, valor e variedade, garantindo que encontre a combina\u00e7\u00e3o perfeita para as suas necessidades. Descubra um servi\u00e7o excecional e uma vasta gama de produtos de topo com pre\u00e7o de atacado na vapestornado.<\/p>\n<\/div>\n<h3><\/h3>\n<div class=\"relative p-1 rounded-sm flex items-center justify-center bg-token-main-surface-primary text-token-text-primary h-8 w-8\">\n<h3>Perguntas Frequentes para o Vape Descart\u00e1vel Vapsolo Super 15000 Puffs<\/h3>\n<\/div>\n<\/div>\n<\/div>\n<\/div>\n<div class=\"flex-shrink-0 flex flex-col relative items-end\">\n<div class=\"pt-0\">\n<div class=\"gizmo-bot-avatar flex h-8 w-8 items-center justify-center overflow-hidden rounded-full\">\n<div class=\"relative p-1 rounded-sm flex items-center justify-center bg-token-main-surface-primary text-token-text-primary h-8 w-8\">\n<div class=\"mb-2 flex gap-3 empty:hidden -ml-2\">\n<div role=\"article\" data-tabster=\"{&quot;groupper&quot;:{&quot;tabbability&quot;:2},&quot;focusable&quot;:{}}\" data-content=\"ai-message\" aria-labelledby=\"Vdt5ez4X7Tg813x6rFVha-author Vdt5ez4X7Tg813x6rFVha-content\">\n<div id=\"Vdt5ez4X7Tg813x6rFVha-content\">\n<div role=\"article\" data-tabster=\"{&quot;groupper&quot;:{&quot;tabbability&quot;:2},&quot;focusable&quot;:{}}\" data-content=\"ai-message\" aria-labelledby=\"o968oC7CEo2fGHsGdsRYC-author o968oC7CEo2fGHsGdsRYC-content\">\n<div id=\"o968oC7CEo2fGHsGdsRYC-content\">\n<h3><\/h3>\n<ol>\n<li><strong>Quantas inala\u00e7\u00f5es oferece o Vapsolo Super 15k?<\/strong><br \/>\nO <strong>Vapsolo 15000<\/strong> oferece at\u00e9 <strong>15.000 puffs<\/strong>, tornando-o altamente dur\u00e1vel e de longa dura\u00e7\u00e3o.<\/li>\n<li><strong>Posso personalizar o fluxo de ar?<\/strong><br \/>\nSim, possui <strong>fluxo de ar ajust\u00e1vel de 4 n\u00edveis<\/strong>, permitindo-lhe adaptar a tra\u00e7\u00e3o \u00e0 sua prefer\u00eancia.<\/li>\n<li><strong>O Vapsolo Super 15000 \u00e9 recarreg\u00e1vel?<\/strong><br \/>\nCom certeza! Vem com um <strong>bateria recarreg\u00e1vel de 650mAh<\/strong> e <strong>porta de carregamento Tipo C<\/strong> para recargas r\u00e1pidas.<\/li>\n<li><strong>O que torna o Vapsolo Super 15000 adequado para atacado?<\/strong><br \/>\nO seu <strong>pre\u00e7o baixo<\/strong>, alta contagem de baforadas e recursos premium tornam-no ideal para <strong>vapes descart\u00e1veis por grosso<\/strong> e compradores em massa.<\/li>\n<li><strong>O Vapsolo Super 15000 \u00e9 uma boa op\u00e7\u00e3o para usu\u00e1rios de baixa nicotina?<\/strong><br \/>\nSim, este <strong>vape descart\u00e1vel de baixo teor de nicotina<\/strong> \u00e9 perfeito para usu\u00e1rios que procuram n\u00edveis reduzidos de nicotina enquanto desfrutam de uma experi\u00eancia de vaping premium.<\/li>\n<\/ol>\n<\/div>\n<\/div>\n<\/div>\n<\/div>\n<\/div>\n<\/div>\n<\/div>\n<\/div>\n<\/div>","protected":false},"excerpt":{"rendered":"<p>Vapsolo Super 15000 Puffs 2% 5% Baixo Teor de Nicotina Pre\u00e7o de Compra a Granel<br \/>\nVapsolo Super 15000 Puffs Vape Descart\u00e1vel Recarreg\u00e1vel<br \/>\nF\u00e1brica da China Vapsolo 15000 Puffs 2% 5% Vape Descart\u00e1vel com Baixo Teor de Nicotina<\/p>\n<p><strong>Adicione o WhatsApp da Amy para uma resposta r\u00e1pida e cup\u00e3o de vape!<\/strong><\/p>\n<p><img fetchpriority=\"high\" decoding=\"async\" class=\"size-full wp-image-2932\" src=\"https:\/\/vapestornado.com\/wp-content\/uploads\/2024\/12\/Vape-Wholesale.jpg\" alt=\"Vape Atacado\" width=\"229\" height=\"300\" \/><\/p>\n<h3><a href=\"https:\/\/wa.me\/8617776015835\"><span style=\"color: #ff0000;\"><strong>WhatsApp: +86 17776015835<\/strong><\/span><\/a><\/h3>\n<p>&nbsp;<\/p>","protected":false},"featured_media":3189,"comment_status":"open","ping_status":"closed","template":"","meta":{"_acf_changed":false,"_uag_custom_page_level_css":"","_lmt_disableupdate":"no","_lmt_disable":"","_monsterinsights_skip_tracking":false,"_monsterinsights_sitenote_active":false,"_monsterinsights_sitenote_note":"","_monsterinsights_sitenote_category":0,"site-sidebar-layout":"default","site-content-layout":"","ast-site-content-layout":"default","site-content-style":"default","site-sidebar-style":"default","ast-global-header-display":"","ast-banner-title-visibility":"","ast-main-header-display":"","ast-hfb-above-header-display":"","ast-hfb-below-header-display":"","ast-hfb-mobile-header-display":"","site-post-title":"","ast-breadcrumbs-content":"","ast-featured-img":"","footer-sml-layout":"","ast-disable-related-posts":"","theme-transparent-header-meta":"default","adv-header-id-meta":"","stick-header-meta":"","header-above-stick-meta":"","header-main-stick-meta":"","header-below-stick-meta":"","astra-migrate-meta-layouts":"set","ast-page-background-enabled":"default","ast-page-background-meta":{"desktop":{"background-color":"","background-image":"","background-repeat":"repeat","background-position":"center center","background-size":"auto","background-attachment":"scroll","background-type":"","background-media":"","overlay-type":"","overlay-color":"","overlay-opacity":"","overlay-gradient":""},"tablet":{"background-color":"","background-image":"","background-repeat":"repeat","background-position":"center center","background-size":"auto","background-attachment":"scroll","background-type":"","background-media":"","overlay-type":"","overlay-color":"","overlay-opacity":"","overlay-gradient":""},"mobile":{"background-color":"","background-image":"","background-repeat":"repeat","background-position":"center center","background-size":"auto","background-attachment":"scroll","background-type":"","background-media":"","overlay-type":"","overlay-color":"","overlay-opacity":"","overlay-gradient":""}},"ast-content-background-meta":{"desktop":{"background-color":"var(--ast-global-color-5)","background-image":"","background-repeat":"repeat","background-position":"center center","background-size":"auto","background-attachment":"scroll","background-type":"","background-media":"","overlay-type":"","overlay-color":"","overlay-opacity":"","overlay-gradient":""},"tablet":{"background-color":"var(--ast-global-color-5)","background-image":"","background-repeat":"repeat","background-position":"center center","background-size":"auto","background-attachment":"scroll","background-type":"","background-media":"","overlay-type":"","overlay-color":"","overlay-opacity":"","overlay-gradient":""},"mobile":{"background-color":"var(--ast-global-color-5)","background-image":"","background-repeat":"repeat","background-position":"center center","background-size":"auto","background-attachment":"scroll","background-type":"","background-media":"","overlay-type":"","overlay-color":"","overlay-opacity":"","overlay-gradient":""}},"_joinchat":{"telephone":"+8617776015835"}},"product_brand":[],"product_cat":[71,140,157,159,143,146,171],"product_tag":[165,97,166,94,139,168,167],"class_list":{"0":"post-3179","1":"product","2":"type-product","3":"status-publish","4":"has-post-thumbnail","6":"product_cat-15000-puff","7":"product_cat-big-puffs-disposable-vapes","8":"product_cat-buy-disposable-vapes-in-portugal","9":"product_cat-buy-disposable-vapes-in-sweden","10":"product_cat-dual-mesh-disposable-vapes","11":"product_cat-rechargeable-disposable-vapes","12":"product_cat-vapsolo-disposable-vapes","13":"product_tag-cheap-vapes","14":"product_tag-hot-sale-disposable-vape","15":"product_tag-low-nicotine-vape","16":"product_tag-rechargeable-disposable-vape","17":"product_tag-vapsolo","18":"product_tag-vapsolo-15000","19":"product_tag-vapsolo-super-15000","20":"desktop-align-left","21":"tablet-align-left","22":"mobile-align-left","24":"first","25":"instock","26":"sale","27":"shipping-taxable","28":"purchasable","29":"product-type-simple"},"acf":[],"uagb_featured_image_src":{"full":["https:\/\/vapestornado.com\/wp-content\/uploads\/2024\/12\/Vapsolo-Super-15000-Puffs-Disposable-Vapes-Bulk-Buy.jpg",1713,1713,false],"thumbnail":["https:\/\/vapestornado.com\/wp-content\/uploads\/2024\/12\/Vapsolo-Super-15000-Puffs-Disposable-Vapes-Bulk-Buy-150x150.jpg",150,150,true],"medium":["https:\/\/vapestornado.com\/wp-content\/uploads\/2024\/12\/Vapsolo-Super-15000-Puffs-Disposable-Vapes-Bulk-Buy-300x300.jpg",300,300,true],"medium_large":["https:\/\/vapestornado.com\/wp-content\/uploads\/2024\/12\/Vapsolo-Super-15000-Puffs-Disposable-Vapes-Bulk-Buy-768x768.jpg",768,768,true],"large":["https:\/\/vapestornado.com\/wp-content\/uploads\/2024\/12\/Vapsolo-Super-15000-Puffs-Disposable-Vapes-Bulk-Buy-1024x1024.jpg",1024,1024,true],"1536x1536":["https:\/\/vapestornado.com\/wp-content\/uploads\/2024\/12\/Vapsolo-Super-15000-Puffs-Disposable-Vapes-Bulk-Buy-1536x1536.jpg",1536,1536,true],"2048x2048":["https:\/\/vapestornado.com\/wp-content\/uploads\/2024\/12\/Vapsolo-Super-15000-Puffs-Disposable-Vapes-Bulk-Buy.jpg",1713,1713,false],"trp-custom-language-flag":["https:\/\/vapestornado.com\/wp-content\/uploads\/2024\/12\/Vapsolo-Super-15000-Puffs-Disposable-Vapes-Bulk-Buy.jpg",12,12,false],"woocommerce_thumbnail":["https:\/\/vapestornado.com\/wp-content\/uploads\/2024\/12\/Vapsolo-Super-15000-Puffs-Disposable-Vapes-Bulk-Buy-300x300.jpg",300,300,true],"woocommerce_single":["https:\/\/vapestornado.com\/wp-content\/uploads\/2024\/12\/Vapsolo-Super-15000-Puffs-Disposable-Vapes-Bulk-Buy-600x600.jpg",600,600,true],"woocommerce_gallery_thumbnail":["https:\/\/vapestornado.com\/wp-content\/uploads\/2024\/12\/Vapsolo-Super-15000-Puffs-Disposable-Vapes-Bulk-Buy-100x100.jpg",100,100,true]},"uagb_author_info":{"display_name":"ESAMY","author_link":"https:\/\/vapestornado.com\/pt\/author\/"},"uagb_comment_info":0,"uagb_excerpt":"Vapsolo Super 15000 Puffs 2% 5% Low Nicotine Bulk Buy Price Vapsolo Super 15000 Puffs Rechargeable Disposable Vape China Factory Vapsolo 15000 Puffs 2% 5% Low Nicotine Disposable Vape Add Amy's whatsapp get right reply and vape vape coupon! WhatsApp: +86 17776015835 &nbsp;","_links":{"self":[{"href":"https:\/\/vapestornado.com\/pt\/wp-json\/wp\/v2\/product\/3179","targetHints":{"allow":["GET"]}}],"collection":[{"href":"https:\/\/vapestornado.com\/pt\/wp-json\/wp\/v2\/product"}],"about":[{"href":"https:\/\/vapestornado.com\/pt\/wp-json\/wp\/v2\/types\/product"}],"replies":[{"embeddable":true,"href":"https:\/\/vapestornado.com\/pt\/wp-json\/wp\/v2\/comments?post=3179"}],"wp:featuredmedia":[{"embeddable":true,"href":"https:\/\/vapestornado.com\/pt\/wp-json\/wp\/v2\/media\/3189"}],"wp:attachment":[{"href":"https:\/\/vapestornado.com\/pt\/wp-json\/wp\/v2\/media?parent=3179"}],"wp:term":[{"taxonomy":"product_brand","embeddable":true,"href":"https:\/\/vapestornado.com\/pt\/wp-json\/wp\/v2\/product_brand?post=3179"},{"taxonomy":"product_cat","embeddable":true,"href":"https:\/\/vapestornado.com\/pt\/wp-json\/wp\/v2\/product_cat?post=3179"},{"taxonomy":"product_tag","embeddable":true,"href":"https:\/\/vapestornado.com\/pt\/wp-json\/wp\/v2\/product_tag?post=3179"}],"curies":[{"name":"wp","href":"https:\/\/api.w.org\/{rel}","templated":true}]}}