{"id":3178,"date":"2024-12-16T02:59:47","date_gmt":"2024-12-16T02:59:47","guid":{"rendered":"https:\/\/vapestornado.com\/?post_type=product&#038;p=3178"},"modified":"2025-08-23T09:55:35","modified_gmt":"2025-08-23T09:55:35","slug":"waspe-15000-puffs-low-nicotine-tornado-vape-bulk-buy-cheap-price","status":"publish","type":"product","link":"https:\/\/vapestornado.com\/pt\/product\/waspe-15000-puffs-low-nicotine-tornado-vape-bulk-buy-cheap-price\/","title":{"rendered":"Waspe 15000 Puffs Baixa Nicotina Tornado Vape Compra a Granel Pre\u00e7o Barato"},"content":{"rendered":"<h1 class=\"product-title\">Waspe 15000 Puffs Baixa Nicotina Tornado Vape Compra a Granel Pre\u00e7o Barato<\/h1>\n<p data-start=\"297\" data-end=\"604\">he <strong data-start=\"301\" data-end=\"346\">Vaporizador Descart\u00e1vel Waspe 15000 Puffs Tornado<\/strong> combina capacidade alargada, conveni\u00eancia e funcionalidades avan\u00e7adas, tornando-o uma escolha forte tanto para utilizadores individuais como para compradores grossistas. Com at\u00e9 <strong data-start=\"496\" data-end=\"512\">15.000 puffs<\/strong> e um design compacto, proporciona um desempenho duradouro sem substitui\u00e7\u00f5es frequentes.<\/p>\n<p data-start=\"606\" data-end=\"854\">Equipado com uma <strong data-start=\"622\" data-end=\"642\">ecr\u00e3 LED transparente<\/strong>, os utilizadores podem monitorizar a contagem de puffs e a dura\u00e7\u00e3o da bateria em tempo real. O <strong data-start=\"708\" data-end=\"726\">bobina de malha de 0,8\u03a9<\/strong> melhora a entrega de sabor e a produ\u00e7\u00e3o de vapor, enquanto o <strong data-start=\"784\" data-end=\"808\">carregamento r\u00e1pido Tipo-C<\/strong> assegura carregamentos r\u00e1pidos para uso cont\u00ednuo.<\/p>\n<p data-start=\"856\" data-end=\"1111\">Dispon\u00edvel em <strong data-start=\"869\" data-end=\"910\">0%, 2%, 3% e 5% de nicotina<\/strong>, este <strong data-start=\"917\" data-end=\"938\">vape com baixo teor de nicotina<\/strong> satisfaz uma vasta gama de prefer\u00eancias. Para grossistas e compradores em grandes quantidades, o <strong data-start=\"1015\" data-end=\"1033\">Waspe 15K Vape<\/strong> oferece pre\u00e7os competitivos, desempenho fi\u00e1vel e forte procura no mercado.<\/p>\n<p><strong>Adicione o Whatsapp da Amy e obtenha uma resposta r\u00e1pida e um cup\u00e3o de vape!<\/strong><\/p>\n<p><img fetchpriority=\"high\" decoding=\"async\" class=\"size-full wp-image-2932\" src=\"https:\/\/vapestornado.com\/wp-content\/uploads\/2024\/12\/Vape-Wholesale.jpg\" alt=\"Vape Atacado\" width=\"229\" height=\"300\" \/><\/p>\n<h3><a href=\"https:\/\/wa.me\/8617776015835\" target=\"_blank\" rel=\"noopener\"><span style=\"color: #ff0000;\"><strong>WhatsApp: +86 17776015835<\/strong><\/span><\/a><\/h3>\n<p>&nbsp;<\/p>\n<h2><strong>Waspe 15000 Puffs Caracter\u00edsticas do Produto<\/strong><\/h2>\n<div role=\"article\" data-tabster=\"{&quot;groupper&quot;:{&quot;tabbability&quot;:2},&quot;focusable&quot;:{}}\" data-content=\"ai-message\" aria-labelledby=\"juhNTJ6o7Gk1cgwZMJgv2-author juhNTJ6o7Gk1cgwZMJgv2-content\">\n<div id=\"juhNTJ6o7Gk1cgwZMJgv2-content\">\n<div role=\"article\" data-tabster=\"{&quot;groupper&quot;:{&quot;tabbability&quot;:2},&quot;focusable&quot;:{}}\" data-content=\"ai-message\" aria-labelledby=\"x4EZuCZWrTbh3weWUt7CU-author x4EZuCZWrTbh3weWUt7CU-content\">\n<div id=\"x4EZuCZWrTbh3weWUt7CU-content\">\n<ul>\n<li><strong>Op\u00e7\u00f5es de Nicotina Personalizadas:<\/strong> Escolha entre 0%, 2%, 3% ou 5% de nicotina para uma experi\u00eancia personalizada.<\/li>\n<li><strong>Capacidade de Vaporiza\u00e7\u00e3o Prolongada:<\/strong> At\u00e9 15.000 vaporiza\u00e7\u00f5es com um grande reservat\u00f3rio de e-l\u00edquido de 22ml.<\/li>\n<li><strong>Ecr\u00e3 LED:<\/strong> O visor n\u00edtido mostra a dura\u00e7\u00e3o da bateria e a contagem de vaporiza\u00e7\u00f5es.<\/li>\n<li><strong>Carregamento R\u00e1pido:<\/strong> Porta Tipo-C para carregamento r\u00e1pido e conveniente.<\/li>\n<li><strong>Tecnologia de resist\u00eancia de malha:<\/strong> A bobina de 0,8\u03a9 garante um sabor rico e um vapor suave.<\/li>\n<li><strong>Design Port\u00e1til e Elegante:<\/strong> Compacto e elegante para uso em movimento.<\/li>\n<li><strong>Vaporizador de Baixa Nicotina:<\/strong> Perfeito para quem procura op\u00e7\u00f5es de nicotina reduzidas.<\/li>\n<li><strong>Venda por Grosso de Vaporizadores Acess\u00edvel:<\/strong> Op\u00e7\u00f5es de compra a granel para retalhistas a pre\u00e7os competitivos.<\/li>\n<li><strong>Constru\u00e7\u00e3o Dur\u00e1vel:<\/strong> Concebido para fiabilidade e desempenho a longo prazo.<\/li>\n<li><strong>Qualidade Acess\u00edvel:<\/strong> A <strong>vaporizador barato<\/strong> com funcionalidades premium.<\/li>\n<\/ul>\n<\/div>\n<\/div>\n<\/div>\n<\/div>\n<h2 class=\"product-title\"><strong>Lista de Sabores Waspe Tornado 15000 Vaporiza\u00e7\u00f5es<\/strong><\/h2>\n<p>1 Gelo de Melancia<br \/>\n2 Melancia Morango<br \/>\n3 Refrigerante de Laranja<br \/>\n4 Ma\u00e7\u00e3 Dupla<br \/>\n5 Morango Kiwi<br \/>\n6 Cereja<br \/>\n7 Uva<br \/>\n8 Frutos Silvestres Mistos<br \/>\n9 Gelo de Mirtilo<br \/>\n10 Morango Manga<br \/>\n11 Lim\u00e3o Razz Azul<br \/>\n12 Gelo de P\u00eassego<\/p>\n<h3>Porqu\u00ea Escolher a vapestornado para a Venda por Grosso de Vapes Waspe 15k Puffs?<\/h3>\n<div class=\"flex-shrink-0 flex flex-col relative items-end\">\n<div class=\"pt-0\">\n<div class=\"gizmo-bot-avatar flex h-8 w-8 items-center justify-center overflow-hidden rounded-full\">\n<div class=\"relative p-1 rounded-sm flex items-center justify-center bg-token-main-surface-primary text-token-text-primary h-8 w-8\">\n<p>Bem-vindo \u00e0 vapestornado, a sua loja de vape online de confian\u00e7a para vapes descart\u00e1veis premium. Com mais de 5 anos de experi\u00eancia, trazemos-lhe marcas populares de vapes descart\u00e1veis, como Fumot RandM Vape, <a href=\"https:\/\/vapestornado.com\/pt\/product\/vapme-crystal-7000-puffs-rechargeable-disposable-vape-wholesale-cheap-price\/\">Vapme<\/a>, Bang Vape, Waspe Vape e WGA Vape, etc.<\/p>\n<p>A nossa gama inclui vapes de venda quente como o <a href=\"https:\/\/vapestornado.com\/pt\/product\/fumot-randm-tornado-15000-puffs-rechargeable-disposable-vape-wholesale\/\">RandM Tornado 15000<\/a>, e op\u00e7\u00f5es ricas em sabor como o <a href=\"https:\/\/vapestornado.com\/pt\/product\/waspe-40000-puffs-double-flavour-led-display-disposable-vape-wholesale\/\">WASPE Sabor Duplo 40000 Puffs<\/a> Cada produto \u00e9 selecionado com foco na qualidade, valor e variedade, garantindo que encontre a combina\u00e7\u00e3o perfeita para as suas necessidades. Descubra um servi\u00e7o excecional e uma vasta gama de produtos de topo com pre\u00e7o de atacado na vapestornado.<\/p>\n<\/div>\n<h3><\/h3>\n<div class=\"relative p-1 rounded-sm flex items-center justify-center bg-token-main-surface-primary text-token-text-primary h-8 w-8\">\n<h3>FAQs para Vape Descart\u00e1vel Waspe 15000 Puffs<\/h3>\n<\/div>\n<\/div>\n<\/div>\n<\/div>\n<div class=\"flex-shrink-0 flex flex-col relative items-end\">\n<div class=\"pt-0\">\n<div class=\"gizmo-bot-avatar flex h-8 w-8 items-center justify-center overflow-hidden rounded-full\">\n<div class=\"relative p-1 rounded-sm flex items-center justify-center bg-token-main-surface-primary text-token-text-primary h-8 w-8\">\n<div class=\"mb-2 flex gap-3 empty:hidden -ml-2\">\n<div role=\"article\" data-tabster=\"{&quot;groupper&quot;:{&quot;tabbability&quot;:2},&quot;focusable&quot;:{}}\" data-content=\"ai-message\" aria-labelledby=\"Vdt5ez4X7Tg813x6rFVha-author Vdt5ez4X7Tg813x6rFVha-content\">\n<div id=\"Vdt5ez4X7Tg813x6rFVha-content\">\n<div role=\"article\" data-tabster=\"{&quot;groupper&quot;:{&quot;tabbability&quot;:2},&quot;focusable&quot;:{}}\" data-content=\"ai-message\" aria-labelledby=\"o968oC7CEo2fGHsGdsRYC-author o968oC7CEo2fGHsGdsRYC-content\">\n<div id=\"o968oC7CEo2fGHsGdsRYC-content\">\n<h3><\/h3>\n<ol>\n<li><strong>Qual \u00e9 a capacidade de puffs do Waspe 15000?<\/strong><br \/>\nO <strong>Tornado 15000<\/strong> oferece at\u00e9 <strong>15.000 puffs<\/strong> com a sua grande capacidade de 22ml de e-l\u00edquido.<\/li>\n<li><strong>Posso ajustar o n\u00edvel de nicotina?<\/strong><br \/>\nSim, pode selecionar entre <strong>0%, 2%, 3% ou concentra\u00e7\u00f5es de nicotina de 5%<\/strong> para uma experi\u00eancia de vaping personalizada.<\/li>\n<li><strong>O Waspe 15000 suporta carregamento r\u00e1pido?<\/strong><br \/>\nAbsolutamente! Vem equipado com um <strong>porta de carregamento Tipo C<\/strong> para um carregamento r\u00e1pido e eficiente.<\/li>\n<li><strong>O que torna o Waspe 15000 ideal para venda por grosso?<\/strong><br \/>\nO seu <strong>pre\u00e7o baixo<\/strong>, alta procura e funcionalidades premium tornam-no perfeito para <strong>vape por atacado<\/strong> e compradores em massa.<\/li>\n<li><strong>O Waspe 15000 \u00e9 adequado para utilizadores com baixo n\u00edvel de nicotina?<\/strong><br \/>\nSim, foi concebido para ser um <strong>vape com baixo teor de nicotina<\/strong>, tornando-o ideal para utilizadores que procuram op\u00e7\u00f5es com nicotina reduzida.<\/li>\n<\/ol>\n<\/div>\n<\/div>\n<\/div>\n<\/div>\n<\/div>\n<\/div>\n<\/div>\n<\/div>\n<\/div>","protected":false},"excerpt":{"rendered":"<p>Vapsolo DG 18000 Ecr\u00e3 Inteligente Atacado Vape Descart\u00e1vel<br \/>\nVapsolo DG 18000 Puffs 2% 5% Vapes de Compra a Granel com Baixa Nicotina<br \/>\nVapsolo DG18000 Puffs 2% 5% Vape Descart\u00e1vel Recarreg\u00e1vel com Baixa Nicotina<\/p>\n<p><strong>Adicione o WhatsApp da Amy para uma resposta r\u00e1pida e cup\u00e3o de vape!<\/strong><\/p>\n<p><img fetchpriority=\"high\" decoding=\"async\" class=\"size-full wp-image-2932\" src=\"https:\/\/vapestornado.com\/wp-content\/uploads\/2024\/12\/Vape-Wholesale.jpg\" alt=\"Vape Atacado\" width=\"229\" height=\"300\" \/><\/p>\n<h3><a href=\"https:\/\/wa.me\/8617776015835\"><span style=\"color: #ff0000;\"><strong>WhatsApp: +86 17776015835<\/strong><\/span><\/a><\/h3>\n<p>&nbsp;<\/p>","protected":false},"featured_media":3184,"comment_status":"open","ping_status":"closed","template":"","meta":{"_acf_changed":false,"_uag_custom_page_level_css":"","_lmt_disableupdate":"no","_lmt_disable":"","_monsterinsights_skip_tracking":false,"_monsterinsights_sitenote_active":false,"_monsterinsights_sitenote_note":"","_monsterinsights_sitenote_category":0,"site-sidebar-layout":"default","site-content-layout":"","ast-site-content-layout":"default","site-content-style":"default","site-sidebar-style":"default","ast-global-header-display":"","ast-banner-title-visibility":"","ast-main-header-display":"","ast-hfb-above-header-display":"","ast-hfb-below-header-display":"","ast-hfb-mobile-header-display":"","site-post-title":"","ast-breadcrumbs-content":"","ast-featured-img":"","footer-sml-layout":"","ast-disable-related-posts":"","theme-transparent-header-meta":"default","adv-header-id-meta":"","stick-header-meta":"","header-above-stick-meta":"","header-main-stick-meta":"","header-below-stick-meta":"","astra-migrate-meta-layouts":"set","ast-page-background-enabled":"default","ast-page-background-meta":{"desktop":{"background-color":"","background-image":"","background-repeat":"repeat","background-position":"center center","background-size":"auto","background-attachment":"scroll","background-type":"","background-media":"","overlay-type":"","overlay-color":"","overlay-opacity":"","overlay-gradient":""},"tablet":{"background-color":"","background-image":"","background-repeat":"repeat","background-position":"center center","background-size":"auto","background-attachment":"scroll","background-type":"","background-media":"","overlay-type":"","overlay-color":"","overlay-opacity":"","overlay-gradient":""},"mobile":{"background-color":"","background-image":"","background-repeat":"repeat","background-position":"center center","background-size":"auto","background-attachment":"scroll","background-type":"","background-media":"","overlay-type":"","overlay-color":"","overlay-opacity":"","overlay-gradient":""}},"ast-content-background-meta":{"desktop":{"background-color":"var(--ast-global-color-5)","background-image":"","background-repeat":"repeat","background-position":"center center","background-size":"auto","background-attachment":"scroll","background-type":"","background-media":"","overlay-type":"","overlay-color":"","overlay-opacity":"","overlay-gradient":""},"tablet":{"background-color":"var(--ast-global-color-5)","background-image":"","background-repeat":"repeat","background-position":"center center","background-size":"auto","background-attachment":"scroll","background-type":"","background-media":"","overlay-type":"","overlay-color":"","overlay-opacity":"","overlay-gradient":""},"mobile":{"background-color":"var(--ast-global-color-5)","background-image":"","background-repeat":"repeat","background-position":"center center","background-size":"auto","background-attachment":"scroll","background-type":"","background-media":"","overlay-type":"","overlay-color":"","overlay-opacity":"","overlay-gradient":""}},"_joinchat":{"telephone":"+8617776015835"}},"product_brand":[],"product_cat":[71,152,160,142,144,148,60],"product_tag":[97,94,114,164,163],"class_list":{"0":"post-3178","1":"product","2":"type-product","3":"status-publish","4":"has-post-thumbnail","6":"product_cat-15000-puff","7":"product_cat-buy-disposable-vapes-in-cermany","8":"product_cat-buy-disposable-vapes-in-switzerland","9":"product_cat-digital-box-disposable-vapes","10":"product_cat-low-nicotine-disposable-vapes","11":"product_cat-tornado-disposable-vapes","12":"product_cat-waspe-fihp-vape","13":"product_tag-hot-sale-disposable-vape","14":"product_tag-rechargeable-disposable-vape","15":"product_tag-tornado-vape","16":"product_tag-waspe-15000","17":"product_tag-waspe-vape","18":"desktop-align-left","19":"tablet-align-left","20":"mobile-align-left","22":"first","23":"instock","24":"sale","25":"shipping-taxable","26":"purchasable","27":"product-type-simple"},"acf":[],"uagb_featured_image_src":{"full":["https:\/\/vapestornado.com\/wp-content\/uploads\/2024\/12\/WASPE-15000-Puffs-Disposable-Vape.jpg",1713,1713,false],"thumbnail":["https:\/\/vapestornado.com\/wp-content\/uploads\/2024\/12\/WASPE-15000-Puffs-Disposable-Vape-150x150.jpg",150,150,true],"medium":["https:\/\/vapestornado.com\/wp-content\/uploads\/2024\/12\/WASPE-15000-Puffs-Disposable-Vape-300x300.jpg",300,300,true],"medium_large":["https:\/\/vapestornado.com\/wp-content\/uploads\/2024\/12\/WASPE-15000-Puffs-Disposable-Vape-768x768.jpg",768,768,true],"large":["https:\/\/vapestornado.com\/wp-content\/uploads\/2024\/12\/WASPE-15000-Puffs-Disposable-Vape-1024x1024.jpg",1024,1024,true],"1536x1536":["https:\/\/vapestornado.com\/wp-content\/uploads\/2024\/12\/WASPE-15000-Puffs-Disposable-Vape-1536x1536.jpg",1536,1536,true],"2048x2048":["https:\/\/vapestornado.com\/wp-content\/uploads\/2024\/12\/WASPE-15000-Puffs-Disposable-Vape.jpg",1713,1713,false],"trp-custom-language-flag":["https:\/\/vapestornado.com\/wp-content\/uploads\/2024\/12\/WASPE-15000-Puffs-Disposable-Vape.jpg",12,12,false],"woocommerce_thumbnail":["https:\/\/vapestornado.com\/wp-content\/uploads\/2024\/12\/WASPE-15000-Puffs-Disposable-Vape-300x300.jpg",300,300,true],"woocommerce_single":["https:\/\/vapestornado.com\/wp-content\/uploads\/2024\/12\/WASPE-15000-Puffs-Disposable-Vape-600x600.jpg",600,600,true],"woocommerce_gallery_thumbnail":["https:\/\/vapestornado.com\/wp-content\/uploads\/2024\/12\/WASPE-15000-Puffs-Disposable-Vape-100x100.jpg",100,100,true]},"uagb_author_info":{"display_name":"ESAMY","author_link":"https:\/\/vapestornado.com\/pt\/author\/"},"uagb_comment_info":0,"uagb_excerpt":"Vapsolo DG 18000 Smart Screen Wholesale Disposable Vape Vapsolo DG 18000 Puffs 2% 5% Low Nicotine Bulk Buy Vapes Vapsolo DG18000 Puffs 2% 5% Low Nicotine Rechargeable Disposable Vape Add Amy's whatsapp get right reply and vape vape coupon! WhatsApp: +86 17776015835 &nbsp;","_links":{"self":[{"href":"https:\/\/vapestornado.com\/pt\/wp-json\/wp\/v2\/product\/3178","targetHints":{"allow":["GET"]}}],"collection":[{"href":"https:\/\/vapestornado.com\/pt\/wp-json\/wp\/v2\/product"}],"about":[{"href":"https:\/\/vapestornado.com\/pt\/wp-json\/wp\/v2\/types\/product"}],"replies":[{"embeddable":true,"href":"https:\/\/vapestornado.com\/pt\/wp-json\/wp\/v2\/comments?post=3178"}],"wp:featuredmedia":[{"embeddable":true,"href":"https:\/\/vapestornado.com\/pt\/wp-json\/wp\/v2\/media\/3184"}],"wp:attachment":[{"href":"https:\/\/vapestornado.com\/pt\/wp-json\/wp\/v2\/media?parent=3178"}],"wp:term":[{"taxonomy":"product_brand","embeddable":true,"href":"https:\/\/vapestornado.com\/pt\/wp-json\/wp\/v2\/product_brand?post=3178"},{"taxonomy":"product_cat","embeddable":true,"href":"https:\/\/vapestornado.com\/pt\/wp-json\/wp\/v2\/product_cat?post=3178"},{"taxonomy":"product_tag","embeddable":true,"href":"https:\/\/vapestornado.com\/pt\/wp-json\/wp\/v2\/product_tag?post=3178"}],"curies":[{"name":"wp","href":"https:\/\/api.w.org\/{rel}","templated":true}]}}