{"id":3177,"date":"2024-12-16T02:49:21","date_gmt":"2024-12-16T02:49:21","guid":{"rendered":"https:\/\/vapestornado.com\/?post_type=product&#038;p=3177"},"modified":"2025-08-23T09:58:57","modified_gmt":"2025-08-23T09:58:57","slug":"vapsolo-dg-18000-puffs-smart-screen-wholesale-disposable-cheap-vapes","status":"publish","type":"product","link":"https:\/\/vapestornado.com\/pt\/product\/vapsolo-dg-18000-puffs-smart-screen-wholesale-disposable-cheap-vapes\/","title":{"rendered":"Vapsolo DG 18000 Puffs Smart Screen Vapes Descart\u00e1veis Baratos por Atacado"},"content":{"rendered":"<h1 class=\"product-title\">Vapsolo DG 18000 Puffs Smart Screen Vapes Descart\u00e1veis Baratos por Atacado<\/h1>\n<p>O <strong>Vapsolo DG 18000 Puffs Ecr\u00e3 Inteligente Vapes Descart\u00e1veis Baratos<\/strong>\u00a0redefine a conveni\u00eancia e o desempenho no vaping. Com uma enorme capacidade de <strong>18.000 baforadas<\/strong>, este <strong>vape descart\u00e1vel<\/strong> oferece uma longevidade e qualidade inigual\u00e1veis, tornando-o uma <strong>vape em grande promo\u00e7\u00e3o<\/strong> no mercado. Projetado com um <strong>ecr\u00e3 inteligente<\/strong>, mant\u00e9m-no informado sobre a dura\u00e7\u00e3o da bateria e estat\u00edsticas de uso, enquanto o <strong>fluxo de ar ajust\u00e1vel<\/strong> permite um vaping personalizado. O <strong>Modo Inteligente<\/strong> otimiza automaticamente as configura\u00e7\u00f5es para um vaping sem esfor\u00e7o, enquanto o <strong>Modo Boost<\/strong> proporciona um golpe intenso para os entusiastas do sabor. Alimentado por uma <strong>bateria recarreg\u00e1vel de 650mAh<\/strong> com carregamento r\u00e1pido Tipo-C, este dispositivo \u00e9 perfeito para utilizadores que procuram efici\u00eancia e desempenho. Os compradores a granel beneficiam de <strong>vape por atacado<\/strong> pre\u00e7os competitivos, tornando-o uma excelente escolha para <strong>Vapsolo por atacado<\/strong>.<\/p>\n<p><strong>Adicione o Whatsapp da Amy e obtenha uma resposta r\u00e1pida e um cup\u00e3o de vape!<\/strong><\/p>\n<p><img fetchpriority=\"high\" decoding=\"async\" class=\"size-full wp-image-2932\" src=\"https:\/\/vapestornado.com\/wp-content\/uploads\/2024\/12\/Vape-Wholesale.jpg\" alt=\"Vape Atacado\" width=\"229\" height=\"300\" \/><\/p>\n<h3><a href=\"https:\/\/wa.me\/8617776015835\" target=\"_blank\" rel=\"noopener\"><span style=\"color: #ff0000;\"><strong>WhatsApp: +86 17776015835<\/strong><\/span><\/a><\/h3>\n<p>&nbsp;<\/p>\n<h2><strong>Caracter\u00edsticas do Produto Vapsolo DG 18000<\/strong><\/h2>\n<div role=\"article\" data-tabster=\"{&quot;groupper&quot;:{&quot;tabbability&quot;:2},&quot;focusable&quot;:{}}\" data-content=\"ai-message\" aria-labelledby=\"juhNTJ6o7Gk1cgwZMJgv2-author juhNTJ6o7Gk1cgwZMJgv2-content\">\n<div id=\"juhNTJ6o7Gk1cgwZMJgv2-content\">\n<div role=\"article\" data-tabster=\"{&quot;groupper&quot;:{&quot;tabbability&quot;:2},&quot;focusable&quot;:{}}\" data-content=\"ai-message\" aria-labelledby=\"x4EZuCZWrTbh3weWUt7CU-author x4EZuCZWrTbh3weWUt7CU-content\">\n<div id=\"x4EZuCZWrTbh3weWUt7CU-content\">\n<h3><\/h3>\n<ol>\n<li><strong>18.000 Puffs:<\/strong> Desempenho de longa dura\u00e7\u00e3o para divers\u00e3o prolongada.<\/li>\n<li><strong>Ecr\u00e3 Inteligente:<\/strong> Monitorize facilmente a vida \u00fatil e o uso da bateria.<\/li>\n<li><strong>Fluxo de ar ajust\u00e1vel:<\/strong> Personalize o seu trago para a inala\u00e7\u00e3o perfeita.<\/li>\n<li><strong>Modos Duplos:<\/strong> Escolha entre o Modo Inteligente para facilidade e o Modo Impulso para intensidade.<\/li>\n<li><strong>Bateria Recarreg\u00e1vel:<\/strong> Bateria de 650mAh com carregamento Tipo-C para recargas r\u00e1pidas.<\/li>\n<li><strong>Grande Capacidade de E-L\u00edquido:<\/strong> Capacidade generosa para menos recargas.<\/li>\n<li><strong>Constru\u00e7\u00e3o de Qualidade:<\/strong> O design dur\u00e1vel e \u00e0 prova de fugas garante uma experi\u00eancia sem complica\u00e7\u00f5es.<\/li>\n<li><strong>Op\u00e7\u00f5es de Nicotina:<\/strong> Dispon\u00edvel em <strong>vape descart\u00e1vel de baixo teor de nicotina<\/strong> pontos fortes.<\/li>\n<li><strong>Design Elegante:<\/strong> Compacto e ergon\u00f3mico para portabilidade.<\/li>\n<li><strong>Pre\u00e7os de Atacado:<\/strong> Ideal para compradores em grande quantidade com pre\u00e7os econ\u00f3micos.<\/li>\n<\/ol>\n<\/div>\n<\/div>\n<\/div>\n<\/div>\n<h2 class=\"product-title\"><strong>Vapsolo DG 18000 Puffs Lista de Sabores<\/strong><\/h2>\n<p>1.P\u00eassego manga anan\u00e1s<br \/>\n2.Maracuj\u00e1 kiwi gelo<br \/>\n3.Mirtilo cereja arando<br \/>\n4. Gelo de melancia<br \/>\n5.Morango kiwi<br \/>\n6.Lim\u00e3o lima<br \/>\n7.Morango banana<br \/>\n8.Redbull<br \/>\n9.Bagas mistas<br \/>\n10.Morango com melancia<\/p>\n<h3>Por que escolher a vapestornado para o Vapsolo DG 18000 Puffs Vape por atacado?<\/h3>\n<div class=\"flex-shrink-0 flex flex-col relative items-end\">\n<div class=\"pt-0\">\n<div class=\"gizmo-bot-avatar flex h-8 w-8 items-center justify-center overflow-hidden rounded-full\">\n<div class=\"relative p-1 rounded-sm flex items-center justify-center bg-token-main-surface-primary text-token-text-primary h-8 w-8\">\n<p>Bem-vindo \u00e0 vapestornado, a sua loja de vape online de confian\u00e7a para vapes descart\u00e1veis premium. Com mais de 5 anos de experi\u00eancia, trazemos-lhe marcas populares de vapes descart\u00e1veis, como Fumot RandM Vape, <a href=\"https:\/\/vapestornado.com\/pt\/product\/vapme-crystal-7000-puffs-rechargeable-disposable-vape-wholesale-cheap-price\/\">Vapme<\/a>, Bang Vape, Waspe Vape e WGA Vape, etc.<\/p>\n<p>A nossa gama inclui vapes de venda quente como o <a href=\"https:\/\/vapestornado.com\/pt\/product\/fumot-randm-tornado-15000-puffs-rechargeable-disposable-vape-wholesale\/\">RandM Tornado 15000<\/a>, e op\u00e7\u00f5es ricas em sabor como o <a href=\"https:\/\/vapestornado.com\/pt\/product\/waspe-40000-puffs-double-flavour-led-display-disposable-vape-wholesale\/\">WASPE Sabor Duplo 40000 Puffs<\/a> Cada produto \u00e9 selecionado com foco na qualidade, valor e variedade, garantindo que encontre a combina\u00e7\u00e3o perfeita para as suas necessidades. Descubra um servi\u00e7o excecional e uma vasta gama de produtos de topo com pre\u00e7o de atacado na vapestornado.<\/p>\n<\/div>\n<h3><\/h3>\n<div class=\"relative p-1 rounded-sm flex items-center justify-center bg-token-main-surface-primary text-token-text-primary h-8 w-8\">\n<h3>Perguntas Frequentes sobre o Cigarro Eletr\u00f3nico Descart\u00e1vel Vapsolo DG 18k Puffs<\/h3>\n<\/div>\n<\/div>\n<\/div>\n<\/div>\n<div class=\"flex-shrink-0 flex flex-col relative items-end\">\n<div class=\"pt-0\">\n<div class=\"gizmo-bot-avatar flex h-8 w-8 items-center justify-center overflow-hidden rounded-full\">\n<div class=\"relative p-1 rounded-sm flex items-center justify-center bg-token-main-surface-primary text-token-text-primary h-8 w-8\">\n<div class=\"mb-2 flex gap-3 empty:hidden -ml-2\">\n<div role=\"article\" data-tabster=\"{&quot;groupper&quot;:{&quot;tabbability&quot;:2},&quot;focusable&quot;:{}}\" data-content=\"ai-message\" aria-labelledby=\"Vdt5ez4X7Tg813x6rFVha-author Vdt5ez4X7Tg813x6rFVha-content\">\n<div id=\"Vdt5ez4X7Tg813x6rFVha-content\">\n<div role=\"article\" data-tabster=\"{&quot;groupper&quot;:{&quot;tabbability&quot;:2},&quot;focusable&quot;:{}}\" data-content=\"ai-message\" aria-labelledby=\"o968oC7CEo2fGHsGdsRYC-author o968oC7CEo2fGHsGdsRYC-content\">\n<div id=\"o968oC7CEo2fGHsGdsRYC-content\">\n<h3><\/h3>\n<ol>\n<li><strong>O que \u00e9 o VapSolo DG18000?<\/strong><br \/>\nO <strong>O VapSolo DG18000<\/strong> \u00e9 um dispositivo de alta capacidade <strong>vape descart\u00e1vel<\/strong> que oferece <strong>18.000 puffs<\/strong>, um ecr\u00e3 inteligente e funcionalidade recarreg\u00e1vel.<\/li>\n<li><strong>Como funciona o Modo Inteligente?<\/strong><br \/>\n<strong>Modo Inteligente<\/strong> otimiza automaticamente as configura\u00e7\u00f5es para uma experi\u00eancia de vaporiza\u00e7\u00e3o suave e sem esfor\u00e7o, com base nos seus h\u00e1bitos de uso.<\/li>\n<li><strong>O que \u00e9 o Modo Boost?<\/strong><br \/>\n<strong>Modo Boost<\/strong> proporciona um 'hit' mais forte e intenso para utilizadores que preferem um sabor e produ\u00e7\u00e3o de vapor mais ousados.<\/li>\n<li><strong>O VapSolo DG18000 \u00e9 recarreg\u00e1vel?<\/strong><br \/>\nSim, possui um\/uma <strong>bateria de 650mAh<\/strong> que pode ser recarregado rapidamente usando a porta de carregamento Tipo-C.<\/li>\n<li><strong>Porqu\u00ea escolher o VapSolo DG18000 para venda por grosso?<\/strong><br \/>\nCom a sua durabilidade, alta contagem de 'puffs' e pre\u00e7o competitivo, <strong>vape por atacado<\/strong> \u00e9 uma excelente escolha para retalhistas e compradores a granel.<\/li>\n<\/ol>\n<\/div>\n<\/div>\n<\/div>\n<\/div>\n<p>&nbsp;<\/p>\n<\/div>\n<\/div>\n<\/div>\n<\/div>\n<\/div>\n<div class=\"group\/conversation-turn relative flex w-full min-w-0 flex-col agent-turn\">\n<div class=\"flex-col gap-1 md:gap-3\">\n<div class=\"flex max-w-full flex-col flex-grow\">\n<div class=\"min-h-8 text-message flex w-full flex-col items-end gap-2 whitespace-normal break-words [.text-message+&amp;]:mt-5\" dir=\"auto\" data-message-author-role=\"assistant\" data-message-id=\"db716a1c-9ed0-4b8d-b3b0-7bdb913c3d42\" data-message-model-slug=\"gpt-4o\">\n<div class=\"flex w-full flex-col gap-1 empty:hidden first:pt-[3px]\">\n<div class=\"markdown prose w-full break-words dark:prose-invert light\">\n<p>&nbsp;<\/p>\n<\/div>\n<\/div>\n<\/div>\n<\/div>\n<\/div>\n<\/div>","protected":false},"excerpt":{"rendered":"<p>Vapsolo DG 18000 Ecr\u00e3 Inteligente Atacado Vape Descart\u00e1vel<br \/>\nVapsolo DG 18000 Puffs 2% 5% Vapes de Compra a Granel com Baixa Nicotina<br \/>\nVapsolo DG18000 Puffs 2% 5% Vape Descart\u00e1vel Recarreg\u00e1vel com Baixa Nicotina<\/p>\n<p><strong>Adicione o WhatsApp da Amy para uma resposta r\u00e1pida e cup\u00e3o de vape!<\/strong><\/p>\n<p><img fetchpriority=\"high\" decoding=\"async\" class=\"size-full wp-image-2932\" src=\"https:\/\/vapestornado.com\/wp-content\/uploads\/2024\/12\/Vape-Wholesale.jpg\" alt=\"Vape Atacado\" width=\"229\" height=\"300\" \/><\/p>\n<h3><a href=\"https:\/\/wa.me\/8617776015835\"><span style=\"color: #ff0000;\"><strong>WhatsApp: +86 17776015835<\/strong><\/span><\/a><\/h3>\n<p>&nbsp;<\/p>","protected":false},"featured_media":3173,"comment_status":"open","ping_status":"closed","template":"","meta":{"_acf_changed":false,"_uag_custom_page_level_css":"","_lmt_disableupdate":"no","_lmt_disable":"","_monsterinsights_skip_tracking":false,"_monsterinsights_sitenote_active":false,"_monsterinsights_sitenote_note":"","_monsterinsights_sitenote_category":0,"site-sidebar-layout":"default","site-content-layout":"","ast-site-content-layout":"default","site-content-style":"default","site-sidebar-style":"default","ast-global-header-display":"","ast-banner-title-visibility":"","ast-main-header-display":"","ast-hfb-above-header-display":"","ast-hfb-below-header-display":"","ast-hfb-mobile-header-display":"","site-post-title":"","ast-breadcrumbs-content":"","ast-featured-img":"","footer-sml-layout":"","ast-disable-related-posts":"","theme-transparent-header-meta":"default","adv-header-id-meta":"","stick-header-meta":"","header-above-stick-meta":"","header-main-stick-meta":"","header-below-stick-meta":"","astra-migrate-meta-layouts":"set","ast-page-background-enabled":"default","ast-page-background-meta":{"desktop":{"background-color":"","background-image":"","background-repeat":"repeat","background-position":"center center","background-size":"auto","background-attachment":"scroll","background-type":"","background-media":"","overlay-type":"","overlay-color":"","overlay-opacity":"","overlay-gradient":""},"tablet":{"background-color":"","background-image":"","background-repeat":"repeat","background-position":"center center","background-size":"auto","background-attachment":"scroll","background-type":"","background-media":"","overlay-type":"","overlay-color":"","overlay-opacity":"","overlay-gradient":""},"mobile":{"background-color":"","background-image":"","background-repeat":"repeat","background-position":"center center","background-size":"auto","background-attachment":"scroll","background-type":"","background-media":"","overlay-type":"","overlay-color":"","overlay-opacity":"","overlay-gradient":""}},"ast-content-background-meta":{"desktop":{"background-color":"var(--ast-global-color-5)","background-image":"","background-repeat":"repeat","background-position":"center center","background-size":"auto","background-attachment":"scroll","background-type":"","background-media":"","overlay-type":"","overlay-color":"","overlay-opacity":"","overlay-gradient":""},"tablet":{"background-color":"var(--ast-global-color-5)","background-image":"","background-repeat":"repeat","background-position":"center center","background-size":"auto","background-attachment":"scroll","background-type":"","background-media":"","overlay-type":"","overlay-color":"","overlay-opacity":"","overlay-gradient":""},"mobile":{"background-color":"var(--ast-global-color-5)","background-image":"","background-repeat":"repeat","background-position":"center center","background-size":"auto","background-attachment":"scroll","background-type":"","background-media":"","overlay-type":"","overlay-color":"","overlay-opacity":"","overlay-gradient":""}},"_joinchat":{"telephone":"+8617776015835"}},"product_brand":[],"product_cat":[70,150,154,157,142,144,171],"product_tag":[97,94,139,162,161],"class_list":{"0":"post-3177","1":"product","2":"type-product","3":"status-publish","4":"has-post-thumbnail","6":"product_cat-18000-puff","7":"product_cat-buy-disposable-vapes-in-belgium","8":"product_cat-buy-disposable-vapes-in-netherlands","9":"product_cat-buy-disposable-vapes-in-portugal","10":"product_cat-digital-box-disposable-vapes","11":"product_cat-low-nicotine-disposable-vapes","12":"product_cat-vapsolo-disposable-vapes","13":"product_tag-hot-sale-disposable-vape","14":"product_tag-rechargeable-disposable-vape","15":"product_tag-vapsolo","16":"product_tag-vapsolo-18000","17":"product_tag-vapsolo-dg-18000-puffs","18":"desktop-align-left","19":"tablet-align-left","20":"mobile-align-left","22":"first","23":"instock","24":"sale","25":"shipping-taxable","26":"purchasable","27":"product-type-simple"},"acf":[],"uagb_featured_image_src":{"full":["https:\/\/vapestornado.com\/wp-content\/uploads\/2024\/12\/Vapsolo-DG-18000-Puffs-Smart-Screen-Wholesale-Disposable-Vape.jpg",1126,1126,false],"thumbnail":["https:\/\/vapestornado.com\/wp-content\/uploads\/2024\/12\/Vapsolo-DG-18000-Puffs-Smart-Screen-Wholesale-Disposable-Vape-150x150.jpg",150,150,true],"medium":["https:\/\/vapestornado.com\/wp-content\/uploads\/2024\/12\/Vapsolo-DG-18000-Puffs-Smart-Screen-Wholesale-Disposable-Vape-300x300.jpg",300,300,true],"medium_large":["https:\/\/vapestornado.com\/wp-content\/uploads\/2024\/12\/Vapsolo-DG-18000-Puffs-Smart-Screen-Wholesale-Disposable-Vape-768x768.jpg",768,768,true],"large":["https:\/\/vapestornado.com\/wp-content\/uploads\/2024\/12\/Vapsolo-DG-18000-Puffs-Smart-Screen-Wholesale-Disposable-Vape-1024x1024.jpg",1024,1024,true],"1536x1536":["https:\/\/vapestornado.com\/wp-content\/uploads\/2024\/12\/Vapsolo-DG-18000-Puffs-Smart-Screen-Wholesale-Disposable-Vape.jpg",1126,1126,false],"2048x2048":["https:\/\/vapestornado.com\/wp-content\/uploads\/2024\/12\/Vapsolo-DG-18000-Puffs-Smart-Screen-Wholesale-Disposable-Vape.jpg",1126,1126,false],"trp-custom-language-flag":["https:\/\/vapestornado.com\/wp-content\/uploads\/2024\/12\/Vapsolo-DG-18000-Puffs-Smart-Screen-Wholesale-Disposable-Vape.jpg",12,12,false],"woocommerce_thumbnail":["https:\/\/vapestornado.com\/wp-content\/uploads\/2024\/12\/Vapsolo-DG-18000-Puffs-Smart-Screen-Wholesale-Disposable-Vape-300x300.jpg",300,300,true],"woocommerce_single":["https:\/\/vapestornado.com\/wp-content\/uploads\/2024\/12\/Vapsolo-DG-18000-Puffs-Smart-Screen-Wholesale-Disposable-Vape-600x600.jpg",600,600,true],"woocommerce_gallery_thumbnail":["https:\/\/vapestornado.com\/wp-content\/uploads\/2024\/12\/Vapsolo-DG-18000-Puffs-Smart-Screen-Wholesale-Disposable-Vape-100x100.jpg",100,100,true]},"uagb_author_info":{"display_name":"ESAMY","author_link":"https:\/\/vapestornado.com\/pt\/author\/"},"uagb_comment_info":0,"uagb_excerpt":"Vapsolo DG 18000 Smart Screen Wholesale Disposable Vape Vapsolo DG 18000 Puffs 2% 5% Low Nicotine Bulk Buy Vapes Vapsolo DG18000 Puffs 2% 5% Low Nicotine Rechargeable Disposable Vape Add Amy's whatsapp get right reply and vape vape coupon! WhatsApp: +86 17776015835 &nbsp;","_links":{"self":[{"href":"https:\/\/vapestornado.com\/pt\/wp-json\/wp\/v2\/product\/3177","targetHints":{"allow":["GET"]}}],"collection":[{"href":"https:\/\/vapestornado.com\/pt\/wp-json\/wp\/v2\/product"}],"about":[{"href":"https:\/\/vapestornado.com\/pt\/wp-json\/wp\/v2\/types\/product"}],"replies":[{"embeddable":true,"href":"https:\/\/vapestornado.com\/pt\/wp-json\/wp\/v2\/comments?post=3177"}],"wp:featuredmedia":[{"embeddable":true,"href":"https:\/\/vapestornado.com\/pt\/wp-json\/wp\/v2\/media\/3173"}],"wp:attachment":[{"href":"https:\/\/vapestornado.com\/pt\/wp-json\/wp\/v2\/media?parent=3177"}],"wp:term":[{"taxonomy":"product_brand","embeddable":true,"href":"https:\/\/vapestornado.com\/pt\/wp-json\/wp\/v2\/product_brand?post=3177"},{"taxonomy":"product_cat","embeddable":true,"href":"https:\/\/vapestornado.com\/pt\/wp-json\/wp\/v2\/product_cat?post=3177"},{"taxonomy":"product_tag","embeddable":true,"href":"https:\/\/vapestornado.com\/pt\/wp-json\/wp\/v2\/product_tag?post=3177"}],"curies":[{"name":"wp","href":"https:\/\/api.w.org\/{rel}","templated":true}]}}