{"id":3171,"date":"2024-12-14T09:23:10","date_gmt":"2024-12-14T09:23:10","guid":{"rendered":"https:\/\/vapestornado.com\/?post_type=product&#038;p=3171"},"modified":"2025-08-23T10:02:23","modified_gmt":"2025-08-23T10:02:23","slug":"waspe-40000-puffs-double-flavor-rechargeable-vape-cheap-price","status":"publish","type":"product","link":"https:\/\/vapestornado.com\/pt\/product\/waspe-40000-puffs-double-flavor-rechargeable-vape-cheap-price\/","title":{"rendered":"WASPE 40000 Puffs Duplo Sabor Vaporizador Recarreg\u00e1vel Pre\u00e7o Barato"},"content":{"rendered":"<h1>WASPE 40000 Puffs Duplo Sabor Vaporizador Recarreg\u00e1vel Pre\u00e7o Barato<\/h1>\n<p>&nbsp;<\/p>\n<div role=\"article\" data-tabster=\"{&quot;groupper&quot;:{&quot;tabbability&quot;:2},&quot;focusable&quot;:{}}\" data-content=\"ai-message\" aria-labelledby=\"64JRvXrTnY7mRmPkEQLLT-author 64JRvXrTnY7mRmPkEQLLT-content\">\n<div id=\"64JRvXrTnY7mRmPkEQLLT-content\">\n<p>O Vape Recarreg\u00e1vel de Sabor Duplo WASPE 40000 Puffs combina tecnologia avan\u00e7ada com uma entrega de sabor excepcional. Projetado para uso prolongado, o WASPE VAPES oferece at\u00e9 40.000 puffs, garantindo uma satisfa\u00e7\u00e3o duradoura. As bobinas de malha duplas de 0,9\u03a9 proporcionam um vapor suave e encorpado com intensidade de sabor aprimorada e um impacto na garganta satisfat\u00f3rio. A sua capacidade de 36mL de e-l\u00edquido reduz a necessidade de recargas frequentes, enquanto a bateria recarreg\u00e1vel de 850mAh garante um desempenho fi\u00e1vel. O recurso de carregamento r\u00e1pido Type-C mant\u00e9m o tempo de inatividade m\u00ednimo. O visor LED inteligente oferece atualiza\u00e7\u00f5es em tempo real sobre os n\u00edveis de bateria e e-l\u00edquido para maior conveni\u00eancia. Com um sistema de sabor duplo, os utilizadores podem alternar facilmente entre dois sabores distintos, melhorando a experi\u00eancia de vaporiza\u00e7\u00e3o. Dispon\u00edvel em concentra\u00e7\u00f5es de nicotina de 2% e 5% e 16 sabores \u00fanicos, \u00e9 adequado tanto para vapers iniciantes quanto experientes. Escolha o Vape WASPE FIHP 40000 Puffs para recursos de ponta, design elegante e uma experi\u00eancia de vaporiza\u00e7\u00e3o premium adaptada \u00e0s suas prefer\u00eancias.<\/p>\n<\/div>\n<\/div>\n<p><img fetchpriority=\"high\" decoding=\"async\" class=\"alignnone size-medium wp-image-4245\" src=\"https:\/\/vapestornado.com\/wp-content\/uploads\/2024\/12\/Waspe-DOUBLE-FLAVOUR-40k-Vape-Cheap-Price-300x300.jpg\" alt=\"\" width=\"300\" height=\"300\" srcset=\"https:\/\/vapestornado.com\/wp-content\/uploads\/2024\/12\/Waspe-DOUBLE-FLAVOUR-40k-Vape-Cheap-Price-300x300.jpg 300w, https:\/\/vapestornado.com\/wp-content\/uploads\/2024\/12\/Waspe-DOUBLE-FLAVOUR-40k-Vape-Cheap-Price-1024x1024.jpg 1024w, https:\/\/vapestornado.com\/wp-content\/uploads\/2024\/12\/Waspe-DOUBLE-FLAVOUR-40k-Vape-Cheap-Price-150x150.jpg 150w, https:\/\/vapestornado.com\/wp-content\/uploads\/2024\/12\/Waspe-DOUBLE-FLAVOUR-40k-Vape-Cheap-Price-768x768.jpg 768w, https:\/\/vapestornado.com\/wp-content\/uploads\/2024\/12\/Waspe-DOUBLE-FLAVOUR-40k-Vape-Cheap-Price-12x12.jpg 12w, https:\/\/vapestornado.com\/wp-content\/uploads\/2024\/12\/Waspe-DOUBLE-FLAVOUR-40k-Vape-Cheap-Price-600x600.jpg 600w, https:\/\/vapestornado.com\/wp-content\/uploads\/2024\/12\/Waspe-DOUBLE-FLAVOUR-40k-Vape-Cheap-Price-100x100.jpg 100w, https:\/\/vapestornado.com\/wp-content\/uploads\/2024\/12\/Waspe-DOUBLE-FLAVOUR-40k-Vape-Cheap-Price.jpg 1500w\" sizes=\"(max-width: 300px) 100vw, 300px\" \/><\/p>\n<p><img decoding=\"async\" class=\"wp-image-2951\" src=\"https:\/\/vapestornado.com\/wp-content\/uploads\/2024\/12\/Wholesale-Disposable-Vape-265x300.jpg\" alt=\"Vape Descart\u00e1vel por Grosso\" width=\"295\" height=\"334\" srcset=\"https:\/\/vapestornado.com\/wp-content\/uploads\/2024\/12\/Wholesale-Disposable-Vape-265x300.jpg 265w, https:\/\/vapestornado.com\/wp-content\/uploads\/2024\/12\/Wholesale-Disposable-Vape-768x871.jpg 768w, https:\/\/vapestornado.com\/wp-content\/uploads\/2024\/12\/Wholesale-Disposable-Vape-600x680.jpg 600w, https:\/\/vapestornado.com\/wp-content\/uploads\/2024\/12\/Wholesale-Disposable-Vape.jpg 823w\" sizes=\"(max-width: 295px) 100vw, 295px\" \/><\/p>\n<h6>Por favor, contacte o WhatsApp da Mandy para pre\u00e7o com desconto<a href=\"https:\/\/wa.me\/8618077105796\" target=\"_blank\" rel=\"noopener\">+8618077105796<\/a><\/h6>\n<p>&nbsp;<\/p>\n<h2><strong>Especifica\u00e7\u00f5es dos Vapes Descart\u00e1veis WASPE 40000 Puffs<\/strong><\/h2>\n<ul>\n<li><strong>Concentra\u00e7\u00e3o de Nicotina<\/strong>: Dispon\u00edvel em op\u00e7\u00f5es de 2% e 5% para uma experi\u00eancia de vaporiza\u00e7\u00e3o personalizada.<\/li>\n<li><strong>Capacidade de Puffs<\/strong>: At\u00e9 40.000 puffs, ideal para uso prolongado com substitui\u00e7\u00f5es m\u00ednimas.<\/li>\n<li><strong>Capacidade de E-l\u00edquido<\/strong>: Pr\u00e9-cheio com 36mL de sumo de vape premium para sess\u00f5es de longa dura\u00e7\u00e3o.<\/li>\n<li><strong>Bobinas de Malha Avan\u00e7adas<\/strong>: Bobinas de malha duplas de 0,9\u03a9 proporcionam vapor suave e rico e sabor aprimorado.<\/li>\n<li><strong>Recarreg\u00e1vel Tipo-C<\/strong>: O carregamento r\u00e1pido e eficiente Tipo-C minimiza o tempo de inatividade.<\/li>\n<li><strong>Capacidade da bateria<\/strong>: A robusta bateria recarreg\u00e1vel de 850mAh garante um desempenho consistente.<\/li>\n<li><strong>Visor LED Inteligente<\/strong>: Atualiza\u00e7\u00f5es em tempo real dos n\u00edveis de bateria e e-l\u00edquido para usabilidade perfeita.<\/li>\n<li><strong>Tecnologia de Sabor Duplo<\/strong>: Alterne entre dois sabores distintos para uma experi\u00eancia de vaporiza\u00e7\u00e3o din\u00e2mica e personalizada.<\/li>\n<\/ul>\n<h2><strong>Lista de Sabores do WASPE Tornado Vape 40k Puffs:<\/strong><\/h2>\n<p class=\"selectable-text copyable-text x15bjb6t x1n2onr6\" dir=\"ltr\"><span class=\"selectable-text copyable-text false\">1.Melancia Gelada<\/span><\/p>\n<p class=\"selectable-text copyable-text x15bjb6t x1n2onr6\" dir=\"ltr\"><span class=\"selectable-text copyable-text false x1sdyfia xss6m8b\">2.<\/span><span class=\"selectable-text copyable-text false\"> Cereja Gaseificada Gelada<\/span><\/p>\n<p class=\"selectable-text copyable-text x15bjb6t x1n2onr6\" dir=\"ltr\"><span class=\"selectable-text copyable-text false x1sdyfia xss6m8b\">3.<\/span><span class=\"selectable-text copyable-text false\"> Morango Melancia<\/span><\/p>\n<p class=\"selectable-text copyable-text x15bjb6t x1n2onr6\" dir=\"ltr\"><span class=\"selectable-text copyable-text false x1sdyfia xss6m8b\">4.<\/span><span class=\"selectable-text copyable-text false\"> Red Bull Gelado<\/span><\/p>\n<p class=\"selectable-text copyable-text x15bjb6t x1n2onr6\" dir=\"ltr\"><span class=\"selectable-text copyable-text false x1sdyfia xss6m8b\">5.<\/span><span class=\"selectable-text copyable-text false\"> P\u00eassego Gelado<\/span><\/p>\n<p class=\"selectable-text copyable-text x15bjb6t x1n2onr6\" dir=\"ltr\"><span class=\"selectable-text copyable-text false x1sdyfia xss6m8b\">6.<\/span><span class=\"selectable-text copyable-text false\"> Gelo de Uva<\/span><\/p>\n<p class=\"selectable-text copyable-text x15bjb6t x1n2onr6\" dir=\"ltr\"><span class=\"selectable-text copyable-text false x1sdyfia xss6m8b\">7.<\/span><span class=\"selectable-text copyable-text false\"> Limonada de Framboesa Azul<\/span><\/p>\n<p class=\"selectable-text copyable-text x15bjb6t x1n2onr6\" dir=\"ltr\"><span class=\"selectable-text copyable-text false x1sdyfia xss6m8b\">8.<\/span><span class=\"selectable-text copyable-text false\"> Frutas Silvestres<\/span><\/p>\n<p class=\"selectable-text copyable-text x15bjb6t x1n2onr6\" dir=\"ltr\"><span class=\"selectable-text copyable-text false x1sdyfia xss6m8b\">9.<\/span><span class=\"selectable-text copyable-text false\"> Morango Framboesa Cereja<\/span><\/p>\n<p class=\"selectable-text copyable-text x15bjb6t x1n2onr6\" dir=\"ltr\"><span class=\"selectable-text copyable-text false x1sdyfia xss6m8b\">10.<\/span><span class=\"selectable-text copyable-text false\"> Morango Banana<\/span><\/p>\n<p class=\"selectable-text copyable-text x15bjb6t x1n2onr6\" dir=\"ltr\"><span class=\"selectable-text copyable-text false x1sdyfia xss6m8b\">11.<\/span><span class=\"selectable-text copyable-text false\"> Morango Melancia Pastilha El\u00e1stica<\/span><\/p>\n<p class=\"selectable-text copyable-text x15bjb6t x1n2onr6\" dir=\"ltr\"><span class=\"selectable-text copyable-text false x1sdyfia xss6m8b\">12.<\/span><span class=\"selectable-text copyable-text false\"> Cereja Cola Gelada<\/span><\/p>\n<p class=\"selectable-text copyable-text x15bjb6t x1n2onr6\" dir=\"ltr\"><span class=\"selectable-text copyable-text false x1sdyfia xss6m8b\">13.<\/span><span class=\"selectable-text copyable-text false\"> Ma\u00e7\u00e3 Azeda Framboesa<\/span><\/p>\n<p class=\"selectable-text copyable-text x15bjb6t x1n2onr6\" dir=\"ltr\"><span class=\"selectable-text copyable-text false x1sdyfia xss6m8b\">14.<\/span><span class=\"selectable-text copyable-text false\"> P\u00eassego Frutos Silvestres<\/span><\/p>\n<p class=\"selectable-text copyable-text x15bjb6t x1n2onr6\" dir=\"ltr\"><span class=\"selectable-text copyable-text false x1sdyfia xss6m8b\">15.<\/span><span class=\"selectable-text copyable-text false\"> Blueberry Ice<\/span><\/p>\n<p class=\"selectable-text copyable-text x15bjb6t x1n2onr6\" dir=\"ltr\"><span class=\"selectable-text copyable-text false x1sdyfia xss6m8b\">16.<\/span><span class=\"selectable-text copyable-text false\"> Morango Cereja<\/span><\/p>\n<div role=\"article\" data-tabster=\"{&quot;groupper&quot;:{&quot;tabbability&quot;:2},&quot;focusable&quot;:{}}\" data-content=\"ai-message\" aria-labelledby=\"dARUyEWDoEYhnSPXFwx5A-author dARUyEWDoEYhnSPXFwx5A-content\">\n<div id=\"dARUyEWDoEYhnSPXFwx5A-content\">\n<h2><strong>Porqu\u00ea Escolher os Pods de Vape WASPE 40k Puffs em vapestornado.com?<\/strong><\/h2>\n<ul>\n<li><strong>Longevidade Incompar\u00e1vel<\/strong>: Com uns impressionantes 40.000 inala\u00e7\u00f5es, o WASPE 40K \u00e9 perfeito para vapers que procuram uma utiliza\u00e7\u00e3o prolongada sem substitui\u00e7\u00f5es frequentes.<\/li>\n<li><strong>Tecnologia de Vaporiza\u00e7\u00e3o Avan\u00e7ada<\/strong>: Com duas bobinas de malha de 0.9\u03a9, este dispositivo garante um vapor suave e saboroso a cada inala\u00e7\u00e3o, oferecendo uma experi\u00eancia de vaporiza\u00e7\u00e3o premium.<\/li>\n<li><strong>Capacidade Massiva de E-L\u00edquido<\/strong>: Pr\u00e9-preenchido com 36mL de l\u00edquido de vape de alta qualidade, foi concebido para sess\u00f5es ininterruptas e duradouras.<\/li>\n<li><strong>Recarregabilidade Conveniente<\/strong>: Equipado com uma bateria recarreg\u00e1vel Type-C de 850mAh, o WASPE 40000 puffs oferece energia fi\u00e1vel e carregamento r\u00e1pido, garantindo que est\u00e1 sempre pronto para vaporizar.<\/li>\n<li><strong>Recurso Inovador de Sabor Duplo<\/strong>: Desfrute de dois sabores num s\u00f3 dispositivo, oferecendo uma experi\u00eancia de vaping personaliz\u00e1vel e din\u00e2mica, adaptada \u00e0s suas prefer\u00eancias.<\/li>\n<li><strong>Design F\u00e1cil de Usar<\/strong>: O visor LED inteligente mant\u00e9m-no informado sobre os n\u00edveis da bateria e do e-l\u00edquido, adicionando uma camada de conveni\u00eancia \u00e0 sua rotina de vaporiza\u00e7\u00e3o.<\/li>\n<li><strong>Op\u00e7\u00f5es Flex\u00edveis de Nicotina<\/strong>: Dispon\u00edvel em concentra\u00e7\u00f5es de nicotina de 2% e 5%, atendendo tanto a vapers leves como a experientes.<\/li>\n<li><strong>Servi\u00e7o Premium da vapestornado<\/strong>: Comprar em vapestornado.com significa ter acesso a produtos aut\u00eanticos, pre\u00e7os competitivos e um apoio ao cliente excecional.<\/li>\n<\/ul>\n<\/div>\n<\/div>\n<h2>Perguntas Frequentes sobre <strong>Vapes recarreg\u00e1veis WASPE 40K Puffs Pre\u00e7o por Atacado<\/strong><\/h2>\n<p><strong>P1: Como posso rastrear a minha encomenda de vapes WASPE 40k Puffs?<\/strong><br \/>\nR: Assim que a sua encomenda for enviada, ir\u00e1 receber um n\u00famero de rastreio por email para monitorizar o progresso da sua entrega.<\/p>\n<p><strong>P2: Qual \u00e9 o tempo de envio estimado para o WASPE 40000 PUFF?<\/strong><br \/>\nR: As encomendas enviadas da China demoram normalmente 7 a 14 dias \u00fateis, enquanto as encomendas dos armaz\u00e9ns europeus chegam em 3 a 6 dias \u00fateis.<\/p>\n<p><strong>P3: Posso ter uma entrega mais r\u00e1pida?<\/strong><br \/>\nR: Para um envio mais r\u00e1pido, considere encomendar produtos que est\u00e3o em stock nos nossos armaz\u00e9ns europeus.<\/p>\n<p><strong>P4: Posso escolher sabores espec\u00edficos para o WASPE FIHP VAPE 40000 PUFFS?<\/strong><br \/>\nR: Os sabores s\u00e3o normalmente selecionados aleatoriamente, mas pode deixar uma nota no checkout com as suas prefer\u00eancias, e faremos o nosso melhor para as acomodar.<\/p>\n<p><strong>P5: Fazem envios internacionais do WASPE 40000 puffs?<\/strong><br \/>\nR: Sim, enviamos para a maioria dos pa\u00edses em todo o mundo e tratamos do desalfandegamento.<\/p>\n<p><strong>P6: Como posso contactar o servi\u00e7o de apoio ao cliente?<\/strong><br \/>\nR: Contacte-nos por email, WhatsApp ou chat ao vivo no nosso website para assist\u00eancia r\u00e1pida.<\/p>","protected":false},"excerpt":{"rendered":"<ul>\n<li><strong>Compre o Vape Recarreg\u00e1vel WASPE FIHP 40000 Puffs a Pre\u00e7os Imbat\u00edveis<\/strong><\/li>\n<li><strong>Ofertas de Atacado em Vapes WASPE FIHP 40K Puffs \u2013 Economize Muito em Pedidos em Quantidade<\/strong><\/li>\n<li><strong>Compre o Vape WASPE 40000 Puffs de Sabor Duplo \u2013 Recursos Avan\u00e7ados, Pre\u00e7os Acess\u00edveis<\/strong><\/li>\n<\/ul>\n<figure id=\"attachment_2951\" aria-describedby=\"caption-attachment-2951\" style=\"width: 265px\" class=\"wp-caption alignnone\"><img decoding=\"async\" class=\"size-medium wp-image-2951\" src=\"https:\/\/vapestornado.com\/wp-content\/uploads\/2024\/12\/Wholesale-Disposable-Vape-265x300.jpg\" alt=\"Vape Descart\u00e1vel por Grosso\" width=\"265\" height=\"300\" srcset=\"https:\/\/vapestornado.com\/wp-content\/uploads\/2024\/12\/Wholesale-Disposable-Vape-265x300.jpg 265w, https:\/\/vapestornado.com\/wp-content\/uploads\/2024\/12\/Wholesale-Disposable-Vape-768x871.jpg 768w, https:\/\/vapestornado.com\/wp-content\/uploads\/2024\/12\/Wholesale-Disposable-Vape-600x680.jpg 600w, https:\/\/vapestornado.com\/wp-content\/uploads\/2024\/12\/Wholesale-Disposable-Vape.jpg 823w\" sizes=\"(max-width: 265px) 100vw, 265px\" \/><figcaption id=\"caption-attachment-2951\" class=\"wp-caption-text\">Por favor, contacte o WhatsApp da Mandy para pre\u00e7o com desconto\u00a0 <a href=\"https:\/\/wa.me\/8618077105796\">+8618077105796<\/a><\/figcaption><\/figure>\n<p>&nbsp;<\/p>","protected":false},"featured_media":4245,"comment_status":"open","ping_status":"closed","template":"","meta":{"_acf_changed":false,"_uag_custom_page_level_css":"","_lmt_disableupdate":"no","_lmt_disable":"","_monsterinsights_skip_tracking":false,"_monsterinsights_sitenote_active":false,"_monsterinsights_sitenote_note":"","_monsterinsights_sitenote_category":0,"site-sidebar-layout":"default","site-content-layout":"","ast-site-content-layout":"default","site-content-style":"default","site-sidebar-style":"default","ast-global-header-display":"","ast-banner-title-visibility":"","ast-main-header-display":"","ast-hfb-above-header-display":"","ast-hfb-below-header-display":"","ast-hfb-mobile-header-display":"","site-post-title":"","ast-breadcrumbs-content":"","ast-featured-img":"","footer-sml-layout":"","ast-disable-related-posts":"","theme-transparent-header-meta":"default","adv-header-id-meta":"","stick-header-meta":"","header-above-stick-meta":"","header-main-stick-meta":"","header-below-stick-meta":"","astra-migrate-meta-layouts":"set","ast-page-background-enabled":"default","ast-page-background-meta":{"desktop":{"background-color":"","background-image":"","background-repeat":"repeat","background-position":"center center","background-size":"auto","background-attachment":"scroll","background-type":"","background-media":"","overlay-type":"","overlay-color":"","overlay-opacity":"","overlay-gradient":""},"tablet":{"background-color":"","background-image":"","background-repeat":"repeat","background-position":"center center","background-size":"auto","background-attachment":"scroll","background-type":"","background-media":"","overlay-type":"","overlay-color":"","overlay-opacity":"","overlay-gradient":""},"mobile":{"background-color":"","background-image":"","background-repeat":"repeat","background-position":"center center","background-size":"auto","background-attachment":"scroll","background-type":"","background-media":"","overlay-type":"","overlay-color":"","overlay-opacity":"","overlay-gradient":""}},"ast-content-background-meta":{"desktop":{"background-color":"var(--ast-global-color-5)","background-image":"","background-repeat":"repeat","background-position":"center center","background-size":"auto","background-attachment":"scroll","background-type":"","background-media":"","overlay-type":"","overlay-color":"","overlay-opacity":"","overlay-gradient":""},"tablet":{"background-color":"var(--ast-global-color-5)","background-image":"","background-repeat":"repeat","background-position":"center center","background-size":"auto","background-attachment":"scroll","background-type":"","background-media":"","overlay-type":"","overlay-color":"","overlay-opacity":"","overlay-gradient":""},"mobile":{"background-color":"var(--ast-global-color-5)","background-image":"","background-repeat":"repeat","background-position":"center center","background-size":"auto","background-attachment":"scroll","background-type":"","background-media":"","overlay-type":"","overlay-color":"","overlay-opacity":"","overlay-gradient":""}},"_joinchat":{"telephone":"+8618077105796"}},"product_brand":[],"product_cat":[65,149,153,156,157,158,60],"product_tag":[97,89],"class_list":{"0":"post-3171","1":"product","2":"type-product","3":"status-publish","4":"has-post-thumbnail","6":"product_cat-40000-puff","7":"product_cat-buy-disposable-vapes-in-austria","8":"product_cat-buy-disposable-vapes-in-italy","9":"product_cat-buy-disposable-vapes-in-poland","10":"product_cat-buy-disposable-vapes-in-portugal","11":"product_cat-buy-disposable-vapes-in-spain","12":"product_cat-waspe-fihp-vape","13":"product_tag-hot-sale-disposable-vape","14":"product_tag-waspe-40000-puffs","15":"desktop-align-left","16":"tablet-align-left","17":"mobile-align-left","19":"first","20":"instock","21":"sale","22":"shipping-taxable","23":"purchasable","24":"product-type-simple"},"acf":[],"uagb_featured_image_src":{"full":["https:\/\/vapestornado.com\/wp-content\/uploads\/2024\/12\/Waspe-DOUBLE-FLAVOUR-40k-Vape-Cheap-Price.jpg",1500,1500,false],"thumbnail":["https:\/\/vapestornado.com\/wp-content\/uploads\/2024\/12\/Waspe-DOUBLE-FLAVOUR-40k-Vape-Cheap-Price-150x150.jpg",150,150,true],"medium":["https:\/\/vapestornado.com\/wp-content\/uploads\/2024\/12\/Waspe-DOUBLE-FLAVOUR-40k-Vape-Cheap-Price-300x300.jpg",300,300,true],"medium_large":["https:\/\/vapestornado.com\/wp-content\/uploads\/2024\/12\/Waspe-DOUBLE-FLAVOUR-40k-Vape-Cheap-Price-768x768.jpg",768,768,true],"large":["https:\/\/vapestornado.com\/wp-content\/uploads\/2024\/12\/Waspe-DOUBLE-FLAVOUR-40k-Vape-Cheap-Price-1024x1024.jpg",1024,1024,true],"1536x1536":["https:\/\/vapestornado.com\/wp-content\/uploads\/2024\/12\/Waspe-DOUBLE-FLAVOUR-40k-Vape-Cheap-Price.jpg",1500,1500,false],"2048x2048":["https:\/\/vapestornado.com\/wp-content\/uploads\/2024\/12\/Waspe-DOUBLE-FLAVOUR-40k-Vape-Cheap-Price.jpg",1500,1500,false],"trp-custom-language-flag":["https:\/\/vapestornado.com\/wp-content\/uploads\/2024\/12\/Waspe-DOUBLE-FLAVOUR-40k-Vape-Cheap-Price-12x12.jpg",12,12,true],"woocommerce_thumbnail":["https:\/\/vapestornado.com\/wp-content\/uploads\/2024\/12\/Waspe-DOUBLE-FLAVOUR-40k-Vape-Cheap-Price-300x300.jpg",300,300,true],"woocommerce_single":["https:\/\/vapestornado.com\/wp-content\/uploads\/2024\/12\/Waspe-DOUBLE-FLAVOUR-40k-Vape-Cheap-Price-600x600.jpg",600,600,true],"woocommerce_gallery_thumbnail":["https:\/\/vapestornado.com\/wp-content\/uploads\/2024\/12\/Waspe-DOUBLE-FLAVOUR-40k-Vape-Cheap-Price-100x100.jpg",100,100,true]},"uagb_author_info":{"display_name":"ESMANDY","author_link":"https:\/\/vapestornado.com\/pt\/author\/"},"uagb_comment_info":0,"uagb_excerpt":"Get WASPE FIHP 40000 Puff Rechargeable Vape at Unbeatable Prices Wholesale Deals on WASPE FIHP 40K Puffs Vapes \u2013 Save Big on Bulk Orders Shop WASPE 40000 Puffs Dual Flavor Vape \u2013 Advanced Features, Affordable Prices [caption id=\"attachment_2951\" align=\"alignnone\" width=\"265\"] Pls Contact Mandy's WhatsApp For Discount Price\u00a0 +8618077105796[\/caption] &nbsp;","_links":{"self":[{"href":"https:\/\/vapestornado.com\/pt\/wp-json\/wp\/v2\/product\/3171","targetHints":{"allow":["GET"]}}],"collection":[{"href":"https:\/\/vapestornado.com\/pt\/wp-json\/wp\/v2\/product"}],"about":[{"href":"https:\/\/vapestornado.com\/pt\/wp-json\/wp\/v2\/types\/product"}],"replies":[{"embeddable":true,"href":"https:\/\/vapestornado.com\/pt\/wp-json\/wp\/v2\/comments?post=3171"}],"wp:featuredmedia":[{"embeddable":true,"href":"https:\/\/vapestornado.com\/pt\/wp-json\/wp\/v2\/media\/4245"}],"wp:attachment":[{"href":"https:\/\/vapestornado.com\/pt\/wp-json\/wp\/v2\/media?parent=3171"}],"wp:term":[{"taxonomy":"product_brand","embeddable":true,"href":"https:\/\/vapestornado.com\/pt\/wp-json\/wp\/v2\/product_brand?post=3171"},{"taxonomy":"product_cat","embeddable":true,"href":"https:\/\/vapestornado.com\/pt\/wp-json\/wp\/v2\/product_cat?post=3171"},{"taxonomy":"product_tag","embeddable":true,"href":"https:\/\/vapestornado.com\/pt\/wp-json\/wp\/v2\/product_tag?post=3171"}],"curies":[{"name":"wp","href":"https:\/\/api.w.org\/{rel}","templated":true}]}}