{"id":3132,"date":"2024-12-13T09:10:35","date_gmt":"2024-12-13T09:10:35","guid":{"rendered":"https:\/\/vapestornado.com\/?post_type=product&#038;p=3132"},"modified":"2025-08-23T10:04:00","modified_gmt":"2025-08-23T10:04:00","slug":"vapsolo-twins-20000-double-flavour-rechargeable-disposable-vape-wholesale-price","status":"publish","type":"product","link":"https:\/\/vapestornado.com\/pt\/product\/vapsolo-twins-20000-double-flavour-rechargeable-disposable-vape-wholesale-price\/","title":{"rendered":"Vapsolo Twins 20000 Pre\u00e7o de Atacado de Vape Descart\u00e1vel Recarreg\u00e1vel de Sabor Duplo"},"content":{"rendered":"<h1 class=\"product-title\">Vapsolo Twins 20000 Pre\u00e7o de Atacado de Vape Descart\u00e1vel Recarreg\u00e1vel de Sabor Duplo<\/h1>\n<p data-start=\"319\" data-end=\"581\">O <strong data-start=\"323\" data-end=\"377\">Vape Descart\u00e1vel de Sabor Duplo Vapsolo Twins 20000<\/strong> \u00e9 projetado para retalhistas e grossistas que necessitam de stock fi\u00e1vel e duradouro. Com at\u00e9 <strong data-start=\"470\" data-end=\"497\">20.000 puffs por dispositivo<\/strong> e <strong data-start=\"504\" data-end=\"526\">tanque de e-l\u00edquido de 25ml<\/strong>, oferece uso prolongado e forte potencial de revenda.<\/p>\n<p data-start=\"583\" data-end=\"946\">O seu <strong data-start=\"587\" data-end=\"612\">sistema de sabor duplo<\/strong> permite que os clientes alternem entre duas misturas num \u00fanico dispositivo, tornando-o mais atraente para compradores que desejam variedade sem transportar v\u00e1rios vapes. O <strong data-start=\"759\" data-end=\"783\">tecnologia de resist\u00eancia de malha<\/strong> garante vapor suave e sabor consistente, enquanto o <strong data-start=\"837\" data-end=\"868\">bateria recarreg\u00e1vel de 650mAh<\/strong> com <strong data-start=\"874\" data-end=\"898\">carregamento r\u00e1pido Tipo-C<\/strong> mant\u00e9m o desempenho est\u00e1vel at\u00e9 \u00e0 \u00faltima gota.<\/p>\n<p data-start=\"948\" data-end=\"1202\">Dispon\u00edvel em <strong data-start=\"961\" data-end=\"993\">Concentra\u00e7\u00f5es de nicotina 2% e 5%<\/strong>, o <strong data-start=\"999\" data-end=\"1025\">Vape Vapsolo Twins 20K<\/strong> atende a diferentes prefer\u00eancias dos clientes. Com pre\u00e7os <strong data-start=\"1085\" data-end=\"1106\">pre\u00e7os de atacado<\/strong> competitivos e forte procura no mercado, \u00e9 uma escolha inteligente para pequenas lojas e distribuidores em toda a Europa<\/p>\n<p><strong>Adicione o Whatsapp da Amy e obtenha uma resposta r\u00e1pida e um cup\u00e3o de vape!<\/strong><\/p>\n<p><img fetchpriority=\"high\" decoding=\"async\" class=\"size-full wp-image-2932\" src=\"https:\/\/vapestornado.com\/wp-content\/uploads\/2024\/12\/Vape-Wholesale.jpg\" alt=\"Vape Atacado\" width=\"229\" height=\"300\" \/><\/p>\n<h3><a href=\"https:\/\/wa.me\/8617776015835\" target=\"_blank\" rel=\"noopener\"><span style=\"color: #ff0000;\"><strong>WhatsApp: +86 17776015835<\/strong><\/span><\/a><\/h3>\n<p>&nbsp;<\/p>\n<h2><strong>Vapsolo Twins 20000 Caracter\u00edsticas do Produto<\/strong><\/h2>\n<div role=\"article\" data-tabster=\"{&quot;groupper&quot;:{&quot;tabbability&quot;:2},&quot;focusable&quot;:{}}\" data-content=\"ai-message\" aria-labelledby=\"juhNTJ6o7Gk1cgwZMJgv2-author juhNTJ6o7Gk1cgwZMJgv2-content\">\n<div id=\"juhNTJ6o7Gk1cgwZMJgv2-content\">\n<div role=\"article\" data-tabster=\"{&quot;groupper&quot;:{&quot;tabbability&quot;:2},&quot;focusable&quot;:{}}\" data-content=\"ai-message\" aria-labelledby=\"x4EZuCZWrTbh3weWUt7CU-author x4EZuCZWrTbh3weWUt7CU-content\">\n<div id=\"x4EZuCZWrTbh3weWUt7CU-content\">\n<h3><\/h3>\n<ol>\n<li><strong>Duplo Prazer de Sabor:<\/strong> Sistema de tanque duplo para dois sabores num \u00fanico vape.<\/li>\n<li><strong>Contagem Massiva de Puffs:<\/strong> Oferece um impressionante <strong>20.000 puffs<\/strong>.<\/li>\n<li><strong>Bateria Recarreg\u00e1vel:<\/strong> Bateria de longa dura\u00e7\u00e3o de 650mAh com carregamento Tipo-C.<\/li>\n<li><strong>Capacidade Generosa de E-L\u00edquido:<\/strong> <strong>Dep\u00f3sitos pr\u00e9-cheios de 25mL<\/strong> para uso prolongado.<\/li>\n<li><strong>Op\u00e7\u00f5es de Concentra\u00e7\u00e3o de Nicotina:<\/strong> Escolha entre <strong>2% ou 5%<\/strong> n\u00edveis de nicotina.<\/li>\n<li><strong>Tecnologia de resist\u00eancia de malha:<\/strong> Garante uma produ\u00e7\u00e3o de vapor suave e saborosa.<\/li>\n<li><strong>Fluxo de ar ajust\u00e1vel:<\/strong> Personalize a intensidade do vapor para se adequar ao seu estilo.<\/li>\n<li><strong>Design Amigo do Utilizador:<\/strong> Sistema ativado por tra\u00e7\u00e3o para vaporiza\u00e7\u00e3o f\u00e1cil e conveniente.<\/li>\n<li><strong>Compacto<\/strong> Design elegante perfeito para utilizadores em movimento.<\/li>\n<li><strong>Ecr\u00e3 Inteligente:<\/strong> Atualiza\u00e7\u00f5es em tempo real sobre a dura\u00e7\u00e3o da bateria e contagem de puffs.<\/li>\n<\/ol>\n<\/div>\n<\/div>\n<\/div>\n<\/div>\n<h2 class=\"product-title\"><strong>Lista de Sabores Vapsolo Twins 20000<\/strong><\/h2>\n<p>1. Lima-Lim\u00e3o<br \/>\n2. Gelo de Uva<br \/>\n3. Anan\u00e1s Coco<br \/>\n4. Laranja Manga Melancia<br \/>\n5. Gelo de Mirtilo<br \/>\n6. Gelo de Melancia<br \/>\n7. Morango Banana<br \/>\n8. Gelo de Morango Framboesa Cereja<br \/>\n9. Limonada Blue Razz<br \/>\n10. Gelo de Melancia<br \/>\n11. Mel\u00e3o Triplo<br \/>\n12. Gelo Preto Pitaya Morango<br \/>\n13. Anan\u00e1s Coco<br \/>\n14. Morango Gelado<br \/>\n15. Morango Kiwi<br \/>\n16. Mel\u00e3o Triplo<\/p>\n<h3>Por que escolher a vapestornado para Vapsolo Twins 20k Puff Vape por grosso?<\/h3>\n<div class=\"flex-shrink-0 flex flex-col relative items-end\">\n<div class=\"pt-0\">\n<div class=\"gizmo-bot-avatar flex h-8 w-8 items-center justify-center overflow-hidden rounded-full\">\n<div class=\"relative p-1 rounded-sm flex items-center justify-center bg-token-main-surface-primary text-token-text-primary h-8 w-8\">\n<p>Bem-vindo \u00e0 vapestornado, a sua loja de vape online de confian\u00e7a para vapes descart\u00e1veis premium. Com mais de 5 anos de experi\u00eancia, trazemos-lhe marcas populares de vapes descart\u00e1veis, como Fumot RandM Vape, <a href=\"https:\/\/vapestornado.com\/pt\/product\/vapme-crystal-7000-puffs-rechargeable-disposable-vape-wholesale-cheap-price\/\">Vapme<\/a>, Bang Vape, Waspe Vape e WGA Vape, etc.<\/p>\n<p>A nossa gama inclui vapes de venda quente como o <a href=\"https:\/\/vapestornado.com\/pt\/product\/fumot-randm-tornado-15000-puffs-rechargeable-disposable-vape-wholesale\/\">RandM Tornado 15000<\/a>, e op\u00e7\u00f5es ricas em sabor como o <a href=\"https:\/\/vapestornado.com\/pt\/product\/waspe-40000-puffs-double-flavour-led-display-disposable-vape-wholesale\/\">WASPE Sabor Duplo 40000 Puffs<\/a> Cada produto \u00e9 selecionado com foco na qualidade, valor e variedade, garantindo que encontre a combina\u00e7\u00e3o perfeita para as suas necessidades. Descubra um servi\u00e7o excecional e uma vasta gama de produtos de topo com pre\u00e7o de atacado na vapestornado.<\/p>\n<\/div>\n<h3><\/h3>\n<div class=\"relative p-1 rounded-sm flex items-center justify-center bg-token-main-surface-primary text-token-text-primary h-8 w-8\">\n<h3>Perguntas frequentes sobre o Vapsolo 20k Puff Descart\u00e1vel Vape<\/h3>\n<\/div>\n<\/div>\n<\/div>\n<\/div>\n<div class=\"flex-shrink-0 flex flex-col relative items-end\">\n<div class=\"pt-0\">\n<div class=\"gizmo-bot-avatar flex h-8 w-8 items-center justify-center overflow-hidden rounded-full\">\n<div class=\"relative p-1 rounded-sm flex items-center justify-center bg-token-main-surface-primary text-token-text-primary h-8 w-8\">\n<div class=\"mb-2 flex gap-3 empty:hidden -ml-2\">\n<div role=\"article\" data-tabster=\"{&quot;groupper&quot;:{&quot;tabbability&quot;:2},&quot;focusable&quot;:{}}\" data-content=\"ai-message\" aria-labelledby=\"Vdt5ez4X7Tg813x6rFVha-author Vdt5ez4X7Tg813x6rFVha-content\">\n<div id=\"Vdt5ez4X7Tg813x6rFVha-content\">\n<div role=\"article\" data-tabster=\"{&quot;groupper&quot;:{&quot;tabbability&quot;:2},&quot;focusable&quot;:{}}\" data-content=\"ai-message\" aria-labelledby=\"o968oC7CEo2fGHsGdsRYC-author o968oC7CEo2fGHsGdsRYC-content\">\n<div id=\"o968oC7CEo2fGHsGdsRYC-content\">\n<ol>\n<li><strong>O que torna o Vapsolo Twins 20000 \u00fanico?<\/strong><br \/>\nO <strong>sistema de tanque de sabor duplo<\/strong> permite que desfrute de dois sabores distintos num \u00fanico dispositivo, tornando-o altamente vers\u00e1til.<\/li>\n<li><strong>Quantas puffs o Vapsolo Twins 20000 oferece?<\/strong><br \/>\nOferece um impressionante <strong>20.000 puffs<\/strong>, tornando-o ideal para uso a longo prazo.<\/li>\n<li><strong>O Vapsolo Twins pode ser recarregado?<\/strong><br \/>\nSim, possui um\/uma <strong>bateria recarreg\u00e1vel de 650mAh<\/strong> com carregamento r\u00e1pido Tipo-C para conveni\u00eancia.<\/li>\n<li><strong>Quais s\u00e3o as op\u00e7\u00f5es de concentra\u00e7\u00e3o de nicotina dispon\u00edveis?<\/strong><br \/>\nO dispositivo vem em <strong>2% e 5% de n\u00edveis de nicotina<\/strong>, atendendo a utilizadores de nicotina leves e pesados.<\/li>\n<li><strong>O Vapsolo Twins \u00e9 adequado para iniciantes?<\/strong><br \/>\nAbsolutamente! O seu <strong>sistema ativado por suc\u00e7\u00e3o<\/strong> e controlos simples tornam-no f\u00e1cil para principiantes, ao mesmo tempo que oferece funcionalidades avan\u00e7adas para utilizadores experientes.<\/li>\n<\/ol>\n<\/div>\n<\/div>\n<\/div>\n<\/div>\n<p>&nbsp;<\/p>\n<\/div>\n<\/div>\n<\/div>\n<\/div>\n<\/div>\n<div class=\"group\/conversation-turn relative flex w-full min-w-0 flex-col agent-turn\">\n<div class=\"flex-col gap-1 md:gap-3\">\n<div class=\"flex max-w-full flex-col flex-grow\">\n<div class=\"min-h-8 text-message flex w-full flex-col items-end gap-2 whitespace-normal break-words [.text-message+&amp;]:mt-5\" dir=\"auto\" data-message-author-role=\"assistant\" data-message-id=\"db716a1c-9ed0-4b8d-b3b0-7bdb913c3d42\" data-message-model-slug=\"gpt-4o\">\n<div class=\"flex w-full flex-col gap-1 empty:hidden first:pt-[3px]\">\n<div class=\"markdown prose w-full break-words dark:prose-invert light\">\n<p>&nbsp;<\/p>\n<\/div>\n<\/div>\n<\/div>\n<\/div>\n<\/div>\n<\/div>","protected":false},"excerpt":{"rendered":"<p>Vapsolo Twins 20000 Puffs 2 em 1 Vape Descart\u00e1vel Pre\u00e7o de Atacado<br \/>\nVapsolo 20000 Vape Descart\u00e1vel Recarreg\u00e1vel com Sabor Duplo Grande Promo\u00e7\u00e3o<br \/>\nVapsolo Twins 20k 2 Sabores em 1 Vape Descart\u00e1vel Pre\u00e7o de Compra a Granel<\/p>\n<p><strong>Adicione o WhatsApp da Amy para uma resposta r\u00e1pida e cup\u00e3o de vape!<\/strong><\/p>\n<p><img fetchpriority=\"high\" decoding=\"async\" class=\"size-full wp-image-2932\" src=\"https:\/\/vapestornado.com\/wp-content\/uploads\/2024\/12\/Vape-Wholesale.jpg\" alt=\"Vape Atacado\" width=\"229\" height=\"300\" \/><\/p>\n<h3><a href=\"https:\/\/wa.me\/8617776015835\"><span style=\"color: #ff0000;\"><strong>WhatsApp: +86 17776015835<\/strong><\/span><\/a><\/h3>\n<p>&nbsp;<\/p>","protected":false},"featured_media":3129,"comment_status":"open","ping_status":"closed","template":"","meta":{"_acf_changed":false,"_uag_custom_page_level_css":"","_lmt_disableupdate":"no","_lmt_disable":"","_monsterinsights_skip_tracking":false,"_monsterinsights_sitenote_active":false,"_monsterinsights_sitenote_note":"","_monsterinsights_sitenote_category":0,"site-sidebar-layout":"default","site-content-layout":"","ast-site-content-layout":"default","site-content-style":"default","site-sidebar-style":"default","ast-global-header-display":"","ast-banner-title-visibility":"","ast-main-header-display":"","ast-hfb-above-header-display":"","ast-hfb-below-header-display":"","ast-hfb-mobile-header-display":"","site-post-title":"","ast-breadcrumbs-content":"","ast-featured-img":"","footer-sml-layout":"","ast-disable-related-posts":"","theme-transparent-header-meta":"default","adv-header-id-meta":"","stick-header-meta":"","header-above-stick-meta":"","header-main-stick-meta":"","header-below-stick-meta":"","astra-migrate-meta-layouts":"set","ast-page-background-enabled":"default","ast-page-background-meta":{"desktop":{"background-color":"","background-image":"","background-repeat":"repeat","background-position":"center center","background-size":"auto","background-attachment":"scroll","background-type":"","background-media":"","overlay-type":"","overlay-color":"","overlay-opacity":"","overlay-gradient":""},"tablet":{"background-color":"","background-image":"","background-repeat":"repeat","background-position":"center center","background-size":"auto","background-attachment":"scroll","background-type":"","background-media":"","overlay-type":"","overlay-color":"","overlay-opacity":"","overlay-gradient":""},"mobile":{"background-color":"","background-image":"","background-repeat":"repeat","background-position":"center center","background-size":"auto","background-attachment":"scroll","background-type":"","background-media":"","overlay-type":"","overlay-color":"","overlay-opacity":"","overlay-gradient":""}},"ast-content-background-meta":{"desktop":{"background-color":"var(--ast-global-color-5)","background-image":"","background-repeat":"repeat","background-position":"center center","background-size":"auto","background-attachment":"scroll","background-type":"","background-media":"","overlay-type":"","overlay-color":"","overlay-opacity":"","overlay-gradient":""},"tablet":{"background-color":"var(--ast-global-color-5)","background-image":"","background-repeat":"repeat","background-position":"center center","background-size":"auto","background-attachment":"scroll","background-type":"","background-media":"","overlay-type":"","overlay-color":"","overlay-opacity":"","overlay-gradient":""},"mobile":{"background-color":"var(--ast-global-color-5)","background-image":"","background-repeat":"repeat","background-position":"center center","background-size":"auto","background-attachment":"scroll","background-type":"","background-media":"","overlay-type":"","overlay-color":"","overlay-opacity":"","overlay-gradient":""}},"_joinchat":{"telephone":"+8617776015835"}},"product_brand":[],"product_cat":[69,171],"product_tag":[97,94,139,137,138],"class_list":{"0":"post-3132","1":"product","2":"type-product","3":"status-publish","4":"has-post-thumbnail","6":"product_cat-20000-puff","7":"product_cat-vapsolo-disposable-vapes","8":"product_tag-hot-sale-disposable-vape","9":"product_tag-rechargeable-disposable-vape","10":"product_tag-vapsolo","11":"product_tag-vapsolo-twins-20000","12":"product_tag-vapsolo-twins-20k","13":"desktop-align-left","14":"tablet-align-left","15":"mobile-align-left","17":"first","18":"instock","19":"sale","20":"shipping-taxable","21":"purchasable","22":"product-type-simple"},"acf":[],"uagb_featured_image_src":{"full":["https:\/\/vapestornado.com\/wp-content\/uploads\/2024\/12\/Vapsolo-Twins-EU-Electronic-Cigarette-Wholesale.jpg",1126,1126,false],"thumbnail":["https:\/\/vapestornado.com\/wp-content\/uploads\/2024\/12\/Vapsolo-Twins-EU-Electronic-Cigarette-Wholesale-150x150.jpg",150,150,true],"medium":["https:\/\/vapestornado.com\/wp-content\/uploads\/2024\/12\/Vapsolo-Twins-EU-Electronic-Cigarette-Wholesale-300x300.jpg",300,300,true],"medium_large":["https:\/\/vapestornado.com\/wp-content\/uploads\/2024\/12\/Vapsolo-Twins-EU-Electronic-Cigarette-Wholesale-768x768.jpg",768,768,true],"large":["https:\/\/vapestornado.com\/wp-content\/uploads\/2024\/12\/Vapsolo-Twins-EU-Electronic-Cigarette-Wholesale-1024x1024.jpg",1024,1024,true],"1536x1536":["https:\/\/vapestornado.com\/wp-content\/uploads\/2024\/12\/Vapsolo-Twins-EU-Electronic-Cigarette-Wholesale.jpg",1126,1126,false],"2048x2048":["https:\/\/vapestornado.com\/wp-content\/uploads\/2024\/12\/Vapsolo-Twins-EU-Electronic-Cigarette-Wholesale.jpg",1126,1126,false],"trp-custom-language-flag":["https:\/\/vapestornado.com\/wp-content\/uploads\/2024\/12\/Vapsolo-Twins-EU-Electronic-Cigarette-Wholesale.jpg",12,12,false],"woocommerce_thumbnail":["https:\/\/vapestornado.com\/wp-content\/uploads\/2024\/12\/Vapsolo-Twins-EU-Electronic-Cigarette-Wholesale-300x300.jpg",300,300,true],"woocommerce_single":["https:\/\/vapestornado.com\/wp-content\/uploads\/2024\/12\/Vapsolo-Twins-EU-Electronic-Cigarette-Wholesale-600x600.jpg",600,600,true],"woocommerce_gallery_thumbnail":["https:\/\/vapestornado.com\/wp-content\/uploads\/2024\/12\/Vapsolo-Twins-EU-Electronic-Cigarette-Wholesale-100x100.jpg",100,100,true]},"uagb_author_info":{"display_name":"ESAMY","author_link":"https:\/\/vapestornado.com\/pt\/author\/"},"uagb_comment_info":0,"uagb_excerpt":"Vapsolo Twins 20000 Puffs 2 in 1 Disposable Vape Wholesale Price Vapsolo 20000 Double Flavour Rechargeable Disposable Vape Hot Sale Vapsolo Twins 20k 2 Flavour in 1 Disposable Vape Bulk Buy Price Add Amy's whatsapp get right reply and vape vape coupon! WhatsApp: +86 17776015835 &nbsp;","_links":{"self":[{"href":"https:\/\/vapestornado.com\/pt\/wp-json\/wp\/v2\/product\/3132","targetHints":{"allow":["GET"]}}],"collection":[{"href":"https:\/\/vapestornado.com\/pt\/wp-json\/wp\/v2\/product"}],"about":[{"href":"https:\/\/vapestornado.com\/pt\/wp-json\/wp\/v2\/types\/product"}],"replies":[{"embeddable":true,"href":"https:\/\/vapestornado.com\/pt\/wp-json\/wp\/v2\/comments?post=3132"}],"wp:featuredmedia":[{"embeddable":true,"href":"https:\/\/vapestornado.com\/pt\/wp-json\/wp\/v2\/media\/3129"}],"wp:attachment":[{"href":"https:\/\/vapestornado.com\/pt\/wp-json\/wp\/v2\/media?parent=3132"}],"wp:term":[{"taxonomy":"product_brand","embeddable":true,"href":"https:\/\/vapestornado.com\/pt\/wp-json\/wp\/v2\/product_brand?post=3132"},{"taxonomy":"product_cat","embeddable":true,"href":"https:\/\/vapestornado.com\/pt\/wp-json\/wp\/v2\/product_cat?post=3132"},{"taxonomy":"product_tag","embeddable":true,"href":"https:\/\/vapestornado.com\/pt\/wp-json\/wp\/v2\/product_tag?post=3132"}],"curies":[{"name":"wp","href":"https:\/\/api.w.org\/{rel}","templated":true}]}}