{"id":3083,"date":"2024-12-11T09:26:24","date_gmt":"2024-12-11T09:26:24","guid":{"rendered":"https:\/\/vapestornado.com\/?post_type=product&#038;p=3083"},"modified":"2025-08-23T11:13:51","modified_gmt":"2025-08-23T11:13:51","slug":"randm-vape-tornado-7000-puffs-disposable-vape-bulk-buy-price-germany","status":"publish","type":"product","link":"https:\/\/vapestornado.com\/pt\/product\/randm-vape-tornado-7000-puffs-disposable-vape-bulk-buy-price-germany\/","title":{"rendered":"RandM Vape Tornado 7000 Puffs Descart\u00e1vel Compra a Granel Pre\u00e7o Alemanha"},"content":{"rendered":"<h1 class=\"product-title\">RandM Vape Tornado 7000 Puffs Descart\u00e1vel Compra a Granel Pre\u00e7o Alemanha<\/h1>\n<p data-start=\"178\" data-end=\"507\">O <strong data-start=\"182\" data-end=\"220\">RandM Tornado 7000 Vape Descart\u00e1vel<\/strong> \u00e9 um forte vendedor no mercado alem\u00e3o, combinando desempenho confi\u00e1vel com ampla variedade de sabores a um pre\u00e7o competitivo <strong data-start=\"336\" data-end=\"354\">pre\u00e7os de compra a granel<\/strong>. Com at\u00e9 <strong data-start=\"367\" data-end=\"391\">7.000 puffs por unidade<\/strong>, este modelo oferece aos retalhistas uma op\u00e7\u00e3o acess\u00edvel e dur\u00e1vel para clientes que procuram sabor e conveni\u00eancia.<span id=\"1\" class=\"notranslate immersive-translate-target-wrapper\" lang=\"zh-CN\" translate=\"no\" data-immersive-translate-loading-id=\"\">\u00a0 <\/span><\/p>\n<p data-start=\"509\" data-end=\"785\">Equipado com uma <strong data-start=\"525\" data-end=\"557\">bateria recarreg\u00e1vel integrada de 1000mAh<\/strong> e <strong data-start=\"562\" data-end=\"586\">carregamento r\u00e1pido Tipo-C<\/strong>, o RandM 7K garante o uso cont\u00ednuo sem desperd\u00edcio de e-l\u00edquido. Um <strong data-start=\"654\" data-end=\"683\">sistema de fluxo de ar ajust\u00e1vel<\/strong> permite que os utilizadores alternem entre passagens mais apertadas ou mais abertas, tornando-o adequado para diferentes prefer\u00eancias.<\/p>\n<p data-start=\"787\" data-end=\"1022\">Com <strong data-start=\"792\" data-end=\"816\">56 variedades de sabores<\/strong> variando de perfis frutados a sobremesas, este dispositivo atende a diversas bases de clientes alem\u00e3es. O <strong data-start=\"915\" data-end=\"938\">formato de baixo teor de nicotina<\/strong> (2% ou inferior) torna-o uma op\u00e7\u00e3o atraente para vapers que procuram sess\u00f5es mais suaves.<\/p>\n<p data-start=\"1024\" data-end=\"1096\">Para distribuidores e propriet\u00e1rios de lojas, o <strong data-start=\"1062\" data-end=\"1084\">RandM Tornado 7000<\/strong> fornece:<\/p>\n<ul data-start=\"1097\" data-end=\"1349\">\n<li data-start=\"1097\" data-end=\"1151\">\n<p data-start=\"1099\" data-end=\"1151\">Uma capacidade de puff de gama m\u00e9dia ideal para vendas di\u00e1rias<\/p>\n<\/li>\n<li data-start=\"1152\" data-end=\"1200\">\n<p data-start=\"1154\" data-end=\"1200\">Amplo cat\u00e1logo de sabores para compras repetidas<\/p>\n<\/li>\n<li data-start=\"1201\" data-end=\"1257\">\n<p data-start=\"1203\" data-end=\"1257\">Design recarreg\u00e1vel, reduzindo devolu\u00e7\u00f5es e reclama\u00e7\u00f5es<\/p>\n<\/li>\n<li data-start=\"1258\" data-end=\"1349\">\n<p data-start=\"1260\" data-end=\"1349\"><strong data-start=\"1260\" data-end=\"1312\">Embalagem grossista e pre\u00e7os competitivos a granel<\/strong> adaptado aos mercados da UE e da Alemanha<\/p>\n<\/li>\n<\/ul>\n<p><strong>Adicione o Whatsapp da Amy e obtenha uma resposta r\u00e1pida e um cup\u00e3o de vape!<\/strong><\/p>\n<p><img fetchpriority=\"high\" decoding=\"async\" class=\"size-full wp-image-2932\" src=\"https:\/\/vapestornado.com\/wp-content\/uploads\/2024\/12\/Vape-Wholesale.jpg\" alt=\"Vape Atacado\" width=\"229\" height=\"300\" \/><\/p>\n<h3><a href=\"https:\/\/wa.me\/8617776015835\" target=\"_blank\" rel=\"noopener\"><span style=\"color: #ff0000;\"><strong>WhatsApp: +86 17776015835<\/strong><\/span><\/a><\/h3>\n<p>&nbsp;<\/p>\n<h2><strong>Caracter\u00edsticas do Produto RandM Tornado 7000<\/strong><\/h2>\n<p>Bateria Integrada de 1000mAh<br \/>\nBateria Recarreg\u00e1vel<br \/>\n7000 Puffs por Dispositivo<br \/>\nControlo do Fluxo de Ar<br \/>\n56 Sabores Dispon\u00edveis<br \/>\nRecarregado por Tipo-C<\/p>\n<h2 class=\"product-title\"><strong>Lista de Sabores do RandM Tornado 7000<\/strong><\/h2>\n<p>1 Menta Fresca<br \/>\n2 Gelo Exuberante<br \/>\n3 Gelo de Tangerina<br \/>\n4 Donut de Morango<br \/>\n5 Ursinho de Goma<br \/>\n6 Mirtilo com Gelo<br \/>\n7 Manga com Gelo<br \/>\n8 P\u00eassego Gelado<br \/>\n9 Banana Gelada<br \/>\n10 Uva Gelada<br \/>\n11 Limonada Rosa<br \/>\n12 Rum Pina Colada<br \/>\n13 Frutos Silvestres Mistos<br \/>\n14 Batido de Banana<br \/>\n15 Morango Melancia<br \/>\n16 Ma\u00e7\u00e3 Vermelha Lim\u00e3o<br \/>\n17 Anan\u00e1s Gelado<br \/>\n18 Algod\u00e3o Doce<br \/>\n19 Morango Banana<br \/>\n20 Morango Gelado<br \/>\n21 Morango Kiwi<br \/>\n22. Red Energy Ice<br \/>\n23. Limonada Blue Razz<br \/>\n24. Ma\u00e7\u00e3 Vermelha Gelada<br \/>\n25. Limonada de Frutos Silvestres<br \/>\n26. Chiclete de Mirtilo<br \/>\n27. Framboesa Azeda Azul<br \/>\n28. Dr. Blue<br \/>\n29. Ma\u00e7\u00e3 P\u00eassego Pera<br \/>\n30. Mirtilo Rom\u00e3<br \/>\n31. Vimto<br \/>\n32. Kiwi Maracuj\u00e1 Goiaba<br \/>\n33. Colaice<br \/>\n34. Ma\u00e7\u00e3 Azeda<br \/>\n35. Groselha Preta Mentolada<br \/>\n36. Sangue de Tigre<br \/>\n37. P\u00eassego Mirtilo Doce<br \/>\n38. P\u00eassego Manga<br \/>\n39. Morango Red Bull<br \/>\n40. Gelo de Groselha Preta<br \/>\n41. Limonada de Morango Melancia<br \/>\n42. Cereja<br \/>\n43. Cereja Blue Razz<br \/>\n44. Skittles<br \/>\n45. Mirtilo Framboesa<br \/>\n46. Morango Uva<br \/>\n47. Mirtilo Cereja Arando<br \/>\n48. Explos\u00e3o de Ma\u00e7\u00e3 e Frutos Silvestres<br \/>\n49. Coca-Cola de Cereja<br \/>\n50. Lim\u00e3o<br \/>\n51. Explos\u00e3o Rosa<br \/>\n52. Pacific Cooler<br \/>\n53. Gelado de Gelo<br \/>\n54. Bingo Crush<\/p>\n<h2>Por que escolher a vapestornado para venda por grosso de vapes Fumot RandM 7k?<\/h2>\n<div class=\"flex-shrink-0 flex flex-col relative items-end\">\n<div class=\"pt-0\">\n<div class=\"gizmo-bot-avatar flex h-8 w-8 items-center justify-center overflow-hidden rounded-full\">\n<div class=\"relative p-1 rounded-sm flex items-center justify-center bg-token-main-surface-primary text-token-text-primary h-8 w-8\">\n<p>Bem-vindo \u00e0 vapestornado, a sua loja de vape online de confian\u00e7a para vapes descart\u00e1veis premium. Com mais de 5 anos de experi\u00eancia, trazemos-lhe marcas populares de vapes descart\u00e1veis, como Fumot RandM Vape, <a href=\"https:\/\/vapestornado.com\/pt\/product\/vapme-crystal-7000-puffs-rechargeable-disposable-vape-wholesale-cheap-price\/\">Vapme<\/a>, Bang Vape, Waspe Vape e WGA Vape, etc.<\/p>\n<p>A nossa gama inclui vapes de venda quente como o <a href=\"https:\/\/vapestornado.com\/pt\/product\/fumot-randm-tornado-15000-puffs-rechargeable-disposable-vape-wholesale\/\">RandM Tornado 15000<\/a>, e op\u00e7\u00f5es ricas em sabor como o <a href=\"https:\/\/vapestornado.com\/pt\/product\/waspe-40000-puffs-double-flavour-led-display-disposable-vape-wholesale\/\">WASPE Sabor Duplo 40000 Puffs<\/a> Cada produto \u00e9 selecionado com foco na qualidade, valor e variedade, garantindo que encontre a combina\u00e7\u00e3o perfeita para as suas necessidades. Descubra um servi\u00e7o excecional e uma vasta gama de produtos de topo com pre\u00e7o de atacado na vapestornado.<\/p>\n<\/div>\n<h3><\/h3>\n<div class=\"relative p-1 rounded-sm flex items-center justify-center bg-token-main-surface-primary text-token-text-primary h-8 w-8\">\n<h2>FAQs para o Vape Descart\u00e1vel RandM 7000 Music<\/h2>\n<\/div>\n<\/div>\n<\/div>\n<\/div>\n<div class=\"flex-shrink-0 flex flex-col relative items-end\">\n<div class=\"pt-0\">\n<div class=\"gizmo-bot-avatar flex h-8 w-8 items-center justify-center overflow-hidden rounded-full\">\n<div class=\"relative p-1 rounded-sm flex items-center justify-center bg-token-main-surface-primary text-token-text-primary h-8 w-8\">\n<div class=\"mb-2 flex gap-3 empty:hidden -ml-2\">\n<h3><\/h3>\n<ol>\n<li><strong>Quantas puffs o RandM 7000 oferece?<\/strong><br \/>\nO RandM 7000 oferece impressionantes 7.000 puffs por dispositivo, garantindo uma utiliza\u00e7\u00e3o duradoura para cada sess\u00e3o de vape.<\/li>\n<li><strong>O RandM 7000 pode ser recarregado?<\/strong><br \/>\nSim, o dispositivo est\u00e1 equipado com uma bateria recarreg\u00e1vel de 1000mAh e suporta carregamento r\u00e1pido Tipo-C para maior conveni\u00eancia.<\/li>\n<li><strong>Quantos sabores est\u00e3o dispon\u00edveis para o Fumot Tornado 7000?<\/strong><br \/>\nO Fumot Tornado 7000 vem com 56 sabores diferentes, oferecendo uma ampla variedade para satisfazer diversas prefer\u00eancias.<\/li>\n<li><strong>O RandM Tornado 7k \u00e9 adequado para utilizadores com baixo teor de nicotina?<\/strong><br \/>\nSim, o RandM Tornado 7k \u00e9 um <strong>vape descart\u00e1vel de baixo teor de nicotina<\/strong>, tornando-o uma \u00f3tima op\u00e7\u00e3o para quem prefere uma experi\u00eancia de vaping mais suave e leve.<\/li>\n<li><strong>Posso comprar o RandM Tornado 7000 a granel a pre\u00e7os de atacado?<\/strong><br \/>\nAbsolutamente! O RandM Tornado 7000 est\u00e1 dispon\u00edvel para <strong>vape por atacado<\/strong>, oferecendo pre\u00e7os competitivos a granel para retalhistas em Portugal e n\u00e3o s\u00f3.<\/li>\n<\/ol>\n<p>&nbsp;<\/p>\n<\/div>\n<\/div>\n<\/div>\n<\/div>\n<\/div>\n<div class=\"group\/conversation-turn relative flex w-full min-w-0 flex-col agent-turn\">\n<div class=\"flex-col gap-1 md:gap-3\">\n<div class=\"flex max-w-full flex-col flex-grow\">\n<div class=\"min-h-8 text-message flex w-full flex-col items-end gap-2 whitespace-normal break-words [.text-message+&amp;]:mt-5\" dir=\"auto\" data-message-author-role=\"assistant\" data-message-id=\"db716a1c-9ed0-4b8d-b3b0-7bdb913c3d42\" data-message-model-slug=\"gpt-4o\">\n<div class=\"flex w-full flex-col gap-1 empty:hidden first:pt-[3px]\">\n<div class=\"markdown prose w-full break-words dark:prose-invert light\">\n<p>&nbsp;<\/p>\n<\/div>\n<\/div>\n<\/div>\n<\/div>\n<\/div>\n<\/div>","protected":false},"excerpt":{"rendered":"<p>O <strong data-start=\"1398\" data-end=\"1426\">RandM Tornado 7000 Puffs<\/strong> oferece 56 sabores, bateria recarreg\u00e1vel de 1000mAh e fluxo de ar ajust\u00e1vel. Um vape descart\u00e1vel de m\u00e9dia capacidade projetado para <strong data-start=\"1545\" data-end=\"1578\">compradores grossistas na Alemanha<\/strong> a pre\u00e7os competitivos.<\/p>\n<p><strong>Adicione o WhatsApp da Amy para uma resposta r\u00e1pida e cup\u00e3o de vape!<\/strong><\/p>\n<p><img fetchpriority=\"high\" decoding=\"async\" class=\"size-full wp-image-2932\" src=\"https:\/\/vapestornado.com\/wp-content\/uploads\/2024\/12\/Vape-Wholesale.jpg\" alt=\"Vape Atacado\" width=\"229\" height=\"300\" \/><\/p>\n<h3><a href=\"https:\/\/wa.me\/8617776015835\"><span style=\"color: #ff0000;\"><strong>WhatsApp: +86 17776015835<\/strong><\/span><\/a><\/h3>\n<p>&nbsp;<\/p>","protected":false},"featured_media":3080,"comment_status":"open","ping_status":"closed","template":"","meta":{"_acf_changed":false,"_uag_custom_page_level_css":"","_lmt_disableupdate":"no","_lmt_disable":"","_monsterinsights_skip_tracking":false,"_monsterinsights_sitenote_active":false,"_monsterinsights_sitenote_note":"","_monsterinsights_sitenote_category":0,"site-sidebar-layout":"default","site-content-layout":"","ast-site-content-layout":"default","site-content-style":"default","site-sidebar-style":"default","ast-global-header-display":"","ast-banner-title-visibility":"","ast-main-header-display":"","ast-hfb-above-header-display":"","ast-hfb-below-header-display":"","ast-hfb-mobile-header-display":"","site-post-title":"","ast-breadcrumbs-content":"","ast-featured-img":"","footer-sml-layout":"","ast-disable-related-posts":"","theme-transparent-header-meta":"default","adv-header-id-meta":"","stick-header-meta":"","header-above-stick-meta":"","header-main-stick-meta":"","header-below-stick-meta":"","astra-migrate-meta-layouts":"set","ast-page-background-enabled":"default","ast-page-background-meta":{"desktop":{"background-color":"","background-image":"","background-repeat":"repeat","background-position":"center center","background-size":"auto","background-attachment":"scroll","background-type":"","background-media":"","overlay-type":"","overlay-color":"","overlay-opacity":"","overlay-gradient":""},"tablet":{"background-color":"","background-image":"","background-repeat":"repeat","background-position":"center center","background-size":"auto","background-attachment":"scroll","background-type":"","background-media":"","overlay-type":"","overlay-color":"","overlay-opacity":"","overlay-gradient":""},"mobile":{"background-color":"","background-image":"","background-repeat":"repeat","background-position":"center center","background-size":"auto","background-attachment":"scroll","background-type":"","background-media":"","overlay-type":"","overlay-color":"","overlay-opacity":"","overlay-gradient":""}},"ast-content-background-meta":{"desktop":{"background-color":"var(--ast-global-color-5)","background-image":"","background-repeat":"repeat","background-position":"center center","background-size":"auto","background-attachment":"scroll","background-type":"","background-media":"","overlay-type":"","overlay-color":"","overlay-opacity":"","overlay-gradient":""},"tablet":{"background-color":"var(--ast-global-color-5)","background-image":"","background-repeat":"repeat","background-position":"center center","background-size":"auto","background-attachment":"scroll","background-type":"","background-media":"","overlay-type":"","overlay-color":"","overlay-opacity":"","overlay-gradient":""},"mobile":{"background-color":"var(--ast-global-color-5)","background-image":"","background-repeat":"repeat","background-position":"center center","background-size":"auto","background-attachment":"scroll","background-type":"","background-media":"","overlay-type":"","overlay-color":"","overlay-opacity":"","overlay-gradient":""}},"_joinchat":{"telephone":"+8617776015835"}},"product_brand":[],"product_cat":[74,151,152,143,58,144,148],"product_tag":[83,128,127,129,78,114,93],"class_list":{"0":"post-3083","1":"product","2":"type-product","3":"status-publish","4":"has-post-thumbnail","6":"product_cat-7000-puff","7":"product_cat-buy-disposable-vapes-in-france","8":"product_cat-buy-disposable-vapes-in-cermany","9":"product_cat-dual-mesh-disposable-vapes","10":"product_cat-fumot-vape","11":"product_cat-low-nicotine-disposable-vapes","12":"product_cat-tornado-disposable-vapes","13":"product_tag-fumot-vape","14":"product_tag-randm-7000","15":"product_tag-randm-tornado-7000","16":"product_tag-randm-tornado-7000-germany","17":"product_tag-randm-vape","18":"product_tag-tornado-vape","19":"product_tag-vape-wholesale","20":"desktop-align-left","21":"tablet-align-left","22":"mobile-align-left","24":"first","25":"instock","26":"sale","27":"shipping-taxable","28":"purchasable","29":"product-type-simple"},"acf":[],"uagb_featured_image_src":{"full":["https:\/\/vapestornado.com\/wp-content\/uploads\/2024\/12\/RandM-Tornado-7000-Puffs-Disposable-Vape.jpg",1126,1126,false],"thumbnail":["https:\/\/vapestornado.com\/wp-content\/uploads\/2024\/12\/RandM-Tornado-7000-Puffs-Disposable-Vape-150x150.jpg",150,150,true],"medium":["https:\/\/vapestornado.com\/wp-content\/uploads\/2024\/12\/RandM-Tornado-7000-Puffs-Disposable-Vape-300x300.jpg",300,300,true],"medium_large":["https:\/\/vapestornado.com\/wp-content\/uploads\/2024\/12\/RandM-Tornado-7000-Puffs-Disposable-Vape-768x768.jpg",768,768,true],"large":["https:\/\/vapestornado.com\/wp-content\/uploads\/2024\/12\/RandM-Tornado-7000-Puffs-Disposable-Vape-1024x1024.jpg",1024,1024,true],"1536x1536":["https:\/\/vapestornado.com\/wp-content\/uploads\/2024\/12\/RandM-Tornado-7000-Puffs-Disposable-Vape.jpg",1126,1126,false],"2048x2048":["https:\/\/vapestornado.com\/wp-content\/uploads\/2024\/12\/RandM-Tornado-7000-Puffs-Disposable-Vape.jpg",1126,1126,false],"trp-custom-language-flag":["https:\/\/vapestornado.com\/wp-content\/uploads\/2024\/12\/RandM-Tornado-7000-Puffs-Disposable-Vape.jpg",12,12,false],"woocommerce_thumbnail":["https:\/\/vapestornado.com\/wp-content\/uploads\/2024\/12\/RandM-Tornado-7000-Puffs-Disposable-Vape-300x300.jpg",300,300,true],"woocommerce_single":["https:\/\/vapestornado.com\/wp-content\/uploads\/2024\/12\/RandM-Tornado-7000-Puffs-Disposable-Vape-600x600.jpg",600,600,true],"woocommerce_gallery_thumbnail":["https:\/\/vapestornado.com\/wp-content\/uploads\/2024\/12\/RandM-Tornado-7000-Puffs-Disposable-Vape-100x100.jpg",100,100,true]},"uagb_author_info":{"display_name":"ESAMY","author_link":"https:\/\/vapestornado.com\/pt\/author\/"},"uagb_comment_info":0,"uagb_excerpt":"The RandM Tornado 7000 Puffs offers 56 flavours, 1000mAh rechargeable battery, and adjustable airflow. A mid-capacity disposable vape designed for Germany wholesale bulk buyers at competitive prices. Add Amy's whatsapp get right reply and vape vape coupon! WhatsApp: +86 17776015835 &nbsp;","_links":{"self":[{"href":"https:\/\/vapestornado.com\/pt\/wp-json\/wp\/v2\/product\/3083","targetHints":{"allow":["GET"]}}],"collection":[{"href":"https:\/\/vapestornado.com\/pt\/wp-json\/wp\/v2\/product"}],"about":[{"href":"https:\/\/vapestornado.com\/pt\/wp-json\/wp\/v2\/types\/product"}],"replies":[{"embeddable":true,"href":"https:\/\/vapestornado.com\/pt\/wp-json\/wp\/v2\/comments?post=3083"}],"wp:featuredmedia":[{"embeddable":true,"href":"https:\/\/vapestornado.com\/pt\/wp-json\/wp\/v2\/media\/3080"}],"wp:attachment":[{"href":"https:\/\/vapestornado.com\/pt\/wp-json\/wp\/v2\/media?parent=3083"}],"wp:term":[{"taxonomy":"product_brand","embeddable":true,"href":"https:\/\/vapestornado.com\/pt\/wp-json\/wp\/v2\/product_brand?post=3083"},{"taxonomy":"product_cat","embeddable":true,"href":"https:\/\/vapestornado.com\/pt\/wp-json\/wp\/v2\/product_cat?post=3083"},{"taxonomy":"product_tag","embeddable":true,"href":"https:\/\/vapestornado.com\/pt\/wp-json\/wp\/v2\/product_tag?post=3083"}],"curies":[{"name":"wp","href":"https:\/\/api.w.org\/{rel}","templated":true}]}}