{"id":3074,"date":"2024-12-11T07:30:25","date_gmt":"2024-12-11T07:30:25","guid":{"rendered":"https:\/\/vapestornado.com\/?post_type=product&#038;p=3074"},"modified":"2025-12-05T09:24:08","modified_gmt":"2025-12-05T09:24:08","slug":"vapme-crystal-7000-puffs-rechargeable-disposable-vape-wholesale-cheap-price","status":"publish","type":"product","link":"https:\/\/vapestornado.com\/pt\/product\/vapme-crystal-7000-puffs-rechargeable-disposable-vape-wholesale-cheap-price\/","title":{"rendered":"Vapme Crystal 7000 Puffs Vape Descart\u00e1vel Recarreg\u00e1vel Pre\u00e7o Barato por Grosso"},"content":{"rendered":"<h1 class=\"product-title\">Vapme Crystal 7000 Puffs Vape Descart\u00e1vel Recarreg\u00e1vel Pre\u00e7o Barato por Grosso<\/h1>\n<p data-start=\"1107\" data-end=\"1320\">Vapme Crystal 7000 \u00e9 um cigarro eletr\u00f4nico descart\u00e1vel de cristal recarreg\u00e1vel com 7.000 tragos, um tanque pr\u00e9-preenchido de 14ml, energia de 650mAh com Type-C e uma bobina de malha de 0,8\u03a9\u2014feito para uso di\u00e1rio constante e sabor limpo sem substitui\u00e7\u00f5es frequentes.<\/p>\n<p data-start=\"585\" data-end=\"884\"><strong data-start=\"585\" data-end=\"638\">7.000 tragos com um tanque que suporta esse n\u00famero.<\/strong><br data-start=\"638\" data-end=\"641\" \/>O <strong data-start=\"645\" data-end=\"683\">Vapme Crystal 7000 cigarro eletr\u00f4nico descart\u00e1vel<\/strong> funciona com <strong data-start=\"692\" data-end=\"723\">14ml de l\u00edquido eletr\u00f3nico pr\u00e9-preenchido<\/strong>, portanto, a contagem de tragos n\u00e3o \u00e9 apenas uma etiqueta. Dura mais do que os descart\u00e1veis pequenos e \u00e9 ideal para utilizadores di\u00e1rios que desejam um dispositivo que aguente dias de trabalho e fins de semana.<\/p>\n<p data-start=\"886\" data-end=\"1167\"><strong data-start=\"886\" data-end=\"934\">Bateria recarreg\u00e1vel, recargas simples via Type-C.<\/strong><br data-start=\"934\" data-end=\"937\" \/>A <strong data-start=\"939\" data-end=\"970\">bateria recarreg\u00e1vel de 650mAh<\/strong> alimenta a unidade. Quando a carga diminui, um carregamento r\u00e1pido <strong data-start=\"1010\" data-end=\"1031\">USB Type-C<\/strong> restaura a energia, permitindo usar o tanque completo em vez de descartar o dispositivo precocemente. Para um cigarro eletr\u00f4nico de classe 7K, essa \u00e9 a vantagem pr\u00e1tica.<\/p>\n<p data-start=\"1169\" data-end=\"1423\"><strong data-start=\"1169\" data-end=\"1210\">Bobina de malha de 0,8\u03a9 mant\u00e9m a tragada suave.<\/strong><br data-start=\"1210\" data-end=\"1213\" \/>O <strong data-start=\"1217\" data-end=\"1235\">bobina de malha de 0,8\u03a9<\/strong> Aquece o l\u00edquido de forma uniforme, proporcionando um fluxo constante de vapor e ajudando a manter os sabores claros ao longo do tempo. Tamb\u00e9m reduz a sensa\u00e7\u00e3o de queima seca ou queimada que bobinas mais baratas tendem a desenvolver no final da vida \u00fatil do dispositivo.<\/p>\n<p data-start=\"1425\" data-end=\"1669\"><strong data-start=\"1425\" data-end=\"1471\">Corpo de cristal que suporta o uso di\u00e1rio.<\/strong><br data-start=\"1471\" data-end=\"1474\" \/>O design de cristal n\u00e3o \u00e9 apenas para est\u00e9tica. A forma \u00e9 compacta, leve e f\u00e1cil de transportar\u2014bolso, carro, secret\u00e1ria, sa\u00edda \u00e0 noite. Parece um produto limpo e acabado, ao contr\u00e1rio de um descart\u00e1vel que se esconde.<\/p>\n<p data-start=\"1671\" data-end=\"1939\"><strong data-start=\"1671\" data-end=\"1719\">30 sabores para diferentes gostos e mercados.<\/strong><br data-start=\"1719\" data-end=\"1722\" \/>Com <strong data-start=\"1727\" data-end=\"1755\">cerca de 30 op\u00e7\u00f5es de sabores<\/strong>, <strong data-start=\"1757\" data-end=\"1783\">Vapme Crystal 7K tragos<\/strong> cigarro eletr\u00f4nico recarreg\u00e1vel que funciona para utilizadores que gostam de manter um perfil ou alternar entre frutas, gelo e misturas mais doces. Os retalhistas podem cobrir uma ampla base sem trocar de modelos.<\/p>\n<p>&nbsp;<\/p>\n<p><strong>Adicione o WhatsApp da Amy para uma resposta r\u00e1pida e cup\u00e3o de vape!<\/strong><\/p>\n<p><img fetchpriority=\"high\" decoding=\"async\" class=\"size-full wp-image-2932\" src=\"https:\/\/vapestornado.com\/wp-content\/uploads\/2024\/12\/Vape-Wholesale.jpg\" alt=\"Vape Atacado\" width=\"229\" height=\"300\" \/><\/p>\n<h3><a href=\"https:\/\/wa.me\/8617776015835\" target=\"_blank\" rel=\"noopener\"><span style=\"color: #ff0000;\"><strong>WhatsApp: +86 17776015835<\/strong><\/span><\/a><\/h3>\n<p>&nbsp;<\/p>\n<h2><strong>Caracter\u00edsticas do Produto Vapme Crystal 7000<\/strong><\/h2>\n<table>\n<thead>\n<tr>\n<th>Recurso \/ Par\u00e2metro<\/th>\n<th align=\"right\">Especifica\u00e7\u00f5es<\/th>\n<th>Explica\u00e7\u00e3o<\/th>\n<\/tr>\n<\/thead>\n<tbody>\n<tr>\n<td>Nome do Produto<\/td>\n<td align=\"right\">Vapme Crystal 7000<\/td>\n<td>Nome do modelo claro para reordens e buscas.<\/td>\n<\/tr>\n<tr>\n<td>Capacidade de Puffs<\/td>\n<td align=\"right\">At\u00e9 7.000 tragos<\/td>\n<td>Uso mais duradouro do que descart\u00e1veis padr\u00e3o; menos trocas.<\/td>\n<\/tr>\n<tr>\n<td>Volume do l\u00edquido eletr\u00f3nico<\/td>\n<td align=\"right\">Pr\u00e9-preenchido de 14ml<\/td>\n<td>Grande o suficiente para suportar a classifica\u00e7\u00e3o 7K.<\/td>\n<\/tr>\n<tr>\n<td>Bobina \/ Resist\u00eancia<\/td>\n<td align=\"right\">bobina de malha de 0,8\u03a9<\/td>\n<td>Aquecimento uniforme = tragada mais suave e sabor mais constante.<\/td>\n<\/tr>\n<tr>\n<td>Bateria<\/td>\n<td align=\"right\">Recarreg\u00e1vel de 650mAh<\/td>\n<td>Recarregue para terminar o tanque em vez de desperdi\u00e7ar baforadas.<\/td>\n<\/tr>\n<tr>\n<td>Carregamento<\/td>\n<td align=\"right\">Carregamento r\u00e1pido USB Tipo-C<\/td>\n<td>Padr\u00e3o de cabo comum; recargas r\u00e1pidas.<\/td>\n<\/tr>\n<tr>\n<td>Design<\/td>\n<td align=\"right\">Estilo cristal, corpo leve<\/td>\n<td>F\u00e1cil de transportar com uma sensa\u00e7\u00e3o limpa e dur\u00e1vel.<\/td>\n<\/tr>\n<tr>\n<td>Op\u00e7\u00f5es de Sabor<\/td>\n<td align=\"right\">~30 sabores<\/td>\n<td>Ampla escolha para diferentes prefer\u00eancias e mercados da UE.<\/td>\n<\/tr>\n<tr>\n<td>Ativa\u00e7\u00e3o<\/td>\n<td align=\"right\">Ativado por suc\u00e7\u00e3o<\/td>\n<td>Sem bot\u00f5es; inale para vaporizar.<\/td>\n<\/tr>\n<\/tbody>\n<\/table>\n<h2 class=\"product-title\"><strong>Lista de Sabores Vapme 7000 Baforadas<\/strong><\/h2>\n<p>1.Framboesa Mirtilo<br \/>\n2. Baga de uva<br \/>\n3. Chiclete de Morango e Melancia<br \/>\n4. Rebu\u00e7ado de Morango e Framboesa<br \/>\n5. Morango e banana<br \/>\n6. Morango e manga<br \/>\n7. P\u00eassego, manga e anan\u00e1s<br \/>\n8. Gelo de melancia<br \/>\n9. Manga tripla<br \/>\n10. Gelo de cereja<br \/>\n11. Gelo de maracuj\u00e1 e mel\u00e3o<br \/>\n12. Kiwi, maracuj\u00e1 e goiaba<br \/>\n13. Gelo de morango<br \/>\n14. Gelo de p\u00eassego<br \/>\n15. Limonada de framboesa azul<br \/>\n16. Kiwi de morango<br \/>\n17. Bebida energ\u00e9tica<br \/>\n18. Cola de cereja<br \/>\n19. Gelo de frutos silvestres mistos<br \/>\n20. Lim\u00e3o<br \/>\n21. Uva de morango<br \/>\n22. Gelo de groselha preta<br \/>\n23. Cereja de arando e mirtilo<br \/>\n24. Gelo de kiwi e melancia<br \/>\n25. Cereja e frutos silvestres<br \/>\n26. Menta<br \/>\n27. Ponche de frutas tropicais<br \/>\n28. Sr. Azul<br \/>\n29. Ma\u00e7\u00e3 dupla<br \/>\n30. Gelo de banana<\/p>\n<h3>Por que escolher a vapestornado para a Venda por Grosso de Vapme Crystal 7k Vape?<\/h3>\n<div class=\"flex-shrink-0 flex flex-col relative items-end\">\n<div class=\"pt-0\">\n<div class=\"gizmo-bot-avatar flex h-8 w-8 items-center justify-center overflow-hidden rounded-full\">\n<div class=\"relative p-1 rounded-sm flex items-center justify-center bg-token-main-surface-primary text-token-text-primary h-8 w-8\">\n<p>Bem-vindo \u00e0 vapestornado, a sua loja online de vapes de confian\u00e7a para vapes descart\u00e1veis premium. Com mais de 5 anos de experi\u00eancia, trazemos-lhe marcas populares de vapes descart\u00e1veis, como Fumot RandM Vape, Vapme, Bang Vape, Waspe Vape e WGA Vape, etc.<\/p>\n<p>A nossa gama inclui vapes de venda quente como o <a href=\"https:\/\/vapestornado.com\/pt\/product\/fumot-randm-tornado-15000-puffs-rechargeable-disposable-vape-wholesale\/\">RandM Tornado 15000<\/a>, e op\u00e7\u00f5es ricas em sabor como o <a href=\"https:\/\/vapestornado.com\/pt\/product\/waspe-40000-puffs-double-flavour-led-display-disposable-vape-wholesale\/\">WASPE Sabor Duplo 40000 Puffs<\/a> Cada produto \u00e9 selecionado com foco na qualidade, valor e variedade, garantindo que encontre a combina\u00e7\u00e3o perfeita para as suas necessidades. Descubra um servi\u00e7o excecional e uma vasta gama de produtos de topo com pre\u00e7o de atacado na vapestornado.<\/p>\n<\/div>\n<h3><\/h3>\n<div class=\"relative p-1 rounded-sm flex items-center justify-center bg-token-main-surface-primary text-token-text-primary h-8 w-8\">\n<h3>Perguntas frequentes sobre o Vapme 7000 Vape Descart\u00e1vel<\/h3>\n<p data-start=\"2880\" data-end=\"3068\"><strong data-start=\"2880\" data-end=\"2941\">1. O Vapme Crystal 7000 precisa de carregamento antes do primeiro uso?<\/strong><br data-start=\"2941\" data-end=\"2944\" \/>N\u00e3o. <strong data-start=\"2948\" data-end=\"2986\">Vapme Crystal 7000 cigarro eletr\u00f4nico descart\u00e1vel<\/strong> Enviado pronto a usar. O recarregamento \u00e9 necess\u00e1rio apenas posteriormente para terminar o tanque de 14ml completo.<\/p>\n<p data-start=\"3070\" data-end=\"3341\"><strong data-start=\"3070\" data-end=\"3148\">2. Quanto tempo dura um dispositivo Vapme Crystal 7K de baforadas para um fumador regular?<\/strong><br data-start=\"3148\" data-end=\"3151\" \/>Depende do uso, mas a maioria dos utilizadores di\u00e1rios consegue uma vida notavelmente mais longa do que os modelos de 3k\u20135k porque a <strong data-start=\"3250\" data-end=\"3276\">Vapme Crystal 7K tragos<\/strong> configura\u00e7\u00e3o combina uma classifica\u00e7\u00e3o de baforadas mais elevada com uma bateria recarreg\u00e1vel.<\/p>\n<p data-start=\"3343\" data-end=\"3564\"><strong data-start=\"3343\" data-end=\"3415\">3. O Vapme Crystal 7000 \u00e9 adequado para uma inspira\u00e7\u00e3o mais apertada ao estilo de cigarro?<\/strong><br data-start=\"3415\" data-end=\"3418\" \/>Sim. O <strong data-start=\"3427\" data-end=\"3445\">bobina de malha de 0,8\u03a9<\/strong> no <strong data-start=\"3453\" data-end=\"3475\">Vapme Crystal 7000<\/strong> suporta uma inspira\u00e7\u00e3o suave e equilibrada que muitos ex-fumadores acham confort\u00e1vel para pausas di\u00e1rias.<\/p>\n<p data-start=\"3566\" data-end=\"3754\"><strong data-start=\"3566\" data-end=\"3616\">4. Os sabores desvanecem cedo no Vapme Crystal 7000<\/strong><br data-start=\"3616\" data-end=\"3619\" \/>A resist\u00eancia de malha \u00e9 projetada para aquecimento uniforme, o que ajuda a manter o sabor est\u00e1vel mais profundamente no dispositivo em compara\u00e7\u00e3o com os descart\u00e1veis de resist\u00eancia b\u00e1sica.<\/p>\n<p data-start=\"3756\" data-end=\"3972\"><strong data-start=\"3756\" data-end=\"3824\">5. Os retalhistas podem misturar sabores numa caixa de Vapme Crystal 7000<\/strong><br data-start=\"3824\" data-end=\"3827\" \/>A maioria dos grossistas permite caixas de sabores mistos, e com <strong data-start=\"3881\" data-end=\"3895\">30 sabores<\/strong> no <strong data-start=\"3903\" data-end=\"3931\">a gama Vapme Crystal 7000<\/strong>, as lojas podem adaptar o stock \u00e0 procura local.<\/p>\n<\/div>\n<\/div>\n<\/div>\n<\/div>","protected":false},"excerpt":{"rendered":"<p>Vapme Crystal 7K Puffs Vape Descart\u00e1vel Recarreg\u00e1vel<br \/>\nVapme Crystal 7000 Vape Descart\u00e1vel Pre\u00e7o Grossista<br \/>\nVapme Vape Crystal 7000 Vape Descart\u00e1vel com Baixa Nicotina<\/p>\n<p><strong>Adicione o WhatsApp da Amy para uma resposta r\u00e1pida e cup\u00e3o de vape!<\/strong><\/p>\n<p><img fetchpriority=\"high\" decoding=\"async\" class=\"size-full wp-image-2932\" src=\"https:\/\/vapestornado.com\/wp-content\/uploads\/2024\/12\/Vape-Wholesale.jpg\" alt=\"Vape Atacado\" width=\"229\" height=\"300\" \/><\/p>\n<h3><a href=\"https:\/\/wa.me\/8617776015835\"><span style=\"color: #ff0000;\"><strong>WhatsApp: +86 17776015835<\/strong><\/span><\/a><\/h3>\n<p>&nbsp;<\/p>","protected":false},"featured_media":3071,"comment_status":"open","ping_status":"closed","template":"","meta":{"_acf_changed":false,"_uag_custom_page_level_css":"","_lmt_disableupdate":"no","_lmt_disable":"","_monsterinsights_skip_tracking":false,"_monsterinsights_sitenote_active":false,"_monsterinsights_sitenote_note":"","_monsterinsights_sitenote_category":0,"site-sidebar-layout":"default","site-content-layout":"","ast-site-content-layout":"default","site-content-style":"default","site-sidebar-style":"default","ast-global-header-display":"","ast-banner-title-visibility":"","ast-main-header-display":"","ast-hfb-above-header-display":"","ast-hfb-below-header-display":"","ast-hfb-mobile-header-display":"","site-post-title":"","ast-breadcrumbs-content":"","ast-featured-img":"","footer-sml-layout":"","ast-disable-related-posts":"","theme-transparent-header-meta":"default","adv-header-id-meta":"","stick-header-meta":"","header-above-stick-meta":"","header-main-stick-meta":"","header-below-stick-meta":"","astra-migrate-meta-layouts":"set","ast-page-background-enabled":"default","ast-page-background-meta":{"desktop":{"background-color":"","background-image":"","background-repeat":"repeat","background-position":"center center","background-size":"auto","background-attachment":"scroll","background-type":"","background-media":"","overlay-type":"","overlay-color":"","overlay-opacity":"","overlay-gradient":""},"tablet":{"background-color":"","background-image":"","background-repeat":"repeat","background-position":"center center","background-size":"auto","background-attachment":"scroll","background-type":"","background-media":"","overlay-type":"","overlay-color":"","overlay-opacity":"","overlay-gradient":""},"mobile":{"background-color":"","background-image":"","background-repeat":"repeat","background-position":"center center","background-size":"auto","background-attachment":"scroll","background-type":"","background-media":"","overlay-type":"","overlay-color":"","overlay-opacity":"","overlay-gradient":""}},"ast-content-background-meta":{"desktop":{"background-color":"var(--ast-global-color-5)","background-image":"","background-repeat":"repeat","background-position":"center center","background-size":"auto","background-attachment":"scroll","background-type":"","background-media":"","overlay-type":"","overlay-color":"","overlay-opacity":"","overlay-gradient":""},"tablet":{"background-color":"var(--ast-global-color-5)","background-image":"","background-repeat":"repeat","background-position":"center center","background-size":"auto","background-attachment":"scroll","background-type":"","background-media":"","overlay-type":"","overlay-color":"","overlay-opacity":"","overlay-gradient":""},"mobile":{"background-color":"var(--ast-global-color-5)","background-image":"","background-repeat":"repeat","background-position":"center center","background-size":"auto","background-attachment":"scroll","background-type":"","background-media":"","overlay-type":"","overlay-color":"","overlay-opacity":"","overlay-gradient":""}},"_joinchat":{"telephone":"+8617776015835"}},"product_brand":[],"product_cat":[19,74,141,146,61],"product_tag":[120,122,121,123,93,119,118],"class_list":{"0":"post-3074","1":"product","2":"type-product","3":"status-publish","4":"has-post-thumbnail","6":"product_cat-vapes","7":"product_cat-7000-puff","8":"product_cat-crystal-disposable-vapes","9":"product_cat-rechargeable-disposable-vapes","10":"product_cat-vapme-shisha","11":"product_tag-crystal-vape","12":"product_tag-disposable-vape","13":"product_tag-puff-70000","14":"product_tag-rechargeable-vape","15":"product_tag-vape-wholesale","16":"product_tag-vapme-crystal-7000","17":"product_tag-vapme-vape","18":"desktop-align-left","19":"tablet-align-left","20":"mobile-align-left","22":"first","23":"instock","24":"sale","25":"shipping-taxable","26":"purchasable","27":"product-type-simple"},"acf":[],"uagb_featured_image_src":{"full":["https:\/\/vapestornado.com\/wp-content\/uploads\/2024\/12\/Vapme-Crystal-7000-Puffs-Disposable-Vape-Wholesale.jpg",1126,1126,false],"thumbnail":["https:\/\/vapestornado.com\/wp-content\/uploads\/2024\/12\/Vapme-Crystal-7000-Puffs-Disposable-Vape-Wholesale-150x150.jpg",150,150,true],"medium":["https:\/\/vapestornado.com\/wp-content\/uploads\/2024\/12\/Vapme-Crystal-7000-Puffs-Disposable-Vape-Wholesale-300x300.jpg",300,300,true],"medium_large":["https:\/\/vapestornado.com\/wp-content\/uploads\/2024\/12\/Vapme-Crystal-7000-Puffs-Disposable-Vape-Wholesale-768x768.jpg",768,768,true],"large":["https:\/\/vapestornado.com\/wp-content\/uploads\/2024\/12\/Vapme-Crystal-7000-Puffs-Disposable-Vape-Wholesale-1024x1024.jpg",1024,1024,true],"1536x1536":["https:\/\/vapestornado.com\/wp-content\/uploads\/2024\/12\/Vapme-Crystal-7000-Puffs-Disposable-Vape-Wholesale.jpg",1126,1126,false],"2048x2048":["https:\/\/vapestornado.com\/wp-content\/uploads\/2024\/12\/Vapme-Crystal-7000-Puffs-Disposable-Vape-Wholesale.jpg",1126,1126,false],"trp-custom-language-flag":["https:\/\/vapestornado.com\/wp-content\/uploads\/2024\/12\/Vapme-Crystal-7000-Puffs-Disposable-Vape-Wholesale.jpg",12,12,false],"woocommerce_thumbnail":["https:\/\/vapestornado.com\/wp-content\/uploads\/2024\/12\/Vapme-Crystal-7000-Puffs-Disposable-Vape-Wholesale-300x300.jpg",300,300,true],"woocommerce_single":["https:\/\/vapestornado.com\/wp-content\/uploads\/2024\/12\/Vapme-Crystal-7000-Puffs-Disposable-Vape-Wholesale-600x600.jpg",600,600,true],"woocommerce_gallery_thumbnail":["https:\/\/vapestornado.com\/wp-content\/uploads\/2024\/12\/Vapme-Crystal-7000-Puffs-Disposable-Vape-Wholesale-100x100.jpg",100,100,true]},"uagb_author_info":{"display_name":"ESAMY","author_link":"https:\/\/vapestornado.com\/pt\/author\/"},"uagb_comment_info":0,"uagb_excerpt":"Vapme Crystal 7K Puffs Rechargeable Disposable Vape Vapme Crystal 7000 Disposable Vape Wholesale Price Vapme Vape Crystal 7000 Low Nicotine Disposable Vape Add Amy's whatsapp get right reply and vape vape coupon! WhatsApp: +86 17776015835 &nbsp;","_links":{"self":[{"href":"https:\/\/vapestornado.com\/pt\/wp-json\/wp\/v2\/product\/3074","targetHints":{"allow":["GET"]}}],"collection":[{"href":"https:\/\/vapestornado.com\/pt\/wp-json\/wp\/v2\/product"}],"about":[{"href":"https:\/\/vapestornado.com\/pt\/wp-json\/wp\/v2\/types\/product"}],"replies":[{"embeddable":true,"href":"https:\/\/vapestornado.com\/pt\/wp-json\/wp\/v2\/comments?post=3074"}],"wp:featuredmedia":[{"embeddable":true,"href":"https:\/\/vapestornado.com\/pt\/wp-json\/wp\/v2\/media\/3071"}],"wp:attachment":[{"href":"https:\/\/vapestornado.com\/pt\/wp-json\/wp\/v2\/media?parent=3074"}],"wp:term":[{"taxonomy":"product_brand","embeddable":true,"href":"https:\/\/vapestornado.com\/pt\/wp-json\/wp\/v2\/product_brand?post=3074"},{"taxonomy":"product_cat","embeddable":true,"href":"https:\/\/vapestornado.com\/pt\/wp-json\/wp\/v2\/product_cat?post=3074"},{"taxonomy":"product_tag","embeddable":true,"href":"https:\/\/vapestornado.com\/pt\/wp-json\/wp\/v2\/product_tag?post=3074"}],"curies":[{"name":"wp","href":"https:\/\/api.w.org\/{rel}","templated":true}]}}