{"id":3021,"date":"2024-12-09T09:52:59","date_gmt":"2024-12-09T09:52:59","guid":{"rendered":"https:\/\/vapestornado.com\/?post_type=product&#038;p=3021"},"modified":"2025-12-05T09:42:57","modified_gmt":"2025-12-05T09:42:57","slug":"bang-36000-smart-disposable-vape-wholesale-shop-online","status":"publish","type":"product","link":"https:\/\/vapestornado.com\/pt\/product\/bang-36000-smart-disposable-vape-wholesale-shop-online\/","title":{"rendered":"Bang 36000 Smart Vape Descart\u00e1vel Loja de Atacado Online"},"content":{"rendered":"<div class=\"flex-shrink-0 flex flex-col relative items-end\">\n<div>\n<div class=\"pt-0\">\n<div class=\"gizmo-bot-avatar flex h-8 w-8 items-center justify-center overflow-hidden rounded-full\">\n<div class=\"relative p-1 rounded-sm flex items-center justify-center bg-token-main-surface-primary text-token-text-primary h-8 w-8\"><\/div>\n<\/div>\n<\/div>\n<\/div>\n<\/div>\n<div class=\"group\/conversation-turn relative flex w-full min-w-0 flex-col agent-turn\">\n<div class=\"flex-col gap-1 md:gap-3\">\n<div class=\"flex max-w-full flex-col flex-grow\">\n<div class=\"min-h-8 text-message flex w-full flex-col items-end gap-2 whitespace-normal break-words text-start [.text-message+&amp;]:mt-5\" dir=\"auto\" data-message-author-role=\"assistant\" data-message-id=\"24923bbb-bc24-49c4-aeeb-a72cf182457d\" data-message-model-slug=\"gpt-4o\">\n<div class=\"flex w-full flex-col gap-1 empty:hidden first:pt-[3px]\">\n<div class=\"markdown prose w-full break-words dark:prose-invert light\">\n<h3><strong>Bang 36000 Smart Vape Descart\u00e1vel Loja de Atacado Online<\/strong><\/h3>\n<\/div>\n<\/div>\n<\/div>\n<\/div>\n<\/div>\n<\/div>\n<p data-start=\"289\" data-end=\"603\">Bang 36000 Vape Descart\u00e1vel Inteligente oferece uma durabilidade de 36.000 baforadas com um tanque de 30ml, bobina de malha de 0,6\u03a9, fluxo de ar ajust\u00e1vel, ecr\u00e3 de estado LED ao vivo e bateria recarreg\u00e1vel Tipo-C de 650mAh num dispositivo compacto.<\/p>\n<p data-start=\"571\" data-end=\"921\"><strong data-start=\"571\" data-end=\"615\">36.000 baforadas apoiadas por um tanque completo de 30ml.<\/strong><br data-start=\"615\" data-end=\"618\" \/>O <strong data-start=\"622\" data-end=\"658\">Bang 36000 Vape Descart\u00e1vel Inteligente<\/strong> classifica-se na categoria de alta capacidade para pessoas que vaporizam todos os dias e n\u00e3o querem substituir unidades pequenas constantemente. Um <strong data-start=\"768\" data-end=\"797\">reservat\u00f3rio pr\u00e9-preenchido de 30ml<\/strong> suporta a classifica\u00e7\u00e3o de baforadas em uso normal, para que o dispositivo dure mais do que os descart\u00e1veis padr\u00e3o e mantenha a sua rotina constante.<\/p>\n<p data-start=\"923\" data-end=\"1193\"><strong data-start=\"923\" data-end=\"971\">Ecr\u00e3 LED inteligente que informa o que resta.<\/strong><br data-start=\"971\" data-end=\"974\" \/>Integrado <strong data-start=\"985\" data-end=\"1010\">Indicador LED de exibi\u00e7\u00e3o<\/strong> mostra <strong data-start=\"1017\" data-end=\"1067\">n\u00edvel da bateria e estado do e-l\u00edquido em tempo real<\/strong>. \u00c9 uma funcionalidade simples, mas \u00fatil: sabe quando recarregar e quando o tanque est\u00e1 a ficar vazio, sem adivinha\u00e7\u00f5es durante a sess\u00e3o.<\/p>\n<p data-start=\"1195\" data-end=\"1456\"><strong data-start=\"1195\" data-end=\"1238\">Bobina de malha de 0,6\u03a9 para vapor denso e suave.<\/strong><br data-start=\"1238\" data-end=\"1241\" \/>O <strong data-start=\"1245\" data-end=\"1265\">Bobina de malha de 0,6\u03a9<\/strong> ajustada para uma inspira\u00e7\u00e3o aberta e vapor mais espesso. O aquecimento por malha distribui a temperatura de forma uniforme, ajudando a manter o sabor claro e reduzindo aquele sabor a queimado seco que muitos descart\u00e1veis de alto consumo de baforadas apresentam perto do fim.<\/p>\n<p data-start=\"1458\" data-end=\"1688\"><strong data-start=\"1458\" data-end=\"1496\">Ajuste de fluxo de ar para o seu estilo.<\/strong><br data-start=\"1496\" data-end=\"1499\" \/>O controlo de fluxo de ar permite escolher uma inspira\u00e7\u00e3o mais apertada ou mais aberta. Fumadores que desejam resist\u00eancia semelhante \u00e0 de um cigarro podem ajust\u00e1-lo; utilizadores que preferem uma inspira\u00e7\u00e3o mais solta podem abri-lo.<\/p>\n<p data-start=\"1690\" data-end=\"1987\"><strong data-start=\"1690\" data-end=\"1740\">Energia recarreg\u00e1vel Tipo-C e faixa de nicotina.<\/strong><br data-start=\"1740\" data-end=\"1743\" \/>O Vape Descart\u00e1vel Inteligente Bang 36k vem com um <strong data-start=\"1745\" data-end=\"1776\">bateria recarreg\u00e1vel de 650mAh<\/strong> com <strong data-start=\"1782\" data-end=\"1810\">carregamento r\u00e1pido USB Type-C<\/strong> mant\u00e9m o tempo de inatividade curto e permite terminar o vaporizador em vez de descart\u00e1-lo cedo. Op\u00e7\u00f5es de nicotina cobrem <strong data-start=\"1919\" data-end=\"1941\">0%, 2%, 3% e 5%<\/strong>, para que os utilizadores possam ajustar a for\u00e7a \u00e0s rotinas di\u00e1rias.<\/p>\n<p>&nbsp;<\/p>\n<p><strong>Adicione o WhatsApp da Amy para uma resposta r\u00e1pida e cup\u00e3o de vape!<\/strong><\/p>\n<p><img fetchpriority=\"high\" decoding=\"async\" class=\"size-full wp-image-2932\" src=\"https:\/\/vapestornado.com\/wp-content\/uploads\/2024\/12\/Vape-Wholesale.jpg\" alt=\"Vape Atacado\" width=\"229\" height=\"300\" \/><\/p>\n<h3><a href=\"https:\/\/wa.me\/8617776015835\" target=\"_blank\" rel=\"noopener\"><span style=\"color: #ff0000;\"><strong>WhatsApp: +86 17776015835<\/strong><\/span><\/a><\/h3>\n<p>&nbsp;<\/p>\n<h4><strong style=\"font-size: 1.7em;\">\u00a0Caracter\u00edsticas do Produto Bang 36000<\/strong><\/h4>\n<table>\n<thead>\n<tr>\n<th>Recurso \/ Par\u00e2metro<\/th>\n<th align=\"right\">Especifica\u00e7\u00f5es<\/th>\n<th>Explica\u00e7\u00e3o<\/th>\n<\/tr>\n<\/thead>\n<tbody>\n<tr>\n<td>Nome do Produto<\/td>\n<td align=\"right\">Bang 36000 Vape Descart\u00e1vel Inteligente<\/td>\n<td>Nomea\u00e7\u00e3o clara do modelo para pedidos repetidos e pesquisa.<\/td>\n<\/tr>\n<tr>\n<td>Capacidade de Puffs<\/td>\n<td align=\"right\">At\u00e9 36.000 baforadas<\/td>\n<td>Sistema descart\u00e1vel de alta capacidade; menos substitui\u00e7\u00f5es.<\/td>\n<\/tr>\n<tr>\n<td>Volume do l\u00edquido eletr\u00f3nico<\/td>\n<td align=\"right\">Pr\u00e9-preenchido de 30ml<\/td>\n<td>Tanque grande suporta a classifica\u00e7\u00e3o de 36K.<\/td>\n<\/tr>\n<tr>\n<td>Bobina \/ Resist\u00eancia<\/td>\n<td align=\"right\">bobina de malha de 0,6\u03a9<\/td>\n<td>Arranque aberto, vapor denso, sabor mais constante.<\/td>\n<\/tr>\n<tr>\n<td>Fluxo de ar<\/td>\n<td align=\"right\">Ajust\u00e1vel<\/td>\n<td>Puxada apertada ou inala\u00e7\u00e3o aberta, o utilizador decide.<\/td>\n<\/tr>\n<tr>\n<td>Bateria<\/td>\n<td align=\"right\">Recarreg\u00e1vel de 650mAh<\/td>\n<td>Recarregue para usar o tanque completo.<\/td>\n<\/tr>\n<tr>\n<td>Carregamento<\/td>\n<td align=\"right\">Carregamento r\u00e1pido USB Tipo-C<\/td>\n<td>Padr\u00e3o de cabo comum e recargas r\u00e1pidas.<\/td>\n<\/tr>\n<tr>\n<td>Op\u00e7\u00f5es de Nicotina<\/td>\n<td align=\"right\">0% \/ 2% \/ 3% \/ 5%<\/td>\n<td>Escolha zero nicotina ou uma inala\u00e7\u00e3o mais forte.<\/td>\n<\/tr>\n<tr>\n<td>Sabores<\/td>\n<td align=\"right\">12 op\u00e7\u00f5es<\/td>\n<td>Cobre as principais tend\u00eancias de sabor da UE.<\/td>\n<\/tr>\n<tr>\n<td>Ecr\u00e3<\/td>\n<td align=\"right\">Bateria LED inteligente + ecr\u00e3 de l\u00edquido eletr\u00f3nico<\/td>\n<td>Acompanhamento do estado em tempo real durante o vaporizador.<\/td>\n<\/tr>\n<tr>\n<td>Formato<\/td>\n<td align=\"right\">Corpo compacto, pronto para o bolso<\/td>\n<td>Pr\u00e1tico para uso di\u00e1rio e viagens.<\/td>\n<\/tr>\n<\/tbody>\n<\/table>\n<p>&nbsp;<\/p>\n<h2 class=\"product-title\"><strong>\u00a0Lista de Sabores Bang 36000<\/strong><\/h2>\n<p>1.Morango Kiwi<br \/>\n2.Bagascada<br \/>\n3.Mirtilo com Gelo<br \/>\n4.Uva Gelo<br \/>\n5.Cereja com Gelo<br \/>\n6.Limonada de Mirtilo e Framboesa<br \/>\n7. P\u00eassego Gelado<br \/>\n8. Morango Melancia<br \/>\n9.P\u00eassego Manga Melancia<br \/>\n10. Melancia Gelada<\/p>\n<h3>Por que Escolher a vapestornado para Atacado de Vapes Bang 36k?<\/h3>\n<div class=\"flex-shrink-0 flex flex-col relative items-end\">\n<div class=\"pt-0\">\n<div class=\"gizmo-bot-avatar flex h-8 w-8 items-center justify-center overflow-hidden rounded-full\">\n<div class=\"relative p-1 rounded-sm flex items-center justify-center bg-token-main-surface-primary text-token-text-primary h-8 w-8\">\n<p>Bem-vindo \u00e0 vapestornado, a sua loja online de vapes de confian\u00e7a para vapes descart\u00e1veis premium. Com mais de 5 anos de experi\u00eancia, trazemos-lhe marcas populares de vapes descart\u00e1veis, como Fumot RandM Vape, Vapme, Bang Vape, Waspe Vape e WGA Vape, etc.<\/p>\n<p>A nossa gama inclui vapes de venda quente como o <a href=\"https:\/\/vapestornado.com\/pt\/product\/fumot-randm-tornado-15000-puffs-rechargeable-disposable-vape-wholesale\/\">RandM Tornado 15000<\/a>, e op\u00e7\u00f5es ricas em sabor como o <a href=\"https:\/\/vapestornado.com\/pt\/product\/waspe-40000-puffs-double-flavour-led-display-disposable-vape-wholesale\/\">WASPE Sabor Duplo 40000 Puffs<\/a> . Cada produto \u00e9 escolhido com foco na qualidade, valor e variedade, garantindo que encontra a combina\u00e7\u00e3o perfeita para as suas necessidades. Descubra um servi\u00e7o excecional e uma vasta gama de produtos de topo na vapestornado.<\/p>\n<\/div>\n<h3><\/h3>\n<div class=\"relative p-1 rounded-sm flex items-center justify-center bg-token-main-surface-primary text-token-text-primary h-8 w-8\">\n<h3>Perguntas Frequentes sobre o Vape Descart\u00e1vel Recarreg\u00e1vel Bang 36000<\/h3>\n<\/div>\n<\/div>\n<\/div>\n<\/div>\n<div class=\"group\/conversation-turn relative flex w-full min-w-0 flex-col agent-turn\">\n<div class=\"flex-col gap-1 md:gap-3\">\n<div class=\"flex max-w-full flex-col flex-grow\">\n<div class=\"min-h-8 text-message flex w-full flex-col items-end gap-2 whitespace-normal break-words [.text-message+&amp;]:mt-5\" dir=\"auto\" data-message-author-role=\"assistant\" data-message-id=\"db716a1c-9ed0-4b8d-b3b0-7bdb913c3d42\" data-message-model-slug=\"gpt-4o\">\n<div class=\"flex w-full flex-col gap-1 empty:hidden first:pt-[3px]\">\n<div class=\"markdown prose w-full break-words dark:prose-invert light\">\n<div class=\"flex max-w-full flex-col flex-grow\">\n<div class=\"min-h-8 text-message flex w-full flex-col items-end gap-2 whitespace-normal break-words text-start [.text-message+&amp;]:mt-5\" dir=\"auto\" data-message-author-role=\"assistant\" data-message-id=\"2dbf2369-71ab-44c2-8168-31d5a517a1e4\" data-message-model-slug=\"gpt-4o-mini\">\n<div class=\"flex w-full flex-col gap-1 empty:hidden first:pt-[3px]\">\n<div class=\"markdown prose w-full break-words dark:prose-invert light\">\n<article class=\"text-token-text-primary w-full focus:outline-none [--shadow-height:45px] has-data-writing-block:pointer-events-none has-data-writing-block:-mt-(--shadow-height) has-data-writing-block:pt-(--shadow-height) [&amp;:has([data-writing-block])&gt;*]:pointer-events-auto scroll-mt-[calc(var(--header-height)+min(200px,max(70px,20svh)))]\" dir=\"auto\" tabindex=\"-1\" data-turn-id=\"ee759558-2db1-4861-8932-66c87485c242\" data-testid=\"conversation-turn-82\" data-scroll-anchor=\"true\" data-turn=\"assistant\">\n<div class=\"text-base my-auto mx-auto pb-10 [--thread-content-margin:--spacing(4)] @w-sm\/main:[--thread-content-margin:--spacing(6)] @w-lg\/main:[--thread-content-margin:--spacing(16)] px-(--thread-content-margin)\">\n<div class=\"[--thread-content-max-width:40rem] @w-lg\/main:[--thread-content-max-width:48rem] mx-auto max-w-(--thread-content-max-width) flex-1 group\/turn-messages focus-visible:outline-hidden relative flex w-full min-w-0 flex-col agent-turn\" tabindex=\"-1\">\n<div class=\"flex max-w-full flex-col grow\">\n<div class=\"min-h-8 text-message relative flex w-full flex-col items-end gap-2 text-start break-words whitespace-normal [.text-message+&amp;]:mt-1\" dir=\"auto\" data-message-author-role=\"assistant\" data-message-id=\"370325a1-2e03-4ed2-9b16-18960ddf0293\" data-message-model-slug=\"gpt-5-1\">\n<div class=\"flex w-full flex-col gap-1 empty:hidden first:pt-[1px]\">\n<div class=\"markdown prose dark:prose-invert w-full break-words light markdown-new-styling\">\n<p data-start=\"0\" data-end=\"139\">\n<ol data-start=\"141\" data-end=\"1633\">\n<li data-start=\"141\" data-end=\"427\">\n<p data-start=\"144\" data-end=\"427\"><strong data-start=\"144\" data-end=\"221\">O Vaporizador Descart\u00e1vel Inteligente Bang 36000 \u00e9 adequado para MTL ou uma inala\u00e7\u00e3o mais solta<\/strong><br data-start=\"221\" data-end=\"224\" \/>Sim. O <strong data-start=\"233\" data-end=\"269\" data-is-only-node=\"\">Bang 36000 Vape Descart\u00e1vel Inteligente<\/strong> tem fluxo de ar ajust\u00e1vel, podendo ser configurado para uma puxada mais apertada ao estilo MTL ou aberto para uma inala\u00e7\u00e3o mais solta. Isto ajuda os ex-fumadores a ajustarem a puxada ao que est\u00e3o habituados.<\/p>\n<\/li>\n<li data-start=\"429\" data-end=\"754\">\n<p data-start=\"432\" data-end=\"754\"><strong data-start=\"432\" data-end=\"517\">O Bang King 36K pode ser usado at\u00e9 \u00e0 \u00faltima gota sem perda de desempenho<\/strong><br data-start=\"517\" data-end=\"520\" \/>O <strong data-start=\"524\" data-end=\"552\" data-is-only-node=\"\">Vaporizador descart\u00e1vel Bang King 36K<\/strong> usa uma resist\u00eancia de malha de 0,6\u03a9 e bateria recarreg\u00e1vel. O aquecimento por malha mant\u00e9m a sa\u00edda mais est\u00e1vel numa grande capacidade de tanque, e a recarga evita o desligamento precoce da bateria, mantendo o desempenho mais consistente ao longo do uso.<\/p>\n<\/li>\n<li data-start=\"756\" data-end=\"1035\">\n<p data-start=\"759\" data-end=\"1035\"><strong data-start=\"759\" data-end=\"839\">Por que \u00e9 que o meu vaporizador descart\u00e1vel Bang 36.000 baforadas \u00e0s vezes parece mais fraco ap\u00f3s carregar<\/strong><br data-start=\"839\" data-end=\"842\" \/>Logo ap\u00f3s a carga, a condensa\u00e7\u00e3o do fluxo de ar pode suavizar ligeiramente as primeiras puxadas. Fa\u00e7a algumas puxadas curtas e geralmente fica melhor. Se continuar fraco, verifique se o fluxo de ar n\u00e3o est\u00e1 demasiado apertado.<\/p>\n<\/li>\n<li data-start=\"1037\" data-end=\"1313\">\n<p data-start=\"1040\" data-end=\"1313\"><strong data-start=\"1040\" data-end=\"1120\">O Bang 36000 Smart Disposable vem com sabores mistos para encomendas em grande quantidade?<\/strong><br data-start=\"1120\" data-end=\"1123\" \/>A maioria dos grossistas permite caixas com sabores mistos para o <strong data-start=\"1175\" data-end=\"1206\" data-is-only-node=\"\">Bang 36000 Smart Disposable<\/strong> linha. Com 12 sabores dispon\u00edveis, as lojas costumam misturar os mais vendidos com alguns favoritos regionais para testar a procura.<\/p>\n<\/li>\n<li data-start=\"1315\" data-end=\"1633\">\n<p data-start=\"1318\" data-end=\"1633\"><strong data-start=\"1318\" data-end=\"1399\">Como devo armazenar o Bang 36K Smart Disposable para evitar vazamentos ou sabores secos<\/strong><br data-start=\"1399\" data-end=\"1402\" \/>Armazene o <strong data-start=\"1412\" data-end=\"1446\" data-is-only-node=\"\">Vape Bang 36K Smart Disposable<\/strong> na posi\u00e7\u00e3o vertical sempre que poss\u00edvel e mantenha-o fora de carros quentes ou condi\u00e7\u00f5es de congelamento. Varia\u00e7\u00f5es extremas de temperatura podem causar condensa\u00e7\u00e3o ou afinamento do l\u00edquido, que \u00e9 a causa habitual de pequenos vazamentos.<\/p>\n<\/li>\n<\/ol>\n<\/div>\n<\/div>\n<\/div>\n<\/div>\n<\/div>\n<\/div>\n<\/article>\n<\/div>\n<\/div>\n<\/div>\n<\/div>\n<\/div>\n<\/div>\n<\/div>\n<\/div>\n<\/div>\n<\/div>","protected":false},"excerpt":{"rendered":"<p>Bang 36000 Vape Descart\u00e1vel Inteligente \u2014 36K Puffs Constru\u00eddo para Uso Di\u00e1rio Longo<br \/>\nBobina de Malha Bang 36K e Fluxo de Ar Ajust\u00e1vel para Vapor Suave e Denso<br \/>\nBang 36000 Vape Descart\u00e1vel Inteligente com Ecr\u00e3 LED e Bateria Recarreg\u00e1vel Tipo-C<\/p>\n<p><strong>Adicione o whatsapp da Amy para obter a resposta certa e cup\u00e3o de vape!<\/strong><\/p>\n<p><img fetchpriority=\"high\" decoding=\"async\" class=\"size-full wp-image-2932\" src=\"https:\/\/vapestornado.com\/wp-content\/uploads\/2024\/12\/Vape-Wholesale.jpg\" alt=\"Vape Atacado\" width=\"229\" height=\"300\" \/><\/p>\n<h3><a href=\"https:\/\/wa.me\/8617776015835\"><span style=\"color: #ff0000;\"><strong>WhatsApp: +86 17776015835<\/strong><\/span><\/a><\/h3>\n<p>&nbsp;<\/p>","protected":false},"featured_media":3006,"comment_status":"open","ping_status":"closed","template":"","meta":{"_acf_changed":false,"_uag_custom_page_level_css":"","_lmt_disableupdate":"no","_lmt_disable":"","_monsterinsights_skip_tracking":false,"_monsterinsights_sitenote_active":false,"_monsterinsights_sitenote_note":"","_monsterinsights_sitenote_category":0,"site-sidebar-layout":"default","site-content-layout":"","ast-site-content-layout":"default","site-content-style":"default","site-sidebar-style":"default","ast-global-header-display":"","ast-banner-title-visibility":"","ast-main-header-display":"","ast-hfb-above-header-display":"","ast-hfb-below-header-display":"","ast-hfb-mobile-header-display":"","site-post-title":"","ast-breadcrumbs-content":"","ast-featured-img":"","footer-sml-layout":"","ast-disable-related-posts":"","theme-transparent-header-meta":"default","adv-header-id-meta":"","stick-header-meta":"","header-above-stick-meta":"","header-main-stick-meta":"","header-below-stick-meta":"","astra-migrate-meta-layouts":"set","ast-page-background-enabled":"default","ast-page-background-meta":{"desktop":{"background-color":"","background-image":"","background-repeat":"repeat","background-position":"center center","background-size":"auto","background-attachment":"scroll","background-type":"","background-media":"","overlay-type":"","overlay-color":"","overlay-opacity":"","overlay-gradient":""},"tablet":{"background-color":"","background-image":"","background-repeat":"repeat","background-position":"center center","background-size":"auto","background-attachment":"scroll","background-type":"","background-media":"","overlay-type":"","overlay-color":"","overlay-opacity":"","overlay-gradient":""},"mobile":{"background-color":"","background-image":"","background-repeat":"repeat","background-position":"center center","background-size":"auto","background-attachment":"scroll","background-type":"","background-media":"","overlay-type":"","overlay-color":"","overlay-opacity":"","overlay-gradient":""}},"ast-content-background-meta":{"desktop":{"background-color":"var(--ast-global-color-5)","background-image":"","background-repeat":"repeat","background-position":"center center","background-size":"auto","background-attachment":"scroll","background-type":"","background-media":"","overlay-type":"","overlay-color":"","overlay-opacity":"","overlay-gradient":""},"tablet":{"background-color":"var(--ast-global-color-5)","background-image":"","background-repeat":"repeat","background-position":"center center","background-size":"auto","background-attachment":"scroll","background-type":"","background-media":"","overlay-type":"","overlay-color":"","overlay-opacity":"","overlay-gradient":""},"mobile":{"background-color":"var(--ast-global-color-5)","background-image":"","background-repeat":"repeat","background-position":"center center","background-size":"auto","background-attachment":"scroll","background-type":"","background-media":"","overlay-type":"","overlay-color":"","overlay-opacity":"","overlay-gradient":""}},"_joinchat":{"telephone":"+8617776015835"}},"product_brand":[],"product_cat":[66,62,149,154,160,146],"product_tag":[109,108,110,105,93],"class_list":{"0":"post-3021","1":"product","2":"type-product","3":"status-publish","4":"has-post-thumbnail","6":"product_cat-36000-puff","7":"product_cat-bang-vape","8":"product_cat-buy-disposable-vapes-in-austria","9":"product_cat-buy-disposable-vapes-in-netherlands","10":"product_cat-buy-disposable-vapes-in-switzerland","11":"product_cat-rechargeable-disposable-vapes","12":"product_tag-bang-36000","13":"product_tag-bang-vape-36000","14":"product_tag-bang-vape-36k","15":"product_tag-digital-disposable-vape","16":"product_tag-vape-wholesale","17":"desktop-align-left","18":"tablet-align-left","19":"mobile-align-left","21":"first","22":"instock","23":"sale","24":"shipping-taxable","25":"purchasable","26":"product-type-simple"},"acf":[],"uagb_featured_image_src":{"full":["https:\/\/vapestornado.com\/wp-content\/uploads\/2024\/12\/Bang-36000-Puffs-Disposable-Vape-Wholesale-Price.jpg",1126,1126,false],"thumbnail":["https:\/\/vapestornado.com\/wp-content\/uploads\/2024\/12\/Bang-36000-Puffs-Disposable-Vape-Wholesale-Price-150x150.jpg",150,150,true],"medium":["https:\/\/vapestornado.com\/wp-content\/uploads\/2024\/12\/Bang-36000-Puffs-Disposable-Vape-Wholesale-Price-300x300.jpg",300,300,true],"medium_large":["https:\/\/vapestornado.com\/wp-content\/uploads\/2024\/12\/Bang-36000-Puffs-Disposable-Vape-Wholesale-Price-768x768.jpg",768,768,true],"large":["https:\/\/vapestornado.com\/wp-content\/uploads\/2024\/12\/Bang-36000-Puffs-Disposable-Vape-Wholesale-Price-1024x1024.jpg",1024,1024,true],"1536x1536":["https:\/\/vapestornado.com\/wp-content\/uploads\/2024\/12\/Bang-36000-Puffs-Disposable-Vape-Wholesale-Price.jpg",1126,1126,false],"2048x2048":["https:\/\/vapestornado.com\/wp-content\/uploads\/2024\/12\/Bang-36000-Puffs-Disposable-Vape-Wholesale-Price.jpg",1126,1126,false],"trp-custom-language-flag":["https:\/\/vapestornado.com\/wp-content\/uploads\/2024\/12\/Bang-36000-Puffs-Disposable-Vape-Wholesale-Price.jpg",12,12,false],"woocommerce_thumbnail":["https:\/\/vapestornado.com\/wp-content\/uploads\/2024\/12\/Bang-36000-Puffs-Disposable-Vape-Wholesale-Price-300x300.jpg",300,300,true],"woocommerce_single":["https:\/\/vapestornado.com\/wp-content\/uploads\/2024\/12\/Bang-36000-Puffs-Disposable-Vape-Wholesale-Price-600x600.jpg",600,600,true],"woocommerce_gallery_thumbnail":["https:\/\/vapestornado.com\/wp-content\/uploads\/2024\/12\/Bang-36000-Puffs-Disposable-Vape-Wholesale-Price-100x100.jpg",100,100,true]},"uagb_author_info":{"display_name":"ESAMY","author_link":"https:\/\/vapestornado.com\/pt\/author\/"},"uagb_comment_info":0,"uagb_excerpt":"Bang 36000 Smart Disposable Vape \u2014 36K Puffs Built for Long Daily Use Bang 36K Mesh Coil and Adjustable Airflow for Smooth, Dense Vapor Bang 36000 Smart Disposable with LED Screen and Type-C Rechargeable Power Add Amy's whatsapp to get right reply and vape vape coupon! WhatsApp: +86 17776015835 &nbsp;","_links":{"self":[{"href":"https:\/\/vapestornado.com\/pt\/wp-json\/wp\/v2\/product\/3021","targetHints":{"allow":["GET"]}}],"collection":[{"href":"https:\/\/vapestornado.com\/pt\/wp-json\/wp\/v2\/product"}],"about":[{"href":"https:\/\/vapestornado.com\/pt\/wp-json\/wp\/v2\/types\/product"}],"replies":[{"embeddable":true,"href":"https:\/\/vapestornado.com\/pt\/wp-json\/wp\/v2\/comments?post=3021"}],"wp:featuredmedia":[{"embeddable":true,"href":"https:\/\/vapestornado.com\/pt\/wp-json\/wp\/v2\/media\/3006"}],"wp:attachment":[{"href":"https:\/\/vapestornado.com\/pt\/wp-json\/wp\/v2\/media?parent=3021"}],"wp:term":[{"taxonomy":"product_brand","embeddable":true,"href":"https:\/\/vapestornado.com\/pt\/wp-json\/wp\/v2\/product_brand?post=3021"},{"taxonomy":"product_cat","embeddable":true,"href":"https:\/\/vapestornado.com\/pt\/wp-json\/wp\/v2\/product_cat?post=3021"},{"taxonomy":"product_tag","embeddable":true,"href":"https:\/\/vapestornado.com\/pt\/wp-json\/wp\/v2\/product_tag?post=3021"}],"curies":[{"name":"wp","href":"https:\/\/api.w.org\/{rel}","templated":true}]}}