{"id":3000,"date":"2024-12-09T07:00:42","date_gmt":"2024-12-09T07:00:42","guid":{"rendered":"https:\/\/vapestornado.com\/?post_type=product&#038;p=3000"},"modified":"2025-08-23T10:18:27","modified_gmt":"2025-08-23T10:18:27","slug":"waspe-25000-puffs-digital-disposable-vape-wholesale-price-in-poland","status":"publish","type":"product","link":"https:\/\/vapestornado.com\/pt\/product\/waspe-25000-puffs-digital-disposable-vape-wholesale-price-in-poland\/","title":{"rendered":"Pre\u00e7o grossista do Vape Descart\u00e1vel Digital Waspe 25000 Puffs na Pol\u00f3nia"},"content":{"rendered":"<h1 class=\"product-title\">Pre\u00e7o grossista do Vape Descart\u00e1vel Digital Waspe 25000 Puffs na Pol\u00f3nia<\/h1>\n<p data-start=\"525\" data-end=\"808\">O <strong data-start=\"529\" data-end=\"574\">Vape Descart\u00e1vel Digital Waspe 25000 Puffs<\/strong> \u00e9 uma escolha pr\u00e1tica para grossistas e retalhistas em Portugal que procuram stock duradouro e rico em funcionalidades. Com at\u00e9 <strong data-start=\"690\" data-end=\"715\">25.000 puffs por unidade<\/strong> e <strong data-start=\"722\" data-end=\"744\">sistema de sabor duplo<\/strong>, proporciona aos clientes um uso prolongado e maior variedade.<\/p>\n<p data-start=\"810\" data-end=\"1090\">Equipado com uma <strong data-start=\"826\" data-end=\"848\">ecr\u00e3 LED digital<\/strong>, o Waspe 25K mant\u00e9m os utilizadores informados sobre a dura\u00e7\u00e3o da bateria e a contagem de puffs em tempo real. O seu <strong data-start=\"937\" data-end=\"960\">design recarreg\u00e1vel<\/strong> com <strong data-start=\"966\" data-end=\"990\">carregamento r\u00e1pido Tipo-C<\/strong> garante um desempenho consistente e reduz o desperd\u00edcio, tornando-o econ\u00f3mico e ecol\u00f3gico.<\/p>\n<p data-start=\"1092\" data-end=\"1373\">Dispon\u00edvel em v\u00e1rios <strong data-start=\"1114\" data-end=\"1133\">n\u00edveis de nicotina<\/strong> e <strong data-start=\"1138\" data-end=\"1161\">combina\u00e7\u00f5es de sabores<\/strong>, o <strong data-start=\"1167\" data-end=\"1185\">Waspe 25K Vape<\/strong> atrai uma vasta base de consumidores, desde principiantes a vapers experientes. Compacto e port\u00e1til, adapta-se ao uso di\u00e1rio, proporcionando um sabor consistente gra\u00e7as \u00e0 tecnologia avan\u00e7ada de coil.<\/p>\n<p data-start=\"1375\" data-end=\"1604\">Para distribuidores e propriet\u00e1rios de lojas na Pol\u00f3nia, o <strong data-start=\"1423\" data-end=\"1449\">Waspe 25000 Puff Vape<\/strong> combina alta capacidade de puff, funcionalidades inovadoras e <strong data-start=\"1504\" data-end=\"1537\">pre\u00e7os de atacado competitivos<\/strong>, tornando-o uma adi\u00e7\u00e3o lucrativa aos invent\u00e1rios de vaporizadores descart\u00e1veis.<\/p>\n<p>&nbsp;<\/p>\n<p><strong>Adicione o WhatsApp da Amy para uma resposta r\u00e1pida e cup\u00e3o de vape!<\/strong><\/p>\n<p><img fetchpriority=\"high\" decoding=\"async\" class=\"size-full wp-image-2932\" src=\"https:\/\/vapestornado.com\/wp-content\/uploads\/2024\/12\/Vape-Wholesale.jpg\" alt=\"Vape Atacado\" width=\"229\" height=\"300\" \/><\/p>\n<h3><a href=\"https:\/\/wa.me\/8617776015835\" target=\"_blank\" rel=\"noopener\"><span style=\"color: #ff0000;\"><strong>WhatsApp: +86 17776015835<\/strong><\/span><\/a><\/h3>\n<p>&nbsp;<\/p>\n<h4><strong style=\"font-size: 1.7em;\">Caracter\u00edsticas do Produto Waspe Vape 25000<\/strong><\/h4>\n<ul>\n<li><strong>25.000 Puffs de Pura Satisfa\u00e7\u00e3o<\/strong>: Desfrute de sess\u00f5es de vaping prolongadas com at\u00e9 <strong>25.000 puffs<\/strong>, tornando o <strong>WASPE 25000 puff<\/strong> a escolha ideal para utilizadores leves e intensos.<\/li>\n<li><strong>M\u00faltiplas Concentra\u00e7\u00f5es de Nicotina<\/strong>: Escolha entre <strong>0%, 2% ou 5% de nicotina<\/strong>, oferecendo uma experi\u00eancia personalizada para utilizadores que procuram uma experi\u00eancia suave <strong>vape descart\u00e1vel de baixo teor de nicotina<\/strong> ou um golpe mais forte.<\/li>\n<li><strong>25ml de Capacidade de E-L\u00edquido<\/strong>: Pr\u00e9-carregado com uma generosa <strong>25ml de e-l\u00edquido<\/strong>, garantindo menos interrup\u00e7\u00f5es e maior desfrute.<\/li>\n<li><strong>Resist\u00eancias de Malha Dupla Avan\u00e7adas<\/strong>: As resist\u00eancias de malha dupla integradas garantem uma produ\u00e7\u00e3o de vapor suave, entrega de sabor consistente e uma experi\u00eancia premium em cada baforada.<\/li>\n<li><strong>Ecr\u00e3 LED Digital<\/strong>: O <strong>Vape Descart\u00e1vel com Ecr\u00e3 LED<\/strong> apresenta um ecr\u00e3 LCD inteligente, permitindo monitorizar <strong>a vida \u00fatil da bateria e a contagem de baforadas<\/strong> sem esfor\u00e7o.<\/li>\n<li><strong>Recarreg\u00e1vel e Dur\u00e1vel<\/strong>: Alimentado por uma <strong>bateria de 650mAh<\/strong> e apoiado por <strong>carregamento r\u00e1pido Tipo-C<\/strong>, este <strong>vape recarreg\u00e1vel<\/strong> mant\u00e9m-no com energia para uso prolongado, sem longos per\u00edodos de inatividade.<\/li>\n<li><strong>Design Compacto para Compra a Granel<\/strong>: Leve e f\u00e1cil de manusear, o Waspe 25k \u00e9 perfeito para compras a granel, tornando-o ideal para distribuidores que procuram um produto confi\u00e1vel para <strong>vape por atacado<\/strong>.<\/li>\n<\/ul>\n<p>&nbsp;<\/p>\n<h2 class=\"product-title\"><strong>Lista de Sabores WASPE 25000<\/strong><\/h2>\n<p>1.Morango Kiwi<br \/>\n2.Bagascada<br \/>\n3.Mirtilo com Gelo<br \/>\n4.Uva Gelo<br \/>\n5.Cereja com Gelo<br \/>\n6.Limonada de Mirtilo e Framboesa<br \/>\n7. P\u00eassego Gelado<br \/>\n8. Morango Melancia<br \/>\n9.P\u00eassego Manga Melancia<br \/>\n10. Melancia Gelada<\/p>\n<h3>Porqu\u00ea escolher a vapestornado para o vape WASPE 25k no atacado?<\/h3>\n<div class=\"flex-shrink-0 flex flex-col relative items-end\">\n<div class=\"pt-0\">\n<div class=\"gizmo-bot-avatar flex h-8 w-8 items-center justify-center overflow-hidden rounded-full\">\n<div class=\"relative p-1 rounded-sm flex items-center justify-center bg-token-main-surface-primary text-token-text-primary h-8 w-8\">\n<p>Bem-vindo \u00e0 vapestornado, a sua loja online de vapes de confian\u00e7a para vapes descart\u00e1veis premium. Com mais de 5 anos de experi\u00eancia, trazemos-lhe marcas populares de vapes descart\u00e1veis, como Fumot RandM Vape, Vapme, Bang Vape, Waspe Vape e WGA Vape, etc.<\/p>\n<p>A nossa gama inclui vapes de venda quente como o <a href=\"https:\/\/vapestornado.com\/pt\/product\/fumot-randm-tornado-15000-puffs-rechargeable-disposable-vape-wholesale\/\">RandM Tornado 15000<\/a>, e op\u00e7\u00f5es ricas em sabor como o <a href=\"https:\/\/vapestornado.com\/pt\/product\/waspe-40000-puffs-double-flavour-led-display-disposable-vape-wholesale\/\">WASPE Sabor Duplo 40000 Puffs<\/a> . Cada produto \u00e9 escolhido com foco na qualidade, valor e variedade, garantindo que encontra a combina\u00e7\u00e3o perfeita para as suas necessidades. Descubra um servi\u00e7o excecional e uma vasta gama de produtos de topo na vapestornado.<\/p>\n<\/div>\n<h3><\/h3>\n<div class=\"relative p-1 rounded-sm flex items-center justify-center bg-token-main-surface-primary text-token-text-primary h-8 w-8\">\n<h3>Perguntas frequentes sobre o vape descart\u00e1vel recarreg\u00e1vel WASPE 25k<\/h3>\n<\/div>\n<\/div>\n<\/div>\n<\/div>\n<div class=\"group\/conversation-turn relative flex w-full min-w-0 flex-col agent-turn\">\n<div class=\"flex-col gap-1 md:gap-3\">\n<div class=\"flex max-w-full flex-col flex-grow\">\n<div class=\"min-h-8 text-message flex w-full flex-col items-end gap-2 whitespace-normal break-words [.text-message+&amp;]:mt-5\" dir=\"auto\" data-message-author-role=\"assistant\" data-message-id=\"db716a1c-9ed0-4b8d-b3b0-7bdb913c3d42\" data-message-model-slug=\"gpt-4o\">\n<div class=\"flex w-full flex-col gap-1 empty:hidden first:pt-[3px]\">\n<div class=\"markdown prose w-full break-words dark:prose-invert light\">\n<h3><\/h3>\n<ol>\n<li><strong>Onde posso comprar o Vape Descart\u00e1vel Digital Waspe 25000 Puffs a pre\u00e7o de atacado em Portugal?<\/strong><br \/>\nPode comprar o Vape Descart\u00e1vel Digital Waspe 25000 Puffs a pre\u00e7os competitivos de atacado em distribuidores confi\u00e1veis \u200b\u200bespecializados em <strong>vape por atacado<\/strong> em Portugal.<\/li>\n<li><strong>Quantas tragadas o Vape Descart\u00e1vel Digital Waspe 25000 Puffs oferece?<\/strong><br \/>\nO Waspe 25k oferece impressionantes <strong>25.000 puffs<\/strong>, garantindo uso duradouro e excelente custo-benef\u00edcio.<\/li>\n<li><strong>O que torna o vape Waspe 25000 Puffs \u00fanico em compara\u00e7\u00e3o com outros vapes descart\u00e1veis?<\/strong><br \/>\nO Waspe 25k destaca-se pelo seu <strong>Ecr\u00e3 digital LED<\/strong> para monitorar a contagem de tragadas e a vida \u00fatil da bateria, <strong>sabor duplo<\/strong> op\u00e7\u00f5es e <strong>design recarreg\u00e1vel<\/strong> alimentado por um carregamento r\u00e1pido <strong>Tipo-C<\/strong>.<\/li>\n<li><strong>Que n\u00edveis de nicotina est\u00e3o dispon\u00edveis para o Vape Descart\u00e1vel Waspe 25000 Puffs?<\/strong><br \/>\nO Waspe 25k oferece tr\u00eas op\u00e7\u00f5es de concentra\u00e7\u00e3o de nicotina: <strong>0%, 2% e 5%<\/strong>, atendendo a utilizadores que preferem <strong>vape descart\u00e1vel de baixo teor de nicotina<\/strong> ou baforadas mais fortes.<\/li>\n<li><strong>Como \u00e9 que o Waspe 25k garante uma experi\u00eancia de vaping superior?<\/strong><br \/>\nEquipado com <strong>bobinas de malha dupla<\/strong> para maior produ\u00e7\u00e3o de vapor, uma grande <strong>capacidade de 25ml de e-l\u00edquido<\/strong>, e fluxo de ar personaliz\u00e1vel, o Waspe 25k proporciona baforadas consistentes e saborosas para uma experi\u00eancia de vaping excecional.<\/li>\n<\/ol>\n<\/div>\n<\/div>\n<\/div>\n<\/div>\n<\/div>\n<\/div>","protected":false},"excerpt":{"rendered":"<p>O <strong data-start=\"290\" data-end=\"327\">Vaporizador Descart\u00e1vel Waspe 25000 Puffs<\/strong> oferece sabores duplos, display LED e at\u00e9 25K puffs. Perfeito para <strong data-start=\"395\" data-end=\"425\">compradores grossistas em Portugal<\/strong>, combinando capacidade, variedade de sabores e pre\u00e7os competitivos a granel.<\/p>\n<p><strong>Adicione o whatsapp da Amy para obter a resposta certa e cup\u00e3o de vape!<\/strong><\/p>\n<p><img fetchpriority=\"high\" decoding=\"async\" class=\"size-full wp-image-2932\" src=\"https:\/\/vapestornado.com\/wp-content\/uploads\/2024\/12\/Vape-Wholesale.jpg\" alt=\"Vape Atacado\" width=\"229\" height=\"300\" \/><\/p>\n<h3><a href=\"https:\/\/wa.me\/8617776015835\"><span style=\"color: #ff0000;\"><strong>WhatsApp: +86 17776015835<\/strong><\/span><\/a><\/h3>\n<p>&nbsp;<\/p>","protected":false},"featured_media":2995,"comment_status":"open","ping_status":"closed","template":"","meta":{"_acf_changed":false,"_uag_custom_page_level_css":"","_lmt_disableupdate":"no","_lmt_disable":"","_monsterinsights_skip_tracking":false,"_monsterinsights_sitenote_active":false,"_monsterinsights_sitenote_note":"","_monsterinsights_sitenote_category":0,"site-sidebar-layout":"default","site-content-layout":"","ast-site-content-layout":"default","site-content-style":"default","site-sidebar-style":"default","ast-global-header-display":"","ast-banner-title-visibility":"","ast-main-header-display":"","ast-hfb-above-header-display":"","ast-hfb-below-header-display":"","ast-hfb-mobile-header-display":"","site-post-title":"","ast-breadcrumbs-content":"","ast-featured-img":"","footer-sml-layout":"","ast-disable-related-posts":"","theme-transparent-header-meta":"default","adv-header-id-meta":"","stick-header-meta":"","header-above-stick-meta":"","header-main-stick-meta":"","header-below-stick-meta":"","astra-migrate-meta-layouts":"set","ast-page-background-enabled":"default","ast-page-background-meta":{"desktop":{"background-color":"","background-image":"","background-repeat":"repeat","background-position":"center center","background-size":"auto","background-attachment":"scroll","background-type":"","background-media":"","overlay-type":"","overlay-color":"","overlay-opacity":"","overlay-gradient":""},"tablet":{"background-color":"","background-image":"","background-repeat":"repeat","background-position":"center center","background-size":"auto","background-attachment":"scroll","background-type":"","background-media":"","overlay-type":"","overlay-color":"","overlay-opacity":"","overlay-gradient":""},"mobile":{"background-color":"","background-image":"","background-repeat":"repeat","background-position":"center center","background-size":"auto","background-attachment":"scroll","background-type":"","background-media":"","overlay-type":"","overlay-color":"","overlay-opacity":"","overlay-gradient":""}},"ast-content-background-meta":{"desktop":{"background-color":"var(--ast-global-color-5)","background-image":"","background-repeat":"repeat","background-position":"center center","background-size":"auto","background-attachment":"scroll","background-type":"","background-media":"","overlay-type":"","overlay-color":"","overlay-opacity":"","overlay-gradient":""},"tablet":{"background-color":"var(--ast-global-color-5)","background-image":"","background-repeat":"repeat","background-position":"center center","background-size":"auto","background-attachment":"scroll","background-type":"","background-media":"","overlay-type":"","overlay-color":"","overlay-opacity":"","overlay-gradient":""},"mobile":{"background-color":"var(--ast-global-color-5)","background-image":"","background-repeat":"repeat","background-position":"center center","background-size":"auto","background-attachment":"scroll","background-type":"","background-media":"","overlay-type":"","overlay-color":"","overlay-opacity":"","overlay-gradient":""}},"_joinchat":{"telephone":"+8617776015835"}},"product_brand":[],"product_cat":[68,151,158,159,144,60],"product_tag":[105,100,103,104],"class_list":{"0":"post-3000","1":"product","2":"type-product","3":"status-publish","4":"has-post-thumbnail","6":"product_cat-25000-puff","7":"product_cat-buy-disposable-vapes-in-france","8":"product_cat-buy-disposable-vapes-in-spain","9":"product_cat-buy-disposable-vapes-in-sweden","10":"product_cat-low-nicotine-disposable-vapes","11":"product_cat-waspe-fihp-vape","12":"product_tag-digital-disposable-vape","13":"product_tag-wasoe-vape","14":"product_tag-waspe-25000","15":"product_tag-waspe-25k","16":"desktop-align-left","17":"tablet-align-left","18":"mobile-align-left","20":"first","21":"instock","22":"sale","23":"shipping-taxable","24":"purchasable","25":"product-type-simple"},"acf":[],"uagb_featured_image_src":{"full":["https:\/\/vapestornado.com\/wp-content\/uploads\/2024\/12\/WASPE-25000-Puffs-Disposable-Vape-Wholesale-Price.jpg",1126,1137,false],"thumbnail":["https:\/\/vapestornado.com\/wp-content\/uploads\/2024\/12\/WASPE-25000-Puffs-Disposable-Vape-Wholesale-Price-150x150.jpg",150,150,true],"medium":["https:\/\/vapestornado.com\/wp-content\/uploads\/2024\/12\/WASPE-25000-Puffs-Disposable-Vape-Wholesale-Price-297x300.jpg",297,300,true],"medium_large":["https:\/\/vapestornado.com\/wp-content\/uploads\/2024\/12\/WASPE-25000-Puffs-Disposable-Vape-Wholesale-Price-768x776.jpg",768,776,true],"large":["https:\/\/vapestornado.com\/wp-content\/uploads\/2024\/12\/WASPE-25000-Puffs-Disposable-Vape-Wholesale-Price-1014x1024.jpg",1014,1024,true],"1536x1536":["https:\/\/vapestornado.com\/wp-content\/uploads\/2024\/12\/WASPE-25000-Puffs-Disposable-Vape-Wholesale-Price.jpg",1126,1137,false],"2048x2048":["https:\/\/vapestornado.com\/wp-content\/uploads\/2024\/12\/WASPE-25000-Puffs-Disposable-Vape-Wholesale-Price.jpg",1126,1137,false],"trp-custom-language-flag":["https:\/\/vapestornado.com\/wp-content\/uploads\/2024\/12\/WASPE-25000-Puffs-Disposable-Vape-Wholesale-Price.jpg",12,12,false],"woocommerce_thumbnail":["https:\/\/vapestornado.com\/wp-content\/uploads\/2024\/12\/WASPE-25000-Puffs-Disposable-Vape-Wholesale-Price-300x300.jpg",300,300,true],"woocommerce_single":["https:\/\/vapestornado.com\/wp-content\/uploads\/2024\/12\/WASPE-25000-Puffs-Disposable-Vape-Wholesale-Price-600x606.jpg",600,606,true],"woocommerce_gallery_thumbnail":["https:\/\/vapestornado.com\/wp-content\/uploads\/2024\/12\/WASPE-25000-Puffs-Disposable-Vape-Wholesale-Price-100x100.jpg",100,100,true]},"uagb_author_info":{"display_name":"ESAMY","author_link":"https:\/\/vapestornado.com\/pt\/author\/"},"uagb_comment_info":0,"uagb_excerpt":"The Waspe 25000 Puffs Disposable Vape offers dual flavors, LED display, and up to 25K puffs. Perfect for wholesale buyers in Poland, combining capacity, flavor variety, and competitive bulk pricing. Add Amy's whatsapp to get right reply and vape vape coupon! WhatsApp: +86 17776015835 &nbsp;","_links":{"self":[{"href":"https:\/\/vapestornado.com\/pt\/wp-json\/wp\/v2\/product\/3000","targetHints":{"allow":["GET"]}}],"collection":[{"href":"https:\/\/vapestornado.com\/pt\/wp-json\/wp\/v2\/product"}],"about":[{"href":"https:\/\/vapestornado.com\/pt\/wp-json\/wp\/v2\/types\/product"}],"replies":[{"embeddable":true,"href":"https:\/\/vapestornado.com\/pt\/wp-json\/wp\/v2\/comments?post=3000"}],"wp:featuredmedia":[{"embeddable":true,"href":"https:\/\/vapestornado.com\/pt\/wp-json\/wp\/v2\/media\/2995"}],"wp:attachment":[{"href":"https:\/\/vapestornado.com\/pt\/wp-json\/wp\/v2\/media?parent=3000"}],"wp:term":[{"taxonomy":"product_brand","embeddable":true,"href":"https:\/\/vapestornado.com\/pt\/wp-json\/wp\/v2\/product_brand?post=3000"},{"taxonomy":"product_cat","embeddable":true,"href":"https:\/\/vapestornado.com\/pt\/wp-json\/wp\/v2\/product_cat?post=3000"},{"taxonomy":"product_tag","embeddable":true,"href":"https:\/\/vapestornado.com\/pt\/wp-json\/wp\/v2\/product_tag?post=3000"}],"curies":[{"name":"wp","href":"https:\/\/api.w.org\/{rel}","templated":true}]}}