{"id":2974,"date":"2024-12-05T03:54:55","date_gmt":"2024-12-05T03:54:55","guid":{"rendered":"https:\/\/vapestornado.com\/?post_type=product&#038;p=2974"},"modified":"2025-08-23T11:41:10","modified_gmt":"2025-08-23T11:41:10","slug":"vopk-ultra-40000-puffs-2-in-1-digital-screen-rechargeable-disposable-vape","status":"publish","type":"product","link":"https:\/\/vapestornado.com\/pt\/product\/vopk-ultra-40000-puffs-2-in-1-digital-screen-rechargeable-disposable-vape\/","title":{"rendered":"VOPK ULTRA 40000 Puffs 2 em 1 Ecr\u00e3 Digital Vaporizador Descart\u00e1vel Recarreg\u00e1vel"},"content":{"rendered":"<h1 class=\"product-title\">VOPK ULTRA 40000 Puffs 2 em 1 Ecr\u00e3 Digital Vaporizador Descart\u00e1vel Recarreg\u00e1vel<\/h1>\n<p>Experimente o pr\u00f3ximo n\u00edvel de vaping com o <strong>VOPK ULTRA 40000<\/strong>, um <strong>vape descart\u00e1vel recarreg\u00e1vel<\/strong> concebido para oferecer conveni\u00eancia, sabor e desempenho incompar\u00e1veis. Com um extraordin\u00e1rio <strong>40000 baforadas<\/strong> e <strong>sistema de sabor duplo 2 em 1<\/strong> este dispositivo permite aos utilizadores alternar entre dois sabores distintos de forma integrada, redefinindo o conceito de variedade de sabores.<\/p>\n<p>Equipado com uma enorme <strong>capacidade de 36ml de e-l\u00edquido<\/strong> e dispon\u00edvel em <strong>teores de nicotina de 2% ou 5%<\/strong>, o <strong>VOPK 40K<\/strong> garante que cada puff seja suave, satisfat\u00f3rio e adaptado \u00e0s suas prefer\u00eancias. O inovador <strong>ecr\u00e3 LED<\/strong> leva a conveni\u00eancia para o pr\u00f3ximo n\u00edvel, fornecendo informa\u00e7\u00f5es em tempo real sobre a dura\u00e7\u00e3o da bateria e os n\u00edveis de e-l\u00edquido restantes para que possa vaporizar sem preocupa\u00e7\u00f5es.<\/p>\n<p>O <strong>Bateria recarreg\u00e1vel Tipo-C<\/strong> oferece um carregamento r\u00e1pido e fi\u00e1vel, enquanto o seu design compacto e port\u00e1til o torna <strong>VOPK ULTRA 40000<\/strong> perfeito para vaping em movimento. Escolha entre 10 sabores tentadores para desfrutar de uma experi\u00eancia verdadeiramente personaliz\u00e1vel, tudo enquanto desfruta dos benef\u00edcios de um <strong>vape descart\u00e1vel de baixo teor de nicotina<\/strong>.<\/p>\n<p>Seja um retalhista ou esteja \u00e0 procura de compras a granel, o <strong>VOPK ULTRA 40000<\/strong> destaca-se no <strong>vape por atacado<\/strong> mercado como a combina\u00e7\u00e3o perfeita de durabilidade, inova\u00e7\u00e3o e acessibilidade. Eleve a sua experi\u00eancia de vaping com um dispositivo concebido para durar e oferecer o dobro do sabor, tudo enquanto o mant\u00e9m informado com o seu inteligente <strong>ecr\u00e3 digital<\/strong>.<\/p>\n<p>Fa\u00e7a a mudan\u00e7a para o <strong>VOPK ULTRA 40.000 Puffs<\/strong> e desfrute do melhor do vaping moderno com estilo e conveni\u00eancia!<\/p>\n<p>&nbsp;<\/p>\n<p><strong>Adicione o WhatsApp da Amy para uma resposta r\u00e1pida e cup\u00e3o de vape!<\/strong><\/p>\n<p><img fetchpriority=\"high\" decoding=\"async\" class=\"size-full wp-image-2932\" src=\"https:\/\/vapestornado.com\/wp-content\/uploads\/2024\/12\/Vape-Wholesale.jpg\" alt=\"Vape Atacado\" width=\"229\" height=\"300\" \/><\/p>\n<h3><a href=\"https:\/\/wa.me\/8617776015835\" target=\"_blank\" rel=\"noopener\"><span style=\"color: #ff0000;\"><strong>WhatsApp: +86 17776015835<\/strong><\/span><\/a><\/h3>\n<p>&nbsp;<\/p>\n<h2><strong>VOPK ULTRA 40000 Puffs Caracter\u00edsticas do Produto<\/strong><\/h2>\n<p>Puffs: 40000 Puffs<br \/>\nCapacidade de E-L\u00edquido: 36 mL<br \/>\nNicotina: 2%\/5%<br \/>\nRecarreg\u00e1vel Tipo-C para carregamento r\u00e1pido<br \/>\nO visor LED inteligente mostra a dura\u00e7\u00e3o da bateria e os n\u00edveis de e-l\u00edquido<br \/>\nExperi\u00eancia de Sabor Duplo<br \/>\n10 sabores \u00e0 escolha<\/p>\n<h2 class=\"product-title\"><strong>Lista de Sabores VOPK ULTRA 40000<\/strong><\/h2>\n<p>1. Morango Melancia\/ Kiwi Maracuj\u00e1 Goiaba<br \/>\n2. Mirtilo Framboesa \/P\u00eassego Manga Melancia<br \/>\n3. Urso de Gomas Blue Razz\/Kiwi Morango<br \/>\n4. Blue Razz Cherry\/Morango Framboesa<br \/>\n5. Lim\u00e3o Efervescente<br \/>\n6. Gelo de Melancia\/Gelo de Blue Razz<br \/>\n7. Blue Razz Anan\u00e1s\/Manga Tripla<br \/>\n8. Explos\u00e3o de Uva e Frutos Silvestres\/Pera Ma\u00e7\u00e3 Framboesa<br \/>\n9. Morango Arando Cereja\/Anan\u00e1s Maracuj\u00e1 Lima<br \/>\n10. Mirtilo Morango Mentol\/Mirtilo Framboesa Mentol<\/p>\n<p>&nbsp;<\/p>\n<h2>Por que escolher a vapestornado para Venda por Grosso de VOPK 40k Vape?<\/h2>\n<div class=\"flex-shrink-0 flex flex-col relative items-end\">\n<div class=\"pt-0\">\n<div class=\"gizmo-bot-avatar flex h-8 w-8 items-center justify-center overflow-hidden rounded-full\">\n<div class=\"relative p-1 rounded-sm flex items-center justify-center bg-token-main-surface-primary text-token-text-primary h-8 w-8\">\n<p>Bem-vindo \u00e0 vapestornado, a sua loja online de vapes de confian\u00e7a para vapes descart\u00e1veis premium. Com mais de 5 anos de experi\u00eancia, trazemos-lhe marcas populares de vapes descart\u00e1veis, como Fumot RandM Vape, Vapme, Bang Vape, Waspe Vape e WGA Vape, etc.<\/p>\n<p>A nossa gama inclui vapes de venda quente como o <a href=\"https:\/\/vapestornado.com\/pt\/product\/fumot-randm-tornado-15000-puffs-rechargeable-disposable-vape-wholesale\/\">RandM Tornado 15000<\/a>, e op\u00e7\u00f5es ricas em sabor como o <a href=\"https:\/\/vapestornado.com\/pt\/product\/waspe-40000-puffs-double-flavour-led-display-disposable-vape-wholesale\/\">WASPE Sabor Duplo 40000 Puffs<\/a> . Cada produto \u00e9 escolhido com foco na qualidade, valor e variedade, garantindo que encontra a combina\u00e7\u00e3o perfeita para as suas necessidades. Descubra um servi\u00e7o excecional e uma vasta gama de produtos de topo na vapestornado.<\/p>\n<\/div>\n<h3><\/h3>\n<div class=\"relative p-1 rounded-sm flex items-center justify-center bg-token-main-surface-primary text-token-text-primary h-8 w-8\">\n<h2>FAQs para VOPK 40k Vape Descart\u00e1vel Recarreg\u00e1vel<\/h2>\n<\/div>\n<\/div>\n<\/div>\n<\/div>\n<div class=\"group\/conversation-turn relative flex w-full min-w-0 flex-col agent-turn\">\n<div class=\"flex-col gap-1 md:gap-3\">\n<div class=\"flex max-w-full flex-col flex-grow\">\n<div class=\"min-h-8 text-message flex w-full flex-col items-end gap-2 whitespace-normal break-words [.text-message+&amp;]:mt-5\" dir=\"auto\" data-message-author-role=\"assistant\" data-message-id=\"db716a1c-9ed0-4b8d-b3b0-7bdb913c3d42\" data-message-model-slug=\"gpt-4o\">\n<div class=\"flex w-full flex-col gap-1 empty:hidden first:pt-[3px]\">\n<div class=\"markdown prose w-full break-words dark:prose-invert light\">\n<p>&nbsp;<\/p>\n<p><strong>1. Onde comprar VOPK 40000 Puffs vape descart\u00e1vel a pre\u00e7o de grosso na Alemanha<\/strong><br \/>\nPode adquirir o <strong>VOPK 40000 Puffs vape descart\u00e1vel<\/strong> a pre\u00e7os de grosso atrav\u00e9s de <strong>vape por atacado<\/strong> plataformas online que atendem a Alemanha.<\/p>\n<p><strong>2. Quantos puffs o VOPK Ultra 40k Puffs oferece?<\/strong><br \/>\nO <strong>VOPK Ultra 40k Puffs vape descart\u00e1vel<\/strong> oferece at\u00e9 <strong>40.000 puffs<\/strong>, tornando-o um dos dispositivos mais duradouros dispon\u00edveis.<\/p>\n<p><strong>3. Quanto tempo dura a popular caixa de vape descart\u00e1vel VOPK 40000 puffs Ultra?<\/strong><br \/>\nA dura\u00e7\u00e3o do <strong>VOPK Ultra 40000<\/strong> depende dos h\u00e1bitos de uso, mas com a sua enorme <strong>capacidade de 36ml de e-l\u00edquido<\/strong> e bateria recarreg\u00e1vel, foi concebido para durar significativamente mais tempo do que a maioria dos vapes descart\u00e1veis.<\/p>\n<p><strong>4. Quais s\u00e3o os sabores populares para a caixa digital VOPK 40000 Puffs?<\/strong><br \/>\nO <strong>VOPK 40k Puffs<\/strong> oferece 10 sabores emocionantes, com o seu <strong>sabor duplo<\/strong> sistema que permite aos utilizadores desfrutar de dois sabores num s\u00f3 dispositivo. Os sabores populares variam consoante as prefer\u00eancias, mas as combina\u00e7\u00f5es de frutos e mentol s\u00e3o particularmente favorecidas.<\/p>\n<p><strong>5. Quanto tempo demora a carregar um VOPK 40k Puffs Spaceman Disposable Vapes?<\/strong><br \/>\nO <strong>VOPK Ultra 40k Puffs<\/strong> usa um\/uma <strong>Bateria recarreg\u00e1vel Tipo-C<\/strong>, que normalmente demora cerca de <strong>1-2 horas<\/strong> para carregar totalmente, dependendo da fonte de alimenta\u00e7\u00e3o.<\/p>\n<p><strong>6. Quanta nicotina existe num VOPK 40k Digital screen box Disposable Vapes?<\/strong><br \/>\nO <strong>VOPK Ultra 40000<\/strong> est\u00e1 dispon\u00edvel em <strong>2% (20mg)<\/strong> or <strong>5% (50mg)<\/strong> de concentra\u00e7\u00e3o de nicotina, atendendo a diferentes prefer\u00eancias de nicotina.<\/p>\n<\/div>\n<\/div>\n<\/div>\n<\/div>\n<\/div>\n<\/div>","protected":false},"excerpt":{"rendered":"<p>VOPK 40000 Puffs 2 em 1 Vape Descart\u00e1vel Sabor Duplo 40K Atacado<br \/>\nVOPK Sabor Duplo 40000 Puffs Vape Descart\u00e1vel Recarreg\u00e1vel<br \/>\nVOPK 40000 Puffs Sabor Duplo com Ecr\u00e3 LED<\/p>\n<p><strong>Adicione o whatsapp da Amy para obter a resposta certa e cup\u00e3o de vape!<\/strong><\/p>\n<p><img fetchpriority=\"high\" decoding=\"async\" class=\"size-full wp-image-2932\" src=\"https:\/\/vapestornado.com\/wp-content\/uploads\/2024\/12\/Vape-Wholesale.jpg\" alt=\"Vape Atacado\" width=\"229\" height=\"300\" \/><\/p>","protected":false},"featured_media":2973,"comment_status":"open","ping_status":"closed","template":"","meta":{"_acf_changed":false,"_uag_custom_page_level_css":"","_lmt_disableupdate":"no","_lmt_disable":"","_monsterinsights_skip_tracking":false,"_monsterinsights_sitenote_active":false,"_monsterinsights_sitenote_note":"","_monsterinsights_sitenote_category":0,"site-sidebar-layout":"default","site-content-layout":"","ast-site-content-layout":"default","site-content-style":"default","site-sidebar-style":"default","ast-global-header-display":"","ast-banner-title-visibility":"","ast-main-header-display":"","ast-hfb-above-header-display":"","ast-hfb-below-header-display":"","ast-hfb-mobile-header-display":"","site-post-title":"","ast-breadcrumbs-content":"","ast-featured-img":"","footer-sml-layout":"","ast-disable-related-posts":"","theme-transparent-header-meta":"default","adv-header-id-meta":"","stick-header-meta":"","header-above-stick-meta":"","header-main-stick-meta":"","header-below-stick-meta":"","astra-migrate-meta-layouts":"set","ast-page-background-enabled":"default","ast-page-background-meta":{"desktop":{"background-color":"","background-image":"","background-repeat":"repeat","background-position":"center center","background-size":"auto","background-attachment":"scroll","background-type":"","background-media":"","overlay-type":"","overlay-color":"","overlay-opacity":"","overlay-gradient":""},"tablet":{"background-color":"","background-image":"","background-repeat":"repeat","background-position":"center center","background-size":"auto","background-attachment":"scroll","background-type":"","background-media":"","overlay-type":"","overlay-color":"","overlay-opacity":"","overlay-gradient":""},"mobile":{"background-color":"","background-image":"","background-repeat":"repeat","background-position":"center center","background-size":"auto","background-attachment":"scroll","background-type":"","background-media":"","overlay-type":"","overlay-color":"","overlay-opacity":"","overlay-gradient":""}},"ast-content-background-meta":{"desktop":{"background-color":"var(--ast-global-color-5)","background-image":"","background-repeat":"repeat","background-position":"center center","background-size":"auto","background-attachment":"scroll","background-type":"","background-media":"","overlay-type":"","overlay-color":"","overlay-opacity":"","overlay-gradient":""},"tablet":{"background-color":"var(--ast-global-color-5)","background-image":"","background-repeat":"repeat","background-position":"center center","background-size":"auto","background-attachment":"scroll","background-type":"","background-media":"","overlay-type":"","overlay-color":"","overlay-opacity":"","overlay-gradient":""},"mobile":{"background-color":"var(--ast-global-color-5)","background-image":"","background-repeat":"repeat","background-position":"center center","background-size":"auto","background-attachment":"scroll","background-type":"","background-media":"","overlay-type":"","overlay-color":"","overlay-opacity":"","overlay-gradient":""}},"_joinchat":{"telephone":"+8617776015835"}},"product_brand":[],"product_cat":[65,140,153,157,158,142,144,290],"product_tag":[94,95,93,96,92],"class_list":{"0":"post-2974","1":"product","2":"type-product","3":"status-publish","4":"has-post-thumbnail","6":"product_cat-40000-puff","7":"product_cat-big-puffs-disposable-vapes","8":"product_cat-buy-disposable-vapes-in-italy","9":"product_cat-buy-disposable-vapes-in-portugal","10":"product_cat-buy-disposable-vapes-in-spain","11":"product_cat-digital-box-disposable-vapes","12":"product_cat-low-nicotine-disposable-vapes","13":"product_cat-vopk-vape","14":"product_tag-rechargeable-disposable-vape","15":"product_tag-spaceman-disposable-vape","16":"product_tag-vape-wholesale","17":"product_tag-vopk-40000","18":"product_tag-vopk-vape","19":"desktop-align-left","20":"tablet-align-left","21":"mobile-align-left","23":"first","24":"instock","25":"sale","26":"shipping-taxable","27":"purchasable","28":"product-type-simple"},"acf":[],"uagb_featured_image_src":{"full":["https:\/\/vapestornado.com\/wp-content\/uploads\/2024\/12\/VOPK-ULTRA-40000-Disposable-Vape.jpg",1126,1126,false],"thumbnail":["https:\/\/vapestornado.com\/wp-content\/uploads\/2024\/12\/VOPK-ULTRA-40000-Disposable-Vape-150x150.jpg",150,150,true],"medium":["https:\/\/vapestornado.com\/wp-content\/uploads\/2024\/12\/VOPK-ULTRA-40000-Disposable-Vape-300x300.jpg",300,300,true],"medium_large":["https:\/\/vapestornado.com\/wp-content\/uploads\/2024\/12\/VOPK-ULTRA-40000-Disposable-Vape-768x768.jpg",768,768,true],"large":["https:\/\/vapestornado.com\/wp-content\/uploads\/2024\/12\/VOPK-ULTRA-40000-Disposable-Vape-1024x1024.jpg",1024,1024,true],"1536x1536":["https:\/\/vapestornado.com\/wp-content\/uploads\/2024\/12\/VOPK-ULTRA-40000-Disposable-Vape.jpg",1126,1126,false],"2048x2048":["https:\/\/vapestornado.com\/wp-content\/uploads\/2024\/12\/VOPK-ULTRA-40000-Disposable-Vape.jpg",1126,1126,false],"trp-custom-language-flag":["https:\/\/vapestornado.com\/wp-content\/uploads\/2024\/12\/VOPK-ULTRA-40000-Disposable-Vape.jpg",12,12,false],"woocommerce_thumbnail":["https:\/\/vapestornado.com\/wp-content\/uploads\/2024\/12\/VOPK-ULTRA-40000-Disposable-Vape-300x300.jpg",300,300,true],"woocommerce_single":["https:\/\/vapestornado.com\/wp-content\/uploads\/2024\/12\/VOPK-ULTRA-40000-Disposable-Vape-600x600.jpg",600,600,true],"woocommerce_gallery_thumbnail":["https:\/\/vapestornado.com\/wp-content\/uploads\/2024\/12\/VOPK-ULTRA-40000-Disposable-Vape-100x100.jpg",100,100,true]},"uagb_author_info":{"display_name":"ESAMY","author_link":"https:\/\/vapestornado.com\/pt\/author\/"},"uagb_comment_info":0,"uagb_excerpt":"VOPK 40000 Puffs 2 in 1 Disposable Vape Dual Taste 40K Wholesale VOPK Double Flavor 40000 Puffs Rechargeable Disposable Vape VOPK 40000 Puffs Double Flavor with LED Display Add Amy's whatsapp to get right reply and vape vape coupon!","_links":{"self":[{"href":"https:\/\/vapestornado.com\/pt\/wp-json\/wp\/v2\/product\/2974","targetHints":{"allow":["GET"]}}],"collection":[{"href":"https:\/\/vapestornado.com\/pt\/wp-json\/wp\/v2\/product"}],"about":[{"href":"https:\/\/vapestornado.com\/pt\/wp-json\/wp\/v2\/types\/product"}],"replies":[{"embeddable":true,"href":"https:\/\/vapestornado.com\/pt\/wp-json\/wp\/v2\/comments?post=2974"}],"wp:featuredmedia":[{"embeddable":true,"href":"https:\/\/vapestornado.com\/pt\/wp-json\/wp\/v2\/media\/2973"}],"wp:attachment":[{"href":"https:\/\/vapestornado.com\/pt\/wp-json\/wp\/v2\/media?parent=2974"}],"wp:term":[{"taxonomy":"product_brand","embeddable":true,"href":"https:\/\/vapestornado.com\/pt\/wp-json\/wp\/v2\/product_brand?post=2974"},{"taxonomy":"product_cat","embeddable":true,"href":"https:\/\/vapestornado.com\/pt\/wp-json\/wp\/v2\/product_cat?post=2974"},{"taxonomy":"product_tag","embeddable":true,"href":"https:\/\/vapestornado.com\/pt\/wp-json\/wp\/v2\/product_tag?post=2974"}],"curies":[{"name":"wp","href":"https:\/\/api.w.org\/{rel}","templated":true}]}}