{"id":2958,"date":"2024-12-05T08:16:37","date_gmt":"2024-12-05T08:16:37","guid":{"rendered":"https:\/\/vapestornado.com\/?post_type=product&#038;p=2958"},"modified":"2025-08-23T10:27:04","modified_gmt":"2025-08-23T10:27:04","slug":"randm-vape-tornado-15k-puffs-disposable-vapes-wholesale-price-2-5-nicotine","status":"publish","type":"product","link":"https:\/\/vapestornado.com\/pt\/product\/randm-vape-tornado-15k-puffs-disposable-vapes-wholesale-price-2-5-nicotine\/","title":{"rendered":"Randm Vape Tornado 15k Puffs Vapes Descart\u00e1veis Pre\u00e7o por Atacado 2% 5% Nicotina"},"content":{"rendered":"<h1>Randm Vape Tornado 15k Puffs Vapes Descart\u00e1veis Pre\u00e7o por Atacado 2% 5% Nicotina<\/h1>\n<p>&nbsp;<\/p>\n<p data-start=\"206\" data-end=\"513\">O <strong data-start=\"210\" data-end=\"247\">RandM Tornado 15K Descart\u00e1vel Vape<\/strong> \u00e9 constru\u00eddo para fornecer aos retalhistas e distribuidores uma op\u00e7\u00e3o fi\u00e1vel de alto volume para as suas prateleiras. Cada unidade vem pr\u00e9-cheia com <strong data-start=\"383\" data-end=\"403\">25ml de e-l\u00edquido<\/strong> e \u00e9 alimentada por uma <strong data-start=\"425\" data-end=\"456\">bateria recarreg\u00e1vel de 850mAh<\/strong>, oferecendo at\u00e9 <strong data-start=\"473\" data-end=\"489\">15.000 puffs<\/strong> sem interrup\u00e7\u00e3o.<\/p>\n<p data-start=\"515\" data-end=\"845\">Projetado com um <strong data-start=\"533\" data-end=\"553\">sistema de bobina de malha<\/strong>, o dispositivo oferece uma produ\u00e7\u00e3o de vapor est\u00e1vel e um sabor encorpado. Os utilizadores podem monitorizar facilmente o desempenho atrav\u00e9s dos <strong data-start=\"672\" data-end=\"691\">indicadores duplos<\/strong> para os n\u00edveis de bateria e de l\u00edquido. O seu <strong data-start=\"732\" data-end=\"767\">mecanismo de disparo ativado por tra\u00e7\u00e3o<\/strong> garante uma utiliza\u00e7\u00e3o simples, sem bot\u00f5es, tornando-o adequado para clientes do dia a dia.<\/p>\n<p data-start=\"847\" data-end=\"1119\">O <strong data-start=\"851\" data-end=\"875\">carregamento r\u00e1pido Tipo-C<\/strong> A porta reduz o tempo de inatividade entre sess\u00f5es, e a leve <strong data-start=\"936\" data-end=\"950\">estrutura de 103g<\/strong> torna-o f\u00e1cil de transportar em viagem. Com <strong data-start=\"990\" data-end=\"1022\">Concentra\u00e7\u00f5es de nicotina 2% e 5%<\/strong>, o <strong data-start=\"1028\" data-end=\"1041\">RandM 15K<\/strong> acomoda tanto utilizadores mais leves como aqueles que preferem um impacto mais forte na garganta.<\/p>\n<p data-start=\"1121\" data-end=\"1311\">Concebido a pensar na venda por grosso, o <strong data-start=\"1158\" data-end=\"1193\">RandM Tornado 15.000 Puffs Vape<\/strong> equilibra capacidade, usabilidade e pre\u00e7os competitivos a granel, tornando-o uma adi\u00e7\u00e3o inteligente aos invent\u00e1rios europeus de vape.<\/p>\n<p><img fetchpriority=\"high\" decoding=\"async\" class=\"size-medium wp-image-2951\" src=\"https:\/\/vapestornado.com\/wp-content\/uploads\/2024\/12\/Wholesale-Disposable-Vape-265x300.jpg\" alt=\"Vape Descart\u00e1vel por Grosso\" width=\"265\" height=\"300\" srcset=\"https:\/\/vapestornado.com\/wp-content\/uploads\/2024\/12\/Wholesale-Disposable-Vape-265x300.jpg 265w, https:\/\/vapestornado.com\/wp-content\/uploads\/2024\/12\/Wholesale-Disposable-Vape-768x871.jpg 768w, https:\/\/vapestornado.com\/wp-content\/uploads\/2024\/12\/Wholesale-Disposable-Vape-600x680.jpg 600w, https:\/\/vapestornado.com\/wp-content\/uploads\/2024\/12\/Wholesale-Disposable-Vape.jpg 823w\" sizes=\"(max-width: 265px) 100vw, 265px\" \/><\/p>\n<h6>Por favor, contacte o WhatsApp da Mandy para pre\u00e7o com desconto<a href=\"https:\/\/wa.me\/8618077105796\" target=\"_blank\" rel=\"noopener\">+8618077105796<\/a><\/h6>\n<p>&nbsp;<\/p>\n<h2><strong>RandM Tornado Vape 15000 Puffs \u2013 Destaques do Produto<\/strong><\/h2>\n<ul>\n<li><strong>Uso Prolongado<\/strong>: Oferece impressionantes 15.000 puffs, garantindo um desempenho duradouro para utilizadores frequentes.<\/li>\n<li><strong>Indicadores Inteligentes<\/strong>: Equipado com indicadores de n\u00edvel de bateria e e-l\u00edquido, fornecendo atualiza\u00e7\u00f5es em tempo real para evitar interrup\u00e7\u00f5es inesperadas.<\/li>\n<li><strong>Opera\u00e7\u00e3o Sem Esfor\u00e7o<\/strong>: Ativado por uma simples inala\u00e7\u00e3o, eliminando a necessidade de bot\u00f5es e oferecendo uma experi\u00eancia de vaping sem complica\u00e7\u00f5es.<\/li>\n<li><strong>Recarregamento F\u00e1cil<\/strong>: Alimentado por uma bateria recarreg\u00e1vel de 850mAh com uma porta de carregamento Type-C para recarregamento r\u00e1pido e eficiente.<\/li>\n<li><strong>Sistema de Bobina Superior<\/strong>: Apresenta tecnologia avan\u00e7ada de bobina de malha para sabores consistentes e ricos e nuvens de vapor espessas.<\/li>\n<li><strong>Pronto para Atacado<\/strong>: Embalagem a granel de 200 unidades por caixa atende a grossistas e distribuidores de retalho.<\/li>\n<li><strong>Constru\u00e7\u00e3o Port\u00e1til<\/strong>: Pesando apenas 103g, este design leve \u00e9 perfeito para estilos de vida em movimento.<\/li>\n<\/ul>\n<p>&nbsp;<\/p>\n<h2><strong>Descri\u00e7\u00f5es Detalhadas dos Sabores do RandM Tornado 15000 Puff<\/strong><\/h2>\n<p>1. Limonada de Framboesa Azul<br \/>\n2. Gelo de P\u00eassego<br \/>\n3. Ma\u00e7\u00e3 Azeda<br \/>\n4. Gelo de Melancia<br \/>\n5. Mirtilo com Gelo<br \/>\n6. Framboesa de Mirtilo<br \/>\n7. Gelo de Anan\u00e1s<br \/>\n8. Cereja<br \/>\n9. Morango Gelado<br \/>\n10. Vimto<br \/>\n11. Gelo de Uva<br \/>\n12. Gelo de Cola<br \/>\n13. Melancia Morango<br \/>\n14. Limonada Rosa<br \/>\n15. Frutos Silvestres Mistos<br \/>\n16. P\u00eassego Manga<br \/>\n17. Fruta do Drag\u00e3o<br \/>\n18. Morango Uva<br \/>\n19. Sr. Azul<br \/>\n20. Gelo Exuberante<br \/>\n21. Gelado de Gelo<br \/>\n22. Morango Kiwi<br \/>\n23. Kiwi Maracuj\u00e1 Goiaba<br \/>\n24. Frutos Silvestres Triplos<br \/>\n25. Banana Gelada<br \/>\n26. Rebu\u00e7ado de P\u00eassego e Mirtilo<br \/>\n27. Ma\u00e7\u00e3 P\u00eassego Pera<br \/>\n28. Limonada de Frutos Silvestres<br \/>\n29. Cereja Framboesa Azul<br \/>\n30. Pastilha El\u00e1stica de Mirtilo<br \/>\n31. Mirtilo Cereja Arando<br \/>\n32. Mirtilo Rom\u00e3<br \/>\n33. Framboesa Azeda Azul<br \/>\n34. Coca-Cola de Cereja<br \/>\n35. Urso de Goma<br \/>\n36. Lim\u00e3o<br \/>\n37. Manga com Gelo<br \/>\n38. Gelo de Energia Vermelha<br \/>\n39. Morango Banana<br \/>\n40. Red Bull de Morango<br \/>\n41. Limonada de Morango Melancia<br \/>\n42. Ch\u00e1 Gelado Lim\u00e3o Gelo<br \/>\n43. Ch\u00e1 Gelado P\u00eassego Gelo<br \/>\n44. Cereja Efervescente<br \/>\n45. Skittles<\/p>\n<h3><strong>Por que escolher RandM Tornado 15000 Puffs?<\/strong><\/h3>\n<ul>\n<li><strong>Longevidade Incompar\u00e1vel<\/strong><br \/>\nDesfrute de at\u00e9 15.000 puffs por dispositivo, garantindo um uso prolongado sem substitui\u00e7\u00f5es frequentes \u2013 uma escolha perfeita para vapers consistentes.<\/li>\n<li><strong>Tecnologia Avan\u00e7ada<\/strong><br \/>\nApresentando a tecnologia de bobina de malha, o RandM Tornado oferece perfis de sabor superiores e nuvens de vapor densas, aprimorando sua experi\u00eancia de vaping.<\/li>\n<li><strong>Conveni\u00eancia Redefinida<\/strong><br \/>\nCom um sistema de ativa\u00e7\u00e3o autom\u00e1tica, vaporizar \u00e9 t\u00e3o simples como inalar\u2014sem bot\u00f5es, sem complica\u00e7\u00f5es, apenas prazer sem esfor\u00e7o.<\/li>\n<li><strong>Bateria Recarreg\u00e1vel<\/strong><br \/>\nA bateria recarreg\u00e1vel de 850mAh, juntamente com uma porta de carregamento Tipo-C, proporciona recargas r\u00e1pidas, mantendo-o pronto para vaporizar a qualquer momento.<\/li>\n<li><strong>Monitoriza\u00e7\u00e3o em Tempo Real<\/strong><br \/>\nEquipado com indicadores de bateria e de e-l\u00edquido, pode manter-se informado sobre o estado do seu dispositivo, evitando interrup\u00e7\u00f5es inesperadas.<\/li>\n<\/ul>\n<h3><strong>Comprar RandM Tornado 15000 Puffs a Granel<\/strong><\/h3>\n<p><strong>Excel\u00eancia Acess\u00edvel<\/strong><br \/>\nComprar o RandM Tornado 15000 Puffs a granel \u00e9 uma forma econ\u00f3mica de desfrutar de vaporiza\u00e7\u00e3o de qualidade premium a um pre\u00e7o mais baixo por unidade. Esta op\u00e7\u00e3o \u00e9 ideal para retalhistas e compradores individuais que procuram o m\u00e1ximo valor sem comprometer a qualidade.<\/p>\n<p><strong>Disponibilidade Consistente<\/strong><br \/>\nCertifique-se de que nunca fica sem o seu vape descart\u00e1vel favorito com compras a granel. Quer seja um retalhista ou um \u00e1vido vaper, ter um fornecimento constante destes dispositivos de longa dura\u00e7\u00e3o garante uma satisfa\u00e7\u00e3o ininterrupta.<\/p>\n<p><strong>Perfeito para Empresas<\/strong><br \/>\nOs retalhistas e propriet\u00e1rios de lojas de vape podem beneficiar muito ao armazenar o RandM Tornado 15000. A sua reputa\u00e7\u00e3o de alto desempenho, funcionalidade recarreg\u00e1vel e impressionante contagem de puffs torna-o um produto de topo de vendas, atraindo uma vasta base de clientes.<\/p>\n<p><strong>Sele\u00e7\u00e3o de Sabores Personaliz\u00e1vel<\/strong><br \/>\nCom uma vasta gama de sabores, desde doces e frutados a cl\u00e1ssicos e mentolados, as encomendas a granel podem ser adaptadas para incluir diversas op\u00e7\u00f5es que atendam a v\u00e1rias prefer\u00eancias. Esta flexibilidade garante que cada cliente encontra a sua experi\u00eancia de vaporiza\u00e7\u00e3o ideal.<\/p>\n<h3><\/h3>\n<h3><strong>Porqu\u00ea Escolher Compras a Granel Vapestornado Vape Randm 15k puff?<\/strong><\/h3>\n<ul>\n<li><strong>Benef\u00edcios de Venda por Grosso<\/strong>: Encomendas grandes v\u00eam com pre\u00e7os com desconto, tornando-o uma escolha inteligente para empresas.<\/li>\n<li><strong>Design Ecol\u00f3gico<\/strong>: A tecnologia recarreg\u00e1vel reduz o desperd\u00edcio em compara\u00e7\u00e3o com dispositivos de utiliza\u00e7\u00e3o \u00fanica.<\/li>\n<li><strong>Margens de Lucro Aumentadas<\/strong>: Os retalhistas podem capitalizar a popularidade deste produto de alta procura.<\/li>\n<\/ul>\n<h3><strong>Explore o Mundo da RandM Vape<\/strong><\/h3>\n<p>Mergulhe numa extensa sele\u00e7\u00e3o de sabores emocionantes como <strong>Blueberry Ice (Mirtilo Gelo)<\/strong>, <strong>Mango Peach (Manga P\u00eassego)<\/strong>, <strong>Menta Fresca<\/strong>, e muito mais. Cada sabor \u00e9 criado para proporcionar um sabor \u00fanico e consistente, garantindo que cada vaporiza\u00e7\u00e3o seja t\u00e3o agrad\u00e1vel quanto a primeira. Descubra o m\u00e1ximo em satisfa\u00e7\u00e3o de vaporiza\u00e7\u00e3o com o RandM Tornado 15000 Puffs. Op\u00e7\u00f5es de compra em massa j\u00e1 est\u00e3o dispon\u00edveis em <a href=\"https:\/\/vapestornado.com\/pt\/\"><strong>vapestornado<\/strong><\/a>, a sua fonte confi\u00e1vel de vapes descart\u00e1veis premium. Compre hoje e leve a sua jornada de vaporiza\u00e7\u00e3o para o pr\u00f3ximo n\u00edvel!<\/p>","protected":false},"excerpt":{"rendered":"<p>O <strong data-start=\"1355\" data-end=\"1381\">Vape RandM Tornado 15K<\/strong> oferece 25ml de capacidade, 15.000 puffs e indicadores duplos. Uma op\u00e7\u00e3o leve e recarreg\u00e1vel, feita \u00e0 medida para <strong data-start=\"1487\" data-end=\"1523\">mercados grossistas de vaporizadores na Europa<\/strong>.<\/p>\n<figure id=\"attachment_2951\" aria-describedby=\"caption-attachment-2951\" style=\"width: 265px\" class=\"wp-caption alignnone\"><img fetchpriority=\"high\" decoding=\"async\" class=\"size-medium wp-image-2951\" src=\"https:\/\/vapestornado.com\/wp-content\/uploads\/2024\/12\/Wholesale-Disposable-Vape-265x300.jpg\" alt=\"Vape Descart\u00e1vel por Grosso\" width=\"265\" height=\"300\" srcset=\"https:\/\/vapestornado.com\/wp-content\/uploads\/2024\/12\/Wholesale-Disposable-Vape-265x300.jpg 265w, https:\/\/vapestornado.com\/wp-content\/uploads\/2024\/12\/Wholesale-Disposable-Vape-768x871.jpg 768w, https:\/\/vapestornado.com\/wp-content\/uploads\/2024\/12\/Wholesale-Disposable-Vape-600x680.jpg 600w, https:\/\/vapestornado.com\/wp-content\/uploads\/2024\/12\/Wholesale-Disposable-Vape.jpg 823w\" sizes=\"(max-width: 265px) 100vw, 265px\" \/><figcaption id=\"caption-attachment-2951\" class=\"wp-caption-text\">Por favor, contacte o WhatsApp da Mandy para pre\u00e7o com desconto<a href=\"https:\/\/wa.me\/8618077105796\">+8618077105796<\/a><\/figcaption><\/figure>\n<p>&nbsp;<\/p>","protected":false},"featured_media":2933,"comment_status":"open","ping_status":"closed","template":"","meta":{"_acf_changed":false,"_uag_custom_page_level_css":"","_lmt_disableupdate":"no","_lmt_disable":"","_monsterinsights_skip_tracking":false,"_monsterinsights_sitenote_active":false,"_monsterinsights_sitenote_note":"","_monsterinsights_sitenote_category":0,"site-sidebar-layout":"default","site-content-layout":"","ast-site-content-layout":"default","site-content-style":"default","site-sidebar-style":"default","ast-global-header-display":"","ast-banner-title-visibility":"","ast-main-header-display":"","ast-hfb-above-header-display":"","ast-hfb-below-header-display":"","ast-hfb-mobile-header-display":"","site-post-title":"","ast-breadcrumbs-content":"","ast-featured-img":"","footer-sml-layout":"","ast-disable-related-posts":"","theme-transparent-header-meta":"default","adv-header-id-meta":"","stick-header-meta":"","header-above-stick-meta":"","header-main-stick-meta":"","header-below-stick-meta":"","astra-migrate-meta-layouts":"set","ast-page-background-enabled":"default","ast-page-background-meta":{"desktop":{"background-color":"","background-image":"","background-repeat":"repeat","background-position":"center center","background-size":"auto","background-attachment":"scroll","background-type":"","background-media":"","overlay-type":"","overlay-color":"","overlay-opacity":"","overlay-gradient":""},"tablet":{"background-color":"","background-image":"","background-repeat":"repeat","background-position":"center center","background-size":"auto","background-attachment":"scroll","background-type":"","background-media":"","overlay-type":"","overlay-color":"","overlay-opacity":"","overlay-gradient":""},"mobile":{"background-color":"","background-image":"","background-repeat":"repeat","background-position":"center center","background-size":"auto","background-attachment":"scroll","background-type":"","background-media":"","overlay-type":"","overlay-color":"","overlay-opacity":"","overlay-gradient":""}},"ast-content-background-meta":{"desktop":{"background-color":"var(--ast-global-color-5)","background-image":"","background-repeat":"repeat","background-position":"center center","background-size":"auto","background-attachment":"scroll","background-type":"","background-media":"","overlay-type":"","overlay-color":"","overlay-opacity":"","overlay-gradient":""},"tablet":{"background-color":"var(--ast-global-color-5)","background-image":"","background-repeat":"repeat","background-position":"center center","background-size":"auto","background-attachment":"scroll","background-type":"","background-media":"","overlay-type":"","overlay-color":"","overlay-opacity":"","overlay-gradient":""},"mobile":{"background-color":"var(--ast-global-color-5)","background-image":"","background-repeat":"repeat","background-position":"center center","background-size":"auto","background-attachment":"scroll","background-type":"","background-media":"","overlay-type":"","overlay-color":"","overlay-opacity":"","overlay-gradient":""}},"_joinchat":{"telephone":"+8618077105796"}},"product_brand":[],"product_cat":[71,154,157,58,148],"product_tag":[97,80],"class_list":{"0":"post-2958","1":"product","2":"type-product","3":"status-publish","4":"has-post-thumbnail","6":"product_cat-15000-puff","7":"product_cat-buy-disposable-vapes-in-netherlands","8":"product_cat-buy-disposable-vapes-in-portugal","9":"product_cat-fumot-vape","10":"product_cat-tornado-disposable-vapes","11":"product_tag-hot-sale-disposable-vape","12":"product_tag-randm-15k","13":"desktop-align-left","14":"tablet-align-left","15":"mobile-align-left","17":"first","18":"instock","19":"sale","20":"shipping-taxable","21":"purchasable","22":"product-type-simple"},"acf":[],"uagb_featured_image_src":{"full":["https:\/\/vapestornado.com\/wp-content\/uploads\/2024\/12\/Discount-Price-Randm-Vape-Tornado-15000-Puffs-Apple-Peach-Pear.jpg",800,800,false],"thumbnail":["https:\/\/vapestornado.com\/wp-content\/uploads\/2024\/12\/Discount-Price-Randm-Vape-Tornado-15000-Puffs-Apple-Peach-Pear-150x150.jpg",150,150,true],"medium":["https:\/\/vapestornado.com\/wp-content\/uploads\/2024\/12\/Discount-Price-Randm-Vape-Tornado-15000-Puffs-Apple-Peach-Pear-300x300.jpg",300,300,true],"medium_large":["https:\/\/vapestornado.com\/wp-content\/uploads\/2024\/12\/Discount-Price-Randm-Vape-Tornado-15000-Puffs-Apple-Peach-Pear-768x768.jpg",768,768,true],"large":["https:\/\/vapestornado.com\/wp-content\/uploads\/2024\/12\/Discount-Price-Randm-Vape-Tornado-15000-Puffs-Apple-Peach-Pear.jpg",800,800,false],"1536x1536":["https:\/\/vapestornado.com\/wp-content\/uploads\/2024\/12\/Discount-Price-Randm-Vape-Tornado-15000-Puffs-Apple-Peach-Pear.jpg",800,800,false],"2048x2048":["https:\/\/vapestornado.com\/wp-content\/uploads\/2024\/12\/Discount-Price-Randm-Vape-Tornado-15000-Puffs-Apple-Peach-Pear.jpg",800,800,false],"trp-custom-language-flag":["https:\/\/vapestornado.com\/wp-content\/uploads\/2024\/12\/Discount-Price-Randm-Vape-Tornado-15000-Puffs-Apple-Peach-Pear.jpg",12,12,false],"woocommerce_thumbnail":["https:\/\/vapestornado.com\/wp-content\/uploads\/2024\/12\/Discount-Price-Randm-Vape-Tornado-15000-Puffs-Apple-Peach-Pear-300x300.jpg",300,300,true],"woocommerce_single":["https:\/\/vapestornado.com\/wp-content\/uploads\/2024\/12\/Discount-Price-Randm-Vape-Tornado-15000-Puffs-Apple-Peach-Pear-600x600.jpg",600,600,true],"woocommerce_gallery_thumbnail":["https:\/\/vapestornado.com\/wp-content\/uploads\/2024\/12\/Discount-Price-Randm-Vape-Tornado-15000-Puffs-Apple-Peach-Pear-100x100.jpg",100,100,true]},"uagb_author_info":{"display_name":"ESMANDY","author_link":"https:\/\/vapestornado.com\/pt\/author\/"},"uagb_comment_info":0,"uagb_excerpt":"The RandM Tornado 15K Vape offers 25ml capacity, 15,000 puffs, and dual indicators. A lightweight, rechargeable option tailored for wholesale vape markets in Europe. [caption id=\"attachment_2951\" align=\"alignnone\" width=\"265\"] Pls Contact Mandy's WhatsApp For Discount Price+8618077105796[\/caption] &nbsp;","_links":{"self":[{"href":"https:\/\/vapestornado.com\/pt\/wp-json\/wp\/v2\/product\/2958","targetHints":{"allow":["GET"]}}],"collection":[{"href":"https:\/\/vapestornado.com\/pt\/wp-json\/wp\/v2\/product"}],"about":[{"href":"https:\/\/vapestornado.com\/pt\/wp-json\/wp\/v2\/types\/product"}],"replies":[{"embeddable":true,"href":"https:\/\/vapestornado.com\/pt\/wp-json\/wp\/v2\/comments?post=2958"}],"wp:featuredmedia":[{"embeddable":true,"href":"https:\/\/vapestornado.com\/pt\/wp-json\/wp\/v2\/media\/2933"}],"wp:attachment":[{"href":"https:\/\/vapestornado.com\/pt\/wp-json\/wp\/v2\/media?parent=2958"}],"wp:term":[{"taxonomy":"product_brand","embeddable":true,"href":"https:\/\/vapestornado.com\/pt\/wp-json\/wp\/v2\/product_brand?post=2958"},{"taxonomy":"product_cat","embeddable":true,"href":"https:\/\/vapestornado.com\/pt\/wp-json\/wp\/v2\/product_cat?post=2958"},{"taxonomy":"product_tag","embeddable":true,"href":"https:\/\/vapestornado.com\/pt\/wp-json\/wp\/v2\/product_tag?post=2958"}],"curies":[{"name":"wp","href":"https:\/\/api.w.org\/{rel}","templated":true}]}}