{"id":2922,"date":"2024-12-02T03:41:29","date_gmt":"2024-12-02T03:41:29","guid":{"rendered":"https:\/\/vapestornado.com\/?post_type=product&#038;p=2922"},"modified":"2025-10-31T09:41:30","modified_gmt":"2025-10-31T09:41:30","slug":"fumot-randm-tornado-15000-puffs-rechargeable-disposable-vape-wholesale","status":"publish","type":"product","link":"https:\/\/vapestornado.com\/pt\/product\/fumot-randm-tornado-15000-puffs-rechargeable-disposable-vape-wholesale\/","title":{"rendered":"Fumot RandM Tornado 15000 Puffs Cigarro eletr\u00f3nico Descart\u00e1vel Recarreg\u00e1vel Atacado"},"content":{"rendered":"<h1 class=\"product-title\">Fumot RandM Tornado 15000 Puffs Cigarro eletr\u00f3nico Descart\u00e1vel Recarreg\u00e1vel Atacado<\/h1>\n<p data-start=\"0\" data-end=\"528\">O <strong data-start=\"4\" data-end=\"55\">Fumot RandM Tornado 15000 Puffs Vape Descart\u00e1vel<\/strong> \u00e9 um potente <strong data-start=\"70\" data-end=\"82\">vaporizador 15K<\/strong> constru\u00eddo para desempenho, fiabilidade e valor. Cada <strong data-start=\"135\" data-end=\"158\">RandM Tornado 15000<\/strong> unidade oferece at\u00e9 <strong data-start=\"179\" data-end=\"195\">15.000 puffs<\/strong> com uma capacidade de e-l\u00edquido de <strong data-start=\"211\" data-end=\"235\">Dep\u00f3sito pr\u00e9-cheio de 22 ml<\/strong>, oferecendo uma longevidade excecional para retalhistas e grossistas que procuram stock de alta procura. Projetado com precis\u00e3o, este <strong data-start=\"355\" data-end=\"375\">vaporizador Tornado 15K<\/strong> proporciona produ\u00e7\u00e3o de vapor consistente e entrega de sabor rico, tornando-se um dos modelos mais populares <strong data-start=\"473\" data-end=\"495\">vaporizador tornado 15000<\/strong> no mercado europeu.<\/p>\n<p data-start=\"530\" data-end=\"866\">Equipado com um <strong data-start=\"547\" data-end=\"578\">bateria recarreg\u00e1vel de 850mAh<\/strong> e <strong data-start=\"583\" data-end=\"607\">carregamento r\u00e1pido Tipo-C<\/strong>, o dispositivo minimiza o tempo de inatividade enquanto mant\u00e9m uma sa\u00edda est\u00e1vel durante cada sess\u00e3o. O <strong data-start=\"700\" data-end=\"720\">sistema de bobina de malha<\/strong> melhora a intensidade do sabor e a suavidade do vapor, enquanto o <strong data-start=\"779\" data-end=\"797\">indicadores LED<\/strong> mant\u00e9m os utilizadores informados sobre o estado do l\u00edquido e da bateria \u00e0 primeira vista.<\/p>\n<p data-start=\"868\" data-end=\"1247\" data-is-last-node=\"\" data-is-only-node=\"\">Dispon\u00edvel em <strong data-start=\"881\" data-end=\"910\">op\u00e7\u00f5es de nicotina de 2% e 5%<\/strong> com mais de <strong data-start=\"926\" data-end=\"940\">45 sabores<\/strong>, o <strong data-start=\"946\" data-end=\"966\">fumot vaporizador 15000<\/strong> adequado tanto para utilizadores ocasionais como para vaporizadores intensivos. Compacto, elegante e f\u00e1cil de transportar, \u00e9 uma adi\u00e7\u00e3o perfeita a qualquer cat\u00e1logo grossista. Para distribuidores em toda a Europa, o <strong data-start=\"1132\" data-end=\"1166\">RandM Tornado 15000 Puffs Vape<\/strong> oferece desempenho de topo, diversidade de sabores e pre\u00e7os grossistas imbat\u00edveis.<\/p>\n<p>&nbsp;<\/p>\n<p><strong>Adicione o Whatsapp da Amy e obtenha uma resposta r\u00e1pida e um cup\u00e3o de vape!<\/strong><\/p>\n<p><img fetchpriority=\"high\" decoding=\"async\" class=\"size-full wp-image-2932\" src=\"https:\/\/vapestornado.com\/wp-content\/uploads\/2024\/12\/Vape-Wholesale.jpg\" alt=\"Vape Atacado\" width=\"229\" height=\"300\" \/><\/p>\n<h3><a href=\"https:\/\/wa.me\/8617776015835\" target=\"_blank\" rel=\"noopener\"><span style=\"color: #ff0000;\"><strong>WhatsApp: +86 17776015835<\/strong><\/span><\/a><\/h3>\n<p>&nbsp;<\/p>\n<h2><strong>Caracter\u00edsticas do Produto RandM Tornado 15000<\/strong><\/h2>\n<p>Vaporiza\u00e7\u00f5es: At\u00e9 15000 vaporiza\u00e7\u00f5es.<br \/>\nCapacidade da bateria: Bateria recarreg\u00e1vel de 850mAh<br \/>\nCarregamento r\u00e1pido: USB TyeC<br \/>\nIndicador LED de bateria e n\u00edvel de \u00f3leo.<br \/>\nBobina de malha<br \/>\n45 Sabores Dispon\u00edveis.<br \/>\nNicotina: 2% 5%<br \/>\nCompacto<\/p>\n<h2 class=\"product-title\"><strong>Lista de Sabores de Vape 15k RandM<\/strong><\/h2>\n<p>1. Limonada de Framboesa Azul<br \/>\n2. Gelo de P\u00eassego<br \/>\n3. Ma\u00e7\u00e3 Azeda<br \/>\n4. Gelo de Melancia<br \/>\n5. Mirtilo com Gelo<br \/>\n6. Framboesa de Mirtilo<br \/>\n7. Gelo de Anan\u00e1s<br \/>\n8. Cereja<br \/>\n9. Morango Gelado<br \/>\n10. Vimto<br \/>\n11. Gelo de Uva<br \/>\n12. Gelo de Cola<br \/>\n13. Melancia Morango<br \/>\n14. Limonada Rosa<br \/>\n15. Frutos Silvestres Mistos<br \/>\n16. P\u00eassego Manga<br \/>\n17. Fruta do Drag\u00e3o<br \/>\n18. Morango Uva<br \/>\n19. Sr. Azul<br \/>\n20. Gelo Exuberante<br \/>\n21. Gelado de Gelo<br \/>\n22. Morango Kiwi<br \/>\n23. Kiwi Maracuj\u00e1 Goiaba<br \/>\n24. Frutos Silvestres Triplos<br \/>\n25. Banana Gelada<br \/>\n26. Rebu\u00e7ado de P\u00eassego e Mirtilo<br \/>\n27. Ma\u00e7\u00e3 P\u00eassego Pera<br \/>\n28. Limonada de Frutos Silvestres<br \/>\n29. Cereja Framboesa Azul<br \/>\n30. Pastilha El\u00e1stica de Mirtilo<br \/>\n31. Mirtilo Cereja Arando<br \/>\n32. Mirtilo Rom\u00e3<br \/>\n33. Framboesa Azeda Azul<br \/>\n34. Coca-Cola de Cereja<br \/>\n35. Urso de Goma<br \/>\n36. Lim\u00e3o<br \/>\n37. Manga com Gelo<br \/>\n38. Gelo de Energia Vermelha<br \/>\n39. Morango Banana<br \/>\n40. Red Bull de Morango<br \/>\n41. Limonada de Morango Melancia<br \/>\n42. Ch\u00e1 Gelado Lim\u00e3o Gelo<br \/>\n43. Ch\u00e1 Gelado P\u00eassego Gelo<br \/>\n44. Cereja Efervescente<br \/>\n45. Skittles<\/p>\n<h3>Por que escolher a vapestornado para Fumot 15k Tornado Vape Atacado?<\/h3>\n<div class=\"flex-shrink-0 flex flex-col relative items-end\">\n<div class=\"pt-0\">\n<div class=\"gizmo-bot-avatar flex h-8 w-8 items-center justify-center overflow-hidden rounded-full\">\n<div class=\"relative p-1 rounded-sm flex items-center justify-center bg-token-main-surface-primary text-token-text-primary h-8 w-8\">\n<p>Bem-vindo \u00e0 vapestornado, a sua loja online de confian\u00e7a para vaporizadores descart\u00e1veis premium. Com mais de 5 anos de experi\u00eancia, trazemos marcas populares de vaporizadores descart\u00e1veis, como <a href=\"https:\/\/vapestornado.com\/pt\/product\/jnr-ragegorilla-55000-puffs-55k-vape-disposables-42ml-2-nicotine-wholesale-price\/\">JNR Vape<\/a>, Vapme, Bang Vape, Waspe Vape, e <a href=\"https:\/\/vapestornado.com\/pt\/product\/original-wga-ultra-35k-35000-puff-rechargeable-crystal-disposable-nicotine-vape-best-discount-price\/\">Vape WGA<\/a>, etc.<\/p>\n<p>A nossa gama inclui vapes de venda quente como o RandM Tornado 15000 e op\u00e7\u00f5es ricas em sabor como o WASPE Double Flavor 40000 Puffs. Cada produto \u00e9 escolhido com foco na qualidade, valor e variedade, garantindo que encontra a combina\u00e7\u00e3o perfeita para as suas necessidades. Descubra um servi\u00e7o excecional e uma vasta gama de produtos de topo na vapestornado.<\/p>\n<\/div>\n<h3><\/h3>\n<div class=\"relative p-1 rounded-sm flex items-center justify-center bg-token-main-surface-primary text-token-text-primary h-8 w-8\">\n<h3>Perguntas frequentes sobre o vape descart\u00e1vel RandM 15k<\/h3>\n<\/div>\n<\/div>\n<\/div>\n<\/div>\n<div class=\"flex-shrink-0 flex flex-col relative items-end\">\n<div class=\"pt-0\">\n<div class=\"gizmo-bot-avatar flex h-8 w-8 items-center justify-center overflow-hidden rounded-full\">\n<div class=\"relative p-1 rounded-sm flex items-center justify-center bg-token-main-surface-primary text-token-text-primary h-8 w-8\"><\/div>\n<\/div>\n<\/div>\n<\/div>\n<div class=\"group\/conversation-turn relative flex w-full min-w-0 flex-col agent-turn\">\n<div class=\"flex-col gap-1 md:gap-3\">\n<div class=\"flex max-w-full flex-col flex-grow\">\n<div class=\"min-h-8 text-message flex w-full flex-col items-end gap-2 whitespace-normal break-words [.text-message+&amp;]:mt-5\" dir=\"auto\" data-message-author-role=\"assistant\" data-message-id=\"db716a1c-9ed0-4b8d-b3b0-7bdb913c3d42\" data-message-model-slug=\"gpt-4o\">\n<div class=\"flex w-full flex-col gap-1 empty:hidden first:pt-[3px]\">\n<div class=\"markdown prose w-full break-words dark:prose-invert light\">\n<p><strong>Onde comprar o vape RandM Tornado 15000 a pre\u00e7o de grosso em Portugal<\/strong><br \/>\nPara comprar o vape RandM Tornado 15000 a pre\u00e7os de grosso em Portugal, entre em contacto com distribuidores grossistas de vape autorizados ou fornecedores online especializados em produtos RandM Vape. Certifique-se de que cumprem os regulamentos locais e oferecem produtos aut\u00eanticos.<\/p>\n<p><strong>Quantas Vaporiza\u00e7\u00f5es o Vape Fumot 15k Fornece?<\/strong><br \/>\nO Vape Fumot 15k oferece at\u00e9 15.000 vaporiza\u00e7\u00f5es, proporcionando uma longevidade excecional para sess\u00f5es de vaping prolongadas.<\/p>\n<p><strong>Quanto Tempo Dura a Popular Caneta de Vape Descart\u00e1vel RandM 15000?<\/strong><br \/>\nA dura\u00e7\u00e3o do RandM 15000 depende dos h\u00e1bitos do utilizador. Para vapers moderados, normalmente dura duas a tr\u00eas semanas, gra\u00e7as \u00e0 sua alta capacidade de puffs e design recarreg\u00e1vel.<\/p>\n<p><strong>Quais s\u00e3o os sabores populares para a caixa descart\u00e1vel Fumot 15k Puffs?<\/strong><br \/>\nOs sabores populares para o Fumot 15k incluem op\u00e7\u00f5es frutadas como Mango Ice, Strawberry Watermelon e Blueberry Raspberry, bem como misturas refrescantes de mentol e perfis inspirados em sobremesas.<\/p>\n<p><strong>Quanto tempo demora para carregar um vape recarreg\u00e1vel RandM 15k?<\/strong><br \/>\nCarregar um vape recarreg\u00e1vel RandM 15k leva aproximadamente 1-2 horas usando a sua porta de carregamento r\u00e1pido USB Type-C, garantindo uma restaura\u00e7\u00e3o de energia r\u00e1pida e eficiente.<\/p>\n<p><strong>Quanta nicotina existe num vape descart\u00e1vel RandM Tornado 15000 Puffs?<\/strong><br \/>\nO RandM Tornado 15000 oferece uma experi\u00eancia de nicotina personaliz\u00e1vel, com concentra\u00e7\u00f5es que variam at\u00e9 50mg, dependendo da variante, atendendo a diversas prefer\u00eancias do utilizador.<\/p>\n<\/div>\n<\/div>\n<\/div>\n<\/div>\n<\/div>\n<\/div>","protected":false},"excerpt":{"rendered":"<p>Melhores Sabores de RandM Tornado 15000 Puffs ao Melhor Pre\u00e7o<br \/>\nFumot RandM 15000 Puffs Vape Descart\u00e1vel por Grosso<br \/>\nRandM Tornado 15000 Vape Descart\u00e1vel Recarreg\u00e1vel Pre\u00e7o de Compra em Massa<\/p>\n<p><strong>Adicione o WhatsApp da Amy para uma resposta r\u00e1pida e cup\u00e3o de vape!<\/strong><\/p>\n<p><img fetchpriority=\"high\" decoding=\"async\" class=\"size-full wp-image-2932\" src=\"https:\/\/vapestornado.com\/wp-content\/uploads\/2024\/12\/Vape-Wholesale.jpg\" alt=\"Vape Atacado\" width=\"229\" height=\"300\" \/><\/p>\n<h3><a href=\"https:\/\/wa.me\/8617776015835\"><span style=\"color: #ff0000;\"><strong>WhatsApp: +86 17776015835<\/strong><\/span><\/a><\/h3>\n<p>&nbsp;<\/p>","protected":false},"featured_media":2929,"comment_status":"open","ping_status":"closed","template":"","meta":{"_acf_changed":false,"_uag_custom_page_level_css":"","_lmt_disableupdate":"no","_lmt_disable":"","_monsterinsights_skip_tracking":false,"_monsterinsights_sitenote_active":false,"_monsterinsights_sitenote_note":"","_monsterinsights_sitenote_category":0,"site-sidebar-layout":"default","site-content-layout":"","ast-site-content-layout":"default","site-content-style":"default","site-sidebar-style":"default","ast-global-header-display":"","ast-banner-title-visibility":"","ast-main-header-display":"","ast-hfb-above-header-display":"","ast-hfb-below-header-display":"","ast-hfb-mobile-header-display":"","site-post-title":"","ast-breadcrumbs-content":"","ast-featured-img":"","footer-sml-layout":"","ast-disable-related-posts":"","theme-transparent-header-meta":"default","adv-header-id-meta":"","stick-header-meta":"","header-above-stick-meta":"","header-main-stick-meta":"","header-below-stick-meta":"","astra-migrate-meta-layouts":"set","ast-page-background-enabled":"default","ast-page-background-meta":{"desktop":{"background-color":"","background-image":"","background-repeat":"repeat","background-position":"center center","background-size":"auto","background-attachment":"scroll","background-type":"","background-media":"","overlay-type":"","overlay-color":"","overlay-opacity":"","overlay-gradient":""},"tablet":{"background-color":"","background-image":"","background-repeat":"repeat","background-position":"center center","background-size":"auto","background-attachment":"scroll","background-type":"","background-media":"","overlay-type":"","overlay-color":"","overlay-opacity":"","overlay-gradient":""},"mobile":{"background-color":"","background-image":"","background-repeat":"repeat","background-position":"center center","background-size":"auto","background-attachment":"scroll","background-type":"","background-media":"","overlay-type":"","overlay-color":"","overlay-opacity":"","overlay-gradient":""}},"ast-content-background-meta":{"desktop":{"background-color":"var(--ast-global-color-5)","background-image":"","background-repeat":"repeat","background-position":"center center","background-size":"auto","background-attachment":"scroll","background-type":"","background-media":"","overlay-type":"","overlay-color":"","overlay-opacity":"","overlay-gradient":""},"tablet":{"background-color":"var(--ast-global-color-5)","background-image":"","background-repeat":"repeat","background-position":"center center","background-size":"auto","background-attachment":"scroll","background-type":"","background-media":"","overlay-type":"","overlay-color":"","overlay-opacity":"","overlay-gradient":""},"mobile":{"background-color":"var(--ast-global-color-5)","background-image":"","background-repeat":"repeat","background-position":"center center","background-size":"auto","background-attachment":"scroll","background-type":"","background-media":"","overlay-type":"","overlay-color":"","overlay-opacity":"","overlay-gradient":""}},"_joinchat":{"telephone":"+8617776015835"}},"product_brand":[],"product_cat":[71,140,149,150,152,157,58],"product_tag":[414,415,79,416,81,80,77,78,214],"class_list":{"0":"post-2922","1":"product","2":"type-product","3":"status-publish","4":"has-post-thumbnail","6":"product_cat-15000-puff","7":"product_cat-big-puffs-disposable-vapes","8":"product_cat-buy-disposable-vapes-in-austria","9":"product_cat-buy-disposable-vapes-in-belgium","10":"product_cat-buy-disposable-vapes-in-cermany","11":"product_cat-buy-disposable-vapes-in-portugal","12":"product_cat-fumot-vape","13":"product_tag-15k-tornado-vape","14":"product_tag-15k-vape","15":"product_tag-fumot-15k","16":"product_tag-fumot-vape-15000","17":"product_tag-randm-15000","18":"product_tag-randm-15k","19":"product_tag-randm-tornado-15000","20":"product_tag-randm-vape","21":"product_tag-tornado-vape-15000","22":"desktop-align-left","23":"tablet-align-left","24":"mobile-align-left","26":"first","27":"instock","28":"sale","29":"shipping-taxable","30":"purchasable","31":"product-type-simple"},"acf":[],"uagb_featured_image_src":{"full":["https:\/\/vapestornado.com\/wp-content\/uploads\/2024\/12\/RandM-15000-Tornado-Vape-Wholesale.jpg",1182,1182,false],"thumbnail":["https:\/\/vapestornado.com\/wp-content\/uploads\/2024\/12\/RandM-15000-Tornado-Vape-Wholesale-150x150.jpg",150,150,true],"medium":["https:\/\/vapestornado.com\/wp-content\/uploads\/2024\/12\/RandM-15000-Tornado-Vape-Wholesale-300x300.jpg",300,300,true],"medium_large":["https:\/\/vapestornado.com\/wp-content\/uploads\/2024\/12\/RandM-15000-Tornado-Vape-Wholesale-768x768.jpg",768,768,true],"large":["https:\/\/vapestornado.com\/wp-content\/uploads\/2024\/12\/RandM-15000-Tornado-Vape-Wholesale-1024x1024.jpg",1024,1024,true],"1536x1536":["https:\/\/vapestornado.com\/wp-content\/uploads\/2024\/12\/RandM-15000-Tornado-Vape-Wholesale.jpg",1182,1182,false],"2048x2048":["https:\/\/vapestornado.com\/wp-content\/uploads\/2024\/12\/RandM-15000-Tornado-Vape-Wholesale.jpg",1182,1182,false],"trp-custom-language-flag":["https:\/\/vapestornado.com\/wp-content\/uploads\/2024\/12\/RandM-15000-Tornado-Vape-Wholesale.jpg",12,12,false],"woocommerce_thumbnail":["https:\/\/vapestornado.com\/wp-content\/uploads\/2024\/12\/RandM-15000-Tornado-Vape-Wholesale-300x300.jpg",300,300,true],"woocommerce_single":["https:\/\/vapestornado.com\/wp-content\/uploads\/2024\/12\/RandM-15000-Tornado-Vape-Wholesale-600x600.jpg",600,600,true],"woocommerce_gallery_thumbnail":["https:\/\/vapestornado.com\/wp-content\/uploads\/2024\/12\/RandM-15000-Tornado-Vape-Wholesale-100x100.jpg",100,100,true]},"uagb_author_info":{"display_name":"ESAMY","author_link":"https:\/\/vapestornado.com\/pt\/author\/"},"uagb_comment_info":1,"uagb_excerpt":"Best RandM Tornado 15000 Puffs Flavours Lowest Price Fumot RandM 15000 Puffs Disposable Vape Wholesale RandM Tornado 15000 Rechargeable Disposable Vape Bulk Buy Price Add Amy's whatsapp get right reply and vape vape coupon! WhatsApp: +86 17776015835 &nbsp;","_links":{"self":[{"href":"https:\/\/vapestornado.com\/pt\/wp-json\/wp\/v2\/product\/2922","targetHints":{"allow":["GET"]}}],"collection":[{"href":"https:\/\/vapestornado.com\/pt\/wp-json\/wp\/v2\/product"}],"about":[{"href":"https:\/\/vapestornado.com\/pt\/wp-json\/wp\/v2\/types\/product"}],"replies":[{"embeddable":true,"href":"https:\/\/vapestornado.com\/pt\/wp-json\/wp\/v2\/comments?post=2922"}],"wp:featuredmedia":[{"embeddable":true,"href":"https:\/\/vapestornado.com\/pt\/wp-json\/wp\/v2\/media\/2929"}],"wp:attachment":[{"href":"https:\/\/vapestornado.com\/pt\/wp-json\/wp\/v2\/media?parent=2922"}],"wp:term":[{"taxonomy":"product_brand","embeddable":true,"href":"https:\/\/vapestornado.com\/pt\/wp-json\/wp\/v2\/product_brand?post=2922"},{"taxonomy":"product_cat","embeddable":true,"href":"https:\/\/vapestornado.com\/pt\/wp-json\/wp\/v2\/product_cat?post=2922"},{"taxonomy":"product_tag","embeddable":true,"href":"https:\/\/vapestornado.com\/pt\/wp-json\/wp\/v2\/product_tag?post=2922"}],"curies":[{"name":"wp","href":"https:\/\/api.w.org\/{rel}","templated":true}]}}