{"id":2784,"date":"2024-11-12T10:04:17","date_gmt":"2024-11-12T10:04:17","guid":{"rendered":"https:\/\/vapestornado.com\/?page_id=2784"},"modified":"2024-11-12T10:04:19","modified_gmt":"2024-11-12T10:04:19","slug":"payment-methods-at-vapestornado","status":"publish","type":"page","link":"https:\/\/vapestornado.com\/pt\/payment-methods-at-vapestornado\/","title":{"rendered":"M\u00e9todos de Pagamento em vapestornado"},"content":{"rendered":"<p>Obrigado por escolher <strong>vapestornado<\/strong>, a sua loja online de confian\u00e7a para produtos vape descart\u00e1veis premium. Com anos de experi\u00eancia no setor, orgulhamo-nos de oferecer uma vasta sele\u00e7\u00e3o de marcas de topo e de enviar os nossos produtos globalmente para v\u00e1rios pa\u00edses. Estamos empenhados em proporcionar-lhe uma experi\u00eancia de compra segura, c\u00f3moda e perfeita.<\/p>\n\n\n\n<p>Aceitamos os seguintes m\u00e9todos de pagamento:<\/p>\n\n\n\n<ol class=\"wp-block-list\">\n<li><strong>PayPal<\/strong>: Desfrute de pagamentos seguros e f\u00e1ceis atrav\u00e9s do PayPal para as suas encomendas. <em>(IVA de 20% aplic\u00e1vel)<\/em><\/li>\n\n\n\n<li><strong>Cart\u00e3o de Cr\u00e9dito<\/strong>: Aceitamos os principais cart\u00f5es de cr\u00e9dito, garantindo um processo de finaliza\u00e7\u00e3o de compra sem complica\u00e7\u00f5es. <em>(IVA de 20% aplic\u00e1vel)<\/em><\/li>\n\n\n\n<li><strong>Transfer\u00eancia Banc\u00e1ria<\/strong>: Para pagamentos tradicionais, as transfer\u00eancias banc\u00e1rias est\u00e3o dispon\u00edveis. <em>(Sem IVA)<\/em><\/li>\n\n\n\n<li><strong>Criptomoeda<\/strong>: Oferecemos pagamentos em criptomoeda para uma op\u00e7\u00e3o de pagamento moderna e orientada para o futuro. <em>(Sem IVA)<\/em><\/li>\n\n\n\n<li><strong>Transfer\u00eancia Wise<\/strong>: Utilize a Wise para servi\u00e7os de transfer\u00eancia eficientes e econ\u00f3micos. <em>(Sem IVA)<\/em><\/li>\n<\/ol>\n\n\n\n<p>Se tiver alguma quest\u00e3o ou pedido de pagamento espec\u00edfico, a nossa equipa de apoio ao cliente est\u00e1 sempre pronta para o ajudar. Estamos aqui para garantir que a sua experi\u00eancia de compra na vapestornado seja tranquila e segura!<\/p>\n\n\n\n<p><\/p>","protected":false},"excerpt":{"rendered":"<p>Obrigado por escolher a vapestornado, a sua loja online de confian\u00e7a para produtos vape descart\u00e1veis premium. Com anos de experi\u00eancia no setor, orgulhamo-nos de oferecer uma vasta sele\u00e7\u00e3o de marcas de topo e de enviar os nossos produtos globalmente para v\u00e1rios pa\u00edses. Estamos empenhados em proporcionar-lhe uma experi\u00eancia de compra segura, conveniente e perfeita.<\/p>","protected":false},"author":1,"featured_media":0,"parent":0,"menu_order":0,"comment_status":"closed","ping_status":"closed","template":"","meta":{"_acf_changed":false,"_uag_custom_page_level_css":"","_lmt_disableupdate":"","_lmt_disable":"","_monsterinsights_skip_tracking":false,"_monsterinsights_sitenote_active":false,"_monsterinsights_sitenote_note":"","_monsterinsights_sitenote_category":0,"site-sidebar-layout":"default","site-content-layout":"","ast-site-content-layout":"default","site-content-style":"default","site-sidebar-style":"default","ast-global-header-display":"","ast-banner-title-visibility":"","ast-main-header-display":"","ast-hfb-above-header-display":"","ast-hfb-below-header-display":"","ast-hfb-mobile-header-display":"","site-post-title":"","ast-breadcrumbs-content":"","ast-featured-img":"","footer-sml-layout":"","ast-disable-related-posts":"","theme-transparent-header-meta":"","adv-header-id-meta":"","stick-header-meta":"","header-above-stick-meta":"","header-main-stick-meta":"","header-below-stick-meta":"","astra-migrate-meta-layouts":"set","ast-page-background-enabled":"default","ast-page-background-meta":{"desktop":{"background-color":"","background-image":"","background-repeat":"repeat","background-position":"center center","background-size":"auto","background-attachment":"scroll","background-type":"","background-media":"","overlay-type":"","overlay-color":"","overlay-opacity":"","overlay-gradient":""},"tablet":{"background-color":"","background-image":"","background-repeat":"repeat","background-position":"center center","background-size":"auto","background-attachment":"scroll","background-type":"","background-media":"","overlay-type":"","overlay-color":"","overlay-opacity":"","overlay-gradient":""},"mobile":{"background-color":"","background-image":"","background-repeat":"repeat","background-position":"center center","background-size":"auto","background-attachment":"scroll","background-type":"","background-media":"","overlay-type":"","overlay-color":"","overlay-opacity":"","overlay-gradient":""}},"ast-content-background-meta":{"desktop":{"background-color":"var(--ast-global-color-5)","background-image":"","background-repeat":"repeat","background-position":"center center","background-size":"auto","background-attachment":"scroll","background-type":"","background-media":"","overlay-type":"","overlay-color":"","overlay-opacity":"","overlay-gradient":""},"tablet":{"background-color":"var(--ast-global-color-5)","background-image":"","background-repeat":"repeat","background-position":"center center","background-size":"auto","background-attachment":"scroll","background-type":"","background-media":"","overlay-type":"","overlay-color":"","overlay-opacity":"","overlay-gradient":""},"mobile":{"background-color":"var(--ast-global-color-5)","background-image":"","background-repeat":"repeat","background-position":"center center","background-size":"auto","background-attachment":"scroll","background-type":"","background-media":"","overlay-type":"","overlay-color":"","overlay-opacity":"","overlay-gradient":""}},"_joinchat":[],"footnotes":""},"class_list":["post-2784","page","type-page","status-publish","hentry"],"acf":[],"uagb_featured_image_src":{"full":false,"thumbnail":false,"medium":false,"medium_large":false,"large":false,"1536x1536":false,"2048x2048":false,"trp-custom-language-flag":false,"woocommerce_thumbnail":false,"woocommerce_single":false,"woocommerce_gallery_thumbnail":false},"uagb_author_info":{"display_name":"yannazhan@gmail.com","author_link":"https:\/\/vapestornado.com\/pt\/author\/yannazhangmail-com\/"},"uagb_comment_info":0,"uagb_excerpt":"Thank you for choosing vapestornado, your trusted online store for premium disposable vape products. With years of expertise in the industry, we are proud to offer a wide selection of top brands and ship our products globally to various countries. We are committed to providing you with a secure, convenient, and seamless shopping experience. We&hellip;","_links":{"self":[{"href":"https:\/\/vapestornado.com\/pt\/wp-json\/wp\/v2\/pages\/2784","targetHints":{"allow":["GET"]}}],"collection":[{"href":"https:\/\/vapestornado.com\/pt\/wp-json\/wp\/v2\/pages"}],"about":[{"href":"https:\/\/vapestornado.com\/pt\/wp-json\/wp\/v2\/types\/page"}],"author":[{"embeddable":true,"href":"https:\/\/vapestornado.com\/pt\/wp-json\/wp\/v2\/users\/1"}],"replies":[{"embeddable":true,"href":"https:\/\/vapestornado.com\/pt\/wp-json\/wp\/v2\/comments?post=2784"}],"version-history":[{"count":1,"href":"https:\/\/vapestornado.com\/pt\/wp-json\/wp\/v2\/pages\/2784\/revisions"}],"predecessor-version":[{"id":2785,"href":"https:\/\/vapestornado.com\/pt\/wp-json\/wp\/v2\/pages\/2784\/revisions\/2785"}],"wp:attachment":[{"href":"https:\/\/vapestornado.com\/pt\/wp-json\/wp\/v2\/media?parent=2784"}],"curies":[{"name":"wp","href":"https:\/\/api.w.org\/{rel}","templated":true}]}}