{"id":2776,"date":"2024-11-12T09:55:46","date_gmt":"2024-11-12T09:55:46","guid":{"rendered":"https:\/\/vapestornado.com\/?page_id=2776"},"modified":"2024-11-12T09:55:48","modified_gmt":"2024-11-12T09:55:48","slug":"terms-conditions","status":"publish","type":"page","link":"https:\/\/vapestornado.com\/pt\/terms-conditions\/","title":{"rendered":"Termos e Condi\u00e7\u00f5es"},"content":{"rendered":"<p>Bem-vindo \u00e0 vapestornado! Ao aceder e utilizar o nosso website, concorda em cumprir os seguintes termos e condi\u00e7\u00f5es, juntamente com as leis aplic\u00e1veis. Se n\u00e3o concordar com estes termos, por favor n\u00e3o utilize o nosso site. Ao fazer uma compra no nosso website, concorda com os Termos<\/p>\n\n\n\n<p><strong>Encomendas Internacionais<\/strong><\/p>\n\n\n\n<p>A vapestornado est\u00e1 sediada em Hong Kong e opera a n\u00edvel global. Os clientes que compram connosco e enviam para pa\u00edses fora de Hong Kong ser\u00e3o considerados clientes internacionais. Por favor, certifique-se de que compreende as regulamenta\u00e7\u00f5es do seu pa\u00eds relativamente \u00e0 posse, importa\u00e7\u00e3o, exporta\u00e7\u00e3o e uso de produtos vaporizadores antes de fazer uma compra. Pol\u00edticas adicionais para pa\u00edses espec\u00edficos s\u00e3o descritas nas nossas pol\u00edticas de Envio, Devolu\u00e7\u00f5es e Garantia.<\/p>\n\n\n\n<p><strong>Direitos de Autor<\/strong><\/p>\n\n\n\n<p>Todo o conte\u00fado deste site, incluindo texto, gr\u00e1ficos e c\u00f3digo, est\u00e1 protegido por direitos de autor como um trabalho coletivo sob as leis de direitos de autor. Este trabalho coletivo inclui trabalhos licenciados para a vapestornado. Direitos de Autor 2022, vapestornado. Todos os direitos reservados. Pode copiar eletronicamente e imprimir por\u00e7\u00f5es deste site com o \u00fanico prop\u00f3sito de fazer uma encomenda com a vapestornado ou comprar produtos vapestornado. Qualquer outro uso, incluindo reprodu\u00e7\u00e3o, distribui\u00e7\u00e3o, exibi\u00e7\u00e3o ou transmiss\u00e3o do conte\u00fado do site, \u00e9 estritamente proibido sem a permiss\u00e3o expressa da vapestornado Inc.<\/p>\n\n\n\n<p><strong>Marcas Comerciais<\/strong><\/p>\n\n\n\n<p>Todas as marcas comerciais, marcas de servi\u00e7o e nomes comerciais usados no site s\u00e3o marcas comerciais ou marcas registadas da vapestornado.<\/p>\n\n\n\n<p><strong>Exclus\u00e3o de Garantia<\/strong><\/p>\n\n\n\n<p>O nosso site e os materiais e produtos fornecidos s\u00e3o oferecidos 'tal como est\u00e3o' sem garantias de qualquer tipo, expressas ou impl\u00edcitas. A vapestornado exclui todas as garantias, incluindo comerciabilidade, adequa\u00e7\u00e3o a um prop\u00f3sito espec\u00edfico e n\u00e3o viola\u00e7\u00e3o. N\u00e3o garantimos que as fun\u00e7\u00f5es do site ser\u00e3o ininterruptas ou sem erros, ou que quaisquer defeitos ser\u00e3o corrigidos. Tamb\u00e9m n\u00e3o garantimos a precis\u00e3o, pontualidade ou fiabilidade dos materiais no site.<\/p>\n\n\n\n<p><strong>Limita\u00e7\u00e3o de Responsabilidade<\/strong><\/p>\n\n\n\n<p>A vapestornado n\u00e3o ser\u00e1 respons\u00e1vel por quaisquer danos especiais ou consequenciais resultantes do uso de materiais neste site ou do desempenho dos produtos, mesmo que tenha sido avisada da possibilidade de tais danos. Algumas jurisdi\u00e7\u00f5es n\u00e3o permitem limita\u00e7\u00f5es de garantias ou exclus\u00f5es de responsabilidade por danos consequenciais, pelo que estas limita\u00e7\u00f5es podem n\u00e3o se aplicar a si.<\/p>\n\n\n\n<p><strong>Termina\u00e7\u00e3o<\/strong><\/p>\n\n\n\n<p>Estes termos e condi\u00e7\u00f5es aplicam-se a si ao aceder ao site ou ao completar qualquer processo de registo ou compra. A vapestornado pode terminar estes termos e condi\u00e7\u00f5es, ou qualquer parte deles, sem aviso pr\u00e9vio, a qualquer momento e por qualquer motivo. Certas disposi\u00e7\u00f5es, incluindo Direitos de Autor, Marcas Comerciais, Exclus\u00e3o de Responsabilidade, Limita\u00e7\u00e3o de Responsabilidade, Indemniza\u00e7\u00e3o e Diversos, dever\u00e3o sobreviver \u00e0 termina\u00e7\u00e3o.<\/p>\n\n\n\n<p><strong>Aviso<\/strong><\/p>\n\n\n\n<p>A vapestornado pode fornecer-lhe um aviso via e-mail, um aviso geral no site ou outros m\u00e9todos fi\u00e1veis usando as informa\u00e7\u00f5es de contacto que forneceu.<\/p>\n\n\n\n<p><strong>Diversos<\/strong><\/p>\n\n\n\n<p>O seu uso deste site \u00e9 regido pelas leis de Hong Kong, sem ter em conta as disposi\u00e7\u00f5es de escolha da lei. Quaisquer processos legais relacionados a este site ser\u00e3o nos tribunais de Hong Kong. Quaisquer reclama\u00e7\u00f5es relacionadas ao site devem ser apresentadas no prazo de um ano a partir do surgimento da reclama\u00e7\u00e3o. O facto de a vapestornado n\u00e3o aplicar qualquer disposi\u00e7\u00e3o destes termos n\u00e3o renuncia a quaisquer direitos. A vapestornado pode ceder os seus direitos e deveres sob este Acordo sem aviso pr\u00e9vio.<\/p>\n\n\n\n<p><strong>Uso do Site<\/strong><\/p>\n\n\n\n<p>O ass\u00e9dio sob qualquer forma no site \u00e9 proibido. N\u00e3o pode carregar conte\u00fado censur\u00e1vel ou solicitar a outros por servi\u00e7os comerciais. A vapestornado reserva-se o direito de bloquear ou remover conte\u00fado inapropriado \u00e0 sua discri\u00e7\u00e3o.<\/p>\n\n\n\n<p><strong>Exclus\u00e3o de Participa\u00e7\u00e3o<\/strong><\/p>\n\n\n\n<p>A vapestornado n\u00e3o \u00e9 respons\u00e1vel pelo conte\u00fado gerado pelo utilizador no site. Atuamos como um canal para distribui\u00e7\u00e3o e reservamo-nos o direito de remover qualquer material censur\u00e1vel.<\/p>\n\n\n\n<p><strong>Uso de Produtos<\/strong><\/p>\n\n\n\n<p>vapestornado n\u00e3o faz alega\u00e7\u00f5es sobre a efic\u00e1cia dos nossos produtos para qualquer uso espec\u00edfico. Ao comprar os nossos produtos, concorda em us\u00e1-los por sua conta e risco. Os produtos de nicotina destinam-se apenas a uso adulto. Por favor, consulte um m\u00e9dico antes de usar produtos de nicotina.<\/p>\n\n\n\n<p><strong>Indemniza\u00e7\u00e3o<\/strong><\/p>\n\n\n\n<p>O utilizador concorda em indemnizar a vapestornado e os seus prestadores de servi\u00e7os por quaisquer perdas, despesas, les\u00f5es, danos e custos resultantes de qualquer viola\u00e7\u00e3o destes termos ou atividades relacionadas com a sua conta.<\/p>\n\n\n\n<p><strong>Liga\u00e7\u00f5es a Terceiros<\/strong><\/p>\n\n\n\n<p>A vapestornado pode ligar-se a sites de terceiros para a conveni\u00eancia do visitante. N\u00e3o temos controlo sobre estes sites e n\u00e3o somos respons\u00e1veis pelas suas pr\u00e1ticas.<\/p>\n\n\n\n<p><strong>Aviso Legal do Produto<\/strong><\/p>\n\n\n\n<p>Certos produtos podem ter avisos legais espec\u00edficos sobre a elegibilidade para trocas ou reembolsos. Por favor, leia todos os avisos legais do produto antes de comprar. Ao concordar com os nossos Termos e Condi\u00e7\u00f5es na finaliza\u00e7\u00e3o da compra, confirma que leu e compreendeu todos os avisos legais do produto.<\/p>\n\n\n\n<p>Obrigado por escolher a vapestornado!<\/p>","protected":false},"excerpt":{"rendered":"<p>Welcome to vapestornado! By accessing and using our website, you agree to comply with the following terms and conditions, along with applicable laws. If you do not agree with these terms, please do not use our site. By making a purchase on our website, you agree to the Terms &amp; Conditions below, as well as [&hellip;]<\/p>","protected":false},"author":1,"featured_media":0,"parent":0,"menu_order":0,"comment_status":"closed","ping_status":"closed","template":"","meta":{"_acf_changed":false,"_uag_custom_page_level_css":"","_lmt_disableupdate":"","_lmt_disable":"","_monsterinsights_skip_tracking":false,"_monsterinsights_sitenote_active":false,"_monsterinsights_sitenote_note":"","_monsterinsights_sitenote_category":0,"site-sidebar-layout":"default","site-content-layout":"","ast-site-content-layout":"default","site-content-style":"default","site-sidebar-style":"default","ast-global-header-display":"","ast-banner-title-visibility":"","ast-main-header-display":"","ast-hfb-above-header-display":"","ast-hfb-below-header-display":"","ast-hfb-mobile-header-display":"","site-post-title":"","ast-breadcrumbs-content":"","ast-featured-img":"","footer-sml-layout":"","ast-disable-related-posts":"","theme-transparent-header-meta":"","adv-header-id-meta":"","stick-header-meta":"","header-above-stick-meta":"","header-main-stick-meta":"","header-below-stick-meta":"","astra-migrate-meta-layouts":"set","ast-page-background-enabled":"default","ast-page-background-meta":{"desktop":{"background-color":"","background-image":"","background-repeat":"repeat","background-position":"center center","background-size":"auto","background-attachment":"scroll","background-type":"","background-media":"","overlay-type":"","overlay-color":"","overlay-opacity":"","overlay-gradient":""},"tablet":{"background-color":"","background-image":"","background-repeat":"repeat","background-position":"center center","background-size":"auto","background-attachment":"scroll","background-type":"","background-media":"","overlay-type":"","overlay-color":"","overlay-opacity":"","overlay-gradient":""},"mobile":{"background-color":"","background-image":"","background-repeat":"repeat","background-position":"center center","background-size":"auto","background-attachment":"scroll","background-type":"","background-media":"","overlay-type":"","overlay-color":"","overlay-opacity":"","overlay-gradient":""}},"ast-content-background-meta":{"desktop":{"background-color":"var(--ast-global-color-5)","background-image":"","background-repeat":"repeat","background-position":"center center","background-size":"auto","background-attachment":"scroll","background-type":"","background-media":"","overlay-type":"","overlay-color":"","overlay-opacity":"","overlay-gradient":""},"tablet":{"background-color":"var(--ast-global-color-5)","background-image":"","background-repeat":"repeat","background-position":"center center","background-size":"auto","background-attachment":"scroll","background-type":"","background-media":"","overlay-type":"","overlay-color":"","overlay-opacity":"","overlay-gradient":""},"mobile":{"background-color":"var(--ast-global-color-5)","background-image":"","background-repeat":"repeat","background-position":"center center","background-size":"auto","background-attachment":"scroll","background-type":"","background-media":"","overlay-type":"","overlay-color":"","overlay-opacity":"","overlay-gradient":""}},"_joinchat":[],"footnotes":""},"class_list":["post-2776","page","type-page","status-publish","hentry"],"acf":[],"uagb_featured_image_src":{"full":false,"thumbnail":false,"medium":false,"medium_large":false,"large":false,"1536x1536":false,"2048x2048":false,"trp-custom-language-flag":false,"woocommerce_thumbnail":false,"woocommerce_single":false,"woocommerce_gallery_thumbnail":false},"uagb_author_info":{"display_name":"yannazhan@gmail.com","author_link":"https:\/\/vapestornado.com\/pt\/author\/yannazhangmail-com\/"},"uagb_comment_info":0,"uagb_excerpt":"Welcome to vapestornado! By accessing and using our website, you agree to comply with the following terms and conditions, along with applicable laws. If you do not agree with these terms, please do not use our site. By making a purchase on our website, you agree to the Terms &amp; Conditions below, as well as&hellip;","_links":{"self":[{"href":"https:\/\/vapestornado.com\/pt\/wp-json\/wp\/v2\/pages\/2776","targetHints":{"allow":["GET"]}}],"collection":[{"href":"https:\/\/vapestornado.com\/pt\/wp-json\/wp\/v2\/pages"}],"about":[{"href":"https:\/\/vapestornado.com\/pt\/wp-json\/wp\/v2\/types\/page"}],"author":[{"embeddable":true,"href":"https:\/\/vapestornado.com\/pt\/wp-json\/wp\/v2\/users\/1"}],"replies":[{"embeddable":true,"href":"https:\/\/vapestornado.com\/pt\/wp-json\/wp\/v2\/comments?post=2776"}],"version-history":[{"count":1,"href":"https:\/\/vapestornado.com\/pt\/wp-json\/wp\/v2\/pages\/2776\/revisions"}],"predecessor-version":[{"id":2777,"href":"https:\/\/vapestornado.com\/pt\/wp-json\/wp\/v2\/pages\/2776\/revisions\/2777"}],"wp:attachment":[{"href":"https:\/\/vapestornado.com\/pt\/wp-json\/wp\/v2\/media?parent=2776"}],"curies":[{"name":"wp","href":"https:\/\/api.w.org\/{rel}","templated":true}]}}