{"id":2772,"date":"2024-11-12T09:48:42","date_gmt":"2024-11-12T09:48:42","guid":{"rendered":"https:\/\/vapestornado.com\/?page_id=2772"},"modified":"2024-11-12T09:52:13","modified_gmt":"2024-11-12T09:52:13","slug":"vapestornado-shipping-policy","status":"publish","type":"page","link":"https:\/\/vapestornado.com\/pt\/vapestornado-shipping-policy\/","title":{"rendered":"Pol\u00edtica de Envio de vapestornado"},"content":{"rendered":"<ol class=\"wp-block-list\">\n<li><strong>Tempos de Processamento e Envio:<\/strong><br>As encomendas s\u00e3o processadas e enviadas dentro de 1 a 3 dias \u00fateis. Os prazos de entrega variam normalmente entre 7 e 15 dias \u00fateis. Por favor, note que n\u00e3o fazemos envios ao fim de semana.<\/li>\n\n\n\n<li><strong>Informa\u00e7\u00e3o de Rastreamento:<\/strong><br>Assim que a sua encomenda for enviada, receber\u00e1 um e-mail com informa\u00e7\u00f5es de rastreamento. Rastreie a sua encomenda usando o n\u00famero de rastreamento fornecido em <a href=\"https:\/\/www.17track.net\/en\" target=\"_blank\" rel=\"noopener\">https:\/\/www.17track.net\/en<\/a>. Por favor, aguarde 1-2 dias ap\u00f3s o envio para que as atualiza\u00e7\u00f5es de rastreamento apare\u00e7am.<\/li>\n\n\n\n<li><strong>Cancelamento de Encomendas ou Altera\u00e7\u00f5es de Endere\u00e7o:<\/strong><br>Pode cancelar ou atualizar o endere\u00e7o de envio a qualquer momento antes do envio da sua encomenda. No entanto, uma vez que tenha sido enviada, n\u00e3o podemos processar reembolsos ou altera\u00e7\u00f5es de endere\u00e7o.<\/li>\n\n\n\n<li><strong>Envio com Direitos de Entrega Pagos (DDP):<\/strong><br>Para pa\u00edses selecionados, oferecemos envio DDP, o que significa que n\u00e3o precisar\u00e1 de lidar com o desembara\u00e7o aduaneiro ou pagar taxas.<ul><li><strong>Portugal<\/strong> \u2013 UPS Express (exceto A\u00e7ores e Madeira)<\/li><li><strong>UK<\/strong> \u2013 DPD Express Local<\/li><li><strong>Europa<\/strong> \u2013 UPS Express\/DPD Express\/DHL Express<\/li><\/ul><strong>Pa\u00edses eleg\u00edveis para DDP na Europa<\/strong> incluem: Alemanha, B\u00e9lgica, Luxemburgo, Pa\u00edses Baixos, Rep\u00fablica Checa, Pol\u00f3nia, Cro\u00e1cia, Eslov\u00e1quia, Eslov\u00e9nia, Finl\u00e2ndia, Dinamarca, Su\u00e9cia, \u00c1ustria, Fran\u00e7a, It\u00e1lia, Hungria, Bulg\u00e1ria, Litu\u00e2nia, Est\u00f3nia, Let\u00f3nia, Gr\u00e9cia, Irlanda, Portugal e Espanha.<\/li>\n\n\n\n<li><strong>Por favor, Note:<\/strong> Para envios para a Finl\u00e2ndia, Su\u00e9cia, Dinamarca, Noruega, Isl\u00e2ndia, Su\u00ed\u00e7a e S\u00e9rvia, existe o risco de desalfandegamento secund\u00e1rio. Se as mercadorias forem apreendidas pelas alf\u00e2ndegas locais durante a inspe\u00e7\u00e3o, o seguro de desalfandegamento n\u00e3o cobrir\u00e1 a perda.<\/li>\n<\/ol>\n\n\n\n<p>Obrigado por escolher a vapestornado para as suas necessidades de vaping!<\/p>\n\n\n\n<hr class=\"wp-block-separator has-alpha-channel-opacity\"\/>\n\n\n\n<p><strong>Tempos de Envio Puff para Pa\u00edses Espec\u00edficos<\/strong><\/p>\n\n\n\n<figure class=\"wp-block-table\"><table class=\"has-fixed-layout\"><thead><tr><th>Pa\u00eds<\/th><th>M\u00e9todo de Envio<\/th><th>Tempo de Envio<\/th><\/tr><\/thead><tbody><tr><td>Portugal<\/td><td>UPS Terrestre Local<\/td><td>10-15 Dias<\/td><\/tr><tr><td>UK<\/td><td>DPD Expresso Local<\/td><td>7-12 Dias<\/td><\/tr><tr><td>Alemanha<\/td><td>UPS\/DPD\/DHL<\/td><td>8-13 Dias<\/td><\/tr><tr><td>Fran\u00e7a<\/td><td>UPS\/DPD\/DHL<\/td><td>8-13 Dias<\/td><\/tr><tr><td>B\u00e9lgica<\/td><td>UPS\/DPD\/DHL<\/td><td>8-13 Dias<\/td><\/tr><tr><td>Luxemburgo<\/td><td>UPS\/DPD\/DHL<\/td><td>8-13 Dias<\/td><\/tr><tr><td>Pa\u00edses Baixos<\/td><td>UPS\/DPD\/DHL<\/td><td>8-13 Dias<\/td><\/tr><tr><td>Rep\u00fablica Checa<\/td><td>UPS\/DPD\/DHL<\/td><td>8-13 Dias<\/td><\/tr><tr><td>Pol\u00f3nia<\/td><td>UPS\/DPD\/DHL<\/td><td>8-13 Dias<\/td><\/tr><tr><td>Cro\u00e1cia<\/td><td>UPS\/DPD\/DHL<\/td><td>8-13 Dias<\/td><\/tr><tr><td>Eslov\u00e1quia<\/td><td>UPS\/DPD\/DHL<\/td><td>8-13 Dias<\/td><\/tr><tr><td>Eslov\u00e9nia<\/td><td>UPS\/DPD\/DHL<\/td><td>8-13 Dias<\/td><\/tr><tr><td>Finl\u00e2ndia<\/td><td>UPS\/DPD\/DHL<\/td><td>8-13 Dias<\/td><\/tr><tr><td>Dinamarca<\/td><td>UPS\/DPD\/DHL<\/td><td>8-13 Dias<\/td><\/tr><tr><td>Su\u00e9cia<\/td><td>UPS\/DPD\/DHL<\/td><td>8-13 Dias<\/td><\/tr><tr><td>\u00c1ustria<\/td><td>UPS\/DPD\/DHL<\/td><td>8-13 Dias<\/td><\/tr><tr><td>It\u00e1lia<\/td><td>UPS\/DPD\/DHL<\/td><td>8-13 Dias<\/td><\/tr><tr><td>Hungria<\/td><td>UPS\/DPD\/DHL<\/td><td>8-13 Dias<\/td><\/tr><tr><td>Litu\u00e2nia<\/td><td>UPS\/DPD\/DHL<\/td><td>8-13 Dias<\/td><\/tr><tr><td>Estonia<\/td><td>UPS\/DPD\/DHL<\/td><td>8-13 Dias<\/td><\/tr><tr><td>Let\u00f3nia<\/td><td>UPS\/DPD\/DHL<\/td><td>8-13 Dias<\/td><\/tr><tr><td>Gr\u00e9cia<\/td><td>UPS\/DPD\/DHL<\/td><td>8-13 Dias<\/td><\/tr><tr><td>Irlanda<\/td><td>UPS\/DPD\/DHL<\/td><td>8-13 Dias<\/td><\/tr><tr><td>Portugal<\/td><td>UPS\/DPD\/DHL<\/td><td>8-13 Dias<\/td><\/tr><tr><td>Espanha<\/td><td>UPS\/DPD\/DHL<\/td><td>8-13 Dias<\/td><\/tr><tr><td>EAU (Dubai)<\/td><td>Linha dedicada ao Dubai<\/td><td>12-18 dias<\/td><\/tr><tr><td>\u00c1frica do Sul<\/td><td>Linha dedicada \u00e0 \u00c1frica do Sul<\/td><td>15-25 dias<\/td><\/tr><tr><td>Vietname<\/td><td>Linha dedicada ao Vietname<\/td><td>3-5 dias<\/td><\/tr><tr><td>Mal\u00e1sia Ocidental<\/td><td>Linha dedicada \u00e0 Mal\u00e1sia<\/td><td>4-8 dias<\/td><\/tr><\/tbody><\/table><\/figure>\n\n\n\n<p><\/p>","protected":false},"excerpt":{"rendered":"<p>Obrigado por escolher a vapestornado para as suas necessidades de vaping! Tempos de envio Puff para pa\u00edses espec\u00edficos Pa\u00eds M\u00e9todo de envio Tempo de envio Portugal UPS Ground local 10-15 dias Reino Unido DPD Express local 7-12 dias Alemanha UPS\/DPD\/DHL 8-13 dias Fran\u00e7a UPS\/DPD\/DHL 8-13 dias B\u00e9lgica UPS\/DPD\/DHL 8-13 dias Luxemburgo UPS\/DPD\/DHL 8-13 dias Pa\u00edses Baixos UPS\/DPD\/DHL 8-13 dias Rep\u00fablica Checa UPS\/DPD\/DHL [\u2026]<\/p>","protected":false},"author":1,"featured_media":0,"parent":0,"menu_order":0,"comment_status":"closed","ping_status":"closed","template":"","meta":{"_acf_changed":false,"_uag_custom_page_level_css":"","_lmt_disableupdate":"","_lmt_disable":"","_monsterinsights_skip_tracking":false,"_monsterinsights_sitenote_active":false,"_monsterinsights_sitenote_note":"","_monsterinsights_sitenote_category":0,"site-sidebar-layout":"default","site-content-layout":"","ast-site-content-layout":"default","site-content-style":"default","site-sidebar-style":"default","ast-global-header-display":"","ast-banner-title-visibility":"","ast-main-header-display":"","ast-hfb-above-header-display":"","ast-hfb-below-header-display":"","ast-hfb-mobile-header-display":"","site-post-title":"","ast-breadcrumbs-content":"","ast-featured-img":"","footer-sml-layout":"","ast-disable-related-posts":"","theme-transparent-header-meta":"","adv-header-id-meta":"","stick-header-meta":"","header-above-stick-meta":"","header-main-stick-meta":"","header-below-stick-meta":"","astra-migrate-meta-layouts":"set","ast-page-background-enabled":"default","ast-page-background-meta":{"desktop":{"background-color":"","background-image":"","background-repeat":"repeat","background-position":"center center","background-size":"auto","background-attachment":"scroll","background-type":"","background-media":"","overlay-type":"","overlay-color":"","overlay-opacity":"","overlay-gradient":""},"tablet":{"background-color":"","background-image":"","background-repeat":"repeat","background-position":"center center","background-size":"auto","background-attachment":"scroll","background-type":"","background-media":"","overlay-type":"","overlay-color":"","overlay-opacity":"","overlay-gradient":""},"mobile":{"background-color":"","background-image":"","background-repeat":"repeat","background-position":"center center","background-size":"auto","background-attachment":"scroll","background-type":"","background-media":"","overlay-type":"","overlay-color":"","overlay-opacity":"","overlay-gradient":""}},"ast-content-background-meta":{"desktop":{"background-color":"var(--ast-global-color-5)","background-image":"","background-repeat":"repeat","background-position":"center center","background-size":"auto","background-attachment":"scroll","background-type":"","background-media":"","overlay-type":"","overlay-color":"","overlay-opacity":"","overlay-gradient":""},"tablet":{"background-color":"var(--ast-global-color-5)","background-image":"","background-repeat":"repeat","background-position":"center center","background-size":"auto","background-attachment":"scroll","background-type":"","background-media":"","overlay-type":"","overlay-color":"","overlay-opacity":"","overlay-gradient":""},"mobile":{"background-color":"var(--ast-global-color-5)","background-image":"","background-repeat":"repeat","background-position":"center center","background-size":"auto","background-attachment":"scroll","background-type":"","background-media":"","overlay-type":"","overlay-color":"","overlay-opacity":"","overlay-gradient":""}},"_joinchat":[],"footnotes":""},"class_list":["post-2772","page","type-page","status-publish","hentry"],"acf":[],"uagb_featured_image_src":{"full":false,"thumbnail":false,"medium":false,"medium_large":false,"large":false,"1536x1536":false,"2048x2048":false,"trp-custom-language-flag":false,"woocommerce_thumbnail":false,"woocommerce_single":false,"woocommerce_gallery_thumbnail":false},"uagb_author_info":{"display_name":"yannazhan@gmail.com","author_link":"https:\/\/vapestornado.com\/pt\/author\/yannazhangmail-com\/"},"uagb_comment_info":0,"uagb_excerpt":"Thank you for choosing vapestornado for your vaping needs! Puff Shipping Times for Specific Countries Country Shipping Method Shipping Time USA Local UPS Ground 10-15 Days UK Local DPD Express 7-12 Days Germany UPS\/DPD\/DHL 8-13 Days France UPS\/DPD\/DHL 8-13 Days Belgium UPS\/DPD\/DHL 8-13 Days Luxembourg UPS\/DPD\/DHL 8-13 Days Netherlands UPS\/DPD\/DHL 8-13 Days Czech Republic UPS\/DPD\/DHL&hellip;","_links":{"self":[{"href":"https:\/\/vapestornado.com\/pt\/wp-json\/wp\/v2\/pages\/2772","targetHints":{"allow":["GET"]}}],"collection":[{"href":"https:\/\/vapestornado.com\/pt\/wp-json\/wp\/v2\/pages"}],"about":[{"href":"https:\/\/vapestornado.com\/pt\/wp-json\/wp\/v2\/types\/page"}],"author":[{"embeddable":true,"href":"https:\/\/vapestornado.com\/pt\/wp-json\/wp\/v2\/users\/1"}],"replies":[{"embeddable":true,"href":"https:\/\/vapestornado.com\/pt\/wp-json\/wp\/v2\/comments?post=2772"}],"version-history":[{"count":3,"href":"https:\/\/vapestornado.com\/pt\/wp-json\/wp\/v2\/pages\/2772\/revisions"}],"predecessor-version":[{"id":2775,"href":"https:\/\/vapestornado.com\/pt\/wp-json\/wp\/v2\/pages\/2772\/revisions\/2775"}],"wp:attachment":[{"href":"https:\/\/vapestornado.com\/pt\/wp-json\/wp\/v2\/media?parent=2772"}],"curies":[{"name":"wp","href":"https:\/\/api.w.org\/{rel}","templated":true}]}}