{"id":2769,"date":"2024-11-12T09:44:18","date_gmt":"2024-11-12T09:44:18","guid":{"rendered":"https:\/\/vapestornado.com\/?page_id=2769"},"modified":"2024-11-12T09:45:01","modified_gmt":"2024-11-12T09:45:01","slug":"refund-policy","status":"publish","type":"page","link":"https:\/\/vapestornado.com\/pt\/refund-policy\/","title":{"rendered":"Pol\u00edtica de Reembolso"},"content":{"rendered":"<p>Obrigado por comprar na vapestornado. Por favor, reveja atentamente a nossa pol\u00edtica de reembolso:<\/p>\n\n\n\n<p><strong>Pedidos de Reembolso Dentro de 24 Horas:<\/strong><br>Pode solicitar um reembolso dentro de 24 horas ap\u00f3s efetuar a sua encomenda. Contacte-nos prontamente para receber um reembolso total.<\/p>\n\n\n\n<p><strong>Pedidos de Reembolso Ap\u00f3s 24 Horas:<\/strong><br>Para encomendas efetuadas h\u00e1 mais de 24 horas, um reembolso total pode n\u00e3o ser poss\u00edvel, pois as encomendas s\u00e3o normalmente preparadas para a alf\u00e2ndega. Nestes casos, podemos fornecer um reembolso parcial de at\u00e9 50% do valor da encomenda devido ao custo de recolha da embalagem.<\/p>\n\n\n\n<p><strong>Sem Reembolso Ap\u00f3s Envio:<\/strong><br>Assim que a sua encomenda for enviada e um n\u00famero de rastreamento for emitido, deixar\u00e1 de ser eleg\u00edvel para um reembolso.<\/p>\n\n\n\n<p><strong>Seguro e Problemas Alfandeg\u00e1rios:<\/strong><br>Todas as encomendas s\u00e3o seguradas. Se a sua encomenda for retida pela alf\u00e2ndega e n\u00e3o for libertada, emitiremos um reembolso total.<\/p>\n\n\n\n<p><strong>Endere\u00e7o Incorreto ou Problemas de Entrega:<\/strong><br>Se uma encomenda n\u00e3o puder ser entregue devido a um endere\u00e7o incorreto ou outros problemas relacionados com o cliente, o cliente \u00e9 respons\u00e1vel pelo custo do reenvio.<\/p>\n\n\n\n<p>Para quaisquer quest\u00f5es ou preocupa\u00e7\u00f5es relativamente \u00e0 nossa pol\u00edtica de reembolso, por favor, contacte a nossa equipa de apoio ao cliente em vapestornado.<\/p>\n\n\n\n<p><\/p>","protected":false},"excerpt":{"rendered":"<p>Obrigado por comprar na vapestornado. Por favor, reveja a nossa pol\u00edtica de reembolso cuidadosamente: Pedidos de Reembolso Dentro de 24 Horas: Pode solicitar um reembolso dentro de 24 horas ap\u00f3s efetuar a sua encomenda. Contacte-nos prontamente para receber um reembolso total. Pedidos de Reembolso Ap\u00f3s 24 Horas: Para encomendas efetuadas h\u00e1 mais de 24 horas, um reembolso total pode n\u00e3o ser poss\u00edvel [\u2026]<\/p>","protected":false},"author":1,"featured_media":0,"parent":0,"menu_order":0,"comment_status":"closed","ping_status":"closed","template":"","meta":{"_acf_changed":false,"_uag_custom_page_level_css":"","_lmt_disableupdate":"","_lmt_disable":"","_monsterinsights_skip_tracking":false,"_monsterinsights_sitenote_active":false,"_monsterinsights_sitenote_note":"","_monsterinsights_sitenote_category":0,"site-sidebar-layout":"default","site-content-layout":"","ast-site-content-layout":"default","site-content-style":"default","site-sidebar-style":"default","ast-global-header-display":"","ast-banner-title-visibility":"","ast-main-header-display":"","ast-hfb-above-header-display":"","ast-hfb-below-header-display":"","ast-hfb-mobile-header-display":"","site-post-title":"","ast-breadcrumbs-content":"","ast-featured-img":"","footer-sml-layout":"","ast-disable-related-posts":"","theme-transparent-header-meta":"","adv-header-id-meta":"","stick-header-meta":"","header-above-stick-meta":"","header-main-stick-meta":"","header-below-stick-meta":"","astra-migrate-meta-layouts":"set","ast-page-background-enabled":"default","ast-page-background-meta":{"desktop":{"background-color":"","background-image":"","background-repeat":"repeat","background-position":"center center","background-size":"auto","background-attachment":"scroll","background-type":"","background-media":"","overlay-type":"","overlay-color":"","overlay-opacity":"","overlay-gradient":""},"tablet":{"background-color":"","background-image":"","background-repeat":"repeat","background-position":"center center","background-size":"auto","background-attachment":"scroll","background-type":"","background-media":"","overlay-type":"","overlay-color":"","overlay-opacity":"","overlay-gradient":""},"mobile":{"background-color":"","background-image":"","background-repeat":"repeat","background-position":"center center","background-size":"auto","background-attachment":"scroll","background-type":"","background-media":"","overlay-type":"","overlay-color":"","overlay-opacity":"","overlay-gradient":""}},"ast-content-background-meta":{"desktop":{"background-color":"var(--ast-global-color-5)","background-image":"","background-repeat":"repeat","background-position":"center center","background-size":"auto","background-attachment":"scroll","background-type":"","background-media":"","overlay-type":"","overlay-color":"","overlay-opacity":"","overlay-gradient":""},"tablet":{"background-color":"var(--ast-global-color-5)","background-image":"","background-repeat":"repeat","background-position":"center center","background-size":"auto","background-attachment":"scroll","background-type":"","background-media":"","overlay-type":"","overlay-color":"","overlay-opacity":"","overlay-gradient":""},"mobile":{"background-color":"var(--ast-global-color-5)","background-image":"","background-repeat":"repeat","background-position":"center center","background-size":"auto","background-attachment":"scroll","background-type":"","background-media":"","overlay-type":"","overlay-color":"","overlay-opacity":"","overlay-gradient":""}},"_joinchat":[],"footnotes":""},"class_list":["post-2769","page","type-page","status-publish","hentry"],"acf":[],"uagb_featured_image_src":{"full":false,"thumbnail":false,"medium":false,"medium_large":false,"large":false,"1536x1536":false,"2048x2048":false,"trp-custom-language-flag":false,"woocommerce_thumbnail":false,"woocommerce_single":false,"woocommerce_gallery_thumbnail":false},"uagb_author_info":{"display_name":"yannazhan@gmail.com","author_link":"https:\/\/vapestornado.com\/pt\/author\/yannazhangmail-com\/"},"uagb_comment_info":0,"uagb_excerpt":"Thank you for shopping with vapestornado. Please review our refund policy carefully: Refund Requests Within 24 Hours:You may request a refund within 24 hours of placing your order. Contact us promptly to receive a full refund. Refund Requests After 24 Hours:For orders placed more than 24 hours ago, a full refund may not be possible&hellip;","_links":{"self":[{"href":"https:\/\/vapestornado.com\/pt\/wp-json\/wp\/v2\/pages\/2769","targetHints":{"allow":["GET"]}}],"collection":[{"href":"https:\/\/vapestornado.com\/pt\/wp-json\/wp\/v2\/pages"}],"about":[{"href":"https:\/\/vapestornado.com\/pt\/wp-json\/wp\/v2\/types\/page"}],"author":[{"embeddable":true,"href":"https:\/\/vapestornado.com\/pt\/wp-json\/wp\/v2\/users\/1"}],"replies":[{"embeddable":true,"href":"https:\/\/vapestornado.com\/pt\/wp-json\/wp\/v2\/comments?post=2769"}],"version-history":[{"count":2,"href":"https:\/\/vapestornado.com\/pt\/wp-json\/wp\/v2\/pages\/2769\/revisions"}],"predecessor-version":[{"id":2771,"href":"https:\/\/vapestornado.com\/pt\/wp-json\/wp\/v2\/pages\/2769\/revisions\/2771"}],"wp:attachment":[{"href":"https:\/\/vapestornado.com\/pt\/wp-json\/wp\/v2\/media?parent=2769"}],"curies":[{"name":"wp","href":"https:\/\/api.w.org\/{rel}","templated":true}]}}