{"id":4850,"date":"2026-02-03T03:49:42","date_gmt":"2026-02-03T03:49:42","guid":{"rendered":"https:\/\/vapestornado.com\/?post_type=product&#038;p=4850"},"modified":"2026-02-03T03:57:51","modified_gmt":"2026-02-03T03:57:51","slug":"razz-bar-60k-vapes-wholesaler-60000-puffs-disposable-crystal-vape-eu-fast-shipping","status":"publish","type":"product","link":"https:\/\/vapestornado.com\/pl\/product\/razz-bar-60k-vapes-wholesaler-60000-puffs-disposable-crystal-vape-eu-fast-shipping\/","title":{"rendered":"RAZZ BAR 60K Hurtownia Vapes 60000 Puf\u00f3w Jednorazowy Crystal Vape EU Szybka Wysy\u0142ka"},"content":{"rendered":"<h1 data-start=\"0\" data-end=\"87\">RAZZ BAR 60K Hurtownia Vapes \u2013 60000 Puf\u00f3w Crystal Jednorazowy Vape z Szybk\u0105 Wysy\u0142k\u0105 EU<\/h1>\n<p data-start=\"283\" data-end=\"634\">Cyfrowy ekran <strong data-start=\"287\" data-end=\"303\">RAZZ BAR 60K<\/strong> to urz\u0105dzenie o du\u017cej pojemno\u015bci <strong data-start=\"323\" data-end=\"343\">jednorazowy vapor<\/strong> zaprojektowany dla hurtownik\u00f3w i <strong data-start=\"370\" data-end=\"391\">Sklepie z e-papierosami<\/strong> kupuj\u0105cych, kt\u00f3rzy potrzebuj\u0105 szybko sprzedaj\u0105cych si\u0119 produkt\u00f3w w <strong data-start=\"434\" data-end=\"449\">niska cena<\/strong> z stabilnym zaopatrzeniem. Wyposa\u017cony w prawdziwy <strong data-start=\"487\" data-end=\"509\">60 000 puf\u00f3w wyj\u015bciowych<\/strong>, przezroczyst\u0105 obudow\u0119 i system podw\u00f3jnych zbiornik\u00f3w z siatk\u0105, ten model zosta\u0142 zaprojektowany tak, aby dzia\u0142a\u0142 niezawodnie przez ca\u0142y cykl \u017cycia.<\/p>\n<p data-start=\"636\" data-end=\"951\">Przezroczyste <strong data-start=\"652\" data-end=\"668\">Kryszta\u0142owa Vape<\/strong> obudowa pozwala u\u017cytkownikom na szybkie sprawdzenie poziomu e-liquid, co zmniejsza nadu\u017cycia i zwroty na poziomie detalicznym. Wewn\u0105trz, <strong data-start=\"784\" data-end=\"809\">podw\u00f3jny zbiornik + system grza\u0142ek z siatki<\/strong> zapewnia czysty vapor i stabilny smak, nawet podczas d\u0142ugich sesji, co czyni go <strong data-start=\"898\" data-end=\"916\">RAZZ BAR 60000<\/strong> odpowiednim dla u\u017cytkownik\u00f3w o wysokiej cz\u0119stotliwo\u015bci korzystania.<\/p>\n<p data-start=\"953\" data-end=\"1256\">A <strong data-start=\"955\" data-end=\"986\">akumulator o pojemno\u015bci 650 mAh<\/strong> z <strong data-start=\"992\" data-end=\"1011\">\u0142adowanie typu C<\/strong> zapewnia, \u017ce urz\u0105dzenie wystarczy na pe\u0142ne zu\u017cycie e-liquid, unikaj\u0105c powszechnego problemu spadku mocy w du\u017cych pufach w jednorazowych urz\u0105dzeniach. Dost\u0119pne w <strong data-start=\"1162\" data-end=\"1184\">2% i 5% salt nic<\/strong>, pokrywa g\u0142\u00f3wne zapotrzebowanie UE, pozostaj\u0105c konkurencyjnym cenowo.<\/p>\n<p data-start=\"1258\" data-end=\"1502\">Dzi\u0119ki <strong data-start=\"1263\" data-end=\"1315\">Szybka wysy\u0142ka do UE z lokalnego magazynu (5\u20137 dni)<\/strong>, RAZZ BAR 60K pomaga hurtownikom skr\u00f3ci\u0107 cykle dostaw i zmniejszy\u0107 ryzyko logistyczne. To praktyczny wyb\u00f3r dla dystrybutor\u00f3w chc\u0105cych zwi\u0119kszy\u0107 wolumen bez utraty niezawodno\u015bci.<\/p>\n<p data-start=\"1504\" data-end=\"1586\"><strong data-start=\"1507\" data-end=\"1586\">Skontaktuj si\u0119 z nami ju\u017c teraz, aby uzyska\u0107 hurtowe ceny RAZZ BAR 60K i dost\u0119pno\u015b\u0107 w magazynie UE.<\/strong><\/p>\n<p><strong><span style=\"color: #ff0000;\">Dodaj Amy do WhatsAppa, aby uzyska\u0107 szybk\u0105 odpowied\u017a i kupon na vape!<\/span><\/strong><\/p>\n<p><img fetchpriority=\"high\" decoding=\"async\" class=\"size-full wp-image-2932\" src=\"https:\/\/vapestornado.com\/wp-content\/uploads\/2024\/12\/Vape-Wholesale.jpg\" alt=\"Hurtowa sprzeda\u017c e-papieros\u00f3w\" width=\"229\" height=\"300\" \/><\/p>\n<h3><a href=\"https:\/\/wa.me\/8617776015835\" target=\"_blank\" rel=\"noopener\"><span style=\"color: #ff0000;\"><strong>WhatsApp: +86 17776015835<\/strong><\/span><\/a><\/h3>\n<h2><strong>Kluczowe cechy produktu RAZZ BAR 60K Puffs<\/strong><\/h2>\n<ul>\n<li data-start=\"1651\" data-end=\"1751\">\n<p data-start=\"1653\" data-end=\"1751\"><strong data-start=\"1653\" data-end=\"1679\">Pojemno\u015b\u0107 60 000 Puf\u00f3w:<\/strong> Zaprojektowany do d\u0142ugotrwa\u0142ego u\u017cytkowania z stabilnym wydmuchiwaniem pary od pocz\u0105tku do ko\u0144ca.<\/p>\n<\/li>\n<li data-start=\"1752\" data-end=\"1857\">\n<p data-start=\"1754\" data-end=\"1857\"><strong data-start=\"1754\" data-end=\"1785\">Przezroczysty design kryszta\u0142owy:<\/strong> Przezroczysta obudowa poprawia atrakcyjno\u015b\u0107 na p\u00f3\u0142ce i umo\u017cliwia \u0142atwe sprawdzanie poziomu oleju.<\/p>\n<\/li>\n<li data-start=\"1858\" data-end=\"1955\">\n<p data-start=\"1860\" data-end=\"1955\"><strong data-start=\"1860\" data-end=\"1884\">Podw\u00f3jny zbiornik z siatkowym coil'em:<\/strong> Zapewnia p\u0142ynn\u0105 par\u0119 i sta\u0142e dostarczanie smaku podczas d\u0142ugiego u\u017cytkowania.<\/p>\n<\/li>\n<li data-start=\"1956\" data-end=\"2066\">\n<p data-start=\"1958\" data-end=\"2066\"><strong data-start=\"1958\" data-end=\"1990\">Akumulator 650 mAh:<\/strong> Dopasowany system zasilania obs\u0142uguje pe\u0142ne zu\u017cycie oleju bez wczesnej awarii.<\/p>\n<\/li>\n<li data-start=\"2067\" data-end=\"2153\">\n<p data-start=\"2069\" data-end=\"2153\"><strong data-start=\"2069\" data-end=\"2090\">Szybka wysy\u0142ka do UE:<\/strong> Wysy\u0142ka z magazynu UE w ci\u0105gu 5\u20137 dni dla szybszej rotacji.<\/p>\n<\/li>\n<\/ul>\n<h2 class=\"product-title\"><strong>Lista smak\u00f3w RAZZ BAR 60K 60000Puff<\/strong><\/h2>\n<ol data-start=\"2189\" data-end=\"2540\">\n<li data-start=\"2189\" data-end=\"2211\">\n<p data-start=\"2192\" data-end=\"2211\">Truskawkowo-Bananowy<\/p>\n<\/li>\n<li data-start=\"2212\" data-end=\"2232\">\n<p data-start=\"2215\" data-end=\"2232\">Soczysta Brzoskwinia z Lodem<\/p>\n<\/li>\n<li data-start=\"2233\" data-end=\"2247\">\n<p data-start=\"2236\" data-end=\"2247\">Coco Loco<\/p>\n<\/li>\n<li data-start=\"2248\" data-end=\"2272\">\n<p data-start=\"2251\" data-end=\"2272\">S\u0142odka kwa\u015bna malina<\/p>\n<\/li>\n<li data-start=\"2273\" data-end=\"2290\">\n<p data-start=\"2276\" data-end=\"2290\">Bawe\u0142niana wata<\/p>\n<\/li>\n<li data-start=\"2291\" data-end=\"2306\">\n<p data-start=\"2294\" data-end=\"2306\">\u017belki<\/p>\n<\/li>\n<li data-start=\"2307\" data-end=\"2332\">\n<p data-start=\"2310\" data-end=\"2332\">Jagodowy Arbuz<\/p>\n<\/li>\n<li data-start=\"2333\" data-end=\"2363\">\n<p data-start=\"2336\" data-end=\"2363\">Cytryna Brzoskwinia Passion Fruit<\/p>\n<\/li>\n<li data-start=\"2364\" data-end=\"2402\">\n<p data-start=\"2367\" data-end=\"2402\">Czarny L\u00f3d Smoczy Owoc Truskawka<\/p>\n<\/li>\n<li data-start=\"2403\" data-end=\"2422\">\n<p data-start=\"2407\" data-end=\"2422\">Mieszanka Jag\u00f3d<\/p>\n<\/li>\n<li data-start=\"2423\" data-end=\"2436\">\n<p data-start=\"2427\" data-end=\"2436\">Mi\u0142o\u015b\u0107 66<\/p>\n<\/li>\n<li data-start=\"2437\" data-end=\"2458\">\n<p data-start=\"2441\" data-end=\"2458\">Truskawka Kiwi<\/p>\n<\/li>\n<li data-start=\"2459\" data-end=\"2479\">\n<p data-start=\"2463\" data-end=\"2479\">Owoc Tropikalny<\/p>\n<\/li>\n<li data-start=\"2480\" data-end=\"2509\">\n<p data-start=\"2484\" data-end=\"2509\">Truskawka Wanilia Cola<\/p>\n<\/li>\n<li data-start=\"2510\" data-end=\"2521\">\n<p data-start=\"2514\" data-end=\"2521\">Mango<\/p>\n<\/li>\n<li data-start=\"2522\" data-end=\"2540\">\n<p data-start=\"2526\" data-end=\"2540\">Letni Sen<\/p>\n<\/li>\n<\/ol>\n<figure id=\"attachment_4848\" aria-describedby=\"caption-attachment-4848\" style=\"width: 228px\" class=\"wp-caption alignnone\"><img decoding=\"async\" class=\"size-medium wp-image-4848\" src=\"https:\/\/vapestornado.com\/wp-content\/uploads\/2026\/01\/RAZZ-BAR-60000-Puffs-Crystal-60K-Mesh-Coil-Disposable-Vape-228x300.webp\" alt=\"RAZZ BAR 60000 Puffs Kryszta\u0142owy 60K Mesh Coil Jednorazowy E-papieros\" width=\"228\" height=\"300\" srcset=\"https:\/\/vapestornado.com\/wp-content\/uploads\/2026\/01\/RAZZ-BAR-60000-Puffs-Crystal-60K-Mesh-Coil-Disposable-Vape-228x300.webp 228w, https:\/\/vapestornado.com\/wp-content\/uploads\/2026\/01\/RAZZ-BAR-60000-Puffs-Crystal-60K-Mesh-Coil-Disposable-Vape-777x1024.webp 777w, https:\/\/vapestornado.com\/wp-content\/uploads\/2026\/01\/RAZZ-BAR-60000-Puffs-Crystal-60K-Mesh-Coil-Disposable-Vape-768x1013.webp 768w, https:\/\/vapestornado.com\/wp-content\/uploads\/2026\/01\/RAZZ-BAR-60000-Puffs-Crystal-60K-Mesh-Coil-Disposable-Vape-9x12.webp 9w, https:\/\/vapestornado.com\/wp-content\/uploads\/2026\/01\/RAZZ-BAR-60000-Puffs-Crystal-60K-Mesh-Coil-Disposable-Vape-600x791.webp 600w, https:\/\/vapestornado.com\/wp-content\/uploads\/2026\/01\/RAZZ-BAR-60000-Puffs-Crystal-60K-Mesh-Coil-Disposable-Vape.webp 910w\" sizes=\"(max-width: 228px) 100vw, 228px\" \/><figcaption id=\"caption-attachment-4848\" class=\"wp-caption-text\">RAZZ BAR 60000 Puffs Kryszta\u0142owy 60K Mesh Coil Jednorazowy E-papieros<\/figcaption><\/figure>\n<h2 data-start=\"2547\" data-end=\"2587\">Dlaczego Hurtownicy Wybieraj\u0105 RAZZBAR 60000<\/h2>\n<ul data-start=\"2589\" data-end=\"2800\">\n<li data-start=\"2589\" data-end=\"2637\">\n<p data-start=\"2591\" data-end=\"2637\">Wysoka liczba puf\u00f3w zwi\u0119ksza lojalno\u015b\u0107 klient\u00f3w<\/p>\n<\/li>\n<li data-start=\"2638\" data-end=\"2689\">\n<p data-start=\"2640\" data-end=\"2689\">Design kryszta\u0142owy podnosi postrzegan\u0105 warto\u015b\u0107 w sprzeda\u017cy detalicznej<\/p>\n<\/li>\n<li data-start=\"2690\" data-end=\"2750\">\n<p data-start=\"2692\" data-end=\"2750\">Magazyn EU zmniejsza presj\u0119 na dostaw\u0119 i odpraw\u0119 celn\u0105<\/p>\n<\/li>\n<li data-start=\"2751\" data-end=\"2800\">\n<p data-start=\"2753\" data-end=\"2800\">Konkurencyjne koszty wspieraj\u0105 mar\u017ce zysku przy hurtowej sprzeda\u017cy<\/p>\n<\/li>\n<\/ul>\n<p>&nbsp;<\/p>\n<div class=\"flex-shrink-0 flex flex-col relative items-end\">\n<div class=\"pt-0\">\n<div class=\"gizmo-bot-avatar flex h-8 w-8 items-center justify-center overflow-hidden rounded-full\">\n<div class=\"relative p-1 rounded-sm flex items-center justify-center bg-token-main-surface-primary text-token-text-primary h-8 w-8\">\n<h2 data-start=\"1200\" data-end=\"1487\">Vapes Tornado \u2013 Tw\u00f3j hurtowy sklep internetowy z vaporami dla popularnych e-papieros\u00f3w<\/h2>\n<p data-start=\"72\" data-end=\"396\"><strong data-start=\"72\" data-end=\"89\">Tornado Vape<\/strong> to hurtowy sklep internetowy z vaporami skoncentrowany na Europie, oferuj\u0105cy starannie wyselekcjonowany asortyment <strong data-start=\"178\" data-end=\"195\">popularnych e-papieros\u00f3w<\/strong> dla profesjonalnych nabywc\u00f3w. Wsp\u00f3\u0142pracujemy z detalistami, dystrybutorami i sklepami internetowymi w ca\u0142ej UE, kt\u00f3rzy potrzebuj\u0105 stabilnej dostawy, jasnych informacji o produktach oraz marek, kt\u00f3re klienci ju\u017c rozpoznaj\u0105 i ufaj\u0105 im.<\/p>\n<p data-start=\"398\" data-end=\"687\">Wsp\u00f3\u0142pracujemy z zaufanymi nazwami takimi jak <strong data-start=\"247\" data-end=\"352\"><a href=\"https:\/\/vapestornado.com\/pl\/product\/randm-12000-puffs-fumot-digital-disposable-vape-wholesale-price\/\">Fumot Waporyzator<\/a>, <a href=\"https:\/\/vapestornado.com\/pl\/product\/original-wga-ultra-35k-35000-puff-rechargeable-crystal-disposable-nicotine-vape-best-discount-price\/\">WGA VAPE<\/a>, <a href=\"https:\/\/vapestornado.com\/pl\/product\/vozol-gear-shisha-25k-25000-puffs-best-dtl-disposable-vape-hookah-cheap-price\/\">VOZOL BAR VAPE<\/a>, <\/strong><strong data-start=\"247\" data-end=\"352\">Elf Bar Vape, WASPE Vape, <a href=\"https:\/\/vapestornado.com\/pl\/product\/uzy-150k-puffs-6-in-1-flavor-switch-disposable-vape-pen-wholesale\/\">Waporyzator UZY<\/a>, Bang Vape, Razz Bar Vape, \u00a0i Stag Bar Vape<\/strong>, wybrane ze wzgl\u0119du na sta\u0142\u0105 jako\u015b\u0107 i du\u017c\u0105 popularno\u015b\u0107 na rynku europejskim.<\/p>\n<h4 data-start=\"1080\" data-end=\"1120\">Stworzony dla hurtowych sprzedawc\u00f3w e-papieros\u00f3w w Europie<\/h4>\n<p data-start=\"1121\" data-end=\"1189\">Vapes Tornado s\u0105 dostosowane do rzeczywistych potrzeb hurtownik\u00f3w z UE:<\/p>\n<ul data-start=\"1190\" data-end=\"1400\">\n<li data-start=\"1190\" data-end=\"1239\">\n<p data-start=\"1192\" data-end=\"1239\">Konkurencyjne ceny hurtowe przy zam\u00f3wieniach hurtowych<\/p>\n<\/li>\n<li data-start=\"1240\" data-end=\"1289\">\n<p data-start=\"1242\" data-end=\"1289\">Przejrzyste opisy produkt\u00f3w i specyfikacje<\/p>\n<\/li>\n<li data-start=\"1290\" data-end=\"1330\">\n<p data-start=\"1292\" data-end=\"1330\">Szybka, niezawodna logistyka skierowana na UE<\/p>\n<\/li>\n<li data-start=\"1331\" data-end=\"1400\">\n<p data-start=\"1333\" data-end=\"1400\">Katalog skoncentrowany na <strong data-start=\"1356\" data-end=\"1373\">popularnych e-papieros\u00f3w<\/strong>, nie na prze\u0142adowanych SKU<\/p>\n<\/li>\n<\/ul>\n<h2 data-start=\"2064\" data-end=\"2115\">Najcz\u0119\u015bciej zadawane pytania o RAZZ BAR 60K 60000 Puffs Jednorazowy E-papieros<\/h2>\n<p data-start=\"2847\" data-end=\"2992\"><strong data-start=\"2847\" data-end=\"2910\">1. Czy RAZZ BAR 60K nadaje si\u0119 do hurtowej dystrybucji?<\/strong><br data-start=\"2910\" data-end=\"2913\" \/>Tak, jest pakowany w <strong data-start=\"2934\" data-end=\"2956\">200 sztuk w kartonie<\/strong> i zaprojektowany do sprzeda\u017cy na du\u017c\u0105 skal\u0119.<\/p>\n<p data-start=\"2994\" data-end=\"3119\"><strong data-start=\"2994\" data-end=\"3044\">2. Czy RAZZ BAR 60000 obs\u0142uguje \u0142adowanie?<\/strong><br data-start=\"3044\" data-end=\"3047\" \/>Tak, posiada <strong data-start=\"3066\" data-end=\"3097\">akumulator o pojemno\u015bci 650 mAh<\/strong> za pomoc\u0105 \u0142adowania Type-C.<\/p>\n<p data-start=\"3121\" data-end=\"3218\"><strong data-start=\"3121\" data-end=\"3166\">3. Jakie moce nikotyny s\u0105 dost\u0119pne?<\/strong><br data-start=\"3166\" data-end=\"3169\" \/>Dost\u0119pne w <strong data-start=\"3182\" data-end=\"3209\">sole nikotynowe 2% i 5%<\/strong> opcji.<\/p>\n<p data-start=\"3220\" data-end=\"3312\"><strong data-start=\"3220\" data-end=\"3251\">4. Jak szybka jest dostawa w UE?<\/strong><br data-start=\"3251\" data-end=\"3254\" \/>Zam\u00f3wienia wysy\u0142ane z magazynu UE w ci\u0105gu <strong data-start=\"3291\" data-end=\"3311\">5\u20137 dni roboczych<\/strong>.<\/p>\n<p data-start=\"3314\" data-end=\"3479\"><strong data-start=\"3314\" data-end=\"3369\">5. Czy ten model jest odpowiedni do sklepu z e-papierosami?<\/strong><br data-start=\"3369\" data-end=\"3372\" \/>Tak, jego kryszta\u0142owy design, d\u0142ugi czas \u017cycia i zakres smak\u00f3w sprawiaj\u0105, \u017ce jest idealny do sprzeda\u017cy detalicznej i powtarzalnej.<\/p>\n<\/div>\n<\/div>\n<\/div>\n<\/div>","protected":false},"excerpt":{"rendered":"<div class=\"flex max-w-full flex-col grow\">\n<div class=\"min-h-8 text-message relative flex w-full flex-col items-end gap-2 text-start break-words whitespace-normal [.text-message+&amp;]:mt-1\" dir=\"auto\" data-message-author-role=\"assistant\" data-message-id=\"2a9d6edf-5b3a-41c0-afc9-caef2e4c2c3b\" data-message-model-slug=\"gpt-5-2\">\n<div class=\"flex w-full flex-col gap-1 empty:hidden first:pt-[1px]\">\n<div class=\"markdown prose dark:prose-invert w-full break-words light markdown-new-styling\">\n<p data-start=\"4300\" data-end=\"4384\">RAZZ BAR 60K Crystal Jednorazowy Vape 60000 Puf\u00f3w EU Szybka Wysy\u0142ka<br \/>\nRAZZ BAR 60000 Jednorazowy Vapor Niska Cena dla Hurtownik\u00f3w<br \/>\nRAZZ BAR 60K Hurtowa Dostawa E-papieros\u00f3w z Magazynu EU<\/p>\n<\/div>\n<\/div>\n<\/div>\n<\/div>\n<p><strong>Dodaj Amy na WhatsApp, aby uzyska\u0107 w\u0142a\u015bciw\u0105 odpowied\u017a i cen\u0119 z rabatem!<\/strong><\/p>\n<p><img fetchpriority=\"high\" decoding=\"async\" class=\"size-full wp-image-2932\" src=\"https:\/\/vapestornado.com\/wp-content\/uploads\/2024\/12\/Vape-Wholesale.jpg\" alt=\"Hurtowa sprzeda\u017c e-papieros\u00f3w\" width=\"229\" height=\"300\" \/><\/p>\n<h3><a href=\"https:\/\/wa.me\/8617776015835\"><span style=\"color: #ff0000;\"><strong>WhatsApp: +86 17776015835<\/strong><\/span><\/a><\/h3>","protected":false},"featured_media":4849,"comment_status":"open","ping_status":"closed","template":"","meta":{"_acf_changed":false,"_uag_custom_page_level_css":"","_lmt_disableupdate":"no","_lmt_disable":"","_monsterinsights_skip_tracking":false,"_monsterinsights_sitenote_active":false,"_monsterinsights_sitenote_note":"","_monsterinsights_sitenote_category":0,"site-sidebar-layout":"default","site-content-layout":"","ast-site-content-layout":"default","site-content-style":"default","site-sidebar-style":"default","ast-global-header-display":"","ast-banner-title-visibility":"","ast-main-header-display":"","ast-hfb-above-header-display":"","ast-hfb-below-header-display":"","ast-hfb-mobile-header-display":"","site-post-title":"","ast-breadcrumbs-content":"","ast-featured-img":"","footer-sml-layout":"","ast-disable-related-posts":"","theme-transparent-header-meta":"default","adv-header-id-meta":"","stick-header-meta":"","header-above-stick-meta":"","header-main-stick-meta":"","header-below-stick-meta":"","astra-migrate-meta-layouts":"set","ast-page-background-enabled":"default","ast-page-background-meta":{"desktop":{"background-color":"","background-image":"","background-repeat":"repeat","background-position":"center center","background-size":"auto","background-attachment":"scroll","background-type":"","background-media":"","overlay-type":"","overlay-color":"","overlay-opacity":"","overlay-gradient":""},"tablet":{"background-color":"","background-image":"","background-repeat":"repeat","background-position":"center center","background-size":"auto","background-attachment":"scroll","background-type":"","background-media":"","overlay-type":"","overlay-color":"","overlay-opacity":"","overlay-gradient":""},"mobile":{"background-color":"","background-image":"","background-repeat":"repeat","background-position":"center center","background-size":"auto","background-attachment":"scroll","background-type":"","background-media":"","overlay-type":"","overlay-color":"","overlay-opacity":"","overlay-gradient":""}},"ast-content-background-meta":{"desktop":{"background-color":"var(--ast-global-color-5)","background-image":"","background-repeat":"repeat","background-position":"center center","background-size":"auto","background-attachment":"scroll","background-type":"","background-media":"","overlay-type":"","overlay-color":"","overlay-opacity":"","overlay-gradient":""},"tablet":{"background-color":"var(--ast-global-color-5)","background-image":"","background-repeat":"repeat","background-position":"center center","background-size":"auto","background-attachment":"scroll","background-type":"","background-media":"","overlay-type":"","overlay-color":"","overlay-opacity":"","overlay-gradient":""},"mobile":{"background-color":"var(--ast-global-color-5)","background-image":"","background-repeat":"repeat","background-position":"center center","background-size":"auto","background-attachment":"scroll","background-type":"","background-media":"","overlay-type":"","overlay-color":"","overlay-opacity":"","overlay-gradient":""}},"_joinchat":[]},"product_brand":[],"product_cat":[343,149,152,153,154,156,141,492,144,146],"product_tag":[572,120,368,571,573,570,569,568,574],"class_list":{"0":"post-4850","1":"product","2":"type-product","3":"status-publish","4":"has-post-thumbnail","6":"product_cat-60000-puff","7":"product_cat-buy-disposable-vapes-in-austria","8":"product_cat-buy-disposable-vapes-in-cermany","9":"product_cat-buy-disposable-vapes-in-italy","10":"product_cat-buy-disposable-vapes-in-netherlands","11":"product_cat-buy-disposable-vapes-in-poland","12":"product_cat-crystal-disposable-vapes","13":"product_cat-eu-warehouse","14":"product_cat-low-nicotine-disposable-vapes","15":"product_cat-rechargeable-disposable-vapes","16":"product_tag-cheap-price","17":"product_tag-crystal-vape","18":"product_tag-disposable-vapor","19":"product_tag-e-cigarette","20":"product_tag-e-cigarette-store","21":"product_tag-eu-fast-shipping","22":"product_tag-razz-bar-60000","23":"product_tag-razz-bar-60k","24":"product_tag-vape-wholesale-germany","25":"desktop-align-left","26":"tablet-align-left","27":"mobile-align-left","29":"first","30":"instock","31":"sale","32":"shipping-taxable","33":"purchasable","34":"product-type-simple"},"acf":[],"uagb_featured_image_src":{"full":["https:\/\/vapestornado.com\/wp-content\/uploads\/2026\/01\/RAZZ-BAR-Crystal-60k-Disposable-Vape-Wholesale.webp",800,800,false],"thumbnail":["https:\/\/vapestornado.com\/wp-content\/uploads\/2026\/01\/RAZZ-BAR-Crystal-60k-Disposable-Vape-Wholesale-150x150.webp",150,150,true],"medium":["https:\/\/vapestornado.com\/wp-content\/uploads\/2026\/01\/RAZZ-BAR-Crystal-60k-Disposable-Vape-Wholesale-300x300.webp",300,300,true],"medium_large":["https:\/\/vapestornado.com\/wp-content\/uploads\/2026\/01\/RAZZ-BAR-Crystal-60k-Disposable-Vape-Wholesale-768x768.webp",768,768,true],"large":["https:\/\/vapestornado.com\/wp-content\/uploads\/2026\/01\/RAZZ-BAR-Crystal-60k-Disposable-Vape-Wholesale.webp",800,800,false],"1536x1536":["https:\/\/vapestornado.com\/wp-content\/uploads\/2026\/01\/RAZZ-BAR-Crystal-60k-Disposable-Vape-Wholesale.webp",800,800,false],"2048x2048":["https:\/\/vapestornado.com\/wp-content\/uploads\/2026\/01\/RAZZ-BAR-Crystal-60k-Disposable-Vape-Wholesale.webp",800,800,false],"trp-custom-language-flag":["https:\/\/vapestornado.com\/wp-content\/uploads\/2026\/01\/RAZZ-BAR-Crystal-60k-Disposable-Vape-Wholesale-12x12.webp",12,12,true],"woocommerce_thumbnail":["https:\/\/vapestornado.com\/wp-content\/uploads\/2026\/01\/RAZZ-BAR-Crystal-60k-Disposable-Vape-Wholesale-300x300.webp",300,300,true],"woocommerce_single":["https:\/\/vapestornado.com\/wp-content\/uploads\/2026\/01\/RAZZ-BAR-Crystal-60k-Disposable-Vape-Wholesale-600x600.webp",600,600,true],"woocommerce_gallery_thumbnail":["https:\/\/vapestornado.com\/wp-content\/uploads\/2026\/01\/RAZZ-BAR-Crystal-60k-Disposable-Vape-Wholesale-100x100.webp",100,100,true]},"uagb_author_info":{"display_name":"ESAMY","author_link":"https:\/\/vapestornado.com\/pl\/author\/"},"uagb_comment_info":0,"uagb_excerpt":"RAZZ BAR 60K Crystal Disposable Vape 60000 Puffs EU Fast Shipping RAZZ BAR 60000 Disposable Vapor Cheap Price for Wholesalers RAZZ BAR 60K E-cigarette Bulk Supply from EU Warehouse Add Amy's whatsapp to get right reply and discount price! WhatsApp: +86 17776015835","_links":{"self":[{"href":"https:\/\/vapestornado.com\/pl\/wp-json\/wp\/v2\/product\/4850","targetHints":{"allow":["GET"]}}],"collection":[{"href":"https:\/\/vapestornado.com\/pl\/wp-json\/wp\/v2\/product"}],"about":[{"href":"https:\/\/vapestornado.com\/pl\/wp-json\/wp\/v2\/types\/product"}],"replies":[{"embeddable":true,"href":"https:\/\/vapestornado.com\/pl\/wp-json\/wp\/v2\/comments?post=4850"}],"wp:featuredmedia":[{"embeddable":true,"href":"https:\/\/vapestornado.com\/pl\/wp-json\/wp\/v2\/media\/4849"}],"wp:attachment":[{"href":"https:\/\/vapestornado.com\/pl\/wp-json\/wp\/v2\/media?parent=4850"}],"wp:term":[{"taxonomy":"product_brand","embeddable":true,"href":"https:\/\/vapestornado.com\/pl\/wp-json\/wp\/v2\/product_brand?post=4850"},{"taxonomy":"product_cat","embeddable":true,"href":"https:\/\/vapestornado.com\/pl\/wp-json\/wp\/v2\/product_cat?post=4850"},{"taxonomy":"product_tag","embeddable":true,"href":"https:\/\/vapestornado.com\/pl\/wp-json\/wp\/v2\/product_tag?post=4850"}],"curies":[{"name":"wp","href":"https:\/\/api.w.org\/{rel}","templated":true}]}}