{"id":4833,"date":"2026-01-23T08:34:14","date_gmt":"2026-01-23T08:34:14","guid":{"rendered":"https:\/\/vapestornado.com\/?post_type=product&#038;p=4833"},"modified":"2026-01-23T08:50:43","modified_gmt":"2026-01-23T08:50:43","slug":"waspe-crystal-180k-180000-puffs-disposable-vapes-pen-8-in-1-flavor-bulk-buy","status":"publish","type":"product","link":"https:\/\/vapestornado.com\/pl\/product\/waspe-crystal-180k-180000-puffs-disposable-vapes-pen-8-in-1-flavor-bulk-buy\/","title":{"rendered":"WASPE Crystal 180k 180000 Puffs Jednorazowe Vape Pen 8 w 1 Smak Hurtowa"},"content":{"rendered":"<h1 data-start=\"0\" data-end=\"87\">WASPE Crystal 180K Puff Jednorazowa Vape Penka \u2013 Wielokrotnego U\u017cytku o Smaku 8-w-1<\/h1>\n<p data-start=\"275\" data-end=\"612\">Cyfrowy ekran <strong data-start=\"279\" data-end=\"326\">WASPE Crystal 180K Puff Jednorazowa Vape Penka<\/strong> zosta\u0142a stworzona dla hurtownik\u00f3w, kt\u00f3rzy chc\u0105 maksymalnego efektu na p\u00f3\u0142ce i d\u0142ugoterminowego obrotu. Dostarczaj\u0105c do <strong data-start=\"423\" data-end=\"440\">180 000 puf\u00f3w<\/strong>, ta urz\u0105dzenie nale\u017cy do kategorii ultra-wysokiej pojemno\u015bci, zaprojektowane dla intensywnych u\u017cytkownik\u00f3w i hurtowych nabywc\u00f3w ceni\u0105cych trwa\u0142o\u015b\u0107, sp\u00f3jno\u015b\u0107 i wyra\u017ane wska\u017aniki wydajno\u015bci.<\/p>\n<p data-start=\"614\" data-end=\"934\">Zasilany przez <strong data-start=\"627\" data-end=\"657\">czterokanalowy system grza\u0142ek mesh 1.0\u03a9<\/strong>, WASPE Crystal 180k utrzymuje stabilny smak przez ca\u0142y cykl \u017cycia. The <strong data-start=\"745\" data-end=\"771\">pojemno\u015b\u0107 na e-liquid 68ml<\/strong> w po\u0142\u0105czeniu z <strong data-start=\"786\" data-end=\"824\">Akumulator 650 mAh \u0142adowany przez Type-C<\/strong> zapewnia sta\u0142\u0105 produkcj\u0119 pary bez wczesnego spadku, zmniejszaj\u0105c skargi klient\u00f3w i konieczno\u015b\u0107 powtarzaj\u0105cych si\u0119 wymian.<\/p>\n<p data-start=\"936\" data-end=\"1299\">To, co wyr\u00f3\u017cnia <strong data-start=\"950\" data-end=\"974\">WASPE Crystal 180000<\/strong> to jego <strong data-start=\"988\" data-end=\"1023\">System regulacji smaku 8-w-1<\/strong>, umo\u017cliwiaj\u0105cy u\u017cytkownikom zmian\u0119 smak\u00f3w w jednym urz\u0105dzeniu. W po\u0142\u0105czeniu z <strong data-start=\"1089\" data-end=\"1109\">inteligentny ekran LED<\/strong> kt\u00f3ry wy\u015bwietla poziom baterii i oleju, ten vaporizator z ekranem oferuje przejrzysto\u015b\u0107, kontrol\u0119 i wysokiej klasy do\u015bwiadczenie u\u017cytkownika \u2014 kluczowe czynniki dla powtarzalnej sprzeda\u017cy na rynku hurtowym Jednorazowych Vape\u2019\u00f3w.<\/p>\n<p data-start=\"1301\" data-end=\"1593\">Dost\u0119pne w <strong data-start=\"1314\" data-end=\"1349\">0%, 2% i 5% nikotyny<\/strong>, <strong data-start=\"1355\" data-end=\"1394\">WASPE 180k Puff Jednorazowa Vape Penka<\/strong> odpowiada wielu rynkom UE i preferencjom klient\u00f3w. Jego solidna konstrukcja, du\u017cy format i nowoczesny design w stylu kryszta\u0142u czyni\u0105 go mocnym graczem dla hurtownik\u00f3w poszukuj\u0105cych zam\u00f3wie\u0144 hurtowych i szybkiej rotacji.<\/p>\n<p data-start=\"1595\" data-end=\"1722\"><strong data-start=\"1598\" data-end=\"1722\">Hurtowi nabywcy i vaperzy: zabezpieczcie sw\u00f3j zapas WASPE Crystal 180k ju\u017c teraz i wzmocnijcie swoj\u0105 kategori\u0119 jednorazowych vape\u2019\u00f3w o du\u017cej liczbie puf\u00f3w z pewno\u015bci\u0105.<\/strong><\/p>\n<p><strong><span style=\"color: #ff0000;\">Dodaj Amy do WhatsAppa, aby uzyska\u0107 szybk\u0105 odpowied\u017a i kupon na vape!<\/span><\/strong><\/p>\n<p><img fetchpriority=\"high\" decoding=\"async\" class=\"size-full wp-image-2932\" src=\"https:\/\/vapestornado.com\/wp-content\/uploads\/2024\/12\/Vape-Wholesale.jpg\" alt=\"Hurtowa sprzeda\u017c e-papieros\u00f3w\" width=\"229\" height=\"300\" \/><\/p>\n<h3><a href=\"https:\/\/wa.me\/8617776015835\" target=\"_blank\" rel=\"noopener\"><span style=\"color: #ff0000;\"><strong>WhatsApp: +86 17776015835<\/strong><\/span><\/a><\/h3>\n<p>&nbsp;<\/p>\n<h2><strong>WASPE Crystal 180k Puf Funkcje produktu<\/strong><\/h2>\n<ul>\n<li data-start=\"1774\" data-end=\"1894\">\n<p data-start=\"1776\" data-end=\"1894\"><strong data-start=\"1776\" data-end=\"1801\">Pojemno\u015b\u0107 180 000 puf\u00f3w<\/strong> \u2013 Zaprojektowana do d\u0142ugotrwa\u0142ego u\u017cytkowania, minimalizuj\u0105c konieczno\u015b\u0107 wymian i maksymalizuj\u0105c satysfakcj\u0119 klient\u00f3w.<\/p>\n<\/li>\n<li data-start=\"1895\" data-end=\"2012\">\n<p data-start=\"1897\" data-end=\"2012\"><strong data-start=\"1897\" data-end=\"1932\">System regulacji smaku 8-w-1<\/strong> \u2013 Wiele wybor\u00f3w smak\u00f3w w jednym urz\u0105dzeniu zwi\u0119ksza zaanga\u017cowanie i powtarzalno\u015b\u0107 u\u017cycia.<\/p>\n<\/li>\n<li data-start=\"2013\" data-end=\"2111\">\n<p data-start=\"2015\" data-end=\"2111\"><strong data-start=\"2015\" data-end=\"2043\">Cewka siatkowa Quad Mesh (1.0\u03a9 \u00d74)<\/strong> \u2013 Zapewnia r\u00f3wnomierne nagrzewanie, g\u0119sty dym i sp\u00f3jn\u0105 jako\u015b\u0107 smaku.<\/p>\n<\/li>\n<li data-start=\"2112\" data-end=\"2212\">\n<p data-start=\"2114\" data-end=\"2212\"><strong data-start=\"2114\" data-end=\"2140\">Pojemno\u015b\u0107 e-liquid 68ml<\/strong> \u2013 Wspiera prawdziw\u0105 d\u0142ugoterminow\u0105 wydajno\u015b\u0107 bez cz\u0119stych przerw.<\/p>\n<\/li>\n<li data-start=\"2213\" data-end=\"2305\">\n<p data-start=\"2215\" data-end=\"2305\"><strong data-start=\"2215\" data-end=\"2235\">Inteligentny ekran LED<\/strong> \u2013 Wyra\u017anie pokazuje poziom baterii i oleju dla lepszej kontroli u\u017cytkowania.<\/p>\n<\/li>\n<li data-start=\"2306\" data-end=\"2403\">\n<p data-start=\"2308\" data-end=\"2403\"><strong data-start=\"2308\" data-end=\"2346\">Akumulator 650mAh \u0142adowany przez Type-C<\/strong> \u2013 Niezawodne dostarczanie mocy z szybkim, uniwersalnym \u0142adowaniem.<\/p>\n<\/li>\n<\/ul>\n<figure id=\"attachment_4827\" aria-describedby=\"caption-attachment-4827\" style=\"width: 300px\" class=\"wp-caption alignnone\"><img decoding=\"async\" class=\"size-medium wp-image-4827\" src=\"https:\/\/vapestornado.com\/wp-content\/uploads\/2026\/01\/WASPE-Crystal-180k-Puff-Disposable-Vape-Pen-300x300.webp\" alt=\"Waspe Crystal 180k Papieros\u00f3w jednorazowy Vape Pen\" width=\"300\" height=\"300\" srcset=\"https:\/\/vapestornado.com\/wp-content\/uploads\/2026\/01\/WASPE-Crystal-180k-Puff-Disposable-Vape-Pen-300x300.webp 300w, https:\/\/vapestornado.com\/wp-content\/uploads\/2026\/01\/WASPE-Crystal-180k-Puff-Disposable-Vape-Pen-150x150.webp 150w, https:\/\/vapestornado.com\/wp-content\/uploads\/2026\/01\/WASPE-Crystal-180k-Puff-Disposable-Vape-Pen-768x768.webp 768w, https:\/\/vapestornado.com\/wp-content\/uploads\/2026\/01\/WASPE-Crystal-180k-Puff-Disposable-Vape-Pen-12x12.webp 12w, https:\/\/vapestornado.com\/wp-content\/uploads\/2026\/01\/WASPE-Crystal-180k-Puff-Disposable-Vape-Pen-600x600.webp 600w, https:\/\/vapestornado.com\/wp-content\/uploads\/2026\/01\/WASPE-Crystal-180k-Puff-Disposable-Vape-Pen-100x100.webp 100w, https:\/\/vapestornado.com\/wp-content\/uploads\/2026\/01\/WASPE-Crystal-180k-Puff-Disposable-Vape-Pen.webp 800w\" sizes=\"(max-width: 300px) 100vw, 300px\" \/><figcaption id=\"caption-attachment-4827\" class=\"wp-caption-text\">Waspe Crystal 180k Papieros\u00f3w jednorazowy Vape Pen<\/figcaption><\/figure>\n<figure id=\"attachment_4830\" aria-describedby=\"caption-attachment-4830\" style=\"width: 300px\" class=\"wp-caption alignnone\"><img decoding=\"async\" class=\"size-medium wp-image-4830\" src=\"https:\/\/vapestornado.com\/wp-content\/uploads\/2026\/01\/WASPE-Crystal-180k-Puffs-Bulk-Buy-Price-300x300.webp\" alt=\"WASPE Crystal 180k Pali w hurtowych cenach\" width=\"300\" height=\"300\" srcset=\"https:\/\/vapestornado.com\/wp-content\/uploads\/2026\/01\/WASPE-Crystal-180k-Puffs-Bulk-Buy-Price-300x300.webp 300w, https:\/\/vapestornado.com\/wp-content\/uploads\/2026\/01\/WASPE-Crystal-180k-Puffs-Bulk-Buy-Price-150x150.webp 150w, https:\/\/vapestornado.com\/wp-content\/uploads\/2026\/01\/WASPE-Crystal-180k-Puffs-Bulk-Buy-Price-768x768.webp 768w, https:\/\/vapestornado.com\/wp-content\/uploads\/2026\/01\/WASPE-Crystal-180k-Puffs-Bulk-Buy-Price-12x12.webp 12w, https:\/\/vapestornado.com\/wp-content\/uploads\/2026\/01\/WASPE-Crystal-180k-Puffs-Bulk-Buy-Price-600x600.webp 600w, https:\/\/vapestornado.com\/wp-content\/uploads\/2026\/01\/WASPE-Crystal-180k-Puffs-Bulk-Buy-Price-100x100.webp 100w, https:\/\/vapestornado.com\/wp-content\/uploads\/2026\/01\/WASPE-Crystal-180k-Puffs-Bulk-Buy-Price.webp 800w\" sizes=\"(max-width: 300px) 100vw, 300px\" \/><figcaption id=\"caption-attachment-4830\" class=\"wp-caption-text\">WASPE Crystal 180k Pali w hurtowych cenach<\/figcaption><\/figure>\n<figure id=\"attachment_4826\" aria-describedby=\"caption-attachment-4826\" style=\"width: 300px\" class=\"wp-caption alignnone\"><img loading=\"lazy\" decoding=\"async\" class=\"size-medium wp-image-4826\" src=\"https:\/\/vapestornado.com\/wp-content\/uploads\/2026\/01\/Waspe-Crystal-180k-Puff-8-in-1-Flavor-Adjustable-Disposable-Vape-300x300.webp\" alt=\"Waspe Crystal 180k Papieros 8 w 1 Smak Regulowany Jednorazowy Vape\" width=\"300\" height=\"300\" srcset=\"https:\/\/vapestornado.com\/wp-content\/uploads\/2026\/01\/Waspe-Crystal-180k-Puff-8-in-1-Flavor-Adjustable-Disposable-Vape-300x300.webp 300w, https:\/\/vapestornado.com\/wp-content\/uploads\/2026\/01\/Waspe-Crystal-180k-Puff-8-in-1-Flavor-Adjustable-Disposable-Vape-150x150.webp 150w, https:\/\/vapestornado.com\/wp-content\/uploads\/2026\/01\/Waspe-Crystal-180k-Puff-8-in-1-Flavor-Adjustable-Disposable-Vape-768x768.webp 768w, https:\/\/vapestornado.com\/wp-content\/uploads\/2026\/01\/Waspe-Crystal-180k-Puff-8-in-1-Flavor-Adjustable-Disposable-Vape-12x12.webp 12w, https:\/\/vapestornado.com\/wp-content\/uploads\/2026\/01\/Waspe-Crystal-180k-Puff-8-in-1-Flavor-Adjustable-Disposable-Vape-600x600.webp 600w, https:\/\/vapestornado.com\/wp-content\/uploads\/2026\/01\/Waspe-Crystal-180k-Puff-8-in-1-Flavor-Adjustable-Disposable-Vape-100x100.webp 100w, https:\/\/vapestornado.com\/wp-content\/uploads\/2026\/01\/Waspe-Crystal-180k-Puff-8-in-1-Flavor-Adjustable-Disposable-Vape.webp 843w\" sizes=\"(max-width: 300px) 100vw, 300px\" \/><figcaption id=\"caption-attachment-4826\" class=\"wp-caption-text\">Waspe Crystal 180k Papieros 8 w 1 Smak Regulowany Jednorazowy Vape<\/figcaption><\/figure>\n<div><\/div>\n<h2 class=\"product-title\"><strong>WASPE Crystal 180k Lista smak\u00f3w papieros\u00f3w<\/strong><\/h2>\n<p>1. Arbuz z lodem &amp; Cytryna-Limonka &amp; Kwa\u015bny Mango z lodem &amp; Kiwi z melonem<br \/>\n2. Bor\u00f3wka z lodem &amp; Wi\u015bnia Cola &amp; Truskawka wanilia &amp; Cytryna wi\u015bnia<br \/>\n3. Red Bull z lodem &amp; Truskawka z lodem &amp; Kwa\u015bny Fcuking Fab &amp; Cola z lodem<br \/>\n4. Winogrono z lodem &amp; Truskawka z kiwi &amp; Arbuz z lodem &amp; Blue Rancher<br \/>\n5. Melon z marakuj\u0105 &amp; Kwa\u015bne Mango z ananasem &amp; Banan z toffi i cukierki &amp; Truskawka jagoda<br \/>\n6. Truskawka z arbuzem &amp; Ch\u0142odna mi\u0119ta &amp; Blue Razz z lodem &amp; Czarna porzeczka z lodem<br \/>\n7. Je\u017cyna z lodem &amp; Podw\u00f3jne jab\u0142ko &amp; Czarny smok z lodem &amp; Truskawka z kiwi<br \/>\n8. Truskawka Red Bull &amp; Wi\u015bnia Cola &amp; Wi\u015bnia z cytryn\u0105 &amp; Tropikalne owoce<br \/>\n9. Mieszane jagody &amp; Cytryna-Limonka &amp; Bor\u00f3wka z malin\u0105 &amp; Zielone jab\u0142ko<br \/>\n10. Truskawka Malina Wi\u015bnia &amp; Truskawka Arbuz &amp; Kiwi Arbuz &amp; Cytryna Lime<br \/>\n11. Truskawka Banan &amp; Mango Brzoskwinia &amp; Potr\u00f3jne Jagody &amp; Truskawka Ananas<br \/>\n12. Blue Razz Lemonada &amp; Wi\u015bnia Cytryna &amp; Blueberry Ice &amp; Arbuz Brzoskwinia<\/p>\n<div class=\"flex-shrink-0 flex flex-col relative items-end\">\n<div class=\"pt-0\">\n<div class=\"gizmo-bot-avatar flex h-8 w-8 items-center justify-center overflow-hidden rounded-full\">\n<div class=\"relative p-1 rounded-sm flex items-center justify-center bg-token-main-surface-primary text-token-text-primary h-8 w-8\">\n<h2 data-start=\"1200\" data-end=\"1487\">Vapes Tornado \u2013 Tw\u00f3j hurtowy sklep internetowy z vaporami dla popularnych e-papieros\u00f3w<\/h2>\n<p data-start=\"72\" data-end=\"396\"><strong data-start=\"72\" data-end=\"89\">Tornado Vape<\/strong> to hurtowy sklep internetowy z vaporami skoncentrowany na Europie, oferuj\u0105cy starannie wyselekcjonowany asortyment <strong data-start=\"178\" data-end=\"195\">popularnych e-papieros\u00f3w<\/strong> dla profesjonalnych nabywc\u00f3w. Wsp\u00f3\u0142pracujemy z detalistami, dystrybutorami i sklepami internetowymi w ca\u0142ej UE, kt\u00f3rzy potrzebuj\u0105 stabilnej dostawy, jasnych informacji o produktach oraz marek, kt\u00f3re klienci ju\u017c rozpoznaj\u0105 i ufaj\u0105 im.<\/p>\n<p data-start=\"398\" data-end=\"687\">Wsp\u00f3\u0142pracujemy z zaufanymi nazwami takimi jak <strong data-start=\"247\" data-end=\"352\"><a href=\"https:\/\/vapestornado.com\/pl\/product\/randm-12000-puffs-fumot-digital-disposable-vape-wholesale-price\/\">Fumot Waporyzator<\/a>, <a href=\"https:\/\/vapestornado.com\/pl\/product\/original-wga-ultra-35k-35000-puff-rechargeable-crystal-disposable-nicotine-vape-best-discount-price\/\">WGA VAPE<\/a>, <a href=\"https:\/\/vapestornado.com\/pl\/product\/vozol-gear-shisha-25k-25000-puffs-best-dtl-disposable-vape-hookah-cheap-price\/\">VOZOL BAR VAPE<\/a>, <\/strong><strong data-start=\"247\" data-end=\"352\">Elf Bar Vape, WASPE Vape, <a href=\"https:\/\/vapestornado.com\/pl\/product\/uzy-150k-puffs-6-in-1-flavor-switch-disposable-vape-pen-wholesale\/\">Waporyzator UZY<\/a>, Bang Vape, Razz Bar Vape, \u00a0i Stag Bar Vape<\/strong>, wybrane ze wzgl\u0119du na sta\u0142\u0105 jako\u015b\u0107 i du\u017c\u0105 popularno\u015b\u0107 na rynku europejskim.<\/p>\n<h4 data-start=\"1080\" data-end=\"1120\">Stworzony dla hurtowych sprzedawc\u00f3w e-papieros\u00f3w w Europie<\/h4>\n<p data-start=\"1121\" data-end=\"1189\">Vapes Tornado s\u0105 dostosowane do rzeczywistych potrzeb hurtownik\u00f3w z UE:<\/p>\n<ul data-start=\"1190\" data-end=\"1400\">\n<li data-start=\"1190\" data-end=\"1239\">\n<p data-start=\"1192\" data-end=\"1239\">Konkurencyjne ceny hurtowe przy zam\u00f3wieniach hurtowych<\/p>\n<\/li>\n<li data-start=\"1240\" data-end=\"1289\">\n<p data-start=\"1242\" data-end=\"1289\">Przejrzyste opisy produkt\u00f3w i specyfikacje<\/p>\n<\/li>\n<li data-start=\"1290\" data-end=\"1330\">\n<p data-start=\"1292\" data-end=\"1330\">Szybka, niezawodna logistyka skierowana na UE<\/p>\n<\/li>\n<li data-start=\"1331\" data-end=\"1400\">\n<p data-start=\"1333\" data-end=\"1400\">Katalog skoncentrowany na <strong data-start=\"1356\" data-end=\"1373\">popularnych e-papieros\u00f3w<\/strong>, nie na prze\u0142adowanych SKU<\/p>\n<\/li>\n<\/ul>\n<h2 data-start=\"2064\" data-end=\"2115\">Najcz\u0119\u015bciej zadawane pytania o WASPE Crystal 180k Puffs Jednorazowy E-papieros<\/h2>\n<p data-start=\"3376\" data-end=\"3516\"><strong data-start=\"3376\" data-end=\"3425\">1. Jak d\u0142ugo dzia\u0142a WASPE Crystal 180k?<\/strong><br data-start=\"3425\" data-end=\"3428\" \/>U\u017cytkowanie zale\u017cy od nawyk\u00f3w, ale jest zaprojektowany do d\u0142ugotrwa\u0142ego u\u017cytku z do 180 000 puffs.<\/p>\n<p data-start=\"3518\" data-end=\"3650\"><strong data-start=\"3518\" data-end=\"3557\">2. Czy u\u017cytkownicy mog\u0105 \u0142atwo zmienia\u0107 smaki?<\/strong><br data-start=\"3557\" data-end=\"3560\" \/>Tak, system regulacji smaku 8-w-1 umo\u017cliwia prost\u0105 zmian\u0119 smaku w jednym urz\u0105dzeniu.<\/p>\n<p data-start=\"3652\" data-end=\"3763\"><strong data-start=\"3652\" data-end=\"3700\">3. Czy WASPE Crystal 180000 jest \u0142adowalny?<\/strong><br data-start=\"3700\" data-end=\"3703\" \/>Tak, posiada bateri\u0119 650mAh z szybkim \u0142adowaniem Type-C.<\/p>\n<p data-start=\"3765\" data-end=\"3898\"><strong data-start=\"3765\" data-end=\"3821\">4. Czy urz\u0105dzenie pokazuje stan baterii i e-liquid?<\/strong><br data-start=\"3821\" data-end=\"3824\" \/>Tak, wbudowany ekran LED wyra\u017anie wy\u015bwietla poziom oleju i baterii.<\/p>\n<p data-start=\"3900\" data-end=\"4056\"><strong data-start=\"3900\" data-end=\"3954\">5. Czy jest to odpowiednie do zam\u00f3wie\u0144 hurtowych i du\u017cych ilo\u015bci?<\/strong><br data-start=\"3954\" data-end=\"3957\" \/>Oczywi\u015bcie, jest zaprojektowane specjalnie do hurtowego zakupu e-papieros\u00f3w jednorazowych i dystrybucji na du\u017c\u0105 skal\u0119.<\/p>\n<\/div>\n<\/div>\n<\/div>\n<\/div>","protected":false},"excerpt":{"rendered":"<div class=\"flex max-w-full flex-col grow\">\n<div class=\"min-h-8 text-message relative flex w-full flex-col items-end gap-2 text-start break-words whitespace-normal [.text-message+&amp;]:mt-1\" dir=\"auto\" data-message-author-role=\"assistant\" data-message-id=\"2a9d6edf-5b3a-41c0-afc9-caef2e4c2c3b\" data-message-model-slug=\"gpt-5-2\">\n<div class=\"flex w-full flex-col gap-1 empty:hidden first:pt-[1px]\">\n<div class=\"markdown prose dark:prose-invert w-full break-words light markdown-new-styling\">\n<ul>\n<li data-start=\"4315\" data-end=\"4401\">\n<p data-start=\"4318\" data-end=\"4401\"><strong data-start=\"4318\" data-end=\"4399\">WASPE Crystal 180K Puf\u00f3w Jednorazowy E-papieros \u2013 8-w-1 Smakowa Moc dla Hurtowych Nabywc\u00f3w<\/strong><\/p>\n<\/li>\n<li data-start=\"4402\" data-end=\"4487\">\n<p data-start=\"4405\" data-end=\"4487\"><strong data-start=\"4405\" data-end=\"4485\">WASPE Crystal 180000 Puf\u00f3w E-papieros z Ekranem | Wysoka Pojemno\u015b\u0107, Hurtowy Wyb\u00f3r<\/strong><\/p>\n<\/li>\n<li data-start=\"4488\" data-end=\"4567\">\n<p data-start=\"4491\" data-end=\"4567\"><strong data-start=\"4491\" data-end=\"4567\">WASPE 180k Puf\u00f3w Jednorazowy E-papieros \u2013 Zaprojektowany do du\u017cej ilo\u015bci, Stworzony do sprzeda\u017cy<\/strong><\/p>\n<\/li>\n<\/ul>\n<\/div>\n<\/div>\n<\/div>\n<\/div>\n<p><strong>Dodaj Amy na WhatsApp, aby uzyska\u0107 w\u0142a\u015bciw\u0105 odpowied\u017a i cen\u0119 z rabatem!<\/strong><\/p>\n<p><img fetchpriority=\"high\" decoding=\"async\" class=\"size-full wp-image-2932\" src=\"https:\/\/vapestornado.com\/wp-content\/uploads\/2024\/12\/Vape-Wholesale.jpg\" alt=\"Hurtowa sprzeda\u017c e-papieros\u00f3w\" width=\"229\" height=\"300\" \/><\/p>\n<h3><a href=\"https:\/\/wa.me\/8617776015835\"><span style=\"color: #ff0000;\"><strong>WhatsApp: +86 17776015835<\/strong><\/span><\/a><\/h3>","protected":false},"featured_media":4832,"comment_status":"open","ping_status":"closed","template":"","meta":{"_acf_changed":false,"_uag_custom_page_level_css":"","_lmt_disableupdate":"no","_lmt_disable":"","_monsterinsights_skip_tracking":false,"_monsterinsights_sitenote_active":false,"_monsterinsights_sitenote_note":"","_monsterinsights_sitenote_category":0,"site-sidebar-layout":"default","site-content-layout":"","ast-site-content-layout":"default","site-content-style":"default","site-sidebar-style":"default","ast-global-header-display":"","ast-banner-title-visibility":"","ast-main-header-display":"","ast-hfb-above-header-display":"","ast-hfb-below-header-display":"","ast-hfb-mobile-header-display":"","site-post-title":"","ast-breadcrumbs-content":"","ast-featured-img":"","footer-sml-layout":"","ast-disable-related-posts":"","theme-transparent-header-meta":"default","adv-header-id-meta":"","stick-header-meta":"","header-above-stick-meta":"","header-main-stick-meta":"","header-below-stick-meta":"","astra-migrate-meta-layouts":"set","ast-page-background-enabled":"default","ast-page-background-meta":{"desktop":{"background-color":"","background-image":"","background-repeat":"repeat","background-position":"center center","background-size":"auto","background-attachment":"scroll","background-type":"","background-media":"","overlay-type":"","overlay-color":"","overlay-opacity":"","overlay-gradient":""},"tablet":{"background-color":"","background-image":"","background-repeat":"repeat","background-position":"center center","background-size":"auto","background-attachment":"scroll","background-type":"","background-media":"","overlay-type":"","overlay-color":"","overlay-opacity":"","overlay-gradient":""},"mobile":{"background-color":"","background-image":"","background-repeat":"repeat","background-position":"center center","background-size":"auto","background-attachment":"scroll","background-type":"","background-media":"","overlay-type":"","overlay-color":"","overlay-opacity":"","overlay-gradient":""}},"ast-content-background-meta":{"desktop":{"background-color":"var(--ast-global-color-5)","background-image":"","background-repeat":"repeat","background-position":"center center","background-size":"auto","background-attachment":"scroll","background-type":"","background-media":"","overlay-type":"","overlay-color":"","overlay-opacity":"","overlay-gradient":""},"tablet":{"background-color":"var(--ast-global-color-5)","background-image":"","background-repeat":"repeat","background-position":"center center","background-size":"auto","background-attachment":"scroll","background-type":"","background-media":"","overlay-type":"","overlay-color":"","overlay-opacity":"","overlay-gradient":""},"mobile":{"background-color":"var(--ast-global-color-5)","background-image":"","background-repeat":"repeat","background-position":"center center","background-size":"auto","background-attachment":"scroll","background-type":"","background-media":"","overlay-type":"","overlay-color":"","overlay-opacity":"","overlay-gradient":""}},"_joinchat":[]},"product_brand":[],"product_cat":[150,152,153,158,141,142,492,144,146,60],"product_tag":[561,560,269,559,558,557],"class_list":{"0":"post-4833","1":"product","2":"type-product","3":"status-publish","4":"has-post-thumbnail","6":"product_cat-buy-disposable-vapes-in-belgium","7":"product_cat-buy-disposable-vapes-in-cermany","8":"product_cat-buy-disposable-vapes-in-italy","9":"product_cat-buy-disposable-vapes-in-spain","10":"product_cat-crystal-disposable-vapes","11":"product_cat-digital-box-disposable-vapes","12":"product_cat-eu-warehouse","13":"product_cat-low-nicotine-disposable-vapes","14":"product_cat-rechargeable-disposable-vapes","15":"product_cat-waspe-fihp-vape","16":"product_tag-disposable-vapes-bulk-buy","17":"product_tag-disposable-vapes-pen","18":"product_tag-vape-with-screen","19":"product_tag-waspe-180k-puff","20":"product_tag-waspe-crystal-180000","21":"product_tag-waspe-crystal-180k","22":"desktop-align-left","23":"tablet-align-left","24":"mobile-align-left","26":"first","27":"instock","28":"sale","29":"shipping-taxable","30":"purchasable","31":"product-type-simple"},"acf":[],"uagb_featured_image_src":{"full":["https:\/\/vapestornado.com\/wp-content\/uploads\/2026\/01\/WASPE-Crystal-180000-Puffs-Multi-Flavor-Disposable-Vapes.webp",800,800,false],"thumbnail":["https:\/\/vapestornado.com\/wp-content\/uploads\/2026\/01\/WASPE-Crystal-180000-Puffs-Multi-Flavor-Disposable-Vapes-150x150.webp",150,150,true],"medium":["https:\/\/vapestornado.com\/wp-content\/uploads\/2026\/01\/WASPE-Crystal-180000-Puffs-Multi-Flavor-Disposable-Vapes-300x300.webp",300,300,true],"medium_large":["https:\/\/vapestornado.com\/wp-content\/uploads\/2026\/01\/WASPE-Crystal-180000-Puffs-Multi-Flavor-Disposable-Vapes-768x768.webp",768,768,true],"large":["https:\/\/vapestornado.com\/wp-content\/uploads\/2026\/01\/WASPE-Crystal-180000-Puffs-Multi-Flavor-Disposable-Vapes.webp",800,800,false],"1536x1536":["https:\/\/vapestornado.com\/wp-content\/uploads\/2026\/01\/WASPE-Crystal-180000-Puffs-Multi-Flavor-Disposable-Vapes.webp",800,800,false],"2048x2048":["https:\/\/vapestornado.com\/wp-content\/uploads\/2026\/01\/WASPE-Crystal-180000-Puffs-Multi-Flavor-Disposable-Vapes.webp",800,800,false],"trp-custom-language-flag":["https:\/\/vapestornado.com\/wp-content\/uploads\/2026\/01\/WASPE-Crystal-180000-Puffs-Multi-Flavor-Disposable-Vapes-12x12.webp",12,12,true],"woocommerce_thumbnail":["https:\/\/vapestornado.com\/wp-content\/uploads\/2026\/01\/WASPE-Crystal-180000-Puffs-Multi-Flavor-Disposable-Vapes-300x300.webp",300,300,true],"woocommerce_single":["https:\/\/vapestornado.com\/wp-content\/uploads\/2026\/01\/WASPE-Crystal-180000-Puffs-Multi-Flavor-Disposable-Vapes-600x600.webp",600,600,true],"woocommerce_gallery_thumbnail":["https:\/\/vapestornado.com\/wp-content\/uploads\/2026\/01\/WASPE-Crystal-180000-Puffs-Multi-Flavor-Disposable-Vapes-100x100.webp",100,100,true]},"uagb_author_info":{"display_name":"ESAMY","author_link":"https:\/\/vapestornado.com\/pl\/author\/"},"uagb_comment_info":0,"uagb_excerpt":"WASPE Crystal 180K Puff Disposable Vape \u2013 8-in-1 Flavor Power for Bulk Buyers WASPE Crystal 180000 Puffs Vape with Screen | High-Capacity Wholesale Choice WASPE 180k Puff Disposable Vape Pen \u2013 Built for Volume, Designed to Sell Add Amy's whatsapp to get right reply and discount price! WhatsApp: +86 17776015835","_links":{"self":[{"href":"https:\/\/vapestornado.com\/pl\/wp-json\/wp\/v2\/product\/4833","targetHints":{"allow":["GET"]}}],"collection":[{"href":"https:\/\/vapestornado.com\/pl\/wp-json\/wp\/v2\/product"}],"about":[{"href":"https:\/\/vapestornado.com\/pl\/wp-json\/wp\/v2\/types\/product"}],"replies":[{"embeddable":true,"href":"https:\/\/vapestornado.com\/pl\/wp-json\/wp\/v2\/comments?post=4833"}],"wp:featuredmedia":[{"embeddable":true,"href":"https:\/\/vapestornado.com\/pl\/wp-json\/wp\/v2\/media\/4832"}],"wp:attachment":[{"href":"https:\/\/vapestornado.com\/pl\/wp-json\/wp\/v2\/media?parent=4833"}],"wp:term":[{"taxonomy":"product_brand","embeddable":true,"href":"https:\/\/vapestornado.com\/pl\/wp-json\/wp\/v2\/product_brand?post=4833"},{"taxonomy":"product_cat","embeddable":true,"href":"https:\/\/vapestornado.com\/pl\/wp-json\/wp\/v2\/product_cat?post=4833"},{"taxonomy":"product_tag","embeddable":true,"href":"https:\/\/vapestornado.com\/pl\/wp-json\/wp\/v2\/product_tag?post=4833"}],"curies":[{"name":"wp","href":"https:\/\/api.w.org\/{rel}","templated":true}]}}