{"id":4822,"date":"2026-01-22T08:52:40","date_gmt":"2026-01-22T08:52:40","guid":{"rendered":"https:\/\/vapestornado.com\/?post_type=product&#038;p=4822"},"modified":"2026-01-22T09:13:50","modified_gmt":"2026-01-22T09:13:50","slug":"vozol-neon-45000-puffs-45k-adjustable-ice-level-disposable-vape-pod","status":"publish","type":"product","link":"https:\/\/vapestornado.com\/pl\/product\/vozol-neon-45000-puffs-45k-adjustable-ice-level-disposable-vape-pod\/","title":{"rendered":"Vozol Neon 45000 Puf\u00f3w 45k Regulowany Poziom Lodu Jednorazowa Waporyzator Pod"},"content":{"rendered":"<h1 data-start=\"0\" data-end=\"87\">Vozol Neon 45000 Puf\u00f3w Regulowany L\u00f3d Jednorazowy Waporyzator Pod<\/h1>\n<p data-start=\"63\" data-end=\"414\">Cyfrowy ekran <strong data-start=\"67\" data-end=\"93\">Vozol Neon 45000 Puf\u00f3w<\/strong> jest stworzony dla u\u017cytkownik\u00f3w, kt\u00f3rzy chc\u0105 d\u0142ugiego czasu pracy, jasnej kontroli i stabilnego smaku od pierwszego do ostatniego zaci\u0105gni\u0119cia. Zaprojektowany jako <strong data-start=\"217\" data-end=\"249\">wysokiej jako\u015bci jednorazowy waporyzator<\/strong>, zapewnia do <strong data-start=\"269\" data-end=\"285\">45 000 puffs<\/strong> z systemem \u0142adowania, co czyni go niezawodnym wyborem dla intensywnych u\u017cytkownik\u00f3w i hurtowych nabywc\u00f3w skupiaj\u0105cych si\u0119 na warto\u015bci i wydajno\u015bci.<\/p>\n<p data-start=\"416\" data-end=\"786\">Zasilany przez <strong data-start=\"429\" data-end=\"468\">Akumulator 1000mAh \u0142adowany przez Type-C<\/strong>, <strong data-start=\"474\" data-end=\"492\">Vozol Neon 45K<\/strong> zapewnia pe\u0142ne wykorzystanie e-liquid, bez marnowania. Wbudowany <strong data-start=\"554\" data-end=\"574\">e-papieros z ekranem<\/strong> pokazuje poziom baterii i e-liquid w czasie rzeczywistym, pomagaj\u0105c u\u017cytkownikom zarz\u0105dza\u0107 zu\u017cyciem bez zgadywania. W po\u0142\u0105czeniu z mesh coil Vozol i technologi\u0105 smaku S.i.L.C, ka\u017cdy puf pozostaje sp\u00f3jny, p\u0142ynny i pe\u0142ny cia\u0142a.<\/p>\n<p data-start=\"788\" data-end=\"1345\">Jako <strong data-start=\"794\" data-end=\"828\">Regulowany L\u00f3d Jednorazowy Waporyzator<\/strong>, Vozol Neon 45000 pozwala u\u017cytkownikom dostosowa\u0107 poziom ch\u0142odzenia do r\u00f3\u017cnych profili smakowych i preferencji osobistych. Z 20 ml nape\u0142nionego e-liquid, moc\u0105 nikotyny 2% i nowoczesnym korpusem w stylu pod, ten <strong data-start=\"1037\" data-end=\"1060\">Pod Jednorazowy Waporyzator<\/strong> \u0142\u0105czy mocne osi\u0105gi z codziennym komfortem. Dla dystrybutor\u00f3w i sprzedawc\u00f3w detalicznych, produkty Vozol s\u0105 znane z stabilnej jako\u015bci, silnej rozpoznawalno\u015bci marki i powtarzalnego popytu.<br data-start=\"1235\" data-end=\"1238\" \/><strong data-start=\"1238\" data-end=\"1251\">Zam\u00f3w ju\u017c teraz<\/strong> i zabezpiecz d\u0142ugotrwa\u0142y, wyposa\u017cony w ekran jednorazowy produkt, kt\u00f3ry spe\u0142nia oczekiwania dzisiejszego rynku.<\/p>\n<p><strong><span style=\"color: #ff0000;\">Dodaj Amy do WhatsAppa, aby uzyska\u0107 szybk\u0105 odpowied\u017a i kupon na vape!<\/span><\/strong><\/p>\n<p><img fetchpriority=\"high\" decoding=\"async\" class=\"size-full wp-image-2932\" src=\"https:\/\/vapestornado.com\/wp-content\/uploads\/2024\/12\/Vape-Wholesale.jpg\" alt=\"Hurtowa sprzeda\u017c e-papieros\u00f3w\" width=\"229\" height=\"300\" \/><\/p>\n<h3><a href=\"https:\/\/wa.me\/8617776015835\" target=\"_blank\" rel=\"noopener\"><span style=\"color: #ff0000;\"><strong>WhatsApp: +86 17776015835<\/strong><\/span><\/a><\/h3>\n<p>&nbsp;<\/p>\n<h2><strong>Funkcje produktu Vozol Neon 45000 Puf\u00f3w<\/strong><\/h2>\n<ul data-start=\"1939\" data-end=\"2435\">\n<li data-start=\"1939\" data-end=\"2042\">\n<p data-start=\"1941\" data-end=\"2042\"><strong data-start=\"1941\" data-end=\"1966\">Pojemno\u015b\u0107 45 000 Puf\u00f3w:<\/strong> Zapewnione do d\u0142ugotrwa\u0142ego u\u017cytkowania, obni\u017caj\u0105c koszty wymiany dla cz\u0119stych vaper\u00f3w.<\/p>\n<\/li>\n<li data-start=\"2043\" data-end=\"2145\">\n<p data-start=\"2045\" data-end=\"2145\"><strong data-start=\"2045\" data-end=\"2078\">Wymienna bateria 1000mAh:<\/strong> Szybkie \u0142adowanie Type-C zapewnia pe\u0142ne wykorzystanie wszystkich nape\u0142nionych e-liquid\u00f3w.<\/p>\n<\/li>\n<li data-start=\"2146\" data-end=\"2238\">\n<p data-start=\"2148\" data-end=\"2238\"><strong data-start=\"2148\" data-end=\"2173\">Inteligentny Ekran:<\/strong> Wyra\u017anie pokazuje poziom baterii i oleju dla lepszej kontroli u\u017cytkowania.<\/p>\n<\/li>\n<li data-start=\"2239\" data-end=\"2337\">\n<p data-start=\"2241\" data-end=\"2337\"><strong data-start=\"2241\" data-end=\"2266\">Regulowany poziom lodu:<\/strong> Pozwala u\u017cytkownikom dostosowa\u0107 si\u0142\u0119 ch\u0142odzenia bez zmiany urz\u0105dzenia.<\/p>\n<\/li>\n<li data-start=\"2338\" data-end=\"2435\">\n<p data-start=\"2340\" data-end=\"2435\"><strong data-start=\"2340\" data-end=\"2365\">Technologia Mesh Coil:<\/strong> Zapewnia r\u00f3wnomierne podgrzewanie, g\u0142adki vapor i sp\u00f3jn\u0105 jako\u015b\u0107 smaku.<\/p>\n<\/li>\n<\/ul>\n<figure id=\"attachment_4816\" aria-describedby=\"caption-attachment-4816\" style=\"width: 284px\" class=\"wp-caption alignnone\"><img decoding=\"async\" class=\"size-medium wp-image-4816\" src=\"https:\/\/vapestornado.com\/wp-content\/uploads\/2026\/01\/Vozol-45K-45000-Puff-Disposable-Vape-Pod-Wholesale-1-284x300.webp\" alt=\"Vozol 45K Jednorazowy Vape Pod 45000 Paliwo Hurtowo\" width=\"284\" height=\"300\" srcset=\"https:\/\/vapestornado.com\/wp-content\/uploads\/2026\/01\/Vozol-45K-45000-Puff-Disposable-Vape-Pod-Wholesale-1-284x300.webp 284w, https:\/\/vapestornado.com\/wp-content\/uploads\/2026\/01\/Vozol-45K-45000-Puff-Disposable-Vape-Pod-Wholesale-1-971x1024.webp 971w, https:\/\/vapestornado.com\/wp-content\/uploads\/2026\/01\/Vozol-45K-45000-Puff-Disposable-Vape-Pod-Wholesale-1-768x810.webp 768w, https:\/\/vapestornado.com\/wp-content\/uploads\/2026\/01\/Vozol-45K-45000-Puff-Disposable-Vape-Pod-Wholesale-1-1456x1536.webp 1456w, https:\/\/vapestornado.com\/wp-content\/uploads\/2026\/01\/Vozol-45K-45000-Puff-Disposable-Vape-Pod-Wholesale-1-11x12.webp 11w, https:\/\/vapestornado.com\/wp-content\/uploads\/2026\/01\/Vozol-45K-45000-Puff-Disposable-Vape-Pod-Wholesale-1-600x633.webp 600w, https:\/\/vapestornado.com\/wp-content\/uploads\/2026\/01\/Vozol-45K-45000-Puff-Disposable-Vape-Pod-Wholesale-1.webp 1500w\" sizes=\"(max-width: 284px) 100vw, 284px\" \/><figcaption id=\"caption-attachment-4816\" class=\"wp-caption-text\">Vozol 45K Jednorazowy Vape Pod 45000 Paliwo Hurtowo<\/figcaption><\/figure>\n<div><\/div>\n<h2 class=\"product-title\"><strong>Vozol Neon 45000 Paliwo Lista smak\u00f3w<\/strong><\/h2>\n<p>1. Truskawka Wi\u015bnia Limonka<br \/>\n2. Mi\u0119ta jagodowa<br \/>\n3.Niebieska Malina z Lodem<br \/>\n4.Bor\u00f3wka Arbuz<br \/>\n5. Wi\u015bniowa Cola<br \/>\n6. Wi\u015bniowa Strazz<br \/>\n7. \u017burawinowy L\u00f3d<br \/>\n8. Smoczy Owoc Banan Wi\u015bnia<br \/>\n9. Zamro\u017cona Truskawka<br \/>\n10. Winogrono L\u00f3d<br \/>\n11. Hawajski Ananas Rajski<br \/>\n12. Mi\u0142o\u015b\u0107 777<br \/>\n13. Lichee Pomara\u0144cza Owoc Pasji<br \/>\n14. Panna<br \/>\n15, Mango Ice<br \/>\n16. Miami Mint<br \/>\n17. Mieszane Jagody<br \/>\n18. Brzoskwinia Ice<br \/>\n19. Kwa\u015bne Jab\u0142ko Ice<br \/>\n20. Kwa\u015bny Mango Ananas<br \/>\n21. Truskawka Banan<br \/>\n22. Margarita Truskawkowa<br \/>\n23. vzbull<br \/>\n24. Arbuz Ice<br \/>\n25. Arbuz Razz Rancher<br \/>\n26. Kwa\u015bny Arbuz Brzoskwinia<\/p>\n<div class=\"flex-shrink-0 flex flex-col relative items-end\">\n<div class=\"pt-0\">\n<div class=\"gizmo-bot-avatar flex h-8 w-8 items-center justify-center overflow-hidden rounded-full\">\n<div class=\"relative p-1 rounded-sm flex items-center justify-center bg-token-main-surface-primary text-token-text-primary h-8 w-8\">\n<h2 data-start=\"1200\" data-end=\"1487\">Vapes Tornado \u2013 Tw\u00f3j hurtowy sklep internetowy z vaporami dla popularnych e-papieros\u00f3w<\/h2>\n<p data-start=\"72\" data-end=\"396\"><strong data-start=\"72\" data-end=\"89\">Tornado Vape<\/strong> to hurtowy sklep internetowy z vaporami skoncentrowany na Europie, oferuj\u0105cy starannie wyselekcjonowany asortyment <strong data-start=\"178\" data-end=\"195\">popularnych e-papieros\u00f3w<\/strong> dla profesjonalnych nabywc\u00f3w. Wsp\u00f3\u0142pracujemy z detalistami, dystrybutorami i sklepami internetowymi w ca\u0142ej UE, kt\u00f3rzy potrzebuj\u0105 stabilnej dostawy, jasnych informacji o produktach oraz marek, kt\u00f3re klienci ju\u017c rozpoznaj\u0105 i ufaj\u0105 im.<\/p>\n<p data-start=\"398\" data-end=\"687\">Wsp\u00f3\u0142pracujemy z zaufanymi nazwami takimi jak <strong data-start=\"247\" data-end=\"352\">Elf Bar Vape, WASPE Vape, <a href=\"https:\/\/vapestornado.com\/pl\/product\/uzy-150k-puffs-6-in-1-flavor-switch-disposable-vape-pen-wholesale\/\">Waporyzator UZY<\/a>, Bang Vape, Razz Bar Vape, <a href=\"https:\/\/vapestornado.com\/pl\/product\/randm-12000-puffs-fumot-digital-disposable-vape-wholesale-price\/\">Fumot Waporyzator<\/a>, <a href=\"https:\/\/vapestornado.com\/pl\/product\/original-wga-ultra-35k-35000-puff-rechargeable-crystal-disposable-nicotine-vape-best-discount-price\/\">WGA VAPE<\/a>, <a href=\"https:\/\/vapestornado.com\/pl\/product\/vozol-gear-shisha-25k-25000-puffs-best-dtl-disposable-vape-hookah-cheap-price\/\">VOZOL BAR VAPE<\/a>,\u00a0i Stag Bar Vape<\/strong>, wybrane ze wzgl\u0119du na sta\u0142\u0105 jako\u015b\u0107 i du\u017c\u0105 popularno\u015b\u0107 na rynku europejskim.<\/p>\n<h4 data-start=\"1080\" data-end=\"1120\">Stworzony dla hurtowych nabywc\u00f3w z Europy<\/h4>\n<p data-start=\"1121\" data-end=\"1189\">Vapes Tornado s\u0105 dostosowane do rzeczywistych potrzeb hurtownik\u00f3w z UE:<\/p>\n<ul data-start=\"1190\" data-end=\"1400\">\n<li data-start=\"1190\" data-end=\"1239\">\n<p data-start=\"1192\" data-end=\"1239\">Konkurencyjne ceny hurtowe przy zam\u00f3wieniach hurtowych<\/p>\n<\/li>\n<li data-start=\"1240\" data-end=\"1289\">\n<p data-start=\"1242\" data-end=\"1289\">Przejrzyste opisy produkt\u00f3w i specyfikacje<\/p>\n<\/li>\n<li data-start=\"1290\" data-end=\"1330\">\n<p data-start=\"1292\" data-end=\"1330\">Szybka, niezawodna logistyka skierowana na UE<\/p>\n<\/li>\n<li data-start=\"1331\" data-end=\"1400\">\n<p data-start=\"1333\" data-end=\"1400\">Katalog skoncentrowany na <strong data-start=\"1356\" data-end=\"1373\">popularnych e-papieros\u00f3w<\/strong>, nie na prze\u0142adowanych SKU<\/p>\n<\/li>\n<\/ul>\n<h2 data-start=\"2064\" data-end=\"2115\">FAQs dotycz\u0105ce Vozol Neon 45000 Puffs Jednorazowego Vapa<\/h2>\n<p data-start=\"2720\" data-end=\"2871\"><strong data-start=\"2720\" data-end=\"2767\">Czy Neon 45000 to oryginalny produkt Vozol?<\/strong><br data-start=\"2767\" data-end=\"2770\" \/>Tak, Vozol Neon 45000 Puffs to autentyczny vapor Vozol z oficjalnym brandingiem i specyfikacjami.<\/p>\n<p data-start=\"2873\" data-end=\"3008\"><strong data-start=\"2873\" data-end=\"2915\">Jak d\u0142ugo dzia\u0142a Vozol Neon 45K?<\/strong><br data-start=\"2915\" data-end=\"2918\" \/>Czas u\u017cytkowania zale\u017cy od nawyk\u00f3w, ale pojemno\u015b\u0107 45 000 puf\u00f3w jest zaprojektowana do d\u0142ugoterminowego codziennego u\u017cytku.<\/p>\n<p data-start=\"3010\" data-end=\"3133\"><strong data-start=\"3010\" data-end=\"3048\">Czy mog\u0119 na\u0142adowa\u0107 Vozol Neon 45000?<\/strong><br data-start=\"3048\" data-end=\"3051\" \/>Tak, posiada wymienn\u0105 bateri\u0119 typu C, kt\u00f3ra w pe\u0142ni zu\u017cywa 20 ml e-liquidu.<\/p>\n<p data-start=\"3135\" data-end=\"3256\"><strong data-start=\"3135\" data-end=\"3174\">Jak\u0105 moc nikotyny u\u017cywa?<\/strong><br data-start=\"3174\" data-end=\"3177\" \/>Ten model ma moc nikotyny 2% (20mg\/ml) dla zr\u00f3wnowa\u017conej satysfakcji.<\/p>\n<p data-start=\"3258\" data-end=\"3368\"><strong data-start=\"3258\" data-end=\"3298\">Sk\u0105d wiem, kiedy si\u0119 ko\u0144czy?<\/strong><br data-start=\"3298\" data-end=\"3301\" \/>Wbudowany ekran wy\u015bwietla poziom baterii i e-liquidu w czasie rzeczywistym.<\/p>\n<\/div>\n<\/div>\n<\/div>\n<\/div>","protected":false},"excerpt":{"rendered":"<div class=\"flex max-w-full flex-col grow\">\n<div class=\"min-h-8 text-message relative flex w-full flex-col items-end gap-2 text-start break-words whitespace-normal [.text-message+&amp;]:mt-1\" dir=\"auto\" data-message-author-role=\"assistant\" data-message-id=\"2a9d6edf-5b3a-41c0-afc9-caef2e4c2c3b\" data-message-model-slug=\"gpt-5-2\">\n<div class=\"flex w-full flex-col gap-1 empty:hidden first:pt-[1px]\">\n<div class=\"markdown prose dark:prose-invert w-full break-words light markdown-new-styling\">\n<p data-start=\"3612\" data-end=\"3673\">Jednorazowy waporyzator Vozol Neon 45000 Puf\u00f3w jest stworzony dla u\u017cytkownik\u00f3w, kt\u00f3rzy oczekuj\u0105 d\u0142ugotrwa\u0142ej wydajno\u015bci i stabilnego smaku. Z pot\u0119\u017cn\u0105, \u0142adowaln\u0105 bateri\u0105, inteligentnym wy\u015bwietlaczem i regulowanym poziomem lodu, zapewnia kontrolowane, p\u0142ynne waporyzowanie z jednolitym smakiem. Zaprojektowany z technologi\u0105 mesh coil Vozol, oferuje niezawieraj\u0105c\u0105 jako\u015bci w eleganckim, wysokiej klasy formacie jednorazowego waporyzatora.<\/p>\n<\/div>\n<\/div>\n<\/div>\n<\/div>\n<p><strong>Dodaj Amy na WhatsApp, aby uzyska\u0107 w\u0142a\u015bciw\u0105 odpowied\u017a i cen\u0119 z rabatem!<\/strong><\/p>\n<p><img fetchpriority=\"high\" decoding=\"async\" class=\"size-full wp-image-2932\" src=\"https:\/\/vapestornado.com\/wp-content\/uploads\/2024\/12\/Vape-Wholesale.jpg\" alt=\"Hurtowa sprzeda\u017c e-papieros\u00f3w\" width=\"229\" height=\"300\" \/><\/p>\n<h3><a href=\"https:\/\/wa.me\/8617776015835\"><span style=\"color: #ff0000;\"><strong>WhatsApp: +86 17776015835<\/strong><\/span><\/a><\/h3>","protected":false},"featured_media":4820,"comment_status":"open","ping_status":"closed","template":"","meta":{"_acf_changed":false,"_uag_custom_page_level_css":"","_lmt_disableupdate":"no","_lmt_disable":"","_monsterinsights_skip_tracking":false,"_monsterinsights_sitenote_active":false,"_monsterinsights_sitenote_note":"","_monsterinsights_sitenote_category":0,"site-sidebar-layout":"default","site-content-layout":"","ast-site-content-layout":"default","site-content-style":"default","site-sidebar-style":"default","ast-global-header-display":"","ast-banner-title-visibility":"","ast-main-header-display":"","ast-hfb-above-header-display":"","ast-hfb-below-header-display":"","ast-hfb-mobile-header-display":"","site-post-title":"","ast-breadcrumbs-content":"","ast-featured-img":"","footer-sml-layout":"","ast-disable-related-posts":"","theme-transparent-header-meta":"default","adv-header-id-meta":"","stick-header-meta":"","header-above-stick-meta":"","header-main-stick-meta":"","header-below-stick-meta":"","astra-migrate-meta-layouts":"set","ast-page-background-enabled":"default","ast-page-background-meta":{"desktop":{"background-color":"","background-image":"","background-repeat":"repeat","background-position":"center center","background-size":"auto","background-attachment":"scroll","background-type":"","background-media":"","overlay-type":"","overlay-color":"","overlay-opacity":"","overlay-gradient":""},"tablet":{"background-color":"","background-image":"","background-repeat":"repeat","background-position":"center center","background-size":"auto","background-attachment":"scroll","background-type":"","background-media":"","overlay-type":"","overlay-color":"","overlay-opacity":"","overlay-gradient":""},"mobile":{"background-color":"","background-image":"","background-repeat":"repeat","background-position":"center center","background-size":"auto","background-attachment":"scroll","background-type":"","background-media":"","overlay-type":"","overlay-color":"","overlay-opacity":"","overlay-gradient":""}},"ast-content-background-meta":{"desktop":{"background-color":"var(--ast-global-color-5)","background-image":"","background-repeat":"repeat","background-position":"center center","background-size":"auto","background-attachment":"scroll","background-type":"","background-media":"","overlay-type":"","overlay-color":"","overlay-opacity":"","overlay-gradient":""},"tablet":{"background-color":"var(--ast-global-color-5)","background-image":"","background-repeat":"repeat","background-position":"center center","background-size":"auto","background-attachment":"scroll","background-type":"","background-media":"","overlay-type":"","overlay-color":"","overlay-opacity":"","overlay-gradient":""},"mobile":{"background-color":"var(--ast-global-color-5)","background-image":"","background-repeat":"repeat","background-position":"center center","background-size":"auto","background-attachment":"scroll","background-type":"","background-media":"","overlay-type":"","overlay-color":"","overlay-opacity":"","overlay-gradient":""}},"_joinchat":[]},"product_brand":[],"product_cat":[265,149,150,151,152,153,143,492,146,57],"product_tag":[554,555,550,556,549,513,93,269,552,553,220],"class_list":{"0":"post-4822","1":"product","2":"type-product","3":"status-publish","4":"has-post-thumbnail","6":"product_cat-45000-puff","7":"product_cat-buy-disposable-vapes-in-austria","8":"product_cat-buy-disposable-vapes-in-belgium","9":"product_cat-buy-disposable-vapes-in-france","10":"product_cat-buy-disposable-vapes-in-cermany","11":"product_cat-buy-disposable-vapes-in-italy","12":"product_cat-dual-mesh-disposable-vapes","13":"product_cat-eu-warehouse","14":"product_cat-rechargeable-disposable-vapes","15":"product_cat-vozol-vape","16":"product_tag-adjustable-ice-disposable-vape","17":"product_tag-disposable-vape-pod","18":"product_tag-disposable-vape-with-screen","19":"product_tag-high-quanlity-disposable-vape","20":"product_tag-vape-cheap-price","21":"product_tag-vape-discount-price","22":"product_tag-vape-wholesale","23":"product_tag-vape-with-screen","24":"product_tag-vozol-neon-45000-puffs","25":"product_tag-vozol-neon-45k","26":"product_tag-vozol-vape","27":"desktop-align-left","28":"tablet-align-left","29":"mobile-align-left","31":"first","32":"instock","33":"sale","34":"shipping-taxable","35":"purchasable","36":"product-type-simple"},"acf":[],"uagb_featured_image_src":{"full":["https:\/\/vapestornado.com\/wp-content\/uploads\/2026\/01\/Vozol-45000-Puff-Disposable-Vape-Box-Wholesale.webp",800,800,false],"thumbnail":["https:\/\/vapestornado.com\/wp-content\/uploads\/2026\/01\/Vozol-45000-Puff-Disposable-Vape-Box-Wholesale-150x150.webp",150,150,true],"medium":["https:\/\/vapestornado.com\/wp-content\/uploads\/2026\/01\/Vozol-45000-Puff-Disposable-Vape-Box-Wholesale-300x300.webp",300,300,true],"medium_large":["https:\/\/vapestornado.com\/wp-content\/uploads\/2026\/01\/Vozol-45000-Puff-Disposable-Vape-Box-Wholesale-768x768.webp",768,768,true],"large":["https:\/\/vapestornado.com\/wp-content\/uploads\/2026\/01\/Vozol-45000-Puff-Disposable-Vape-Box-Wholesale.webp",800,800,false],"1536x1536":["https:\/\/vapestornado.com\/wp-content\/uploads\/2026\/01\/Vozol-45000-Puff-Disposable-Vape-Box-Wholesale.webp",800,800,false],"2048x2048":["https:\/\/vapestornado.com\/wp-content\/uploads\/2026\/01\/Vozol-45000-Puff-Disposable-Vape-Box-Wholesale.webp",800,800,false],"trp-custom-language-flag":["https:\/\/vapestornado.com\/wp-content\/uploads\/2026\/01\/Vozol-45000-Puff-Disposable-Vape-Box-Wholesale-12x12.webp",12,12,true],"woocommerce_thumbnail":["https:\/\/vapestornado.com\/wp-content\/uploads\/2026\/01\/Vozol-45000-Puff-Disposable-Vape-Box-Wholesale-300x300.webp",300,300,true],"woocommerce_single":["https:\/\/vapestornado.com\/wp-content\/uploads\/2026\/01\/Vozol-45000-Puff-Disposable-Vape-Box-Wholesale-600x600.webp",600,600,true],"woocommerce_gallery_thumbnail":["https:\/\/vapestornado.com\/wp-content\/uploads\/2026\/01\/Vozol-45000-Puff-Disposable-Vape-Box-Wholesale-100x100.webp",100,100,true]},"uagb_author_info":{"display_name":"ESAMY","author_link":"https:\/\/vapestornado.com\/pl\/author\/"},"uagb_comment_info":0,"uagb_excerpt":"The Vozol Neon 45000 Puffs disposable vape pod is built for users who demand long-lasting performance and stable flavour output. With a powerful rechargeable battery, smart screen display, and adjustable ice level, it delivers controlled, smooth vaping with consistent taste. Designed with Vozol mesh coil technology, it offers reliable quality in a sleek, high-end disposable&hellip;","_links":{"self":[{"href":"https:\/\/vapestornado.com\/pl\/wp-json\/wp\/v2\/product\/4822","targetHints":{"allow":["GET"]}}],"collection":[{"href":"https:\/\/vapestornado.com\/pl\/wp-json\/wp\/v2\/product"}],"about":[{"href":"https:\/\/vapestornado.com\/pl\/wp-json\/wp\/v2\/types\/product"}],"replies":[{"embeddable":true,"href":"https:\/\/vapestornado.com\/pl\/wp-json\/wp\/v2\/comments?post=4822"}],"wp:featuredmedia":[{"embeddable":true,"href":"https:\/\/vapestornado.com\/pl\/wp-json\/wp\/v2\/media\/4820"}],"wp:attachment":[{"href":"https:\/\/vapestornado.com\/pl\/wp-json\/wp\/v2\/media?parent=4822"}],"wp:term":[{"taxonomy":"product_brand","embeddable":true,"href":"https:\/\/vapestornado.com\/pl\/wp-json\/wp\/v2\/product_brand?post=4822"},{"taxonomy":"product_cat","embeddable":true,"href":"https:\/\/vapestornado.com\/pl\/wp-json\/wp\/v2\/product_cat?post=4822"},{"taxonomy":"product_tag","embeddable":true,"href":"https:\/\/vapestornado.com\/pl\/wp-json\/wp\/v2\/product_tag?post=4822"}],"curies":[{"name":"wp","href":"https:\/\/api.w.org\/{rel}","templated":true}]}}