{"id":4812,"date":"2026-01-20T07:56:41","date_gmt":"2026-01-20T07:56:41","guid":{"rendered":"https:\/\/vapestornado.com\/?post_type=product&#038;p=4812"},"modified":"2026-01-20T08:10:42","modified_gmt":"2026-01-20T08:10:42","slug":"uzy-tornado-20k-20000-puff-rechargeable-disposable-vape-pen-with-screen","status":"publish","type":"product","link":"https:\/\/vapestornado.com\/pl\/product\/uzy-tornado-20k-20000-puff-rechargeable-disposable-vape-pen-with-screen\/","title":{"rendered":"UZY Tornado 20K 20000 Chmur na\u0142adowywany jednorazowy e-papieros z ekranem"},"content":{"rendered":"<h1 data-start=\"0\" data-end=\"87\">UZY Tornado 20k Jednorazowy e-papieros z 28ml e-liquid i ekranem LED<\/h1>\n<p data-start=\"285\" data-end=\"670\">Cyfrowy ekran <strong data-start=\"289\" data-end=\"308\">UZY Tornado 20K<\/strong> zaprojektowany dla hurtownik\u00f3w, kt\u00f3rzy potrzebuj\u0105 stabilnej jako\u015bci, silnego obrotu i jasnych punkt\u00f3w sprzeda\u017cy. Z pojemno\u015bci\u0105 do <strong data-start=\"413\" data-end=\"440\">UZY Tornado 20000 Chmur<\/strong>, ten du\u017cy chmurowy e-papieros zapewnia d\u0142ugotrwa\u0142\u0105 wydajno\u015b\u0107 dzi\u0119ki pojemno\u015bci 28ml e-liquid i niezawodnemu akumulatorowi 850mAh. Dla klient\u00f3w, kt\u00f3rzy chc\u0105 rzadszych wymian i lepszej warto\u015bci, ten torando vape spe\u0142nia wszystkie oczekiwania.<\/p>\n<p data-start=\"672\" data-end=\"1062\">Taki <strong data-start=\"677\" data-end=\"712\">jednorazowy e-papieros z ekranem<\/strong> posiada czytelny wy\u015bwietlacz LED pokazuj\u0105cy poziom baterii i e-liquid w czasie rzeczywistym. Klienci detaliczni dok\u0142adnie wiedz\u0105, kiedy na\u0142adowa\u0107, co zmniejsza skargi i zwroty. Mesh coil o oporno\u015bci 0,6\u03a9 zapewnia sta\u0142\u0105 produkcj\u0119 pary i czysty smak od pierwszego do ostatniego pufa, stanowi\u0105c siln\u0105 alternatyw\u0119 dla wielu modeli Monkey Vape w tej samej kategorii.<\/p>\n<p data-start=\"1064\" data-end=\"1461\">Zaprojektowany na rynek europejski, <strong data-start=\"1102\" data-end=\"1121\">UZY Tornado 20k<\/strong> obs\u0142uguje r\u00f3\u017cne mocno\u015bci nikotyny (0%, 2%, 3%, 5%) oraz szeroki wyb\u00f3r smak\u00f3w, kt\u00f3re dobrze sprawdzaj\u0105 si\u0119 w sprzeda\u017cy detalicznej. System \u0142adowania typu C poprawia efektywno\u015b\u0107 kosztow\u0105, jednocze\u015bnie utrzymuj\u0105c urz\u0105dzenie prostym i przyjaznym dla u\u017cytkownika. Dla nabywc\u00f3w skupiaj\u0105cych si\u0119 na <strong data-start=\"1358\" data-end=\"1376\">ceny hurtowe vape<\/strong>, szybkim obrocie i <strong data-start=\"1397\" data-end=\"1417\">tanie ceny vape<\/strong> pozycjonowaniu, ten model jest sprawdzonym wyborem.<\/p>\n<p data-start=\"1463\" data-end=\"1618\">Zam\u00f3w ju\u017c teraz w <strong data-start=\"1478\" data-end=\"1507\">Sklepie internetowym Sigvape<\/strong> i zapewnij konkurencyjne ceny na produkt o du\u017cym popycie <strong data-start=\"1556\" data-end=\"1587\">jednorazowy e-papieros z ekranem<\/strong> kt\u00f3ry sprzedaje si\u0119 na podstawie parametr\u00f3w, a nie szumu.<\/p>\n<p><strong><span style=\"color: #ff0000;\">Dodaj Amy do WhatsAppa, aby uzyska\u0107 szybk\u0105 odpowied\u017a i kupon na vape!<\/span><\/strong><\/p>\n<p><img fetchpriority=\"high\" decoding=\"async\" class=\"size-full wp-image-2932\" src=\"https:\/\/vapestornado.com\/wp-content\/uploads\/2024\/12\/Vape-Wholesale.jpg\" alt=\"Hurtowa sprzeda\u017c e-papieros\u00f3w\" width=\"229\" height=\"300\" \/><\/p>\n<h3><a href=\"https:\/\/wa.me\/8617776015835\" target=\"_blank\" rel=\"noopener\"><span style=\"color: #ff0000;\"><strong>WhatsApp: +86 17776015835<\/strong><\/span><\/a><\/h3>\n<p>&nbsp;<\/p>\n<h2><strong>UZY Tornado 20K Puffs Funkcje produktu<\/strong><\/h2>\n<ul>\n<li data-start=\"1946\" data-end=\"2049\">\n<p data-start=\"1948\" data-end=\"2049\"><strong data-start=\"1948\" data-end=\"1973\">Pojemno\u015b\u0107 20000 puf\u00f3w:<\/strong> Zaprojektowany, aby dzia\u0142a\u0142 znacznie d\u0142u\u017cej ni\u017c standardowe jednorazowe e-papierosy.<\/p>\n<\/li>\n<li data-start=\"2050\" data-end=\"2149\">\n<p data-start=\"2052\" data-end=\"2149\"><strong data-start=\"2052\" data-end=\"2079\">Pojemno\u015b\u0107 e-liquid 28ml:<\/strong> Zmniejsza cz\u0119stotliwo\u015b\u0107 wymiany i poprawia og\u00f3ln\u0105 efektywno\u015b\u0107 kosztow\u0105.<\/p>\n<\/li>\n<li data-start=\"2150\" data-end=\"2239\">\n<p data-start=\"2152\" data-end=\"2239\"><strong data-start=\"2152\" data-end=\"2175\">Wy\u015bwietlacz LED:<\/strong> Wyra\u017anie pokazuje poziom baterii i oleju dla lepszej kontroli u\u017cytkownika.<\/p>\n<\/li>\n<li data-start=\"2240\" data-end=\"2311\">\n<p data-start=\"2242\" data-end=\"2311\"><strong data-start=\"2242\" data-end=\"2261\">Grza\u0142ka Mesh 0,6\u03a9:<\/strong> Dostarczaj\u0105 g\u0142adn\u0105 par\u0119 i stabilny smak.<\/p>\n<\/li>\n<li data-start=\"2312\" data-end=\"2404\">\n<p data-start=\"2314\" data-end=\"2404\"><strong data-start=\"2314\" data-end=\"2339\">Akumulator:<\/strong> \u0141adowanie typu C 850mAh wspiera d\u0142u\u017csze u\u017cytkowanie i lepsz\u0105 warto\u015b\u0107.<\/p>\n<\/li>\n<\/ul>\n<div><\/div>\n<h2 class=\"product-title\"><strong>Lista smak\u00f3w UZY Tornado 20K Puff<\/strong><\/h2>\n<h2 data-start=\"1625\" data-end=\"1639\"><\/h2>\n<ol data-start=\"1641\" data-end=\"1894\">\n<li data-start=\"1641\" data-end=\"1667\">\n<p data-start=\"1644\" data-end=\"1667\">Truskawkowa Arbuz<\/p>\n<\/li>\n<li data-start=\"1668\" data-end=\"1689\">\n<p data-start=\"1671\" data-end=\"1689\">Jagoda na Lodzie<\/p>\n<\/li>\n<li data-start=\"1690\" data-end=\"1716\">\n<p data-start=\"1693\" data-end=\"1716\">Brzoskwinia, mango, ananas<\/p>\n<\/li>\n<li data-start=\"1717\" data-end=\"1731\">\n<p data-start=\"1720\" data-end=\"1731\">Winogronowy L\u00f3d<\/p>\n<\/li>\n<li data-start=\"1732\" data-end=\"1751\">\n<p data-start=\"1735\" data-end=\"1751\">Arbuzowy l\u00f3d<\/p>\n<\/li>\n<li data-start=\"1752\" data-end=\"1766\">\n<p data-start=\"1755\" data-end=\"1766\">Brzoskwinia z Lodem<\/p>\n<\/li>\n<li data-start=\"1767\" data-end=\"1787\">\n<p data-start=\"1770\" data-end=\"1787\">Truskawka Kiwi<\/p>\n<\/li>\n<li data-start=\"1788\" data-end=\"1812\">\n<p data-start=\"1791\" data-end=\"1812\">Jagoda i Malina<\/p>\n<\/li>\n<li data-start=\"1813\" data-end=\"1836\">\n<p data-start=\"1816\" data-end=\"1836\">Kiwi Passion Fruit<\/p>\n<\/li>\n<li data-start=\"1837\" data-end=\"1850\">\n<p data-start=\"1841\" data-end=\"1850\">MR Blue<\/p>\n<\/li>\n<li data-start=\"1851\" data-end=\"1873\">\n<p data-start=\"1855\" data-end=\"1873\">Potr\u00f3jne Mango Ice<\/p>\n<\/li>\n<li data-start=\"1874\" data-end=\"1894\">\n<p data-start=\"1878\" data-end=\"1894\">Czerwona Energia L\u00f3d<\/p>\n<\/li>\n<\/ol>\n<figure id=\"attachment_4811\" aria-describedby=\"caption-attachment-4811\" style=\"width: 300px\" class=\"wp-caption alignnone\"><img decoding=\"async\" class=\"size-medium wp-image-4811\" src=\"https:\/\/vapestornado.com\/wp-content\/uploads\/2026\/01\/UZY-Tornado-20000-Puffs-Nicotine-Disposable-Vape-300x300.webp\" alt=\"UZY Tornado Jednorazowy e-papieros z nikotyn\u0105 na 20000 puf\u00f3w\" width=\"300\" height=\"300\" srcset=\"https:\/\/vapestornado.com\/wp-content\/uploads\/2026\/01\/UZY-Tornado-20000-Puffs-Nicotine-Disposable-Vape-300x300.webp 300w, https:\/\/vapestornado.com\/wp-content\/uploads\/2026\/01\/UZY-Tornado-20000-Puffs-Nicotine-Disposable-Vape-1024x1024.webp 1024w, https:\/\/vapestornado.com\/wp-content\/uploads\/2026\/01\/UZY-Tornado-20000-Puffs-Nicotine-Disposable-Vape-150x150.webp 150w, https:\/\/vapestornado.com\/wp-content\/uploads\/2026\/01\/UZY-Tornado-20000-Puffs-Nicotine-Disposable-Vape-768x768.webp 768w, https:\/\/vapestornado.com\/wp-content\/uploads\/2026\/01\/UZY-Tornado-20000-Puffs-Nicotine-Disposable-Vape-12x12.webp 12w, https:\/\/vapestornado.com\/wp-content\/uploads\/2026\/01\/UZY-Tornado-20000-Puffs-Nicotine-Disposable-Vape-600x600.webp 600w, https:\/\/vapestornado.com\/wp-content\/uploads\/2026\/01\/UZY-Tornado-20000-Puffs-Nicotine-Disposable-Vape-100x100.webp 100w, https:\/\/vapestornado.com\/wp-content\/uploads\/2026\/01\/UZY-Tornado-20000-Puffs-Nicotine-Disposable-Vape.webp 1280w\" sizes=\"(max-width: 300px) 100vw, 300px\" \/><figcaption id=\"caption-attachment-4811\" class=\"wp-caption-text\">UZY Tornado Jednorazowy e-papieros z nikotyn\u0105 na 20000 puf\u00f3w<\/figcaption><\/figure>\n<div class=\"flex-shrink-0 flex flex-col relative items-end\">\n<div class=\"pt-0\">\n<div class=\"gizmo-bot-avatar flex h-8 w-8 items-center justify-center overflow-hidden rounded-full\">\n<div class=\"relative p-1 rounded-sm flex items-center justify-center bg-token-main-surface-primary text-token-text-primary h-8 w-8\">\n<h2 data-start=\"1200\" data-end=\"1487\">Vapes Tornado \u2013 Tw\u00f3j hurtowy sklep internetowy z vaporami dla popularnych e-papieros\u00f3w<\/h2>\n<p data-start=\"72\" data-end=\"396\"><strong data-start=\"72\" data-end=\"89\">Tornado Vape<\/strong> to hurtowy sklep internetowy z vaporami skoncentrowany na Europie, oferuj\u0105cy starannie wyselekcjonowany asortyment <strong data-start=\"178\" data-end=\"195\">popularnych e-papieros\u00f3w<\/strong> dla profesjonalnych nabywc\u00f3w. Wsp\u00f3\u0142pracujemy z detalistami, dystrybutorami i sklepami internetowymi w ca\u0142ej UE, kt\u00f3rzy potrzebuj\u0105 stabilnej dostawy, jasnych informacji o produktach oraz marek, kt\u00f3re klienci ju\u017c rozpoznaj\u0105 i ufaj\u0105 im.<\/p>\n<p data-start=\"398\" data-end=\"687\">Wsp\u00f3\u0142pracujemy z zaufanymi nazwami takimi jak <strong data-start=\"247\" data-end=\"352\">Elf Bar Vape, WASPE Vape, <a href=\"https:\/\/vapestornado.com\/pl\/product\/uzy-150k-puffs-6-in-1-flavor-switch-disposable-vape-pen-wholesale\/\">Waporyzator UZY<\/a>, Bang Vape, Razz Bar Vape, <a href=\"https:\/\/vapestornado.com\/pl\/product\/randm-12000-puffs-fumot-digital-disposable-vape-wholesale-price\/\">Fumot Waporyzator<\/a>, <a href=\"https:\/\/vapestornado.com\/pl\/product\/original-wga-ultra-35k-35000-puff-rechargeable-crystal-disposable-nicotine-vape-best-discount-price\/\">WGA VAPE<\/a>, <a href=\"https:\/\/vapestornado.com\/pl\/product\/vozol-gear-shisha-25k-25000-puffs-best-dtl-disposable-vape-hookah-cheap-price\/\">VOZOL BAR VAPE<\/a>,\u00a0i Stag Bar Vape<\/strong>, wybrane ze wzgl\u0119du na sta\u0142\u0105 jako\u015b\u0107 i du\u017c\u0105 popularno\u015b\u0107 na rynku europejskim.<\/p>\n<h4 data-start=\"1080\" data-end=\"1120\">Stworzony dla hurtowych nabywc\u00f3w z Europy<\/h4>\n<p data-start=\"1121\" data-end=\"1189\">Vapes Tornado s\u0105 dostosowane do rzeczywistych potrzeb hurtownik\u00f3w z UE:<\/p>\n<ul data-start=\"1190\" data-end=\"1400\">\n<li data-start=\"1190\" data-end=\"1239\">\n<p data-start=\"1192\" data-end=\"1239\">Konkurencyjne ceny hurtowe przy zam\u00f3wieniach hurtowych<\/p>\n<\/li>\n<li data-start=\"1240\" data-end=\"1289\">\n<p data-start=\"1242\" data-end=\"1289\">Przejrzyste opisy produkt\u00f3w i specyfikacje<\/p>\n<\/li>\n<li data-start=\"1290\" data-end=\"1330\">\n<p data-start=\"1292\" data-end=\"1330\">Szybka, niezawodna logistyka skierowana na UE<\/p>\n<\/li>\n<li data-start=\"1331\" data-end=\"1400\">\n<p data-start=\"1333\" data-end=\"1400\">Katalog skoncentrowany na <strong data-start=\"1356\" data-end=\"1373\">popularnych e-papieros\u00f3w<\/strong>, nie na prze\u0142adowanych SKU<\/p>\n<\/li>\n<\/ul>\n<h2 data-start=\"2064\" data-end=\"2115\">Najcz\u0119\u015bciej zadawane pytania o UZY Tornado 20K Puffs Jednorazowy e-papieros<\/h2>\n<p data-start=\"2708\" data-end=\"2813\"><strong data-start=\"2708\" data-end=\"2754\">1. Jak d\u0142ugo dzia\u0142a UZY Tornado 20k?<\/strong><br data-start=\"2754\" data-end=\"2757\" \/>Dostarczaj\u0105 do 20000 puf\u00f3w, w zale\u017cno\u015bci od nawyk\u00f3w u\u017cytkowania.<\/p>\n<p data-start=\"2815\" data-end=\"2911\"><strong data-start=\"2815\" data-end=\"2858\">2. Czy UZY Tornado 20k jest \u0142adowalny?<\/strong><br data-start=\"2858\" data-end=\"2861\" \/>Tak, u\u017cywa wymiennej baterii typu C o pojemno\u015bci 850mAh.<\/p>\n<p data-start=\"2913\" data-end=\"3030\"><strong data-start=\"2913\" data-end=\"2960\">3. Czy ten jednorazowy e-papieros ma ekran?<\/strong><br data-start=\"2960\" data-end=\"2963\" \/>Tak, zawiera ekran LED pokazuj\u0105cy poziom baterii i e-liquidu.<\/p>\n<p data-start=\"3032\" data-end=\"3119\"><strong data-start=\"3032\" data-end=\"3077\">4. Jakie s\u0105 dost\u0119pne moce nikotyny?<\/strong><br data-start=\"3077\" data-end=\"3080\" \/>Opcje obejmuj\u0105 0%, 2%, 3% i 5% nik.<\/p>\n<p data-start=\"3121\" data-end=\"3248\"><strong data-start=\"3121\" data-end=\"3171\">5. Czy to jest odpowiednie do hurtowych zam\u00f3wie\u0144 na vape?<\/strong><br data-start=\"3171\" data-end=\"3174\" \/>Tak, jest zapakowany do zam\u00f3wie\u0144 hurtowych i zaprojektowany do szybkiej rotacji detalicznej.<\/p>\n<\/div>\n<\/div>\n<\/div>\n<\/div>","protected":false},"excerpt":{"rendered":"<div class=\"flex max-w-full flex-col grow\">\n<div class=\"min-h-8 text-message relative flex w-full flex-col items-end gap-2 text-start break-words whitespace-normal [.text-message+&amp;]:mt-1\" dir=\"auto\" data-message-author-role=\"assistant\" data-message-id=\"2a9d6edf-5b3a-41c0-afc9-caef2e4c2c3b\" data-message-model-slug=\"gpt-5-2\">\n<div class=\"flex w-full flex-col gap-1 empty:hidden first:pt-[1px]\">\n<div class=\"markdown prose dark:prose-invert w-full break-words light markdown-new-styling\">\n<p data-start=\"3477\" data-end=\"3546\">UZY Tornado 20K Jednorazowy e-papieros z ekranem \u2013 hurtowa sprzeda\u017c 20000 chmur<\/p>\n<p data-start=\"3550\" data-end=\"3608\">UZY Tornado 20000 Chmur na\u0142adowywany jednorazowy e-papieros<\/p>\n<p data-start=\"3612\" data-end=\"3673\">UZY Tornado 20k Du\u017ca chmura jednorazowego e-papierosa do hurtowej sprzeda\u017cy<\/p>\n<\/div>\n<\/div>\n<\/div>\n<\/div>\n<p><strong>Dodaj Amy na WhatsApp, aby uzyska\u0107 w\u0142a\u015bciw\u0105 odpowied\u017a i cen\u0119 z rabatem!<\/strong><\/p>\n<p><img fetchpriority=\"high\" decoding=\"async\" class=\"size-full wp-image-2932\" src=\"https:\/\/vapestornado.com\/wp-content\/uploads\/2024\/12\/Vape-Wholesale.jpg\" alt=\"Hurtowa sprzeda\u017c e-papieros\u00f3w\" width=\"229\" height=\"300\" \/><\/p>\n<h3><a href=\"https:\/\/wa.me\/8617776015835\"><span style=\"color: #ff0000;\"><strong>WhatsApp: +86 17776015835<\/strong><\/span><\/a><\/h3>","protected":false},"featured_media":4805,"comment_status":"open","ping_status":"closed","template":"","meta":{"_acf_changed":false,"_uag_custom_page_level_css":"","_lmt_disableupdate":"no","_lmt_disable":"","_monsterinsights_skip_tracking":false,"_monsterinsights_sitenote_active":false,"_monsterinsights_sitenote_note":"","_monsterinsights_sitenote_category":0,"site-sidebar-layout":"default","site-content-layout":"","ast-site-content-layout":"default","site-content-style":"default","site-sidebar-style":"default","ast-global-header-display":"","ast-banner-title-visibility":"","ast-main-header-display":"","ast-hfb-above-header-display":"","ast-hfb-below-header-display":"","ast-hfb-mobile-header-display":"","site-post-title":"","ast-breadcrumbs-content":"","ast-featured-img":"","footer-sml-layout":"","ast-disable-related-posts":"","theme-transparent-header-meta":"default","adv-header-id-meta":"","stick-header-meta":"","header-above-stick-meta":"","header-main-stick-meta":"","header-below-stick-meta":"","astra-migrate-meta-layouts":"set","ast-page-background-enabled":"default","ast-page-background-meta":{"desktop":{"background-color":"","background-image":"","background-repeat":"repeat","background-position":"center center","background-size":"auto","background-attachment":"scroll","background-type":"","background-media":"","overlay-type":"","overlay-color":"","overlay-opacity":"","overlay-gradient":""},"tablet":{"background-color":"","background-image":"","background-repeat":"repeat","background-position":"center center","background-size":"auto","background-attachment":"scroll","background-type":"","background-media":"","overlay-type":"","overlay-color":"","overlay-opacity":"","overlay-gradient":""},"mobile":{"background-color":"","background-image":"","background-repeat":"repeat","background-position":"center center","background-size":"auto","background-attachment":"scroll","background-type":"","background-media":"","overlay-type":"","overlay-color":"","overlay-opacity":"","overlay-gradient":""}},"ast-content-background-meta":{"desktop":{"background-color":"var(--ast-global-color-5)","background-image":"","background-repeat":"repeat","background-position":"center center","background-size":"auto","background-attachment":"scroll","background-type":"","background-media":"","overlay-type":"","overlay-color":"","overlay-opacity":"","overlay-gradient":""},"tablet":{"background-color":"var(--ast-global-color-5)","background-image":"","background-repeat":"repeat","background-position":"center center","background-size":"auto","background-attachment":"scroll","background-type":"","background-media":"","overlay-type":"","overlay-color":"","overlay-opacity":"","overlay-gradient":""},"mobile":{"background-color":"var(--ast-global-color-5)","background-image":"","background-repeat":"repeat","background-position":"center center","background-size":"auto","background-attachment":"scroll","background-type":"","background-media":"","overlay-type":"","overlay-color":"","overlay-opacity":"","overlay-gradient":""}},"_joinchat":[]},"product_brand":[],"product_cat":[69,149,150,152,153,156,142,146,356],"product_tag":[287,550,478,548,546,547,549,513,93,512],"class_list":{"0":"post-4812","1":"product","2":"type-product","3":"status-publish","4":"has-post-thumbnail","6":"product_cat-20000-puff","7":"product_cat-buy-disposable-vapes-in-austria","8":"product_cat-buy-disposable-vapes-in-belgium","9":"product_cat-buy-disposable-vapes-in-cermany","10":"product_cat-buy-disposable-vapes-in-italy","11":"product_cat-buy-disposable-vapes-in-poland","12":"product_cat-digital-box-disposable-vapes","13":"product_cat-rechargeable-disposable-vapes","14":"product_cat-uzy-vape","15":"product_tag-disposable-vape-pen","16":"product_tag-disposable-vape-with-screen","17":"product_tag-monkey-vape","18":"product_tag-torando-vape","19":"product_tag-uzy-tornado-20000-puffs","20":"product_tag-uzy-tornado-20k","21":"product_tag-vape-cheap-price","22":"product_tag-vape-discount-price","23":"product_tag-vape-wholesale","24":"product_tag-vape-wholesale-distributor","25":"desktop-align-left","26":"tablet-align-left","27":"mobile-align-left","29":"first","30":"instock","31":"sale","32":"shipping-taxable","33":"purchasable","34":"product-type-simple"},"acf":[],"uagb_featured_image_src":{"full":["https:\/\/vapestornado.com\/wp-content\/uploads\/2026\/01\/UZY-TORNADO-20K-Puffs-Screen-Low-Nicotine-Bulk-Buy.webp",800,800,false],"thumbnail":["https:\/\/vapestornado.com\/wp-content\/uploads\/2026\/01\/UZY-TORNADO-20K-Puffs-Screen-Low-Nicotine-Bulk-Buy-150x150.webp",150,150,true],"medium":["https:\/\/vapestornado.com\/wp-content\/uploads\/2026\/01\/UZY-TORNADO-20K-Puffs-Screen-Low-Nicotine-Bulk-Buy-300x300.webp",300,300,true],"medium_large":["https:\/\/vapestornado.com\/wp-content\/uploads\/2026\/01\/UZY-TORNADO-20K-Puffs-Screen-Low-Nicotine-Bulk-Buy-768x768.webp",768,768,true],"large":["https:\/\/vapestornado.com\/wp-content\/uploads\/2026\/01\/UZY-TORNADO-20K-Puffs-Screen-Low-Nicotine-Bulk-Buy.webp",800,800,false],"1536x1536":["https:\/\/vapestornado.com\/wp-content\/uploads\/2026\/01\/UZY-TORNADO-20K-Puffs-Screen-Low-Nicotine-Bulk-Buy.webp",800,800,false],"2048x2048":["https:\/\/vapestornado.com\/wp-content\/uploads\/2026\/01\/UZY-TORNADO-20K-Puffs-Screen-Low-Nicotine-Bulk-Buy.webp",800,800,false],"trp-custom-language-flag":["https:\/\/vapestornado.com\/wp-content\/uploads\/2026\/01\/UZY-TORNADO-20K-Puffs-Screen-Low-Nicotine-Bulk-Buy-12x12.webp",12,12,true],"woocommerce_thumbnail":["https:\/\/vapestornado.com\/wp-content\/uploads\/2026\/01\/UZY-TORNADO-20K-Puffs-Screen-Low-Nicotine-Bulk-Buy-300x300.webp",300,300,true],"woocommerce_single":["https:\/\/vapestornado.com\/wp-content\/uploads\/2026\/01\/UZY-TORNADO-20K-Puffs-Screen-Low-Nicotine-Bulk-Buy-600x600.webp",600,600,true],"woocommerce_gallery_thumbnail":["https:\/\/vapestornado.com\/wp-content\/uploads\/2026\/01\/UZY-TORNADO-20K-Puffs-Screen-Low-Nicotine-Bulk-Buy-100x100.webp",100,100,true]},"uagb_author_info":{"display_name":"ESAMY","author_link":"https:\/\/vapestornado.com\/pl\/author\/"},"uagb_comment_info":0,"uagb_excerpt":"UZY Tornado 20K Disposable Vape with Screen \u2013 20000 Puffs Wholesale UZY Tornado 20000 Puffs Rechargeable Disposable Vape Pen UZY Tornado 20k Big Puff Disposable Vape for Vape Wholesale Add Amy's whatsapp to get right reply and discount price! WhatsApp: +86 17776015835","_links":{"self":[{"href":"https:\/\/vapestornado.com\/pl\/wp-json\/wp\/v2\/product\/4812","targetHints":{"allow":["GET"]}}],"collection":[{"href":"https:\/\/vapestornado.com\/pl\/wp-json\/wp\/v2\/product"}],"about":[{"href":"https:\/\/vapestornado.com\/pl\/wp-json\/wp\/v2\/types\/product"}],"replies":[{"embeddable":true,"href":"https:\/\/vapestornado.com\/pl\/wp-json\/wp\/v2\/comments?post=4812"}],"wp:featuredmedia":[{"embeddable":true,"href":"https:\/\/vapestornado.com\/pl\/wp-json\/wp\/v2\/media\/4805"}],"wp:attachment":[{"href":"https:\/\/vapestornado.com\/pl\/wp-json\/wp\/v2\/media?parent=4812"}],"wp:term":[{"taxonomy":"product_brand","embeddable":true,"href":"https:\/\/vapestornado.com\/pl\/wp-json\/wp\/v2\/product_brand?post=4812"},{"taxonomy":"product_cat","embeddable":true,"href":"https:\/\/vapestornado.com\/pl\/wp-json\/wp\/v2\/product_cat?post=4812"},{"taxonomy":"product_tag","embeddable":true,"href":"https:\/\/vapestornado.com\/pl\/wp-json\/wp\/v2\/product_tag?post=4812"}],"curies":[{"name":"wp","href":"https:\/\/api.w.org\/{rel}","templated":true}]}}