{"id":4795,"date":"2026-01-13T03:09:18","date_gmt":"2026-01-13T03:09:18","guid":{"rendered":"https:\/\/vapestornado.com\/?post_type=product&#038;p=4795"},"modified":"2026-01-13T03:17:55","modified_gmt":"2026-01-13T03:17:55","slug":"al-fakher-crown-bar-15k-ice-adjust-disposable-shisha-hookah-wholesale-netherlands","status":"publish","type":"product","link":"https:\/\/vapestornado.com\/pl\/product\/al-fakher-crown-bar-15k-ice-adjust-disposable-shisha-hookah-wholesale-netherlands\/","title":{"rendered":"Al Fakher Crown Bar 15K Ice Adjust Jednorazowa Shisha Hookah Hurtowa Polska"},"content":{"rendered":"<h1 data-start=\"0\" data-end=\"87\">Al Fakher Mega Max 40K Puffs Crown Bar Jednorazowa E-Shisha Hookah Vape z Regulowanym Przep\u0142ywem Powietrza<\/h1>\n<p data-start=\"107\" data-end=\"502\">Al Fakher Crown Bar 15K Ice Adjust jest zaprojektowany dla europejskiego rynku hurtowego, kt\u00f3ry wymaga kontroli smaku, d\u0142ugiej \u017cywotno\u015bci i niezawodnej jako\u015bci przy <strong data-start=\"259\" data-end=\"274\">niska cena<\/strong>. Zaprojektowany dla <strong data-start=\"289\" data-end=\"316\">Jednorazowe E-Papierosy<\/strong> detalist\u00f3w i <strong data-start=\"331\" data-end=\"368\">Hurtowa sprzeda\u017c Vape w Francji<\/strong> dystrybutor\u00f3w, ten model zapewnia do <strong data-start=\"409\" data-end=\"440\">15 000 g\u0142adkich, stabilnych wdech\u00f3w<\/strong> z charakterystycznym smakiem i wysok\u0105 jako\u015bci\u0105 wykonania Al Fakher.<\/p>\n<p data-start=\"504\" data-end=\"842\">W przeciwie\u0144stwie do standardowych jednoraz\u00f3wek, <strong data-start=\"537\" data-end=\"568\">system Crown Bar Ice Adjust<\/strong> pozwala u\u017cytkownikom kontrolowa\u0107 intensywno\u015b\u0107 ch\u0142odzenia, umo\u017cliwiaj\u0105c ka\u017cdemu klientowi wyb\u00f3r mocnego lodowego uderzenia lub \u0142agodniejszego, cieplejszego oddechu. To sprawia, \u017ce <strong data-start=\"703\" data-end=\"730\">Al Fakher Crown Bar 15K<\/strong> \u0142atwiej jest sprzedawa\u0107 r\u00f3\u017cnym preferencjom u\u017cytkownik\u00f3w, zwi\u0119kszaj\u0105c powtarzalno\u015b\u0107 zakup\u00f3w i redukuj\u0105c wolno rotuj\u0105ce smaki.<\/p>\n<p data-start=\"844\" data-end=\"1140\">Zasilany przez <strong data-start=\"858\" data-end=\"889\">akumulator 850mAh<\/strong> i nape\u0142niony <strong data-start=\"906\" data-end=\"926\">22ml e-liquidu<\/strong>, <strong data-start=\"932\" data-end=\"960\">AL Fakher Ice Adjust 15K<\/strong> utrzymuje sta\u0142\u0105 wydajno\u015b\u0107 od pierwszego do ostatniego wdechu. To <strong data-start=\"1026\" data-end=\"1044\">grza\u0142k\u0119 mesh 0,6 \u03a9<\/strong> zapewnia czysty parowanie, wyra\u017any smak i stabiln\u0105 wydajno\u015b\u0107, nawet podczas d\u0142ugotrwa\u0142ego codziennego u\u017cytkowania.<\/p>\n<p data-start=\"1142\" data-end=\"1446\">Wbudowany <strong data-start=\"1153\" data-end=\"1171\">ogromna liczba zaci\u0105gni\u0119\u0107<\/strong> pokazuje zar\u00f3wno poziom baterii, jak i p\u0142ynu, daj\u0105c klientom pewno\u015b\u0107 i zmniejszaj\u0105c liczb\u0119 zwrot\u00f3w urz\u0105dze\u0144. Z <strong data-start=\"1272\" data-end=\"1293\">45 sprawdzonych smak\u00f3w<\/strong>, <strong data-start=\"1299\" data-end=\"1312\">Crown Bar<\/strong> linia wspiera siln\u0105 rotacj\u0119 detaliczn\u0105 i pomaga sklepom budowa\u0107 niezawieraj\u0105c\u0105 si\u0119 w kategorii najlepiej sprzedaj\u0105cych si\u0119 <strong data-start=\"1411\" data-end=\"1438\">Jednorazowe E-Papierosy<\/strong> rynku.<\/p>\n<p data-start=\"1448\" data-end=\"1645\">Je\u015bli szukasz <strong data-start=\"1468\" data-end=\"1505\">Hurtowa sprzeda\u017c Jednorazowych E-papieros\u00f3w w Polsce<\/strong>\u00a0w konkurencyjnej cenie z szybko rotuj\u0105cymi smakami, to <strong data-start=\"1559\" data-end=\"1597\">Al Fakher Crown Bar 15K Ice Adjust<\/strong> jest bezpiecznym, wysokowydajnym wyborem dla Twojego sklepu.<\/p>\n<p><strong><span style=\"color: #ff0000;\">Dodaj Amy do WhatsAppa, aby uzyska\u0107 szybk\u0105 odpowied\u017a i kupon na vape!<\/span><\/strong><\/p>\n<p><img fetchpriority=\"high\" decoding=\"async\" class=\"size-full wp-image-2932\" src=\"https:\/\/vapestornado.com\/wp-content\/uploads\/2024\/12\/Vape-Wholesale.jpg\" alt=\"Hurtowa sprzeda\u017c e-papieros\u00f3w\" width=\"229\" height=\"300\" \/><\/p>\n<h3><a href=\"https:\/\/wa.me\/8617776015835\" target=\"_blank\" rel=\"noopener\"><span style=\"color: #ff0000;\"><strong>WhatsApp: +86 17776015835<\/strong><\/span><\/a><\/h3>\n<p>&nbsp;<\/p>\n<h2><strong>Al Fakher Crown Bar 15K Funkcje produktu<\/strong><\/h2>\n<ul>\n<li data-start=\"1701\" data-end=\"1810\">\n<p data-start=\"1703\" data-end=\"1810\"><strong data-start=\"1703\" data-end=\"1719\">15 000 puf\u00f3w<\/strong> \u2013 Zapewnia d\u0142ugotrwa\u0142\u0105 wydajno\u015b\u0107, kt\u00f3ra pozwala klientom korzysta\u0107 z urz\u0105dzenia przez tygodnie.<\/p>\n<\/li>\n<li data-start=\"1811\" data-end=\"1909\">\n<p data-start=\"1813\" data-end=\"1909\"><strong data-start=\"1813\" data-end=\"1830\">22ml E-liquid<\/strong> \u2013 Du\u017ca pojemno\u015b\u0107 p\u0142ynu zapewnia stabilny smak bez konieczno\u015bci cz\u0119stych wymian.<\/p>\n<\/li>\n<li data-start=\"1910\" data-end=\"1991\">\n<p data-start=\"1912\" data-end=\"1991\"><strong data-start=\"1912\" data-end=\"1930\">Cewka siatkowa 0,6 \u03a9<\/strong> \u2013 Produkuje g\u0142adki par\u0119 i precyzyjny smak przy ka\u017cdym zaci\u0105gni\u0119ciu.<\/p>\n<\/li>\n<li data-start=\"1992\" data-end=\"2075\">\n<p data-start=\"1994\" data-end=\"2075\"><strong data-start=\"1994\" data-end=\"2011\">0,5% Nikotyna<\/strong> \u2013 Oferuje lekkie, g\u0142adkie odczucie nikotyny odpowiednie do codziennego u\u017cytku.<\/p>\n<\/li>\n<li data-start=\"2076\" data-end=\"2164\">\n<p data-start=\"2078\" data-end=\"2164\"><strong data-start=\"2078\" data-end=\"2096\">850mAh Bateria<\/strong> \u2013 Zapewnia niezawodne zasilanie przez ca\u0142y okres u\u017cytkowania urz\u0105dzenia.<\/p>\n<\/li>\n<li data-start=\"2165\" data-end=\"2229\">\n<p data-start=\"2167\" data-end=\"2229\"><strong data-start=\"2167\" data-end=\"2185\">\u0141adowanie USB-C<\/strong> \u2013 Umo\u017cliwia szybsze i bardziej stabilne \u0142adowanie.<\/p>\n<\/li>\n<li data-start=\"2230\" data-end=\"2319\">\n<p data-start=\"2232\" data-end=\"2319\"><strong data-start=\"2232\" data-end=\"2254\">Regulacja lodu<\/strong> \u2013 Pozwala u\u017cytkownikom ustawi\u0107 preferowany poziom ch\u0142odzenia przy ka\u017cdym zaci\u0105gni\u0119ciu.<\/p>\n<\/li>\n<li data-start=\"2320\" data-end=\"2395\">\n<p data-start=\"2322\" data-end=\"2395\"><strong data-start=\"2322\" data-end=\"2340\">Ekran cyfrowy<\/strong> \u2013 Wy\u015bwietla poziom baterii i e-liquidu w czasie rzeczywistym.<\/p>\n<\/li>\n<li data-start=\"2396\" data-end=\"2474\">\n<p data-start=\"2398\" data-end=\"2474\"><strong data-start=\"2398\" data-end=\"2417\">Budowa Crown Bar<\/strong> \u2013 Wysokiej jako\u015bci design obudowy poprawia trwa\u0142o\u015b\u0107 i przep\u0142yw powietrza.<\/p>\n<\/li>\n<li data-start=\"2475\" data-end=\"2543\">\n<p data-start=\"2477\" data-end=\"2543\"><strong data-start=\"2477\" data-end=\"2491\">45 smak\u00f3w<\/strong> \u2013 Wspiera siln\u0105 rotacj\u0119 detaliczn\u0105 i powtarzaln\u0105 sprzeda\u017c.<\/p>\n<\/li>\n<\/ul>\n<figure id=\"attachment_4791\" aria-describedby=\"caption-attachment-4791\" style=\"width: 300px\" class=\"wp-caption alignnone\"><img decoding=\"async\" class=\"size-medium wp-image-4791\" src=\"https:\/\/vapestornado.com\/wp-content\/uploads\/2026\/01\/Al-Fakher-Crown-Bar-Ice-Adjust-15K-15000-Puff-300x300.webp\" alt=\"Al Fakher Crown Bar Ice Adjust 15K 15000 zaci\u0105gni\u0119\u0107\" width=\"300\" height=\"300\" srcset=\"https:\/\/vapestornado.com\/wp-content\/uploads\/2026\/01\/Al-Fakher-Crown-Bar-Ice-Adjust-15K-15000-Puff-300x300.webp 300w, https:\/\/vapestornado.com\/wp-content\/uploads\/2026\/01\/Al-Fakher-Crown-Bar-Ice-Adjust-15K-15000-Puff-150x150.webp 150w, https:\/\/vapestornado.com\/wp-content\/uploads\/2026\/01\/Al-Fakher-Crown-Bar-Ice-Adjust-15K-15000-Puff-768x768.webp 768w, https:\/\/vapestornado.com\/wp-content\/uploads\/2026\/01\/Al-Fakher-Crown-Bar-Ice-Adjust-15K-15000-Puff-12x12.webp 12w, https:\/\/vapestornado.com\/wp-content\/uploads\/2026\/01\/Al-Fakher-Crown-Bar-Ice-Adjust-15K-15000-Puff-600x600.webp 600w, https:\/\/vapestornado.com\/wp-content\/uploads\/2026\/01\/Al-Fakher-Crown-Bar-Ice-Adjust-15K-15000-Puff-100x100.webp 100w, https:\/\/vapestornado.com\/wp-content\/uploads\/2026\/01\/Al-Fakher-Crown-Bar-Ice-Adjust-15K-15000-Puff.webp 800w\" sizes=\"(max-width: 300px) 100vw, 300px\" \/><figcaption id=\"caption-attachment-4791\" class=\"wp-caption-text\">Al Fakher Crown Bar Ice Adjust 15K 15000 zaci\u0105gni\u0119\u0107<\/figcaption><\/figure>\n<div>\n<div class=\"mceTemp\"><\/div>\n<\/div>\n<h2 class=\"product-title\"><strong>Lista smak\u00f3w Al Fakher Crown Bar 15K<\/strong><\/h2>\n<p>1 Jagoda Niebieska<br \/>\n2 Jagoda z Lodem<br \/>\n3 Czarna Porzeczka z Lodem<br \/>\n4 Czarna Porzeczka z Mi\u0119ta<br \/>\n5 Blue Razz Blast<br \/>\n6 Blue Razz Lemonade<br \/>\n7 Jagoda Wi\u015bniowa<br \/>\n8 Blueberry Gum<br \/>\n9 Blueberry Lemonade<br \/>\n10 Blueberry Mint<br \/>\n11 Blueberry Raspberry<br \/>\n12 Kwa\u015bnej Maliny z Bor\u00f3wki<br \/>\n13 Cherry Fiesta<br \/>\n14 Cherry Fizz<br \/>\n15 Cherry Ice<br \/>\n16 Cool Mango<br \/>\n17 Fusion Pop<br \/>\n18 Grape<br \/>\n19 Grape Berry<br \/>\n20 Grape Mint<br \/>\n21 Gum Mint<br \/>\n22 Hubba<br \/>\n23 Ice Blue<br \/>\n24 Lemon Lime<br \/>\n25 Lemon Lime Cherry Fizz<br \/>\n26 Lemon Mint<br \/>\n27 Lush Ice<br \/>\n28 Magic Love<br \/>\n29 Mango Ananas<br \/>\n30 Mentol<br \/>\n31 Mi\u0119ta<br \/>\n32 Mieszane Jagody<br \/>\n33 Pomara\u0144cza Mi\u0119ta<br \/>\n34 Brzoskwinia L\u00f3d<br \/>\n35 Ananas L\u00f3d<br \/>\n36 Kosmiczny Sen<br \/>\n37 Mi\u0119ta Pieprzowa<br \/>\n38 Truskawka Wi\u015bnia<br \/>\n39 Truskawka Punch<br \/>\n40 Letni Sen<br \/>\n41 Dwa Jab\u0142ka<br \/>\n42 Arbuz Wi\u015bnia<br \/>\n43 Arbuz Kiwi<br \/>\n44 Arbuz Limonka<br \/>\n45 Arbuz Ananas<\/p>\n<h2 data-start=\"2951\" data-end=\"2994\"><strong data-start=\"2954\" data-end=\"2994\">Dlaczego hurtownicy wybieraj\u0105 Crown Bar 15K<\/strong><\/h2>\n<p data-start=\"2996\" data-end=\"3213\">Cyfrowy ekran <strong data-start=\"3000\" data-end=\"3028\">AL Fakher Ice Adjust 15K<\/strong> \u0142\u0105czy <strong data-start=\"3038\" data-end=\"3086\">d\u0142ugi czas \u017cycia zaci\u0105gni\u0119cia, regulacja lodu i zaufanie do marki<\/strong> w jednym jednorazowym urz\u0105dzeniu, daj\u0105c detalistom produkt, kt\u00f3ry sprzedaje si\u0119 szybko, zapewnia sta\u0142\u0105 jako\u015b\u0107 i przyci\u0105ga klient\u00f3w.<\/p>\n<p data-start=\"3215\" data-end=\"3339\">Zam\u00f3w teraz i zabezpiecz si\u0119 <strong data-start=\"3238\" data-end=\"3253\">niska cena<\/strong> on <strong data-start=\"3257\" data-end=\"3284\">Al Fakher Crown Bar 15K<\/strong> dla swojego <strong data-start=\"3294\" data-end=\"3331\">Hurtowa sprzeda\u017c Vape w Francji<\/strong> zaopatrzeniu.<\/p>\n<p>&nbsp;<\/p>\n<div class=\"flex-shrink-0 flex flex-col relative items-end\">\n<div class=\"pt-0\">\n<div class=\"gizmo-bot-avatar flex h-8 w-8 items-center justify-center overflow-hidden rounded-full\">\n<div class=\"relative p-1 rounded-sm flex items-center justify-center bg-token-main-surface-primary text-token-text-primary h-8 w-8\">\n<h2 data-start=\"1200\" data-end=\"1487\">Vapes Tornado \u2013 Tw\u00f3j hurtowy sklep internetowy z vaporami dla popularnych e-papieros\u00f3w<\/h2>\n<p data-start=\"72\" data-end=\"396\"><strong data-start=\"72\" data-end=\"89\">Tornado Vape<\/strong> to hurtowy sklep internetowy z vaporami skoncentrowany na Europie, oferuj\u0105cy starannie wyselekcjonowany asortyment <strong data-start=\"178\" data-end=\"195\">popularnych e-papieros\u00f3w<\/strong> dla profesjonalnych nabywc\u00f3w. Wsp\u00f3\u0142pracujemy z detalistami, dystrybutorami i sklepami internetowymi w ca\u0142ej UE, kt\u00f3rzy potrzebuj\u0105 stabilnej dostawy, jasnych informacji o produktach oraz marek, kt\u00f3re klienci ju\u017c rozpoznaj\u0105 i ufaj\u0105 im.<\/p>\n<p data-start=\"398\" data-end=\"687\">Wsp\u00f3\u0142pracujemy z zaufanymi nazwami takimi jak <strong data-start=\"247\" data-end=\"352\">Elf Bar Vape, WASPE Vape, <a href=\"https:\/\/vapestornado.com\/pl\/product\/uzy-150k-puffs-6-in-1-flavor-switch-disposable-vape-pen-wholesale\/\">Waporyzator UZY<\/a>, Bang Vape, Razz Bar Vape, <a href=\"https:\/\/vapestornado.com\/pl\/product\/randm-12000-puffs-fumot-digital-disposable-vape-wholesale-price\/\">Fumot Waporyzator<\/a>, <a href=\"https:\/\/vapestornado.com\/pl\/product\/original-wga-ultra-35k-35000-puff-rechargeable-crystal-disposable-nicotine-vape-best-discount-price\/\">WGA VAPE<\/a>, <a href=\"https:\/\/vapestornado.com\/pl\/product\/vozol-gear-shisha-25k-25000-puffs-best-dtl-disposable-vape-hookah-cheap-price\/\">VOZOL BAR VAPE<\/a>,\u00a0i Stag Bar Vape<\/strong>, wybrane ze wzgl\u0119du na sta\u0142\u0105 jako\u015b\u0107 i du\u017c\u0105 popularno\u015b\u0107 na rynku europejskim.<\/p>\n<h4 data-start=\"1080\" data-end=\"1120\">Stworzony dla hurtowych nabywc\u00f3w z Europy<\/h4>\n<p data-start=\"1121\" data-end=\"1189\">Vapes Tornado s\u0105 dostosowane do rzeczywistych potrzeb hurtownik\u00f3w z UE:<\/p>\n<ul data-start=\"1190\" data-end=\"1400\">\n<li data-start=\"1190\" data-end=\"1239\">\n<p data-start=\"1192\" data-end=\"1239\">Konkurencyjne ceny hurtowe przy zam\u00f3wieniach hurtowych<\/p>\n<\/li>\n<li data-start=\"1240\" data-end=\"1289\">\n<p data-start=\"1242\" data-end=\"1289\">Przejrzyste opisy produkt\u00f3w i specyfikacje<\/p>\n<\/li>\n<li data-start=\"1290\" data-end=\"1330\">\n<p data-start=\"1292\" data-end=\"1330\">Szybka, niezawodna logistyka skierowana na UE<\/p>\n<\/li>\n<li data-start=\"1331\" data-end=\"1400\">\n<p data-start=\"1333\" data-end=\"1400\">Katalog skoncentrowany na <strong data-start=\"1356\" data-end=\"1373\">popularnych e-papieros\u00f3w<\/strong>, nie na prze\u0142adowanych SKU<\/p>\n<\/li>\n<\/ul>\n<h2 data-start=\"2064\" data-end=\"2115\">Najcz\u0119\u015bciej zadawane pytania o jednorazowego vapinga Al Fakher Crown Bar 15K<\/h2>\n<p data-start=\"3359\" data-end=\"3484\"><strong data-start=\"3359\" data-end=\"3413\">1. Jak d\u0142ugo wytrzymuje Al Fakher Crown Bar 15K?<\/strong><br data-start=\"3413\" data-end=\"3416\" \/>Przy do 15 000 zaci\u0105gni\u0119ciach, mo\u017ce wytrzyma\u0107 tygodnie w zale\u017cno\u015bci od codziennego u\u017cytkowania.<\/p>\n<p data-start=\"3486\" data-end=\"3605\"><strong data-start=\"3486\" data-end=\"3532\">2. Czy klienci mog\u0105 regulowa\u0107 poziom ch\u0142odzenia?<\/strong><br data-start=\"3532\" data-end=\"3535\" \/>Tak, system Ice Adjust pozwala u\u017cytkownikom wybra\u0107, jak zimne odczucie ma ka\u017cdy pufek.<\/p>\n<p data-start=\"3607\" data-end=\"3700\"><strong data-start=\"3607\" data-end=\"3642\">3. Czy bateria jest \u0142adowalna?<\/strong><br data-start=\"3642\" data-end=\"3645\" \/>Tak, ma bateri\u0119 o pojemno\u015bci 850mAh z szybkim \u0142adowaniem USB-C.<\/p>\n<p data-start=\"3702\" data-end=\"3807\"><strong data-start=\"3702\" data-end=\"3744\">4. Jak\u0105 moc nikotyny u\u017cywa?<\/strong><br data-start=\"3744\" data-end=\"3747\" \/>Urz\u0105dzenie jest wyposa\u017cone w nikotyn\u0119 0,5% dla g\u0142adkiego, lekkiego uderzenia.<\/p>\n<p data-start=\"3809\" data-end=\"3972\"><strong data-start=\"3809\" data-end=\"3857\">5. Czy to jest odpowiednie do hurtowej sprzeda\u017cy w Polsce?<\/strong><br data-start=\"3857\" data-end=\"3860\" \/>Tak, jest zaprojektowane do <strong data-start=\"3884\" data-end=\"3921\">Hurtowa sprzeda\u017c Vape w Francji<\/strong> z silnym atrakcyjnym detalem i szybko zmieniaj\u0105cymi si\u0119 smakami.<\/p>\n<\/div>\n<\/div>\n<\/div>\n<\/div>","protected":false},"excerpt":{"rendered":"<p data-start=\"4393\" data-end=\"4476\"><strong data-start=\"4393\" data-end=\"4474\">AL Fakher Crown Bar 15K Ice Adjust \u2013 Hurtowa Jednorazowe E-Papierosy Francja<\/strong><\/p>\n<p data-start=\"4480\" data-end=\"4550\"><strong data-start=\"4480\" data-end=\"4548\">Al Fakher Ice Adjust 15K Crown Bar | 15 000 Wdech\u00f3w w Taniej Cenie<\/strong><\/p>\n<p data-start=\"4554\" data-end=\"4622\" data-is-last-node=\"\"><strong data-start=\"4554\" data-end=\"4622\" data-is-last-node=\"\">Crown Bar 15K Jednorazowy Vape \u2013 Kontrola Lodu i Hurtowa Dostawa Europa<\/strong><\/p>\n<p><strong>Dodaj Amy na WhatsApp, aby uzyska\u0107 w\u0142a\u015bciw\u0105 odpowied\u017a i cen\u0119 z rabatem!<\/strong><\/p>\n<p><img fetchpriority=\"high\" decoding=\"async\" class=\"size-full wp-image-2932\" src=\"https:\/\/vapestornado.com\/wp-content\/uploads\/2024\/12\/Vape-Wholesale.jpg\" alt=\"Hurtowa sprzeda\u017c e-papieros\u00f3w\" width=\"229\" height=\"300\" \/><\/p>\n<h3><a href=\"https:\/\/wa.me\/8617776015835\"><span style=\"color: #ff0000;\"><strong>WhatsApp: +86 17776015835<\/strong><\/span><\/a><\/h3>","protected":false},"featured_media":4790,"comment_status":"open","ping_status":"closed","template":"","meta":{"_acf_changed":false,"_uag_custom_page_level_css":"","_lmt_disableupdate":"no","_lmt_disable":"","_monsterinsights_skip_tracking":false,"_monsterinsights_sitenote_active":false,"_monsterinsights_sitenote_note":"","_monsterinsights_sitenote_category":0,"site-sidebar-layout":"default","site-content-layout":"","ast-site-content-layout":"default","site-content-style":"default","site-sidebar-style":"default","ast-global-header-display":"","ast-banner-title-visibility":"","ast-main-header-display":"","ast-hfb-above-header-display":"","ast-hfb-below-header-display":"","ast-hfb-mobile-header-display":"","site-post-title":"","ast-breadcrumbs-content":"","ast-featured-img":"","footer-sml-layout":"","ast-disable-related-posts":"","theme-transparent-header-meta":"default","adv-header-id-meta":"","stick-header-meta":"","header-above-stick-meta":"","header-main-stick-meta":"","header-below-stick-meta":"","astra-migrate-meta-layouts":"set","ast-page-background-enabled":"default","ast-page-background-meta":{"desktop":{"background-color":"","background-image":"","background-repeat":"repeat","background-position":"center center","background-size":"auto","background-attachment":"scroll","background-type":"","background-media":"","overlay-type":"","overlay-color":"","overlay-opacity":"","overlay-gradient":""},"tablet":{"background-color":"","background-image":"","background-repeat":"repeat","background-position":"center center","background-size":"auto","background-attachment":"scroll","background-type":"","background-media":"","overlay-type":"","overlay-color":"","overlay-opacity":"","overlay-gradient":""},"mobile":{"background-color":"","background-image":"","background-repeat":"repeat","background-position":"center center","background-size":"auto","background-attachment":"scroll","background-type":"","background-media":"","overlay-type":"","overlay-color":"","overlay-opacity":"","overlay-gradient":""}},"ast-content-background-meta":{"desktop":{"background-color":"var(--ast-global-color-5)","background-image":"","background-repeat":"repeat","background-position":"center center","background-size":"auto","background-attachment":"scroll","background-type":"","background-media":"","overlay-type":"","overlay-color":"","overlay-opacity":"","overlay-gradient":""},"tablet":{"background-color":"var(--ast-global-color-5)","background-image":"","background-repeat":"repeat","background-position":"center center","background-size":"auto","background-attachment":"scroll","background-type":"","background-media":"","overlay-type":"","overlay-color":"","overlay-opacity":"","overlay-gradient":""},"mobile":{"background-color":"var(--ast-global-color-5)","background-image":"","background-repeat":"repeat","background-position":"center center","background-size":"auto","background-attachment":"scroll","background-type":"","background-media":"","overlay-type":"","overlay-color":"","overlay-opacity":"","overlay-gradient":""}},"_joinchat":[]},"product_brand":[],"product_cat":[71,531,140,150,152,156,158,142,146,147],"product_tag":[541,542,317,540,538,291,539,513,512],"class_list":{"0":"post-4795","1":"product","2":"type-product","3":"status-publish","4":"has-post-thumbnail","6":"product_cat-15000-puff","7":"product_cat-al-fakher-crown-bar","8":"product_cat-big-puffs-disposable-vapes","9":"product_cat-buy-disposable-vapes-in-belgium","10":"product_cat-buy-disposable-vapes-in-cermany","11":"product_cat-buy-disposable-vapes-in-poland","12":"product_cat-buy-disposable-vapes-in-spain","13":"product_cat-digital-box-disposable-vapes","14":"product_cat-rechargeable-disposable-vapes","15":"product_cat-shisha-hookah-disposable-vapes","16":"product_tag-al-fakher-15k-ice-adjust","17":"product_tag-al-fakher-15k-sound-adjust","18":"product_tag-al-fakher-crown-bar","19":"product_tag-al-fakher-crown-bar-15k","20":"product_tag-disposable-e-shisha","21":"product_tag-disposable-shisha-hookah","22":"product_tag-hookah-shisha","23":"product_tag-vape-discount-price","24":"product_tag-vape-wholesale-distributor","25":"desktop-align-left","26":"tablet-align-left","27":"mobile-align-left","29":"first","30":"instock","31":"sale","32":"shipping-taxable","33":"purchasable","34":"product-type-simple"},"acf":[],"uagb_featured_image_src":{"full":["https:\/\/vapestornado.com\/wp-content\/uploads\/2026\/01\/Al-Fakher-Crown-Bar-15K-Ice-Adjust-Disposable-Vape-Wholesale.webp",800,800,false],"thumbnail":["https:\/\/vapestornado.com\/wp-content\/uploads\/2026\/01\/Al-Fakher-Crown-Bar-15K-Ice-Adjust-Disposable-Vape-Wholesale-150x150.webp",150,150,true],"medium":["https:\/\/vapestornado.com\/wp-content\/uploads\/2026\/01\/Al-Fakher-Crown-Bar-15K-Ice-Adjust-Disposable-Vape-Wholesale-300x300.webp",300,300,true],"medium_large":["https:\/\/vapestornado.com\/wp-content\/uploads\/2026\/01\/Al-Fakher-Crown-Bar-15K-Ice-Adjust-Disposable-Vape-Wholesale-768x768.webp",768,768,true],"large":["https:\/\/vapestornado.com\/wp-content\/uploads\/2026\/01\/Al-Fakher-Crown-Bar-15K-Ice-Adjust-Disposable-Vape-Wholesale.webp",800,800,false],"1536x1536":["https:\/\/vapestornado.com\/wp-content\/uploads\/2026\/01\/Al-Fakher-Crown-Bar-15K-Ice-Adjust-Disposable-Vape-Wholesale.webp",800,800,false],"2048x2048":["https:\/\/vapestornado.com\/wp-content\/uploads\/2026\/01\/Al-Fakher-Crown-Bar-15K-Ice-Adjust-Disposable-Vape-Wholesale.webp",800,800,false],"trp-custom-language-flag":["https:\/\/vapestornado.com\/wp-content\/uploads\/2026\/01\/Al-Fakher-Crown-Bar-15K-Ice-Adjust-Disposable-Vape-Wholesale-12x12.webp",12,12,true],"woocommerce_thumbnail":["https:\/\/vapestornado.com\/wp-content\/uploads\/2026\/01\/Al-Fakher-Crown-Bar-15K-Ice-Adjust-Disposable-Vape-Wholesale-300x300.webp",300,300,true],"woocommerce_single":["https:\/\/vapestornado.com\/wp-content\/uploads\/2026\/01\/Al-Fakher-Crown-Bar-15K-Ice-Adjust-Disposable-Vape-Wholesale-600x600.webp",600,600,true],"woocommerce_gallery_thumbnail":["https:\/\/vapestornado.com\/wp-content\/uploads\/2026\/01\/Al-Fakher-Crown-Bar-15K-Ice-Adjust-Disposable-Vape-Wholesale-100x100.webp",100,100,true]},"uagb_author_info":{"display_name":"ESAMY","author_link":"https:\/\/vapestornado.com\/pl\/author\/"},"uagb_comment_info":0,"uagb_excerpt":"AL Fakher Crown Bar 15K Ice Adjust \u2013 Wholesale Disposable E Cigarettes France Al Fakher Ice Adjust 15K Crown Bar | 15,000 Puffs at Cheap Price Crown Bar 15K Disposable Vape \u2013 Ice Control &amp; Bulk Supply Europe Add Amy's whatsapp to get right reply and discount price! WhatsApp: +86 17776015835","_links":{"self":[{"href":"https:\/\/vapestornado.com\/pl\/wp-json\/wp\/v2\/product\/4795","targetHints":{"allow":["GET"]}}],"collection":[{"href":"https:\/\/vapestornado.com\/pl\/wp-json\/wp\/v2\/product"}],"about":[{"href":"https:\/\/vapestornado.com\/pl\/wp-json\/wp\/v2\/types\/product"}],"replies":[{"embeddable":true,"href":"https:\/\/vapestornado.com\/pl\/wp-json\/wp\/v2\/comments?post=4795"}],"wp:featuredmedia":[{"embeddable":true,"href":"https:\/\/vapestornado.com\/pl\/wp-json\/wp\/v2\/media\/4790"}],"wp:attachment":[{"href":"https:\/\/vapestornado.com\/pl\/wp-json\/wp\/v2\/media?parent=4795"}],"wp:term":[{"taxonomy":"product_brand","embeddable":true,"href":"https:\/\/vapestornado.com\/pl\/wp-json\/wp\/v2\/product_brand?post=4795"},{"taxonomy":"product_cat","embeddable":true,"href":"https:\/\/vapestornado.com\/pl\/wp-json\/wp\/v2\/product_cat?post=4795"},{"taxonomy":"product_tag","embeddable":true,"href":"https:\/\/vapestornado.com\/pl\/wp-json\/wp\/v2\/product_tag?post=4795"}],"curies":[{"name":"wp","href":"https:\/\/api.w.org\/{rel}","templated":true}]}}