{"id":4788,"date":"2026-01-09T08:31:41","date_gmt":"2026-01-09T08:31:41","guid":{"rendered":"https:\/\/vapestornado.com\/?post_type=product&#038;p=4788"},"modified":"2026-01-09T08:59:59","modified_gmt":"2026-01-09T08:59:59","slug":"al-fakher-60k-ehose-x-disposable-vape-crown-bar-60000-puffs-shisha-hookah-low-price","status":"publish","type":"product","link":"https:\/\/vapestornado.com\/pl\/product\/al-fakher-60k-ehose-x-disposable-vape-crown-bar-60000-puffs-shisha-hookah-low-price\/","title":{"rendered":"Al Fakher 60k EHose X Jednorazowy Vape Crown Bar 60000 Pali Pali Shisha Hookah Niska Cena"},"content":{"rendered":"<h1 data-start=\"0\" data-end=\"87\">Al Fakher Mega Max 40K Puffs Crown Bar Jednorazowa E-Shisha Hookah Vape z Regulowanym Przep\u0142ywem Powietrza<\/h1>\n<p data-start=\"233\" data-end=\"642\">Cyfrowy ekran <strong data-start=\"237\" data-end=\"289\">Al Fakher 60K E-Hose X Jednorazowy Vape Crown Bar<\/strong> jest zaprojektowany dla kupuj\u0105cych, kt\u00f3rzy wymagaj\u0105 d\u0142ugoterminowej niezawodno\u015bci, mocnego wydobycia smaku i pary na poziomie shishy w formacie jednorazowym. Zaprojektowany do <strong data-start=\"431\" data-end=\"480\">sprzeda\u017cy detalicznej i hurtowej na du\u017c\u0105 skal\u0119<\/strong>, ten model zapewnia do <strong data-start=\"508\" data-end=\"524\">60 000 puffs<\/strong> stabiln\u0105 wydajno\u015b\u0107, czyni\u0105c go jednym z najbardziej op\u0142acalnych <strong data-start=\"591\" data-end=\"627\">du\u017cych puf\u00f3w jednorazowych hookah vape<\/strong> na rynku.<\/p>\n<p data-start=\"644\" data-end=\"998\">Zbudowany wok\u00f3\u0142 ogromnego <strong data-start=\"667\" data-end=\"694\">50ml zbiornika na e-liquid<\/strong> i <strong data-start=\"701\" data-end=\"736\">wysokowydajna siateczkowa cewka 0,6\u03a9<\/strong>, <strong data-start=\"742\" data-end=\"769\">Al Fakher CRYSTAL 60000<\/strong> utrzymuje g\u0119st\u0105 par\u0119 i czysty smak od pierwszego wdechu do ostatniego. W przeciwie\u0144stwie do jednorazowych urz\u0105dze\u0144 o kr\u00f3tkiej \u017cywotno\u015bci, kt\u00f3re szybko trac\u0105 moc, ten system jest dostrojony do sta\u0142ej dawki, co jest kluczowe dla powtarzalnej sprzeda\u017cy i lojalno\u015bci klient\u00f3w.<\/p>\n<p data-start=\"1000\" data-end=\"1348\">Urz\u0105dzenie obs\u0142uguje <strong data-start=\"1020\" data-end=\"1040\">tryb podw\u00f3jnego wapowania<\/strong>, umo\u017cliwiaj\u0105c u\u017cytkownikom prze\u0142\u0105czanie si\u0119 mi\u0119dzy <strong data-start=\"1075\" data-end=\"1099\">Dla bezpo\u015bredniego do p\u0142uc (DPL)<\/strong> do sesji shishy z du\u017c\u0105 ilo\u015bci\u0105 pary oraz <strong data-start=\"1136\" data-end=\"1159\">MTL (ustami do p\u0142uc)<\/strong> do bardziej kontrolowanego zaci\u0105gni\u0119cia. Ta elastyczno\u015b\u0107 sprawia, \u017ce <strong data-start=\"1215\" data-end=\"1250\">Al Fakher Crown Bar Crystal 60K<\/strong> jest odpowiedni zar\u00f3wno dla fan\u00f3w shishy, jak i zwyk\u0142ych u\u017cytkownik\u00f3w jednorazowych e-papieros\u00f3w, zwi\u0119kszaj\u0105c jego zasi\u0119g komercyjny.<\/p>\n<p data-start=\"1350\" data-end=\"1704\">A <strong data-start=\"1352\" data-end=\"1384\">akumulatorem 1000 mAh z mo\u017cliwo\u015bci\u0105 ponownego \u0142adowania<\/strong> w po\u0142\u0105czeniu z <strong data-start=\"1397\" data-end=\"1421\">Szybkie \u0142adowanie typu C<\/strong> utrzymuje urz\u0105dzenie w dzia\u0142aniu bez przerw. Wbudowany <strong data-start=\"1478\" data-end=\"1503\">inteligentny wy\u015bwietlacz cyfrowy<\/strong> pokazuje poziom na\u0142adowania baterii i poziom e-liquid, zmniejszaj\u0105c frustracj\u0119 u\u017cytkownika i poprawiaj\u0105c postrzegan\u0105 jako\u015b\u0107 produktu \u2014 wa\u017cny czynnik na konkurencyjnych <strong data-start=\"1652\" data-end=\"1688\">hurtowniach e-papieros\u00f3w jednorazowych w Polsce<\/strong> oraz na rynkach UE.<\/p>\n<p data-start=\"1706\" data-end=\"1900\">Dla hurtownik\u00f3w poszukuj\u0105cych <strong data-start=\"1734\" data-end=\"1787\">niskiej ceny, du\u017cej liczby puf\u00f3w i silnej rozpoznawalno\u015bci marki<\/strong>, <strong data-start=\"1793\" data-end=\"1819\">Al Fakher 60K E-Hose X<\/strong> zapewnia zr\u00f3wnowa\u017con\u0105 kombinacj\u0119 wydajno\u015bci, trwa\u0142o\u015bci i stabilno\u015bci sprzeda\u017cy.<\/p>\n<p><strong><span style=\"color: #ff0000;\">Dodaj Amy do WhatsAppa, aby uzyska\u0107 szybk\u0105 odpowied\u017a i kupon na vape!<\/span><\/strong><\/p>\n<p><img fetchpriority=\"high\" decoding=\"async\" class=\"size-full wp-image-2932\" src=\"https:\/\/vapestornado.com\/wp-content\/uploads\/2024\/12\/Vape-Wholesale.jpg\" alt=\"Hurtowa sprzeda\u017c e-papieros\u00f3w\" width=\"229\" height=\"300\" \/><\/p>\n<h3><a href=\"https:\/\/wa.me\/8617776015835\" target=\"_blank\" rel=\"noopener\"><span style=\"color: #ff0000;\"><strong>WhatsApp: +86 17776015835<\/strong><\/span><\/a><\/h3>\n<p>&nbsp;<\/p>\n<h2><strong>Funkcje produktu Al Fakher 60k Puffs<\/strong><\/h2>\n<ul>\n<li data-start=\"1956\" data-end=\"2043\">\n<p data-start=\"1958\" data-end=\"2043\"><strong data-start=\"1958\" data-end=\"1975\">60 000 puf\u00f3w:<\/strong> Zaprojektowany do d\u0142ugotrwa\u0142ego u\u017cytkowania bez wczesnej utraty pary lub smaku.<\/p>\n<\/li>\n<li data-start=\"2044\" data-end=\"2151\">\n<p data-start=\"2046\" data-end=\"2151\"><strong data-start=\"2046\" data-end=\"2073\">Pojemno\u015b\u0107 e-liquid 50ml:<\/strong> Du\u017cy wewn\u0119trzny zbiornik zmniejsza cz\u0119stotliwo\u015b\u0107 wymiany i zwi\u0119ksza warto\u015b\u0107 dla u\u017cytkownika.<\/p>\n<\/li>\n<li data-start=\"2152\" data-end=\"2230\">\n<p data-start=\"2154\" data-end=\"2230\"><strong data-start=\"2154\" data-end=\"2175\">Podw\u00f3jny tryb wapowania:<\/strong> Obs\u0142uguje zar\u00f3wno DTL, jak i MTL, co poszerza atrakcyjno\u015b\u0107 dla klient\u00f3w.<\/p>\n<\/li>\n<li data-start=\"2231\" data-end=\"2323\">\n<p data-start=\"2233\" data-end=\"2323\"><strong data-start=\"2233\" data-end=\"2252\">Grza\u0142ka Mesh 0,6\u03a9:<\/strong> Zapewnia p\u0142ynny przep\u0142yw powietrza, g\u0119ste chmury i sta\u0142y smak.<\/p>\n<\/li>\n<li data-start=\"2324\" data-end=\"2406\">\n<p data-start=\"2326\" data-end=\"2406\"><strong data-start=\"2326\" data-end=\"2346\">Bateria 1000mAh:<\/strong> \u0141adowalny system zasilania zaprojektowany do intensywnego codziennego u\u017cytkowania.<\/p>\n<\/li>\n<li data-start=\"2407\" data-end=\"2492\">\n<p data-start=\"2409\" data-end=\"2492\"><strong data-start=\"2409\" data-end=\"2429\">\u0141adowanie typu-C:<\/strong> Szybsze i bardziej stabilne \u0142adowanie z nowoczesn\u0105 kompatybilno\u015bci\u0105.<\/p>\n<\/li>\n<li data-start=\"2493\" data-end=\"2582\">\n<p data-start=\"2495\" data-end=\"2582\"><strong data-start=\"2495\" data-end=\"2521\">Inteligentny cyfrowy wy\u015bwietlacz:<\/strong> Pokazuje poziom baterii i p\u0142ynu dla niezawodnego codziennego u\u017cytkowania.<\/p>\n<\/li>\n<li data-start=\"2583\" data-end=\"2666\">\n<p data-start=\"2585\" data-end=\"2666\"><strong data-start=\"2585\" data-end=\"2614\">St\u0119\u017cenie nikotyny 6mg\/ml:<\/strong> Zr\u00f3wnowa\u017cona dawka zaprojektowana do palenia w stylu shishy.<\/p>\n<\/li>\n<\/ul>\n<div>\n<figure id=\"attachment_4783\" aria-describedby=\"caption-attachment-4783\" style=\"width: 300px\" class=\"wp-caption alignnone\"><img decoding=\"async\" class=\"size-medium wp-image-4783\" src=\"https:\/\/vapestornado.com\/wp-content\/uploads\/2026\/01\/AL-Fakher-60k-Crown-Bar-EHOSE-X-60000-Puff-Disposable-Vape-300x300.webp\" alt=\"Al Fakher 60k Crown Bar EHOSE X Jednorazowy e-papieros 60000 puf\u00f3w\" width=\"300\" height=\"300\" srcset=\"https:\/\/vapestornado.com\/wp-content\/uploads\/2026\/01\/AL-Fakher-60k-Crown-Bar-EHOSE-X-60000-Puff-Disposable-Vape-300x300.webp 300w, https:\/\/vapestornado.com\/wp-content\/uploads\/2026\/01\/AL-Fakher-60k-Crown-Bar-EHOSE-X-60000-Puff-Disposable-Vape-150x150.webp 150w, https:\/\/vapestornado.com\/wp-content\/uploads\/2026\/01\/AL-Fakher-60k-Crown-Bar-EHOSE-X-60000-Puff-Disposable-Vape-768x768.webp 768w, https:\/\/vapestornado.com\/wp-content\/uploads\/2026\/01\/AL-Fakher-60k-Crown-Bar-EHOSE-X-60000-Puff-Disposable-Vape-12x12.webp 12w, https:\/\/vapestornado.com\/wp-content\/uploads\/2026\/01\/AL-Fakher-60k-Crown-Bar-EHOSE-X-60000-Puff-Disposable-Vape-600x600.webp 600w, https:\/\/vapestornado.com\/wp-content\/uploads\/2026\/01\/AL-Fakher-60k-Crown-Bar-EHOSE-X-60000-Puff-Disposable-Vape-100x100.webp 100w, https:\/\/vapestornado.com\/wp-content\/uploads\/2026\/01\/AL-Fakher-60k-Crown-Bar-EHOSE-X-60000-Puff-Disposable-Vape.webp 800w\" sizes=\"(max-width: 300px) 100vw, 300px\" \/><figcaption id=\"caption-attachment-4783\" class=\"wp-caption-text\">Al Fakher 60k Crown Bar EHOSE X Jednorazowy e-papieros 60000 puf\u00f3w<\/figcaption><\/figure>\n<\/div>\n<h2 class=\"product-title\"><strong>Lista smak\u00f3w Al Fakher 60k EHose X<\/strong><\/h2>\n<p>1 Jagoda Niebieska<br \/>\n2 Jagoda z Lodem<br \/>\n3 Czarna Porzeczka z Lodem<br \/>\n4 Czarna Porzeczka z Mi\u0119ta<br \/>\n5 Blue Razz Blast<br \/>\n6 Blue Razz Lemonade<br \/>\n7 Jagoda Wi\u015bniowa<br \/>\n8 Blueberry Gum<br \/>\n9 Blueberry Lemonade<br \/>\n10 Blueberry Mint<br \/>\n11 Blueberry Raspberry<br \/>\n12 Kwa\u015bnej Maliny z Bor\u00f3wki<br \/>\n13 Cherry Fiesta<br \/>\n14 Cherry Fizz<br \/>\n15 Cherry Ice<br \/>\n16 Cool Mango<br \/>\n17 Fusion Pop<br \/>\n18 Grape<br \/>\n19 Grape Berry<br \/>\n20 Grape Mint<br \/>\n21 Gum Mint<br \/>\n22 Hubba<br \/>\n23 Ice Blue<br \/>\n24 Lemon Lime<br \/>\n25 Lemon Lime Cherry Fizz<br \/>\n26 Lemon Mint<br \/>\n27 Lush Ice<br \/>\n28 Magic Love<br \/>\n29 Mango Ananas<br \/>\n30 Mentol<br \/>\n31 Mi\u0119ta<br \/>\n32 Mieszane Jagody<br \/>\n33 Pomara\u0144cza Mi\u0119ta<br \/>\n34 Brzoskwinia L\u00f3d<br \/>\n35 Ananas L\u00f3d<br \/>\n36 Kosmiczny Sen<br \/>\n37 Mi\u0119ta Pieprzowa<br \/>\n38 Truskawka Wi\u015bnia<br \/>\n39 Truskawka Punch<br \/>\n40 Letni Sen<br \/>\n41 Dwa Jab\u0142ka<br \/>\n42 Arbuz Wi\u015bnia<br \/>\n43 Arbuz Kiwi<br \/>\n44 Arbuz Limonka<br \/>\n45 Arbuz Ananas<\/p>\n<div class=\"flex-shrink-0 flex flex-col relative items-end\">\n<div class=\"pt-0\">\n<div class=\"gizmo-bot-avatar flex h-8 w-8 items-center justify-center overflow-hidden rounded-full\">\n<div class=\"relative p-1 rounded-sm flex items-center justify-center bg-token-main-surface-primary text-token-text-primary h-8 w-8\">\n<h2 data-start=\"1200\" data-end=\"1487\">Vapes Tornado \u2013 Tw\u00f3j hurtowy sklep internetowy z vaporami dla popularnych e-papieros\u00f3w<\/h2>\n<p data-start=\"72\" data-end=\"396\"><strong data-start=\"72\" data-end=\"89\">Tornado Vape<\/strong> to hurtowy sklep internetowy z vaporami skoncentrowany na Europie, oferuj\u0105cy starannie wyselekcjonowany asortyment <strong data-start=\"178\" data-end=\"195\">popularnych e-papieros\u00f3w<\/strong> dla profesjonalnych nabywc\u00f3w. Wsp\u00f3\u0142pracujemy z detalistami, dystrybutorami i sklepami internetowymi w ca\u0142ej UE, kt\u00f3rzy potrzebuj\u0105 stabilnej dostawy, jasnych informacji o produktach oraz marek, kt\u00f3re klienci ju\u017c rozpoznaj\u0105 i ufaj\u0105 im.<\/p>\n<p data-start=\"398\" data-end=\"687\">Wsp\u00f3\u0142pracujemy z zaufanymi nazwami takimi jak <strong data-start=\"247\" data-end=\"352\">Elf Bar Vape, WASPE Vape, <a href=\"https:\/\/vapestornado.com\/pl\/product\/uzy-150k-puffs-6-in-1-flavor-switch-disposable-vape-pen-wholesale\/\">Waporyzator UZY<\/a>, Bang Vape, Razz Bar Vape, <a href=\"https:\/\/vapestornado.com\/pl\/product\/randm-12000-puffs-fumot-digital-disposable-vape-wholesale-price\/\">Fumot Waporyzator<\/a>, <a href=\"https:\/\/vapestornado.com\/pl\/product\/original-wga-ultra-35k-35000-puff-rechargeable-crystal-disposable-nicotine-vape-best-discount-price\/\">WGA VAPE<\/a>, <a href=\"https:\/\/vapestornado.com\/pl\/product\/vozol-gear-shisha-25k-25000-puffs-best-dtl-disposable-vape-hookah-cheap-price\/\">VOZOL BAR VAPE<\/a>,\u00a0i Stag Bar Vape<\/strong>, wybrane ze wzgl\u0119du na sta\u0142\u0105 jako\u015b\u0107 i du\u017c\u0105 popularno\u015b\u0107 na rynku europejskim.<\/p>\n<h4 data-start=\"1080\" data-end=\"1120\">Stworzony dla hurtowych nabywc\u00f3w z Europy<\/h4>\n<p data-start=\"1121\" data-end=\"1189\">Vapes Tornado s\u0105 dostosowane do rzeczywistych potrzeb hurtownik\u00f3w z UE:<\/p>\n<ul data-start=\"1190\" data-end=\"1400\">\n<li data-start=\"1190\" data-end=\"1239\">\n<p data-start=\"1192\" data-end=\"1239\">Konkurencyjne ceny hurtowe przy zam\u00f3wieniach hurtowych<\/p>\n<\/li>\n<li data-start=\"1240\" data-end=\"1289\">\n<p data-start=\"1242\" data-end=\"1289\">Przejrzyste opisy produkt\u00f3w i specyfikacje<\/p>\n<\/li>\n<li data-start=\"1290\" data-end=\"1330\">\n<p data-start=\"1292\" data-end=\"1330\">Szybka, niezawodna logistyka skierowana na UE<\/p>\n<\/li>\n<li data-start=\"1331\" data-end=\"1400\">\n<p data-start=\"1333\" data-end=\"1400\">Katalog skoncentrowany na <strong data-start=\"1356\" data-end=\"1373\">popularnych e-papieros\u00f3w<\/strong>, nie na prze\u0142adowanych SKU<\/p>\n<\/li>\n<\/ul>\n<h2 data-start=\"2064\" data-end=\"2115\">Najcz\u0119\u015bciej zadawane pytania o Al Fakher 60k EHose X Jednorazowy e-papieros<\/h2>\n<p data-start=\"3387\" data-end=\"3541\"><strong data-start=\"3387\" data-end=\"3441\">1. Dla kogo jest przeznaczony Al Fakher 60K E-Hose X?<\/strong><br data-start=\"3441\" data-end=\"3444\" \/>Zosta\u0142 stworzony dla mi\u0142o\u015bnik\u00f3w shishy i u\u017cytkownik\u00f3w jednorazowych o du\u017cej wydajno\u015bci, kt\u00f3rzy oczekuj\u0105 d\u0142ugotrwa\u0142ej pracy.<\/p>\n<p data-start=\"3543\" data-end=\"3668\"><strong data-start=\"3543\" data-end=\"3587\">2. Czy u\u017cytkownicy mog\u0105 prze\u0142\u0105cza\u0107 si\u0119 mi\u0119dzy DTL a MTL?<\/strong><br data-start=\"3587\" data-end=\"3590\" \/>Tak, tryb podw\u00f3jnego vapowania umo\u017cliwia zar\u00f3wno styl bezpo\u015bredni do p\u0142uc, jak i ustno-do-p\u0142uc.<\/p>\n<p data-start=\"3670\" data-end=\"3796\"><strong data-start=\"3670\" data-end=\"3708\">3. Jak d\u0142ugo dzia\u0142a bateria?<\/strong><br data-start=\"3708\" data-end=\"3711\" \/>Bateria o pojemno\u015bci 1000mAh obs\u0142uguje d\u0142ugie codzienne u\u017cytkowanie i mo\u017ce by\u0107 szybko na\u0142adowana za pomoc\u0105 Type-C.<\/p>\n<p data-start=\"3798\" data-end=\"3944\"><strong data-start=\"3798\" data-end=\"3857\">4. Czy smak pozostaje sta\u0142y przez 60 000 puf\u00f3w?<\/strong><br data-start=\"3857\" data-end=\"3860\" \/>Siatkowa cewka i system e-liquid o pojemno\u015bci 50ml pomagaj\u0105 utrzyma\u0107 stabilny smak i wydajno\u015b\u0107 pary.<\/p>\n<p data-start=\"3946\" data-end=\"4135\"><strong data-start=\"3946\" data-end=\"4028\">5. Czy ten model jest odpowiedni do hurtowej sprzeda\u017cy jednorazowych vape'\u00f3w na rynku polskim i UE?<\/strong><br data-start=\"4028\" data-end=\"4031\" \/>Tak, jest zaprojektowany do du\u017cej dystrybucji z niezawodn\u0105 wydajno\u015bci\u0105 i siln\u0105 rozpoznawalno\u015bci\u0105 marki.<\/p>\n<\/div>\n<\/div>\n<\/div>\n<\/div>","protected":false},"excerpt":{"rendered":"<p data-start=\"4645\" data-end=\"4728\"><strong data-start=\"0\" data-end=\"26\" data-is-only-node=\"\">Al Fakher 60K E-Hose X<\/strong> dostarcza do <strong data-start=\"42\" data-end=\"58\">60 000 puffs<\/strong> z g\u0142adkim parowaniem w stylu shishy, <strong data-start=\"91\" data-end=\"111\">tryb podw\u00f3jnego wapowania<\/strong>, oraz mocnym <strong data-start=\"128\" data-end=\"160\">akumulatorem 1000 mAh z mo\u017cliwo\u015bci\u0105 ponownego \u0142adowania<\/strong>. Zaprojektowany do sprzeda\u017cy na du\u017c\u0105 skal\u0119, ten <strong data-start=\"196\" data-end=\"223\">Crown Bar Crystal 60000<\/strong> oferuje intensywny smak, d\u0142ug\u0105 \u017cywotno\u015b\u0107 i <strong data-start=\"261\" data-end=\"300\">tanie hurtowe jednorazowe vape<\/strong> w ca\u0142ej Polsce.<\/p>\n<p><strong>Dodaj Amy na WhatsApp, aby uzyska\u0107 w\u0142a\u015bciw\u0105 odpowied\u017a i cen\u0119 z rabatem!<\/strong><\/p>\n<p><img fetchpriority=\"high\" decoding=\"async\" class=\"size-full wp-image-2932\" src=\"https:\/\/vapestornado.com\/wp-content\/uploads\/2024\/12\/Vape-Wholesale.jpg\" alt=\"Hurtowa sprzeda\u017c e-papieros\u00f3w\" width=\"229\" height=\"300\" \/><\/p>\n<h3><a href=\"https:\/\/wa.me\/8617776015835\"><span style=\"color: #ff0000;\"><strong>WhatsApp: +86 17776015835<\/strong><\/span><\/a><\/h3>","protected":false},"featured_media":4784,"comment_status":"open","ping_status":"closed","template":"","meta":{"_acf_changed":false,"_uag_custom_page_level_css":"","_lmt_disableupdate":"no","_lmt_disable":"","_monsterinsights_skip_tracking":false,"_monsterinsights_sitenote_active":false,"_monsterinsights_sitenote_note":"","_monsterinsights_sitenote_category":0,"site-sidebar-layout":"default","site-content-layout":"","ast-site-content-layout":"default","site-content-style":"default","site-sidebar-style":"default","ast-global-header-display":"","ast-banner-title-visibility":"","ast-main-header-display":"","ast-hfb-above-header-display":"","ast-hfb-below-header-display":"","ast-hfb-mobile-header-display":"","site-post-title":"","ast-breadcrumbs-content":"","ast-featured-img":"","footer-sml-layout":"","ast-disable-related-posts":"","theme-transparent-header-meta":"default","adv-header-id-meta":"","stick-header-meta":"","header-above-stick-meta":"","header-main-stick-meta":"","header-below-stick-meta":"","astra-migrate-meta-layouts":"set","ast-page-background-enabled":"default","ast-page-background-meta":{"desktop":{"background-color":"","background-image":"","background-repeat":"repeat","background-position":"center center","background-size":"auto","background-attachment":"scroll","background-type":"","background-media":"","overlay-type":"","overlay-color":"","overlay-opacity":"","overlay-gradient":""},"tablet":{"background-color":"","background-image":"","background-repeat":"repeat","background-position":"center center","background-size":"auto","background-attachment":"scroll","background-type":"","background-media":"","overlay-type":"","overlay-color":"","overlay-opacity":"","overlay-gradient":""},"mobile":{"background-color":"","background-image":"","background-repeat":"repeat","background-position":"center center","background-size":"auto","background-attachment":"scroll","background-type":"","background-media":"","overlay-type":"","overlay-color":"","overlay-opacity":"","overlay-gradient":""}},"ast-content-background-meta":{"desktop":{"background-color":"var(--ast-global-color-5)","background-image":"","background-repeat":"repeat","background-position":"center center","background-size":"auto","background-attachment":"scroll","background-type":"","background-media":"","overlay-type":"","overlay-color":"","overlay-opacity":"","overlay-gradient":""},"tablet":{"background-color":"var(--ast-global-color-5)","background-image":"","background-repeat":"repeat","background-position":"center center","background-size":"auto","background-attachment":"scroll","background-type":"","background-media":"","overlay-type":"","overlay-color":"","overlay-opacity":"","overlay-gradient":""},"mobile":{"background-color":"var(--ast-global-color-5)","background-image":"","background-repeat":"repeat","background-position":"center center","background-size":"auto","background-attachment":"scroll","background-type":"","background-media":"","overlay-type":"","overlay-color":"","overlay-opacity":"","overlay-gradient":""}},"_joinchat":[]},"product_brand":[],"product_cat":[343,531,140,150,152,156,158,142,146,147],"product_tag":[537,536,317,538,291,539,513,512],"class_list":{"0":"post-4788","1":"product","2":"type-product","3":"status-publish","4":"has-post-thumbnail","6":"product_cat-60000-puff","7":"product_cat-al-fakher-crown-bar","8":"product_cat-big-puffs-disposable-vapes","9":"product_cat-buy-disposable-vapes-in-belgium","10":"product_cat-buy-disposable-vapes-in-cermany","11":"product_cat-buy-disposable-vapes-in-poland","12":"product_cat-buy-disposable-vapes-in-spain","13":"product_cat-digital-box-disposable-vapes","14":"product_cat-rechargeable-disposable-vapes","15":"product_cat-shisha-hookah-disposable-vapes","16":"product_tag-al-fakher-60000","17":"product_tag-al-fakher-60k-ehose-x","18":"product_tag-al-fakher-crown-bar","19":"product_tag-disposable-e-shisha","20":"product_tag-disposable-shisha-hookah","21":"product_tag-hookah-shisha","22":"product_tag-vape-discount-price","23":"product_tag-vape-wholesale-distributor","24":"desktop-align-left","25":"tablet-align-left","26":"mobile-align-left","28":"first","29":"instock","30":"sale","31":"shipping-taxable","32":"purchasable","33":"product-type-simple"},"acf":[],"uagb_featured_image_src":{"full":["https:\/\/vapestornado.com\/wp-content\/uploads\/2026\/01\/AL-Fakher-Crown-Bar-EHOSE-X-60K-Disposable-Vape.webp",800,800,false],"thumbnail":["https:\/\/vapestornado.com\/wp-content\/uploads\/2026\/01\/AL-Fakher-Crown-Bar-EHOSE-X-60K-Disposable-Vape-150x150.webp",150,150,true],"medium":["https:\/\/vapestornado.com\/wp-content\/uploads\/2026\/01\/AL-Fakher-Crown-Bar-EHOSE-X-60K-Disposable-Vape-300x300.webp",300,300,true],"medium_large":["https:\/\/vapestornado.com\/wp-content\/uploads\/2026\/01\/AL-Fakher-Crown-Bar-EHOSE-X-60K-Disposable-Vape-768x768.webp",768,768,true],"large":["https:\/\/vapestornado.com\/wp-content\/uploads\/2026\/01\/AL-Fakher-Crown-Bar-EHOSE-X-60K-Disposable-Vape.webp",800,800,false],"1536x1536":["https:\/\/vapestornado.com\/wp-content\/uploads\/2026\/01\/AL-Fakher-Crown-Bar-EHOSE-X-60K-Disposable-Vape.webp",800,800,false],"2048x2048":["https:\/\/vapestornado.com\/wp-content\/uploads\/2026\/01\/AL-Fakher-Crown-Bar-EHOSE-X-60K-Disposable-Vape.webp",800,800,false],"trp-custom-language-flag":["https:\/\/vapestornado.com\/wp-content\/uploads\/2026\/01\/AL-Fakher-Crown-Bar-EHOSE-X-60K-Disposable-Vape-12x12.webp",12,12,true],"woocommerce_thumbnail":["https:\/\/vapestornado.com\/wp-content\/uploads\/2026\/01\/AL-Fakher-Crown-Bar-EHOSE-X-60K-Disposable-Vape-300x300.webp",300,300,true],"woocommerce_single":["https:\/\/vapestornado.com\/wp-content\/uploads\/2026\/01\/AL-Fakher-Crown-Bar-EHOSE-X-60K-Disposable-Vape-600x600.webp",600,600,true],"woocommerce_gallery_thumbnail":["https:\/\/vapestornado.com\/wp-content\/uploads\/2026\/01\/AL-Fakher-Crown-Bar-EHOSE-X-60K-Disposable-Vape-100x100.webp",100,100,true]},"uagb_author_info":{"display_name":"ESAMY","author_link":"https:\/\/vapestornado.com\/pl\/author\/"},"uagb_comment_info":0,"uagb_excerpt":"Al Fakher 60K E-Hose X delivers up to 60,000 puffs with smooth shisha-style vapor, dual vaping mode, and a powerful 1000mAh rechargeable battery. Built for high-volume sales, this Crown Bar Crystal 60000 offers strong flavor, long life, and low-price disposable vape wholesale across Europe. Add Amy's whatsapp to get right reply and discount price! WhatsApp:&hellip;","_links":{"self":[{"href":"https:\/\/vapestornado.com\/pl\/wp-json\/wp\/v2\/product\/4788","targetHints":{"allow":["GET"]}}],"collection":[{"href":"https:\/\/vapestornado.com\/pl\/wp-json\/wp\/v2\/product"}],"about":[{"href":"https:\/\/vapestornado.com\/pl\/wp-json\/wp\/v2\/types\/product"}],"replies":[{"embeddable":true,"href":"https:\/\/vapestornado.com\/pl\/wp-json\/wp\/v2\/comments?post=4788"}],"wp:featuredmedia":[{"embeddable":true,"href":"https:\/\/vapestornado.com\/pl\/wp-json\/wp\/v2\/media\/4784"}],"wp:attachment":[{"href":"https:\/\/vapestornado.com\/pl\/wp-json\/wp\/v2\/media?parent=4788"}],"wp:term":[{"taxonomy":"product_brand","embeddable":true,"href":"https:\/\/vapestornado.com\/pl\/wp-json\/wp\/v2\/product_brand?post=4788"},{"taxonomy":"product_cat","embeddable":true,"href":"https:\/\/vapestornado.com\/pl\/wp-json\/wp\/v2\/product_cat?post=4788"},{"taxonomy":"product_tag","embeddable":true,"href":"https:\/\/vapestornado.com\/pl\/wp-json\/wp\/v2\/product_tag?post=4788"}],"curies":[{"name":"wp","href":"https:\/\/api.w.org\/{rel}","templated":true}]}}