{"id":4742,"date":"2025-12-27T02:27:08","date_gmt":"2025-12-27T02:27:08","guid":{"rendered":"https:\/\/vapestornado.com\/?post_type=product&#038;p=4742"},"modified":"2025-12-27T09:54:58","modified_gmt":"2025-12-27T09:54:58","slug":"vapme-crystal-48000-puff-48k-mtl-disposable-vape-with-digital-screen-belgium-wholesale","status":"publish","type":"product","link":"https:\/\/vapestornado.com\/pl\/product\/vapme-crystal-48000-puff-48k-mtl-disposable-vape-with-digital-screen-belgium-wholesale\/","title":{"rendered":"Vapme Crystal 48000 Puff 48k MTL Jednorazowy Vape z ekranem cyfrowym hurt w Polsce"},"content":{"rendered":"<h2 data-start=\"0\" data-end=\"65\">Vapme Crystal 48K: Vaping MTL, D\u0142ugotrwa\u0142e u\u017cytkowanie, Rzeczywisty ekran kontrolny<\/h2>\n<p data-start=\"67\" data-end=\"607\">Cyfrowy ekran <strong data-start=\"71\" data-end=\"99\">Vapme Crystal 48000 Chmur<\/strong> (48k) jest zaprojektowany dla doros\u0142ych u\u017cytkownik\u00f3w, kt\u00f3rzy preferuj\u0105 <strong data-start=\"148\" data-end=\"171\">MTL (ustami do p\u0142uc)<\/strong> i nadal chc\u0105 urz\u0105dzenia, kt\u00f3re wytrzyma. Zamiast goni\u0107 za du\u017cym przep\u0142ywem powietrza i ogromnymi chmurami, skupia si\u0119 na bardziej szczelnym, stylu papierosowym poci\u0105gni\u0119ciu, po\u0142\u0105czonym z praktycznym zestawem funkcji: <strong data-start=\"350\" data-end=\"369\">25ml e-liquid<\/strong>, a <strong data-start=\"373\" data-end=\"391\">1.0\u03a9 siatkowa grza\u0142ka<\/strong>i <strong data-start=\"399\" data-end=\"417\">ogromna liczba zaci\u0105gni\u0119\u0107<\/strong> kt\u00f3ry wyra\u017anie pokazuje stan urz\u0105dzenia. Dla hurtowych nabywc\u00f3w w Polsce, u\u0142atwia to pozycjonowanie\u2014MTL to jasny przypadek u\u017cycia, a ekran zmniejsza zamieszanie zwi\u0105zane z \u201emartwym urz\u0105dzeniem\u201d na poziomie klienta.<\/p>\n<h2 data-start=\"614\" data-end=\"653\">MTL, kt\u00f3re wydaje si\u0119 kontrolowane, a nie lu\u017ane<\/h2>\n<p data-start=\"655\" data-end=\"1027\">MTL to precyzja. Vapme Digital 48K jest zbudowany, aby zapewni\u0107 bardziej szczelne poci\u0105gni\u0119cie, kt\u00f3re odpowiada doros\u0142ym u\u017cytkownikom, kt\u00f3rzy chc\u0105 bardziej znajomego stylu inhalacji. To <strong data-start=\"806\" data-end=\"827\">Siatka grzewcza 1.0 ohm<\/strong> wspiera, r\u00f3wnowa\u017c\u0105c smak i wydajno\u015b\u0107 pary, bez wymuszania powietrznego poci\u0105gni\u0119cia. Je\u015bli u\u017cywa\u0142e\u015b urz\u0105dze\u0144, kt\u00f3re wydaj\u0105 si\u0119 zbyt otwarte lub zbyt \u201echmurowe\u201d, ten jest zaprojektowany, aby wydawa\u0142 si\u0119 bardziej kontrolowany i sp\u00f3jny.<\/p>\n<h2 data-start=\"1034\" data-end=\"1082\">Ekran cyfrowy = Mniej niespodzianek w codziennym u\u017cytkowaniu<\/h2>\n<p data-start=\"1084\" data-end=\"1495\">Ekran ma znaczenie tylko wtedy, gdy eliminuje prawdziwe utrudnienie. W przypadku jednorazowych urz\u0105dze\u0144 d\u0142ugotrwa\u0142ego u\u017cytku, najcz\u0119stsz\u0105 frustracj\u0105 jest brak informacji, czy urz\u0105dzenie ma nisk\u0105 moc, czy po prostu zbli\u017ca si\u0119 do ko\u0144ca. To <strong data-start=\"1274\" data-end=\"1292\">ogromna liczba zaci\u0105gni\u0119\u0107<\/strong> daje widoczny status, dzi\u0119ki czemu u\u017cytkownicy mog\u0105 zarz\u0105dza\u0107 urz\u0105dzeniem jak narz\u0119dziem\u2014sprawdzi\u0107, na\u0142adowa\u0107 je\u015bli trzeba i kontynuowa\u0107. Dla hurtownika, oznacza to mniej niepotrzebnych skarg i wi\u0119ksz\u0105 satysfakcj\u0119 powtarzaln\u0105.<\/p>\n<h2 data-start=\"1502\" data-end=\"1560\">Pojemno\u015b\u0107 25ml + 650mAh Type-C: Zaprojektowane na realny rytm \u017cycia<\/h2>\n<p data-start=\"1562\" data-end=\"2024\">Klasa 48K ma sens tylko wtedy, gdy pojemno\u015b\u0107 p\u0142ynu i wsparcie baterii odpowiadaj\u0105 deklaracji. Vapme \u0142\u0105czy <strong data-start=\"1661\" data-end=\"1680\">25ml e-liquid<\/strong> z <strong data-start=\"1688\" data-end=\"1706\">bateri\u0119 650 mAh<\/strong> i <strong data-start=\"1713\" data-end=\"1728\">portem Type-C<\/strong>, wi\u0119c urz\u0105dzenie mo\u017cna na\u0142adowa\u0107 i u\u017cywa\u0107 przez d\u0142u\u017cszy czas. Jest to szczeg\u00f3lnie przydatne dla regularnych u\u017cytkownik\u00f3w, kt\u00f3rzy nie chc\u0105, aby urz\u0105dzenie wyczerpa\u0142o si\u0119 w po\u0142owie tygodnia. \u0141adowanie jest proste, a rozmiar baterii odpowiada profilowi MTL, gdzie zu\u017cycie jest zazwyczaj bardziej kontrolowane ni\u017c w urz\u0105dzeniach o wysokim przep\u0142ywie powietrza.<\/p>\n<h2 data-start=\"2031\" data-end=\"2083\">Nikotyna 2%: Prosta dla detalicznego rynku UE<\/h2>\n<p data-start=\"2085\" data-end=\"2377\">Ten model jest okre\u015blony na <strong data-start=\"2112\" data-end=\"2127\">nikotyn\u0105 2%<\/strong>, poziom powszechnie wymagany na rynkach europejskich. Jest wystarczaj\u0105co mocny, aby zapewni\u0107 satysfakcjonuj\u0105ce odczucie w gardle dla wielu doros\u0142ych, ale nie jest ustawiony na ekstremalne. Dla hurtowej dystrybucji w Polsce, utrzymanie opcji nikotynowej prostej r\u00f3wnie\u017c zmniejsza z\u0142o\u017cono\u015b\u0107 magazynowania.<\/p>\n<h2 data-start=\"2384\" data-end=\"2434\">20 smak\u00f3w: Szeroki wyb\u00f3r bez dziwnych odchyle\u0144<\/h2>\n<p data-start=\"2436\" data-end=\"2601\">Vapme oferuje <strong data-start=\"2449\" data-end=\"2464\">20 smak\u00f3w<\/strong>, obejmuj\u0105cych profile owocowe, lodowe, cukierkowe i napojowe. Dla g\u0142\u00f3wnego zapotrzebowania UE, s\u0105 to najbezpieczniejsze wybory \u201epopularnych smak\u00f3w\u201d, kt\u00f3re prowadz\u0105:<\/p>\n<ul data-start=\"2603\" data-end=\"2962\">\n<li data-start=\"2603\" data-end=\"2682\">\n<p data-start=\"2605\" data-end=\"2682\"><strong data-start=\"2605\" data-end=\"2628\">Jagoda i Malina<\/strong> \u2013 niezawodny profil owocowy z wysokim potencja\u0142em powtarzalno\u015bci<\/p>\n<\/li>\n<li data-start=\"2683\" data-end=\"2744\">\n<p data-start=\"2685\" data-end=\"2744\"><strong data-start=\"2685\" data-end=\"2703\">Arbuzowy l\u00f3d<\/strong> \u2013 czysta, od\u015bwie\u017caj\u0105ca, \u0142atwa codzienna opcja<\/p>\n<\/li>\n<li data-start=\"2745\" data-end=\"2812\">\n<p data-start=\"2747\" data-end=\"2812\"><strong data-start=\"2747\" data-end=\"2758\">Pan Blue<\/strong> \u2013 rozpoznawalny styl \u201eniebieskiej mieszanki\u201d, kt\u00f3ry sprzedaje si\u0119 stabilnie<\/p>\n<\/li>\n<li data-start=\"2813\" data-end=\"2884\">\n<p data-start=\"2815\" data-end=\"2884\"><strong data-start=\"2815\" data-end=\"2837\">Blue Razz Lemonada<\/strong> \u2013 ostrzejszy, s\u0142odko-kwa\u015bny profil, kt\u00f3ry si\u0119 wyr\u00f3\u017cnia<\/p>\n<\/li>\n<li data-start=\"2885\" data-end=\"2962\">\n<p data-start=\"2887\" data-end=\"2962\"><strong data-start=\"2887\" data-end=\"2902\">Wi\u015bniowa Cola<\/strong> \u2013 smak w stylu napoju, kt\u00f3ry dodaje r\u00f3\u017cnorodno\u015bci do Twojej oferty<\/p>\n<\/li>\n<\/ul>\n<p><strong><span style=\"color: #ff0000;\">Dodaj Amy do WhatsAppa, aby uzyska\u0107 szybk\u0105 odpowied\u017a i kupon na vape!<\/span><\/strong><\/p>\n<p><img fetchpriority=\"high\" decoding=\"async\" class=\"size-full wp-image-2932\" src=\"https:\/\/vapestornado.com\/wp-content\/uploads\/2024\/12\/Vape-Wholesale.jpg\" alt=\"Hurtowa sprzeda\u017c e-papieros\u00f3w\" width=\"229\" height=\"300\" \/><\/p>\n<h3><a href=\"https:\/\/wa.me\/8617776015835\" target=\"_blank\" rel=\"noopener\"><span style=\"color: #ff0000;\"><strong>WhatsApp: +86 17776015835<\/strong><\/span><\/a><\/h3>\n<p>&nbsp;<\/p>\n<h2><strong>Vapme Crystal 48000 Puf Funkcje produktu<\/strong><\/h2>\n<table>\n<thead>\n<tr>\n<th>Funkcja<\/th>\n<th align=\"right\">Specyfikacja<\/th>\n<th>Co to oznacza w praktycznym u\u017cytkowaniu<\/th>\n<\/tr>\n<\/thead>\n<tbody>\n<tr>\n<td>Pojemno\u015b\u0107 zaci\u0105gni\u0119\u0107<\/td>\n<td align=\"right\">Ponad 48 000 puf\u00f3w<\/td>\n<td>Design na d\u0142ugie u\u017cytkowanie; rzeczywista liczba puf\u00f3w zale\u017cy od d\u0142ugo\u015bci i cz\u0119stotliwo\u015bci zaci\u0105gni\u0119cia.<\/td>\n<\/tr>\n<tr>\n<td>Styl wapowania<\/td>\n<td align=\"right\">MTL<\/td>\n<td>W\u0119\u017cszy ci\u0105g, dostosowany do inhalacji w stylu papierosowym i kontrolowanego u\u017cytkowania.<\/td>\n<\/tr>\n<tr>\n<td>Pojemno\u015b\u0107 e-liquidu<\/td>\n<td align=\"right\">25ml e-liquid<\/td>\n<td>Du\u017ca ilo\u015b\u0107 p\u0142ynu wspiera d\u0142u\u017csze u\u017cytkowanie bez konieczno\u015bci cz\u0119stej wymiany.<\/td>\n<\/tr>\n<tr>\n<td>Bateria<\/td>\n<td align=\"right\">650mAh<\/td>\n<td>Nadaje si\u0119 do codziennego u\u017cytkowania w stylu MTL; zaprojektowany tak, aby pozosta\u0107 stabilnym podczas d\u0142u\u017cszych cykli.<\/td>\n<\/tr>\n<tr>\n<td>\u0141adowanie<\/td>\n<td align=\"right\">portem Type-C<\/td>\n<td>Wygodne \u0142adowanie, aby utrzyma\u0107 urz\u0105dzenie w u\u017cyciu przez d\u0142ugi czas.<\/td>\n<\/tr>\n<tr>\n<td>Cewka<\/td>\n<td align=\"right\">1.0\u03a9 siatkowa grza\u0142ka<\/td>\n<td>R\u00f3wnomierne podgrzewanie wspiera sp\u00f3jny smak i stabilny ci\u0105g MTL.<\/td>\n<\/tr>\n<tr>\n<td>Nikotyna<\/td>\n<td align=\"right\">2%<\/td>\n<td>Prosta opcja przyjazna UE dla doros\u0142ych u\u017cytkownik\u00f3w i \u0142atwiejszy magazyn hurtowy.<\/td>\n<\/tr>\n<tr>\n<td>Smaki<\/td>\n<td align=\"right\">20 smak\u00f3w<\/td>\n<td>Szeroki wyb\u00f3r dla r\u00f3\u017cnorodno\u015bci detalicznej i tworzenia zestaw\u00f3w.<\/td>\n<\/tr>\n<tr>\n<td>Wy\u015bwietlacz<\/td>\n<td align=\"right\">Ekran cyfrowy<\/td>\n<td>Widoczne informacje o stanie, aby zmniejszy\u0107 domys\u0142y i poprawi\u0107 kontrol\u0119 u\u017cytkownika.<\/td>\n<\/tr>\n<\/tbody>\n<\/table>\n<figure id=\"attachment_4738\" aria-describedby=\"caption-attachment-4738\" style=\"width: 300px\" class=\"wp-caption alignnone\"><img decoding=\"async\" class=\"size-medium wp-image-4738\" src=\"https:\/\/vapestornado.com\/wp-content\/uploads\/2025\/12\/Vapme-Crystal-40000-40k-Puffs-E-Cigarette-300x300.webp\" alt=\"Vapme Crystal 40000 40 tys. chmur e-papieros\" width=\"300\" height=\"300\" srcset=\"https:\/\/vapestornado.com\/wp-content\/uploads\/2025\/12\/Vapme-Crystal-40000-40k-Puffs-E-Cigarette-300x300.webp 300w, https:\/\/vapestornado.com\/wp-content\/uploads\/2025\/12\/Vapme-Crystal-40000-40k-Puffs-E-Cigarette-150x150.webp 150w, https:\/\/vapestornado.com\/wp-content\/uploads\/2025\/12\/Vapme-Crystal-40000-40k-Puffs-E-Cigarette-768x768.webp 768w, https:\/\/vapestornado.com\/wp-content\/uploads\/2025\/12\/Vapme-Crystal-40000-40k-Puffs-E-Cigarette-12x12.webp 12w, https:\/\/vapestornado.com\/wp-content\/uploads\/2025\/12\/Vapme-Crystal-40000-40k-Puffs-E-Cigarette-600x600.webp 600w, https:\/\/vapestornado.com\/wp-content\/uploads\/2025\/12\/Vapme-Crystal-40000-40k-Puffs-E-Cigarette-100x100.webp 100w, https:\/\/vapestornado.com\/wp-content\/uploads\/2025\/12\/Vapme-Crystal-40000-40k-Puffs-E-Cigarette.webp 800w\" sizes=\"(max-width: 300px) 100vw, 300px\" \/><figcaption id=\"caption-attachment-4738\" class=\"wp-caption-text\">Vapme Crystal 40000 40 tys. chmur e-papieros<\/figcaption><\/figure>\n<h2 class=\"product-title\"><strong>Vapme Crystal 48000 lista smak\u00f3w chmur<\/strong><\/h2>\n<h2 data-start=\"3945\" data-end=\"3965\"><\/h2>\n<ol data-start=\"3967\" data-end=\"4443\">\n<li data-start=\"3967\" data-end=\"3991\">\n<p data-start=\"3970\" data-end=\"3991\">Jagoda i Malina<\/p>\n<\/li>\n<li data-start=\"3992\" data-end=\"4028\">\n<p data-start=\"3995\" data-end=\"4028\">Truskawkowo-arbuzowa guma balonowa<\/p>\n<\/li>\n<li data-start=\"4029\" data-end=\"4060\">\n<p data-start=\"4032\" data-end=\"4060\">Cukierki truskawkowo-malinowe<\/p>\n<\/li>\n<li data-start=\"4061\" data-end=\"4087\">\n<p data-start=\"4064\" data-end=\"4087\">Brzoskwinia, mango, ananas<\/p>\n<\/li>\n<li data-start=\"4088\" data-end=\"4107\">\n<p data-start=\"4091\" data-end=\"4107\">Arbuzowy l\u00f3d<\/p>\n<\/li>\n<li data-start=\"4108\" data-end=\"4123\">\n<p data-start=\"4111\" data-end=\"4123\">Wi\u015bniowy L\u00f3d<\/p>\n<\/li>\n<li data-start=\"4124\" data-end=\"4151\">\n<p data-start=\"4127\" data-end=\"4151\">Marakuja i melon z lodem<\/p>\n<\/li>\n<li data-start=\"4152\" data-end=\"4180\">\n<p data-start=\"4155\" data-end=\"4180\">Kiwi, marakuja i guawa<\/p>\n<\/li>\n<li data-start=\"4181\" data-end=\"4200\">\n<p data-start=\"4184\" data-end=\"4200\">Truskawkowe lody<\/p>\n<\/li>\n<li data-start=\"4201\" data-end=\"4216\">\n<p data-start=\"4205\" data-end=\"4216\">Brzoskwinia z Lodem<\/p>\n<\/li>\n<li data-start=\"4217\" data-end=\"4241\">\n<p data-start=\"4221\" data-end=\"4241\">Blue Razz Lemonada<\/p>\n<\/li>\n<li data-start=\"4242\" data-end=\"4263\">\n<p data-start=\"4246\" data-end=\"4263\">Truskawka Kiwi<\/p>\n<\/li>\n<li data-start=\"4264\" data-end=\"4282\">\n<p data-start=\"4268\" data-end=\"4282\">Nap\u00f3j energetyczny<\/p>\n<\/li>\n<li data-start=\"4283\" data-end=\"4300\">\n<p data-start=\"4287\" data-end=\"4300\">Wi\u015bniowa Cola<\/p>\n<\/li>\n<li data-start=\"4301\" data-end=\"4324\">\n<p data-start=\"4305\" data-end=\"4324\">Mieszanka jag\u00f3d z lodem<\/p>\n<\/li>\n<li data-start=\"4325\" data-end=\"4357\">\n<p data-start=\"4329\" data-end=\"4357\">Bor\u00f3wka, \u017curawina i wi\u015bnia<\/p>\n<\/li>\n<li data-start=\"4358\" data-end=\"4383\">\n<p data-start=\"4362\" data-end=\"4383\">Arbuz i kiwi z lodem<\/p>\n<\/li>\n<li data-start=\"4384\" data-end=\"4402\">\n<p data-start=\"4388\" data-end=\"4402\">Wi\u015bnia i jagody<\/p>\n<\/li>\n<li data-start=\"4403\" data-end=\"4429\">\n<p data-start=\"4407\" data-end=\"4429\">Tropikalny Poncz Owocowy<\/p>\n<\/li>\n<li data-start=\"4430\" data-end=\"4443\">\n<p data-start=\"4434\" data-end=\"4443\">Pan Blue<\/p>\n<\/li>\n<\/ol>\n<p>&nbsp;<\/p>\n<div class=\"flex-shrink-0 flex flex-col relative items-end\">\n<div class=\"pt-0\">\n<div class=\"gizmo-bot-avatar flex h-8 w-8 items-center justify-center overflow-hidden rounded-full\">\n<div class=\"relative p-1 rounded-sm flex items-center justify-center bg-token-main-surface-primary text-token-text-primary h-8 w-8\">\n<h2 data-start=\"1200\" data-end=\"1487\">Vapes Tornado \u2013 Tw\u00f3j hurtowy sklep internetowy z vaporami dla popularnych e-papieros\u00f3w<\/h2>\n<p data-start=\"72\" data-end=\"396\"><strong data-start=\"72\" data-end=\"89\">Tornado Vape<\/strong> to hurtowy sklep internetowy z vaporami skoncentrowany na Europie, oferuj\u0105cy starannie wyselekcjonowany asortyment <strong data-start=\"178\" data-end=\"195\">popularnych e-papieros\u00f3w<\/strong> dla profesjonalnych nabywc\u00f3w. Wsp\u00f3\u0142pracujemy z detalistami, dystrybutorami i sklepami internetowymi w ca\u0142ej UE, kt\u00f3rzy potrzebuj\u0105 stabilnej dostawy, jasnych informacji o produktach oraz marek, kt\u00f3re klienci ju\u017c rozpoznaj\u0105 i ufaj\u0105 im.<\/p>\n<p data-start=\"398\" data-end=\"687\">Wsp\u00f3\u0142pracujemy z zaufanymi nazwami takimi jak <strong data-start=\"307\" data-end=\"362\"><a href=\"https:\/\/vapestornado.com\/pl\/product\/randm-12000-puffs-fumot-digital-disposable-vape-wholesale-price\/\">Fumot Waporyzator<\/a>, <a href=\"https:\/\/vapestornado.com\/pl\/product\/original-wga-ultra-35k-35000-puff-rechargeable-crystal-disposable-nicotine-vape-best-discount-price\/\">WGA VAPE<\/a>, <\/strong><strong data-start=\"307\" data-end=\"362\"><a href=\"https:\/\/vapestornado.com\/pl\/product\/vozol-gear-shisha-25k-25000-puffs-best-dtl-disposable-vape-hookah-cheap-price\/\">VOZOL BAR VAPE<\/a>,<\/strong><strong data-start=\"247\" data-end=\"352\">\u00a0Elf Bar Vape, WASPE Vape, <a href=\"https:\/\/vapestornado.com\/pl\/product\/uzy-150k-puffs-6-in-1-flavor-switch-disposable-vape-pen-wholesale\/\">Waporyzator UZY<\/a>, Bang Vape, Razz Bar Vape, i Stag Bar Vape<\/strong>, wybrane ze wzgl\u0119du na sta\u0142\u0105 jako\u015b\u0107 i du\u017c\u0105 popularno\u015b\u0107 na rynku europejskim.<\/p>\n<h4 data-start=\"1080\" data-end=\"1120\">Stworzony dla hurtowych nabywc\u00f3w z Europy<\/h4>\n<p data-start=\"1121\" data-end=\"1189\">Vapes Tornado s\u0105 dostosowane do rzeczywistych potrzeb hurtownik\u00f3w z UE:<\/p>\n<ul data-start=\"1190\" data-end=\"1400\">\n<li data-start=\"1190\" data-end=\"1239\">\n<p data-start=\"1192\" data-end=\"1239\">Konkurencyjne ceny hurtowe przy zam\u00f3wieniach hurtowych<\/p>\n<\/li>\n<li data-start=\"1240\" data-end=\"1289\">\n<p data-start=\"1242\" data-end=\"1289\">Przejrzyste opisy produkt\u00f3w i specyfikacje<\/p>\n<\/li>\n<li data-start=\"1290\" data-end=\"1330\">\n<p data-start=\"1292\" data-end=\"1330\">Szybka, niezawodna logistyka skierowana na UE<\/p>\n<\/li>\n<li data-start=\"1331\" data-end=\"1400\">\n<p data-start=\"1333\" data-end=\"1400\">Katalog skoncentrowany na <strong data-start=\"1356\" data-end=\"1373\">popularnych e-papieros\u00f3w<\/strong>, nie na prze\u0142adowanych SKU<\/p>\n<\/li>\n<\/ul>\n<h2 data-start=\"2064\" data-end=\"2115\">Najcz\u0119\u015bciej zadawane pytania dotycz\u0105ce Vapme Crystal 48000 chmur jednorazowego vaporizera<\/h2>\n<p data-start=\"4683\" data-end=\"4854\"><strong data-start=\"4683\" data-end=\"4734\">1) Co oznacza MTL na Vapme Crystal 48K?<\/strong><br data-start=\"4734\" data-end=\"4737\" \/>MTL (mouth-to-lung) to bardziej szczelny styl zaci\u0105gania, kt\u00f3ry jest bardziej kontrolowany i przypomina inhalacj\u0119 z tradycyjnego papierosa.<\/p>\n<p data-start=\"4856\" data-end=\"5011\"><strong data-start=\"4856\" data-end=\"4906\">2) Czy gwarantowane jest ponad 48 000 puf\u00f3w dla ka\u017cdego u\u017cytkownika?<\/strong><br data-start=\"4906\" data-end=\"4909\" \/>Nie. Liczba puf\u00f3w zale\u017cy od d\u0142ugo\u015bci zaci\u0105gni\u0119cia, cz\u0119stotliwo\u015bci i nawyk\u00f3w u\u017cytkowania; jest to maksymalny cel projektowy.<\/p>\n<p data-start=\"5013\" data-end=\"5168\"><strong data-start=\"5013\" data-end=\"5054\">3) Co pokazuje ekran Crystal Vape?<\/strong><br data-start=\"5054\" data-end=\"5057\" \/>Dostarczaj\u0105 widoczne informacje o stanie urz\u0105dzenia, aby zmniejszy\u0107 domys\u0142y podczas codziennego u\u017cytkowania (dok\u0142adne pola ekranu zale\u017c\u0105 od wersji).<\/p>\n<p data-start=\"5170\" data-end=\"5312\"><strong data-start=\"5170\" data-end=\"5202\">4) Dlaczego u\u017cywa\u0107 grza\u0142ki z siatki 1.0\u03a9?<\/strong><br data-start=\"5202\" data-end=\"5205\" \/>Grza\u0142ka z siatki 1.0\u03a9 zapewnia r\u00f3wnomierne podgrzewanie i sp\u00f3jny smak, jednocze\u015bnie dopasowuj\u0105c si\u0119 do kontrolowanego stylu zaci\u0105gania MTL.<\/p>\n<p data-start=\"5314\" data-end=\"5498\"><strong data-start=\"5314\" data-end=\"5373\">5) Czy to jest odpowiednie do hurtowej dystrybucji w Polsce?<\/strong><br data-start=\"5373\" data-end=\"5376\" \/>Tak. Opcja nikotynowa 2%, pozycjonowanie MTL i szeroka lista smak\u00f3w u\u0142atwiaj\u0105 magazynowanie i sprzeda\u017c w kana\u0142ach detalicznych w Polsce.<\/p>\n<\/div>\n<\/div>\n<\/div>\n<\/div>","protected":false},"excerpt":{"rendered":"<p data-start=\"5635\" data-end=\"5802\" data-is-last-node=\"\" data-is-only-node=\"\">Cyfrowy ekran <strong data-start=\"5539\" data-end=\"5573\">Vapme Crystal 48000 Pali (48k)<\/strong> jest jednorazowym vape'em MTL z <strong data-start=\"5607\" data-end=\"5625\">ogromna liczba zaci\u0105gni\u0119\u0107<\/strong>, <strong data-start=\"5627\" data-end=\"5646\">25ml e-liquid<\/strong>, a <strong data-start=\"5650\" data-end=\"5668\">1.0\u03a9 siatkowa grza\u0142ka<\/strong>i <strong data-start=\"5676\" data-end=\"5714\">Akumulator 650 mAh \u0142adowany przez Type-C<\/strong>. Z <strong data-start=\"5721\" data-end=\"5736\">nikotyn\u0105 2%<\/strong> i <strong data-start=\"5741\" data-end=\"5756\">20 smak\u00f3w<\/strong>, oferuje kontrolowan\u0105 satysfakcj\u0119 z inhalacji i wygod\u0119 d\u0142ugotrwa\u0142ego u\u017cytkowania\u2014idealny do hurtowej sprzeda\u017cy i powtarzalnej sprzeda\u017cy detalicznej.<\/p>\n<p><strong>Dodaj Amy na WhatsApp, aby uzyska\u0107 w\u0142a\u015bciw\u0105 odpowied\u017a i cen\u0119 z rabatem!<\/strong><\/p>\n<p><img fetchpriority=\"high\" decoding=\"async\" class=\"size-full wp-image-2932\" src=\"https:\/\/vapestornado.com\/wp-content\/uploads\/2024\/12\/Vape-Wholesale.jpg\" alt=\"Hurtowa sprzeda\u017c e-papieros\u00f3w\" width=\"229\" height=\"300\" \/><\/p>\n<h3><a href=\"https:\/\/wa.me\/8617776015835\"><span style=\"color: #ff0000;\"><strong>WhatsApp: +86 17776015835<\/strong><\/span><\/a><\/h3>","protected":false},"featured_media":4755,"comment_status":"open","ping_status":"closed","template":"","meta":{"_acf_changed":false,"_uag_custom_page_level_css":"","_lmt_disableupdate":"no","_lmt_disable":"","_monsterinsights_skip_tracking":false,"_monsterinsights_sitenote_active":false,"_monsterinsights_sitenote_note":"","_monsterinsights_sitenote_category":0,"site-sidebar-layout":"default","site-content-layout":"","ast-site-content-layout":"default","site-content-style":"default","site-sidebar-style":"default","ast-global-header-display":"","ast-banner-title-visibility":"","ast-main-header-display":"","ast-hfb-above-header-display":"","ast-hfb-below-header-display":"","ast-hfb-mobile-header-display":"","site-post-title":"","ast-breadcrumbs-content":"","ast-featured-img":"","footer-sml-layout":"","ast-disable-related-posts":"","theme-transparent-header-meta":"default","adv-header-id-meta":"","stick-header-meta":"","header-above-stick-meta":"","header-main-stick-meta":"","header-below-stick-meta":"","astra-migrate-meta-layouts":"set","ast-page-background-enabled":"default","ast-page-background-meta":{"desktop":{"background-color":"","background-image":"","background-repeat":"repeat","background-position":"center center","background-size":"auto","background-attachment":"scroll","background-type":"","background-media":"","overlay-type":"","overlay-color":"","overlay-opacity":"","overlay-gradient":""},"tablet":{"background-color":"","background-image":"","background-repeat":"repeat","background-position":"center center","background-size":"auto","background-attachment":"scroll","background-type":"","background-media":"","overlay-type":"","overlay-color":"","overlay-opacity":"","overlay-gradient":""},"mobile":{"background-color":"","background-image":"","background-repeat":"repeat","background-position":"center center","background-size":"auto","background-attachment":"scroll","background-type":"","background-media":"","overlay-type":"","overlay-color":"","overlay-opacity":"","overlay-gradient":""}},"ast-content-background-meta":{"desktop":{"background-color":"var(--ast-global-color-5)","background-image":"","background-repeat":"repeat","background-position":"center center","background-size":"auto","background-attachment":"scroll","background-type":"","background-media":"","overlay-type":"","overlay-color":"","overlay-opacity":"","overlay-gradient":""},"tablet":{"background-color":"var(--ast-global-color-5)","background-image":"","background-repeat":"repeat","background-position":"center center","background-size":"auto","background-attachment":"scroll","background-type":"","background-media":"","overlay-type":"","overlay-color":"","overlay-opacity":"","overlay-gradient":""},"mobile":{"background-color":"var(--ast-global-color-5)","background-image":"","background-repeat":"repeat","background-position":"center center","background-size":"auto","background-attachment":"scroll","background-type":"","background-media":"","overlay-type":"","overlay-color":"","overlay-opacity":"","overlay-gradient":""}},"_joinchat":[]},"product_brand":[],"product_cat":[230,140,150,152,153,156,141,142,146,61],"product_tag":[287,513,516,512,514,515,518,517],"class_list":{"0":"post-4742","1":"product","2":"type-product","3":"status-publish","4":"has-post-thumbnail","6":"product_cat-46000-puff","7":"product_cat-big-puffs-disposable-vapes","8":"product_cat-buy-disposable-vapes-in-belgium","9":"product_cat-buy-disposable-vapes-in-cermany","10":"product_cat-buy-disposable-vapes-in-italy","11":"product_cat-buy-disposable-vapes-in-poland","12":"product_cat-crystal-disposable-vapes","13":"product_cat-digital-box-disposable-vapes","14":"product_cat-rechargeable-disposable-vapes","15":"product_cat-vapme-shisha","16":"product_tag-disposable-vape-pen","17":"product_tag-vape-discount-price","18":"product_tag-vape-wholesale-belgium","19":"product_tag-vape-wholesale-distributor","20":"product_tag-vapme-crystal-48000-puff","21":"product_tag-vapme-crystal-48k","22":"product_tag-vapme-crystal-belgium","23":"product_tag-vapme-wholesale","24":"desktop-align-left","25":"tablet-align-left","26":"mobile-align-left","28":"first","29":"instock","30":"sale","31":"shipping-taxable","32":"purchasable","33":"product-type-simple"},"acf":[],"uagb_featured_image_src":{"full":["https:\/\/vapestornado.com\/wp-content\/uploads\/2025\/12\/Vapme-Crytal-48000-Disposable-Vape-Pen.png",800,800,false],"thumbnail":["https:\/\/vapestornado.com\/wp-content\/uploads\/2025\/12\/Vapme-Crytal-48000-Disposable-Vape-Pen-150x150.png",150,150,true],"medium":["https:\/\/vapestornado.com\/wp-content\/uploads\/2025\/12\/Vapme-Crytal-48000-Disposable-Vape-Pen-300x300.png",300,300,true],"medium_large":["https:\/\/vapestornado.com\/wp-content\/uploads\/2025\/12\/Vapme-Crytal-48000-Disposable-Vape-Pen-768x768.png",768,768,true],"large":["https:\/\/vapestornado.com\/wp-content\/uploads\/2025\/12\/Vapme-Crytal-48000-Disposable-Vape-Pen.png",800,800,false],"1536x1536":["https:\/\/vapestornado.com\/wp-content\/uploads\/2025\/12\/Vapme-Crytal-48000-Disposable-Vape-Pen.png",800,800,false],"2048x2048":["https:\/\/vapestornado.com\/wp-content\/uploads\/2025\/12\/Vapme-Crytal-48000-Disposable-Vape-Pen.png",800,800,false],"trp-custom-language-flag":["https:\/\/vapestornado.com\/wp-content\/uploads\/2025\/12\/Vapme-Crytal-48000-Disposable-Vape-Pen-12x12.png",12,12,true],"woocommerce_thumbnail":["https:\/\/vapestornado.com\/wp-content\/uploads\/2025\/12\/Vapme-Crytal-48000-Disposable-Vape-Pen-300x300.png",300,300,true],"woocommerce_single":["https:\/\/vapestornado.com\/wp-content\/uploads\/2025\/12\/Vapme-Crytal-48000-Disposable-Vape-Pen-600x600.png",600,600,true],"woocommerce_gallery_thumbnail":["https:\/\/vapestornado.com\/wp-content\/uploads\/2025\/12\/Vapme-Crytal-48000-Disposable-Vape-Pen-100x100.png",100,100,true]},"uagb_author_info":{"display_name":"ESAMY","author_link":"https:\/\/vapestornado.com\/pl\/author\/"},"uagb_comment_info":0,"uagb_excerpt":"The Vapme Crystal 48000 Puff (48k) is an MTL disposable vape with a digital screen, 25mL vape juice, a 1.0\u03a9 mesh coil, and a 650mAh Type-C rechargeable battery. With 2% nicotine and 20 flavours, it offers controlled draw satisfaction and long-use convenience\u2014well-suited for Belgium wholesale supply and repeat retail sales. Add Amy's whatsapp to get&hellip;","_links":{"self":[{"href":"https:\/\/vapestornado.com\/pl\/wp-json\/wp\/v2\/product\/4742","targetHints":{"allow":["GET"]}}],"collection":[{"href":"https:\/\/vapestornado.com\/pl\/wp-json\/wp\/v2\/product"}],"about":[{"href":"https:\/\/vapestornado.com\/pl\/wp-json\/wp\/v2\/types\/product"}],"replies":[{"embeddable":true,"href":"https:\/\/vapestornado.com\/pl\/wp-json\/wp\/v2\/comments?post=4742"}],"wp:featuredmedia":[{"embeddable":true,"href":"https:\/\/vapestornado.com\/pl\/wp-json\/wp\/v2\/media\/4755"}],"wp:attachment":[{"href":"https:\/\/vapestornado.com\/pl\/wp-json\/wp\/v2\/media?parent=4742"}],"wp:term":[{"taxonomy":"product_brand","embeddable":true,"href":"https:\/\/vapestornado.com\/pl\/wp-json\/wp\/v2\/product_brand?post=4742"},{"taxonomy":"product_cat","embeddable":true,"href":"https:\/\/vapestornado.com\/pl\/wp-json\/wp\/v2\/product_cat?post=4742"},{"taxonomy":"product_tag","embeddable":true,"href":"https:\/\/vapestornado.com\/pl\/wp-json\/wp\/v2\/product_tag?post=4742"}],"curies":[{"name":"wp","href":"https:\/\/api.w.org\/{rel}","templated":true}]}}