{"id":4732,"date":"2025-12-26T02:42:05","date_gmt":"2025-12-26T02:42:05","guid":{"rendered":"https:\/\/vapestornado.com\/?post_type=product&#038;p=4732"},"modified":"2025-12-26T03:35:44","modified_gmt":"2025-12-26T03:35:44","slug":"uwin-digital-box-68k-68000-puff-disposable-vape-wholesale-distributor-discount-price","status":"publish","type":"product","link":"https:\/\/vapestornado.com\/pl\/product\/uwin-digital-box-68k-68000-puff-disposable-vape-wholesale-distributor-discount-price\/","title":{"rendered":"Uwin Digital Box 68K 68000 Puff Jednorazowy e-papieros Hurtowy Dystrybutor Cena z rabatem"},"content":{"rendered":"<h2 data-start=\"0\" data-end=\"77\">Uwin Digital Box 68K: Zaprojektowany do du\u017cej ilo\u015bci, kontroli i niezawodnej sprzeda\u017cy<\/h2>\n<p data-start=\"79\" data-end=\"592\">Cyfrowy ekran <strong data-start=\"83\" data-end=\"107\">Uwin Digital Box 68K<\/strong> <strong data-start=\"123\" data-end=\"149\">68000 puf\u00f3w <\/strong>\u00a0jest przeznaczony dla doros\u0142ych u\u017cytkownik\u00f3w i profesjonalnych nabywc\u00f3w, kt\u00f3rzy chc\u0105 niezawodnego, wysokowydajnego jednorazowego urz\u0105dzenia, kt\u00f3re dzia\u0142a konsekwentnie od pierwszego do ostatniego u\u017cycia. Dla <strong data-start=\"307\" data-end=\"337\">Dystrybutor hurtowy Vape<\/strong>, ten model jest \u0142atwy do pozycjonowania: przejrzyste specyfikacje, widoczne wska\u017aniki, popularne smaki i kszta\u0142t, kt\u00f3ry klienci od razu rozpoznaj\u0105. Przy konkurencyjnej <strong data-start=\"499\" data-end=\"522\">Cena rabatowa na vape<\/strong>, dostarcza warto\u015b\u0107 bez rezygnacji z funkcji, kt\u00f3re naprawd\u0119 si\u0119 licz\u0105.<\/p>\n<h2 data-start=\"599\" data-end=\"646\">Dlaczego kupuj\u0105cy wybieraj\u0105 Uwin Digital Box 68000<\/h2>\n<p data-start=\"648\" data-end=\"1071\">Jednorazowe urz\u0105dzenia z du\u017c\u0105 ilo\u015bci\u0105 puf\u00f3w cz\u0119sto zawodz\u0105 z jednego prostego powodu: u\u017cytkownicy nie wiedz\u0105, co si\u0119 dzieje. Uwin Digital Box 68k rozwi\u0105zuje ten problem dzi\u0119ki <strong data-start=\"778\" data-end=\"805\">wska\u017anik p\u0142ynu i mocy<\/strong> kt\u00f3ry pokazuje stan urz\u0105dzenia na pierwszy rzut oka. Zamiast zgadywa\u0107, czy para spad\u0142a z powodu niskiego poziomu baterii lub pustego p\u0142ynu, u\u017cytkownicy otrzymuj\u0105 jasn\u0105 odpowied\u017a\u2014\u0142adowa\u0107 lub kontynuowa\u0107. Ta przejrzysto\u015b\u0107 buduje zaufanie i zmniejsza frustracj\u0119, co dok\u0142adnie przek\u0142ada si\u0119 na powtarzalne zakupy.<\/p>\n<p data-start=\"1073\" data-end=\"1307\">Cyfrowy ekran <strong data-start=\"1077\" data-end=\"1090\">siatka grzewcza<\/strong> jest wybrany do r\u00f3wnomiernego podgrzewania podczas d\u0142u\u017cszych sesji. W praktyce wspiera to stabilniejsz\u0105 emisj\u0119 pary i czystszy smak w por\u00f3wnaniu do podstawowych struktur grza\u0142ek\u2014co jest szczeg\u00f3lnie wa\u017cne w urz\u0105dzeniu ocenianym na <strong data-start=\"1293\" data-end=\"1300\">68K<\/strong> dmuchni\u0119cia.<\/p>\n<h2 data-start=\"1314\" data-end=\"1361\">\u0141adowalna moc dopasowana do pojemno\u015bci<\/h2>\n<p data-start=\"1363\" data-end=\"1679\">Du\u017ca liczba dmuchni\u0119\u0107 dzia\u0142a tylko wtedy, gdy urz\u0105dzenie mo\u017ce pozosta\u0107 zasilane. To <strong data-start=\"1429\" data-end=\"1460\">Akumulator \u0142adowany przez Type-C<\/strong> czyni Uwin Digital Box praktycznym do codziennego u\u017cytku: na\u0142aduj w razie potrzeby i kontynuuj. To bezpo\u015brednio odpowiada na jedno z najcz\u0119stszych narzeka\u0144 na wysokiej pojemno\u015bci jednoraz\u00f3wki \u2014 roz\u0142adowanie baterii przed wyczerpaniem p\u0142ynu.<\/p>\n<p data-start=\"1681\" data-end=\"1784\">Dla hurtownik\u00f3w oznacza to mniej skarg od klient\u00f3w i produkt, kt\u00f3ry dzia\u0142a zgodnie z oczekiwaniami przy du\u017cej skali produkcji.<\/p>\n<h2 data-start=\"1791\" data-end=\"1833\">Opcje nikotynowe dopasowane do zapotrzebowania UE<\/h2>\n<p data-start=\"1835\" data-end=\"2075\">Urz\u0105dzenie dost\u0119pne jest z <strong data-start=\"1864\" data-end=\"1886\">nikotynami 2% i 5%<\/strong> opcje. To obejmuje najpopularniejsze preferencje doros\u0142ych na rynkach europejskich \u2014 2% dla \u0142agodniejszego, stabilnego odczucia i 5% dla mocniejszego uderzenia \u2014 jednocze\u015bnie utrzymuj\u0105c prostot\u0119 magazynowania dla dystrybutor\u00f3w.<\/p>\n<h2 data-start=\"2082\" data-end=\"2126\">Popularne smaki, kt\u00f3re faktycznie sprzedaj\u0105 si\u0119 na stanie<\/h2>\n<p data-start=\"2128\" data-end=\"2296\">Zamiast prze\u0142adowywa\u0107 ofert\u0119, Uwin 68k skupia si\u0119 na smakach, kt\u00f3re konsekwentnie sprzedaj\u0105 si\u0119 w Europie. Z pe\u0142nej gamy, te s\u0105 cz\u0119sto najbardziej popularne w\u015br\u00f3d powracaj\u0105cych klient\u00f3w:<\/p>\n<ul data-start=\"2298\" data-end=\"2643\">\n<li data-start=\"2298\" data-end=\"2368\">\n<p data-start=\"2300\" data-end=\"2368\"><strong data-start=\"2300\" data-end=\"2323\">Jagoda i Malina<\/strong> \u2013 zr\u00f3wnowa\u017cony profil owocowy o szerokim apelu<\/p>\n<\/li>\n<li data-start=\"2369\" data-end=\"2440\">\n<p data-start=\"2371\" data-end=\"2440\"><strong data-start=\"2371\" data-end=\"2396\">Truskawkowa Arbuz<\/strong> \u2013 znany, g\u0142adki i \u0142atwy do polecenia<\/p>\n<\/li>\n<li data-start=\"2441\" data-end=\"2511\">\n<p data-start=\"2443\" data-end=\"2511\"><strong data-start=\"2443\" data-end=\"2461\">Arbuzowy l\u00f3d<\/strong> \u2013 czysty, od\u015bwie\u017caj\u0105cy i niezawodny do codziennego u\u017cytku<\/p>\n<\/li>\n<li data-start=\"2512\" data-end=\"2571\">\n<p data-start=\"2514\" data-end=\"2571\"><strong data-start=\"2514\" data-end=\"2525\">Pan Blue<\/strong> \u2013 styl mieszanych jag\u00f3d z silnym rozpoznaniem<\/p>\n<\/li>\n<li data-start=\"2572\" data-end=\"2643\">\n<p data-start=\"2574\" data-end=\"2643\"><strong data-start=\"2574\" data-end=\"2586\">Red Bull<\/strong> \u2013 profil inspirowany energi\u0105, wyr\u00f3\u017cniaj\u0105cy si\u0119 na p\u00f3\u0142ce<\/p>\n<\/li>\n<\/ul>\n<p data-start=\"2645\" data-end=\"2736\">Te smaki obejmuj\u0105 kategorie owoc\u00f3w, lodu i energii, nie komplikuj\u0105c planowania stan\u00f3w magazynowych.<\/p>\n<figure id=\"attachment_4725\" aria-describedby=\"caption-attachment-4725\" style=\"width: 300px\" class=\"wp-caption alignnone\"><img fetchpriority=\"high\" decoding=\"async\" class=\"size-medium wp-image-4725\" src=\"https:\/\/vapestornado.com\/wp-content\/uploads\/2025\/12\/Uwin-Digital-Box-68k-Puff-Disposable-Vape-Buy-Online-300x300.webp\" alt=\"Uwin Digital Box 68k Puf Jednorazowy E-papieros Kup Online\" width=\"300\" height=\"300\" srcset=\"https:\/\/vapestornado.com\/wp-content\/uploads\/2025\/12\/Uwin-Digital-Box-68k-Puff-Disposable-Vape-Buy-Online-300x300.webp 300w, https:\/\/vapestornado.com\/wp-content\/uploads\/2025\/12\/Uwin-Digital-Box-68k-Puff-Disposable-Vape-Buy-Online-150x150.webp 150w, https:\/\/vapestornado.com\/wp-content\/uploads\/2025\/12\/Uwin-Digital-Box-68k-Puff-Disposable-Vape-Buy-Online-768x768.webp 768w, https:\/\/vapestornado.com\/wp-content\/uploads\/2025\/12\/Uwin-Digital-Box-68k-Puff-Disposable-Vape-Buy-Online-12x12.webp 12w, https:\/\/vapestornado.com\/wp-content\/uploads\/2025\/12\/Uwin-Digital-Box-68k-Puff-Disposable-Vape-Buy-Online-600x600.webp 600w, https:\/\/vapestornado.com\/wp-content\/uploads\/2025\/12\/Uwin-Digital-Box-68k-Puff-Disposable-Vape-Buy-Online-100x100.webp 100w, https:\/\/vapestornado.com\/wp-content\/uploads\/2025\/12\/Uwin-Digital-Box-68k-Puff-Disposable-Vape-Buy-Online.webp 800w\" sizes=\"(max-width: 300px) 100vw, 300px\" \/><figcaption id=\"caption-attachment-4725\" class=\"wp-caption-text\">Uwin Digital Box 68k Puf Jednorazowy E-papieros Kup Online<\/figcaption><\/figure>\n<figure id=\"attachment_4729\" aria-describedby=\"caption-attachment-4729\" style=\"width: 300px\" class=\"wp-caption alignnone\"><img decoding=\"async\" class=\"size-medium wp-image-4729\" src=\"https:\/\/vapestornado.com\/wp-content\/uploads\/2025\/12\/Uwin-Vape-Digital-Box-68k-Puff-Disposables-Wholesale-300x300.webp\" alt=\"Uwin Vape Digital Box 68k Puf Jednorazowe Hurtowo\" width=\"300\" height=\"300\" srcset=\"https:\/\/vapestornado.com\/wp-content\/uploads\/2025\/12\/Uwin-Vape-Digital-Box-68k-Puff-Disposables-Wholesale-300x300.webp 300w, https:\/\/vapestornado.com\/wp-content\/uploads\/2025\/12\/Uwin-Vape-Digital-Box-68k-Puff-Disposables-Wholesale-150x150.webp 150w, https:\/\/vapestornado.com\/wp-content\/uploads\/2025\/12\/Uwin-Vape-Digital-Box-68k-Puff-Disposables-Wholesale-768x768.webp 768w, https:\/\/vapestornado.com\/wp-content\/uploads\/2025\/12\/Uwin-Vape-Digital-Box-68k-Puff-Disposables-Wholesale-12x12.webp 12w, https:\/\/vapestornado.com\/wp-content\/uploads\/2025\/12\/Uwin-Vape-Digital-Box-68k-Puff-Disposables-Wholesale-600x600.webp 600w, https:\/\/vapestornado.com\/wp-content\/uploads\/2025\/12\/Uwin-Vape-Digital-Box-68k-Puff-Disposables-Wholesale-100x100.webp 100w, https:\/\/vapestornado.com\/wp-content\/uploads\/2025\/12\/Uwin-Vape-Digital-Box-68k-Puff-Disposables-Wholesale.webp 800w\" sizes=\"(max-width: 300px) 100vw, 300px\" \/><figcaption id=\"caption-attachment-4729\" class=\"wp-caption-text\">Uwin Vape Digital Box 68k Puf Jednorazowe Hurtowo<\/figcaption><\/figure>\n<p><strong><span style=\"color: #ff0000;\">Dodaj Amy do WhatsAppa, aby uzyska\u0107 szybk\u0105 odpowied\u017a i kupon na vape!<\/span><\/strong><\/p>\n<p><img decoding=\"async\" class=\"size-full wp-image-2932\" src=\"https:\/\/vapestornado.com\/wp-content\/uploads\/2024\/12\/Vape-Wholesale.jpg\" alt=\"Hurtowa sprzeda\u017c e-papieros\u00f3w\" width=\"229\" height=\"300\" \/><\/p>\n<h3><a href=\"https:\/\/wa.me\/8617776015835\" target=\"_blank\" rel=\"noopener\"><span style=\"color: #ff0000;\"><strong>WhatsApp: +86 17776015835<\/strong><\/span><\/a><\/h3>\n<p>&nbsp;<\/p>\n<h2><strong>Funkcje produktu Uwin Digital Box 68K<\/strong><\/h2>\n<table>\n<thead>\n<tr>\n<th><strong>Funkcja<\/strong><\/th>\n<th><strong>Specyfikacja<\/strong><\/th>\n<th><strong>Co to oznacza w praktycznym u\u017cytkowaniu<\/strong><\/th>\n<\/tr>\n<\/thead>\n<tbody>\n<tr>\n<td>Pojemno\u015b\u0107 zaci\u0105gni\u0119\u0107<\/td>\n<td>Do <strong>68K<\/strong> chmurki<\/td>\n<td>Zapewnione do d\u0142u\u017cszego u\u017cytkowania; rzeczywista liczba chmurek zale\u017cy od d\u0142ugo\u015bci i cz\u0119stotliwo\u015bci zaci\u0105gni\u0119\u0107.<\/td>\n<\/tr>\n<tr>\n<td>Opcje Nikotyny<\/td>\n<td><strong>2% \/ 5%<\/strong><\/td>\n<td>Dwa poziomy mocy, aby dopasowa\u0107 si\u0119 do typowych preferencji doros\u0142ych w Polsce (dost\u0119pno\u015b\u0107 mo\u017ce si\u0119 r\u00f3\u017cni\u0107).<\/td>\n<\/tr>\n<tr>\n<td>Typ Grza\u0142ki<\/td>\n<td><strong>Cewka Mesh<\/strong><\/td>\n<td>R\u00f3wnomierne podgrzewanie zapewnia stabilniejsz\u0105 emisj\u0119 pary i jednolity smak przez ca\u0142y czas.<\/td>\n<\/tr>\n<tr>\n<td>Wska\u017anik<\/td>\n<td><strong>Wska\u017anik poziomu p\u0142ynu i energii<\/strong><\/td>\n<td>Wyra\u017anie pokazuje stan baterii i e-liquidu, zmniejszaj\u0105c konieczno\u015b\u0107 zgadywania podczas u\u017cytkowania.<\/td>\n<\/tr>\n<tr>\n<td>\u0141adowanie<\/td>\n<td><strong>Akumulator \u0142adowany przez Type-C<\/strong><\/td>\n<td>Wygodne \u0142adowanie wspieraj\u0105ce du\u017c\u0105 pojemno\u015b\u0107 chmur.<\/td>\n<\/tr>\n<tr>\n<td>Liczba smak\u00f3w<\/td>\n<td><strong>Dost\u0119pnych 10 smak\u00f3w<\/strong><\/td>\n<td>Profile popularne, wybrane ze wzgl\u0119du na siln\u0105 sprzeda\u017c w Europie.<\/td>\n<\/tr>\n<tr>\n<td>Waga<\/td>\n<td><strong>95g<\/strong><\/td>\n<td>Kompaktowy i lekki, odpowiedni do codziennego noszenia i ekspozycji detalicznej.<\/td>\n<\/tr>\n<\/tbody>\n<\/table>\n<h2 class=\"product-title\"><strong>Lista smak\u00f3w chmur Uwin Digital Box 68K<\/strong><\/h2>\n<p>1. Jagoda Malina<br \/>\n2.Truskawka Arbuz<br \/>\n3. Arbuz z lodem<br \/>\n4. Wi\u015bnia z lodem<br \/>\n5. Kiwi, marakuja, guawa<br \/>\n6. Letnia brzoskwinia z lodem<br \/>\n7. Truskawka, kiwi<br \/>\n8. Mieszane jagody<br \/>\n9.Pan niebieski<br \/>\n10. Red Bull<\/p>\n<p>&nbsp;<\/p>\n<div class=\"flex-shrink-0 flex flex-col relative items-end\">\n<div class=\"pt-0\">\n<div class=\"gizmo-bot-avatar flex h-8 w-8 items-center justify-center overflow-hidden rounded-full\">\n<div class=\"relative p-1 rounded-sm flex items-center justify-center bg-token-main-surface-primary text-token-text-primary h-8 w-8\">\n<h2 data-start=\"1200\" data-end=\"1487\">Vapes Tornado \u2013 Tw\u00f3j hurtowy sklep internetowy z vaporami dla popularnych e-papieros\u00f3w<\/h2>\n<p data-start=\"72\" data-end=\"396\"><strong data-start=\"72\" data-end=\"89\">Tornado Vape<\/strong> to hurtowy sklep internetowy z vaporami skoncentrowany na Europie, oferuj\u0105cy starannie wyselekcjonowany asortyment <strong data-start=\"178\" data-end=\"195\">popularnych e-papieros\u00f3w<\/strong> dla profesjonalnych nabywc\u00f3w. Wsp\u00f3\u0142pracujemy z detalistami, dystrybutorami i sklepami internetowymi w ca\u0142ej UE, kt\u00f3rzy potrzebuj\u0105 stabilnej dostawy, jasnych informacji o produktach oraz marek, kt\u00f3re klienci ju\u017c rozpoznaj\u0105 i ufaj\u0105 im.<\/p>\n<p data-start=\"398\" data-end=\"687\">Wsp\u00f3\u0142pracujemy z zaufanymi nazwami takimi jak <strong data-start=\"307\" data-end=\"362\"><a href=\"https:\/\/vapestornado.com\/pl\/product\/randm-12000-puffs-fumot-digital-disposable-vape-wholesale-price\/\">Fumot Waporyzator<\/a>, <a href=\"https:\/\/vapestornado.com\/pl\/product\/original-wga-ultra-35k-35000-puff-rechargeable-crystal-disposable-nicotine-vape-best-discount-price\/\">WGA VAPE<\/a>, <\/strong><strong data-start=\"307\" data-end=\"362\"><a href=\"https:\/\/vapestornado.com\/pl\/product\/vozol-gear-shisha-25k-25000-puffs-best-dtl-disposable-vape-hookah-cheap-price\/\">VOZOL BAR VAPE<\/a>,<\/strong><strong data-start=\"247\" data-end=\"352\">\u00a0Elf Bar Vape, WASPE Vape, <a href=\"https:\/\/vapestornado.com\/pl\/product\/uzy-150k-puffs-6-in-1-flavor-switch-disposable-vape-pen-wholesale\/\">Waporyzator UZY<\/a>, Bang Vape, Razz Bar Vape, i Stag Bar Vape<\/strong>, wybrane ze wzgl\u0119du na sta\u0142\u0105 jako\u015b\u0107 i du\u017c\u0105 popularno\u015b\u0107 na rynku europejskim.<\/p>\n<h4 data-start=\"1080\" data-end=\"1120\">Stworzony dla hurtowych nabywc\u00f3w z Europy<\/h4>\n<p data-start=\"1121\" data-end=\"1189\">Vapes Tornado s\u0105 dostosowane do rzeczywistych potrzeb hurtownik\u00f3w z UE:<\/p>\n<ul data-start=\"1190\" data-end=\"1400\">\n<li data-start=\"1190\" data-end=\"1239\">\n<p data-start=\"1192\" data-end=\"1239\">Konkurencyjne ceny hurtowe przy zam\u00f3wieniach hurtowych<\/p>\n<\/li>\n<li data-start=\"1240\" data-end=\"1289\">\n<p data-start=\"1242\" data-end=\"1289\">Przejrzyste opisy produkt\u00f3w i specyfikacje<\/p>\n<\/li>\n<li data-start=\"1290\" data-end=\"1330\">\n<p data-start=\"1292\" data-end=\"1330\">Szybka, niezawodna logistyka skierowana na UE<\/p>\n<\/li>\n<li data-start=\"1331\" data-end=\"1400\">\n<p data-start=\"1333\" data-end=\"1400\">Katalog skoncentrowany na <strong data-start=\"1356\" data-end=\"1373\">popularnych e-papieros\u00f3w<\/strong>, nie na prze\u0142adowanych SKU<\/p>\n<\/li>\n<\/ul>\n<h2 data-start=\"2064\" data-end=\"2115\">Najcz\u0119\u015bciej zadawane pytania dotycz\u0105ce Uwin Digital Box 68K Disposable Vape<\/h2>\n<p data-start=\"3885\" data-end=\"4036\"><strong data-start=\"3885\" data-end=\"3934\">1) Czy dla ka\u017cdego u\u017cytkownika gwarantowane jest 68 000 puf\u00f3w?<\/strong><br data-start=\"3934\" data-end=\"3937\" \/>Nie. Liczba puf\u00f3w zale\u017cy od d\u0142ugo\u015bci zaci\u0105gni\u0119cia, cz\u0119stotliwo\u015bci i nawyk\u00f3w u\u017cytkowania; 68K to maksymalny cel projektowy.<\/p>\n<p data-start=\"4038\" data-end=\"4187\"><strong data-start=\"4038\" data-end=\"4088\">2) Co pokazuje wska\u017anik soku i mocy?<\/strong><br data-start=\"4088\" data-end=\"4091\" \/>Wy\u015bwietla stan pozosta\u0142ej baterii i e-liquidu, dzi\u0119ki czemu u\u017cytkownicy wiedz\u0105, czy na\u0142adowa\u0107 urz\u0105dzenie, czy kontynuowa\u0107 korzystanie.<\/p>\n<p data-start=\"4189\" data-end=\"4347\"><strong data-start=\"4189\" data-end=\"4244\">3) Dlaczego wa\u017cne jest \u0142adowanie typu C w tym urz\u0105dzeniu?<\/strong><br data-start=\"4244\" data-end=\"4247\" \/>Umo\u017cliwia \u0142adowanie, dopasowuj\u0105c si\u0119 do du\u017cej pojemno\u015bci puf\u00f3w, zapobiegaj\u0105c wczesnemu wyrzuceniu z powodu niskiego poziomu baterii.<\/p>\n<p data-start=\"4349\" data-end=\"4477\"><strong data-start=\"4349\" data-end=\"4395\">4) Jakie dost\u0119pne s\u0105 mocno\u015bci nikotyny?<\/strong><br data-start=\"4395\" data-end=\"4398\" \/>Wymienione opcje to <strong data-start=\"4421\" data-end=\"4434\">2% i 5%<\/strong>, zale\u017cnie od dost\u0119pno\u015bci na rynku i partii produkcyjnej.<\/p>\n<p data-start=\"4479\" data-end=\"4676\"><strong data-start=\"4479\" data-end=\"4540\">5) Czy to urz\u0105dzenie nadaje si\u0119 do hurtowej dystrybucji w Europie?<\/strong><br data-start=\"4540\" data-end=\"4543\" \/>Tak. Zestaw funkcji, wyb\u00f3r smak\u00f3w i czytelne wska\u017aniki stanu sprawiaj\u0105, \u017ce jest to idealne dla <strong data-start=\"4636\" data-end=\"4666\">Dystrybutor hurtowy Vape<\/strong> kana\u0142\u00f3w sprzeda\u017cy.<\/p>\n<\/div>\n<\/div>\n<\/div>\n<\/div>","protected":false},"excerpt":{"rendered":"<p data-start=\"5635\" data-end=\"5802\" data-is-last-node=\"\" data-is-only-node=\"\">Cyfrowy ekran <strong data-start=\"4717\" data-end=\"4741\">Uwin Digital Box 68K<\/strong> (<strong data-start=\"4743\" data-end=\"4769\">Uwin Digital Box 68000<\/strong>) to jednorazowy vape z \u0142adowaniem przez Type-C, zaprojektowany do d\u0142ugotrwa\u0142ego, przewidywalnego u\u017cytkowania. Wyposa\u017cony w <strong data-start=\"4857\" data-end=\"4870\">siatka grzewcza<\/strong>, <strong data-start=\"4872\" data-end=\"4899\">wska\u017anik p\u0142ynu i mocy<\/strong>, oraz w <strong data-start=\"4905\" data-end=\"4928\">10 popularnych smak\u00f3w<\/strong>, zapewnia sta\u0142\u0105 wydajno\u015b\u0107 w <strong data-start=\"4968\" data-end=\"4989\">2% lub 5% nikotyny<\/strong> opcjach\u2014idealny wyb\u00f3r dla <strong data-start=\"5018\" data-end=\"5049\">hurtowych dystrybutor\u00f3w vape<\/strong> poszukuj\u0105cych niezawodnego produktu w <strong data-start=\"5082\" data-end=\"5100\">zni\u017ckowej cenie<\/strong>.<\/p>\n<p><strong>Dodaj Amy na WhatsApp, aby uzyska\u0107 w\u0142a\u015bciw\u0105 odpowied\u017a i cen\u0119 z rabatem!<\/strong><\/p>\n<p><img decoding=\"async\" class=\"size-full wp-image-2932\" src=\"https:\/\/vapestornado.com\/wp-content\/uploads\/2024\/12\/Vape-Wholesale.jpg\" alt=\"Hurtowa sprzeda\u017c e-papieros\u00f3w\" width=\"229\" height=\"300\" \/><\/p>\n<h3><a href=\"https:\/\/wa.me\/8617776015835\"><span style=\"color: #ff0000;\"><strong>WhatsApp: +86 17776015835<\/strong><\/span><\/a><\/h3>","protected":false},"featured_media":4728,"comment_status":"open","ping_status":"closed","template":"","meta":{"_acf_changed":false,"_uag_custom_page_level_css":"","_lmt_disableupdate":"no","_lmt_disable":"","_monsterinsights_skip_tracking":false,"_monsterinsights_sitenote_active":false,"_monsterinsights_sitenote_note":"","_monsterinsights_sitenote_category":0,"site-sidebar-layout":"default","site-content-layout":"","ast-site-content-layout":"default","site-content-style":"default","site-sidebar-style":"default","ast-global-header-display":"","ast-banner-title-visibility":"","ast-main-header-display":"","ast-hfb-above-header-display":"","ast-hfb-below-header-display":"","ast-hfb-mobile-header-display":"","site-post-title":"","ast-breadcrumbs-content":"","ast-featured-img":"","footer-sml-layout":"","ast-disable-related-posts":"","theme-transparent-header-meta":"default","adv-header-id-meta":"","stick-header-meta":"","header-above-stick-meta":"","header-main-stick-meta":"","header-below-stick-meta":"","astra-migrate-meta-layouts":"set","ast-page-background-enabled":"default","ast-page-background-meta":{"desktop":{"background-color":"","background-image":"","background-repeat":"repeat","background-position":"center center","background-size":"auto","background-attachment":"scroll","background-type":"","background-media":"","overlay-type":"","overlay-color":"","overlay-opacity":"","overlay-gradient":""},"tablet":{"background-color":"","background-image":"","background-repeat":"repeat","background-position":"center center","background-size":"auto","background-attachment":"scroll","background-type":"","background-media":"","overlay-type":"","overlay-color":"","overlay-opacity":"","overlay-gradient":""},"mobile":{"background-color":"","background-image":"","background-repeat":"repeat","background-position":"center center","background-size":"auto","background-attachment":"scroll","background-type":"","background-media":"","overlay-type":"","overlay-color":"","overlay-opacity":"","overlay-gradient":""}},"ast-content-background-meta":{"desktop":{"background-color":"var(--ast-global-color-5)","background-image":"","background-repeat":"repeat","background-position":"center center","background-size":"auto","background-attachment":"scroll","background-type":"","background-media":"","overlay-type":"","overlay-color":"","overlay-opacity":"","overlay-gradient":""},"tablet":{"background-color":"var(--ast-global-color-5)","background-image":"","background-repeat":"repeat","background-position":"center center","background-size":"auto","background-attachment":"scroll","background-type":"","background-media":"","overlay-type":"","overlay-color":"","overlay-opacity":"","overlay-gradient":""},"mobile":{"background-color":"var(--ast-global-color-5)","background-image":"","background-repeat":"repeat","background-position":"center center","background-size":"auto","background-attachment":"scroll","background-type":"","background-media":"","overlay-type":"","overlay-color":"","overlay-opacity":"","overlay-gradient":""}},"_joinchat":[]},"product_brand":[],"product_cat":[343,140,150,152,153,156,142,146,233],"product_tag":[387,287,511,510,393,513,512],"class_list":{"0":"post-4732","1":"product","2":"type-product","3":"status-publish","4":"has-post-thumbnail","6":"product_cat-60000-puff","7":"product_cat-big-puffs-disposable-vapes","8":"product_cat-buy-disposable-vapes-in-belgium","9":"product_cat-buy-disposable-vapes-in-cermany","10":"product_cat-buy-disposable-vapes-in-italy","11":"product_cat-buy-disposable-vapes-in-poland","12":"product_cat-digital-box-disposable-vapes","13":"product_cat-rechargeable-disposable-vapes","14":"product_cat-uwin-vape","15":"product_tag-cigarette-vapor","16":"product_tag-disposable-vape-pen","17":"product_tag-uwin-digital-box-68000","18":"product_tag-uwin-digital-box-68k","19":"product_tag-vape-cartridge","20":"product_tag-vape-discount-price","21":"product_tag-vape-wholesale-distributor","22":"desktop-align-left","23":"tablet-align-left","24":"mobile-align-left","26":"first","27":"instock","28":"sale","29":"shipping-taxable","30":"purchasable","31":"product-type-simple"},"acf":[],"uagb_featured_image_src":{"full":["https:\/\/vapestornado.com\/wp-content\/uploads\/2025\/12\/Uwin-Digital-Box-68000-Puff-Disposable-Vape-With-Screen.webp",800,800,false],"thumbnail":["https:\/\/vapestornado.com\/wp-content\/uploads\/2025\/12\/Uwin-Digital-Box-68000-Puff-Disposable-Vape-With-Screen-150x150.webp",150,150,true],"medium":["https:\/\/vapestornado.com\/wp-content\/uploads\/2025\/12\/Uwin-Digital-Box-68000-Puff-Disposable-Vape-With-Screen-300x300.webp",300,300,true],"medium_large":["https:\/\/vapestornado.com\/wp-content\/uploads\/2025\/12\/Uwin-Digital-Box-68000-Puff-Disposable-Vape-With-Screen-768x768.webp",768,768,true],"large":["https:\/\/vapestornado.com\/wp-content\/uploads\/2025\/12\/Uwin-Digital-Box-68000-Puff-Disposable-Vape-With-Screen.webp",800,800,false],"1536x1536":["https:\/\/vapestornado.com\/wp-content\/uploads\/2025\/12\/Uwin-Digital-Box-68000-Puff-Disposable-Vape-With-Screen.webp",800,800,false],"2048x2048":["https:\/\/vapestornado.com\/wp-content\/uploads\/2025\/12\/Uwin-Digital-Box-68000-Puff-Disposable-Vape-With-Screen.webp",800,800,false],"trp-custom-language-flag":["https:\/\/vapestornado.com\/wp-content\/uploads\/2025\/12\/Uwin-Digital-Box-68000-Puff-Disposable-Vape-With-Screen-12x12.webp",12,12,true],"woocommerce_thumbnail":["https:\/\/vapestornado.com\/wp-content\/uploads\/2025\/12\/Uwin-Digital-Box-68000-Puff-Disposable-Vape-With-Screen-300x300.webp",300,300,true],"woocommerce_single":["https:\/\/vapestornado.com\/wp-content\/uploads\/2025\/12\/Uwin-Digital-Box-68000-Puff-Disposable-Vape-With-Screen-600x600.webp",600,600,true],"woocommerce_gallery_thumbnail":["https:\/\/vapestornado.com\/wp-content\/uploads\/2025\/12\/Uwin-Digital-Box-68000-Puff-Disposable-Vape-With-Screen-100x100.webp",100,100,true]},"uagb_author_info":{"display_name":"ESAMY","author_link":"https:\/\/vapestornado.com\/pl\/author\/"},"uagb_comment_info":0,"uagb_excerpt":"The Uwin Digital Box 68K (Uwin Digital Box 68000) is a Type-C rechargeable disposable vape built for long, predictable use. Featuring a mesh coil, juice &amp; power indicator, and 10 popular flavours, it delivers consistent performance in 2% or 5% nicotine options\u2014an ideal choice for vape wholesale distributors seeking a reliable product at a discount&hellip;","_links":{"self":[{"href":"https:\/\/vapestornado.com\/pl\/wp-json\/wp\/v2\/product\/4732","targetHints":{"allow":["GET"]}}],"collection":[{"href":"https:\/\/vapestornado.com\/pl\/wp-json\/wp\/v2\/product"}],"about":[{"href":"https:\/\/vapestornado.com\/pl\/wp-json\/wp\/v2\/types\/product"}],"replies":[{"embeddable":true,"href":"https:\/\/vapestornado.com\/pl\/wp-json\/wp\/v2\/comments?post=4732"}],"wp:featuredmedia":[{"embeddable":true,"href":"https:\/\/vapestornado.com\/pl\/wp-json\/wp\/v2\/media\/4728"}],"wp:attachment":[{"href":"https:\/\/vapestornado.com\/pl\/wp-json\/wp\/v2\/media?parent=4732"}],"wp:term":[{"taxonomy":"product_brand","embeddable":true,"href":"https:\/\/vapestornado.com\/pl\/wp-json\/wp\/v2\/product_brand?post=4732"},{"taxonomy":"product_cat","embeddable":true,"href":"https:\/\/vapestornado.com\/pl\/wp-json\/wp\/v2\/product_cat?post=4732"},{"taxonomy":"product_tag","embeddable":true,"href":"https:\/\/vapestornado.com\/pl\/wp-json\/wp\/v2\/product_tag?post=4732"}],"curies":[{"name":"wp","href":"https:\/\/api.w.org\/{rel}","templated":true}]}}