{"id":4731,"date":"2025-12-26T02:21:15","date_gmt":"2025-12-26T02:21:15","guid":{"rendered":"https:\/\/vapestornado.com\/?post_type=product&#038;p=4731"},"modified":"2025-12-26T02:37:50","modified_gmt":"2025-12-26T02:37:50","slug":"okso-50000-puff-50k-switch-kit-disposable-vape-boost-mode-airflow-adjustable-low-price","status":"publish","type":"product","link":"https:\/\/vapestornado.com\/pl\/product\/okso-50000-puff-50k-switch-kit-disposable-vape-boost-mode-airflow-adjustable-low-price\/","title":{"rendered":"OKSO 50000 Chmur 50K Switch Kit Jednorazowy Vape Tryb Boost Regulacja Powietrza Niska Cena"},"content":{"rendered":"<h2 data-pm-slice=\"1 1 []\">OKSO 50K Chmur Switch Kit: Dwa Profile Mocy, Jedno Czyste Ustawienie<\/h2>\n<p data-start=\"66\" data-end=\"524\">Cyfrowy ekran <strong data-start=\"70\" data-end=\"87\">OKSO 50K Chmur<\/strong> (r\u00f3wnie\u017c wymienione jako <strong data-start=\"104\" data-end=\"124\">OKSO 50000 Chmur<\/strong>) jest jednorazowym vape Switch Kit stworzonym dla doros\u0142ych, kt\u00f3rzy chc\u0105 kontroli bez noszenia dodatkowych urz\u0105dze\u0144. \u0141\u0105czy tryb d\u0142ugiego dzia\u0142ania do codziennego u\u017cytku z mocniejszym <strong data-start=\"285\" data-end=\"299\">Boost<\/strong> na chwile, gdy chcesz wi\u0119cej uderzenia. Dodaj <strong data-start=\"342\" data-end=\"369\">Regulacj\u0105 Powietrza Vape<\/strong> strojenie i dwuwarstwow\u0105 struktur\u0119 cewki siatkowej, i otrzymujesz <strong data-start=\"423\" data-end=\"435\">chmur 50k<\/strong> urz\u0105dzenie, kt\u00f3re wydaje si\u0119 celowe, a nie zwyczajne \u2014 szczeg\u00f3lnie na <strong data-start=\"501\" data-end=\"514\">niska cena<\/strong> pozycji.<\/p>\n<h3 data-start=\"531\" data-end=\"590\">Tryb Wzmocnienia, kt\u00f3ry dzia\u0142a mocniej, Tryb Normalny, kt\u00f3ry trwa d\u0142u\u017cej<\/h3>\n<p data-start=\"592\" data-end=\"652\">Ten zestaw prze\u0142\u0105cznik\u00f3w zosta\u0142 zaprojektowany wok\u00f3\u0142 dw\u00f3ch rzeczywistych przypadk\u00f3w u\u017cycia:<\/p>\n<ul data-start=\"654\" data-end=\"916\">\n<li data-start=\"654\" data-end=\"774\">\n<p data-start=\"656\" data-end=\"774\"><strong data-start=\"656\" data-end=\"689\">tryb normalny: do 50 000 puf\u00f3w<\/strong><br data-start=\"689\" data-end=\"692\" \/>Stabilny profil przeznaczony na d\u0142u\u017cszy czas pracy i bardziej jednolite odczucie przez ca\u0142y dzie\u0144.<\/p>\n<\/li>\n<li data-start=\"776\" data-end=\"916\">\n<p data-start=\"778\" data-end=\"916\"><strong data-start=\"778\" data-end=\"812\">Tryb wzmocnienia: do 30 000 puf\u00f3w<\/strong><br data-start=\"812\" data-end=\"815\" \/>Silniejszy, bardziej intensywny profil, kt\u00f3ry zwykle zu\u017cywa si\u0119 szybciej, ale zapewnia bardziej zdecydowan\u0105 sesj\u0119.<\/p>\n<\/li>\n<\/ul>\n<p data-start=\"918\" data-end=\"1056\">Oto sedno: <strong data-start=\"938\" data-end=\"952\">Boost<\/strong> mo\u017cesz prze\u0142\u0105cza\u0107 si\u0119 w zale\u017cno\u015bci od kontekstu \u2014 dzie\u0144 roboczy vs weekend, l\u017cejszy vs mocniejszy \u2014 bez zmiany urz\u0105dzenia.<\/p>\n<h3>Regulowany przep\u0142yw powietrza: ciasne zaci\u0105gni\u0119cie lub otwarty przep\u0142yw, wyb\u00f3r nale\u017cy do Ciebie<\/h3>\n<p data-start=\"1122\" data-end=\"1212\"><strong data-start=\"1122\" data-end=\"1149\">Regulacj\u0105 Powietrza Vape<\/strong> kontrola zmienia, jak urz\u0105dzenie zasysa i jak odczuwa si\u0119 par\u0119:<\/p>\n<ul data-start=\"1214\" data-end=\"1371\">\n<li data-start=\"1214\" data-end=\"1280\">\n<p data-start=\"1216\" data-end=\"1280\"><strong data-start=\"1216\" data-end=\"1235\">Ci\u0105g\u0142e przep\u0142ywy powietrza<\/strong> mog\u0105 wydawa\u0107 si\u0119 bardziej skoncentrowane i kontrolowane.<\/p>\n<\/li>\n<li data-start=\"1281\" data-end=\"1371\">\n<p data-start=\"1283\" data-end=\"1371\"><strong data-start=\"1283\" data-end=\"1304\">Bardziej otwarty przep\u0142yw powietrza<\/strong> mo\u017ce wydawa\u0107 si\u0119 bardziej g\u0142adki i swobodny, cz\u0119sto z wi\u0119ksz\u0105 ilo\u015bci\u0105 pary.<\/p>\n<\/li>\n<\/ul>\n<p data-start=\"1373\" data-end=\"1545\">Dla doros\u0142ych u\u017cytkownik\u00f3w, przep\u0142yw powietrza jest jednym z niewielu element\u00f3w, kt\u00f3re faktycznie zauwa\u017cysz codziennie. Zamienia jednorazowe urz\u0105dzenie w co\u015b, co mo\u017cna dostosowa\u0107 do w\u0142asnych preferencji.<\/p>\n<h3 data-start=\"1552\" data-end=\"1610\">Dwuwarstwowa cewka siatkowa 1.0+1.0\u03a9: Sp\u00f3jno\u015b\u0107 to prawdziwy luksus<\/h3>\n<p data-start=\"1612\" data-end=\"1797\">OKSO 50K u\u017cywa <strong data-start=\"1632\" data-end=\"1662\">Podw\u00f3jna siatka grza\u0142ki: 1,0 + 1,0\u03a9<\/strong> (siatka grza\u0142ki \u00d72). To ustawienie jest zaprojektowane dla r\u00f3wnomiernego nagrzewania i stabilnej mocy, co ma znaczenie, gdy korzystasz z urz\u0105dzenia przez d\u0142ugi czas.<\/p>\n<p data-start=\"1799\" data-end=\"1833\">W praktyce ma na celu:<\/p>\n<ul data-start=\"1834\" data-end=\"2016\">\n<li data-start=\"1834\" data-end=\"1891\">\n<p data-start=\"1836\" data-end=\"1891\">utrzymanie bardziej stabilnego dostarczania smaku podczas d\u0142ugich sesji<\/p>\n<\/li>\n<li data-start=\"1892\" data-end=\"1951\">\n<p data-start=\"1894\" data-end=\"1951\">zmniejszenie problemu \u201edobrze na pierwszy dzie\u0144, p\u0142asko na trzeci\u201d<\/p>\n<\/li>\n<li data-start=\"1952\" data-end=\"2016\">\n<p data-start=\"1954\" data-end=\"2016\">wspieranie niezawodnej produkcji pary zar\u00f3wno w profilach Norm, jak i Boost<\/p>\n<\/li>\n<\/ul>\n<h3 data-start=\"2023\" data-end=\"2077\">Bateria + Wy\u015bwietlacz: Zaprojektowane do Zarz\u0105dzania, a nie zgadywania<\/h3>\n<p data-start=\"2079\" data-end=\"2425\">Urz\u0105dzenie zawiera <strong data-start=\"2101\" data-end=\"2121\">1000mAh + 200mAh<\/strong> konfiguracj\u0119 baterii oraz <strong data-start=\"2151\" data-end=\"2166\">wy\u015bwietlacz LED<\/strong>. Zaleta to nie tylko pojemno\u015b\u0107 \u2014 to przewidywalno\u015b\u0107. Wy\u015bwietlacz zapewnia szybki podgl\u0105d statusu, dzi\u0119ki czemu nie zgadujesz, dlaczego wydajno\u015b\u0107 si\u0119 zmienia. Dla urz\u0105dzenia na d\u0142u\u017csz\u0105 met\u0119 <strong data-start=\"2331\" data-end=\"2351\">OKSO 50000 Chmur<\/strong> jest to praktyczna funkcja, szczeg\u00f3lnie je\u015bli cz\u0119sto zmieniasz tryby.<\/p>\n<h3 data-start=\"2432\" data-end=\"2485\">Magnetyczne Przyci\u0105ganie: Zestaw Switch, kt\u00f3ry wydaje si\u0119 solidny<\/h3>\n<p data-start=\"2487\" data-end=\"2765\">Cyfrowy ekran <strong data-start=\"2491\" data-end=\"2514\">magnetyczne przyci\u0105ganie<\/strong> projekt poprawia codzienne u\u017cytkowanie \u2014 mniej manipulacji, czystsze dopasowanie i bardziej pewne uczucie podczas regularnego korzystania. To drobny szczeg\u00f3\u0142, ale sprawia, \u017ce do\u015bwiadczenie z Zestawem Switch jest bardziej wyrafinowane ni\u017c typowe jednoraz\u00f3wki w tej samej niskiej cenie.<\/p>\n<p><strong><span style=\"color: #ff0000;\">Dodaj Amy do WhatsAppa, aby uzyska\u0107 szybk\u0105 odpowied\u017a i kupon na vape!<\/span><\/strong><\/p>\n<p><img fetchpriority=\"high\" decoding=\"async\" class=\"size-full wp-image-2932\" src=\"https:\/\/vapestornado.com\/wp-content\/uploads\/2024\/12\/Vape-Wholesale.jpg\" alt=\"Hurtowa sprzeda\u017c e-papieros\u00f3w\" width=\"229\" height=\"300\" \/><\/p>\n<h3><a href=\"https:\/\/wa.me\/8617776015835\" target=\"_blank\" rel=\"noopener\"><span style=\"color: #ff0000;\"><strong>WhatsApp: +86 17776015835<\/strong><\/span><\/a><\/h3>\n<p>&nbsp;<\/p>\n<h2><strong>OKSO 50000 Paliw 50K Zestaw Switch Funkcje produktu<\/strong><\/h2>\n<table>\n<thead>\n<tr>\n<th>Funkcja<\/th>\n<th align=\"right\">Specyfikacja<\/th>\n<th>Co to oznacza w praktycznym u\u017cytkowaniu<\/th>\n<\/tr>\n<\/thead>\n<tbody>\n<tr>\n<td>Tryb (Norma)<\/td>\n<td align=\"right\">Do 50 000 zaci\u0105gni\u0119\u0107<\/td>\n<td>Profil d\u0142u\u017cszego czasu pracy dla stabilnego codziennego wapowania (liczba puf\u00f3w r\u00f3\u017cni si\u0119 w zale\u017cno\u015bci od d\u0142ugo\u015bci zaci\u0105gni\u0119cia).<\/td>\n<\/tr>\n<tr>\n<td>Tryb (Boost)<\/td>\n<td align=\"right\">Do 30 000 puffs<\/td>\n<td>Silniejszy profil wyj\u015bciowy; wy\u017csza moc zwykle zmniejsza liczb\u0119 ca\u0142kowitych zaci\u0105gni\u0119\u0107.<\/td>\n<\/tr>\n<tr>\n<td>System Cewkowy<\/td>\n<td align=\"right\">Podw\u00f3jny Mesh Coil 1.0 + 1.0\u03a9 (mesh coil \u00d72)<\/td>\n<td>R\u00f3wnomierne podgrzewanie wspiera sp\u00f3jny smak i par\u0119 w obu trybach.<\/td>\n<\/tr>\n<tr>\n<td>E-liquid<\/td>\n<td align=\"right\">20ml<\/td>\n<td>Du\u017ca pojemno\u015b\u0107 zaprojektowana do d\u0142ugotrwa\u0142ego u\u017cytkowania bez cz\u0119stej wymiany.<\/td>\n<\/tr>\n<tr>\n<td>Bateria<\/td>\n<td align=\"right\">1000mAh + 200mAh<\/td>\n<td>Zbudowany, aby wspiera\u0107 d\u0142ugie sesje i prze\u0142\u0105czanie tryb\u00f3w z mniejszym spadkiem mocy.<\/td>\n<\/tr>\n<tr>\n<td>Wy\u015bwietlacz<\/td>\n<td align=\"right\">Wy\u015bwietlacz LED<\/td>\n<td>Pokazuje widoczny status urz\u0105dzenia dla \u0142atwiejszego codziennego zarz\u0105dzania.<\/td>\n<\/tr>\n<tr>\n<td>Przep\u0142yw Powietrza<\/td>\n<td align=\"right\">Regulowany przep\u0142yw powietrza<\/td>\n<td>Pozwala dostosowa\u0107 odczucie zaci\u0105gni\u0119cia od bardziej zacie\u015bnionego do bardziej otwartego.<\/td>\n<\/tr>\n<tr>\n<td>Struktura<\/td>\n<td align=\"right\">Przyci\u0105ganie magnetyczne<\/td>\n<td>Poprawia obs\u0142ug\u0119 i dopasowanie, zmniejszaj\u0105c k\u0142opoty w codziennym u\u017cytkowaniu.<\/td>\n<\/tr>\n<tr>\n<td>Rozmiar<\/td>\n<td align=\"right\">65 \u00d7 35 \u00d7 110mm<\/td>\n<td>Zr\u00f3wnowa\u017cony rozmiar dla pojemno\u015bci i przeno\u015bno\u015bci.<\/td>\n<\/tr>\n<tr>\n<td>Waga<\/td>\n<td align=\"right\">129g<\/td>\n<td>Solidne odczucie w d\u0142oni, typowe dla urz\u0105dze\u0144 o du\u017cej pojemno\u015bci.<\/td>\n<\/tr>\n<tr>\n<td>Opcje Nikotyny<\/td>\n<td align=\"right\">0% \/ 2% \/ 3% \/ 5%<\/td>\n<td>Oferuje opcje od bez nikotyny do mocniejszych, w zale\u017cno\u015bci od potrzeb rynku.<\/td>\n<\/tr>\n<\/tbody>\n<\/table>\n<h2 class=\"product-title\"><strong>Lista smak\u00f3w zestawu OKSO 50000 Puff 50K Switch Kit<\/strong><\/h2>\n<h2 data-start=\"3958\" data-end=\"4012\"><\/h2>\n<ol data-start=\"4014\" data-end=\"4238\">\n<li data-start=\"4014\" data-end=\"4028\">\n<p data-start=\"4017\" data-end=\"4028\">Brzoskwinia z Lodem<\/p>\n<\/li>\n<li data-start=\"4029\" data-end=\"4046\">\n<p data-start=\"4032\" data-end=\"4046\">Meksyka\u0144ski Mango<\/p>\n<\/li>\n<li data-start=\"4047\" data-end=\"4073\">\n<p data-start=\"4050\" data-end=\"4073\">Truskawkowa Arbuz<\/p>\n<\/li>\n<li data-start=\"4074\" data-end=\"4088\">\n<p data-start=\"4077\" data-end=\"4088\">Blue Razz<\/p>\n<\/li>\n<li data-start=\"4089\" data-end=\"4104\">\n<p data-start=\"4092\" data-end=\"4104\">\u017belki<\/p>\n<\/li>\n<li data-start=\"4105\" data-end=\"4120\">\n<p data-start=\"4108\" data-end=\"4120\">Kwa\u015bne Jab\u0142ko<\/p>\n<\/li>\n<li data-start=\"4121\" data-end=\"4136\">\n<p data-start=\"4124\" data-end=\"4136\">Mi\u0119towy Miami<\/p>\n<\/li>\n<li data-start=\"4137\" data-end=\"4151\">\n<p data-start=\"4140\" data-end=\"4151\">Winogronowy L\u00f3d<\/p>\n<\/li>\n<li data-start=\"4152\" data-end=\"4165\">\n<p data-start=\"4155\" data-end=\"4165\">Lush Ice<\/p>\n<\/li>\n<li data-start=\"4166\" data-end=\"4195\">\n<p data-start=\"4170\" data-end=\"4195\">Kiwi Dragon Berry Fruit<\/p>\n<\/li>\n<li data-start=\"4196\" data-end=\"4217\">\n<p data-start=\"4200\" data-end=\"4217\">Truskawka Kiwi<\/p>\n<\/li>\n<li data-start=\"4218\" data-end=\"4238\">\n<p data-start=\"4222\" data-end=\"4238\">Truskawkowe lody<\/p>\n<\/li>\n<\/ol>\n<figure id=\"attachment_4721\" aria-describedby=\"caption-attachment-4721\" style=\"width: 300px\" class=\"wp-caption alignnone\"><img decoding=\"async\" class=\"size-medium wp-image-4721\" src=\"https:\/\/vapestornado.com\/wp-content\/uploads\/2025\/12\/Okso-50K-50000-Puffs-Disposable-Vape-Popular-Flavor-300x300.webp\" alt=\"Okso 50K 50000 Puffs Jednorazowy e-papieros Popularny smak\" width=\"300\" height=\"300\" srcset=\"https:\/\/vapestornado.com\/wp-content\/uploads\/2025\/12\/Okso-50K-50000-Puffs-Disposable-Vape-Popular-Flavor-300x300.webp 300w, https:\/\/vapestornado.com\/wp-content\/uploads\/2025\/12\/Okso-50K-50000-Puffs-Disposable-Vape-Popular-Flavor-150x150.webp 150w, https:\/\/vapestornado.com\/wp-content\/uploads\/2025\/12\/Okso-50K-50000-Puffs-Disposable-Vape-Popular-Flavor-768x768.webp 768w, https:\/\/vapestornado.com\/wp-content\/uploads\/2025\/12\/Okso-50K-50000-Puffs-Disposable-Vape-Popular-Flavor-12x12.webp 12w, https:\/\/vapestornado.com\/wp-content\/uploads\/2025\/12\/Okso-50K-50000-Puffs-Disposable-Vape-Popular-Flavor-600x600.webp 600w, https:\/\/vapestornado.com\/wp-content\/uploads\/2025\/12\/Okso-50K-50000-Puffs-Disposable-Vape-Popular-Flavor-100x100.webp 100w, https:\/\/vapestornado.com\/wp-content\/uploads\/2025\/12\/Okso-50K-50000-Puffs-Disposable-Vape-Popular-Flavor.webp 800w\" sizes=\"(max-width: 300px) 100vw, 300px\" \/><figcaption id=\"caption-attachment-4721\" class=\"wp-caption-text\">Okso 50K 50000 Puffs Jednorazowy e-papieros Popularny smak<\/figcaption><\/figure>\n<div class=\"flex-shrink-0 flex flex-col relative items-end\">\n<div class=\"pt-0\">\n<div class=\"gizmo-bot-avatar flex h-8 w-8 items-center justify-center overflow-hidden rounded-full\">\n<div class=\"relative p-1 rounded-sm flex items-center justify-center bg-token-main-surface-primary text-token-text-primary h-8 w-8\">\n<h2 data-start=\"1200\" data-end=\"1487\">Vapes Tornado \u2013 Tw\u00f3j hurtowy sklep internetowy z najlepszymi markami vape<\/h2>\n<p data-start=\"1200\" data-end=\"1487\"><strong data-start=\"141\" data-end=\"177\">Sklep internetowy z e-papierosami Vapes Tornado<\/strong> jest Twoim zaufanym \u017ar\u00f3d\u0142em <strong data-start=\"205\" data-end=\"270\">premiumowe jednorazowe vape i hurtowe e-papierosy w Europie<\/strong>. W ofercie mamy najlepiej sprzedaj\u0105ce si\u0119 marki, takie jak <strong data-start=\"307\" data-end=\"362\"><a href=\"https:\/\/vapestornado.com\/pl\/product\/randm-12000-puffs-fumot-digital-disposable-vape-wholesale-price\/\">Fumot Waporyzator<\/a>, <a href=\"https:\/\/vapestornado.com\/pl\/product\/original-wga-ultra-35k-35000-puff-rechargeable-crystal-disposable-nicotine-vape-best-discount-price\/\">WGA VAPE<\/a>, <\/strong><strong data-start=\"307\" data-end=\"362\"><a href=\"https:\/\/vapestornado.com\/pl\/product\/vozol-gear-shisha-25k-25000-puffs-best-dtl-disposable-vape-hookah-cheap-price\/\">VOZOL BAR VAPE<\/a>, \u00a0 Bang Vape<\/strong>, i wi\u0119cej, zapewniaj\u0105c jako\u015b\u0107 i r\u00f3\u017cnorodno\u015b\u0107 dla ka\u017cdego klienta. Niezale\u017cnie od tego, czy jeste\u015b indywidualnym vaperem, czy hurtowym nabywc\u0105, dostarczamy <strong data-start=\"481\" data-end=\"550\">urz\u0105dzenia wysokiej wydajno\u015bci, stylowe wzory i konkurencyjne ceny<\/strong> spe\u0142niaj\u0105ce Twoje potrzeby.<\/p>\n<h2 data-start=\"2064\" data-end=\"2115\">FAQs dotycz\u0105ce OKSO 50000 Puff 50K Switch Jednorazowego e-papierosa<\/h2>\n<p data-start=\"4515\" data-end=\"4726\"><strong data-start=\"4515\" data-end=\"4578\">1) Dlaczego ten urz\u0105dzenie podaje 50 000 puf\u00f3w i 30 000 puf\u00f3w?<\/strong><br data-start=\"4578\" data-end=\"4581\" \/>Poniewa\u017c ma dwa tryby: <strong data-start=\"4607\" data-end=\"4639\">Tryb Norm do 50 000 puf\u00f3w<\/strong> i <strong data-start=\"4644\" data-end=\"4677\">Tryb Boost do 30 000 puf\u00f3w<\/strong>, z r\u00f3\u017cn\u0105 intensywno\u015bci\u0105 i zu\u017cyciem.<\/p>\n<p data-start=\"4728\" data-end=\"4886\"><strong data-start=\"4728\" data-end=\"4776\">2) Co zmienia regulowany przep\u0142yw powietrza Vape?<\/strong><br data-start=\"4776\" data-end=\"4779\" \/>Zmienia op\u00f3r podczas inhalacji i odczucie pary\u2014bardziej szczelny dla bardziej skoncentrowanego ci\u0105gni\u0119cia, bardziej otwarty dla p\u0142ynniejszego przep\u0142ywu powietrza.<\/p>\n<p data-start=\"4888\" data-end=\"5039\"><strong data-start=\"4888\" data-end=\"4943\">3) Jaki jest cel podw\u00f3jnej siatki grza\u0142ki (1.0+1.0\u03a9)?<\/strong><br data-start=\"4943\" data-end=\"4946\" \/>Wspiera bardziej r\u00f3wnomierne nagrzewanie, pomagaj\u0105c utrzyma\u0107 smak i wydajno\u015b\u0107 pary na sta\u0142ym poziomie podczas d\u0142ugiego u\u017cytkowania.<\/p>\n<p data-start=\"5041\" data-end=\"5217\"><strong data-start=\"5041\" data-end=\"5077\">4) Czy to jest zestaw na wielokrotne nape\u0142nianie pod\u00f3w?<\/strong><br data-start=\"5077\" data-end=\"5080\" \/>Prezentowany jest jako jednorazowy zestaw Switch z <strong data-start=\"5127\" data-end=\"5135\">20ml<\/strong> p\u0142ynem do e-papieros\u00f3w; nape\u0142nianie i wymiana grza\u0142ek nie s\u0105 opisane w dostarczonych specyfikacjach.<\/p>\n<p data-start=\"5219\" data-end=\"5340\"><strong data-start=\"5219\" data-end=\"5265\">5) Jakie dost\u0119pne s\u0105 poziomy nikotyny?<\/strong><br data-start=\"5265\" data-end=\"5268\" \/>Wymienione s\u0105 opcje 0%, 2%, 3% i 5%, w zale\u017cno\u015bci od dost\u0119pno\u015bci na rynku.<\/p>\n<\/div>\n<\/div>\n<\/div>\n<\/div>","protected":false},"excerpt":{"rendered":"<p data-start=\"3411\" data-end=\"3490\">Cyfrowy ekran <strong data-start=\"5381\" data-end=\"5398\">OKSO 50K Chmur<\/strong> (<strong data-start=\"5400\" data-end=\"5420\">OKSO 50000 Chmur<\/strong>) jest jednorazowym <strong data-start=\"5438\" data-end=\"5452\">Switch Kit<\/strong> zbudowany dla doros\u0142ych, kt\u00f3rzy chc\u0105 wyb\u00f3r: <strong data-start=\"5487\" data-end=\"5500\">tryb Normy<\/strong> dla d\u0142u\u017cszego czasu pracy i <strong data-start=\"5524\" data-end=\"5538\">Boost<\/strong> dla mocniejszych sesji. Z <strong data-start=\"5567\" data-end=\"5594\">Regulacj\u0105 Powietrza Vape<\/strong> dostosowaniem, <strong data-start=\"5605\" data-end=\"5632\">Podw\u00f3jna Siatka Grza\u0142ka 1.0+1.0\u03a9<\/strong>, <strong data-start=\"5634\" data-end=\"5651\">20 ml e-liquidu<\/strong>, oraz z <strong data-start=\"5660\" data-end=\"5675\">wy\u015bwietlacz LED<\/strong>, zapewnia kontrolowan\u0105 wydajno\u015b\u0107 w niskiej cenie w <strong data-start=\"5734\" data-end=\"5746\">chmur 50k<\/strong> kategoria.<\/p>\n<p><strong>Dodaj Amy na WhatsApp, aby uzyska\u0107 w\u0142a\u015bciw\u0105 odpowied\u017a i cen\u0119 z rabatem!<\/strong><\/p>\n<p><img fetchpriority=\"high\" decoding=\"async\" class=\"size-full wp-image-2932\" src=\"https:\/\/vapestornado.com\/wp-content\/uploads\/2024\/12\/Vape-Wholesale.jpg\" alt=\"Hurtowa sprzeda\u017c e-papieros\u00f3w\" width=\"229\" height=\"300\" \/><\/p>\n<h3><a href=\"https:\/\/wa.me\/8617776015835\"><span style=\"color: #ff0000;\"><strong>WhatsApp: +86 17776015835<\/strong><\/span><\/a><\/h3>","protected":false},"featured_media":4718,"comment_status":"open","ping_status":"closed","template":"","meta":{"_acf_changed":false,"_uag_custom_page_level_css":"","_lmt_disableupdate":"no","_lmt_disable":"","_monsterinsights_skip_tracking":false,"_monsterinsights_sitenote_active":false,"_monsterinsights_sitenote_note":"","_monsterinsights_sitenote_category":0,"site-sidebar-layout":"default","site-content-layout":"","ast-site-content-layout":"default","site-content-style":"default","site-sidebar-style":"default","ast-global-header-display":"","ast-banner-title-visibility":"","ast-main-header-display":"","ast-hfb-above-header-display":"","ast-hfb-below-header-display":"","ast-hfb-mobile-header-display":"","site-post-title":"","ast-breadcrumbs-content":"","ast-featured-img":"","footer-sml-layout":"","ast-disable-related-posts":"","theme-transparent-header-meta":"default","adv-header-id-meta":"","stick-header-meta":"","header-above-stick-meta":"","header-main-stick-meta":"","header-below-stick-meta":"","astra-migrate-meta-layouts":"set","ast-page-background-enabled":"default","ast-page-background-meta":{"desktop":{"background-color":"","background-image":"","background-repeat":"repeat","background-position":"center center","background-size":"auto","background-attachment":"scroll","background-type":"","background-media":"","overlay-type":"","overlay-color":"","overlay-opacity":"","overlay-gradient":""},"tablet":{"background-color":"","background-image":"","background-repeat":"repeat","background-position":"center center","background-size":"auto","background-attachment":"scroll","background-type":"","background-media":"","overlay-type":"","overlay-color":"","overlay-opacity":"","overlay-gradient":""},"mobile":{"background-color":"","background-image":"","background-repeat":"repeat","background-position":"center center","background-size":"auto","background-attachment":"scroll","background-type":"","background-media":"","overlay-type":"","overlay-color":"","overlay-opacity":"","overlay-gradient":""}},"ast-content-background-meta":{"desktop":{"background-color":"var(--ast-global-color-5)","background-image":"","background-repeat":"repeat","background-position":"center center","background-size":"auto","background-attachment":"scroll","background-type":"","background-media":"","overlay-type":"","overlay-color":"","overlay-opacity":"","overlay-gradient":""},"tablet":{"background-color":"var(--ast-global-color-5)","background-image":"","background-repeat":"repeat","background-position":"center center","background-size":"auto","background-attachment":"scroll","background-type":"","background-media":"","overlay-type":"","overlay-color":"","overlay-opacity":"","overlay-gradient":""},"mobile":{"background-color":"var(--ast-global-color-5)","background-image":"","background-repeat":"repeat","background-position":"center center","background-size":"auto","background-attachment":"scroll","background-type":"","background-media":"","overlay-type":"","overlay-color":"","overlay-opacity":"","overlay-gradient":""}},"_joinchat":[]},"product_brand":[],"product_cat":[192,153,156,157,158,142,144,146,60],"product_tag":[387,287,503,506,507,508,393,509],"class_list":{"0":"post-4731","1":"product","2":"type-product","3":"status-publish","4":"has-post-thumbnail","6":"product_cat-50000-puff","7":"product_cat-buy-disposable-vapes-in-italy","8":"product_cat-buy-disposable-vapes-in-poland","9":"product_cat-buy-disposable-vapes-in-portugal","10":"product_cat-buy-disposable-vapes-in-spain","11":"product_cat-digital-box-disposable-vapes","12":"product_cat-low-nicotine-disposable-vapes","13":"product_cat-rechargeable-disposable-vapes","14":"product_cat-waspe-fihp-vape","15":"product_tag-cigarette-vapor","16":"product_tag-disposable-vape-pen","17":"product_tag-multi-flavor-disposable-vape","18":"product_tag-okso-50000-puff","19":"product_tag-okso-switch-kit-50k","20":"product_tag-vape-airflow-adjustable","21":"product_tag-vape-cartridge","22":"product_tag-vape-low-price","23":"desktop-align-left","24":"tablet-align-left","25":"mobile-align-left","27":"first","28":"instock","29":"sale","30":"shipping-taxable","31":"purchasable","32":"product-type-simple"},"acf":[],"uagb_featured_image_src":{"full":["https:\/\/vapestornado.com\/wp-content\/uploads\/2025\/12\/Okso-50K-50000-Puffs-Disposable-Vape-Best-Flavor.webp",800,800,false],"thumbnail":["https:\/\/vapestornado.com\/wp-content\/uploads\/2025\/12\/Okso-50K-50000-Puffs-Disposable-Vape-Best-Flavor-150x150.webp",150,150,true],"medium":["https:\/\/vapestornado.com\/wp-content\/uploads\/2025\/12\/Okso-50K-50000-Puffs-Disposable-Vape-Best-Flavor-300x300.webp",300,300,true],"medium_large":["https:\/\/vapestornado.com\/wp-content\/uploads\/2025\/12\/Okso-50K-50000-Puffs-Disposable-Vape-Best-Flavor-768x768.webp",768,768,true],"large":["https:\/\/vapestornado.com\/wp-content\/uploads\/2025\/12\/Okso-50K-50000-Puffs-Disposable-Vape-Best-Flavor.webp",800,800,false],"1536x1536":["https:\/\/vapestornado.com\/wp-content\/uploads\/2025\/12\/Okso-50K-50000-Puffs-Disposable-Vape-Best-Flavor.webp",800,800,false],"2048x2048":["https:\/\/vapestornado.com\/wp-content\/uploads\/2025\/12\/Okso-50K-50000-Puffs-Disposable-Vape-Best-Flavor.webp",800,800,false],"trp-custom-language-flag":["https:\/\/vapestornado.com\/wp-content\/uploads\/2025\/12\/Okso-50K-50000-Puffs-Disposable-Vape-Best-Flavor-12x12.webp",12,12,true],"woocommerce_thumbnail":["https:\/\/vapestornado.com\/wp-content\/uploads\/2025\/12\/Okso-50K-50000-Puffs-Disposable-Vape-Best-Flavor-300x300.webp",300,300,true],"woocommerce_single":["https:\/\/vapestornado.com\/wp-content\/uploads\/2025\/12\/Okso-50K-50000-Puffs-Disposable-Vape-Best-Flavor-600x600.webp",600,600,true],"woocommerce_gallery_thumbnail":["https:\/\/vapestornado.com\/wp-content\/uploads\/2025\/12\/Okso-50K-50000-Puffs-Disposable-Vape-Best-Flavor-100x100.webp",100,100,true]},"uagb_author_info":{"display_name":"ESAMY","author_link":"https:\/\/vapestornado.com\/pl\/author\/"},"uagb_comment_info":0,"uagb_excerpt":"The OKSO 50K Puff (OKSO 50000 Puffs) is a disposable Switch Kit built for adults who want choice: Norm mode for longer runtime and Boost Mode for stronger sessions. With Vape Airflow Adjustable tuning, a Dual Mesh Coil 1.0+1.0\u03a9, 20ml e-liquid, and an LED display, it delivers controlled performance at a low price in the&hellip;","_links":{"self":[{"href":"https:\/\/vapestornado.com\/pl\/wp-json\/wp\/v2\/product\/4731","targetHints":{"allow":["GET"]}}],"collection":[{"href":"https:\/\/vapestornado.com\/pl\/wp-json\/wp\/v2\/product"}],"about":[{"href":"https:\/\/vapestornado.com\/pl\/wp-json\/wp\/v2\/types\/product"}],"replies":[{"embeddable":true,"href":"https:\/\/vapestornado.com\/pl\/wp-json\/wp\/v2\/comments?post=4731"}],"wp:featuredmedia":[{"embeddable":true,"href":"https:\/\/vapestornado.com\/pl\/wp-json\/wp\/v2\/media\/4718"}],"wp:attachment":[{"href":"https:\/\/vapestornado.com\/pl\/wp-json\/wp\/v2\/media?parent=4731"}],"wp:term":[{"taxonomy":"product_brand","embeddable":true,"href":"https:\/\/vapestornado.com\/pl\/wp-json\/wp\/v2\/product_brand?post=4731"},{"taxonomy":"product_cat","embeddable":true,"href":"https:\/\/vapestornado.com\/pl\/wp-json\/wp\/v2\/product_cat?post=4731"},{"taxonomy":"product_tag","embeddable":true,"href":"https:\/\/vapestornado.com\/pl\/wp-json\/wp\/v2\/product_tag?post=4731"}],"curies":[{"name":"wp","href":"https:\/\/api.w.org\/{rel}","templated":true}]}}