{"id":4716,"date":"2025-12-24T03:47:14","date_gmt":"2025-12-24T03:47:14","guid":{"rendered":"https:\/\/vapestornado.com\/?post_type=product&#038;p=4716"},"modified":"2025-12-24T06:53:12","modified_gmt":"2025-12-24T06:53:12","slug":"fihp-90k-puffs-90000-3-in-1-triple-flavors-crystal-vape-shop-wholesale-disposable-e-cigarette","status":"publish","type":"product","link":"https:\/\/vapestornado.com\/pl\/product\/fihp-90k-puffs-90000-3-in-1-triple-flavors-crystal-vape-shop-wholesale-disposable-e-cigarette\/","title":{"rendered":"FIHP 90K Puffs 90000 3 w 1 Potr\u00f3jne Smaki Kryszta\u0142owy Vape Sklep Hurtowy Jednorazowa E-Papieros"},"content":{"rendered":"<h2 data-pm-slice=\"1 1 []\">FIHP 90K Puffs 90000 3 w 1 potr\u00f3jne smaki kryszta\u0142owa jednoraz\u00f3wka do e-papieros\u00f3w hurt<\/h2>\n<p data-start=\"90\" data-end=\"562\">Cyfrowy ekran <strong data-start=\"94\" data-end=\"112\">FIHP 90K Puffs<\/strong> zbudowany dla doros\u0142ych, kt\u00f3rzy chc\u0105 urz\u0105dzenia na d\u0142u\u017cszy czas, kt\u00f3re pozostaje interesuj\u0105ce. G\u0142\u00f3wny parametr jest oczywisty\u2014<strong data-start=\"213\" data-end=\"229\">90 000 puf\u00f3w<\/strong>\u2014 ale to, co czyni go u\u017cytecznym dzie\u0144 po dniu, to po\u0142\u0105czenie <strong data-start=\"293\" data-end=\"324\">systemu 3 w 1 z potr\u00f3jnymi smakami<\/strong>, a <strong data-start=\"328\" data-end=\"344\">inteligentnego ekranu<\/strong>, oraz sprz\u0119tu grzewczego zaprojektowanego do stabilnego wydobywania smaku. To jest rodzaj <strong data-start=\"420\" data-end=\"446\">Jednorazowego e-papierosa<\/strong> kt\u00f3ry pasuje zar\u00f3wno do u\u017cytku osobistego, jak i do hurtowej sprzeda\u017cy w sklepach z e-papierosami, poniewa\u017c jest \u0142atwy do wyja\u015bnienia i \u0142atwy do zaufania w r\u0119ku.<\/p>\n<p data-start=\"564\" data-end=\"847\">Przezroczyste cia\u0142o \u201ekryszta\u0142owe\u201d nie jest tylko dla stylu; sprawia r\u00f3wnie\u017c, \u017ce produkt wygl\u0105da nowocze\u015bnie i przejrzy\u015bcie \u2014 to, co widzisz, to co dostajesz. Dla wielu kupuj\u0105cych w Europie ma to znaczenie: czysty wygl\u0105d, jasne informacje na ekranie i brak tajemnic, czy urz\u0105dzenie jest na wyczerpaniu baterii.<\/p>\n<p data-start=\"876\" data-end=\"1116\">Jednoraz\u00f3wki o du\u017cej pojemno\u015bci cz\u0119sto zawodz\u0105 w przewidywalny spos\u00f3b: smak staje si\u0119 md\u0142y, wydajno\u015b\u0107 jest niestabilna, lub u\u017cytkownicy nie mog\u0105 stwierdzi\u0107, czy urz\u0105dzenie jest puste, czy po prostu wymaga na\u0142adowania. FIHP 90000 puf\u00f3w rozwi\u0105zuje te problemy dzi\u0119ki praktycznym wyborom sprz\u0119towym.<\/p>\n<p data-start=\"1118\" data-end=\"1588\">Cyfrowy ekran <strong data-start=\"1122\" data-end=\"1138\">inteligentnego ekranu<\/strong> pokazuje <strong data-start=\"1145\" data-end=\"1181\">poziom na\u0142adowania baterii i poziom e-liquidu<\/strong>, wi\u0119c nie musisz zgadywa\u0107. To zmniejsza frustracj\u0119 i ogranicza momenty \u201eprzesta\u0142o dzia\u0142a\u0107\u201d, kt\u00f3re tak naprawd\u0119 s\u0105 tylko niskim poziomem energii. Te <strong data-start=\"1318\" data-end=\"1342\">Podw\u00f3jne grza\u0142ki mesh o oporno\u015bci 0,9\u03a9<\/strong> s\u0105 zaprojektowane z wi\u0119kszym obszarem grzewczym, co pomaga utrzyma\u0107 sta\u0142\u0105 produkcj\u0119 pary i czystszy smak podczas d\u0142ugiego u\u017cytkowania. Dodaj do tego <strong data-start=\"1469\" data-end=\"1488\">\u0142adowanie typu C<\/strong> i <strong data-start=\"1493\" data-end=\"1511\">bateri\u0119 650 mAh<\/strong>, a urz\u0105dzenie pasuje do codziennych rutyn \u2014 szybko na\u0142aduj, u\u017cywaj d\u0142u\u017cej, powtarzaj.<\/p>\n<h3 data-start=\"1590\" data-end=\"1635\">Dlaczego warto kupi\u0107 FIHP 90K 90000 Puf\u00f3w Jednorazowy Vape Pen<\/h3>\n<ul data-start=\"1636\" data-end=\"2259\">\n<li data-start=\"1636\" data-end=\"1764\">\n<p data-start=\"1638\" data-end=\"1764\"><strong data-start=\"1638\" data-end=\"1665\">D\u0142ugi cykl wymiany:<\/strong> to <strong data-start=\"1670\" data-end=\"1679\">90000<\/strong> Design chmury zmniejsza cz\u0119stotliwo\u015b\u0107 konieczno\u015bci wymiany urz\u0105dzenia, szczeg\u00f3lnie dla regularnych u\u017cytkownik\u00f3w.<\/p>\n<\/li>\n<li data-start=\"1765\" data-end=\"1936\">\n<p data-start=\"1767\" data-end=\"1936\"><strong data-start=\"1767\" data-end=\"1801\">R\u00f3\u017cnorodno\u015b\u0107 bez dodatkowych urz\u0105dze\u0144:<\/strong> to <strong data-start=\"1806\" data-end=\"1824\">3 smaki w 1<\/strong> system jest praktyczny\u2014zmiana profili pomaga unikn\u0105\u0107 zm\u0119czenia smakiem, co jest powszechne w przypadku wysokowydajnych vape'\u00f3w.<\/p>\n<\/li>\n<li data-start=\"1937\" data-end=\"2094\">\n<p data-start=\"1939\" data-end=\"2094\"><strong data-start=\"1939\" data-end=\"1968\">Przejrzysty stan na pierwszy rzut oka:<\/strong> ekran sprawia, \u017ce urz\u0105dzenie jest bardziej przewidywalne, szczeg\u00f3lnie dla os\u00f3b, kt\u00f3re vapuj\u0105 przez ca\u0142y dzie\u0144 i nie chc\u0105 niespodzianek.<\/p>\n<\/li>\n<li data-start=\"2095\" data-end=\"2259\">\n<p data-start=\"2097\" data-end=\"2259\"><strong data-start=\"2097\" data-end=\"2120\">Przyjazny dla hurtownik\u00f3w:<\/strong> dla wy\u015bwietlacza w stylu sklepu z vape'ami typu crystal, produkt wygl\u0105da na wysokiej klasy, pozostaj\u0105c prostym do promowania: 90K + potr\u00f3jne smaki + ekran + Type-C.<\/p>\n<\/li>\n<\/ul>\n<p><strong><span style=\"color: #ff0000;\">Dodaj Amy do WhatsAppa, aby uzyska\u0107 szybk\u0105 odpowied\u017a i kupon na vape!<\/span><\/strong><\/p>\n<p><img fetchpriority=\"high\" decoding=\"async\" class=\"size-full wp-image-2932\" src=\"https:\/\/vapestornado.com\/wp-content\/uploads\/2024\/12\/Vape-Wholesale.jpg\" alt=\"Hurtowa sprzeda\u017c e-papieros\u00f3w\" width=\"229\" height=\"300\" \/><\/p>\n<h3><a href=\"https:\/\/wa.me\/8617776015835\" target=\"_blank\" rel=\"noopener\"><span style=\"color: #ff0000;\"><strong>WhatsApp: +86 17776015835<\/strong><\/span><\/a><\/h3>\n<figure id=\"attachment_4711\" aria-describedby=\"caption-attachment-4711\" style=\"width: 300px\" class=\"wp-caption alignnone\"><img decoding=\"async\" class=\"size-medium wp-image-4711\" src=\"https:\/\/vapestornado.com\/wp-content\/uploads\/2025\/12\/FIHP-90K-90000-Puff-Bar-Disposables-Triple-Flavors-300x300.webp\" alt=\"FIHP 90K 90000 Puffs Jednorazowe Barwy Puf\u00f3w Potr\u00f3jne Smaki\" width=\"300\" height=\"300\" srcset=\"https:\/\/vapestornado.com\/wp-content\/uploads\/2025\/12\/FIHP-90K-90000-Puff-Bar-Disposables-Triple-Flavors-300x300.webp 300w, https:\/\/vapestornado.com\/wp-content\/uploads\/2025\/12\/FIHP-90K-90000-Puff-Bar-Disposables-Triple-Flavors-150x150.webp 150w, https:\/\/vapestornado.com\/wp-content\/uploads\/2025\/12\/FIHP-90K-90000-Puff-Bar-Disposables-Triple-Flavors-768x768.webp 768w, https:\/\/vapestornado.com\/wp-content\/uploads\/2025\/12\/FIHP-90K-90000-Puff-Bar-Disposables-Triple-Flavors-12x12.webp 12w, https:\/\/vapestornado.com\/wp-content\/uploads\/2025\/12\/FIHP-90K-90000-Puff-Bar-Disposables-Triple-Flavors-600x600.webp 600w, https:\/\/vapestornado.com\/wp-content\/uploads\/2025\/12\/FIHP-90K-90000-Puff-Bar-Disposables-Triple-Flavors-100x100.webp 100w, https:\/\/vapestornado.com\/wp-content\/uploads\/2025\/12\/FIHP-90K-90000-Puff-Bar-Disposables-Triple-Flavors.webp 800w\" sizes=\"(max-width: 300px) 100vw, 300px\" \/><figcaption id=\"caption-attachment-4711\" class=\"wp-caption-text\">FIHP 90K 90000 Chmur Bar Jednorazowe Potr\u00f3jne Smaki<\/figcaption><\/figure>\n<p>&nbsp;<\/p>\n<h2><strong>FIHP 90K Funkcje produktu chmur<\/strong><\/h2>\n<table>\n<thead>\n<tr>\n<th>Funkcja<\/th>\n<th>Specyfikacja<\/th>\n<th>Co to oznacza w praktycznym u\u017cytkowaniu<\/th>\n<\/tr>\n<\/thead>\n<tbody>\n<tr>\n<td>Pojemno\u015b\u0107 zaci\u0105gni\u0119\u0107<\/td>\n<td>Do 90 000 chmur<\/td>\n<td>Zaprojektowany do d\u0142ugotrwa\u0142ego u\u017cytkowania; rzeczywista liczba chmur zale\u017cy od d\u0142ugo\u015bci zaci\u0105gni\u0119cia i nawyk\u00f3w u\u017cytkowania.<\/td>\n<\/tr>\n<tr>\n<td>System Smaku<\/td>\n<td>3 w 1 Potr\u00f3jne Smaki<\/td>\n<td>Prze\u0142\u0105czanie mi\u0119dzy trzema smakami w jednym urz\u0105dzeniu, aby zmniejszy\u0107 zm\u0119czenie smakiem podczas d\u0142ugiego u\u017cytkowania.<\/td>\n<\/tr>\n<tr>\n<td>Typ Grza\u0142ki<\/td>\n<td>0,9\u03a9 Podw\u00f3jne Mesh Coils<\/td>\n<td>Wi\u0119ksza powierzchnia grzewcza wspiera bardziej stabiln\u0105 par\u0119 i czystszy smak podczas d\u0142u\u017cszych sesji.<\/td>\n<\/tr>\n<tr>\n<td>Bateria<\/td>\n<td>650mAh \u0142adowalny<\/td>\n<td>Przeznaczony do codziennego u\u017cytku; \u0142adowa\u0107 w razie potrzeby, zamiast wyrzuca\u0107 wcze\u015bniej.<\/td>\n<\/tr>\n<tr>\n<td>\u0141adowanie<\/td>\n<td>Type-C (oko\u0142o 30 minut podawane)<\/td>\n<td>Szybsze, wygodniejsze \u0142adowanie w por\u00f3wnaniu do starszych port\u00f3w; czas \u0142adowania r\u00f3\u017cni si\u0119 w zale\u017cno\u015bci od \u0142adowarki i warunk\u00f3w.<\/td>\n<\/tr>\n<tr>\n<td>Wy\u015bwietlacz<\/td>\n<td>Inteligentny ekran (bateria + e-liquid)<\/td>\n<td>Zmniejsza domys\u0142y, pokazuj\u0105c stan urz\u0105dzenia na pierwszy rzut oka.<\/td>\n<\/tr>\n<tr>\n<td>Opcje Nikotyny<\/td>\n<td>2% \/ 5%<\/td>\n<td>Dwa poziomy mocy dla r\u00f3\u017cnych preferencji doros\u0142ych (dost\u0119pno\u015b\u0107 na rynku mo\u017ce si\u0119 r\u00f3\u017cni\u0107).<\/td>\n<\/tr>\n<tr>\n<td>Design<\/td>\n<td>Przezroczyste, kryszta\u0142owe obudowa<\/td>\n<td>Nowoczesny wygl\u0105d odpowiedni do ekspozycji detalicznej i \u0142atwego prezentowania produktu.<\/td>\n<\/tr>\n<\/tbody>\n<\/table>\n<h2 class=\"product-title\"><strong>FIHP 90K Chmur Puf Puf Lista smak\u00f3w<\/strong><\/h2>\n<h2 data-start=\"4164\" data-end=\"4193\"><\/h2>\n<ol data-start=\"4195\" data-end=\"4730\">\n<li data-start=\"4195\" data-end=\"4239\">\n<p data-start=\"4198\" data-end=\"4239\">Musuj\u0105ca Wi\u015bnia &amp; Lady Killer &amp; Gummy Bear<\/p>\n<\/li>\n<li data-start=\"4240\" data-end=\"4287\">\n<p data-start=\"4243\" data-end=\"4287\">Jagoda Bor\u00f3wka &amp; Love 666 &amp; Brzoskwinia L\u00f3d<\/p>\n<\/li>\n<li data-start=\"4288\" data-end=\"4343\">\n<p data-start=\"4291\" data-end=\"4343\">Malina Arbuz &amp; Mieszane Owoce &amp; Mango Brzoskwinia<\/p>\n<\/li>\n<li data-start=\"4344\" data-end=\"4406\">\n<p data-start=\"4347\" data-end=\"4406\">Lemoniada Blue Razz &amp; Truskawka Malina &amp; T\u0119czowa Cukierki<\/p>\n<\/li>\n<li data-start=\"4407\" data-end=\"4463\">\n<p data-start=\"4410\" data-end=\"4463\">Guma Arbuzowa &amp; Winogrona L\u00f3d &amp; Czarny Smok L\u00f3d<\/p>\n<\/li>\n<li data-start=\"4464\" data-end=\"4514\">\n<p data-start=\"4467\" data-end=\"4514\">Ananas Kokos &amp; Mieszane Owoce &amp; Cytryna Brzoskwinia<\/p>\n<\/li>\n<li data-start=\"4515\" data-end=\"4575\">\n<p data-start=\"4518\" data-end=\"4575\">Podw\u00f3jne Jab\u0142ko &amp; Truskawka Banan &amp; Malina Arbuz<\/p>\n<\/li>\n<li data-start=\"4576\" data-end=\"4624\">\n<p data-start=\"4579\" data-end=\"4624\">Arbuz L\u00f3d &amp; Red Bull &amp; Truskawka Kiwi<\/p>\n<\/li>\n<li data-start=\"4625\" data-end=\"4680\">\n<p data-start=\"4628\" data-end=\"4680\">Jagoda L\u00f3d &amp; Truskawka Arbuz &amp; Cytryna Limonka<\/p>\n<\/li>\n<li data-start=\"4681\" data-end=\"4730\">\n<p data-start=\"4685\" data-end=\"4730\">Brzoskwinia Jagoda &amp; Potr\u00f3jne Melony &amp; Arbuz L\u00f3d<\/p>\n<\/li>\n<\/ol>\n<div class=\"flex-shrink-0 flex flex-col relative items-end\">\n<div class=\"pt-0\">\n<div class=\"gizmo-bot-avatar flex h-8 w-8 items-center justify-center overflow-hidden rounded-full\">\n<div class=\"relative p-1 rounded-sm flex items-center justify-center bg-token-main-surface-primary text-token-text-primary h-8 w-8\">\n<h2 data-start=\"1200\" data-end=\"1487\">Vapes Tornado \u2013 Tw\u00f3j hurtowy sklep internetowy z vaporami dla popularnych e-papieros\u00f3w<\/h2>\n<p data-start=\"72\" data-end=\"396\"><strong data-start=\"72\" data-end=\"89\">Tornado Vape<\/strong> to hurtowy sklep internetowy z vaporami skoncentrowany na Europie, oferuj\u0105cy starannie wyselekcjonowany asortyment <strong data-start=\"178\" data-end=\"195\">popularnych e-papieros\u00f3w<\/strong> dla profesjonalnych nabywc\u00f3w. Wsp\u00f3\u0142pracujemy z detalistami, dystrybutorami i sklepami internetowymi w ca\u0142ej UE, kt\u00f3rzy potrzebuj\u0105 stabilnej dostawy, jasnych informacji o produktach oraz marek, kt\u00f3re klienci ju\u017c rozpoznaj\u0105 i ufaj\u0105 im.<\/p>\n<p data-start=\"398\" data-end=\"687\">Wsp\u00f3\u0142pracujemy z zaufanymi nazwami takimi jak <strong data-start=\"307\" data-end=\"362\"><a href=\"https:\/\/vapestornado.com\/pl\/product\/randm-12000-puffs-fumot-digital-disposable-vape-wholesale-price\/\">Fumot Waporyzator<\/a>, <a href=\"https:\/\/vapestornado.com\/pl\/product\/original-wga-ultra-35k-35000-puff-rechargeable-crystal-disposable-nicotine-vape-best-discount-price\/\">WGA VAPE<\/a>, <\/strong><strong data-start=\"307\" data-end=\"362\"><a href=\"https:\/\/vapestornado.com\/pl\/product\/vozol-gear-shisha-25k-25000-puffs-best-dtl-disposable-vape-hookah-cheap-price\/\">VOZOL BAR VAPE<\/a>,<\/strong><strong data-start=\"247\" data-end=\"352\">\u00a0Elf Bar Vape, WASPE Vape, <a href=\"https:\/\/vapestornado.com\/pl\/product\/uzy-150k-puffs-6-in-1-flavor-switch-disposable-vape-pen-wholesale\/\">Waporyzator UZY<\/a>, Bang Vape, Razz Bar Vape, i Stag Bar Vape<\/strong>, wybrane ze wzgl\u0119du na sta\u0142\u0105 jako\u015b\u0107 i du\u017c\u0105 popularno\u015b\u0107 na rynku europejskim.<\/p>\n<h4 data-start=\"1080\" data-end=\"1120\">Stworzony dla hurtowych nabywc\u00f3w z Europy<\/h4>\n<p data-start=\"1121\" data-end=\"1189\">Vapes Tornado s\u0105 dostosowane do rzeczywistych potrzeb hurtownik\u00f3w z UE:<\/p>\n<ul data-start=\"1190\" data-end=\"1400\">\n<li data-start=\"1190\" data-end=\"1239\">\n<p data-start=\"1192\" data-end=\"1239\">Konkurencyjne ceny hurtowe przy zam\u00f3wieniach hurtowych<\/p>\n<\/li>\n<li data-start=\"1240\" data-end=\"1289\">\n<p data-start=\"1242\" data-end=\"1289\">Przejrzyste opisy produkt\u00f3w i specyfikacje<\/p>\n<\/li>\n<li data-start=\"1290\" data-end=\"1330\">\n<p data-start=\"1292\" data-end=\"1330\">Szybka, niezawodna logistyka skierowana na UE<\/p>\n<\/li>\n<li data-start=\"1331\" data-end=\"1400\">\n<p data-start=\"1333\" data-end=\"1400\">Katalog skoncentrowany na <strong data-start=\"1356\" data-end=\"1373\">popularnych e-papieros\u00f3w<\/strong>, nie na prze\u0142adowanych SKU<\/p>\n<\/li>\n<\/ul>\n<p data-start=\"1200\" data-end=\"1487\">\n<h2 data-start=\"2064\" data-end=\"2115\">Najcz\u0119\u015bciej zadawane pytania dotycz\u0105ce FIHP 90K Puffs Disposable Vape<\/h2>\n<p data-start=\"5001\" data-end=\"5156\"><strong data-start=\"5001\" data-end=\"5050\">1) Czy 90 000 puf\u00f3w jest gwarantowane dla ka\u017cdego u\u017cytkownika?<\/strong><br data-start=\"5050\" data-end=\"5053\" \/>Nie. Liczba puf\u00f3w zale\u017cy od d\u0142ugo\u015bci zaci\u0105gni\u0119cia, cz\u0119stotliwo\u015bci i stylu u\u017cytkowania; 90K to maksymalny cel projektowy.<\/p>\n<p data-start=\"5158\" data-end=\"5316\"><strong data-start=\"5158\" data-end=\"5211\">2) Jak dzia\u0142a system potr\u00f3jnych smak\u00f3w 3 w 1?<\/strong><br data-start=\"5211\" data-end=\"5214\" \/>Jedno urz\u0105dzenie zawiera trzy smaki, umo\u017cliwiaj\u0105c prze\u0142\u0105czanie si\u0119 mi\u0119dzy nimi, gdy chcesz inny smak podczas u\u017cytkowania.<\/p>\n<p data-start=\"5318\" data-end=\"5457\"><strong data-start=\"5318\" data-end=\"5357\">3) Co pokazuje ekran smart?<\/strong><br data-start=\"5357\" data-end=\"5360\" \/>Jest zaprojektowany do wy\u015bwietlania poziomu baterii i poziomu e-liquidu, aby u\u017cytkownicy mogli sprawdzi\u0107 stan na pierwszy rzut oka.<\/p>\n<p data-start=\"5459\" data-end=\"5633\"><strong data-start=\"5459\" data-end=\"5498\">4) Dlaczego wybra\u0107 podw\u00f3jne cewki mesh o oporno\u015bci 0,9\u03a9?<\/strong><br data-start=\"5498\" data-end=\"5501\" \/>Podw\u00f3jne cewki mesh zapewniaj\u0105 wi\u0119ksz\u0105 powierzchni\u0119 grzewcz\u0105, co pomaga utrzyma\u0107 bardziej sp\u00f3jne wydobycie pary i smak podczas d\u0142ugiego u\u017cytkowania.<\/p>\n<p data-start=\"5635\" data-end=\"5802\" data-is-last-node=\"\" data-is-only-node=\"\"><strong data-start=\"5635\" data-end=\"5670\">5) Ile trwa \u0142adowanie?<\/strong><br data-start=\"5670\" data-end=\"5673\" \/>\u0141adowanie typu-C trwa oko\u0142o 30 minut, cho\u0107 rzeczywisty czas \u0142adowania mo\u017ce si\u0119 r\u00f3\u017cni\u0107 w zale\u017cno\u015bci od adaptera i warunk\u00f3w.<\/p>\n<\/div>\n<\/div>\n<\/div>\n<\/div>","protected":false},"excerpt":{"rendered":"<p data-start=\"5635\" data-end=\"5802\" data-is-last-node=\"\" data-is-only-node=\"\">Cyfrowy ekran <strong data-start=\"37\" data-end=\"55\">FIHP 90K Puffs<\/strong> zbudowany dla tych, kt\u00f3rzy oczekuj\u0105 wi\u0119cej od jednoraz\u00f3wki. Z do <strong data-start=\"121\" data-end=\"137\">90 000 puf\u00f3w<\/strong>, a <strong data-start=\"141\" data-end=\"172\">system potr\u00f3jnego smaku 3-w-1<\/strong>i <strong data-start=\"180\" data-end=\"196\">inteligentnego ekranu<\/strong> kt\u00f3re utrzymuje bateri\u0119 i e-liquid w przejrzystym widoku, zapewnia d\u0142ugotrwa\u0142\u0105 wydajno\u015b\u0107 bez typowych domys\u0142\u00f3w. Nap\u0119dzany przez <strong data-start=\"323\" data-end=\"346\">0,9\u03a9 podw\u00f3jny mesh coil<\/strong> i szybkie <strong data-start=\"356\" data-end=\"375\">\u0142adowanie typu C<\/strong>, ten kryszta\u0142owy jednorazowy produkt oferuje g\u0142adki smak, solidn\u0105 par\u0119 i codzienn\u0105 niezawodno\u015b\u0107 \u2014 co czyni go wyr\u00f3\u017cniaj\u0105cym si\u0119 wyborem do u\u017cytku osobistego i hurtowej sprzeda\u017cy w sklepach z e-papierosami.<\/p>\n<p><strong>Dodaj Amy na WhatsApp, aby uzyska\u0107 w\u0142a\u015bciw\u0105 odpowied\u017a i cen\u0119 z rabatem!<\/strong><\/p>\n<p><img fetchpriority=\"high\" decoding=\"async\" class=\"size-full wp-image-2932\" src=\"https:\/\/vapestornado.com\/wp-content\/uploads\/2024\/12\/Vape-Wholesale.jpg\" alt=\"Hurtowa sprzeda\u017c e-papieros\u00f3w\" width=\"229\" height=\"300\" \/><\/p>\n<h3><a href=\"https:\/\/wa.me\/8617776015835\"><span style=\"color: #ff0000;\"><strong>WhatsApp: +86 17776015835<\/strong><\/span><\/a><\/h3>","protected":false},"featured_media":4715,"comment_status":"open","ping_status":"closed","template":"","meta":{"_acf_changed":false,"_uag_custom_page_level_css":"","_lmt_disableupdate":"no","_lmt_disable":"","_monsterinsights_skip_tracking":false,"_monsterinsights_sitenote_active":false,"_monsterinsights_sitenote_note":"","_monsterinsights_sitenote_category":0,"site-sidebar-layout":"default","site-content-layout":"","ast-site-content-layout":"default","site-content-style":"default","site-sidebar-style":"default","ast-global-header-display":"","ast-banner-title-visibility":"","ast-main-header-display":"","ast-hfb-above-header-display":"","ast-hfb-below-header-display":"","ast-hfb-mobile-header-display":"","site-post-title":"","ast-breadcrumbs-content":"","ast-featured-img":"","footer-sml-layout":"","ast-disable-related-posts":"","theme-transparent-header-meta":"default","adv-header-id-meta":"","stick-header-meta":"","header-above-stick-meta":"","header-main-stick-meta":"","header-below-stick-meta":"","astra-migrate-meta-layouts":"set","ast-page-background-enabled":"default","ast-page-background-meta":{"desktop":{"background-color":"","background-image":"","background-repeat":"repeat","background-position":"center center","background-size":"auto","background-attachment":"scroll","background-type":"","background-media":"","overlay-type":"","overlay-color":"","overlay-opacity":"","overlay-gradient":""},"tablet":{"background-color":"","background-image":"","background-repeat":"repeat","background-position":"center center","background-size":"auto","background-attachment":"scroll","background-type":"","background-media":"","overlay-type":"","overlay-color":"","overlay-opacity":"","overlay-gradient":""},"mobile":{"background-color":"","background-image":"","background-repeat":"repeat","background-position":"center center","background-size":"auto","background-attachment":"scroll","background-type":"","background-media":"","overlay-type":"","overlay-color":"","overlay-opacity":"","overlay-gradient":""}},"ast-content-background-meta":{"desktop":{"background-color":"var(--ast-global-color-5)","background-image":"","background-repeat":"repeat","background-position":"center center","background-size":"auto","background-attachment":"scroll","background-type":"","background-media":"","overlay-type":"","overlay-color":"","overlay-opacity":"","overlay-gradient":""},"tablet":{"background-color":"var(--ast-global-color-5)","background-image":"","background-repeat":"repeat","background-position":"center center","background-size":"auto","background-attachment":"scroll","background-type":"","background-media":"","overlay-type":"","overlay-color":"","overlay-opacity":"","overlay-gradient":""},"mobile":{"background-color":"var(--ast-global-color-5)","background-image":"","background-repeat":"repeat","background-position":"center center","background-size":"auto","background-attachment":"scroll","background-type":"","background-media":"","overlay-type":"","overlay-color":"","overlay-opacity":"","overlay-gradient":""}},"_joinchat":[]},"product_brand":[],"product_cat":[154,156,158,142,146,60],"product_tag":[387,120,287,505,504,503,393],"class_list":{"0":"post-4716","1":"product","2":"type-product","3":"status-publish","4":"has-post-thumbnail","6":"product_cat-buy-disposable-vapes-in-netherlands","7":"product_cat-buy-disposable-vapes-in-poland","8":"product_cat-buy-disposable-vapes-in-spain","9":"product_cat-digital-box-disposable-vapes","10":"product_cat-rechargeable-disposable-vapes","11":"product_cat-waspe-fihp-vape","12":"product_tag-cigarette-vapor","13":"product_tag-crystal-vape","14":"product_tag-disposable-vape-pen","15":"product_tag-fihp-90000-puff","16":"product_tag-fihp-90k-puffs","17":"product_tag-multi-flavor-disposable-vape","18":"product_tag-vape-cartridge","19":"desktop-align-left","20":"tablet-align-left","21":"mobile-align-left","23":"first","24":"instock","25":"sale","26":"shipping-taxable","27":"purchasable","28":"product-type-simple"},"acf":[],"uagb_featured_image_src":{"full":["https:\/\/vapestornado.com\/wp-content\/uploads\/2025\/12\/FIHP-90000-Puff-90k-Disposable-Vape-Pod.webp",800,800,false],"thumbnail":["https:\/\/vapestornado.com\/wp-content\/uploads\/2025\/12\/FIHP-90000-Puff-90k-Disposable-Vape-Pod-150x150.webp",150,150,true],"medium":["https:\/\/vapestornado.com\/wp-content\/uploads\/2025\/12\/FIHP-90000-Puff-90k-Disposable-Vape-Pod-300x300.webp",300,300,true],"medium_large":["https:\/\/vapestornado.com\/wp-content\/uploads\/2025\/12\/FIHP-90000-Puff-90k-Disposable-Vape-Pod-768x768.webp",768,768,true],"large":["https:\/\/vapestornado.com\/wp-content\/uploads\/2025\/12\/FIHP-90000-Puff-90k-Disposable-Vape-Pod.webp",800,800,false],"1536x1536":["https:\/\/vapestornado.com\/wp-content\/uploads\/2025\/12\/FIHP-90000-Puff-90k-Disposable-Vape-Pod.webp",800,800,false],"2048x2048":["https:\/\/vapestornado.com\/wp-content\/uploads\/2025\/12\/FIHP-90000-Puff-90k-Disposable-Vape-Pod.webp",800,800,false],"trp-custom-language-flag":["https:\/\/vapestornado.com\/wp-content\/uploads\/2025\/12\/FIHP-90000-Puff-90k-Disposable-Vape-Pod-12x12.webp",12,12,true],"woocommerce_thumbnail":["https:\/\/vapestornado.com\/wp-content\/uploads\/2025\/12\/FIHP-90000-Puff-90k-Disposable-Vape-Pod-300x300.webp",300,300,true],"woocommerce_single":["https:\/\/vapestornado.com\/wp-content\/uploads\/2025\/12\/FIHP-90000-Puff-90k-Disposable-Vape-Pod-600x600.webp",600,600,true],"woocommerce_gallery_thumbnail":["https:\/\/vapestornado.com\/wp-content\/uploads\/2025\/12\/FIHP-90000-Puff-90k-Disposable-Vape-Pod-100x100.webp",100,100,true]},"uagb_author_info":{"display_name":"ESAMY","author_link":"https:\/\/vapestornado.com\/pl\/author\/"},"uagb_comment_info":0,"uagb_excerpt":"The FIHP 90K Puffs is built for those who expect more from a disposable. With up to 90,000 puffs, a 3-in-1 triple flavor system, and a smart screen that keeps battery and e-liquid in clear view, it delivers long-lasting performance without the usual guesswork. Powered by a 0.9\u03a9 dual mesh coil and fast Type-C charging,&hellip;","_links":{"self":[{"href":"https:\/\/vapestornado.com\/pl\/wp-json\/wp\/v2\/product\/4716","targetHints":{"allow":["GET"]}}],"collection":[{"href":"https:\/\/vapestornado.com\/pl\/wp-json\/wp\/v2\/product"}],"about":[{"href":"https:\/\/vapestornado.com\/pl\/wp-json\/wp\/v2\/types\/product"}],"replies":[{"embeddable":true,"href":"https:\/\/vapestornado.com\/pl\/wp-json\/wp\/v2\/comments?post=4716"}],"wp:featuredmedia":[{"embeddable":true,"href":"https:\/\/vapestornado.com\/pl\/wp-json\/wp\/v2\/media\/4715"}],"wp:attachment":[{"href":"https:\/\/vapestornado.com\/pl\/wp-json\/wp\/v2\/media?parent=4716"}],"wp:term":[{"taxonomy":"product_brand","embeddable":true,"href":"https:\/\/vapestornado.com\/pl\/wp-json\/wp\/v2\/product_brand?post=4716"},{"taxonomy":"product_cat","embeddable":true,"href":"https:\/\/vapestornado.com\/pl\/wp-json\/wp\/v2\/product_cat?post=4716"},{"taxonomy":"product_tag","embeddable":true,"href":"https:\/\/vapestornado.com\/pl\/wp-json\/wp\/v2\/product_tag?post=4716"}],"curies":[{"name":"wp","href":"https:\/\/api.w.org\/{rel}","templated":true}]}}