{"id":4703,"date":"2025-12-19T06:50:39","date_gmt":"2025-12-19T06:50:39","guid":{"rendered":"https:\/\/vapestornado.com\/?post_type=product&#038;p=4703"},"modified":"2025-12-19T07:56:00","modified_gmt":"2025-12-19T07:56:00","slug":"bang-box-200k-200000-puff-disposable-vape-pen-wholesale-price-8-flavor-adjustable","status":"publish","type":"product","link":"https:\/\/vapestornado.com\/pl\/product\/bang-box-200k-200000-puff-disposable-vape-pen-wholesale-price-8-flavor-adjustable\/","title":{"rendered":"Bang Box 200k 200000 Puff Jednorazowy Vape Pen Cena Hurtowa 8 Smak\u00f3w Regulowanych"},"content":{"rendered":"<h2 data-pm-slice=\"1 1 []\">Bang Box 200k 200000 Puff Jednorazowy Vape Pen Cena Hurtowa \u2014 8 Smak\u00f3w Regulowanych<\/h2>\n<p data-start=\"88\" data-end=\"695\">Cyfrowy ekran <strong data-start=\"92\" data-end=\"109\">Bang Box 200k<\/strong> (znany r\u00f3wnie\u017c jako <strong data-start=\"128\" data-end=\"152\">Bang Box 200000 puff<\/strong>) to wysokowydajny <strong data-start=\"173\" data-end=\"196\">jednorazowy pen vape<\/strong> stworzony dla doros\u0142ych, kt\u00f3rzy chc\u0105 jednego urz\u0105dzenia, kt\u00f3re mo\u017ce dzia\u0142a\u0107 przez d\u0142u\u017cszy czas bez ci\u0105g\u0142ego cyklu wymian. \u0141\u0105czy w sobie bardzo du\u017c\u0105 liczb\u0119 zaci\u0105gni\u0119\u0107 z <strong data-start=\"358\" data-end=\"374\">40 ml e-liquidu<\/strong> zbiornikiem, <strong data-start=\"388\" data-end=\"401\">siatka grzewcza<\/strong> rdzeniem zapewniaj\u0105cym stabiln\u0105 wydajno\u015b\u0107 i <strong data-start=\"433\" data-end=\"443\">850mAh<\/strong> bateri\u0105 zaprojektowan\u0105 tak, aby urz\u0105dzenie by\u0142o u\u017cyteczne podczas d\u0142ugich sesji. G\u0142\u00f3wnym wyr\u00f3\u017cnikiem jest jednak system smak\u00f3w: zamiast kupowa\u0107 wiele urz\u0105dze\u0144 do zmiany smak\u00f3w, model ten jest sprzedawany w oparciu o <strong data-start=\"642\" data-end=\"665\">8 regulowanymi smakami<\/strong> opcje w ramach jednej jednostki.<\/p>\n<p data-start=\"697\" data-end=\"1165\">Zaufanie w tej kategorii pochodzi od tego, czy sprz\u0119t spe\u0142nia obietnic\u0119. Twierdzenie \u201e200k\u201d bez wystarczaj\u0105cej ilo\u015bci p\u0142ynu lub cewki zaprojektowanej do d\u0142ugiego u\u017cytkowania szybko wydaje si\u0119 by\u0107 marketingowe. Tutaj, <strong data-start=\"884\" data-end=\"892\">40ml<\/strong> pojemno\u015b\u0107 jest prawdziw\u0105 podstaw\u0105, a <strong data-start=\"934\" data-end=\"947\">siatka grzewcza<\/strong> jest praktycznym wyborem dla r\u00f3wnomiernego podgrzewania i sta\u0142ego dostarczania smaku. Rozmiar baterii ma r\u00f3wnie\u017c znaczenie: <strong data-start=\"1056\" data-end=\"1066\">850mAh<\/strong> jest przeznaczony do d\u0142ugotrwa\u0142ego u\u017cytkowania, wi\u0119c do\u015bwiadczenie nie spada zbyt wcze\u015bnie wy\u0142\u0105cznie z powodu mocy.<\/p>\n<p data-start=\"1167\" data-end=\"1741\">Koncept smaku jest r\u00f3wnie\u017c bardziej funkcjonalny, ni\u017c si\u0119 wydaje. Dzi\u0119ki <strong data-start=\"1232\" data-end=\"1255\">8 regulowanymi smakami<\/strong>, urz\u0105dzenie jest skierowane do os\u00f3b, kt\u00f3re nudz\u0105 si\u0119 jednym profilem po dniu lub dw\u00f3ch. Zamiast ko\u0144czy\u0107 ca\u0142e urz\u0105dzenie na jednym smaku, u\u017cytkownicy mog\u0105 prze\u0142\u0105cza\u0107 si\u0119 mi\u0119dzy profilami w zale\u017cno\u015bci od pory dnia \u2014 co\u015b czystszego, jak mi\u0119ta, gdy chcesz, aby by\u0142o ostre, lub mieszanka owoc\u00f3w\/cukierk\u00f3w, gdy chcesz wi\u0119cej s\u0142odyczy. Dla hurtownik\u00f3w jest to \u0142atwiejsze do sprzeda\u017cy, poniewa\u017c zmniejsza ryzyko \u201ez\u0142ego smaku\u201d: klienci maj\u0105 r\u00f3\u017cnorodno\u015b\u0107 w jednym urz\u0105dzeniu, co mo\u017ce poprawi\u0107 satysfakcj\u0119 i powtarzalno\u015b\u0107 zam\u00f3wie\u0144.<\/p>\n<p data-start=\"1743\" data-end=\"2146\">Z perspektywy hurtowej, <strong data-start=\"1777\" data-end=\"1796\">cenie hurtowej<\/strong> atrakcyjno\u015b\u0107 nie dotyczy tylko kosztu jednostkowego. Chodzi o to, co mo\u017cesz pewnie obieca\u0107 przy kasie: d\u0142ugi czas pracy, siln\u0105 r\u00f3\u017cnorodno\u015b\u0107 smak\u00f3w i system cewek, kt\u00f3ry jest zbudowany tak, aby utrzyma\u0107 stabiln\u0105 wydajno\u015b\u0107. To sprawia, \u017ce Bang Box 200k jest siln\u0105 opcj\u0105 dla sprzedawc\u00f3w detalicznych, kt\u00f3rzy chc\u0105 produktu g\u0142\u00f3wnego, kt\u00f3ry wydaje si\u0119 premium w u\u017cytkowaniu, a jednocze\u015bnie pasuje do zakup\u00f3w opartych na warto\u015bci.<\/p>\n<p><strong><span style=\"color: #ff0000;\">Dodaj Amy do WhatsAppa, aby uzyska\u0107 szybk\u0105 odpowied\u017a i kupon na vape!<\/span><\/strong><\/p>\n<p><img fetchpriority=\"high\" decoding=\"async\" class=\"size-full wp-image-2932\" src=\"https:\/\/vapestornado.com\/wp-content\/uploads\/2024\/12\/Vape-Wholesale.jpg\" alt=\"Hurtowa sprzeda\u017c e-papieros\u00f3w\" width=\"229\" height=\"300\" \/><\/p>\n<h3><a href=\"https:\/\/wa.me\/8617776015835\" target=\"_blank\" rel=\"noopener\"><span style=\"color: #ff0000;\"><strong>WhatsApp: +86 17776015835<\/strong><\/span><\/a><\/h3>\n<h2 class=\"product-title\"><strong>Lista smak\u00f3w Bang Box 200000 Puff<\/strong><\/h2>\n<ol data-start=\"2433\" data-end=\"3152\">\n<li data-start=\"2433\" data-end=\"2499\">\n<p data-start=\"2436\" data-end=\"2499\">Jagoda z lodem \/ Arbuz z lodem \/ Malina \/ Cytryna-limonka<\/p>\n<\/li>\n<li data-start=\"2500\" data-end=\"2567\">\n<p data-start=\"2503\" data-end=\"2567\">Arbuz z lodem \/ Arbuz z gum\u0105 do \u017cucia \/ Wi\u015bnia z lodem \/ Guma do \u017cucia<\/p>\n<\/li>\n<li data-start=\"2568\" data-end=\"2632\">\n<p data-start=\"2571\" data-end=\"2632\">Mi\u0119ta z lodem \/ Jagoda z malin\u0105 i mi\u0119t\u0105 z lodem \/ Winogrono z lodem \/ Cukierek Nerd<\/p>\n<\/li>\n<li data-start=\"2633\" data-end=\"2703\">\n<p data-start=\"2636\" data-end=\"2703\">Potr\u00f3jny melon \/ Mi\u0142o\u015b\u0107 66 \/ Owoc pasji \/ Ananas kokos z lodem<\/p>\n<\/li>\n<li data-start=\"2704\" data-end=\"2779\">\n<p data-start=\"2707\" data-end=\"2779\">Podw\u00f3jne jab\u0142ko \/ Kwa\u015bne jab\u0142ko z malin\u0105 \/ Je\u017cyna z lodem \/ Ananas brzoskwinia<\/p>\n<\/li>\n<li data-start=\"2780\" data-end=\"2854\">\n<p data-start=\"2783\" data-end=\"2854\">Truskawka z lodem \/ Truskawka z kiwi \/ Jagoda z lodem \/ R\u00f3\u017cowa lemoniada<\/p>\n<\/li>\n<li data-start=\"2855\" data-end=\"2925\">\n<p data-start=\"2858\" data-end=\"2925\">Cola wi\u015bniowa \/ Wi\u015bnia z jagodami \/ \u017burawina \/ Truskawka z malin\u0105<\/p>\n<\/li>\n<li data-start=\"2926\" data-end=\"3000\">\n<p data-start=\"2929\" data-end=\"3000\">Ananas z lodem \/ Kwa\u015bny mango z ananasem \/ Brzoskwinia z lodem \/ Ananasowa lemoniada<\/p>\n<\/li>\n<li data-start=\"3001\" data-end=\"3076\">\n<p data-start=\"3004\" data-end=\"3076\">Czarny smok z lodem \/ Truskawka pitaja \/ Potr\u00f3jne jagody \/ Wi\u015bnia z \u017curawin\u0105<\/p>\n<\/li>\n<li data-start=\"3077\" data-end=\"3152\">\n<p data-start=\"3081\" data-end=\"3152\">Potr\u00f3jne Mango \/ Mango Passion Fruit \/ L\u00f3d Ananas \/ Truskawka Mango<\/p>\n<\/li>\n<\/ol>\n<p><strong>Te zestawy obejmuj\u0105 g\u0142\u00f3wne preferencje europejskie: ch\u0142odna mi\u0119ta, mieszane owoce, s\u0142odkie nuty cukierk\u00f3w oraz kilka bogatszych profili, takich jak cola i blendy z owocem smoka.<\/strong><\/p>\n<div class=\"flex-shrink-0 flex flex-col relative items-end\">\n<div class=\"pt-0\">\n<div class=\"gizmo-bot-avatar flex h-8 w-8 items-center justify-center overflow-hidden rounded-full\">\n<div class=\"relative p-1 rounded-sm flex items-center justify-center bg-token-main-surface-primary text-token-text-primary h-8 w-8\">\n<p data-start=\"4971\" data-end=\"5180\">\n<\/div>\n<h2><strong>Bang Box 200k Puf Kluczowe cechy produktu<\/strong><\/h2>\n<div class=\"relative p-1 rounded-sm flex items-center justify-center bg-token-main-surface-primary text-token-text-primary h-8 w-8\">\n<table>\n<thead>\n<tr>\n<th>Funkcja<\/th>\n<th>Specyfikacja<\/th>\n<th>Wyja\u015bnienie<\/th>\n<\/tr>\n<\/thead>\n<tbody>\n<tr>\n<td>Pojemno\u015b\u0107 zaci\u0105gni\u0119\u0107<\/td>\n<td>200 000 puf\u00f3w<\/td>\n<td>Zaprojektowany do d\u0142ugotrwa\u0142ego u\u017cytkowania; rzeczywista liczba puf\u00f3w zale\u017cy od d\u0142ugo\u015bci zaci\u0105gni\u0119cia i cz\u0119stotliwo\u015bci u\u017cytkowania.<\/td>\n<\/tr>\n<tr>\n<td>Pojemno\u015b\u0107 Baterii<\/td>\n<td>850mAh<\/td>\n<td>Zapewnia wystarczaj\u0105c\u0105 moc do obs\u0142ugi d\u0142ugich cykli u\u017cytkowania i utrzymania stabilnej wydajno\u015bci podczas d\u0142ugich sesji.<\/td>\n<\/tr>\n<tr>\n<td>Pojemno\u015b\u0107 e-liquid<\/td>\n<td>40ml<\/td>\n<td>Du\u017ca ilo\u015b\u0107 e-liquid pomaga zapewni\u0107 sta\u0142y smak przez ca\u0142y okres u\u017cytkowania urz\u0105dzenia.<\/td>\n<\/tr>\n<tr>\n<td>Typ Grza\u0142ki<\/td>\n<td>Grza\u0142ka Mesh<\/td>\n<td>Struktura siateczkowa umo\u017cliwia bardziej r\u00f3wnomierne podgrzewanie, wspieraj\u0105c p\u0142ynniejsz\u0105 produkcj\u0119 pary i sp\u00f3jny smak podczas d\u0142ugotrwa\u0142ego u\u017cytkowania.<\/td>\n<\/tr>\n<tr>\n<td>System Smaku<\/td>\n<td>8 regulowanych smak\u00f3w<\/td>\n<td>Umo\u017cliwia u\u017cytkownikom prze\u0142\u0105czanie si\u0119 mi\u0119dzy wieloma profilami smakowymi w jednym urz\u0105dzeniu, zmniejszaj\u0105c zm\u0119czenie smakiem podczas d\u0142ugotrwa\u0142ego u\u017cytkowania.<\/td>\n<\/tr>\n<tr>\n<td>Opcje smakowe<\/td>\n<td>10 zestaw\u00f3w smak\u00f3w (4 smaki na zestaw)<\/td>\n<td>Ka\u017cdy zestaw oferuje zr\u00f3wnowa\u017con\u0105 mieszank\u0119 owocowych, ch\u0142odnych i s\u0142odkich profili, dopasowanych do typowych europejskich preferencji smakowych.<\/td>\n<\/tr>\n<tr>\n<td>Typ urz\u0105dzenia<\/td>\n<td>Jednorazowy Vape Pen<\/td>\n<td>Wst\u0119pnie nape\u0142nione i gotowe do u\u017cycia, bez konieczno\u015bci uzupe\u0142niania lub wymiany cewki.<\/td>\n<\/tr>\n<tr>\n<td>Styl u\u017cytkowania<\/td>\n<td>D\u0142ugotrwa\u0142e<\/td>\n<td>Przeznaczone dla u\u017cytkownik\u00f3w, kt\u00f3rzy wol\u0105 rzadsz\u0105 wymian\u0119 i d\u0142u\u017csze przerwy mi\u0119dzy zmianami urz\u0105dzenia.<\/td>\n<\/tr>\n<tr>\n<td>Rynek docelowy<\/td>\n<td>Doro\u015bli u\u017cytkownicy i hurtowa sprzeda\u017c<\/td>\n<td>Odpowiednie do sprzeda\u017cy detalicznej i hurtowej po cenach hurtowych.<\/td>\n<\/tr>\n<\/tbody>\n<\/table>\n<figure id=\"attachment_4699\" aria-describedby=\"caption-attachment-4699\" style=\"width: 263px\" class=\"wp-caption alignnone\"><img decoding=\"async\" class=\"size-medium wp-image-4699\" src=\"https:\/\/vapestornado.com\/wp-content\/uploads\/2025\/12\/Bang-Box-200k-200000-Puffs-Disposable-Vape-Shop-Online-263x300.webp\" alt=\"Bang Box 200k 200000 Puf\u00f3w Jednorazowy e-papieros Sklep Online\" width=\"263\" height=\"300\" srcset=\"https:\/\/vapestornado.com\/wp-content\/uploads\/2025\/12\/Bang-Box-200k-200000-Puffs-Disposable-Vape-Shop-Online-263x300.webp 263w, https:\/\/vapestornado.com\/wp-content\/uploads\/2025\/12\/Bang-Box-200k-200000-Puffs-Disposable-Vape-Shop-Online-768x875.webp 768w, https:\/\/vapestornado.com\/wp-content\/uploads\/2025\/12\/Bang-Box-200k-200000-Puffs-Disposable-Vape-Shop-Online-11x12.webp 11w, https:\/\/vapestornado.com\/wp-content\/uploads\/2025\/12\/Bang-Box-200k-200000-Puffs-Disposable-Vape-Shop-Online-600x683.webp 600w, https:\/\/vapestornado.com\/wp-content\/uploads\/2025\/12\/Bang-Box-200k-200000-Puffs-Disposable-Vape-Shop-Online.webp 800w\" sizes=\"(max-width: 263px) 100vw, 263px\" \/><figcaption id=\"caption-attachment-4699\" class=\"wp-caption-text\">Bang Box 200k 200000 Puf\u00f3w Jednorazowy e-papieros Sklep Online<\/figcaption><\/figure>\n<figure id=\"attachment_4697\" aria-describedby=\"caption-attachment-4697\" style=\"width: 300px\" class=\"wp-caption alignnone\"><img decoding=\"async\" class=\"size-medium wp-image-4697\" src=\"https:\/\/vapestornado.com\/wp-content\/uploads\/2025\/12\/Bang-Box-200k-200000-Puffs-Disposable-Vape-Long-Lasting-300x218.webp\" alt=\"Bang Box 200k 200000 Puffs Jednorazowy e-papieros D\u0142ugi czas dzia\u0142ania\" width=\"300\" height=\"218\" srcset=\"https:\/\/vapestornado.com\/wp-content\/uploads\/2025\/12\/Bang-Box-200k-200000-Puffs-Disposable-Vape-Long-Lasting-300x218.webp 300w, https:\/\/vapestornado.com\/wp-content\/uploads\/2025\/12\/Bang-Box-200k-200000-Puffs-Disposable-Vape-Long-Lasting-1024x744.webp 1024w, https:\/\/vapestornado.com\/wp-content\/uploads\/2025\/12\/Bang-Box-200k-200000-Puffs-Disposable-Vape-Long-Lasting-768x558.webp 768w, https:\/\/vapestornado.com\/wp-content\/uploads\/2025\/12\/Bang-Box-200k-200000-Puffs-Disposable-Vape-Long-Lasting-1536x1117.webp 1536w, https:\/\/vapestornado.com\/wp-content\/uploads\/2025\/12\/Bang-Box-200k-200000-Puffs-Disposable-Vape-Long-Lasting-2048x1489.webp 2048w, https:\/\/vapestornado.com\/wp-content\/uploads\/2025\/12\/Bang-Box-200k-200000-Puffs-Disposable-Vape-Long-Lasting-18x12.webp 18w, https:\/\/vapestornado.com\/wp-content\/uploads\/2025\/12\/Bang-Box-200k-200000-Puffs-Disposable-Vape-Long-Lasting-600x436.webp 600w\" sizes=\"(max-width: 300px) 100vw, 300px\" \/><figcaption id=\"caption-attachment-4697\" class=\"wp-caption-text\">Bang Box 200k 200000 Puffs Jednorazowy e-papieros D\u0142ugi czas dzia\u0142ania<\/figcaption><\/figure>\n<h2 data-start=\"1200\" data-end=\"1487\">Vapes Tornado \u2013 Tw\u00f3j hurtowy sklep internetowy z najlepszymi markami vape<\/h2>\n<p data-start=\"1200\" data-end=\"1487\"><strong data-start=\"141\" data-end=\"177\">Sklep internetowy z e-papierosami Vapes Tornado<\/strong> jest Twoim zaufanym \u017ar\u00f3d\u0142em <strong data-start=\"205\" data-end=\"270\">premiumowe jednorazowe vape i hurtowe e-papierosy w Europie<\/strong>. W ofercie mamy najlepiej sprzedaj\u0105ce si\u0119 marki, takie jak <strong data-start=\"307\" data-end=\"362\"><a href=\"https:\/\/vapestornado.com\/pl\/product\/randm-12000-puffs-fumot-digital-disposable-vape-wholesale-price\/\">Fumot Waporyzator<\/a>, <a href=\"https:\/\/vapestornado.com\/pl\/product\/original-wga-ultra-35k-35000-puff-rechargeable-crystal-disposable-nicotine-vape-best-discount-price\/\">WGA VAPE<\/a>, <\/strong><strong data-start=\"307\" data-end=\"362\"><a href=\"https:\/\/vapestornado.com\/pl\/product\/vozol-gear-shisha-25k-25000-puffs-best-dtl-disposable-vape-hookah-cheap-price\/\">VOZOL BAR VAPE<\/a>, \u00a0 Bang Vape<\/strong>, i wi\u0119cej, zapewniaj\u0105c jako\u015b\u0107 i r\u00f3\u017cnorodno\u015b\u0107 dla ka\u017cdego klienta. Niezale\u017cnie od tego, czy jeste\u015b indywidualnym vaperem, czy hurtowym nabywc\u0105, dostarczamy <strong data-start=\"481\" data-end=\"550\">urz\u0105dzenia wysokiej wydajno\u015bci, stylowe wzory i konkurencyjne ceny<\/strong> spe\u0142niaj\u0105ce Twoje potrzeby.<\/p>\n<h2 data-start=\"2064\" data-end=\"2115\">FAQs o WASPE 150K 150000 Chmur Jednorazowy E-papieros<\/h2>\n<p data-start=\"4211\" data-end=\"4399\"><strong data-start=\"4211\" data-end=\"4264\">1) Czy \u201eBang Box 200000 puffs\u201d to gwarantowana liczba?<\/strong><br data-start=\"4264\" data-end=\"4267\" \/>Nie. Liczba chmur zale\u017cy od d\u0142ugo\u015bci zaci\u0105gni\u0119cia, cz\u0119stotliwo\u015bci vapowania i stylu u\u017cytkowania. To maksymalne zapewnienie, a nie sta\u0142y wynik dla ka\u017cdego u\u017cytkownika.<\/p>\n<p data-start=\"4401\" data-end=\"4622\"><strong data-start=\"4401\" data-end=\"4457\">2) Co oznacza praktycznie \u201e8 regulowanych smak\u00f3w\u201d?<\/strong><br data-start=\"4457\" data-end=\"4460\" \/>Oznacza to, \u017ce urz\u0105dzenie jest zbudowane tak, aby u\u017cytkownicy mogli prze\u0142\u0105cza\u0107 si\u0119 mi\u0119dzy wieloma profilami smakowymi w jednym urz\u0105dzeniu (sprzedawane jako zestawy smakowe), co zmniejsza zm\u0119czenie smakiem podczas d\u0142ugiego u\u017cytkowania.<\/p>\n<p data-start=\"4624\" data-end=\"4844\"><strong data-start=\"4624\" data-end=\"4688\">3) Dlaczego mesh coil ma znaczenie w przypadku d\u0142ugotrwa\u0142ego jednorazowego urz\u0105dzenia?<\/strong><br data-start=\"4688\" data-end=\"4691\" \/>Cewki mesh s\u0105 u\u017cywane do bardziej r\u00f3wnomiernego podgrzewania, co pomaga utrzyma\u0107 stabilno\u015b\u0107 smaku i wydajno\u015bci pary podczas d\u0142u\u017cszego u\u017cytkowania w por\u00f3wnaniu do prostszych struktur cewek.<\/p>\n<p data-start=\"4846\" data-end=\"4969\"><strong data-start=\"4846\" data-end=\"4883\">4) Ile e-juice mie\u015bci si\u0119 w urz\u0105dzeniu?<\/strong><br data-start=\"4883\" data-end=\"4886\" \/>Jest okre\u015blone jako <strong data-start=\"4904\" data-end=\"4912\">40ml<\/strong>, co jest praktyczn\u0105 podstaw\u0105 d\u0142ugiego czasu pracy.<\/p>\n<p data-start=\"4971\" data-end=\"5180\"><strong data-start=\"4971\" data-end=\"5030\">5) Czy to g\u0142\u00f3wnie dla u\u017cytkownik\u00f3w detalicznych czy hurtowych?<\/strong><br data-start=\"5030\" data-end=\"5033\" \/>Oba. U\u017cytkownicy ko\u0144cowi ciesz\u0105 si\u0119 d\u0142ugotrwa\u0142ym u\u017cytkowaniem i r\u00f3\u017cnorodno\u015bci\u0105; hurtowi nabywcy otrzymuj\u0105 wyra\u017any, \u0142atwy do sprzedania produkt g\u0142\u00f3wny w konkurencyjnej cenie. <strong data-start=\"5160\" data-end=\"5179\">cenie hurtowej<\/strong>.<\/p>\n<\/div>\n<\/div>\n<\/div>\n<\/div>","protected":false},"excerpt":{"rendered":"<p data-start=\"3411\" data-end=\"3490\">Cyfrowy ekran <strong data-start=\"35\" data-end=\"52\">Bang Box 200k<\/strong> to d\u0142ugotrwa\u0142y jednorazowy vape pen zaprojektowany do d\u0142ugotrwa\u0142ego u\u017cytkowania i elastyczno\u015bci smaku. Zapewnia do <strong data-start=\"160\" data-end=\"176\">200000 zaci\u0105gni\u0119\u0107<\/strong>, posiada <strong data-start=\"189\" data-end=\"214\">pojemno\u015b\u0107 40 ml e-liquidu<\/strong>, <strong data-start=\"219\" data-end=\"237\">Bateria 850mAh<\/strong>i <strong data-start=\"245\" data-end=\"258\">siatka grzewcza<\/strong> zapewniaj\u0105cy stabiln\u0105 produkcj\u0119 pary. Z <strong data-start=\"290\" data-end=\"313\">8 regulowanymi smakami<\/strong> w jednym urz\u0105dzeniu, oferuje r\u00f3\u017cnorodno\u015b\u0107 bez cz\u0119stych wymian, co czyni go praktycznym wyborem dla doros\u0142ych u\u017cytkownik\u00f3w i mocn\u0105 opcj\u0105 dla pozycjonowania cen hurtowych.<\/p>\n<p><strong>Dodaj Amy na WhatsApp, aby uzyska\u0107 w\u0142a\u015bciw\u0105 odpowied\u017a i cen\u0119 z rabatem!<\/strong><\/p>\n<p><img fetchpriority=\"high\" decoding=\"async\" class=\"size-full wp-image-2932\" src=\"https:\/\/vapestornado.com\/wp-content\/uploads\/2024\/12\/Vape-Wholesale.jpg\" alt=\"Hurtowa sprzeda\u017c e-papieros\u00f3w\" width=\"229\" height=\"300\" \/><\/p>\n<h3><a href=\"https:\/\/wa.me\/8617776015835\"><span style=\"color: #ff0000;\"><strong>WhatsApp: +86 17776015835<\/strong><\/span><\/a><\/h3>","protected":false},"featured_media":4696,"comment_status":"open","ping_status":"closed","template":"","meta":{"_acf_changed":false,"_uag_custom_page_level_css":"","_lmt_disableupdate":"no","_lmt_disable":"","_monsterinsights_skip_tracking":false,"_monsterinsights_sitenote_active":false,"_monsterinsights_sitenote_note":"","_monsterinsights_sitenote_category":0,"site-sidebar-layout":"default","site-content-layout":"","ast-site-content-layout":"default","site-content-style":"default","site-sidebar-style":"default","ast-global-header-display":"","ast-banner-title-visibility":"","ast-main-header-display":"","ast-hfb-above-header-display":"","ast-hfb-below-header-display":"","ast-hfb-mobile-header-display":"","site-post-title":"","ast-breadcrumbs-content":"","ast-featured-img":"","footer-sml-layout":"","ast-disable-related-posts":"","theme-transparent-header-meta":"default","adv-header-id-meta":"","stick-header-meta":"","header-above-stick-meta":"","header-main-stick-meta":"","header-below-stick-meta":"","astra-migrate-meta-layouts":"set","ast-page-background-enabled":"default","ast-page-background-meta":{"desktop":{"background-color":"","background-image":"","background-repeat":"repeat","background-position":"center center","background-size":"auto","background-attachment":"scroll","background-type":"","background-media":"","overlay-type":"","overlay-color":"","overlay-opacity":"","overlay-gradient":""},"tablet":{"background-color":"","background-image":"","background-repeat":"repeat","background-position":"center center","background-size":"auto","background-attachment":"scroll","background-type":"","background-media":"","overlay-type":"","overlay-color":"","overlay-opacity":"","overlay-gradient":""},"mobile":{"background-color":"","background-image":"","background-repeat":"repeat","background-position":"center center","background-size":"auto","background-attachment":"scroll","background-type":"","background-media":"","overlay-type":"","overlay-color":"","overlay-opacity":"","overlay-gradient":""}},"ast-content-background-meta":{"desktop":{"background-color":"var(--ast-global-color-5)","background-image":"","background-repeat":"repeat","background-position":"center center","background-size":"auto","background-attachment":"scroll","background-type":"","background-media":"","overlay-type":"","overlay-color":"","overlay-opacity":"","overlay-gradient":""},"tablet":{"background-color":"var(--ast-global-color-5)","background-image":"","background-repeat":"repeat","background-position":"center center","background-size":"auto","background-attachment":"scroll","background-type":"","background-media":"","overlay-type":"","overlay-color":"","overlay-opacity":"","overlay-gradient":""},"mobile":{"background-color":"var(--ast-global-color-5)","background-image":"","background-repeat":"repeat","background-position":"center center","background-size":"auto","background-attachment":"scroll","background-type":"","background-media":"","overlay-type":"","overlay-color":"","overlay-opacity":"","overlay-gradient":""}},"_joinchat":[]},"product_brand":[],"product_cat":[64,151,152,153,154,142,144,146],"product_tag":[500,499,387,287,498,390,393,386],"class_list":{"0":"post-4703","1":"product","2":"type-product","3":"status-publish","4":"has-post-thumbnail","6":"product_cat-bangbox-vape","7":"product_cat-buy-disposable-vapes-in-france","8":"product_cat-buy-disposable-vapes-in-cermany","9":"product_cat-buy-disposable-vapes-in-italy","10":"product_cat-buy-disposable-vapes-in-netherlands","11":"product_cat-digital-box-disposable-vapes","12":"product_cat-low-nicotine-disposable-vapes","13":"product_cat-rechargeable-disposable-vapes","14":"product_tag-200k-puff-vape","15":"product_tag-bang-box-200k","16":"product_tag-cigarette-vapor","17":"product_tag-disposable-vape-pen","18":"product_tag-long-lasting-vape","19":"product_tag-online-vape-shop","20":"product_tag-vape-cartridge","21":"product_tag-vape-pen","22":"desktop-align-left","23":"tablet-align-left","24":"mobile-align-left","26":"first","27":"instock","28":"sale","29":"shipping-taxable","30":"purchasable","31":"product-type-simple"},"acf":[],"uagb_featured_image_src":{"full":["https:\/\/vapestornado.com\/wp-content\/uploads\/2025\/12\/Bang-Box-200k-200000-Puffs-Disposable-Vape-Box-Wholesale-Price.webp",1000,1000,false],"thumbnail":["https:\/\/vapestornado.com\/wp-content\/uploads\/2025\/12\/Bang-Box-200k-200000-Puffs-Disposable-Vape-Box-Wholesale-Price-150x150.webp",150,150,true],"medium":["https:\/\/vapestornado.com\/wp-content\/uploads\/2025\/12\/Bang-Box-200k-200000-Puffs-Disposable-Vape-Box-Wholesale-Price-300x300.webp",300,300,true],"medium_large":["https:\/\/vapestornado.com\/wp-content\/uploads\/2025\/12\/Bang-Box-200k-200000-Puffs-Disposable-Vape-Box-Wholesale-Price-768x768.webp",768,768,true],"large":["https:\/\/vapestornado.com\/wp-content\/uploads\/2025\/12\/Bang-Box-200k-200000-Puffs-Disposable-Vape-Box-Wholesale-Price.webp",1000,1000,false],"1536x1536":["https:\/\/vapestornado.com\/wp-content\/uploads\/2025\/12\/Bang-Box-200k-200000-Puffs-Disposable-Vape-Box-Wholesale-Price.webp",1000,1000,false],"2048x2048":["https:\/\/vapestornado.com\/wp-content\/uploads\/2025\/12\/Bang-Box-200k-200000-Puffs-Disposable-Vape-Box-Wholesale-Price.webp",1000,1000,false],"trp-custom-language-flag":["https:\/\/vapestornado.com\/wp-content\/uploads\/2025\/12\/Bang-Box-200k-200000-Puffs-Disposable-Vape-Box-Wholesale-Price-12x12.webp",12,12,true],"woocommerce_thumbnail":["https:\/\/vapestornado.com\/wp-content\/uploads\/2025\/12\/Bang-Box-200k-200000-Puffs-Disposable-Vape-Box-Wholesale-Price-300x300.webp",300,300,true],"woocommerce_single":["https:\/\/vapestornado.com\/wp-content\/uploads\/2025\/12\/Bang-Box-200k-200000-Puffs-Disposable-Vape-Box-Wholesale-Price-600x600.webp",600,600,true],"woocommerce_gallery_thumbnail":["https:\/\/vapestornado.com\/wp-content\/uploads\/2025\/12\/Bang-Box-200k-200000-Puffs-Disposable-Vape-Box-Wholesale-Price-100x100.webp",100,100,true]},"uagb_author_info":{"display_name":"ESAMY","author_link":"https:\/\/vapestornado.com\/pl\/author\/"},"uagb_comment_info":0,"uagb_excerpt":"The Bang Box 200k is a long lasting disposable vape pen designed for extended use and flavour flexibility. It delivers up to 200000 puffs, features a 40ml e-juice capacity, an 850mAh battery, and a mesh coil for stable vapour output. With 8 adjustable flavor options in one device, it offers variety without frequent replacements, making&hellip;","_links":{"self":[{"href":"https:\/\/vapestornado.com\/pl\/wp-json\/wp\/v2\/product\/4703","targetHints":{"allow":["GET"]}}],"collection":[{"href":"https:\/\/vapestornado.com\/pl\/wp-json\/wp\/v2\/product"}],"about":[{"href":"https:\/\/vapestornado.com\/pl\/wp-json\/wp\/v2\/types\/product"}],"replies":[{"embeddable":true,"href":"https:\/\/vapestornado.com\/pl\/wp-json\/wp\/v2\/comments?post=4703"}],"wp:featuredmedia":[{"embeddable":true,"href":"https:\/\/vapestornado.com\/pl\/wp-json\/wp\/v2\/media\/4696"}],"wp:attachment":[{"href":"https:\/\/vapestornado.com\/pl\/wp-json\/wp\/v2\/media?parent=4703"}],"wp:term":[{"taxonomy":"product_brand","embeddable":true,"href":"https:\/\/vapestornado.com\/pl\/wp-json\/wp\/v2\/product_brand?post=4703"},{"taxonomy":"product_cat","embeddable":true,"href":"https:\/\/vapestornado.com\/pl\/wp-json\/wp\/v2\/product_cat?post=4703"},{"taxonomy":"product_tag","embeddable":true,"href":"https:\/\/vapestornado.com\/pl\/wp-json\/wp\/v2\/product_tag?post=4703"}],"curies":[{"name":"wp","href":"https:\/\/api.w.org\/{rel}","templated":true}]}}