{"id":4614,"date":"2025-11-29T06:20:23","date_gmt":"2025-11-29T06:20:23","guid":{"rendered":"https:\/\/vapestornado.com\/?post_type=product&#038;p=4614"},"modified":"2025-11-29T06:33:24","modified_gmt":"2025-11-29T06:33:24","slug":"razz-bar-40000-puff-40k-dual-flavours-disposable-vape-factory-price","status":"publish","type":"product","link":"https:\/\/vapestornado.com\/pl\/product\/razz-bar-40000-puff-40k-dual-flavours-disposable-vape-factory-price\/","title":{"rendered":"Razz Bar 40000 Puff 40K Dual Flavours Jednorazowy E-papieros Cena Fabryczna"},"content":{"rendered":"<h2 data-pm-slice=\"1 1 []\">Razz Bar 40000 Puff Jednorazowy E-papieros z 40K Dual Flavours Cena hurtowa fabryczna<\/h2>\n<p data-start=\"289\" data-end=\"881\">Cyfrowy ekran <strong data-start=\"293\" data-end=\"316\">Razz Bar 40000 Puff<\/strong> zosta\u0142 stworzony dla hurtownik\u00f3w, kt\u00f3rzy potrzebuj\u0105 niezawodnego urz\u0105dzenia o du\u017cej wydajno\u015bci, z du\u017cym popytem i szybkim obrotem. To <strong data-start=\"425\" data-end=\"447\">E-papieros z dwoma smakami<\/strong> dostarcza dwa pe\u0142ne smaki w jednym urz\u0105dzeniu, daj\u0105c u\u017cytkownikom wi\u0119cej wyboru i warto\u015bci. Z <strong data-start=\"551\" data-end=\"564\">40 tys. zaci\u0105gni\u0119\u0107<\/strong>, czytelnym wy\u015bwietlaczem i akumulatorem 650mAh z \u0142adowaniem USB-C, <strong data-start=\"622\" data-end=\"638\">Razz Bar 40K<\/strong> wyr\u00f3\u017cnia si\u0119 jako trwa\u0142y, d\u0142ugotrwa\u0142y <strong data-start=\"677\" data-end=\"708\">jednorazowy e-papieros z podw\u00f3jnym smakiem<\/strong> idealny dla detalist\u00f3w w UE poszukuj\u0105cych stabilnej tygodniowej sprzeda\u017cy. Magazyn wysy\u0142a szybko z naszego <strong data-start=\"794\" data-end=\"815\">Vape Magazyn UE<\/strong>, zapewniaj\u0105c szybk\u0105 dostaw\u0119 i sta\u0142e zaopatrzenie dla Twoich klient\u00f3w.<\/p>\n<p data-start=\"883\" data-end=\"1342\">Zaawansowane podw\u00f3jne siatki grza\u0142ek gwarantuj\u0105 czyste rozdzielenie smak\u00f3w \u2014 ka\u017cdy smak ma sw\u00f3j dedykowany zbiornik, dzi\u0119ki czemu smak pozostaje wyrazisty i autentyczny od pierwszego pufa do 40 000. Prosty obr\u00f3t prze\u0142\u0105cznika pozwala u\u017cytkownikom natychmiast zmienia\u0107 smaki, co czyni Razz Bar ulubie\u0144cem vaper\u00f3w ceni\u0105cych r\u00f3\u017cnorodno\u015b\u0107 bez konieczno\u015bci noszenia wielu urz\u0105dze\u0144. W po\u0142\u0105czeniu z szybkim \u0142adowaniem Type-C i ponad 10 mieszankami owocowymi, jest to niezawodna opcja wysokiej wydajno\u015bci do codziennego u\u017cytku.<\/p>\n<p data-start=\"1344\" data-end=\"1558\">Dla dystrybutor\u00f3w lub u\u017cytkownik\u00f3w indywidualnych poszukuj\u0105cych premium <strong data-start=\"1385\" data-end=\"1416\">jednorazowy e-papieros z podw\u00f3jnym smakiem<\/strong> z potwierdzonym popytem, mocnym dzia\u0142aniem smakowym i nowoczesnym systemem wy\u015bwietlania, the <strong data-start=\"1496\" data-end=\"1519\">Razz Bar 40000 Puff<\/strong> jest wyra\u017anym zwyci\u0119zc\u0105 w kategorii 40K.<\/p>\n<p data-start=\"666\" data-end=\"1235\"><strong style=\"font-size: 16px;\"><span style=\"color: #ff0000;\">Dodaj Amy na WhatsApp, aby uzyska\u0107 szybk\u0105 odpowied\u017a i cen\u0119 ze zni\u017ck\u0105!<\/span><\/strong><\/p>\n<p><img fetchpriority=\"high\" decoding=\"async\" class=\"size-full wp-image-2932\" src=\"https:\/\/vapestornado.com\/wp-content\/uploads\/2024\/12\/Vape-Wholesale.jpg\" alt=\"Hurtowa sprzeda\u017c e-papieros\u00f3w\" width=\"229\" height=\"300\" \/><\/p>\n<h3><a href=\"https:\/\/wa.me\/8617776015835\" target=\"_blank\" rel=\"noopener\"><span style=\"color: #ff0000;\"><strong>WhatsApp: +86 17776015835<\/strong><\/span><\/a><\/h3>\n<p>&nbsp;<\/p>\n<h2><strong>Jakie smaki s\u0105 dost\u0119pne w Razz Bar 40000 Puff Disposables Vapes?<\/strong><\/h2>\n<ol data-start=\"1912\" data-end=\"2668\">\n<li data-start=\"1912\" data-end=\"1938\">\n<p data-start=\"1915\" data-end=\"1938\">Cytryna Limonka \/ Soczysty L\u00f3d<\/p>\n<\/li>\n<li data-start=\"1939\" data-end=\"1974\">\n<p data-start=\"1942\" data-end=\"1974\">Truskawka L\u00f3d \/ Mieszane Jagody<\/p>\n<\/li>\n<li data-start=\"1975\" data-end=\"2028\">\n<p data-start=\"1978\" data-end=\"2028\">Niebieski Razz L\u00f3d \/ Truskawka Arbuz Guma do \u017bucia<\/p>\n<\/li>\n<li data-start=\"2029\" data-end=\"2064\">\n<p data-start=\"2032\" data-end=\"2064\">Mieszane Jagody \/ Arbuz L\u00f3d<\/p>\n<\/li>\n<li data-start=\"2065\" data-end=\"2102\">\n<p data-start=\"2068\" data-end=\"2102\">Truskawka Banan \/ Red Bull L\u00f3d<\/p>\n<\/li>\n<li data-start=\"2103\" data-end=\"2131\">\n<p data-start=\"2106\" data-end=\"2131\">Jagoda L\u00f3d \/ Love 66<\/p>\n<\/li>\n<li data-start=\"2132\" data-end=\"2162\">\n<p data-start=\"2135\" data-end=\"2162\">Brzoskwinia L\u00f3d \/ Jagoda L\u00f3d<\/p>\n<\/li>\n<li data-start=\"2163\" data-end=\"2210\">\n<p data-start=\"2166\" data-end=\"2210\">Truskawka Kiwi \/ Jagoda Kwa\u015bna Malina<\/p>\n<\/li>\n<li data-start=\"2211\" data-end=\"2241\">\n<p data-start=\"2214\" data-end=\"2241\">Arbuz L\u00f3d \/ Cola L\u00f3d<\/p>\n<\/li>\n<li data-start=\"2242\" data-end=\"2281\">\n<p data-start=\"2246\" data-end=\"2281\">Truskawka Arbuz \/ Winogrono L\u00f3d<\/p>\n<\/li>\n<li data-start=\"2282\" data-end=\"2316\">\n<p data-start=\"2286\" data-end=\"2316\">Cytryna Limonka \/ Truskawka Kiwi<\/p>\n<\/li>\n<li data-start=\"2317\" data-end=\"2353\">\n<p data-start=\"2321\" data-end=\"2353\">R\u00f3\u017cowa Lemoniada \/ Je\u017cyna L\u00f3d<\/p>\n<\/li>\n<li data-start=\"2354\" data-end=\"2391\">\n<p data-start=\"2358\" data-end=\"2391\">Soczysta Brzoskwinia L\u00f3d \/ Ananas L\u00f3d<\/p>\n<\/li>\n<li data-start=\"2392\" data-end=\"2442\">\n<p data-start=\"2396\" data-end=\"2442\">Kiwowe Passion Fruit Guava \/ Ananas Kokos<\/p>\n<\/li>\n<li data-start=\"2443\" data-end=\"2471\">\n<p data-start=\"2447\" data-end=\"2471\">Skittles \/ Winogrono Eksplozja<\/p>\n<\/li>\n<li data-start=\"2472\" data-end=\"2526\">\n<p data-start=\"2476\" data-end=\"2526\">Czarny L\u00f3d Dragon Fruit Truskawka \/ Potr\u00f3jne Melony<\/p>\n<\/li>\n<li data-start=\"2527\" data-end=\"2565\">\n<p data-start=\"2531\" data-end=\"2565\">Letni Sen \/ Truskawka Banan<\/p>\n<\/li>\n<li data-start=\"2566\" data-end=\"2611\">\n<p data-start=\"2570\" data-end=\"2611\">Wi\u015bnia Cytryna \/ Jagoda Kwa\u015bna Malina<\/p>\n<\/li>\n<li data-start=\"2612\" data-end=\"2638\">\n<p data-start=\"2616\" data-end=\"2638\">Love 66 \/ Kwa\u015bne Jab\u0142ko<\/p>\n<\/li>\n<li data-start=\"2639\" data-end=\"2668\">\n<p data-start=\"2643\" data-end=\"2668\">Cytryna Limonka \/ \u015awie\u017ca Mi\u0119ta<\/p>\n<\/li>\n<\/ol>\n<h2><strong>Razz Bar 40000 Chmur Waporyzator Jednorazowy Opakowanie Kluczowe Funkcje Produktu<\/strong><\/h2>\n<ul data-start=\"2707\" data-end=\"3053\">\n<li data-start=\"2707\" data-end=\"2765\">\n<p data-start=\"2709\" data-end=\"2765\">System prze\u0142\u0105czania podw\u00f3jnego smaku z dwoma niezale\u017cnymi zbiornikami.<\/p>\n<\/li>\n<li data-start=\"2766\" data-end=\"2820\">\n<p data-start=\"2768\" data-end=\"2820\">Do <strong data-start=\"2774\" data-end=\"2790\">40 000 zaci\u0105gni\u0119\u0107<\/strong> do d\u0142ugotrwa\u0142ego codziennego u\u017cytku.<\/p>\n<\/li>\n<li data-start=\"2821\" data-end=\"2878\">\n<p data-start=\"2823\" data-end=\"2878\">650mAh akumulator do\u0142adowywalny z <strong data-start=\"2856\" data-end=\"2866\">Typ-C<\/strong> \u0142adowaniem.<\/p>\n<\/li>\n<li data-start=\"2879\" data-end=\"2927\">\n<p data-start=\"2881\" data-end=\"2927\">Podw\u00f3jna cewka siatkowa dla czystych, oddzielnych smak\u00f3w.<\/p>\n<\/li>\n<li data-start=\"2928\" data-end=\"2974\">\n<p data-start=\"2930\" data-end=\"2974\">Wy\u015bwietlacz LED pokazuj\u0105cy poziom baterii + e-liquid.<\/p>\n<\/li>\n<li data-start=\"2975\" data-end=\"3004\">\n<p data-start=\"2977\" data-end=\"3004\">Opcje nikotynowych soli 2% \/ 5%.<\/p>\n<\/li>\n<li data-start=\"3005\" data-end=\"3053\">\n<p data-start=\"3007\" data-end=\"3053\">200 sztuk na karton dla optymalizacji hurtowej.<\/p>\n<\/li>\n<\/ul>\n<figure id=\"attachment_4609\" aria-describedby=\"caption-attachment-4609\" style=\"width: 300px\" class=\"wp-caption alignnone\"><img decoding=\"async\" class=\"size-medium wp-image-4609\" src=\"https:\/\/vapestornado.com\/wp-content\/uploads\/2025\/11\/Razz-Bar-40k-Puffs-Disposable-Vape-Wholesale-Price-300x300.webp\" alt=\"Razz Bar 40k Chmur Waporyzator Jednorazowy Cena Hurtowa\" width=\"300\" height=\"300\" srcset=\"https:\/\/vapestornado.com\/wp-content\/uploads\/2025\/11\/Razz-Bar-40k-Puffs-Disposable-Vape-Wholesale-Price-300x300.webp 300w, https:\/\/vapestornado.com\/wp-content\/uploads\/2025\/11\/Razz-Bar-40k-Puffs-Disposable-Vape-Wholesale-Price-150x150.webp 150w, https:\/\/vapestornado.com\/wp-content\/uploads\/2025\/11\/Razz-Bar-40k-Puffs-Disposable-Vape-Wholesale-Price-768x768.webp 768w, https:\/\/vapestornado.com\/wp-content\/uploads\/2025\/11\/Razz-Bar-40k-Puffs-Disposable-Vape-Wholesale-Price-12x12.webp 12w, https:\/\/vapestornado.com\/wp-content\/uploads\/2025\/11\/Razz-Bar-40k-Puffs-Disposable-Vape-Wholesale-Price-600x600.webp 600w, https:\/\/vapestornado.com\/wp-content\/uploads\/2025\/11\/Razz-Bar-40k-Puffs-Disposable-Vape-Wholesale-Price-100x100.webp 100w, https:\/\/vapestornado.com\/wp-content\/uploads\/2025\/11\/Razz-Bar-40k-Puffs-Disposable-Vape-Wholesale-Price.webp 800w\" sizes=\"(max-width: 300px) 100vw, 300px\" \/><figcaption id=\"caption-attachment-4609\" class=\"wp-caption-text\">Razz Bar 40k Chmur Waporyzator Jednorazowy Cena Hurtowa<\/figcaption><\/figure>\n<h2>Dlaczego warto wybra\u0107 Vapestornado do zakupu jednorazowych e-papieros\u00f3w online?<\/h2>\n<div class=\"flex-shrink-0 flex flex-col relative items-end\">\n<div class=\"pt-0\">\n<div class=\"gizmo-bot-avatar flex h-8 w-8 items-center justify-center overflow-hidden rounded-full\">\n<div class=\"relative p-1 rounded-sm flex items-center justify-center bg-token-main-surface-primary text-token-text-primary h-8 w-8\">\n<p data-start=\"136\" data-end=\"686\">Wybieraj\u0105c <strong data-start=\"145\" data-end=\"161\">Vapestornado<\/strong> jako Tw\u00f3j zaufany \u017ar\u00f3d\u0142o dla <strong data-start=\"193\" data-end=\"227\">Elf Bar Moon Night 40000 Chmur<\/strong> oznacza wsp\u00f3\u0142prac\u0119 z dostawc\u0105, kt\u00f3ry naprawd\u0119 rozumie wymagania hurtownik\u00f3w i detalist\u00f3w w Polsce. Priorytetem jest <strong data-start=\"343\" data-end=\"409\">szybka wysy\u0142ka, zweryfikowany stan magazynowy i stabilne d\u0142ugoterminowe dostawy<\/strong>, zapewniaj\u0105c, \u017ce nigdy nie b\u0119dziesz mia\u0142 przerw w dost\u0119pno\u015bci \u2013 szczeg\u00f3lnie dla produkt\u00f3w wysokowydajnych, takich jak <a href=\"https:\/\/vapestornado.com\/pl\/product\/airmez-140k-puff-6-in-1-flavor-disposable-vape-wholesale-disposable-vape-pen-eu-warehouse\/\">Airmez 140k 6 w 1 ,<\/a>\u00a0<a href=\"https:\/\/vapestornado.com\/pl\/product\/bang-legend-150000-puffs-6-in-1-flavor-newest-disposable-vape\/\">HiFancy Space 50000, Bang Legend 150k <\/a>Wszystkie produkty pochodz\u0105 z certyfikowanych kana\u0142\u00f3w, zapewniaj\u0105c <strong data-start=\"582\" data-end=\"651\">autentyczn\u0105 jako\u015b\u0107, sp\u00f3jn\u0105 wydajno\u015b\u0107 smaku i niezawodno\u015b\u0107<\/strong> kt\u00f3re spe\u0142nia oczekiwania rynku UE.<\/p>\n<\/div>\n<h2>FAQS dotycz\u0105ce Razz Bar 40000 Puff Bar<\/h2>\n<div class=\"relative p-1 rounded-sm flex items-center justify-center bg-token-main-surface-primary text-token-text-primary h-8 w-8\">\n<p data-start=\"3094\" data-end=\"3257\"><strong data-start=\"3094\" data-end=\"3159\">1. Jak dzia\u0142a prze\u0142\u0105cznik podw\u00f3jnego smaku w Razz Bar 40K?<\/strong><br data-start=\"3159\" data-end=\"3162\" \/>Po prostu podnie\u015b i obr\u00f3\u0107 ustnik o 180 stopni, aby natychmiast prze\u0142\u0105czy\u0107 mi\u0119dzy dwoma smakami.<\/p>\n<p data-start=\"3259\" data-end=\"3371\"><strong data-start=\"3259\" data-end=\"3306\">2. Czy Razz Bar 40000 Puff jest \u0142adowalny?<\/strong><br data-start=\"3306\" data-end=\"3309\" \/>Tak, u\u017cywa wymiennej baterii o pojemno\u015bci 650mAh z portem Type-C.<\/p>\n<p data-start=\"3373\" data-end=\"3507\"><strong data-start=\"3373\" data-end=\"3416\">3. Czy ka\u017cdy smak ma swoj\u0105 w\u0142asn\u0105 cewk\u0119?<\/strong><br data-start=\"3416\" data-end=\"3419\" \/>Tak, Razz Bar korzysta z podw\u00f3jnego zbiornika na cewki mesh, zapewniaj\u0105c, \u017ce smaki pozostaj\u0105 czyste i oddzielne.<\/p>\n<p data-start=\"3509\" data-end=\"3638\"><strong data-start=\"3509\" data-end=\"3546\">4. Jak d\u0142ugo dzia\u0142a urz\u0105dzenie?<\/strong><br data-start=\"3546\" data-end=\"3549\" \/>Przy do 40K puf\u00f3w, wi\u0119kszo\u015b\u0107 u\u017cytkownik\u00f3w korzysta przez kilka tygodni, w zale\u017cno\u015bci od codziennego zu\u017cycia.<\/p>\n<p data-start=\"3640\" data-end=\"3791\"><strong data-start=\"3640\" data-end=\"3701\">5. Czy mog\u0119 zam\u00f3wi\u0107 Razz Bar 40K z magazynu Vape UE?<\/strong><br data-start=\"3701\" data-end=\"3704\" \/>Tak, zam\u00f3wienia hurtowe wysy\u0142ane s\u0105 bezpo\u015brednio z naszego magazynu w UE, co zapewnia szybsz\u0105 dostaw\u0119 regionaln\u0105.<\/p>\n<\/div>\n<\/div>\n<\/div>\n<\/div>","protected":false},"excerpt":{"rendered":"<article class=\"text-token-text-primary w-full focus:outline-none [--shadow-height:45px] has-data-writing-block:pointer-events-none has-data-writing-block:-mt-(--shadow-height) has-data-writing-block:pt-(--shadow-height) [&amp;:has([data-writing-block])&gt;*]:pointer-events-auto [content-visibility:auto] supports-[content-visibility:auto]:[contain-intrinsic-size:auto_100lvh] scroll-mt-[calc(var(--header-height)+min(200px,max(70px,20svh)))]\" dir=\"auto\" tabindex=\"-1\" data-turn-id=\"86ca9d92-7a10-4e6b-bda0-15f9df36adca\" data-testid=\"conversation-turn-120\" data-scroll-anchor=\"true\" data-turn=\"assistant\">\n<div class=\"text-base my-auto mx-auto pb-10 [--thread-content-margin:--spacing(4)] thread-sm:[--thread-content-margin:--spacing(6)] thread-lg:[--thread-content-margin:--spacing(16)] px-(--thread-content-margin)\">\n<div class=\"[--thread-content-max-width:40rem] thread-lg:[--thread-content-max-width:48rem] mx-auto max-w-(--thread-content-max-width) flex-1 group\/turn-messages focus-visible:outline-hidden relative flex w-full min-w-0 flex-col agent-turn\" tabindex=\"-1\">\n<div class=\"flex max-w-full flex-col grow\">\n<div class=\"min-h-8 text-message relative flex w-full flex-col items-end gap-2 text-start break-words whitespace-normal [.text-message+&amp;]:mt-1\" dir=\"auto\" data-message-author-role=\"assistant\" data-message-id=\"43b070d6-bf28-4fbe-8049-1032a61ea3ac\" data-message-model-slug=\"gpt-5\">\n<div class=\"flex w-full flex-col gap-1 empty:hidden first:pt-[1px]\">\n<div class=\"markdown prose dark:prose-invert w-full break-words light markdown-new-styling\">\n<article class=\"text-token-text-primary w-full focus:outline-none [--shadow-height:45px] has-data-writing-block:pointer-events-none has-data-writing-block:-mt-(--shadow-height) has-data-writing-block:pt-(--shadow-height) [&amp;:has([data-writing-block])&gt;*]:pointer-events-auto [content-visibility:auto] supports-[content-visibility:auto]:[contain-intrinsic-size:auto_100lvh] scroll-mt-[calc(var(--header-height)+min(200px,max(70px,20svh)))]\" dir=\"auto\" tabindex=\"-1\" data-turn-id=\"4d6f00b8-d41a-438b-8912-05a895842882\" data-testid=\"conversation-turn-130\" data-scroll-anchor=\"true\" data-turn=\"assistant\">\n<div class=\"text-base my-auto mx-auto pb-10 [--thread-content-margin:--spacing(4)] thread-sm:[--thread-content-margin:--spacing(6)] thread-lg:[--thread-content-margin:--spacing(16)] px-(--thread-content-margin)\">\n<div class=\"[--thread-content-max-width:40rem] thread-lg:[--thread-content-max-width:48rem] mx-auto max-w-(--thread-content-max-width) flex-1 group\/turn-messages focus-visible:outline-hidden relative flex w-full min-w-0 flex-col agent-turn\" tabindex=\"-1\">\n<div class=\"flex max-w-full flex-col grow\">\n<div class=\"min-h-8 text-message relative flex w-full flex-col items-end gap-2 text-start break-words whitespace-normal [.text-message+&amp;]:mt-1\" dir=\"auto\" data-message-author-role=\"assistant\" data-message-id=\"f3c520bf-c043-4392-87ea-b3bf1b3ae6d3\" data-message-model-slug=\"gpt-5-1\">\n<div class=\"flex w-full flex-col gap-1 empty:hidden first:pt-[1px]\">\n<div class=\"markdown prose dark:prose-invert w-full break-words light markdown-new-styling\">\n<p data-start=\"1595\" data-end=\"1691\"><strong data-start=\"1595\" data-end=\"1689\">Razz Bar 40K Dual Flavour Power \u2013 Najlepiej sprzedaj\u0105cy si\u0119 2-w-1 Jednorazowy E-papieros dla hurtowni w UE<\/strong><\/p>\n<p data-start=\"1695\" data-end=\"1780\"><strong data-start=\"1695\" data-end=\"1778\">Razz Bar 40000 Puff E-papieros z \u0142adowaniem \u2013 Maksymalny smak, d\u0142ugotrwa\u0142a wydajno\u015b\u0107<\/strong><\/p>\n<p data-start=\"1784\" data-end=\"1867\"><strong data-start=\"1784\" data-end=\"1865\">Razz Bar 40K Hurtowy E-papieros \u2013 Podw\u00f3jna siatka grza\u0142ek, Podw\u00f3jny smak, Zero kompromis\u00f3w<\/strong><\/p>\n<\/div>\n<\/div>\n<\/div>\n<\/div>\n<\/div>\n<\/div>\n<\/article>\n<\/div>\n<\/div>\n<\/div>\n<\/div>\n<\/div>\n<\/div>\n<\/article>\n<p><img fetchpriority=\"high\" decoding=\"async\" class=\"size-full wp-image-2932\" src=\"https:\/\/vapestornado.com\/wp-content\/uploads\/2024\/12\/Vape-Wholesale.jpg\" alt=\"Hurtowa sprzeda\u017c e-papieros\u00f3w\" width=\"229\" height=\"300\" \/><\/p>\n<h3><a href=\"https:\/\/wa.me\/8617776015835\"><span style=\"color: #ff0000;\"><strong>WhatsApp: +86 17776015835<\/strong><\/span><\/a><\/h3>\n<p>&nbsp;<\/p>","protected":false},"featured_media":4613,"comment_status":"open","ping_status":"closed","template":"","meta":{"_acf_changed":false,"_uag_custom_page_level_css":"","_lmt_disableupdate":"no","_lmt_disable":"","_monsterinsights_skip_tracking":false,"_monsterinsights_sitenote_active":false,"_monsterinsights_sitenote_note":"","_monsterinsights_sitenote_category":0,"site-sidebar-layout":"default","site-content-layout":"","ast-site-content-layout":"default","site-content-style":"default","site-sidebar-style":"default","ast-global-header-display":"","ast-banner-title-visibility":"","ast-main-header-display":"","ast-hfb-above-header-display":"","ast-hfb-below-header-display":"","ast-hfb-mobile-header-display":"","site-post-title":"","ast-breadcrumbs-content":"","ast-featured-img":"","footer-sml-layout":"","ast-disable-related-posts":"","theme-transparent-header-meta":"default","adv-header-id-meta":"","stick-header-meta":"","header-above-stick-meta":"","header-main-stick-meta":"","header-below-stick-meta":"","astra-migrate-meta-layouts":"set","ast-page-background-enabled":"default","ast-page-background-meta":{"desktop":{"background-color":"","background-image":"","background-repeat":"repeat","background-position":"center center","background-size":"auto","background-attachment":"scroll","background-type":"","background-media":"","overlay-type":"","overlay-color":"","overlay-opacity":"","overlay-gradient":""},"tablet":{"background-color":"","background-image":"","background-repeat":"repeat","background-position":"center center","background-size":"auto","background-attachment":"scroll","background-type":"","background-media":"","overlay-type":"","overlay-color":"","overlay-opacity":"","overlay-gradient":""},"mobile":{"background-color":"","background-image":"","background-repeat":"repeat","background-position":"center center","background-size":"auto","background-attachment":"scroll","background-type":"","background-media":"","overlay-type":"","overlay-color":"","overlay-opacity":"","overlay-gradient":""}},"ast-content-background-meta":{"desktop":{"background-color":"var(--ast-global-color-5)","background-image":"","background-repeat":"repeat","background-position":"center center","background-size":"auto","background-attachment":"scroll","background-type":"","background-media":"","overlay-type":"","overlay-color":"","overlay-opacity":"","overlay-gradient":""},"tablet":{"background-color":"var(--ast-global-color-5)","background-image":"","background-repeat":"repeat","background-position":"center center","background-size":"auto","background-attachment":"scroll","background-type":"","background-media":"","overlay-type":"","overlay-color":"","overlay-opacity":"","overlay-gradient":""},"mobile":{"background-color":"var(--ast-global-color-5)","background-image":"","background-repeat":"repeat","background-position":"center center","background-size":"auto","background-attachment":"scroll","background-type":"","background-media":"","overlay-type":"","overlay-color":"","overlay-opacity":"","overlay-gradient":""}},"_joinchat":{"telephone":"17776015835"}},"product_brand":[],"product_cat":[149,150,151,152,144],"product_tag":[463,105,446,461,462,436],"class_list":{"0":"post-4614","1":"product","2":"type-product","3":"status-publish","4":"has-post-thumbnail","6":"product_cat-buy-disposable-vapes-in-austria","7":"product_cat-buy-disposable-vapes-in-belgium","8":"product_cat-buy-disposable-vapes-in-france","9":"product_cat-buy-disposable-vapes-in-cermany","10":"product_cat-low-nicotine-disposable-vapes","11":"product_tag-2-in-1-flavor-vape","12":"product_tag-digital-disposable-vape","13":"product_tag-disposable-vape-kit","14":"product_tag-razz-bar-40000","15":"product_tag-razz-bar-40k","16":"product_tag-shop-vape-online","17":"desktop-align-left","18":"tablet-align-left","19":"mobile-align-left","21":"first","22":"instock","23":"sale","24":"shipping-taxable","25":"purchasable","26":"product-type-simple"},"acf":[],"uagb_featured_image_src":{"full":["https:\/\/vapestornado.com\/wp-content\/uploads\/2025\/11\/RAZZ-BAR-40000-Puffs-Wholesale-Vape-Factory-Price.webp",800,800,false],"thumbnail":["https:\/\/vapestornado.com\/wp-content\/uploads\/2025\/11\/RAZZ-BAR-40000-Puffs-Wholesale-Vape-Factory-Price-150x150.webp",150,150,true],"medium":["https:\/\/vapestornado.com\/wp-content\/uploads\/2025\/11\/RAZZ-BAR-40000-Puffs-Wholesale-Vape-Factory-Price-300x300.webp",300,300,true],"medium_large":["https:\/\/vapestornado.com\/wp-content\/uploads\/2025\/11\/RAZZ-BAR-40000-Puffs-Wholesale-Vape-Factory-Price-768x768.webp",768,768,true],"large":["https:\/\/vapestornado.com\/wp-content\/uploads\/2025\/11\/RAZZ-BAR-40000-Puffs-Wholesale-Vape-Factory-Price.webp",800,800,false],"1536x1536":["https:\/\/vapestornado.com\/wp-content\/uploads\/2025\/11\/RAZZ-BAR-40000-Puffs-Wholesale-Vape-Factory-Price.webp",800,800,false],"2048x2048":["https:\/\/vapestornado.com\/wp-content\/uploads\/2025\/11\/RAZZ-BAR-40000-Puffs-Wholesale-Vape-Factory-Price.webp",800,800,false],"trp-custom-language-flag":["https:\/\/vapestornado.com\/wp-content\/uploads\/2025\/11\/RAZZ-BAR-40000-Puffs-Wholesale-Vape-Factory-Price-12x12.webp",12,12,true],"woocommerce_thumbnail":["https:\/\/vapestornado.com\/wp-content\/uploads\/2025\/11\/RAZZ-BAR-40000-Puffs-Wholesale-Vape-Factory-Price-300x300.webp",300,300,true],"woocommerce_single":["https:\/\/vapestornado.com\/wp-content\/uploads\/2025\/11\/RAZZ-BAR-40000-Puffs-Wholesale-Vape-Factory-Price-600x600.webp",600,600,true],"woocommerce_gallery_thumbnail":["https:\/\/vapestornado.com\/wp-content\/uploads\/2025\/11\/RAZZ-BAR-40000-Puffs-Wholesale-Vape-Factory-Price-100x100.webp",100,100,true]},"uagb_author_info":{"display_name":"ESAMY","author_link":"https:\/\/vapestornado.com\/pl\/author\/"},"uagb_comment_info":0,"uagb_excerpt":"Razz Bar 40K Dual Flavour Power \u2013 The Best-Selling 2-in-1 Disposable Vape for EU Wholesale Razz Bar 40000 Puff Rechargeable Vape \u2013 Maximum Taste, Long-Lasting Performance Razz Bar 40K Wholesale Vape \u2013 Dual Mesh Coil, Double Flavour, Zero Compromise WhatsApp: +86 17776015835 &nbsp;","_links":{"self":[{"href":"https:\/\/vapestornado.com\/pl\/wp-json\/wp\/v2\/product\/4614","targetHints":{"allow":["GET"]}}],"collection":[{"href":"https:\/\/vapestornado.com\/pl\/wp-json\/wp\/v2\/product"}],"about":[{"href":"https:\/\/vapestornado.com\/pl\/wp-json\/wp\/v2\/types\/product"}],"replies":[{"embeddable":true,"href":"https:\/\/vapestornado.com\/pl\/wp-json\/wp\/v2\/comments?post=4614"}],"wp:featuredmedia":[{"embeddable":true,"href":"https:\/\/vapestornado.com\/pl\/wp-json\/wp\/v2\/media\/4613"}],"wp:attachment":[{"href":"https:\/\/vapestornado.com\/pl\/wp-json\/wp\/v2\/media?parent=4614"}],"wp:term":[{"taxonomy":"product_brand","embeddable":true,"href":"https:\/\/vapestornado.com\/pl\/wp-json\/wp\/v2\/product_brand?post=4614"},{"taxonomy":"product_cat","embeddable":true,"href":"https:\/\/vapestornado.com\/pl\/wp-json\/wp\/v2\/product_cat?post=4614"},{"taxonomy":"product_tag","embeddable":true,"href":"https:\/\/vapestornado.com\/pl\/wp-json\/wp\/v2\/product_tag?post=4614"}],"curies":[{"name":"wp","href":"https:\/\/api.w.org\/{rel}","templated":true}]}}