{"id":4603,"date":"2025-11-28T07:57:59","date_gmt":"2025-11-28T07:57:59","guid":{"rendered":"https:\/\/vapestornado.com\/?post_type=product&#038;p=4603"},"modified":"2025-11-28T08:20:23","modified_gmt":"2025-11-28T08:20:23","slug":"airmez-fox-80000-puffs-2-in-1-best-80k-vape-wholesale-eu-warehouse","status":"publish","type":"product","link":"https:\/\/vapestornado.com\/pl\/product\/airmez-fox-80000-puffs-2-in-1-best-80k-vape-wholesale-eu-warehouse\/","title":{"rendered":"Airmez Fox 80000 Puffs 2 w 1 Najlepszy 80k Vape Hurtownia EU magazyn"},"content":{"rendered":"<h2 data-pm-slice=\"1 1 []\">Airmez Fox 80000 Pali 2-w-1 Kryszta\u0142owy Jednorazowy Vape Hurt z Magazynu UE<\/h2>\n<p data-start=\"663\" data-end=\"1062\">Cyfrowy ekran <strong data-start=\"667\" data-end=\"693\">Airmez Fox 80000 Pali<\/strong> jest kompaktowy, o du\u017cej pojemno\u015bci <strong data-start=\"722\" data-end=\"755\">jednorazowy vape o podw\u00f3jnym smaku<\/strong> zaprojektowany dla europejskich sprzedawc\u00f3w detalicznych poszukuj\u0105cych niezawodnej, d\u0142ugotrwa\u0142ej jednostki z mocnym smakiem. Ten system 2-w-1 daje u\u017cytkownikom natychmiastowy dost\u0119p do dw\u00f3ch r\u00f3\u017cnych profili smakowych w jednym urz\u0105dzeniu, co czyni go <strong data-start=\"966\" data-end=\"984\">Airmez Fox 80k<\/strong> doskona\u0142ym wyborem dla klient\u00f3w, kt\u00f3rzy chc\u0105 r\u00f3\u017cnorodno\u015bci bez konieczno\u015bci zmiany urz\u0105dze\u0144.<\/p>\n<p data-start=\"1064\" data-end=\"1435\">Ka\u017cde urz\u0105dzenie jest wst\u0119pnie nape\u0142nione <strong data-start=\"1094\" data-end=\"1114\">30ml e-liquidu<\/strong> (15ml na smak) i zasilane przez <strong data-start=\"1151\" data-end=\"1189\">Akumulator 650 mAh \u0142adowany przez Type-C<\/strong>, zapewniaj\u0105c sta\u0142\u0105 wydajno\u015b\u0107 odpowiedni\u0105 dla ca\u0142ego cyklu 80 000 poci\u0105gni\u0119\u0107. <strong data-start=\"1267\" data-end=\"1285\">1.0\u03a9 siatkowa grza\u0142ka<\/strong> produkuje g\u0142adny parowiec, stabilne odczucie w gardle i niezawodn\u0105 wydajno\u015b\u0107 smaku, kt\u00f3ra dobrze odpowiada preferencjom konsument\u00f3w na kluczowych rynkach UE.<\/p>\n<p data-start=\"1437\" data-end=\"1897\">Jasny wy\u015bwietlacz LED pokazuje stan baterii i e-liquid w czasie rzeczywistym, zmniejszaj\u0105c niepewno\u015b\u0107 i poprawiaj\u0105c satysfakcj\u0119 u\u017cytkownika. Sprzedawcy korzystaj\u0105 z regularnych powt\u00f3rnych zakup\u00f3w i uproszczonego zarz\u0105dzania stanami magazynowymi, szczeg\u00f3lnie przy szybkim obrocie z naszego <strong data-start=\"1680\" data-end=\"1701\">Vape Magazyn UE<\/strong>. Dzi\u0119ki wyko\u0144czeniu w stylu kryszta\u0142u, Airmez Fox 80000 wyr\u00f3\u017cnia si\u0119 wizualnie, przyci\u0105gaj\u0105c m\u0142odszych doros\u0142ych w wieku 25\u201335 lat poszukuj\u0105cych urz\u0105dzenia o wygl\u0105dzie premium w kategorii 80k poci\u0105gni\u0119\u0107.<\/p>\n<p data-start=\"1899\" data-end=\"2203\">Dla hurtownik\u00f3w, Airmez Fox 80k doskonale wpisuje si\u0119 w istniej\u0105ce zakresy produkt\u00f3w o du\u017cej liczbie poci\u0105gni\u0119\u0107 i s\u0142u\u017cy jako mocny \u015bredni segment SKU w <strong data-start=\"2032\" data-end=\"2048\">segment kryszta\u0142owego vape<\/strong> Format podw\u00f3jnego smaku, du\u017cy zbiornik i d\u0142ugi czas u\u017cytkowania czyni\u0105 go jednym z najbardziej praktycznych opcji hurtowych w klasie 80 000 poci\u0105gni\u0119\u0107.<\/p>\n<p data-start=\"666\" data-end=\"1235\"><strong style=\"font-size: 16px;\"><span style=\"color: #ff0000;\">Dodaj Amy na WhatsApp, aby uzyska\u0107 szybk\u0105 odpowied\u017a i cen\u0119 ze zni\u017ck\u0105!<\/span><\/strong><\/p>\n<p><img fetchpriority=\"high\" decoding=\"async\" class=\"size-full wp-image-2932\" src=\"https:\/\/vapestornado.com\/wp-content\/uploads\/2024\/12\/Vape-Wholesale.jpg\" alt=\"Hurtowa sprzeda\u017c e-papieros\u00f3w\" width=\"229\" height=\"300\" \/><\/p>\n<h3><a href=\"https:\/\/wa.me\/8617776015835\" target=\"_blank\" rel=\"noopener\"><span style=\"color: #ff0000;\"><strong>WhatsApp: +86 17776015835<\/strong><\/span><\/a><\/h3>\n<p>&nbsp;<\/p>\n<h2><strong>Lista smak\u00f3w jednorazowych e-papieros\u00f3w AIRMEZ FOX 120000 puf\u00f3w<\/strong><\/h2>\n<ul>\n<li data-start=\"2691\" data-end=\"2752\">\n<p data-start=\"2693\" data-end=\"2752\"><strong data-start=\"2693\" data-end=\"2715\">Prze\u0142\u0105cznik podw\u00f3jnego smaku<\/strong> z dwoma smakami w ka\u017cdym urz\u0105dzeniu.<\/p>\n<\/li>\n<li data-start=\"2753\" data-end=\"2814\">\n<p data-start=\"2755\" data-end=\"2814\"><strong data-start=\"2755\" data-end=\"2777\">do 80 000 puf\u00f3w<\/strong> do d\u0142ugotrwa\u0142ego, niskonak\u0142adowego u\u017cytkowania.<\/p>\n<\/li>\n<li data-start=\"2815\" data-end=\"2862\">\n<p data-start=\"2817\" data-end=\"2862\"><strong data-start=\"2817\" data-end=\"2840\">\u0142\u0105czna pojemno\u015b\u0107 30ml<\/strong> (15ml na smak).<\/p>\n<\/li>\n<li data-start=\"2863\" data-end=\"2926\">\n<p data-start=\"2865\" data-end=\"2926\"><strong data-start=\"2865\" data-end=\"2883\">1.0\u03a9 siatkowa grza\u0142ka<\/strong> do mocnego, jednolitego dostarczania smaku.<\/p>\n<\/li>\n<li data-start=\"2927\" data-end=\"2984\">\n<p data-start=\"2929\" data-end=\"2984\"><strong data-start=\"2929\" data-end=\"2955\">\u0142adowanie Type-C 650mAh<\/strong> w celu utrzymania stabilnego wyj\u015bcia.<\/p>\n<\/li>\n<li data-start=\"2985\" data-end=\"3040\">\n<p data-start=\"2987\" data-end=\"3040\"><strong data-start=\"2987\" data-end=\"3012\">wska\u017aniki na ekranie LED<\/strong> dla baterii i e-liquidu.<\/p>\n<\/li>\n<li data-start=\"3041\" data-end=\"3100\">\n<p data-start=\"3043\" data-end=\"3100\"><strong data-start=\"3043\" data-end=\"3072\">Design obudowy w stylu kryszta\u0142u<\/strong> dla atrakcyjnego wygl\u0105du na p\u00f3\u0142ce.<\/p>\n<\/li>\n<li data-start=\"3101\" data-end=\"3165\">\n<p data-start=\"3103\" data-end=\"3165\"><strong data-start=\"3103\" data-end=\"3132\">Dost\u0119pno\u015b\u0107 w magazynie w Polsce<\/strong> dla szybkiego realizowania hurtowego zam\u00f3wienia.<\/p>\n<\/li>\n<\/ul>\n<figure id=\"attachment_4605\" aria-describedby=\"caption-attachment-4605\" style=\"width: 800px\" class=\"wp-caption alignnone\"><img decoding=\"async\" class=\"wp-image-4605 size-full\" src=\"https:\/\/vapestornado.com\/wp-content\/uploads\/2025\/11\/Airmez-FOX-2IN1-80K-Dual-Flavors-Disposable-Vapor.webp\" alt=\"Airmez FOX 2IN1 80K Jednorazowy vapor z podw\u00f3jnymi smakami\" width=\"800\" height=\"800\" srcset=\"https:\/\/vapestornado.com\/wp-content\/uploads\/2025\/11\/Airmez-FOX-2IN1-80K-Dual-Flavors-Disposable-Vapor.webp 800w, https:\/\/vapestornado.com\/wp-content\/uploads\/2025\/11\/Airmez-FOX-2IN1-80K-Dual-Flavors-Disposable-Vapor-300x300.webp 300w, https:\/\/vapestornado.com\/wp-content\/uploads\/2025\/11\/Airmez-FOX-2IN1-80K-Dual-Flavors-Disposable-Vapor-150x150.webp 150w, https:\/\/vapestornado.com\/wp-content\/uploads\/2025\/11\/Airmez-FOX-2IN1-80K-Dual-Flavors-Disposable-Vapor-768x768.webp 768w, https:\/\/vapestornado.com\/wp-content\/uploads\/2025\/11\/Airmez-FOX-2IN1-80K-Dual-Flavors-Disposable-Vapor-12x12.webp 12w, https:\/\/vapestornado.com\/wp-content\/uploads\/2025\/11\/Airmez-FOX-2IN1-80K-Dual-Flavors-Disposable-Vapor-600x600.webp 600w, https:\/\/vapestornado.com\/wp-content\/uploads\/2025\/11\/Airmez-FOX-2IN1-80K-Dual-Flavors-Disposable-Vapor-100x100.webp 100w\" sizes=\"(max-width: 800px) 100vw, 800px\" \/><figcaption id=\"caption-attachment-4605\" class=\"wp-caption-text\">Airmez FOX 2IN1 80K Jednorazowy vapor z podw\u00f3jnymi smakami<\/figcaption><\/figure>\n<h2><strong>Co wyr\u00f3\u017cnia Airmez Fox 80000 Puffs Jednorazow\u0105 Vape Pen?<\/strong><\/h2>\n<ol data-start=\"2243\" data-end=\"2640\">\n<li data-start=\"2243\" data-end=\"2296\">\n<p data-start=\"2246\" data-end=\"2296\"><strong data-start=\"2246\" data-end=\"2294\">Truskawka Arbuz \/ Truskawka Malina<\/strong><\/p>\n<\/li>\n<li data-start=\"2297\" data-end=\"2336\">\n<p data-start=\"2300\" data-end=\"2336\"><strong data-start=\"2300\" data-end=\"2334\">Blue Razz Lemonade \/ Blue Razz<\/strong><\/p>\n<\/li>\n<li data-start=\"2337\" data-end=\"2384\">\n<p data-start=\"2340\" data-end=\"2384\"><strong data-start=\"2340\" data-end=\"2382\">Jagoda na lodzie \/ Jagoda Malina<\/strong><\/p>\n<\/li>\n<li data-start=\"2385\" data-end=\"2426\">\n<p data-start=\"2388\" data-end=\"2426\"><strong data-start=\"2388\" data-end=\"2424\">Truskawka Kiwi \/ Lody Truskawkowe<\/strong><\/p>\n<\/li>\n<li data-start=\"2427\" data-end=\"2473\">\n<p data-start=\"2430\" data-end=\"2473\"><strong data-start=\"2430\" data-end=\"2471\">Lody Arbuzowe \/ Malina Arbuzowa<\/strong><\/p>\n<\/li>\n<li data-start=\"2474\" data-end=\"2510\">\n<p data-start=\"2477\" data-end=\"2510\"><strong data-start=\"2477\" data-end=\"2508\">Lemonada Jagodowa \/ Cytryna Lime<\/strong><\/p>\n<\/li>\n<li data-start=\"2511\" data-end=\"2544\">\n<p data-start=\"2514\" data-end=\"2544\"><strong data-start=\"2514\" data-end=\"2542\">Owoc Tropikalny \/ Love 66<\/strong><\/p>\n<\/li>\n<li data-start=\"2545\" data-end=\"2577\">\n<p data-start=\"2548\" data-end=\"2577\"><strong data-start=\"2548\" data-end=\"2575\">Brzoskwinia Lodzi \/ Mango Brzoskwinia<\/strong><\/p>\n<\/li>\n<li data-start=\"2578\" data-end=\"2610\">\n<p data-start=\"2581\" data-end=\"2610\"><strong data-start=\"2581\" data-end=\"2608\">Mieszane Jagody \/ Dr Blue<\/strong><\/p>\n<\/li>\n<li data-start=\"2611\" data-end=\"2640\">\n<p data-start=\"2615\" data-end=\"2640\"><strong data-start=\"2615\" data-end=\"2640\">L\u00f3d Winogronowy \/ Czarny L\u00f3d<\/strong><\/p>\n<\/li>\n<\/ol>\n<h3 data-start=\"168\" data-end=\"239\"><strong data-start=\"172\" data-end=\"239\">Airmez Fox 80K vs Airmez Fox 120K \u2014 Kt\u00f3ry Pasuje Do Twojego Rynku?<\/strong><\/h3>\n<p data-start=\"241\" data-end=\"1149\">Por\u00f3wnuj\u0105c <strong data-start=\"260\" data-end=\"278\">Airmez Fox 80K<\/strong> z <strong data-start=\"288\" data-end=\"307\">Airmez Fox 120K<\/strong>, kluczowa r\u00f3\u017cnica sprowadza si\u0119 do pojemno\u015bci chmury i elastyczno\u015bci smaku. <strong data-start=\"380\" data-end=\"398\">Airmez Fox 80K<\/strong> jest stworzony dla kupuj\u0105cych, kt\u00f3rzy chc\u0105 <em data-start=\"430\" data-end=\"470\">kieszonkowego, dwuzapachowego jednorazowego vaporizera<\/em> z 30 ml \u0142\u0105cznej ilo\u015bci e-liquid i wyrazistym smakiem z siatkowymi cewkami, co czyni go idealnym do hurtowych zam\u00f3wie\u0144 o du\u017cym obrocie, skierowanych do sklep\u00f3w spo\u017cywczych o szybkim obrocie. Z drugiej strony, <strong data-start=\"636\" data-end=\"655\">Airmez Fox 120K<\/strong> oferuje znacznie wi\u0119ksz\u0105 liczb\u0119 chmur z wieloma smakami i wi\u0119ksz\u0105 komor\u0105 e-liquid, zapewniaj\u0105c d\u0142ugie sesje u\u017cytkownikom, kt\u00f3rzy ceni\u0105 r\u00f3\u017cnorodno\u015b\u0107 i wytrzyma\u0142o\u015b\u0107. Oba korzystaj\u0105 z systemu \u0142adowania Type-C i wy\u015bwietlacza LED, ale <strong data-start=\"862\" data-end=\"912\">80K skupia si\u0119 na wydajno\u015bci na co dzie\u0144<\/strong>, a <strong data-start=\"924\" data-end=\"1019\">120K jest zaprojektowany dla klient\u00f3w, kt\u00f3rzy chc\u0105 d\u0142u\u017cszej, premium sesji z g\u0142\u0119bszym smakiem<\/strong>. Dla hurtowych nabywc\u00f3w wyb\u00f3r jest prosty: <strong data-start=\"1065\" data-end=\"1100\">Airmez Fox 80K dla sprzeda\u017cy hurtowej<\/strong>, <strong data-start=\"1102\" data-end=\"1148\"><a href=\"https:\/\/vapestornado.com\/pl\/product\/airmez-fox-120000-puffs-4-flavour-big-puff-disposable-vape-pen-shop-eu-warehouse\/\">Airmez Fox 120K<\/a> dla mar\u017c sprzeda\u017cy premium upsell<\/strong>.<\/p>\n<h2>Dlaczego warto wybra\u0107 Vapestornado do zakupu jednorazowych e-papieros\u00f3w online?<\/h2>\n<div class=\"flex-shrink-0 flex flex-col relative items-end\">\n<div class=\"pt-0\">\n<div class=\"gizmo-bot-avatar flex h-8 w-8 items-center justify-center overflow-hidden rounded-full\">\n<div class=\"relative p-1 rounded-sm flex items-center justify-center bg-token-main-surface-primary text-token-text-primary h-8 w-8\">\n<p data-start=\"136\" data-end=\"686\">Wybieraj\u0105c <strong data-start=\"145\" data-end=\"161\">Vapestornado<\/strong> jako Tw\u00f3j zaufany \u017ar\u00f3d\u0142o dla <strong data-start=\"193\" data-end=\"227\">Elf Bar Moon Night 40000 Chmur<\/strong> oznacza wsp\u00f3\u0142prac\u0119 z dostawc\u0105, kt\u00f3ry naprawd\u0119 rozumie wymagania hurtownik\u00f3w i detalist\u00f3w w Polsce. Priorytetem jest <strong data-start=\"343\" data-end=\"409\">szybka wysy\u0142ka, zweryfikowany stan magazynowy i stabilne d\u0142ugoterminowe dostawy<\/strong>, zapewniaj\u0105c, \u017ce nigdy nie b\u0119dziesz mia\u0142 przerw w dost\u0119pno\u015bci \u2013 szczeg\u00f3lnie dla produkt\u00f3w wysokowydajnych, takich jak <a href=\"https:\/\/vapestornado.com\/pl\/product\/airmez-140k-puff-6-in-1-flavor-disposable-vape-wholesale-disposable-vape-pen-eu-warehouse\/\">Airmez 140k 6 w 1 ,<\/a>\u00a0<a href=\"https:\/\/vapestornado.com\/pl\/product\/bang-legend-150000-puffs-6-in-1-flavor-newest-disposable-vape\/\">HiFancy Space 50000, Bang Legend 150k <\/a>Wszystkie produkty pochodz\u0105 z certyfikowanych kana\u0142\u00f3w, zapewniaj\u0105c <strong data-start=\"582\" data-end=\"651\">autentyczn\u0105 jako\u015b\u0107, sp\u00f3jn\u0105 wydajno\u015b\u0107 smaku i niezawodno\u015b\u0107<\/strong> kt\u00f3re spe\u0142nia oczekiwania rynku UE.<\/p>\n<\/div>\n<h2>FAQ dotycz\u0105ce Airmez Fox 80000 Puff Bar<\/h2>\n<div class=\"relative p-1 rounded-sm flex items-center justify-center bg-token-main-surface-primary text-token-text-primary h-8 w-8\">\n<p data-start=\"3200\" data-end=\"3383\"><strong data-start=\"3200\" data-end=\"3262\">1. Jak zmieni\u0107 smaki w Airmez Fox 80000 Puffs?<\/strong><br data-start=\"3262\" data-end=\"3265\" \/>Urz\u0105dzenie korzysta z prostego systemu dwukana\u0142owego \u2014 u\u017cytkownicy zmieniaj\u0105 smaki za pomoc\u0105 g\u00f3rnego selektora bez konieczno\u015bci ponownego uruchamiania urz\u0105dzenia.<\/p>\n<p data-start=\"3385\" data-end=\"3533\"><strong data-start=\"3385\" data-end=\"3438\">2. Jak d\u0142ugo zwykle dzia\u0142a Airmez Fox 80k?<\/strong><br data-start=\"3438\" data-end=\"3441\" \/>Jego pojemno\u015b\u0107 80 000 puf\u00f3w zapewnia d\u0142ugi cykl u\u017cytkowania, w zale\u017cno\u015bci od indywidualnych nawyk\u00f3w wapowania.<\/p>\n<p data-start=\"3535\" data-end=\"3651\"><strong data-start=\"3535\" data-end=\"3587\">3. Czy Airmez Fox 80000 obs\u0142uguje \u0142adowanie?<\/strong><br data-start=\"3587\" data-end=\"3590\" \/>Tak, posiada port \u0142adowania Type-C oraz bateri\u0119 o pojemno\u015bci 650mAh.<\/p>\n<p data-start=\"3653\" data-end=\"3769\"><strong data-start=\"3653\" data-end=\"3703\">4. Jakie informacje wy\u015bwietla ekran LED?<\/strong><br data-start=\"3703\" data-end=\"3706\" \/>Poziom na\u0142adowania baterii i ilo\u015b\u0107 pozosta\u0142ego e-liquidu w obu komorach smakowych.<\/p>\n<p data-start=\"3771\" data-end=\"3934\"><strong data-start=\"3771\" data-end=\"3834\">5. Czy Airmez Fox 80k mo\u017ce by\u0107 wysy\u0142any z magazynu w UE?<\/strong><br data-start=\"3834\" data-end=\"3837\" \/>Tak, hurtownicy mog\u0105 otrzyma\u0107 szybk\u0105 i op\u0142acaln\u0105 realizacj\u0119 zam\u00f3wie\u0144 poprzez nasz <strong data-start=\"3912\" data-end=\"3933\">Vape Magazyn UE<\/strong>.<\/p>\n<\/div>\n<\/div>\n<\/div>\n<\/div>","protected":false},"excerpt":{"rendered":"<article class=\"text-token-text-primary w-full focus:outline-none [--shadow-height:45px] has-data-writing-block:pointer-events-none has-data-writing-block:-mt-(--shadow-height) has-data-writing-block:pt-(--shadow-height) [&amp;:has([data-writing-block])&gt;*]:pointer-events-auto [content-visibility:auto] supports-[content-visibility:auto]:[contain-intrinsic-size:auto_100lvh] scroll-mt-[calc(var(--header-height)+min(200px,max(70px,20svh)))]\" dir=\"auto\" tabindex=\"-1\" data-turn-id=\"86ca9d92-7a10-4e6b-bda0-15f9df36adca\" data-testid=\"conversation-turn-120\" data-scroll-anchor=\"true\" data-turn=\"assistant\">\n<div class=\"text-base my-auto mx-auto pb-10 [--thread-content-margin:--spacing(4)] thread-sm:[--thread-content-margin:--spacing(6)] thread-lg:[--thread-content-margin:--spacing(16)] px-(--thread-content-margin)\">\n<div class=\"[--thread-content-max-width:40rem] thread-lg:[--thread-content-max-width:48rem] mx-auto max-w-(--thread-content-max-width) flex-1 group\/turn-messages focus-visible:outline-hidden relative flex w-full min-w-0 flex-col agent-turn\" tabindex=\"-1\">\n<div class=\"flex max-w-full flex-col grow\">\n<div class=\"min-h-8 text-message relative flex w-full flex-col items-end gap-2 text-start break-words whitespace-normal [.text-message+&amp;]:mt-1\" dir=\"auto\" data-message-author-role=\"assistant\" data-message-id=\"43b070d6-bf28-4fbe-8049-1032a61ea3ac\" data-message-model-slug=\"gpt-5\">\n<div class=\"flex w-full flex-col gap-1 empty:hidden first:pt-[1px]\">\n<div class=\"markdown prose dark:prose-invert w-full break-words light markdown-new-styling\">\n<article class=\"text-token-text-primary w-full focus:outline-none [--shadow-height:45px] has-data-writing-block:pointer-events-none has-data-writing-block:-mt-(--shadow-height) has-data-writing-block:pt-(--shadow-height) [&amp;:has([data-writing-block])&gt;*]:pointer-events-auto [content-visibility:auto] supports-[content-visibility:auto]:[contain-intrinsic-size:auto_100lvh] scroll-mt-[calc(var(--header-height)+min(200px,max(70px,20svh)))]\" dir=\"auto\" tabindex=\"-1\" data-turn-id=\"4d6f00b8-d41a-438b-8912-05a895842882\" data-testid=\"conversation-turn-130\" data-scroll-anchor=\"true\" data-turn=\"assistant\">\n<div class=\"text-base my-auto mx-auto pb-10 [--thread-content-margin:--spacing(4)] thread-sm:[--thread-content-margin:--spacing(6)] thread-lg:[--thread-content-margin:--spacing(16)] px-(--thread-content-margin)\">\n<div class=\"[--thread-content-max-width:40rem] thread-lg:[--thread-content-max-width:48rem] mx-auto max-w-(--thread-content-max-width) flex-1 group\/turn-messages focus-visible:outline-hidden relative flex w-full min-w-0 flex-col agent-turn\" tabindex=\"-1\">\n<div class=\"flex max-w-full flex-col grow\">\n<div class=\"min-h-8 text-message relative flex w-full flex-col items-end gap-2 text-start break-words whitespace-normal [.text-message+&amp;]:mt-1\" dir=\"auto\" data-message-author-role=\"assistant\" data-message-id=\"f3c520bf-c043-4392-87ea-b3bf1b3ae6d3\" data-message-model-slug=\"gpt-5-1\">\n<div class=\"flex w-full flex-col gap-1 empty:hidden first:pt-[1px]\">\n<div class=\"markdown prose dark:prose-invert w-full break-words light markdown-new-styling\">\n<p>Airmez Fox 80000 Pali 2-w-1 Kryszta\u0142owy Vape \u2013 Najlepsza hurtowa oferta 80k z magazynu UE<br \/>\nAirmez Fox 80k Podw\u00f3jny smak Jednorazowy Vape \u2013 Gotowy do zakupu hurtowego w Europie<br \/>\nAirmez Fox 80000 Pali Podw\u00f3jny smak Jednorazowa D\u0142ugopis \u2013 Magazyn UE<\/p>\n<\/div>\n<\/div>\n<\/div>\n<\/div>\n<\/div>\n<\/div>\n<\/article>\n<\/div>\n<\/div>\n<\/div>\n<\/div>\n<\/div>\n<\/div>\n<\/article>\n<p><img fetchpriority=\"high\" decoding=\"async\" class=\"size-full wp-image-2932\" src=\"https:\/\/vapestornado.com\/wp-content\/uploads\/2024\/12\/Vape-Wholesale.jpg\" alt=\"Hurtowa sprzeda\u017c e-papieros\u00f3w\" width=\"229\" height=\"300\" \/><\/p>\n<h3><a href=\"https:\/\/wa.me\/8617776015835\"><span style=\"color: #ff0000;\"><strong>WhatsApp: +86 17776015835<\/strong><\/span><\/a><\/h3>\n<p>&nbsp;<\/p>","protected":false},"featured_media":4604,"comment_status":"open","ping_status":"closed","template":"","meta":{"_acf_changed":false,"_uag_custom_page_level_css":"","_lmt_disableupdate":"no","_lmt_disable":"","_monsterinsights_skip_tracking":false,"_monsterinsights_sitenote_active":false,"_monsterinsights_sitenote_note":"","_monsterinsights_sitenote_category":0,"site-sidebar-layout":"default","site-content-layout":"","ast-site-content-layout":"default","site-content-style":"default","site-sidebar-style":"default","ast-global-header-display":"","ast-banner-title-visibility":"","ast-main-header-display":"","ast-hfb-above-header-display":"","ast-hfb-below-header-display":"","ast-hfb-mobile-header-display":"","site-post-title":"","ast-breadcrumbs-content":"","ast-featured-img":"","footer-sml-layout":"","ast-disable-related-posts":"","theme-transparent-header-meta":"default","adv-header-id-meta":"","stick-header-meta":"","header-above-stick-meta":"","header-main-stick-meta":"","header-below-stick-meta":"","astra-migrate-meta-layouts":"set","ast-page-background-enabled":"default","ast-page-background-meta":{"desktop":{"background-color":"","background-image":"","background-repeat":"repeat","background-position":"center center","background-size":"auto","background-attachment":"scroll","background-type":"","background-media":"","overlay-type":"","overlay-color":"","overlay-opacity":"","overlay-gradient":""},"tablet":{"background-color":"","background-image":"","background-repeat":"repeat","background-position":"center center","background-size":"auto","background-attachment":"scroll","background-type":"","background-media":"","overlay-type":"","overlay-color":"","overlay-opacity":"","overlay-gradient":""},"mobile":{"background-color":"","background-image":"","background-repeat":"repeat","background-position":"center center","background-size":"auto","background-attachment":"scroll","background-type":"","background-media":"","overlay-type":"","overlay-color":"","overlay-opacity":"","overlay-gradient":""}},"ast-content-background-meta":{"desktop":{"background-color":"var(--ast-global-color-5)","background-image":"","background-repeat":"repeat","background-position":"center center","background-size":"auto","background-attachment":"scroll","background-type":"","background-media":"","overlay-type":"","overlay-color":"","overlay-opacity":"","overlay-gradient":""},"tablet":{"background-color":"var(--ast-global-color-5)","background-image":"","background-repeat":"repeat","background-position":"center center","background-size":"auto","background-attachment":"scroll","background-type":"","background-media":"","overlay-type":"","overlay-color":"","overlay-opacity":"","overlay-gradient":""},"mobile":{"background-color":"var(--ast-global-color-5)","background-image":"","background-repeat":"repeat","background-position":"center center","background-size":"auto","background-attachment":"scroll","background-type":"","background-media":"","overlay-type":"","overlay-color":"","overlay-opacity":"","overlay-gradient":""}},"_joinchat":{"telephone":"17776015835"}},"product_brand":[],"product_cat":[149,150,151,152,144],"product_tag":[460,458,459,105,446,436,451,455],"class_list":{"0":"post-4603","1":"product","2":"type-product","3":"status-publish","4":"has-post-thumbnail","6":"product_cat-buy-disposable-vapes-in-austria","7":"product_cat-buy-disposable-vapes-in-belgium","8":"product_cat-buy-disposable-vapes-in-france","9":"product_cat-buy-disposable-vapes-in-cermany","10":"product_cat-low-nicotine-disposable-vapes","11":"product_tag-80k-puff-vape","12":"product_tag-airmez-fox-80000","13":"product_tag-airmez-fox-80k","14":"product_tag-digital-disposable-vape","15":"product_tag-disposable-vape-kit","16":"product_tag-shop-vape-online","17":"product_tag-vape-free-shipping","18":"product_tag-vape-pen-eu-warehouse","19":"desktop-align-left","20":"tablet-align-left","21":"mobile-align-left","23":"first","24":"instock","25":"sale","26":"shipping-taxable","27":"purchasable","28":"product-type-simple"},"acf":[],"uagb_featured_image_src":{"full":["https:\/\/vapestornado.com\/wp-content\/uploads\/2025\/11\/80K-Puffs-Double-Taste-LED-Display-Disposable-Vape-Airmez.webp",800,800,false],"thumbnail":["https:\/\/vapestornado.com\/wp-content\/uploads\/2025\/11\/80K-Puffs-Double-Taste-LED-Display-Disposable-Vape-Airmez-150x150.webp",150,150,true],"medium":["https:\/\/vapestornado.com\/wp-content\/uploads\/2025\/11\/80K-Puffs-Double-Taste-LED-Display-Disposable-Vape-Airmez-300x300.webp",300,300,true],"medium_large":["https:\/\/vapestornado.com\/wp-content\/uploads\/2025\/11\/80K-Puffs-Double-Taste-LED-Display-Disposable-Vape-Airmez-768x768.webp",768,768,true],"large":["https:\/\/vapestornado.com\/wp-content\/uploads\/2025\/11\/80K-Puffs-Double-Taste-LED-Display-Disposable-Vape-Airmez.webp",800,800,false],"1536x1536":["https:\/\/vapestornado.com\/wp-content\/uploads\/2025\/11\/80K-Puffs-Double-Taste-LED-Display-Disposable-Vape-Airmez.webp",800,800,false],"2048x2048":["https:\/\/vapestornado.com\/wp-content\/uploads\/2025\/11\/80K-Puffs-Double-Taste-LED-Display-Disposable-Vape-Airmez.webp",800,800,false],"trp-custom-language-flag":["https:\/\/vapestornado.com\/wp-content\/uploads\/2025\/11\/80K-Puffs-Double-Taste-LED-Display-Disposable-Vape-Airmez-12x12.webp",12,12,true],"woocommerce_thumbnail":["https:\/\/vapestornado.com\/wp-content\/uploads\/2025\/11\/80K-Puffs-Double-Taste-LED-Display-Disposable-Vape-Airmez-300x300.webp",300,300,true],"woocommerce_single":["https:\/\/vapestornado.com\/wp-content\/uploads\/2025\/11\/80K-Puffs-Double-Taste-LED-Display-Disposable-Vape-Airmez-600x600.webp",600,600,true],"woocommerce_gallery_thumbnail":["https:\/\/vapestornado.com\/wp-content\/uploads\/2025\/11\/80K-Puffs-Double-Taste-LED-Display-Disposable-Vape-Airmez-100x100.webp",100,100,true]},"uagb_author_info":{"display_name":"ESAMY","author_link":"https:\/\/vapestornado.com\/pl\/author\/"},"uagb_comment_info":0,"uagb_excerpt":"Airmez Fox 80000 Puffs 2-in-1 Crystal Vape \u2013 Best 80k Wholesale from EU Warehouse Airmez Fox 80k Dual Flavor Disposable Vape \u2013 Bulk Buy Ready in Europe Airmez Fox 80000 Puffs Double Flavor Crystal Disposable Pen \u2013 EU Warehouse Stock WhatsApp: +86 17776015835 &nbsp;","_links":{"self":[{"href":"https:\/\/vapestornado.com\/pl\/wp-json\/wp\/v2\/product\/4603","targetHints":{"allow":["GET"]}}],"collection":[{"href":"https:\/\/vapestornado.com\/pl\/wp-json\/wp\/v2\/product"}],"about":[{"href":"https:\/\/vapestornado.com\/pl\/wp-json\/wp\/v2\/types\/product"}],"replies":[{"embeddable":true,"href":"https:\/\/vapestornado.com\/pl\/wp-json\/wp\/v2\/comments?post=4603"}],"wp:featuredmedia":[{"embeddable":true,"href":"https:\/\/vapestornado.com\/pl\/wp-json\/wp\/v2\/media\/4604"}],"wp:attachment":[{"href":"https:\/\/vapestornado.com\/pl\/wp-json\/wp\/v2\/media?parent=4603"}],"wp:term":[{"taxonomy":"product_brand","embeddable":true,"href":"https:\/\/vapestornado.com\/pl\/wp-json\/wp\/v2\/product_brand?post=4603"},{"taxonomy":"product_cat","embeddable":true,"href":"https:\/\/vapestornado.com\/pl\/wp-json\/wp\/v2\/product_cat?post=4603"},{"taxonomy":"product_tag","embeddable":true,"href":"https:\/\/vapestornado.com\/pl\/wp-json\/wp\/v2\/product_tag?post=4603"}],"curies":[{"name":"wp","href":"https:\/\/api.w.org\/{rel}","templated":true}]}}