{"id":4602,"date":"2025-11-26T09:30:42","date_gmt":"2025-11-26T09:30:42","guid":{"rendered":"https:\/\/vapestornado.com\/?post_type=product&#038;p=4602"},"modified":"2025-11-26T09:38:13","modified_gmt":"2025-11-26T09:38:13","slug":"airmez-140k-puff-6-in-1-flavor-disposable-vape-wholesale-disposable-vape-pen-eu-warehouse","status":"publish","type":"product","link":"https:\/\/vapestornado.com\/pl\/product\/airmez-140k-puff-6-in-1-flavor-disposable-vape-wholesale-disposable-vape-pen-eu-warehouse\/","title":{"rendered":"Airmez 140k Puff 6 w 1 Smak Jednorazowy E-papieros Hurtowa E-sztyca EU Magazyn"},"content":{"rendered":"<h2 data-pm-slice=\"1 1 []\">Airmez 140k Puff \u2013 6-w-1 Du\u017cy Puff Jednorazowy E-papieros z magazynu EU<\/h2>\n<p data-start=\"636\" data-end=\"1125\">Cyfrowy ekran <strong data-start=\"640\" data-end=\"660\">Airmez 140k Puff<\/strong> jest stworzony dla hurtowych nabywc\u00f3w, kt\u00f3rzy chc\u0105 wysokiej klasy <strong data-start=\"711\" data-end=\"739\">Du\u017cy Puff Jednorazowy E-papieros<\/strong> z prawdziw\u0105 wielo-smakow\u0105 elastyczno\u015bci\u0105 i niezawodn\u0105 wydajno\u015bci\u0105. To urz\u0105dzenie integruje <strong data-start=\"824\" data-end=\"852\">sze\u015b\u0107 mieszanych smak\u00f3w owocowych<\/strong> na <strong data-start=\"860\" data-end=\"880\">trzech zbiornikach 15ml<\/strong>, daj\u0105c u\u017cytkownikom \u0142\u0105cznie <strong data-start=\"903\" data-end=\"920\">45ml pojemno\u015bci<\/strong> wspierane przez <strong data-start=\"934\" data-end=\"953\">grza\u0142kami mesh 1.0\u03a9<\/strong> dla czystego, sp\u00f3jnego dostarczania smaku. Z wydajno\u015bci\u0105 zaprojektowan\u0105 na d\u0142ugoterminowe u\u017cytkowanie, the <strong data-start=\"1039\" data-end=\"1061\">Airmez 140000 Puff<\/strong> wyr\u00f3\u017cnia si\u0119 na rynkach wymagaj\u0105cych trwa\u0142o\u015bci i r\u00f3\u017cnorodno\u015bci smak\u00f3w.<\/p>\n<p data-start=\"1127\" data-end=\"1481\">Obrotowa ko\u0144c\u00f3wka ustnika pozwala u\u017cytkownikom natychmiast zmienia\u0107 smaki, co czyni Airmez 140k Puff jednym z najbardziej praktycznych <strong data-start=\"1249\" data-end=\"1276\">regulowanych waporyzator\u00f3w smakowych<\/strong> w swojej kategorii. Du\u017cy wy\u015bwietlacz LED pokazuje liczb\u0119 chmur, poziom na\u0142adowania baterii i aktywne linie smakowe\u2014co u\u0142atwia codzienne u\u017cytkowanie urz\u0105dzenia i zmniejsza problemy z obs\u0142ug\u0105 klienta dla sprzedawc\u00f3w detalicznych.<\/p>\n<p data-start=\"1483\" data-end=\"1941\">Zasilany przez <strong data-start=\"1496\" data-end=\"1534\">Akumulator 650 mAh \u0142adowany przez Type-C<\/strong>, Airmez 140k Puff utrzymuje stabiln\u0105 wydajno\u015b\u0107 podczas d\u0142u\u017cszych sesji. Dla dystrybutor\u00f3w i sprzedawc\u00f3w detalicznych, mo\u017cliwo\u015b\u0107 <strong data-start=\"1659\" data-end=\"1680\">Sklep w magazynie UE<\/strong> oznacza szybsz\u0105 realizacj\u0119 zam\u00f3wie\u0144, bezc\u0142owy przep\u0142yw w ramach UE oraz niezawodn\u0105 dost\u0119pno\u015b\u0107 zapas\u00f3w. Ten model dobrze sprawdza si\u0119 w grupach wiekowych m\u0119\u017cczyzn 25\u201335 lat w Europie dzi\u0119ki wysokiemu wska\u017anikowi chmur, odwa\u017cnym mieszankom smakowym i wytrzyma\u0142ej, podr\u00f3\u017cnej konstrukcji.<\/p>\n<p data-start=\"1943\" data-end=\"2251\">Cyfrowy ekran <strong data-start=\"1947\" data-end=\"1969\">Airmez 140000 Puff<\/strong> jest odpowiedni dla sprzedawc\u00f3w detalicznych potrzebuj\u0105cych wysokiej klasy jednorazowego d\u0142ugopisu z wysokim wska\u017anikiem powrot\u00f3w klient\u00f3w, szczeg\u00f3lnie tych skupiaj\u0105cych si\u0119 na mieszankach owocowych i urz\u0105dzeniach wielosmakowych. Opakowanie hurtowe zapewnia \u0142atwe przechowywanie i efektywn\u0105 dystrybucj\u0119, co czyni go idealnym uniwersalnym SKU dla sklep\u00f3w z e-papierosami w UE.<\/p>\n<p data-start=\"666\" data-end=\"1235\"><strong style=\"font-size: 16px;\"><span style=\"color: #ff0000;\">Dodaj Amy na WhatsApp, aby uzyska\u0107 szybk\u0105 odpowied\u017a i cen\u0119 ze zni\u017ck\u0105!<\/span><\/strong><\/p>\n<p><img fetchpriority=\"high\" decoding=\"async\" class=\"size-full wp-image-2932\" src=\"https:\/\/vapestornado.com\/wp-content\/uploads\/2024\/12\/Vape-Wholesale.jpg\" alt=\"Hurtowa sprzeda\u017c e-papieros\u00f3w\" width=\"229\" height=\"300\" \/><\/p>\n<h3><a href=\"https:\/\/wa.me\/8617776015835\" target=\"_blank\" rel=\"noopener\"><span style=\"color: #ff0000;\"><strong>WhatsApp: +86 17776015835<\/strong><\/span><\/a><\/h3>\n<p>&nbsp;<\/p>\n<h2><strong>Lista smak\u00f3w jednorazowych waporyzator\u00f3w Airmez 140k Puff<\/strong><\/h2>\n<ol data-start=\"2293\" data-end=\"2788\">\n<li data-start=\"2293\" data-end=\"2327\">\n<p data-start=\"2296\" data-end=\"2327\">Wi\u015bnia \/ Cola Ice \/ Mango Ice<\/p>\n<\/li>\n<li data-start=\"2328\" data-end=\"2387\">\n<p data-start=\"2331\" data-end=\"2387\">Smoczy owoc Ice \/ Owocowa Fuzja \/ Malina Arbuz<\/p>\n<\/li>\n<li data-start=\"2388\" data-end=\"2432\">\n<p data-start=\"2391\" data-end=\"2432\">Love 66 \/ Lemoniada z Jag\u00f3d \/ Fizz Wi\u015bniowy<\/p>\n<\/li>\n<li data-start=\"2433\" data-end=\"2487\">\n<p data-start=\"2436\" data-end=\"2487\">Mieszane Jagody \/ Lemoniada z Blue Razz \/ Wi\u015bnia z Jagodami<\/p>\n<\/li>\n<li data-start=\"2488\" data-end=\"2532\">\n<p data-start=\"2491\" data-end=\"2532\">Love 66 \/ Truskawka Kiwi \/ Brzoskwinia Mango<\/p>\n<\/li>\n<li data-start=\"2533\" data-end=\"2569\">\n<p data-start=\"2536\" data-end=\"2569\">Brzoskwinia Ice \/ Mango Ice \/ Dr Blue<\/p>\n<\/li>\n<li data-start=\"2570\" data-end=\"2629\">\n<p data-start=\"2573\" data-end=\"2629\">Truskawka Banan \/ Vimto \/ Jagoda Wi\u015bnia \u017burawina<\/p>\n<\/li>\n<li data-start=\"2630\" data-end=\"2679\">\n<p data-start=\"2633\" data-end=\"2679\">Truskawka Ice \/ R\u00f3\u017cowa Lemoniada \/ Bingo Crush<\/p>\n<\/li>\n<li data-start=\"2680\" data-end=\"2737\">\n<p data-start=\"2683\" data-end=\"2737\">Truskawka Arbuz \/ Potr\u00f3jne Melony \/ Blue Razz Ice<\/p>\n<\/li>\n<li data-start=\"2738\" data-end=\"2788\">\n<p data-start=\"2742\" data-end=\"2788\">Arbuz Ice \/ Bingo Crush \/ Mieszane Jagody<\/p>\n<\/li>\n<\/ol>\n<figure id=\"attachment_4599\" aria-describedby=\"caption-attachment-4599\" style=\"width: 800px\" class=\"wp-caption alignnone\"><img decoding=\"async\" class=\"wp-image-4599 size-full\" src=\"https:\/\/vapestornado.com\/wp-content\/uploads\/2025\/11\/Airmez-Fox-6-in-1-140K-Puffs-Vapes-Bulk-Buy-Price.webp\" alt=\"Airmez Fox 6 w 1 140K Chmur Waporyzatory Hurtowe Cena\" width=\"800\" height=\"800\" srcset=\"https:\/\/vapestornado.com\/wp-content\/uploads\/2025\/11\/Airmez-Fox-6-in-1-140K-Puffs-Vapes-Bulk-Buy-Price.webp 800w, https:\/\/vapestornado.com\/wp-content\/uploads\/2025\/11\/Airmez-Fox-6-in-1-140K-Puffs-Vapes-Bulk-Buy-Price-300x300.webp 300w, https:\/\/vapestornado.com\/wp-content\/uploads\/2025\/11\/Airmez-Fox-6-in-1-140K-Puffs-Vapes-Bulk-Buy-Price-150x150.webp 150w, https:\/\/vapestornado.com\/wp-content\/uploads\/2025\/11\/Airmez-Fox-6-in-1-140K-Puffs-Vapes-Bulk-Buy-Price-768x768.webp 768w, https:\/\/vapestornado.com\/wp-content\/uploads\/2025\/11\/Airmez-Fox-6-in-1-140K-Puffs-Vapes-Bulk-Buy-Price-12x12.webp 12w, https:\/\/vapestornado.com\/wp-content\/uploads\/2025\/11\/Airmez-Fox-6-in-1-140K-Puffs-Vapes-Bulk-Buy-Price-600x600.webp 600w, https:\/\/vapestornado.com\/wp-content\/uploads\/2025\/11\/Airmez-Fox-6-in-1-140K-Puffs-Vapes-Bulk-Buy-Price-100x100.webp 100w\" sizes=\"(max-width: 800px) 100vw, 800px\" \/><figcaption id=\"caption-attachment-4599\" class=\"wp-caption-text\">Airmez Fox 6 w 1 140K Chmur Waporyzatory Hurtowe Cena<\/figcaption><\/figure>\n<h2><strong>Co wyr\u00f3\u017cnia jednorazowy e-papieros Airmez 140k Puff?<\/strong><\/h2>\n<ul data-start=\"2835\" data-end=\"3319\">\n<li data-start=\"2835\" data-end=\"2886\">\n<p data-start=\"2837\" data-end=\"2886\"><strong data-start=\"2837\" data-end=\"2863\">Wytrzyma\u0142o\u015b\u0107 na 140 000 puf\u00f3w<\/strong> do d\u0142ugotrwa\u0142ego u\u017cytkowania.<\/p>\n<\/li>\n<li data-start=\"2887\" data-end=\"2945\">\n<p data-start=\"2889\" data-end=\"2945\"><strong data-start=\"2889\" data-end=\"2910\">Sze\u015b\u0107 tryb\u00f3w smakowych<\/strong> sterowanych obrotowym ustnikiem.<\/p>\n<\/li>\n<li data-start=\"2946\" data-end=\"2990\">\n<p data-start=\"2948\" data-end=\"2990\"><strong data-start=\"2948\" data-end=\"2965\">45ml pojemno\u015bci<\/strong> z trzech zbiornik\u00f3w po 15 ml.<\/p>\n<\/li>\n<li data-start=\"2991\" data-end=\"3051\">\n<p data-start=\"2993\" data-end=\"3051\"><strong data-start=\"2993\" data-end=\"3011\">1.0\u03a9 siatkowa grza\u0142ka<\/strong> dla g\u0142adkiego smaku i g\u0119sto\u015bci pary.<\/p>\n<\/li>\n<li data-start=\"3052\" data-end=\"3118\">\n<p data-start=\"3054\" data-end=\"3118\"><strong data-start=\"3054\" data-end=\"3069\">wy\u015bwietlacz LED<\/strong> pokazuje liczb\u0119 puf\u00f3w, stref\u0119 smaku i bateri\u0119.<\/p>\n<\/li>\n<li data-start=\"3119\" data-end=\"3190\">\n<p data-start=\"3121\" data-end=\"3190\"><strong data-start=\"3121\" data-end=\"3159\">Akumulator 650 mAh \u0142adowany przez Type-C<\/strong> zaprojektowany dla sta\u0142ej wydajno\u015bci.<\/p>\n<\/li>\n<li data-start=\"3191\" data-end=\"3248\">\n<p data-start=\"3193\" data-end=\"3248\"><strong data-start=\"3193\" data-end=\"3222\">Skupienie na mieszanych smakach owocowych<\/strong> dla szerokiego rynku.<\/p>\n<\/li>\n<li data-start=\"3249\" data-end=\"3319\">\n<p data-start=\"3251\" data-end=\"3319\"><strong data-start=\"3251\" data-end=\"3282\">Kompaktowy jednorazowy e-papieros<\/strong> idealny do hurtowej sprzeda\u017cy w UE.<\/p>\n<\/li>\n<\/ul>\n<h2>Dlaczego warto wybra\u0107 Vapestornado do zakupu jednorazowych e-papieros\u00f3w online?<\/h2>\n<div class=\"flex-shrink-0 flex flex-col relative items-end\">\n<div class=\"pt-0\">\n<div class=\"gizmo-bot-avatar flex h-8 w-8 items-center justify-center overflow-hidden rounded-full\">\n<div class=\"relative p-1 rounded-sm flex items-center justify-center bg-token-main-surface-primary text-token-text-primary h-8 w-8\">\n<p data-start=\"648\" data-end=\"799\">Wybieraj\u0105c <strong data-start=\"189\" data-end=\"205\">Vapestornado<\/strong> jako swojego dostawc\u0119 dla <strong data-start=\"227\" data-end=\"261\">Elf Bar Moon Night 40000 Chmur<\/strong> oznacza to zapewnienie partnera, kt\u00f3ry rozumie potrzeby hurtownik\u00f3w i detalist\u00f3w z Polski. Skupiamy si\u0119 na szybkiej dostawie, zweryfikowanym stanie magazynowym i stabilnym d\u0142ugoterminowym zaopatrzeniu \u2014 kluczowych czynnikach dla firm sprzedaj\u0105cych produkty wysokowydajne, takie jak <strong data-start=\"489\" data-end=\"515\">Elf Bar Moon Night 40K<\/strong>. Ka\u017cda partia pochodzi bezpo\u015brednio z certyfikowanych kana\u0142\u00f3w, zapewniaj\u0105c autentyczno\u015b\u0107 produkt\u00f3w, siln\u0105 sp\u00f3jno\u015b\u0107 smaku i niezawodn\u0105 jako\u015b\u0107, spe\u0142niaj\u0105c oczekiwania polskich nabywc\u00f3w.<\/p>\n<p data-start=\"559\" data-end=\"933\" data-is-last-node=\"\" data-is-only-node=\"\">Mamy r\u00f3wnie\u017c inne popularne jednorazowe vape z ekranem, takie jak <a href=\"https:\/\/vapestornado.com\/pl\/product\/hifancy-dream-45k-45000-puffs-disposable-vape-kit-fast-shipping-from-eu-warehouse\/\">Hifancy Dream 45k vape<\/a>, <a href=\"https:\/\/vapestornado.com\/pl\/product\/elf-bar-moon-night-40000-puffs-disposable-vape-germany-wholesale\/\">ELF BAR Moon Night 40000 Vape<\/a>, <a href=\"https:\/\/vapestornado.com\/pl\/product\/uor-120000-puff-120k-4-flavors-rechargeable-disposable-vape-shop-online\/\">UOR 120000 PUFF 4 w 1<\/a>, i wiele innych.<\/p>\n<p data-start=\"559\" data-end=\"933\" data-is-last-node=\"\" data-is-only-node=\"\">\n<\/div>\n<h2>FAQ o Airmez 140k Puff<\/h2>\n<div class=\"relative p-1 rounded-sm flex items-center justify-center bg-token-main-surface-primary text-token-text-primary h-8 w-8\">\n<p data-start=\"3356\" data-end=\"3475\"><strong data-start=\"3356\" data-end=\"3412\">1. Jak zmieni\u0107 smak na Airmez 140k Puff?<\/strong><br data-start=\"3412\" data-end=\"3415\" \/>Obr\u00f3\u0107 ustnik, aby prze\u0142\u0105cza\u0107 si\u0119 mi\u0119dzy sze\u015bcioma trybami smakowymi.<\/p>\n<p data-start=\"3477\" data-end=\"3641\"><strong data-start=\"3477\" data-end=\"3536\">2. Jak d\u0142ugo zazwyczaj dzia\u0142a urz\u0105dzenie na 140000 puf\u00f3w?<\/strong><br data-start=\"3536\" data-end=\"3539\" \/>Zastosowanie si\u0119 r\u00f3\u017cni, ale wi\u0119kszo\u015b\u0107 u\u017cytkownik\u00f3w korzysta z znacznie wyd\u0142u\u017conej \u017cywotno\u015bci dzi\u0119ki wysokiej ocenie puf\u00f3w.<\/p>\n<p data-start=\"3643\" data-end=\"3754\"><strong data-start=\"3643\" data-end=\"3689\">3. Czy Airmez 140000 Puf jest \u0142adowalny?<\/strong><br data-start=\"3689\" data-end=\"3692\" \/>Tak, posiada port \u0142adowania typu C oraz bateri\u0119 o pojemno\u015bci 650mAh.<\/p>\n<p data-start=\"3756\" data-end=\"3905\"><strong data-start=\"3756\" data-end=\"3814\">4. Czy ekran pokazuje liczb\u0119 puf\u00f3w i stan baterii?<\/strong><br data-start=\"3814\" data-end=\"3817\" \/>Wy\u015bwietlacz LED zapewnia \u015bledzenie puf\u00f3w w czasie rzeczywistym, poziom na\u0142adowania baterii oraz wskazanie smaku.<\/p>\n<p data-start=\"3907\" data-end=\"4052\"><strong data-start=\"3907\" data-end=\"3963\">5. Czy mog\u0119 zam\u00f3wi\u0107 jednostki Airmez 140k Puf z magazynu UE?<\/strong><br data-start=\"3963\" data-end=\"3966\" \/>Tak, nasza <strong data-start=\"3975\" data-end=\"3996\">Sklep w magazynie UE<\/strong> obs\u0142uga wspiera szybkie, bezc\u0142owe dostawy na terenie Europy.<\/p>\n<\/div>\n<\/div>\n<\/div>\n<\/div>","protected":false},"excerpt":{"rendered":"<article class=\"text-token-text-primary w-full focus:outline-none [--shadow-height:45px] has-data-writing-block:pointer-events-none has-data-writing-block:-mt-(--shadow-height) has-data-writing-block:pt-(--shadow-height) [&amp;:has([data-writing-block])&gt;*]:pointer-events-auto [content-visibility:auto] supports-[content-visibility:auto]:[contain-intrinsic-size:auto_100lvh] scroll-mt-[calc(var(--header-height)+min(200px,max(70px,20svh)))]\" dir=\"auto\" tabindex=\"-1\" data-turn-id=\"86ca9d92-7a10-4e6b-bda0-15f9df36adca\" data-testid=\"conversation-turn-120\" data-scroll-anchor=\"true\" data-turn=\"assistant\">\n<div class=\"text-base my-auto mx-auto pb-10 [--thread-content-margin:--spacing(4)] thread-sm:[--thread-content-margin:--spacing(6)] thread-lg:[--thread-content-margin:--spacing(16)] px-(--thread-content-margin)\">\n<div class=\"[--thread-content-max-width:40rem] thread-lg:[--thread-content-max-width:48rem] mx-auto max-w-(--thread-content-max-width) flex-1 group\/turn-messages focus-visible:outline-hidden relative flex w-full min-w-0 flex-col agent-turn\" tabindex=\"-1\">\n<div class=\"flex max-w-full flex-col grow\">\n<div class=\"min-h-8 text-message relative flex w-full flex-col items-end gap-2 text-start break-words whitespace-normal [.text-message+&amp;]:mt-1\" dir=\"auto\" data-message-author-role=\"assistant\" data-message-id=\"43b070d6-bf28-4fbe-8049-1032a61ea3ac\" data-message-model-slug=\"gpt-5\">\n<div class=\"flex w-full flex-col gap-1 empty:hidden first:pt-[1px]\">\n<div class=\"markdown prose dark:prose-invert w-full break-words light markdown-new-styling\">\n<article class=\"text-token-text-primary w-full focus:outline-none [--shadow-height:45px] has-data-writing-block:pointer-events-none has-data-writing-block:-mt-(--shadow-height) has-data-writing-block:pt-(--shadow-height) [&amp;:has([data-writing-block])&gt;*]:pointer-events-auto [content-visibility:auto] supports-[content-visibility:auto]:[contain-intrinsic-size:auto_100lvh] scroll-mt-[calc(var(--header-height)+min(200px,max(70px,20svh)))]\" dir=\"auto\" tabindex=\"-1\" data-turn-id=\"4d6f00b8-d41a-438b-8912-05a895842882\" data-testid=\"conversation-turn-130\" data-scroll-anchor=\"true\" data-turn=\"assistant\">\n<div class=\"text-base my-auto mx-auto pb-10 [--thread-content-margin:--spacing(4)] thread-sm:[--thread-content-margin:--spacing(6)] thread-lg:[--thread-content-margin:--spacing(16)] px-(--thread-content-margin)\">\n<div class=\"[--thread-content-max-width:40rem] thread-lg:[--thread-content-max-width:48rem] mx-auto max-w-(--thread-content-max-width) flex-1 group\/turn-messages focus-visible:outline-hidden relative flex w-full min-w-0 flex-col agent-turn\" tabindex=\"-1\">\n<div class=\"flex max-w-full flex-col grow\">\n<div class=\"min-h-8 text-message relative flex w-full flex-col items-end gap-2 text-start break-words whitespace-normal [.text-message+&amp;]:mt-1\" dir=\"auto\" data-message-author-role=\"assistant\" data-message-id=\"f3c520bf-c043-4392-87ea-b3bf1b3ae6d3\" data-message-model-slug=\"gpt-5-1\">\n<div class=\"flex w-full flex-col gap-1 empty:hidden first:pt-[1px]\">\n<div class=\"markdown prose dark:prose-invert w-full break-words light markdown-new-styling\">\n<p>Airmez 140k Puff 6-w-1 Jednorazowy E-papieros \u2013 Du\u017ce Puff Urz\u0105dzenie z magazynem EU<br \/>\nAirmez 140000 Puff Regulowany Smak E-papieros \u2013 Hurtowa Gotowo\u015b\u0107 w Europie<br \/>\nAirmez 140k Puff 6-Smaki Jednorazowy E-papieros \u2013 Zakup Hurtowy z magazynu EU<\/p>\n<\/div>\n<\/div>\n<\/div>\n<\/div>\n<\/div>\n<\/div>\n<\/article>\n<\/div>\n<\/div>\n<\/div>\n<\/div>\n<\/div>\n<\/div>\n<\/article>\n<p><img fetchpriority=\"high\" decoding=\"async\" class=\"size-full wp-image-2932\" src=\"https:\/\/vapestornado.com\/wp-content\/uploads\/2024\/12\/Vape-Wholesale.jpg\" alt=\"Hurtowa sprzeda\u017c e-papieros\u00f3w\" width=\"229\" height=\"300\" \/><\/p>\n<h3><a href=\"https:\/\/wa.me\/8617776015835\"><span style=\"color: #ff0000;\"><strong>WhatsApp: +86 17776015835<\/strong><\/span><\/a><\/h3>\n<p>&nbsp;<\/p>","protected":false},"featured_media":4598,"comment_status":"open","ping_status":"closed","template":"","meta":{"_acf_changed":false,"_uag_custom_page_level_css":"","_lmt_disableupdate":"no","_lmt_disable":"","_monsterinsights_skip_tracking":false,"_monsterinsights_sitenote_active":false,"_monsterinsights_sitenote_note":"","_monsterinsights_sitenote_category":0,"site-sidebar-layout":"default","site-content-layout":"","ast-site-content-layout":"default","site-content-style":"default","site-sidebar-style":"default","ast-global-header-display":"","ast-banner-title-visibility":"","ast-main-header-display":"","ast-hfb-above-header-display":"","ast-hfb-below-header-display":"","ast-hfb-mobile-header-display":"","site-post-title":"","ast-breadcrumbs-content":"","ast-featured-img":"","footer-sml-layout":"","ast-disable-related-posts":"","theme-transparent-header-meta":"default","adv-header-id-meta":"","stick-header-meta":"","header-above-stick-meta":"","header-main-stick-meta":"","header-below-stick-meta":"","astra-migrate-meta-layouts":"set","ast-page-background-enabled":"default","ast-page-background-meta":{"desktop":{"background-color":"","background-image":"","background-repeat":"repeat","background-position":"center center","background-size":"auto","background-attachment":"scroll","background-type":"","background-media":"","overlay-type":"","overlay-color":"","overlay-opacity":"","overlay-gradient":""},"tablet":{"background-color":"","background-image":"","background-repeat":"repeat","background-position":"center center","background-size":"auto","background-attachment":"scroll","background-type":"","background-media":"","overlay-type":"","overlay-color":"","overlay-opacity":"","overlay-gradient":""},"mobile":{"background-color":"","background-image":"","background-repeat":"repeat","background-position":"center center","background-size":"auto","background-attachment":"scroll","background-type":"","background-media":"","overlay-type":"","overlay-color":"","overlay-opacity":"","overlay-gradient":""}},"ast-content-background-meta":{"desktop":{"background-color":"var(--ast-global-color-5)","background-image":"","background-repeat":"repeat","background-position":"center center","background-size":"auto","background-attachment":"scroll","background-type":"","background-media":"","overlay-type":"","overlay-color":"","overlay-opacity":"","overlay-gradient":""},"tablet":{"background-color":"var(--ast-global-color-5)","background-image":"","background-repeat":"repeat","background-position":"center center","background-size":"auto","background-attachment":"scroll","background-type":"","background-media":"","overlay-type":"","overlay-color":"","overlay-opacity":"","overlay-gradient":""},"mobile":{"background-color":"var(--ast-global-color-5)","background-image":"","background-repeat":"repeat","background-position":"center center","background-size":"auto","background-attachment":"scroll","background-type":"","background-media":"","overlay-type":"","overlay-color":"","overlay-opacity":"","overlay-gradient":""}},"_joinchat":{"telephone":"17776015835"}},"product_brand":[],"product_cat":[149,150,151,152,144],"product_tag":[456,454,453,105,446,436,450,451,455],"class_list":{"0":"post-4602","1":"product","2":"type-product","3":"status-publish","4":"has-post-thumbnail","6":"product_cat-buy-disposable-vapes-in-austria","7":"product_cat-buy-disposable-vapes-in-belgium","8":"product_cat-buy-disposable-vapes-in-france","9":"product_cat-buy-disposable-vapes-in-cermany","10":"product_cat-low-nicotine-disposable-vapes","11":"product_tag-6-in-1-flavor-disposable-vape","12":"product_tag-airmez-140000-puff","13":"product_tag-airmez-140k-puff","14":"product_tag-digital-disposable-vape","15":"product_tag-disposable-vape-kit","16":"product_tag-shop-vape-online","17":"product_tag-vape-fast-shipping","18":"product_tag-vape-free-shipping","19":"product_tag-vape-pen-eu-warehouse","20":"desktop-align-left","21":"tablet-align-left","22":"mobile-align-left","24":"first","25":"instock","26":"sale","27":"shipping-taxable","28":"purchasable","29":"product-type-simple"},"acf":[],"uagb_featured_image_src":{"full":["https:\/\/vapestornado.com\/wp-content\/uploads\/2025\/11\/Airmez-Brand-140k-Puff-Disposable-Vape-Wholesale-Vape-Pen.webp",800,800,false],"thumbnail":["https:\/\/vapestornado.com\/wp-content\/uploads\/2025\/11\/Airmez-Brand-140k-Puff-Disposable-Vape-Wholesale-Vape-Pen-150x150.webp",150,150,true],"medium":["https:\/\/vapestornado.com\/wp-content\/uploads\/2025\/11\/Airmez-Brand-140k-Puff-Disposable-Vape-Wholesale-Vape-Pen-300x300.webp",300,300,true],"medium_large":["https:\/\/vapestornado.com\/wp-content\/uploads\/2025\/11\/Airmez-Brand-140k-Puff-Disposable-Vape-Wholesale-Vape-Pen-768x768.webp",768,768,true],"large":["https:\/\/vapestornado.com\/wp-content\/uploads\/2025\/11\/Airmez-Brand-140k-Puff-Disposable-Vape-Wholesale-Vape-Pen.webp",800,800,false],"1536x1536":["https:\/\/vapestornado.com\/wp-content\/uploads\/2025\/11\/Airmez-Brand-140k-Puff-Disposable-Vape-Wholesale-Vape-Pen.webp",800,800,false],"2048x2048":["https:\/\/vapestornado.com\/wp-content\/uploads\/2025\/11\/Airmez-Brand-140k-Puff-Disposable-Vape-Wholesale-Vape-Pen.webp",800,800,false],"trp-custom-language-flag":["https:\/\/vapestornado.com\/wp-content\/uploads\/2025\/11\/Airmez-Brand-140k-Puff-Disposable-Vape-Wholesale-Vape-Pen-12x12.webp",12,12,true],"woocommerce_thumbnail":["https:\/\/vapestornado.com\/wp-content\/uploads\/2025\/11\/Airmez-Brand-140k-Puff-Disposable-Vape-Wholesale-Vape-Pen-300x300.webp",300,300,true],"woocommerce_single":["https:\/\/vapestornado.com\/wp-content\/uploads\/2025\/11\/Airmez-Brand-140k-Puff-Disposable-Vape-Wholesale-Vape-Pen-600x600.webp",600,600,true],"woocommerce_gallery_thumbnail":["https:\/\/vapestornado.com\/wp-content\/uploads\/2025\/11\/Airmez-Brand-140k-Puff-Disposable-Vape-Wholesale-Vape-Pen-100x100.webp",100,100,true]},"uagb_author_info":{"display_name":"ESAMY","author_link":"https:\/\/vapestornado.com\/pl\/author\/"},"uagb_comment_info":0,"uagb_excerpt":"Airmez 140k Puff 6-in-1 Disposable Vape Pen \u2013 Big Puff Device with EU Warehouse Stock Airmez 140000 Puff Adjustable Flavor Vape \u2013 Wholesale Ready Across Europe Airmez 140k Puff 6-Flavor Disposable Pen \u2013 Bulk Buy from EU Warehouse WhatsApp: +86 17776015835 &nbsp;","_links":{"self":[{"href":"https:\/\/vapestornado.com\/pl\/wp-json\/wp\/v2\/product\/4602","targetHints":{"allow":["GET"]}}],"collection":[{"href":"https:\/\/vapestornado.com\/pl\/wp-json\/wp\/v2\/product"}],"about":[{"href":"https:\/\/vapestornado.com\/pl\/wp-json\/wp\/v2\/types\/product"}],"replies":[{"embeddable":true,"href":"https:\/\/vapestornado.com\/pl\/wp-json\/wp\/v2\/comments?post=4602"}],"wp:featuredmedia":[{"embeddable":true,"href":"https:\/\/vapestornado.com\/pl\/wp-json\/wp\/v2\/media\/4598"}],"wp:attachment":[{"href":"https:\/\/vapestornado.com\/pl\/wp-json\/wp\/v2\/media?parent=4602"}],"wp:term":[{"taxonomy":"product_brand","embeddable":true,"href":"https:\/\/vapestornado.com\/pl\/wp-json\/wp\/v2\/product_brand?post=4602"},{"taxonomy":"product_cat","embeddable":true,"href":"https:\/\/vapestornado.com\/pl\/wp-json\/wp\/v2\/product_cat?post=4602"},{"taxonomy":"product_tag","embeddable":true,"href":"https:\/\/vapestornado.com\/pl\/wp-json\/wp\/v2\/product_tag?post=4602"}],"curies":[{"name":"wp","href":"https:\/\/api.w.org\/{rel}","templated":true}]}}