{"id":4588,"date":"2025-11-24T09:07:52","date_gmt":"2025-11-24T09:07:52","guid":{"rendered":"https:\/\/vapestornado.com\/?post_type=product&#038;p=4588"},"modified":"2025-11-24T09:18:30","modified_gmt":"2025-11-24T09:18:30","slug":"hifancy-space-50000-puff-50k-disposable-screen-vape-bulk-buy-cheap-price-online","status":"publish","type":"product","link":"https:\/\/vapestornado.com\/pl\/product\/hifancy-space-50000-puff-50k-disposable-screen-vape-bulk-buy-cheap-price-online\/","title":{"rendered":"HIFANCY SPACE 50000 Puff 50k Jednorazowy Ekran Vape Hurtowa Kupno Tanie Cena Online"},"content":{"rendered":"<h2 data-pm-slice=\"1 1 []\">HIFANCY SPACE 50000 Puffs Jednorazowy Ekran Vape \u2013 Hurtownia EU Magazyn<\/h2>\n<p data-start=\"636\" data-end=\"1141\">Cyfrowy ekran <strong data-start=\"640\" data-end=\"663\">HIFANCY SPACE 50000<\/strong> zbudowany dla kupuj\u0105cych, kt\u00f3rzy chc\u0105 stabilnej obj\u0119to\u015bci, mocnego wydobycia smaku i szybkiego uzupe\u0142niania zapas\u00f3w poprzez niezawodn\u0105 wysy\u0142k\u0119 z magazynu EU. To urz\u0105dzenie zapewnia r\u00f3wnowag\u0119, kt\u00f3rej szukaj\u0105 hurtownicy: kompaktowe cia\u0142o, czytelny wy\u015bwietlacz i <strong data-start=\"891\" data-end=\"909\">klasa 50k puff\u00f3w<\/strong> ocena, kt\u00f3ra pasuje do ci\u0105g\u0142ego codziennego u\u017cytku. The <strong data-start=\"953\" data-end=\"992\">650mAh bateria z szybkim \u0142adowaniem Type-C<\/strong>, w po\u0142\u0105czeniu z <strong data-start=\"1008\" data-end=\"1028\">system mesh-coil<\/strong>, zapewnia powtarzaln\u0105 wydajno\u015b\u0107 przy ka\u017cdym zaci\u0105gni\u0119ciu, czyni\u0105c go niezawodnym wyborem dla sklep\u00f3w detalicznych i dystrybutor\u00f3w.<\/p>\n<p data-start=\"1143\" data-end=\"1568\">Z <strong data-start=\"1150\" data-end=\"1173\">30mL nape\u0142niany zbiornik<\/strong> oraz opcje w <strong data-start=\"1189\" data-end=\"1225\">2%, 3% i 5% nikotynowych st\u0119\u017ce\u0144<\/strong> (zale\u017cnie od regionu), HIFANCY SPACE 50k odpowiada preferencjom segmentu m\u0119\u017cczyzn w Polsce w wieku 25\u201335 lat \u2014 sp\u00f3jny, mocny i prosty. The <strong data-start=\"1369\" data-end=\"1389\">interfejs ekranowy<\/strong> pomaga u\u017cytkownikom monitorowa\u0107 moc i zu\u017cycie, zmniejszaj\u0105c zamieszanie i zwi\u0119kszaj\u0105c satysfakcj\u0119 klient\u00f3w, szczeg\u00f3lnie dla nowych kupuj\u0105cych, kt\u00f3rzy wol\u0105 prosty i trwa\u0142y zestaw Vape Jednorazowy.<\/p>\n<p data-start=\"1570\" data-end=\"1918\">W miar\u0119 rosn\u0105cego popytu na hurtow\u0105 sprzeda\u017c vape jednorazowego, the <strong data-start=\"1629\" data-end=\"1652\">HIFANCY SPACE 50000<\/strong> pozycjonuje si\u0119 jako produkt o wysokiej warto\u015bci z konkurencyjnym zakresem cenowym i stabiln\u0105 zdolno\u015bci\u0105 dostaw. Je\u015bli ju\u017c masz na stanie <strong data-start=\"1776\" data-end=\"1797\">HiFancy Dream 45k<\/strong>, ten nowy model doskonale pasuje jako mocniejsza, 50 tys. chmurka ulepszenie dla klient\u00f3w, kt\u00f3rzy chc\u0105 d\u0142u\u017cszego u\u017cytkowania i bardziej inteligentnego urz\u0105dzenia.<\/p>\n<p data-start=\"666\" data-end=\"1235\"><strong style=\"font-size: 16px;\"><span style=\"color: #ff0000;\">Dodaj Amy na WhatsApp, aby uzyska\u0107 szybk\u0105 odpowied\u017a i cen\u0119 ze zni\u017ck\u0105!<\/span><\/strong><\/p>\n<p><img fetchpriority=\"high\" decoding=\"async\" class=\"size-full wp-image-2932\" src=\"https:\/\/vapestornado.com\/wp-content\/uploads\/2024\/12\/Vape-Wholesale.jpg\" alt=\"Hurtowa sprzeda\u017c e-papieros\u00f3w\" width=\"229\" height=\"300\" \/><\/p>\n<h3><a href=\"https:\/\/wa.me\/8617776015835\" target=\"_blank\" rel=\"noopener\"><span style=\"color: #ff0000;\"><strong>WhatsApp: +86 17776015835<\/strong><\/span><\/a><\/h3>\n<p>&nbsp;<\/p>\n<h2><strong>Co wyr\u00f3\u017cnia HIFANCY SPACE 50000 Puff Disposable Vape Pen?<\/strong><\/h2>\n<ul data-start=\"2287\" data-end=\"2712\">\n<li data-start=\"2287\" data-end=\"2351\">\n<p data-start=\"2289\" data-end=\"2351\"><strong data-start=\"2289\" data-end=\"2317\">Wydajno\u015b\u0107 na poziomie 50 000 chmur<\/strong> zapewniaj\u0105ca d\u0142ugotrwa\u0142e u\u017cytkowanie.<\/p>\n<\/li>\n<li data-start=\"2352\" data-end=\"2426\">\n<p data-start=\"2354\" data-end=\"2426\"><strong data-start=\"2354\" data-end=\"2381\">Pojemno\u015b\u0107 wst\u0119pnie nape\u0142niona 30 ml<\/strong>, nie do uzupe\u0142niania, zapewniaj\u0105ca brak wyciek\u00f3w.<\/p>\n<\/li>\n<li data-start=\"2427\" data-end=\"2497\">\n<p data-start=\"2429\" data-end=\"2497\"><strong data-start=\"2429\" data-end=\"2447\">bateri\u0119 650 mAh<\/strong> z szybkim \u0142adowaniem Type-C (ok. 30 minut).<\/p>\n<\/li>\n<li data-start=\"2498\" data-end=\"2563\">\n<p data-start=\"2500\" data-end=\"2563\"><strong data-start=\"2500\" data-end=\"2521\">Podgrzewanie mesh-coil<\/strong> dla jednolitego smaku i g\u0142adkiej aerosoli.<\/p>\n<\/li>\n<li data-start=\"2564\" data-end=\"2633\">\n<p data-start=\"2566\" data-end=\"2633\"><strong data-start=\"2566\" data-end=\"2596\">Wielorakie mocno\u015bci nikotyny<\/strong> dopasowane do wymaga\u0144 regionalnych UE.<\/p>\n<\/li>\n<li data-start=\"2634\" data-end=\"2712\">\n<p data-start=\"2636\" data-end=\"2712\"><strong data-start=\"2636\" data-end=\"2666\">Pakowanie hurtowe 10 sztuk<\/strong>, wspierany przez <strong data-start=\"2681\" data-end=\"2711\">Szybka wysy\u0142ka z magazynu UE<\/strong>.<\/p>\n<\/li>\n<\/ul>\n<figure id=\"attachment_4583\" aria-describedby=\"caption-attachment-4583\" style=\"width: 300px\" class=\"wp-caption alignnone\"><img decoding=\"async\" class=\"size-medium wp-image-4583\" src=\"https:\/\/vapestornado.com\/wp-content\/uploads\/2025\/11\/HIFANCY-50k-50000-Puff-Disposable-Vape-Pod-300x300.webp\" alt=\"HIFANCY 50k 50000 Puff Disposable Vape Pod\" width=\"300\" height=\"300\" srcset=\"https:\/\/vapestornado.com\/wp-content\/uploads\/2025\/11\/HIFANCY-50k-50000-Puff-Disposable-Vape-Pod-300x300.webp 300w, https:\/\/vapestornado.com\/wp-content\/uploads\/2025\/11\/HIFANCY-50k-50000-Puff-Disposable-Vape-Pod-150x150.webp 150w, https:\/\/vapestornado.com\/wp-content\/uploads\/2025\/11\/HIFANCY-50k-50000-Puff-Disposable-Vape-Pod-768x768.webp 768w, https:\/\/vapestornado.com\/wp-content\/uploads\/2025\/11\/HIFANCY-50k-50000-Puff-Disposable-Vape-Pod-12x12.webp 12w, https:\/\/vapestornado.com\/wp-content\/uploads\/2025\/11\/HIFANCY-50k-50000-Puff-Disposable-Vape-Pod-600x600.webp 600w, https:\/\/vapestornado.com\/wp-content\/uploads\/2025\/11\/HIFANCY-50k-50000-Puff-Disposable-Vape-Pod-100x100.webp 100w, https:\/\/vapestornado.com\/wp-content\/uploads\/2025\/11\/HIFANCY-50k-50000-Puff-Disposable-Vape-Pod.webp 800w\" sizes=\"(max-width: 300px) 100vw, 300px\" \/><figcaption id=\"caption-attachment-4583\" class=\"wp-caption-text\">HIFANCY 50k 50000 Puff Disposable Vape Pod<\/figcaption><\/figure>\n<h2><strong>Lista smak\u00f3w Vapes Disposables HIFANCY SPACE 50000 Puff<\/strong><\/h2>\n<ol data-start=\"1965\" data-end=\"2239\">\n<li data-start=\"1965\" data-end=\"2017\">\n<p data-start=\"1968\" data-end=\"2017\">Lady Killa (Jagoda + Mango + Mi\u0119ta z \u017curawin\u0105)<\/p>\n<\/li>\n<li data-start=\"2018\" data-end=\"2034\">\n<p data-start=\"2021\" data-end=\"2034\">Mieszanka Jag\u00f3d<\/p>\n<\/li>\n<li data-start=\"2035\" data-end=\"2060\">\n<p data-start=\"2038\" data-end=\"2060\">Malinowy Arbuz<\/p>\n<\/li>\n<li data-start=\"2061\" data-end=\"2081\">\n<p data-start=\"2064\" data-end=\"2081\">Truskawka Kiwi<\/p>\n<\/li>\n<li data-start=\"2082\" data-end=\"2094\">\n<p data-start=\"2085\" data-end=\"2094\">Mi\u0142o\u015b\u0107 66<\/p>\n<\/li>\n<li data-start=\"2095\" data-end=\"2121\">\n<p data-start=\"2098\" data-end=\"2121\">Brzoskwinia, mango, ananas<\/p>\n<\/li>\n<li data-start=\"2122\" data-end=\"2172\">\n<p data-start=\"2125\" data-end=\"2172\">Sex on the Beach (Pomara\u0144cza + Brzoskwinia + Berries Rum)<\/p>\n<\/li>\n<li data-start=\"2173\" data-end=\"2202\">\n<p data-start=\"2176\" data-end=\"2202\">Kiwi Marakuja Guawa<\/p>\n<\/li>\n<li data-start=\"2203\" data-end=\"2219\">\n<p data-start=\"2206\" data-end=\"2219\">Grape Burst<\/p>\n<\/li>\n<li data-start=\"2220\" data-end=\"2239\">\n<p data-start=\"2224\" data-end=\"2239\">Jagodowy L\u00f3d<\/p>\n<\/li>\n<\/ol>\n<h2>Dlaczego warto wybra\u0107 Vapestornado do zakupu jednorazowych e-papieros\u00f3w online?<\/h2>\n<div class=\"flex-shrink-0 flex flex-col relative items-end\">\n<div class=\"pt-0\">\n<div class=\"gizmo-bot-avatar flex h-8 w-8 items-center justify-center overflow-hidden rounded-full\">\n<div class=\"relative p-1 rounded-sm flex items-center justify-center bg-token-main-surface-primary text-token-text-primary h-8 w-8\">\n<p data-start=\"648\" data-end=\"799\">Wybieraj\u0105c <strong data-start=\"189\" data-end=\"205\">Vapestornado<\/strong> jako swojego dostawc\u0119 dla <strong data-start=\"227\" data-end=\"261\">Elf Bar Moon Night 40000 Chmur<\/strong> oznacza to zapewnienie partnera, kt\u00f3ry rozumie potrzeby hurtownik\u00f3w i detalist\u00f3w z Polski. Skupiamy si\u0119 na szybkiej dostawie, zweryfikowanym stanie magazynowym i stabilnym d\u0142ugoterminowym zaopatrzeniu \u2014 kluczowych czynnikach dla firm sprzedaj\u0105cych produkty wysokowydajne, takie jak <strong data-start=\"489\" data-end=\"515\">Elf Bar Moon Night 40K<\/strong>. Ka\u017cda partia pochodzi bezpo\u015brednio z certyfikowanych kana\u0142\u00f3w, zapewniaj\u0105c autentyczno\u015b\u0107 produkt\u00f3w, siln\u0105 sp\u00f3jno\u015b\u0107 smaku i niezawodn\u0105 jako\u015b\u0107, spe\u0142niaj\u0105c oczekiwania polskich nabywc\u00f3w.<\/p>\n<p data-start=\"559\" data-end=\"933\" data-is-last-node=\"\" data-is-only-node=\"\">Mamy r\u00f3wnie\u017c inne popularne jednorazowe vape z ekranem, takie jak <a href=\"https:\/\/vapestornado.com\/pl\/product\/uzy-150k-puffs-6-in-1-flavor-switch-disposable-vape-pen-wholesale\/\">UZY 150K Puff vape z wymiennym smakiem<\/a>, <a href=\"https:\/\/vapestornado.com\/pl\/product\/vozol-rave-40k-40000-puffs-disposable-vape-smart-screen-5-nicotine\/\">VOZOL RAVE 40K Jednorazowe Vape<\/a>, <a href=\"https:\/\/vapestornado.com\/pl\/product\/waspe-150k-150000-puff-6-in-1-disposable-vape-pen-cartridge-best-wholesale-price-in-poland\/\">WASPE 150K Puff 6 w 1<\/a>, i wiele innych.<\/p>\n<p data-start=\"559\" data-end=\"933\" data-is-last-node=\"\" data-is-only-node=\"\">\n<\/div>\n<h2>FAQ dotycz\u0105ce HIFANCY SPACE 50000 Puff<\/h2>\n<div class=\"relative p-1 rounded-sm flex items-center justify-center bg-token-main-surface-primary text-token-text-primary h-8 w-8\">\n<p data-start=\"2756\" data-end=\"2893\"><strong data-start=\"2756\" data-end=\"2804\">1. Czy mo\u017cna zabra\u0107 jednorazowe e-papierosy na pok\u0142ad samolotu?<\/strong><br data-start=\"2804\" data-end=\"2807\" \/>Tak, ale musz\u0105 by\u0107 w baga\u017cu podr\u0119cznym, a nie w rejestrowanym, i zasady r\u00f3\u017cni\u0105 si\u0119 w zale\u017cno\u015bci od linii lotniczych.<\/p>\n<p data-start=\"2895\" data-end=\"3074\"><strong data-start=\"2895\" data-end=\"2931\">2. Jak dzia\u0142aj\u0105 jednorazowe e-papierosy?<\/strong><br data-start=\"2931\" data-end=\"2934\" \/>Jednorazowy e-papieros u\u017cywa nape\u0142nianego zbiornika, baterii i systemu drut\u00f3w siatkowych do podgrzewania p\u0142ynu i tworzenia pary bez konieczno\u015bci konserwacji.<\/p>\n<p data-start=\"3076\" data-end=\"3224\"><strong data-start=\"3076\" data-end=\"3139\">3. Jak u\u017cywa\u0107 jednorazowego e-papierosa, takiego jak HIFANCY SPACE 50k?<\/strong><br data-start=\"3139\" data-end=\"3142\" \/>Po prostu usu\u0144 opakowanie i wdychaj; inteligentny uk\u0142ad scalony aktywuje si\u0119 automatycznie.<\/p>\n<p data-start=\"3226\" data-end=\"3398\"><strong data-start=\"3226\" data-end=\"3272\">4. Gdzie kupi\u0107 jednorazowe e-papierosy w Polsce?<\/strong><br data-start=\"3272\" data-end=\"3275\" \/>Wi\u0119kszo\u015b\u0107 kupuj\u0105cych zaopatruje si\u0119 w licencjonowanych sklepach z e-papierosami lub hurtowych dostawcach oferuj\u0105cych <strong data-start=\"3346\" data-end=\"3376\">Szybka wysy\u0142ka z magazynu UE<\/strong> szybsz\u0105 dostaw\u0119.<\/p>\n<p data-start=\"3400\" data-end=\"3578\"><strong data-start=\"3400\" data-end=\"3476\">5. Czy wysokowydajne jednorazowe e-papierosy, takie jak HIFANCY SPACE 50000, s\u0105 tego warte?<\/strong><br data-start=\"3476\" data-end=\"3479\" \/>Dla u\u017cytkownik\u00f3w poszukuj\u0105cych d\u0142ugiego czasu pracy i stabilnego smaku, urz\u0105dzenie 50k oferuje doskona\u0142\u0105 warto\u015b\u0107.<\/p>\n<\/div>\n<\/div>\n<\/div>\n<\/div>","protected":false},"excerpt":{"rendered":"<article class=\"text-token-text-primary w-full focus:outline-none [--shadow-height:45px] has-data-writing-block:pointer-events-none has-data-writing-block:-mt-(--shadow-height) has-data-writing-block:pt-(--shadow-height) [&amp;:has([data-writing-block])&gt;*]:pointer-events-auto [content-visibility:auto] supports-[content-visibility:auto]:[contain-intrinsic-size:auto_100lvh] scroll-mt-[calc(var(--header-height)+min(200px,max(70px,20svh)))]\" dir=\"auto\" tabindex=\"-1\" data-turn-id=\"86ca9d92-7a10-4e6b-bda0-15f9df36adca\" data-testid=\"conversation-turn-120\" data-scroll-anchor=\"true\" data-turn=\"assistant\">\n<div class=\"text-base my-auto mx-auto pb-10 [--thread-content-margin:--spacing(4)] thread-sm:[--thread-content-margin:--spacing(6)] thread-lg:[--thread-content-margin:--spacing(16)] px-(--thread-content-margin)\">\n<div class=\"[--thread-content-max-width:40rem] thread-lg:[--thread-content-max-width:48rem] mx-auto max-w-(--thread-content-max-width) flex-1 group\/turn-messages focus-visible:outline-hidden relative flex w-full min-w-0 flex-col agent-turn\" tabindex=\"-1\">\n<div class=\"flex max-w-full flex-col grow\">\n<div class=\"min-h-8 text-message relative flex w-full flex-col items-end gap-2 text-start break-words whitespace-normal [.text-message+&amp;]:mt-1\" dir=\"auto\" data-message-author-role=\"assistant\" data-message-id=\"43b070d6-bf28-4fbe-8049-1032a61ea3ac\" data-message-model-slug=\"gpt-5\">\n<div class=\"flex w-full flex-col gap-1 empty:hidden first:pt-[1px]\">\n<div class=\"markdown prose dark:prose-invert w-full break-words light markdown-new-styling\">\n<article class=\"text-token-text-primary w-full focus:outline-none [--shadow-height:45px] has-data-writing-block:pointer-events-none has-data-writing-block:-mt-(--shadow-height) has-data-writing-block:pt-(--shadow-height) [&amp;:has([data-writing-block])&gt;*]:pointer-events-auto [content-visibility:auto] supports-[content-visibility:auto]:[contain-intrinsic-size:auto_100lvh] scroll-mt-[calc(var(--header-height)+min(200px,max(70px,20svh)))]\" dir=\"auto\" tabindex=\"-1\" data-turn-id=\"4d6f00b8-d41a-438b-8912-05a895842882\" data-testid=\"conversation-turn-130\" data-scroll-anchor=\"true\" data-turn=\"assistant\">\n<div class=\"text-base my-auto mx-auto pb-10 [--thread-content-margin:--spacing(4)] thread-sm:[--thread-content-margin:--spacing(6)] thread-lg:[--thread-content-margin:--spacing(16)] px-(--thread-content-margin)\">\n<div class=\"[--thread-content-max-width:40rem] thread-lg:[--thread-content-max-width:48rem] mx-auto max-w-(--thread-content-max-width) flex-1 group\/turn-messages focus-visible:outline-hidden relative flex w-full min-w-0 flex-col agent-turn\" tabindex=\"-1\">\n<div class=\"flex max-w-full flex-col grow\">\n<div class=\"min-h-8 text-message relative flex w-full flex-col items-end gap-2 text-start break-words whitespace-normal [.text-message+&amp;]:mt-1\" dir=\"auto\" data-message-author-role=\"assistant\" data-message-id=\"f3c520bf-c043-4392-87ea-b3bf1b3ae6d3\" data-message-model-slug=\"gpt-5-1\">\n<div class=\"flex w-full flex-col gap-1 empty:hidden first:pt-[1px]\">\n<div class=\"markdown prose dark:prose-invert w-full break-words light markdown-new-styling\">\n<p data-start=\"280\" data-end=\"360\"><strong data-start=\"280\" data-end=\"358\">HIFANCY SPACE 50000 Ekran Vape \u2013 50k Jednorazowy Zestaw z Szybk\u0105 Wysy\u0142k\u0105 EU<\/strong><\/p>\n<p data-start=\"364\" data-end=\"456\"><strong data-start=\"364\" data-end=\"454\">HIFANCY SPACE 50k Jednorazowy Zestaw Vape dla Hurtowych Kupuj\u0105cych \u2013 Silny Smak, Niska Cena<\/strong><\/p>\n<p data-start=\"460\" data-end=\"550\"><strong data-start=\"460\" data-end=\"550\">Hurtowa Kupno HIFANCY SPACE 50000 Puffs \u2013 Magazyn EU Szybka Dostawa, Tanie Hurtowe<\/strong><\/p>\n<\/div>\n<\/div>\n<\/div>\n<\/div>\n<\/div>\n<\/div>\n<\/article>\n<div class=\"pointer-events-none h-px w-px\" aria-hidden=\"true\" data-edge=\"true\"><\/div>\n<\/div>\n<\/div>\n<\/div>\n<\/div>\n<\/div>\n<\/div>\n<\/article>\n<p><img fetchpriority=\"high\" decoding=\"async\" class=\"size-full wp-image-2932\" src=\"https:\/\/vapestornado.com\/wp-content\/uploads\/2024\/12\/Vape-Wholesale.jpg\" alt=\"Hurtowa sprzeda\u017c e-papieros\u00f3w\" width=\"229\" height=\"300\" \/><\/p>\n<h3><a href=\"https:\/\/wa.me\/8617776015835\"><span style=\"color: #ff0000;\"><strong>WhatsApp: +86 17776015835<\/strong><\/span><\/a><\/h3>\n<p>&nbsp;<\/p>","protected":false},"featured_media":4584,"comment_status":"open","ping_status":"closed","template":"","meta":{"_acf_changed":false,"_uag_custom_page_level_css":"","_lmt_disableupdate":"no","_lmt_disable":"","_monsterinsights_skip_tracking":false,"_monsterinsights_sitenote_active":false,"_monsterinsights_sitenote_note":"","_monsterinsights_sitenote_category":0,"site-sidebar-layout":"default","site-content-layout":"","ast-site-content-layout":"default","site-content-style":"default","site-sidebar-style":"default","ast-global-header-display":"","ast-banner-title-visibility":"","ast-main-header-display":"","ast-hfb-above-header-display":"","ast-hfb-below-header-display":"","ast-hfb-mobile-header-display":"","site-post-title":"","ast-breadcrumbs-content":"","ast-featured-img":"","footer-sml-layout":"","ast-disable-related-posts":"","theme-transparent-header-meta":"default","adv-header-id-meta":"","stick-header-meta":"","header-above-stick-meta":"","header-main-stick-meta":"","header-below-stick-meta":"","astra-migrate-meta-layouts":"set","ast-page-background-enabled":"default","ast-page-background-meta":{"desktop":{"background-color":"","background-image":"","background-repeat":"repeat","background-position":"center center","background-size":"auto","background-attachment":"scroll","background-type":"","background-media":"","overlay-type":"","overlay-color":"","overlay-opacity":"","overlay-gradient":""},"tablet":{"background-color":"","background-image":"","background-repeat":"repeat","background-position":"center center","background-size":"auto","background-attachment":"scroll","background-type":"","background-media":"","overlay-type":"","overlay-color":"","overlay-opacity":"","overlay-gradient":""},"mobile":{"background-color":"","background-image":"","background-repeat":"repeat","background-position":"center center","background-size":"auto","background-attachment":"scroll","background-type":"","background-media":"","overlay-type":"","overlay-color":"","overlay-opacity":"","overlay-gradient":""}},"ast-content-background-meta":{"desktop":{"background-color":"var(--ast-global-color-5)","background-image":"","background-repeat":"repeat","background-position":"center center","background-size":"auto","background-attachment":"scroll","background-type":"","background-media":"","overlay-type":"","overlay-color":"","overlay-opacity":"","overlay-gradient":""},"tablet":{"background-color":"var(--ast-global-color-5)","background-image":"","background-repeat":"repeat","background-position":"center center","background-size":"auto","background-attachment":"scroll","background-type":"","background-media":"","overlay-type":"","overlay-color":"","overlay-opacity":"","overlay-gradient":""},"mobile":{"background-color":"var(--ast-global-color-5)","background-image":"","background-repeat":"repeat","background-position":"center center","background-size":"auto","background-attachment":"scroll","background-type":"","background-media":"","overlay-type":"","overlay-color":"","overlay-opacity":"","overlay-gradient":""}},"_joinchat":{"telephone":"17776015835"}},"product_brand":[],"product_cat":[192,149,150,151,157,146],"product_tag":[105,446,447,448,436,268,445],"class_list":{"0":"post-4588","1":"product","2":"type-product","3":"status-publish","4":"has-post-thumbnail","6":"product_cat-50000-puff","7":"product_cat-buy-disposable-vapes-in-austria","8":"product_cat-buy-disposable-vapes-in-belgium","9":"product_cat-buy-disposable-vapes-in-france","10":"product_cat-buy-disposable-vapes-in-portugal","11":"product_cat-rechargeable-disposable-vapes","12":"product_tag-digital-disposable-vape","13":"product_tag-disposable-vape-kit","14":"product_tag-hifancy-space-50000","15":"product_tag-hifancy-space-50k","16":"product_tag-shop-vape-online","17":"product_tag-touch-screen-vape","18":"product_tag-vape-eu-warehouse-fast-shipping","19":"desktop-align-left","20":"tablet-align-left","21":"mobile-align-left","23":"first","24":"instock","25":"sale","26":"shipping-taxable","27":"purchasable","28":"product-type-simple"},"acf":[],"uagb_featured_image_src":{"full":["https:\/\/vapestornado.com\/wp-content\/uploads\/2025\/11\/HIFANCY-50000-50k-Puff-Disposable-Vape-Wholesale.webp",800,800,false],"thumbnail":["https:\/\/vapestornado.com\/wp-content\/uploads\/2025\/11\/HIFANCY-50000-50k-Puff-Disposable-Vape-Wholesale-150x150.webp",150,150,true],"medium":["https:\/\/vapestornado.com\/wp-content\/uploads\/2025\/11\/HIFANCY-50000-50k-Puff-Disposable-Vape-Wholesale-300x300.webp",300,300,true],"medium_large":["https:\/\/vapestornado.com\/wp-content\/uploads\/2025\/11\/HIFANCY-50000-50k-Puff-Disposable-Vape-Wholesale-768x768.webp",768,768,true],"large":["https:\/\/vapestornado.com\/wp-content\/uploads\/2025\/11\/HIFANCY-50000-50k-Puff-Disposable-Vape-Wholesale.webp",800,800,false],"1536x1536":["https:\/\/vapestornado.com\/wp-content\/uploads\/2025\/11\/HIFANCY-50000-50k-Puff-Disposable-Vape-Wholesale.webp",800,800,false],"2048x2048":["https:\/\/vapestornado.com\/wp-content\/uploads\/2025\/11\/HIFANCY-50000-50k-Puff-Disposable-Vape-Wholesale.webp",800,800,false],"trp-custom-language-flag":["https:\/\/vapestornado.com\/wp-content\/uploads\/2025\/11\/HIFANCY-50000-50k-Puff-Disposable-Vape-Wholesale-12x12.webp",12,12,true],"woocommerce_thumbnail":["https:\/\/vapestornado.com\/wp-content\/uploads\/2025\/11\/HIFANCY-50000-50k-Puff-Disposable-Vape-Wholesale-300x300.webp",300,300,true],"woocommerce_single":["https:\/\/vapestornado.com\/wp-content\/uploads\/2025\/11\/HIFANCY-50000-50k-Puff-Disposable-Vape-Wholesale-600x600.webp",600,600,true],"woocommerce_gallery_thumbnail":["https:\/\/vapestornado.com\/wp-content\/uploads\/2025\/11\/HIFANCY-50000-50k-Puff-Disposable-Vape-Wholesale-100x100.webp",100,100,true]},"uagb_author_info":{"display_name":"ESAMY","author_link":"https:\/\/vapestornado.com\/pl\/author\/"},"uagb_comment_info":0,"uagb_excerpt":"HIFANCY SPACE 50000 Screen Vape \u2013 50k Disposable Kit with EU Fast Shipping HIFANCY SPACE 50k Disposable Vape Kit for Wholesale Buyers \u2013 Strong Flavour, Low Price Bulk Buy HIFANCY SPACE 50000 Puffs \u2013 EU Warehouse Fast Delivery, Cheap Wholesale WhatsApp: +86 17776015835 &nbsp;","_links":{"self":[{"href":"https:\/\/vapestornado.com\/pl\/wp-json\/wp\/v2\/product\/4588","targetHints":{"allow":["GET"]}}],"collection":[{"href":"https:\/\/vapestornado.com\/pl\/wp-json\/wp\/v2\/product"}],"about":[{"href":"https:\/\/vapestornado.com\/pl\/wp-json\/wp\/v2\/types\/product"}],"replies":[{"embeddable":true,"href":"https:\/\/vapestornado.com\/pl\/wp-json\/wp\/v2\/comments?post=4588"}],"wp:featuredmedia":[{"embeddable":true,"href":"https:\/\/vapestornado.com\/pl\/wp-json\/wp\/v2\/media\/4584"}],"wp:attachment":[{"href":"https:\/\/vapestornado.com\/pl\/wp-json\/wp\/v2\/media?parent=4588"}],"wp:term":[{"taxonomy":"product_brand","embeddable":true,"href":"https:\/\/vapestornado.com\/pl\/wp-json\/wp\/v2\/product_brand?post=4588"},{"taxonomy":"product_cat","embeddable":true,"href":"https:\/\/vapestornado.com\/pl\/wp-json\/wp\/v2\/product_cat?post=4588"},{"taxonomy":"product_tag","embeddable":true,"href":"https:\/\/vapestornado.com\/pl\/wp-json\/wp\/v2\/product_tag?post=4588"}],"curies":[{"name":"wp","href":"https:\/\/api.w.org\/{rel}","templated":true}]}}