{"id":4582,"date":"2025-11-20T09:22:11","date_gmt":"2025-11-20T09:22:11","guid":{"rendered":"https:\/\/vapestornado.com\/?post_type=product&#038;p=4582"},"modified":"2025-11-20T09:36:36","modified_gmt":"2025-11-20T09:36:36","slug":"hifancy-dream-45k-45000-puffs-disposable-vape-kit-fast-shipping-from-eu-warehouse","status":"publish","type":"product","link":"https:\/\/vapestornado.com\/pl\/product\/hifancy-dream-45k-45000-puffs-disposable-vape-kit-fast-shipping-from-eu-warehouse\/","title":{"rendered":"HiFancy Dream 45k 45000 Wydmuchiwania Jednorazowy Zestaw Vape Szybka Wysy\u0142ka z Magazynu UE"},"content":{"rendered":"<h2 data-pm-slice=\"1 1 []\">HiFancy Dream 45k 45000 Wydmuchiwania Jednorazowy Zestaw Vape \u2014 Szybka Wysy\u0142ka z Magazynu UE<\/h2>\n<p data-start=\"522\" data-end=\"892\">Cyfrowy ekran <strong data-start=\"526\" data-end=\"547\">HiFancy Dream 45k<\/strong> zosta\u0142 stworzony dla sprzedawc\u00f3w detalicznych, kt\u00f3rzy potrzebuj\u0105 niezawodnego, wysokowydajnego urz\u0105dzenia, kt\u00f3re sprosta zapotrzebowaniu na szybko rosn\u0105cym rynku jednorazowych vape w Polsce. Pozycjonowany jako <strong data-start=\"704\" data-end=\"727\">Zestaw Vape Jednorazowy<\/strong> z imponuj\u0105c\u0105 wytrzyma\u0142o\u015bci\u0105 i stabiln\u0105 wydajno\u015bci\u0105, zapewnia hurtownikom niezawodny produkt, kt\u00f3ry szybko si\u0119 sprzedaje we Francji, W\u0142oszech, Hiszpanii, Niemczech i innych regionach UE.<\/p>\n<p data-start=\"894\" data-end=\"1347\">Zaprojektowany z <strong data-start=\"912\" data-end=\"925\">zbiornik 39ml<\/strong>, <strong data-start=\"927\" data-end=\"958\">akumulator o pojemno\u015bci 650 mAh<\/strong>, oraz w <strong data-start=\"964\" data-end=\"984\">podw\u00f3jna siatka grzewcza<\/strong>, <strong data-start=\"990\" data-end=\"1013\">HiFancy Dream 45000<\/strong> zapewnia czysty smak i mocn\u0105 produkcj\u0119 pary. Dzi\u0119ki inteligentnemu <strong data-start=\"1085\" data-end=\"1118\">wy\u015bwietlacz cyfrowy poziomu baterii<\/strong>, u\u017cytkownicy zawsze znaj\u0105 pozosta\u0142y poziom na\u0142adowania, co zmniejsza skargi i poprawia codzienn\u0105 satysfakcj\u0119. Ultra-wysoka liczba wydmuchiwa\u0144 i stabilny system przep\u0142ywu powietrza czyni\u0105 go praktycznym wyborem dla vaper\u00f3w, kt\u00f3rzy chc\u0105 d\u0142ugotrwa\u0142o\u015bci bez komplikacji.<\/p>\n<p data-start=\"1349\" data-end=\"1737\">detali\u015bci z Polski korzystaj\u0105 z <strong data-start=\"1381\" data-end=\"1421\">szybkiej wysy\u0142ki vape z magazynu UE<\/strong>, skracaj\u0105c czas oczekiwania i ryzyko importu. Projekt jest odpowiedni dla m\u0119\u017cczyzn w wieku 25\u201335 lat, szukaj\u0105cych prostego, mocnego urz\u0105dzenia z jednolit\u0105 dostaw\u0105 smaku. Niezale\u017cnie od tego, czy Twoi klienci wol\u0105 mieszanki owocowe, czy ch\u0142odne klasyki, <strong data-start=\"1637\" data-end=\"1658\">HiFancy Dream 45k<\/strong> pozostaje g\u0142adki od pocz\u0105tku do ko\u0144ca dzi\u0119ki strukturze oddzielenia oleju od rdzenia.<\/p>\n<p data-start=\"666\" data-end=\"1235\"><strong style=\"font-size: 16px;\"><span style=\"color: #ff0000;\">Dodaj Amy na WhatsApp, aby uzyska\u0107 szybk\u0105 odpowied\u017a i cen\u0119 ze zni\u017ck\u0105!<\/span><\/strong><\/p>\n<p><img fetchpriority=\"high\" decoding=\"async\" class=\"size-full wp-image-2932\" src=\"https:\/\/vapestornado.com\/wp-content\/uploads\/2024\/12\/Vape-Wholesale.jpg\" alt=\"Hurtowa sprzeda\u017c e-papieros\u00f3w\" width=\"229\" height=\"300\" \/><\/p>\n<h3><a href=\"https:\/\/wa.me\/8617776015835\" target=\"_blank\" rel=\"noopener\"><span style=\"color: #ff0000;\"><strong>WhatsApp: +86 17776015835<\/strong><\/span><\/a><\/h3>\n<p>&nbsp;<\/p>\n<h2><strong>Co wyr\u00f3\u017cnia jednorazowy e-papieros HiFancy Dream 45k Puff?<\/strong><\/h2>\n<ol data-start=\"246\" data-end=\"1434\">\n<li data-start=\"246\" data-end=\"361\">\n<p data-start=\"249\" data-end=\"361\"><strong data-start=\"249\" data-end=\"273\">Pojemno\u015b\u0107 45000 puf\u00f3w<\/strong>: Zapewnia d\u0142ugotrwa\u0142\u0105 wydajno\u015b\u0107 bez konieczno\u015bci cz\u0119stej wymiany urz\u0105dzenia.<\/p>\n<\/li>\n<li data-start=\"362\" data-end=\"503\">\n<p data-start=\"365\" data-end=\"503\"><strong data-start=\"365\" data-end=\"408\">Tr\u00f3jtrybowy system (ECO \/ Soft \/ Boost)<\/strong>: Umo\u017cliwia u\u017cytkownikom natychmiastowe prze\u0142\u0105czanie mi\u0119dzy trybami oszcz\u0119dzania energii, p\u0142ynnego lub wysokiego efektu waporyzacji.<\/p>\n<\/li>\n<li data-start=\"504\" data-end=\"611\">\n<p data-start=\"507\" data-end=\"611\"><strong data-start=\"507\" data-end=\"535\">Kolorowy wy\u015bwietlacz inteligentny<\/strong>: Wy\u015bwietla poziom baterii i e-liquidu w czytelny spos\u00f3b, umo\u017cliwiaj\u0105c \u0142atwy monitoring w czasie rzeczywistym.<\/p>\n<\/li>\n<li data-start=\"612\" data-end=\"746\">\n<p data-start=\"615\" data-end=\"746\"><strong data-start=\"615\" data-end=\"637\">Pojemnik na e-liquid 20mL<\/strong>: Zapewnia du\u017c\u0105 rezerw\u0119, aby utrzyma\u0107 sp\u00f3jny smak i ilo\u015b\u0107 pary przez ca\u0142y okres u\u017cytkowania urz\u0105dzenia.<\/p>\n<\/li>\n<li data-start=\"747\" data-end=\"859\">\n<p data-start=\"750\" data-end=\"859\"><strong data-start=\"750\" data-end=\"788\">Akumulator typu C 850mAh z mo\u017cliwo\u015bci\u0105 \u0142adowania<\/strong>: Oferuje du\u017c\u0105 wytrzyma\u0142o\u015b\u0107 i szybkie \u0142adowanie do intensywnego u\u017cytkowania przez ca\u0142y dzie\u0144.<\/p>\n<\/li>\n<li data-start=\"860\" data-end=\"971\">\n<p data-start=\"863\" data-end=\"971\"><strong data-start=\"863\" data-end=\"891\">Podw\u00f3jna struktura grza\u0142ki mesh<\/strong>: Zwi\u0119ksza g\u0119sto\u015b\u0107 pary i poprawia klarowno\u015b\u0107 smaku, zapewniaj\u0105c bogatsze i pe\u0142niejsze doznania smakowe.<\/p>\n<\/li>\n<li data-start=\"972\" data-end=\"1099\">\n<p data-start=\"975\" data-end=\"1099\"><strong data-start=\"975\" data-end=\"1002\">Wielorodne opcje smakowe<\/strong>: Oferuje szeroki wyb\u00f3r owocowych, mro\u017anych i s\u0142odkich mieszanek, dopasowanych do r\u00f3\u017cnych preferencji.<\/p>\n<\/li>\n<li data-start=\"1100\" data-end=\"1223\">\n<p data-start=\"1103\" data-end=\"1223\"><strong data-start=\"1103\" data-end=\"1131\">Wysokiej jako\u015bci estetyczny design<\/strong>: Wyposa\u017cony w stylowe wyko\u0144czenie wysokiej jako\u015bci, kt\u00f3re przemawia do nowoczesnych i modnych u\u017cytkownik\u00f3w.<\/p>\n<\/li>\n<li data-start=\"1224\" data-end=\"1319\">\n<p data-start=\"1227\" data-end=\"1319\"><strong data-start=\"1227\" data-end=\"1253\">Optymalizowana \u015bcie\u017cka przep\u0142ywu powietrza<\/strong>: Zapewnia p\u0142ynne, stabilne zaci\u0105gni\u0119cie od pierwszego do ostatniego pufa.<\/p>\n<\/li>\n<li data-start=\"1320\" data-end=\"1434\">\n<p data-start=\"1324\" data-end=\"1434\"><strong data-start=\"1324\" data-end=\"1348\">Inteligentny uk\u0142ad wyj\u015bciowy chipsetu<\/strong>: Utrzymuje sta\u0142\u0105 wydajno\u015b\u0107 i dostarczanie smaku podczas ca\u0142ego cyklu wapowania.<\/p>\n<\/li>\n<\/ol>\n<h2><strong>Lista smak\u00f3w jednorazowych e-papieros\u00f3w HiFancy Dream 45k Puffs<\/strong><\/h2>\n<h1 data-start=\"1744\" data-end=\"1781\"><\/h1>\n<ol data-start=\"1783\" data-end=\"2063\">\n<li data-start=\"1783\" data-end=\"1802\">\n<p data-start=\"1786\" data-end=\"1802\">Arbuzowy l\u00f3d<\/p>\n<\/li>\n<li data-start=\"1803\" data-end=\"1855\">\n<p data-start=\"1806\" data-end=\"1855\">Letni Sen (winogrono + pomara\u0144cza + cytryna + redbull)<\/p>\n<\/li>\n<li data-start=\"1856\" data-end=\"1869\">\n<p data-start=\"1859\" data-end=\"1869\">Cola L\u00f3d<\/p>\n<\/li>\n<li data-start=\"1870\" data-end=\"1888\">\n<p data-start=\"1873\" data-end=\"1888\">Niebieska Malina z Lodem<\/p>\n<\/li>\n<li data-start=\"1889\" data-end=\"1911\">\n<p data-start=\"1892\" data-end=\"1911\">Truskawkowo-Bananowy<\/p>\n<\/li>\n<li data-start=\"1912\" data-end=\"1931\">\n<p data-start=\"1915\" data-end=\"1931\">Truskawkowe lody<\/p>\n<\/li>\n<li data-start=\"1932\" data-end=\"1959\">\n<p data-start=\"1935\" data-end=\"1959\">Brzoskwinia Mango Arbuz<\/p>\n<\/li>\n<li data-start=\"1960\" data-end=\"1980\">\n<p data-start=\"1963\" data-end=\"1980\">Soczysta Brzoskwinia z Lodem<\/p>\n<\/li>\n<li data-start=\"1981\" data-end=\"2046\">\n<p data-start=\"1984\" data-end=\"2046\">Love 66 (arbuz + melon honeydew + marakuja + mi\u0119ta)<\/p>\n<\/li>\n<li data-start=\"2047\" data-end=\"2063\">\n<p data-start=\"2051\" data-end=\"2063\">Cytryna Lime<\/p>\n<\/li>\n<\/ol>\n<figure id=\"attachment_4576\" aria-describedby=\"caption-attachment-4576\" style=\"width: 300px\" class=\"wp-caption alignnone\"><img decoding=\"async\" class=\"size-medium wp-image-4576\" src=\"https:\/\/vapestornado.com\/wp-content\/uploads\/2025\/11\/Hifancy-Dream-45k-Puff-Disposable-Vape-300x300.webp\" alt=\"Hifancy Dream 45k Puffs Jednorazowy e-papieros\" width=\"300\" height=\"300\" srcset=\"https:\/\/vapestornado.com\/wp-content\/uploads\/2025\/11\/Hifancy-Dream-45k-Puff-Disposable-Vape-300x300.webp 300w, https:\/\/vapestornado.com\/wp-content\/uploads\/2025\/11\/Hifancy-Dream-45k-Puff-Disposable-Vape-150x150.webp 150w, https:\/\/vapestornado.com\/wp-content\/uploads\/2025\/11\/Hifancy-Dream-45k-Puff-Disposable-Vape-768x768.webp 768w, https:\/\/vapestornado.com\/wp-content\/uploads\/2025\/11\/Hifancy-Dream-45k-Puff-Disposable-Vape-12x12.webp 12w, https:\/\/vapestornado.com\/wp-content\/uploads\/2025\/11\/Hifancy-Dream-45k-Puff-Disposable-Vape-600x600.webp 600w, https:\/\/vapestornado.com\/wp-content\/uploads\/2025\/11\/Hifancy-Dream-45k-Puff-Disposable-Vape-100x100.webp 100w, https:\/\/vapestornado.com\/wp-content\/uploads\/2025\/11\/Hifancy-Dream-45k-Puff-Disposable-Vape.webp 800w\" sizes=\"(max-width: 300px) 100vw, 300px\" \/><figcaption id=\"caption-attachment-4576\" class=\"wp-caption-text\">Hifancy Dream 45k Puffs Jednorazowy e-papieros<\/figcaption><\/figure>\n<h2>Dlaczego warto wybra\u0107 Vapestornado do zakupu hurtowego jednorazowych e-papieros\u00f3w?<\/h2>\n<div class=\"flex-shrink-0 flex flex-col relative items-end\">\n<div class=\"pt-0\">\n<div class=\"gizmo-bot-avatar flex h-8 w-8 items-center justify-center overflow-hidden rounded-full\">\n<div class=\"relative p-1 rounded-sm flex items-center justify-center bg-token-main-surface-primary text-token-text-primary h-8 w-8\">\n<p data-start=\"648\" data-end=\"799\">Wybieraj\u0105c <strong data-start=\"189\" data-end=\"205\">Vapestornado<\/strong> jako swojego dostawc\u0119 dla <strong data-start=\"227\" data-end=\"261\">Elf Bar Moon Night 40000 Chmur<\/strong> oznacza to zapewnienie partnera, kt\u00f3ry rozumie potrzeby hurtownik\u00f3w i detalist\u00f3w z Polski. Skupiamy si\u0119 na szybkiej dostawie, zweryfikowanym stanie magazynowym i stabilnym d\u0142ugoterminowym zaopatrzeniu \u2014 kluczowych czynnikach dla firm sprzedaj\u0105cych produkty wysokowydajne, takie jak <strong data-start=\"489\" data-end=\"515\">Elf Bar Moon Night 40K<\/strong>. Ka\u017cda partia pochodzi bezpo\u015brednio z certyfikowanych kana\u0142\u00f3w, zapewniaj\u0105c autentyczno\u015b\u0107 produkt\u00f3w, siln\u0105 sp\u00f3jno\u015b\u0107 smaku i niezawodn\u0105 jako\u015b\u0107, spe\u0142niaj\u0105c oczekiwania polskich nabywc\u00f3w.<\/p>\n<p data-start=\"559\" data-end=\"933\" data-is-last-node=\"\" data-is-only-node=\"\">Mamy r\u00f3wnie\u017c inne popularne jednorazowe vape z ekranem, takie jak <a href=\"https:\/\/vapestornado.com\/pl\/product\/uzy-150k-puffs-6-in-1-flavor-switch-disposable-vape-pen-wholesale\/\">UZY 150K Puff vape z wymiennym smakiem<\/a>, <a href=\"https:\/\/vapestornado.com\/pl\/product\/vozol-rave-40k-40000-puffs-disposable-vape-smart-screen-5-nicotine\/\">VOZOL RAVE 40K Jednorazowe Vape<\/a>, <a href=\"https:\/\/vapestornado.com\/pl\/product\/waspe-150k-150000-puff-6-in-1-disposable-vape-pen-cartridge-best-wholesale-price-in-poland\/\">WASPE 150K Puff 6 w 1<\/a>, i wiele innych.<\/p>\n<p data-start=\"559\" data-end=\"933\" data-is-last-node=\"\" data-is-only-node=\"\">\n<\/div>\n<h2>FAQ dotycz\u0105ce HiFancy Dream 45k<\/h2>\n<div class=\"relative p-1 rounded-sm flex items-center justify-center bg-token-main-surface-primary text-token-text-primary h-8 w-8\">\n<h3 data-start=\"2713\" data-end=\"2767\"><strong data-start=\"2717\" data-end=\"2765\">1. Jak d\u0142ugo dzia\u0142a HiFancy Dream 45k?<\/strong><\/h3>\n<p data-start=\"2768\" data-end=\"2924\">Cyfrowy ekran <strong data-start=\"2772\" data-end=\"2793\">HiFancy Dream 45k<\/strong> oferuje do <strong data-start=\"2807\" data-end=\"2823\">45 000 puffs<\/strong>, wspierany przez zbiornik o pojemno\u015bci 39 ml i akumulator o pojemno\u015bci 650 mAh, zapewniaj\u0105cy wi\u0119kszo\u015bci u\u017cytkownik\u00f3w d\u0142ugotrwa\u0142e u\u017cytkowanie przez kilka dni.<\/p>\n<h3 data-start=\"2926\" data-end=\"2984\"><strong data-start=\"2930\" data-end=\"2982\">2. Czy HiFancy Dream 45000 u\u017cywa cewki mesh?<\/strong><\/h3>\n<p data-start=\"2985\" data-end=\"3103\">Tak. Posiada <strong data-start=\"3004\" data-end=\"3024\">podw\u00f3jna siatka grzewcza<\/strong> dla silniejszej klarowno\u015bci smaku i g\u0142adszej pary podczas ca\u0142ego cyklu puffs.<\/p>\n<h3 data-start=\"3105\" data-end=\"3159\"><strong data-start=\"3109\" data-end=\"3157\">3. Co przyspiesza wysy\u0142k\u0119 dla kupuj\u0105cych z UE?<\/strong><\/h3>\n<p data-start=\"3160\" data-end=\"3297\">Produkt wysy\u0142any jest bezpo\u015brednio z <strong data-start=\"3195\" data-end=\"3211\">magazynie UE<\/strong>, zapewniaj\u0105c szybsz\u0105 dostaw\u0119 i unikaj\u0105c d\u0142ugich op\u00f3\u017anie\u0144 celnych dla europejskich hurtownik\u00f3w.<\/p>\n<h3 data-start=\"3299\" data-end=\"3364\"><strong data-start=\"3303\" data-end=\"3362\">4. Czy HiFancy Dream 45k ma wska\u017anik na\u0142adowania baterii?<\/strong><\/h3>\n<p data-start=\"3365\" data-end=\"3499\">Tak. W <strong data-start=\"3372\" data-end=\"3405\">wy\u015bwietlacz cyfrowy poziomu baterii<\/strong> pokazuje poziom na\u0142adowania baterii w czasie rzeczywistym, zwi\u0119kszaj\u0105c zaufanie u\u017cytkownika i redukuj\u0105c niespodziewan\u0105 utrat\u0119 mocy.<\/p>\n<h3 data-start=\"3501\" data-end=\"3571\"><strong data-start=\"3505\" data-end=\"3569\">5. Jakie s\u0105 najpopularniejsze smaki HiFancy Dream 45000?<\/strong><\/h3>\n<p data-start=\"3572\" data-end=\"3733\">Popularne wybory to <strong data-start=\"3596\" data-end=\"3614\">Arbuzowy l\u00f3d<\/strong>, <strong data-start=\"3616\" data-end=\"3633\">Niebieska Malina z Lodem<\/strong>, <strong data-start=\"3635\" data-end=\"3646\">Mi\u0142o\u015b\u0107 66<\/strong>, oraz w <strong data-start=\"3652\" data-end=\"3678\">Brzoskwinia Mango Arbuz<\/strong>, cenione za zr\u00f3wnowa\u017con\u0105 s\u0142odycz i ch\u0142odny finisz.<\/p>\n<\/div>\n<\/div>\n<\/div>\n<\/div>","protected":false},"excerpt":{"rendered":"<article class=\"text-token-text-primary w-full focus:outline-none [--shadow-height:45px] has-data-writing-block:pointer-events-none has-data-writing-block:-mt-(--shadow-height) has-data-writing-block:pt-(--shadow-height) [&amp;:has([data-writing-block])&gt;*]:pointer-events-auto [content-visibility:auto] supports-[content-visibility:auto]:[contain-intrinsic-size:auto_100lvh] scroll-mt-[calc(var(--header-height)+min(200px,max(70px,20svh)))]\" dir=\"auto\" tabindex=\"-1\" data-turn-id=\"86ca9d92-7a10-4e6b-bda0-15f9df36adca\" data-testid=\"conversation-turn-120\" data-scroll-anchor=\"true\" data-turn=\"assistant\">\n<div class=\"text-base my-auto mx-auto pb-10 [--thread-content-margin:--spacing(4)] thread-sm:[--thread-content-margin:--spacing(6)] thread-lg:[--thread-content-margin:--spacing(16)] px-(--thread-content-margin)\">\n<div class=\"[--thread-content-max-width:40rem] thread-lg:[--thread-content-max-width:48rem] mx-auto max-w-(--thread-content-max-width) flex-1 group\/turn-messages focus-visible:outline-hidden relative flex w-full min-w-0 flex-col agent-turn\" tabindex=\"-1\">\n<div class=\"flex max-w-full flex-col grow\">\n<div class=\"min-h-8 text-message relative flex w-full flex-col items-end gap-2 text-start break-words whitespace-normal [.text-message+&amp;]:mt-1\" dir=\"auto\" data-message-author-role=\"assistant\" data-message-id=\"43b070d6-bf28-4fbe-8049-1032a61ea3ac\" data-message-model-slug=\"gpt-5\">\n<div class=\"flex w-full flex-col gap-1 empty:hidden first:pt-[1px]\">\n<div class=\"markdown prose dark:prose-invert w-full break-words light markdown-new-styling\">\n<article class=\"text-token-text-primary w-full focus:outline-none [--shadow-height:45px] has-data-writing-block:pointer-events-none has-data-writing-block:-mt-(--shadow-height) has-data-writing-block:pt-(--shadow-height) [&amp;:has([data-writing-block])&gt;*]:pointer-events-auto [content-visibility:auto] supports-[content-visibility:auto]:[contain-intrinsic-size:auto_100lvh] scroll-mt-[calc(var(--header-height)+min(200px,max(70px,20svh)))]\" dir=\"auto\" tabindex=\"-1\" data-turn-id=\"4d6f00b8-d41a-438b-8912-05a895842882\" data-testid=\"conversation-turn-130\" data-scroll-anchor=\"true\" data-turn=\"assistant\">\n<div class=\"text-base my-auto mx-auto pb-10 [--thread-content-margin:--spacing(4)] thread-sm:[--thread-content-margin:--spacing(6)] thread-lg:[--thread-content-margin:--spacing(16)] px-(--thread-content-margin)\">\n<div class=\"[--thread-content-max-width:40rem] thread-lg:[--thread-content-max-width:48rem] mx-auto max-w-(--thread-content-max-width) flex-1 group\/turn-messages focus-visible:outline-hidden relative flex w-full min-w-0 flex-col agent-turn\" tabindex=\"-1\">\n<div class=\"flex max-w-full flex-col grow\">\n<div class=\"min-h-8 text-message relative flex w-full flex-col items-end gap-2 text-start break-words whitespace-normal [.text-message+&amp;]:mt-1\" dir=\"auto\" data-message-author-role=\"assistant\" data-message-id=\"f3c520bf-c043-4392-87ea-b3bf1b3ae6d3\" data-message-model-slug=\"gpt-5-1\">\n<div class=\"flex w-full flex-col gap-1 empty:hidden first:pt-[1px]\">\n<div class=\"markdown prose dark:prose-invert w-full break-words light markdown-new-styling\">\n<p>HiFancy Dream 45k 45000 Wydmuchiwania Zestaw Vape \u2014 Magazyn UE Szybka Dostawa Hurtowa<br \/>\nHurtowa HiFancy Dream 45000 Jednorazowy Zestaw Vape z Podw\u00f3jnym Niciem Mesh EU Magazyn<br \/>\nHiFancy Dream 45k Wysokowydajny Jednorazowy \u2014 Najlepszy 45000 Wydmuchiwania Vape Szybka Wysy\u0142ka EU<\/p>\n<\/div>\n<\/div>\n<\/div>\n<\/div>\n<\/div>\n<\/div>\n<\/article>\n<div class=\"pointer-events-none h-px w-px\" aria-hidden=\"true\" data-edge=\"true\"><\/div>\n<\/div>\n<\/div>\n<\/div>\n<\/div>\n<\/div>\n<\/div>\n<\/article>\n<p><img fetchpriority=\"high\" decoding=\"async\" class=\"size-full wp-image-2932\" src=\"https:\/\/vapestornado.com\/wp-content\/uploads\/2024\/12\/Vape-Wholesale.jpg\" alt=\"Hurtowa sprzeda\u017c e-papieros\u00f3w\" width=\"229\" height=\"300\" \/><\/p>\n<h3><a href=\"https:\/\/wa.me\/8617776015835\"><span style=\"color: #ff0000;\"><strong>WhatsApp: +86 17776015835<\/strong><\/span><\/a><\/h3>\n<p>&nbsp;<\/p>","protected":false},"featured_media":4581,"comment_status":"open","ping_status":"closed","template":"","meta":{"_acf_changed":false,"_uag_custom_page_level_css":"","_lmt_disableupdate":"no","_lmt_disable":"","_monsterinsights_skip_tracking":false,"_monsterinsights_sitenote_active":false,"_monsterinsights_sitenote_note":"","_monsterinsights_sitenote_category":0,"site-sidebar-layout":"default","site-content-layout":"","ast-site-content-layout":"default","site-content-style":"default","site-sidebar-style":"default","ast-global-header-display":"","ast-banner-title-visibility":"","ast-main-header-display":"","ast-hfb-above-header-display":"","ast-hfb-below-header-display":"","ast-hfb-mobile-header-display":"","site-post-title":"","ast-breadcrumbs-content":"","ast-featured-img":"","footer-sml-layout":"","ast-disable-related-posts":"","theme-transparent-header-meta":"default","adv-header-id-meta":"","stick-header-meta":"","header-above-stick-meta":"","header-main-stick-meta":"","header-below-stick-meta":"","astra-migrate-meta-layouts":"set","ast-page-background-enabled":"default","ast-page-background-meta":{"desktop":{"background-color":"","background-image":"","background-repeat":"repeat","background-position":"center center","background-size":"auto","background-attachment":"scroll","background-type":"","background-media":"","overlay-type":"","overlay-color":"","overlay-opacity":"","overlay-gradient":""},"tablet":{"background-color":"","background-image":"","background-repeat":"repeat","background-position":"center center","background-size":"auto","background-attachment":"scroll","background-type":"","background-media":"","overlay-type":"","overlay-color":"","overlay-opacity":"","overlay-gradient":""},"mobile":{"background-color":"","background-image":"","background-repeat":"repeat","background-position":"center center","background-size":"auto","background-attachment":"scroll","background-type":"","background-media":"","overlay-type":"","overlay-color":"","overlay-opacity":"","overlay-gradient":""}},"ast-content-background-meta":{"desktop":{"background-color":"var(--ast-global-color-5)","background-image":"","background-repeat":"repeat","background-position":"center center","background-size":"auto","background-attachment":"scroll","background-type":"","background-media":"","overlay-type":"","overlay-color":"","overlay-opacity":"","overlay-gradient":""},"tablet":{"background-color":"var(--ast-global-color-5)","background-image":"","background-repeat":"repeat","background-position":"center center","background-size":"auto","background-attachment":"scroll","background-type":"","background-media":"","overlay-type":"","overlay-color":"","overlay-opacity":"","overlay-gradient":""},"mobile":{"background-color":"var(--ast-global-color-5)","background-image":"","background-repeat":"repeat","background-position":"center center","background-size":"auto","background-attachment":"scroll","background-type":"","background-media":"","overlay-type":"","overlay-color":"","overlay-opacity":"","overlay-gradient":""}},"_joinchat":{"telephone":"17776015835"}},"product_brand":[],"product_cat":[265,149,150,151,156,357,146],"product_tag":[105,446,443,444,436,268,445],"class_list":{"0":"post-4582","1":"product","2":"type-product","3":"status-publish","4":"has-post-thumbnail","6":"product_cat-45000-puff","7":"product_cat-buy-disposable-vapes-in-austria","8":"product_cat-buy-disposable-vapes-in-belgium","9":"product_cat-buy-disposable-vapes-in-france","10":"product_cat-buy-disposable-vapes-in-poland","11":"product_cat-flavor-adjustable-vape","12":"product_cat-rechargeable-disposable-vapes","13":"product_tag-digital-disposable-vape","14":"product_tag-disposable-vape-kit","15":"product_tag-hifancy-dream-450000","16":"product_tag-hifancy-dream-45k","17":"product_tag-shop-vape-online","18":"product_tag-touch-screen-vape","19":"product_tag-vape-eu-warehouse-fast-shipping","20":"desktop-align-left","21":"tablet-align-left","22":"mobile-align-left","24":"first","25":"instock","26":"sale","27":"shipping-taxable","28":"purchasable","29":"product-type-simple"},"acf":[],"uagb_featured_image_src":{"full":["https:\/\/vapestornado.com\/wp-content\/uploads\/2025\/11\/Shop-HIFANCY-45k-Disposable-Vape-Bar.webp",800,800,false],"thumbnail":["https:\/\/vapestornado.com\/wp-content\/uploads\/2025\/11\/Shop-HIFANCY-45k-Disposable-Vape-Bar-150x150.webp",150,150,true],"medium":["https:\/\/vapestornado.com\/wp-content\/uploads\/2025\/11\/Shop-HIFANCY-45k-Disposable-Vape-Bar-300x300.webp",300,300,true],"medium_large":["https:\/\/vapestornado.com\/wp-content\/uploads\/2025\/11\/Shop-HIFANCY-45k-Disposable-Vape-Bar-768x768.webp",768,768,true],"large":["https:\/\/vapestornado.com\/wp-content\/uploads\/2025\/11\/Shop-HIFANCY-45k-Disposable-Vape-Bar.webp",800,800,false],"1536x1536":["https:\/\/vapestornado.com\/wp-content\/uploads\/2025\/11\/Shop-HIFANCY-45k-Disposable-Vape-Bar.webp",800,800,false],"2048x2048":["https:\/\/vapestornado.com\/wp-content\/uploads\/2025\/11\/Shop-HIFANCY-45k-Disposable-Vape-Bar.webp",800,800,false],"trp-custom-language-flag":["https:\/\/vapestornado.com\/wp-content\/uploads\/2025\/11\/Shop-HIFANCY-45k-Disposable-Vape-Bar-12x12.webp",12,12,true],"woocommerce_thumbnail":["https:\/\/vapestornado.com\/wp-content\/uploads\/2025\/11\/Shop-HIFANCY-45k-Disposable-Vape-Bar-300x300.webp",300,300,true],"woocommerce_single":["https:\/\/vapestornado.com\/wp-content\/uploads\/2025\/11\/Shop-HIFANCY-45k-Disposable-Vape-Bar-600x600.webp",600,600,true],"woocommerce_gallery_thumbnail":["https:\/\/vapestornado.com\/wp-content\/uploads\/2025\/11\/Shop-HIFANCY-45k-Disposable-Vape-Bar-100x100.webp",100,100,true]},"uagb_author_info":{"display_name":"ESAMY","author_link":"https:\/\/vapestornado.com\/pl\/author\/"},"uagb_comment_info":0,"uagb_excerpt":"HiFancy Dream 45k 45000 Puffs Vape Kit \u2014 EU Warehouse Fast Delivery Wholesale Wholesale HiFancy Dream 45000 Disposable Vape Kit with Double Mesh Coil EU Stock HiFancy Dream 45k High-Capacity Disposable \u2014 Best 45000 Puffs Vape Fast Shipping EU WhatsApp: +86 17776015835 &nbsp;","_links":{"self":[{"href":"https:\/\/vapestornado.com\/pl\/wp-json\/wp\/v2\/product\/4582","targetHints":{"allow":["GET"]}}],"collection":[{"href":"https:\/\/vapestornado.com\/pl\/wp-json\/wp\/v2\/product"}],"about":[{"href":"https:\/\/vapestornado.com\/pl\/wp-json\/wp\/v2\/types\/product"}],"replies":[{"embeddable":true,"href":"https:\/\/vapestornado.com\/pl\/wp-json\/wp\/v2\/comments?post=4582"}],"wp:featuredmedia":[{"embeddable":true,"href":"https:\/\/vapestornado.com\/pl\/wp-json\/wp\/v2\/media\/4581"}],"wp:attachment":[{"href":"https:\/\/vapestornado.com\/pl\/wp-json\/wp\/v2\/media?parent=4582"}],"wp:term":[{"taxonomy":"product_brand","embeddable":true,"href":"https:\/\/vapestornado.com\/pl\/wp-json\/wp\/v2\/product_brand?post=4582"},{"taxonomy":"product_cat","embeddable":true,"href":"https:\/\/vapestornado.com\/pl\/wp-json\/wp\/v2\/product_cat?post=4582"},{"taxonomy":"product_tag","embeddable":true,"href":"https:\/\/vapestornado.com\/pl\/wp-json\/wp\/v2\/product_tag?post=4582"}],"curies":[{"name":"wp","href":"https:\/\/api.w.org\/{rel}","templated":true}]}}