{"id":4574,"date":"2025-11-19T09:46:33","date_gmt":"2025-11-19T09:46:33","guid":{"rendered":"https:\/\/vapestornado.com\/?post_type=product&#038;p=4574"},"modified":"2025-11-19T09:57:52","modified_gmt":"2025-11-19T09:57:52","slug":"vaprivee-50k-50000-puff-touch-screen-vape-best-wholesale-france","status":"publish","type":"product","link":"https:\/\/vapestornado.com\/pl\/product\/vaprivee-50k-50000-puff-touch-screen-vape-best-wholesale-france\/","title":{"rendered":"VAPRIVEE 50k 50000 Puf Ekran Dotykowy Vape Najlepsza Hurtownia Polska"},"content":{"rendered":"<h2 data-pm-slice=\"1 1 []\">VAPRIV\u00c9E 50K 50000 Puf\u00f3w Ekran Dotykowy Vape \u2014 Najlepszy Wyb\u00f3r Hurtowy dla Polski<\/h2>\n<p data-start=\"344\" data-end=\"802\">Cyfrowy ekran <strong data-start=\"348\" data-end=\"364\">VAPRIV\u00c9E 50K<\/strong> zosta\u0142 zaprojektowany dla detalist\u00f3w celuj\u0105cych w modowych konsument\u00f3w w Polsce i innych regionach polskoj\u0119zycznych. Jego eleganckie cia\u0142o w stylu torebki, po\u0142\u0105czone z r\u0119cznie wykonanym powierzchni\u0105 z naklejkami diamentowymi, nadaje mu presti\u017cowy charakter, kt\u00f3ry od razu przyci\u0105ga kupuj\u0105cych ceni\u0105cych estetyk\u0119 tak samo jak wydajno\u015b\u0107. Ten model sprawdza si\u0119 doskonale na p\u00f3\u0142kach z lifestyle'owymi vape, butikowych sklepach i kolekcjach hurtowych skupionych na trendach.<\/p>\n<p data-start=\"804\" data-end=\"1319\">Wyposa\u017cony w dwa tryby mocy\u2014<strong data-start=\"836\" data-end=\"871\">Soft 50K dla d\u0142u\u017cszej \u017cywotno\u015bci<\/strong> i <strong data-start=\"876\" data-end=\"916\">Boost 30K dla mocniejszego, g\u0119stszego uderzenia<\/strong>\u2014urz\u0105dzenie zapewnia elastyczno\u015b\u0107 dla r\u00f3\u017cnych preferencji vapingowych. Wydajno\u015b\u0107 22\u201328W, <strong data-start=\"1002\" data-end=\"1020\">podw\u00f3jna grza\u0142ka siatkowa<\/strong> struktura i regulowany system przep\u0142ywu powietrza zapewniaj\u0105 p\u0142ynne zaci\u0105gni\u0119cie i stabiln\u0105 jako\u015b\u0107 pary, niezale\u017cnie od tego, czy klienci wol\u0105 lekkie codzienne pufy, czy bardziej intensywn\u0105 sesj\u0119. Jego du\u017cy <strong data-start=\"1190\" data-end=\"1215\">Mega LED ekran dotykowy<\/strong> pozwala u\u017cytkownikom natychmiast sprawdzi\u0107 poziom baterii i poziom e-liquid, dodaj\u0105c wygod\u0119 i nowoczesny wygl\u0105d.<\/p>\n<p data-start=\"1321\" data-end=\"1755\">Wspierany przez <strong data-start=\"1336\" data-end=\"1374\">900mAh bateria typu-C do \u0142adowania<\/strong> i <strong data-start=\"1381\" data-end=\"1406\">20ml komora na e-liquid<\/strong>, VAPRIV\u00c9E 50K utrzymuje sp\u00f3jny smak od pocz\u0105tku do ko\u0144ca. Dla hurtownik\u00f3w, kt\u00f3rzy ju\u017c oferuj\u0105 vape o 50 000 puf\u00f3w, ten model dzia\u0142a bezproblemowo jako premium, projektowany z my\u015bl\u0105 o stylu, szczeg\u00f3lnie dla klient\u00f3w ceni\u0105cych elegancki sprz\u0119t. Przy minimalnym zam\u00f3wieniu od zaledwie 50 sztuk, jest to mocny dodatek do ka\u017cdej hurtowej oferty skierowanej do Polski.<\/p>\n<p data-start=\"666\" data-end=\"1235\"><strong style=\"font-size: 16px;\"><span style=\"color: #ff0000;\">Dodaj Amy na WhatsApp, aby uzyska\u0107 szybk\u0105 odpowied\u017a i cen\u0119 ze zni\u017ck\u0105!<\/span><\/strong><\/p>\n<p><img fetchpriority=\"high\" decoding=\"async\" class=\"size-full wp-image-2932\" src=\"https:\/\/vapestornado.com\/wp-content\/uploads\/2024\/12\/Vape-Wholesale.jpg\" alt=\"Hurtowa sprzeda\u017c e-papieros\u00f3w\" width=\"229\" height=\"300\" \/><\/p>\n<h3><a href=\"https:\/\/wa.me\/8617776015835\" target=\"_blank\" rel=\"noopener\"><span style=\"color: #ff0000;\"><strong>WhatsApp: +86 17776015835<\/strong><\/span><\/a><\/h3>\n<p>&nbsp;<\/p>\n<h2><strong>Co wyr\u00f3\u017cnia VAPRIVEE 50k 50000 Puff Jednorazow\u0105 Vape Pen?<\/strong><\/h2>\n<ul>\n<li data-start=\"2123\" data-end=\"2158\">\n<p data-start=\"2125\" data-end=\"2158\"><strong data-start=\"2125\" data-end=\"2135\">Liczba zaci\u0105gni\u0119\u0107:<\/strong> Mi\u0119kki 50K \/ Boost 30K<\/p>\n<\/li>\n<li data-start=\"2159\" data-end=\"2187\">\n<p data-start=\"2161\" data-end=\"2187\"><strong data-start=\"2161\" data-end=\"2178\">Moc wyj\u015bciowa:<\/strong> 22\u201328W<\/p>\n<\/li>\n<li data-start=\"2188\" data-end=\"2225\">\n<p data-start=\"2190\" data-end=\"2225\"><strong data-start=\"2190\" data-end=\"2201\">Ekran:<\/strong> Mega LED ekran dotykowy<\/p>\n<\/li>\n<li data-start=\"2226\" data-end=\"2255\">\n<p data-start=\"2228\" data-end=\"2255\"><strong data-start=\"2228\" data-end=\"2237\">Grza\u0142ka:<\/strong> Podw\u00f3jne grza\u0142ki mesh<\/p>\n<\/li>\n<li data-start=\"2256\" data-end=\"2291\">\n<p data-start=\"2258\" data-end=\"2291\"><strong data-start=\"2258\" data-end=\"2270\">Przep\u0142yw powietrza:<\/strong> Regulowany przep\u0142yw powietrza<\/p>\n<\/li>\n<li data-start=\"2292\" data-end=\"2323\">\n<p data-start=\"2294\" data-end=\"2323\"><strong data-start=\"2294\" data-end=\"2316\">Pojemno\u015b\u0107 e-liquidu:<\/strong> 20ml<\/p>\n<\/li>\n<li data-start=\"2324\" data-end=\"2369\">\n<p data-start=\"2326\" data-end=\"2369\"><strong data-start=\"2326\" data-end=\"2338\">Bateria:<\/strong> 900mAh \u0142adowalny (Type-C)<\/p>\n<\/li>\n<li data-start=\"2370\" data-end=\"2441\">\n<p data-start=\"2372\" data-end=\"2441\"><strong data-start=\"2372\" data-end=\"2383\">Projekt:<\/strong> Korpus w stylu torebki z r\u0119cznie wykonanym wyko\u0144czeniem naklejki z diamentami<\/p>\n<\/li>\n<\/ul>\n<figure id=\"attachment_4568\" aria-describedby=\"caption-attachment-4568\" style=\"width: 300px\" class=\"wp-caption alignnone\"><img decoding=\"async\" class=\"size-medium wp-image-4568\" src=\"https:\/\/vapestornado.com\/wp-content\/uploads\/2025\/11\/VAPRIVEE-50k-50000-Puff-Disposable-Vape-300x300.webp\" alt=\"VAPRIVEE 50k 50000 Puff Jednorazowa Vape\" width=\"300\" height=\"300\" srcset=\"https:\/\/vapestornado.com\/wp-content\/uploads\/2025\/11\/VAPRIVEE-50k-50000-Puff-Disposable-Vape-300x300.webp 300w, https:\/\/vapestornado.com\/wp-content\/uploads\/2025\/11\/VAPRIVEE-50k-50000-Puff-Disposable-Vape-150x150.webp 150w, https:\/\/vapestornado.com\/wp-content\/uploads\/2025\/11\/VAPRIVEE-50k-50000-Puff-Disposable-Vape-768x768.webp 768w, https:\/\/vapestornado.com\/wp-content\/uploads\/2025\/11\/VAPRIVEE-50k-50000-Puff-Disposable-Vape-12x12.webp 12w, https:\/\/vapestornado.com\/wp-content\/uploads\/2025\/11\/VAPRIVEE-50k-50000-Puff-Disposable-Vape-600x600.webp 600w, https:\/\/vapestornado.com\/wp-content\/uploads\/2025\/11\/VAPRIVEE-50k-50000-Puff-Disposable-Vape-100x100.webp 100w, https:\/\/vapestornado.com\/wp-content\/uploads\/2025\/11\/VAPRIVEE-50k-50000-Puff-Disposable-Vape.webp 800w\" sizes=\"(max-width: 300px) 100vw, 300px\" \/><figcaption id=\"caption-attachment-4568\" class=\"wp-caption-text\">VAPRIVEE 50k 50000 Puff Jednorazowa Vape<\/figcaption><\/figure>\n<h2><strong>VAPRIVEE 50000<\/strong><strong> Lista smak\u00f3w jednorazowych e-papieros\u00f3w Puff<\/strong><\/h2>\n<ul>\n<li data-start=\"1800\" data-end=\"1813\">\n<p data-start=\"1803\" data-end=\"1813\">Blow Pop<\/p>\n<\/li>\n<li data-start=\"1814\" data-end=\"1834\">\n<p data-start=\"1817\" data-end=\"1834\">Blue Razz Lemon<\/p>\n<\/li>\n<li data-start=\"1835\" data-end=\"1852\">\n<p data-start=\"1838\" data-end=\"1852\">Cherry Apple<\/p>\n<\/li>\n<li data-start=\"1853\" data-end=\"1874\">\n<p data-start=\"1856\" data-end=\"1874\">Cola Gummy Bears<\/p>\n<\/li>\n<li data-start=\"1875\" data-end=\"1892\">\n<p data-start=\"1878\" data-end=\"1892\">Podw\u00f3jne Mango<\/p>\n<\/li>\n<li data-start=\"1893\" data-end=\"1907\">\n<p data-start=\"1896\" data-end=\"1907\">Winogronowy L\u00f3d<\/p>\n<\/li>\n<li data-start=\"1908\" data-end=\"1939\">\n<p data-start=\"1911\" data-end=\"1939\">Mangostan Rambutan Longan<\/p>\n<\/li>\n<li data-start=\"1940\" data-end=\"1961\">\n<p data-start=\"1943\" data-end=\"1961\">Miami Mint Candy<\/p>\n<\/li>\n<li data-start=\"1962\" data-end=\"1993\">\n<p data-start=\"1965\" data-end=\"1993\">Truskawka Malina Cytryna<\/p>\n<\/li>\n<li data-start=\"1994\" data-end=\"2030\">\n<p data-start=\"1998\" data-end=\"2030\">Arbuz Ananas Malina<\/p>\n<\/li>\n<li data-start=\"2031\" data-end=\"2047\">\n<p data-start=\"2035\" data-end=\"2047\">Arbuz<\/p>\n<\/li>\n<li data-start=\"2048\" data-end=\"2075\">\n<p data-start=\"2052\" data-end=\"2075\">Bia\u0142y Brzoskwinia Malina<\/p>\n<\/li>\n<\/ul>\n<p>&nbsp;<\/p>\n<h2>Dlaczego warto wybra\u0107 Vapestornado do zakupu hurtowego jednorazowych e-papieros\u00f3w?<\/h2>\n<div class=\"flex-shrink-0 flex flex-col relative items-end\">\n<div class=\"pt-0\">\n<div class=\"gizmo-bot-avatar flex h-8 w-8 items-center justify-center overflow-hidden rounded-full\">\n<div class=\"relative p-1 rounded-sm flex items-center justify-center bg-token-main-surface-primary text-token-text-primary h-8 w-8\">\n<p data-start=\"648\" data-end=\"799\">Wybieraj\u0105c <strong data-start=\"189\" data-end=\"205\">Vapestornado<\/strong> jako swojego dostawc\u0119 dla <strong data-start=\"227\" data-end=\"261\">Elf Bar Moon Night 40000 Chmur<\/strong> oznacza to zapewnienie partnera, kt\u00f3ry rozumie potrzeby hurtownik\u00f3w i detalist\u00f3w z Polski. Skupiamy si\u0119 na szybkiej dostawie, zweryfikowanym stanie magazynowym i stabilnym d\u0142ugoterminowym zaopatrzeniu \u2014 kluczowych czynnikach dla firm sprzedaj\u0105cych produkty wysokowydajne, takie jak <strong data-start=\"489\" data-end=\"515\">Elf Bar Moon Night 40K<\/strong>. Ka\u017cda partia pochodzi bezpo\u015brednio z certyfikowanych kana\u0142\u00f3w, zapewniaj\u0105c autentyczno\u015b\u0107 produkt\u00f3w, siln\u0105 sp\u00f3jno\u015b\u0107 smaku i niezawodn\u0105 jako\u015b\u0107, spe\u0142niaj\u0105c oczekiwania polskich nabywc\u00f3w.<\/p>\n<p data-start=\"559\" data-end=\"933\" data-is-last-node=\"\" data-is-only-node=\"\">Mamy r\u00f3wnie\u017c inne popularne jednorazowe vape z ekranem, takie jak <a href=\"https:\/\/vapestornado.com\/pl\/product\/uzy-150k-puffs-6-in-1-flavor-switch-disposable-vape-pen-wholesale\/\">UZY 150K Puff vape z wymiennym smakiem<\/a>, <a href=\"https:\/\/vapestornado.com\/pl\/product\/vozol-rave-40k-40000-puffs-disposable-vape-smart-screen-5-nicotine\/\">VOZOL RAVE 40K Jednorazowe Vape<\/a>, <a href=\"https:\/\/vapestornado.com\/pl\/product\/waspe-150k-150000-puff-6-in-1-disposable-vape-pen-cartridge-best-wholesale-price-in-poland\/\">WASPE 150K Puff 6 w 1<\/a>, i wiele innych.<\/p>\n<\/div>\n<div class=\"relative p-1 rounded-sm flex items-center justify-center bg-token-main-surface-primary text-token-text-primary h-8 w-8\">\n<h2><\/h2>\n<p data-start=\"5242\" data-end=\"5375\">\n<\/div>\n<\/div>\n<\/div>\n<\/div>","protected":false},"excerpt":{"rendered":"<article class=\"text-token-text-primary w-full focus:outline-none [--shadow-height:45px] has-data-writing-block:pointer-events-none has-data-writing-block:-mt-(--shadow-height) has-data-writing-block:pt-(--shadow-height) [&amp;:has([data-writing-block])&gt;*]:pointer-events-auto [content-visibility:auto] supports-[content-visibility:auto]:[contain-intrinsic-size:auto_100lvh] scroll-mt-[calc(var(--header-height)+min(200px,max(70px,20svh)))]\" dir=\"auto\" tabindex=\"-1\" data-turn-id=\"86ca9d92-7a10-4e6b-bda0-15f9df36adca\" data-testid=\"conversation-turn-120\" data-scroll-anchor=\"true\" data-turn=\"assistant\">\n<div class=\"text-base my-auto mx-auto pb-10 [--thread-content-margin:--spacing(4)] thread-sm:[--thread-content-margin:--spacing(6)] thread-lg:[--thread-content-margin:--spacing(16)] px-(--thread-content-margin)\">\n<div class=\"[--thread-content-max-width:40rem] thread-lg:[--thread-content-max-width:48rem] mx-auto max-w-(--thread-content-max-width) flex-1 group\/turn-messages focus-visible:outline-hidden relative flex w-full min-w-0 flex-col agent-turn\" tabindex=\"-1\">\n<div class=\"flex max-w-full flex-col grow\">\n<div class=\"min-h-8 text-message relative flex w-full flex-col items-end gap-2 text-start break-words whitespace-normal [.text-message+&amp;]:mt-1\" dir=\"auto\" data-message-author-role=\"assistant\" data-message-id=\"43b070d6-bf28-4fbe-8049-1032a61ea3ac\" data-message-model-slug=\"gpt-5\">\n<div class=\"flex w-full flex-col gap-1 empty:hidden first:pt-[1px]\">\n<div class=\"markdown prose dark:prose-invert w-full break-words light markdown-new-styling\">\n<article class=\"text-token-text-primary w-full focus:outline-none [--shadow-height:45px] has-data-writing-block:pointer-events-none has-data-writing-block:-mt-(--shadow-height) has-data-writing-block:pt-(--shadow-height) [&amp;:has([data-writing-block])&gt;*]:pointer-events-auto [content-visibility:auto] supports-[content-visibility:auto]:[contain-intrinsic-size:auto_100lvh] scroll-mt-[calc(var(--header-height)+min(200px,max(70px,20svh)))]\" dir=\"auto\" tabindex=\"-1\" data-turn-id=\"4d6f00b8-d41a-438b-8912-05a895842882\" data-testid=\"conversation-turn-130\" data-scroll-anchor=\"true\" data-turn=\"assistant\">\n<div class=\"text-base my-auto mx-auto pb-10 [--thread-content-margin:--spacing(4)] thread-sm:[--thread-content-margin:--spacing(6)] thread-lg:[--thread-content-margin:--spacing(16)] px-(--thread-content-margin)\">\n<div class=\"[--thread-content-max-width:40rem] thread-lg:[--thread-content-max-width:48rem] mx-auto max-w-(--thread-content-max-width) flex-1 group\/turn-messages focus-visible:outline-hidden relative flex w-full min-w-0 flex-col agent-turn\" tabindex=\"-1\">\n<div class=\"flex max-w-full flex-col grow\">\n<div class=\"min-h-8 text-message relative flex w-full flex-col items-end gap-2 text-start break-words whitespace-normal [.text-message+&amp;]:mt-1\" dir=\"auto\" data-message-author-role=\"assistant\" data-message-id=\"f3c520bf-c043-4392-87ea-b3bf1b3ae6d3\" data-message-model-slug=\"gpt-5-1\">\n<div class=\"flex w-full flex-col gap-1 empty:hidden first:pt-[1px]\">\n<div class=\"markdown prose dark:prose-invert w-full break-words light markdown-new-styling\">\n<p>1. VAPRIV\u00c9E 50K Ekran Dotykowy Jednorazowy \u2013 Premium 50000 Puf\u00f3w Vape Hurtownia Polska<br \/>\n2. Polska Hurtowa Dostawa: VAPRIV\u00c9E 50K Modna Vape z Mega LED i Podw\u00f3jnymi Mesh Coils<br \/>\n3. Hurtowa VAPRIV\u00c9E 50000 Puf\u00f3w Torebkowy Styl Vape \u2013 Najlepszy Sprzedawca dla Polskich Detalist\u00f3w<\/p>\n<\/div>\n<\/div>\n<\/div>\n<\/div>\n<\/div>\n<\/div>\n<\/article>\n<div class=\"pointer-events-none h-px w-px\" aria-hidden=\"true\" data-edge=\"true\"><\/div>\n<\/div>\n<\/div>\n<\/div>\n<\/div>\n<\/div>\n<\/div>\n<\/article>\n<p><img fetchpriority=\"high\" decoding=\"async\" class=\"size-full wp-image-2932\" src=\"https:\/\/vapestornado.com\/wp-content\/uploads\/2024\/12\/Vape-Wholesale.jpg\" alt=\"Hurtowa sprzeda\u017c e-papieros\u00f3w\" width=\"229\" height=\"300\" \/><\/p>\n<h3><a href=\"https:\/\/wa.me\/8617776015835\"><span style=\"color: #ff0000;\"><strong>WhatsApp: +86 17776015835<\/strong><\/span><\/a><\/h3>\n<p>&nbsp;<\/p>","protected":false},"featured_media":4572,"comment_status":"open","ping_status":"closed","template":"","meta":{"_acf_changed":false,"_uag_custom_page_level_css":"","_lmt_disableupdate":"no","_lmt_disable":"","_monsterinsights_skip_tracking":false,"_monsterinsights_sitenote_active":false,"_monsterinsights_sitenote_note":"","_monsterinsights_sitenote_category":0,"site-sidebar-layout":"default","site-content-layout":"","ast-site-content-layout":"default","site-content-style":"default","site-sidebar-style":"default","ast-global-header-display":"","ast-banner-title-visibility":"","ast-main-header-display":"","ast-hfb-above-header-display":"","ast-hfb-below-header-display":"","ast-hfb-mobile-header-display":"","site-post-title":"","ast-breadcrumbs-content":"","ast-featured-img":"","footer-sml-layout":"","ast-disable-related-posts":"","theme-transparent-header-meta":"default","adv-header-id-meta":"","stick-header-meta":"","header-above-stick-meta":"","header-main-stick-meta":"","header-below-stick-meta":"","astra-migrate-meta-layouts":"set","ast-page-background-enabled":"default","ast-page-background-meta":{"desktop":{"background-color":"","background-image":"","background-repeat":"repeat","background-position":"center center","background-size":"auto","background-attachment":"scroll","background-type":"","background-media":"","overlay-type":"","overlay-color":"","overlay-opacity":"","overlay-gradient":""},"tablet":{"background-color":"","background-image":"","background-repeat":"repeat","background-position":"center center","background-size":"auto","background-attachment":"scroll","background-type":"","background-media":"","overlay-type":"","overlay-color":"","overlay-opacity":"","overlay-gradient":""},"mobile":{"background-color":"","background-image":"","background-repeat":"repeat","background-position":"center center","background-size":"auto","background-attachment":"scroll","background-type":"","background-media":"","overlay-type":"","overlay-color":"","overlay-opacity":"","overlay-gradient":""}},"ast-content-background-meta":{"desktop":{"background-color":"var(--ast-global-color-5)","background-image":"","background-repeat":"repeat","background-position":"center center","background-size":"auto","background-attachment":"scroll","background-type":"","background-media":"","overlay-type":"","overlay-color":"","overlay-opacity":"","overlay-gradient":""},"tablet":{"background-color":"var(--ast-global-color-5)","background-image":"","background-repeat":"repeat","background-position":"center center","background-size":"auto","background-attachment":"scroll","background-type":"","background-media":"","overlay-type":"","overlay-color":"","overlay-opacity":"","overlay-gradient":""},"mobile":{"background-color":"var(--ast-global-color-5)","background-image":"","background-repeat":"repeat","background-position":"center center","background-size":"auto","background-attachment":"scroll","background-type":"","background-media":"","overlay-type":"","overlay-color":"","overlay-opacity":"","overlay-gradient":""}},"_joinchat":{"telephone":"17776015835"}},"product_brand":[],"product_cat":[192,149,150,151,156,357,146],"product_tag":[105,189,436,268,442],"class_list":{"0":"post-4574","1":"product","2":"type-product","3":"status-publish","4":"has-post-thumbnail","6":"product_cat-50000-puff","7":"product_cat-buy-disposable-vapes-in-austria","8":"product_cat-buy-disposable-vapes-in-belgium","9":"product_cat-buy-disposable-vapes-in-france","10":"product_cat-buy-disposable-vapes-in-poland","11":"product_cat-flavor-adjustable-vape","12":"product_cat-rechargeable-disposable-vapes","13":"product_tag-digital-disposable-vape","14":"product_tag-puff-50k","15":"product_tag-shop-vape-online","16":"product_tag-touch-screen-vape","17":"product_tag-vaprivee-50k","18":"desktop-align-left","19":"tablet-align-left","20":"mobile-align-left","22":"first","23":"instock","24":"sale","25":"shipping-taxable","26":"purchasable","27":"product-type-simple"},"acf":[],"uagb_featured_image_src":{"full":["https:\/\/vapestornado.com\/wp-content\/uploads\/2025\/11\/VAPRIVEE-50000-Puff-50k-Popular-Vapes.webp",800,800,false],"thumbnail":["https:\/\/vapestornado.com\/wp-content\/uploads\/2025\/11\/VAPRIVEE-50000-Puff-50k-Popular-Vapes-150x150.webp",150,150,true],"medium":["https:\/\/vapestornado.com\/wp-content\/uploads\/2025\/11\/VAPRIVEE-50000-Puff-50k-Popular-Vapes-300x300.webp",300,300,true],"medium_large":["https:\/\/vapestornado.com\/wp-content\/uploads\/2025\/11\/VAPRIVEE-50000-Puff-50k-Popular-Vapes-768x768.webp",768,768,true],"large":["https:\/\/vapestornado.com\/wp-content\/uploads\/2025\/11\/VAPRIVEE-50000-Puff-50k-Popular-Vapes.webp",800,800,false],"1536x1536":["https:\/\/vapestornado.com\/wp-content\/uploads\/2025\/11\/VAPRIVEE-50000-Puff-50k-Popular-Vapes.webp",800,800,false],"2048x2048":["https:\/\/vapestornado.com\/wp-content\/uploads\/2025\/11\/VAPRIVEE-50000-Puff-50k-Popular-Vapes.webp",800,800,false],"trp-custom-language-flag":["https:\/\/vapestornado.com\/wp-content\/uploads\/2025\/11\/VAPRIVEE-50000-Puff-50k-Popular-Vapes-12x12.webp",12,12,true],"woocommerce_thumbnail":["https:\/\/vapestornado.com\/wp-content\/uploads\/2025\/11\/VAPRIVEE-50000-Puff-50k-Popular-Vapes-300x300.webp",300,300,true],"woocommerce_single":["https:\/\/vapestornado.com\/wp-content\/uploads\/2025\/11\/VAPRIVEE-50000-Puff-50k-Popular-Vapes-600x600.webp",600,600,true],"woocommerce_gallery_thumbnail":["https:\/\/vapestornado.com\/wp-content\/uploads\/2025\/11\/VAPRIVEE-50000-Puff-50k-Popular-Vapes-100x100.webp",100,100,true]},"uagb_author_info":{"display_name":"ESAMY","author_link":"https:\/\/vapestornado.com\/pl\/author\/"},"uagb_comment_info":0,"uagb_excerpt":"1. VAPRIV\u00c9E 50K Touch Screen Disposable \u2013 Premium 50000 Puffs Vape Wholesale France 2. France Bulk Supply: VAPRIV\u00c9E 50K Fashion Vape with Mega LED &amp; Dual Mesh Coils 3. Wholesale VAPRIV\u00c9E 50000 Puff Handbag-Style Vape \u2013 Best Seller for French Retailers WhatsApp: +86 17776015835 &nbsp;","_links":{"self":[{"href":"https:\/\/vapestornado.com\/pl\/wp-json\/wp\/v2\/product\/4574","targetHints":{"allow":["GET"]}}],"collection":[{"href":"https:\/\/vapestornado.com\/pl\/wp-json\/wp\/v2\/product"}],"about":[{"href":"https:\/\/vapestornado.com\/pl\/wp-json\/wp\/v2\/types\/product"}],"replies":[{"embeddable":true,"href":"https:\/\/vapestornado.com\/pl\/wp-json\/wp\/v2\/comments?post=4574"}],"wp:featuredmedia":[{"embeddable":true,"href":"https:\/\/vapestornado.com\/pl\/wp-json\/wp\/v2\/media\/4572"}],"wp:attachment":[{"href":"https:\/\/vapestornado.com\/pl\/wp-json\/wp\/v2\/media?parent=4574"}],"wp:term":[{"taxonomy":"product_brand","embeddable":true,"href":"https:\/\/vapestornado.com\/pl\/wp-json\/wp\/v2\/product_brand?post=4574"},{"taxonomy":"product_cat","embeddable":true,"href":"https:\/\/vapestornado.com\/pl\/wp-json\/wp\/v2\/product_cat?post=4574"},{"taxonomy":"product_tag","embeddable":true,"href":"https:\/\/vapestornado.com\/pl\/wp-json\/wp\/v2\/product_tag?post=4574"}],"curies":[{"name":"wp","href":"https:\/\/api.w.org\/{rel}","templated":true}]}}