{"id":4544,"date":"2025-11-14T09:07:41","date_gmt":"2025-11-14T09:07:41","guid":{"rendered":"https:\/\/vapestornado.com\/?post_type=product&#038;p=4544"},"modified":"2025-11-17T07:46:36","modified_gmt":"2025-11-17T07:46:36","slug":"uor-120000-puff-120k-4-flavors-rechargeable-disposable-vape-shop-online","status":"publish","type":"product","link":"https:\/\/vapestornado.com\/pl\/product\/uor-120000-puff-120k-4-flavors-rechargeable-disposable-vape-shop-online\/","title":{"rendered":"UOR 120000 Papieros\u00f3w Puff 120K 4 Smaki \u0141adowalny Jednorazowy E-papieros Sklep Online"},"content":{"rendered":"<h2 data-pm-slice=\"1 1 []\">UOR 120000 Papieros\u00f3w \u2013 4-Smaki Switch Jednorazowy E-papieros dla Kupuj\u0105cych z UE<\/h2>\n<p data-start=\"78\" data-end=\"577\">Cyfrowy ekran <strong data-start=\"82\" data-end=\"101\">UOR 120000 Papieros\u00f3w<\/strong> zosta\u0142 stworzony dla hurtownik\u00f3w i m\u0142odych doros\u0142ych vaper\u00f3w z UE, kt\u00f3rzy chc\u0105 maksymalnej wytrzyma\u0142o\u015bci, mocnego dostarczania smaku i prostoty obs\u0142ugi. To <strong data-start=\"232\" data-end=\"249\">UOR 120k Papieros\u00f3w<\/strong> urz\u0105dzenie posiada <strong data-start=\"268\" data-end=\"295\">4-w-1 system prze\u0142\u0105czania<\/strong>, pozwalaj\u0105cy u\u017cytkownikom na natychmiastowe prze\u0142\u0105czanie mi\u0119dzy czterema wysokiej jako\u015bci zbiornikami na smak \u2014 bez nape\u0142niania, bez ba\u0142aganu, tylko czyste przej\u015bcia przy ka\u017cdym klikni\u0119ciu. Zaprojektowany dla <strong data-start=\"443\" data-end=\"464\">E-papierosy Hurt UE<\/strong>, urz\u0105dzenie \u0142\u0105czy d\u0142ug\u0105 \u017cywotno\u015b\u0107 i stabiln\u0105 wydajno\u015b\u0107, kt\u00f3re pasuj\u0105 zar\u00f3wno do p\u00f3\u0142ek detalicznych, jak i sklep\u00f3w internetowych z e-papierosami.<\/p>\n<p data-start=\"579\" data-end=\"998\">Dzi\u0119ki <strong data-start=\"584\" data-end=\"612\">4\u00d716ml pojemno\u015bci e-liquid<\/strong>, ka\u017cdy wk\u0142ad wystarcza na d\u0142u\u017csze u\u017cytkowanie, wspierany przez <strong data-start=\"669\" data-end=\"707\">Akumulator 650 mAh \u0142adowany przez Type-C<\/strong>. <strong data-start=\"713\" data-end=\"731\">1.0\u03a9 siatkowa grza\u0142ka<\/strong> zapewniaj\u0105c\u0105 sta\u0142\u0105 g\u0119sto\u015b\u0107 pary i czyste oddzielenie smak\u00f3w dla ka\u017cdego z czterech wbudowanych mieszanek. Jako <strong data-start=\"836\" data-end=\"863\">Cyfrowy E-papieros Jednorazowy<\/strong>, oferuje p\u0142ynne zaci\u0105gni\u0119cie z nowoczesn\u0105 wydajno\u015bci\u0105, co czyni go popularnym wyborem w\u015br\u00f3d konsument\u00f3w z UE poszukuj\u0105cych wielosmakowych urz\u0105dze\u0144 o du\u017cej liczbie puf\u00f3w.<\/p>\n<p data-start=\"1000\" data-end=\"1408\">Ta starannie wyselekcjonowana oferta smak\u00f3w tego modelu, szczeg\u00f3lnie kombinacje takie jak <em data-start=\"1065\" data-end=\"1088\">Truskawkowa Arbuz<\/em>, <em data-start=\"1090\" data-end=\"1116\">Kiwi Marakuja Guawa<\/em>, <em data-start=\"1118\" data-end=\"1129\">Mango Ice<\/em>, oraz w <em data-start=\"1135\" data-end=\"1158\">Arbuz Kwa\u015bny Brzoskwinia<\/em>, tworzy dynamiczn\u0105 \u201eTropikaln\u0105 Mro\u017an\u0105 Przygod\u0119\u201d od jasnej s\u0142odyczy owoc\u00f3w po ch\u0142odne, orze\u017awiaj\u0105ce zako\u0144czenia. Dla dystrybutor\u00f3w w Polsce, <strong data-start=\"1288\" data-end=\"1307\">UOR 120000 Papieros\u00f3w<\/strong> oferuje wysokie mar\u017ce, niezawodne dostawy i konkurencyjne zapotrzebowanie na rynkach letnich i ca\u0142orocznych.<\/p>\n<p data-start=\"666\" data-end=\"1235\"><strong style=\"font-size: 16px;\"><span style=\"color: #ff0000;\">Dodaj Amy na WhatsApp, aby uzyska\u0107 szybk\u0105 odpowied\u017a i cen\u0119 ze zni\u017ck\u0105!<\/span><\/strong><\/p>\n<p><img fetchpriority=\"high\" decoding=\"async\" class=\"size-full wp-image-2932\" src=\"https:\/\/vapestornado.com\/wp-content\/uploads\/2024\/12\/Vape-Wholesale.jpg\" alt=\"Hurtowa sprzeda\u017c e-papieros\u00f3w\" width=\"229\" height=\"300\" \/><\/p>\n<h3><a href=\"https:\/\/wa.me\/8617776015835\" target=\"_blank\" rel=\"noopener\"><span style=\"color: #ff0000;\"><strong>WhatsApp: +86 17776015835<\/strong><\/span><\/a><\/h3>\n<p>&nbsp;<\/p>\n<h2><strong>Co wyr\u00f3\u017cnia UOR 120000 Puff Jednorazowy E-papieros?<\/strong><\/h2>\n<ul data-start=\"1447\" data-end=\"1657\">\n<li data-start=\"1447\" data-end=\"1482\">\n<p data-start=\"1449\" data-end=\"1482\"><strong data-start=\"1449\" data-end=\"1467\">Pojemno\u015b\u0107 zaci\u0105gni\u0119\u0107:<\/strong> 120000 zaci\u0105gni\u0119\u0107<\/p>\n<\/li>\n<li data-start=\"1483\" data-end=\"1512\">\n<p data-start=\"1485\" data-end=\"1512\"><strong data-start=\"1485\" data-end=\"1497\">E-Juice:<\/strong> 4\u00d716ml zbiornik\u00f3w<\/p>\n<\/li>\n<li data-start=\"1513\" data-end=\"1556\">\n<p data-start=\"1515\" data-end=\"1556\"><strong data-start=\"1515\" data-end=\"1533\">Prze\u0142\u0105cznik Smaku:<\/strong> 4 smaki regulowane<\/p>\n<\/li>\n<li data-start=\"1557\" data-end=\"1601\">\n<p data-start=\"1559\" data-end=\"1601\"><strong data-start=\"1559\" data-end=\"1571\">Bateria:<\/strong> 650mAh, \u0142adowanie Type-C<\/p>\n<\/li>\n<li data-start=\"1602\" data-end=\"1625\">\n<p data-start=\"1604\" data-end=\"1625\"><strong data-start=\"1604\" data-end=\"1613\">Grza\u0142ka:<\/strong> mesz 1.0\u03a9<\/p>\n<\/li>\n<li data-start=\"1626\" data-end=\"1657\">\n<p data-start=\"1628\" data-end=\"1657\"><strong data-start=\"1628\" data-end=\"1639\">Waga:<\/strong> 145g na urz\u0105dzenie<\/p>\n<\/li>\n<\/ul>\n<h2 class=\"product-title\"><strong>Lista smak\u00f3w Jednorazowych E-papieros\u00f3w UOR 120k Puff<\/strong><\/h2>\n<h3 data-start=\"1664\" data-end=\"1692\"><\/h3>\n<ol data-start=\"1693\" data-end=\"2434\">\n<li data-start=\"1693\" data-end=\"1761\">\n<p data-start=\"1696\" data-end=\"1761\">Arbuz L\u00f3d \/ Bor\u00f3wka Mi\u0119ta \/ Fuji Jab\u0142ko L\u00f3d \/ Limona Romans<\/p>\n<\/li>\n<li data-start=\"1762\" data-end=\"1837\">\n<p data-start=\"1765\" data-end=\"1837\">Arbuz L\u00f3d \/ Bor\u00f3wka Wi\u015bnia \/ Lato Czas \/ Kwa\u015bny Mango Ananas<\/p>\n<\/li>\n<li data-start=\"1838\" data-end=\"1904\">\n<p data-start=\"1841\" data-end=\"1904\">Bor\u00f3wka L\u00f3d \/ Brzoskwinia L\u00f3d \/ T\u0119czowa Cukierki \/ Cytryna Kwa\u015bna Pomara\u0144cza<\/p>\n<\/li>\n<li data-start=\"1905\" data-end=\"1977\">\n<p data-start=\"1908\" data-end=\"1977\">Bor\u00f3wka L\u00f3d \/ Brzoskwinia Mango Arbuz \/ Poca\u0142unek Pasji \/ Melon Jab\u0142ko<\/p>\n<\/li>\n<li data-start=\"1978\" data-end=\"2058\">\n<p data-start=\"1981\" data-end=\"2058\">Bor\u00f3wka Malina \/ Mieszane Jagody \/ Kalifornijska Wi\u015bnia \/ Mango Owoc Pasji<\/p>\n<\/li>\n<li data-start=\"2059\" data-end=\"2126\">\n<p data-start=\"2062\" data-end=\"2126\">Bor\u00f3wka Malina \/ Winogrono L\u00f3d \/ Jagoda L\u00f3d \/ Aloes Mango Melon<\/p>\n<\/li>\n<li data-start=\"2127\" data-end=\"2203\">\n<p data-start=\"2130\" data-end=\"2203\">Nap\u00f3j Energetyczny \/ Bor\u00f3wka Arbuz \/ Kwa\u015bne Jab\u0142ko Malina \/ Gumi\u015b Mi\u015b<\/p>\n<\/li>\n<li data-start=\"2204\" data-end=\"2271\">\n<p data-start=\"2207\" data-end=\"2271\">Truskawkowe Mango \/ Guma balonowa Watermelon \/ Czerwony Mojito \/ LOVE66<\/p>\n<\/li>\n<li data-start=\"2272\" data-end=\"2343\">\n<p data-start=\"2275\" data-end=\"2343\">Truskawkowa Watermelon \/ Czarny L\u00f3d \/ Potr\u00f3jne Melony \/ \u017burawina Winogrono<\/p>\n<\/li>\n<li data-start=\"2344\" data-end=\"2434\">\n<p data-start=\"2348\" data-end=\"2434\">Truskawkowa Watermelon \/ Kiwi Passion Fruit Guava \/ Mango Ice \/ Watermelon Sour Peach<\/p>\n<\/li>\n<\/ol>\n<figure id=\"attachment_4548\" aria-describedby=\"caption-attachment-4548\" style=\"width: 300px\" class=\"wp-caption alignnone\"><img decoding=\"async\" class=\"size-medium wp-image-4548\" src=\"https:\/\/vapestornado.com\/wp-content\/uploads\/2025\/11\/UOR-4-in-1-Flavors-120K-Puffs-4-Distinct-Flavors-Smart-Screen-Vape-300x300.webp\" alt=\"UOR 4 w 1 Smaki 120 tys. Chmur 4 R\u00f3\u017cne Smaki Smart Screen Vape\" width=\"300\" height=\"300\" srcset=\"https:\/\/vapestornado.com\/wp-content\/uploads\/2025\/11\/UOR-4-in-1-Flavors-120K-Puffs-4-Distinct-Flavors-Smart-Screen-Vape-300x300.webp 300w, https:\/\/vapestornado.com\/wp-content\/uploads\/2025\/11\/UOR-4-in-1-Flavors-120K-Puffs-4-Distinct-Flavors-Smart-Screen-Vape-150x150.webp 150w, https:\/\/vapestornado.com\/wp-content\/uploads\/2025\/11\/UOR-4-in-1-Flavors-120K-Puffs-4-Distinct-Flavors-Smart-Screen-Vape-768x768.webp 768w, https:\/\/vapestornado.com\/wp-content\/uploads\/2025\/11\/UOR-4-in-1-Flavors-120K-Puffs-4-Distinct-Flavors-Smart-Screen-Vape-12x12.webp 12w, https:\/\/vapestornado.com\/wp-content\/uploads\/2025\/11\/UOR-4-in-1-Flavors-120K-Puffs-4-Distinct-Flavors-Smart-Screen-Vape-600x600.webp 600w, https:\/\/vapestornado.com\/wp-content\/uploads\/2025\/11\/UOR-4-in-1-Flavors-120K-Puffs-4-Distinct-Flavors-Smart-Screen-Vape-100x100.webp 100w, https:\/\/vapestornado.com\/wp-content\/uploads\/2025\/11\/UOR-4-in-1-Flavors-120K-Puffs-4-Distinct-Flavors-Smart-Screen-Vape.webp 800w\" sizes=\"(max-width: 300px) 100vw, 300px\" \/><figcaption id=\"caption-attachment-4548\" class=\"wp-caption-text\">UOR 4 w 1 Smaki 120 tys. Chmur 4 R\u00f3\u017cne Smaki Smart Screen Vape<\/figcaption><\/figure>\n<h2>Dlaczego wybra\u0107 Vapestornado do zakupu hurtowego UOR 120000 Chmur?<\/h2>\n<div class=\"flex-shrink-0 flex flex-col relative items-end\">\n<div class=\"pt-0\">\n<div class=\"gizmo-bot-avatar flex h-8 w-8 items-center justify-center overflow-hidden rounded-full\">\n<div class=\"relative p-1 rounded-sm flex items-center justify-center bg-token-main-surface-primary text-token-text-primary h-8 w-8\">\n<p>At\u00a0<strong>Tornado Vape<\/strong>, szczycimy si\u0119 dostarczaniem\u00a0<strong>wysokiej jako\u015bci produkt\u00f3w vapingowych w bezkonkurencyjnych cenach<\/strong>\u00a0Oto dlaczego powiniene\u015b kupowa\u0107 od nas:<\/p>\n<p data-start=\"235\" data-end=\"360\"><strong data-start=\"235\" data-end=\"261\">Najlepsze oferty hurtowe<\/strong> \u2013 Ciesz si\u0119 <strong data-start=\"270\" data-end=\"297\">wysokimi mar\u017cami na hurtowe ceny<\/strong> dopasowane dla reseller\u00f3w, dystrybutor\u00f3w vape i sklep\u00f3w detalicznych.<\/p>\n<p data-start=\"362\" data-end=\"513\"><strong data-start=\"362\" data-end=\"400\">\u2714 Szybka i Bezpieczna Wysy\u0142ka na Ca\u0142y \u015awiat<\/strong> \u2013 Zapewniamy <strong data-start=\"413\" data-end=\"443\">szybk\u0105, \u015bledzon\u0105 dostaw\u0119<\/strong> w ca\u0142ej Europie i poza ni\u0105, aby Tw\u00f3j zapas dotar\u0142 bezpiecznie i na czas.<\/p>\n<p data-start=\"515\" data-end=\"646\"><strong data-start=\"515\" data-end=\"542\">\u2714 Autentyczne Produkty 100%<\/strong> \u2013 Ka\u017cdy <strong data-start=\"551\" data-end=\"578\">WASPE Triple 60000 vape<\/strong> kt\u00f3ry sprzedajemy, jest <strong data-start=\"590\" data-end=\"625\">oryginalny i certyfikowany przez fabryk\u0119<\/strong>, nigdy nie jest podr\u00f3bk\u0105.<\/p>\n<p data-start=\"648\" data-end=\"799\"><strong data-start=\"648\" data-end=\"676\">\u2714 Dedykowany Zesp\u00f3\u0142 Wsparcia<\/strong> \u2013 Potrzebujesz pomocy? Nasi <strong data-start=\"694\" data-end=\"733\">specjali\u015bci od vape s\u0105 dost\u0119pni 24\/7<\/strong>, gotowi odpowiedzie\u0107 na Twoje pytania i pom\u00f3c przy zam\u00f3wieniach o ka\u017cdej porze.<\/p>\n<p>&nbsp;<\/p>\n<p data-start=\"559\" data-end=\"933\" data-is-last-node=\"\" data-is-only-node=\"\">Mamy r\u00f3wnie\u017c inne popularne jednorazowe vape z ekranem, takie jak <a href=\"https:\/\/vapestornado.com\/pl\/product\/uzy-150k-puffs-6-in-1-flavor-switch-disposable-vape-pen-wholesale\/\">UZY 150K Puff vape z wymiennym smakiem<\/a>, <a href=\"https:\/\/vapestornado.com\/pl\/product\/vozol-rave-40k-40000-puffs-disposable-vape-smart-screen-5-nicotine\/\">VOZOL RAVE 40K Jednorazowe Vape<\/a>, <a href=\"https:\/\/vapestornado.com\/pl\/product\/waspe-150k-150000-puff-6-in-1-disposable-vape-pen-cartridge-best-wholesale-price-in-poland\/\">WASPE 150K Puff 6 w 1<\/a>, i wiele innych.<\/p>\n<\/div>\n<div class=\"relative p-1 rounded-sm flex items-center justify-center bg-token-main-surface-primary text-token-text-primary h-8 w-8\">\n<h2>FAQ dotycz\u0105ce UOR 120000 Chmur<\/h2>\n<p data-start=\"2474\" data-end=\"2646\"><strong data-start=\"2474\" data-end=\"2523\">1. Jak dzia\u0142a system zmiany smaku?<\/strong><br data-start=\"2523\" data-end=\"2526\" \/>Cyfrowy ekran <strong data-start=\"2530\" data-end=\"2559\">Wymienna Jednorazowa Vape<\/strong> projekt wykorzystuje cztery oddzielne zbiorniki po 16 ml. Obr\u00f3\u0107 prze\u0142\u0105cznik, aby natychmiast zmieni\u0107 smak.<\/p>\n<p data-start=\"2648\" data-end=\"2797\"><strong data-start=\"2648\" data-end=\"2689\">2. Czy UOR 120k Chmur jest \u0142adowalny?<\/strong><br data-start=\"2689\" data-end=\"2692\" \/>Tak, zawiera <strong data-start=\"2711\" data-end=\"2736\">Bateria typu-C 650mAh<\/strong>, zapewniaj\u0105ca stabiln\u0105 moc a\u017c do wyczerpania wszystkich smak\u00f3w.<\/p>\n<p data-start=\"2799\" data-end=\"2917\"><strong data-start=\"2799\" data-end=\"2836\">3. Jak\u0105 cewk\u0119 u\u017cywa urz\u0105dzenie?<\/strong><br data-start=\"2836\" data-end=\"2839\" \/>U\u017cywa <strong data-start=\"2849\" data-end=\"2867\">1.0\u03a9 siatkowa grza\u0142ka<\/strong>, zoptymalizowanego pod k\u0105tem g\u0142adkiego parowania i precyzyjnego smaku.<\/p>\n<p data-start=\"2919\" data-end=\"3102\"><strong data-start=\"2919\" data-end=\"2967\">4. Czy to jest odpowiednie dla zam\u00f3wie\u0144 hurtowych w UE?<\/strong><br data-start=\"2967\" data-end=\"2970\" \/>Absolutnie \u2014 <strong data-start=\"2987\" data-end=\"3006\">UOR 120000 Papieros\u00f3w<\/strong> jest mocnym graczem w <strong data-start=\"3032\" data-end=\"3053\">E-papierosy Hurt UE<\/strong>, z wysok\u0105 liczb\u0105 chmur i wieloma smakami.<\/p>\n<p data-start=\"3104\" data-end=\"3259\"><strong data-start=\"3104\" data-end=\"3145\">5. Czy to urz\u0105dzenie jest dobre dla nowych u\u017cytkownik\u00f3w?<\/strong><br data-start=\"3145\" data-end=\"3148\" \/>Tak. To jest <strong data-start=\"3161\" data-end=\"3188\">Cyfrowy E-papieros Jednorazowy<\/strong> z aktywacj\u0105 wyci\u0105gu i prostym prze\u0142\u0105czaniem, bez konieczno\u015bci konserwacji.<\/p>\n<\/div>\n<\/div>\n<\/div>\n<\/div>","protected":false},"excerpt":{"rendered":"<article class=\"text-token-text-primary w-full focus:outline-none [--shadow-height:45px] has-data-writing-block:pointer-events-none has-data-writing-block:-mt-(--shadow-height) has-data-writing-block:pt-(--shadow-height) [&amp;:has([data-writing-block])&gt;*]:pointer-events-auto [content-visibility:auto] supports-[content-visibility:auto]:[contain-intrinsic-size:auto_100lvh] scroll-mt-[calc(var(--header-height)+min(200px,max(70px,20svh)))]\" dir=\"auto\" tabindex=\"-1\" data-turn-id=\"86ca9d92-7a10-4e6b-bda0-15f9df36adca\" data-testid=\"conversation-turn-120\" data-scroll-anchor=\"true\" data-turn=\"assistant\">\n<div class=\"text-base my-auto mx-auto pb-10 [--thread-content-margin:--spacing(4)] thread-sm:[--thread-content-margin:--spacing(6)] thread-lg:[--thread-content-margin:--spacing(16)] px-(--thread-content-margin)\">\n<div class=\"[--thread-content-max-width:40rem] thread-lg:[--thread-content-max-width:48rem] mx-auto max-w-(--thread-content-max-width) flex-1 group\/turn-messages focus-visible:outline-hidden relative flex w-full min-w-0 flex-col agent-turn\" tabindex=\"-1\">\n<div class=\"flex max-w-full flex-col grow\">\n<div class=\"min-h-8 text-message relative flex w-full flex-col items-end gap-2 text-start break-words whitespace-normal [.text-message+&amp;]:mt-1\" dir=\"auto\" data-message-author-role=\"assistant\" data-message-id=\"43b070d6-bf28-4fbe-8049-1032a61ea3ac\" data-message-model-slug=\"gpt-5\">\n<div class=\"flex w-full flex-col gap-1 empty:hidden first:pt-[1px]\">\n<div class=\"markdown prose dark:prose-invert w-full break-words light markdown-new-styling\">\n<article class=\"text-token-text-primary w-full focus:outline-none [--shadow-height:45px] has-data-writing-block:pointer-events-none has-data-writing-block:-mt-(--shadow-height) has-data-writing-block:pt-(--shadow-height) [&amp;:has([data-writing-block])&gt;*]:pointer-events-auto [content-visibility:auto] supports-[content-visibility:auto]:[contain-intrinsic-size:auto_100lvh] scroll-mt-[calc(var(--header-height)+min(200px,max(70px,20svh)))]\" dir=\"auto\" tabindex=\"-1\" data-turn-id=\"4d6f00b8-d41a-438b-8912-05a895842882\" data-testid=\"conversation-turn-130\" data-scroll-anchor=\"true\" data-turn=\"assistant\">\n<div class=\"text-base my-auto mx-auto pb-10 [--thread-content-margin:--spacing(4)] thread-sm:[--thread-content-margin:--spacing(6)] thread-lg:[--thread-content-margin:--spacing(16)] px-(--thread-content-margin)\">\n<div class=\"[--thread-content-max-width:40rem] thread-lg:[--thread-content-max-width:48rem] mx-auto max-w-(--thread-content-max-width) flex-1 group\/turn-messages focus-visible:outline-hidden relative flex w-full min-w-0 flex-col agent-turn\" tabindex=\"-1\">\n<div class=\"flex max-w-full flex-col grow\">\n<div class=\"min-h-8 text-message relative flex w-full flex-col items-end gap-2 text-start break-words whitespace-normal [.text-message+&amp;]:mt-1\" dir=\"auto\" data-message-author-role=\"assistant\" data-message-id=\"f3c520bf-c043-4392-87ea-b3bf1b3ae6d3\" data-message-model-slug=\"gpt-5-1\">\n<div class=\"flex w-full flex-col gap-1 empty:hidden first:pt-[1px]\">\n<div class=\"markdown prose dark:prose-invert w-full break-words light markdown-new-styling\">\n<p data-start=\"3562\" data-end=\"3657\"><strong data-start=\"3562\" data-end=\"3655\">UOR 120K Papieros\u00f3w 4-Smaki Switch Vape \u2013 120000 Papieros\u00f3w \u0141adowalny Jednorazowy do Hurtu w UE<\/strong><\/p>\n<p data-start=\"3661\" data-end=\"3753\"><strong data-start=\"3661\" data-end=\"3751\">Kup UOR 120000 Papieros\u00f3w Online \u2013 Wielo-smakowy Cyfrowy Jednorazowy E-papieros z \u0141adowaniem Type-C<\/strong><\/p>\n<p data-start=\"3757\" data-end=\"3844\" data-is-last-node=\"\"><strong data-start=\"3757\" data-end=\"3844\" data-is-last-node=\"\">UOR 120K 4-w-1 Vape \u2013 120000 Papieros\u00f3w Jednorazowy o D\u0142ugiej \u017bywotno\u015bci do Detalu i Hurtu w UE<\/strong><\/p>\n<\/div>\n<\/div>\n<\/div>\n<\/div>\n<div class=\"z-0 flex min-h-[46px] justify-start\"><\/div>\n<div class=\"mt-3 w-full empty:hidden\">\n<div class=\"text-center\"><\/div>\n<\/div>\n<\/div>\n<\/div>\n<\/article>\n<div class=\"pointer-events-none h-px w-px\" aria-hidden=\"true\" data-edge=\"true\"><\/div>\n<\/div>\n<\/div>\n<\/div>\n<\/div>\n<\/div>\n<\/div>\n<\/article>\n<p><img fetchpriority=\"high\" decoding=\"async\" class=\"size-full wp-image-2932\" src=\"https:\/\/vapestornado.com\/wp-content\/uploads\/2024\/12\/Vape-Wholesale.jpg\" alt=\"Hurtowa sprzeda\u017c e-papieros\u00f3w\" width=\"229\" height=\"300\" \/><\/p>\n<h3><a href=\"https:\/\/wa.me\/8617776015835\"><span style=\"color: #ff0000;\"><strong>WhatsApp: +86 17776015835<\/strong><\/span><\/a><\/h3>\n<p>&nbsp;<\/p>","protected":false},"featured_media":4547,"comment_status":"open","ping_status":"closed","template":"","meta":{"_acf_changed":false,"_uag_custom_page_level_css":"","_lmt_disableupdate":"no","_lmt_disable":"","_monsterinsights_skip_tracking":false,"_monsterinsights_sitenote_active":false,"_monsterinsights_sitenote_note":"","_monsterinsights_sitenote_category":0,"site-sidebar-layout":"default","site-content-layout":"","ast-site-content-layout":"default","site-content-style":"default","site-sidebar-style":"default","ast-global-header-display":"","ast-banner-title-visibility":"","ast-main-header-display":"","ast-hfb-above-header-display":"","ast-hfb-below-header-display":"","ast-hfb-mobile-header-display":"","site-post-title":"","ast-breadcrumbs-content":"","ast-featured-img":"","footer-sml-layout":"","ast-disable-related-posts":"","theme-transparent-header-meta":"default","adv-header-id-meta":"","stick-header-meta":"","header-above-stick-meta":"","header-main-stick-meta":"","header-below-stick-meta":"","astra-migrate-meta-layouts":"set","ast-page-background-enabled":"default","ast-page-background-meta":{"desktop":{"background-color":"","background-image":"","background-repeat":"repeat","background-position":"center center","background-size":"auto","background-attachment":"scroll","background-type":"","background-media":"","overlay-type":"","overlay-color":"","overlay-opacity":"","overlay-gradient":""},"tablet":{"background-color":"","background-image":"","background-repeat":"repeat","background-position":"center center","background-size":"auto","background-attachment":"scroll","background-type":"","background-media":"","overlay-type":"","overlay-color":"","overlay-opacity":"","overlay-gradient":""},"mobile":{"background-color":"","background-image":"","background-repeat":"repeat","background-position":"center center","background-size":"auto","background-attachment":"scroll","background-type":"","background-media":"","overlay-type":"","overlay-color":"","overlay-opacity":"","overlay-gradient":""}},"ast-content-background-meta":{"desktop":{"background-color":"var(--ast-global-color-5)","background-image":"","background-repeat":"repeat","background-position":"center center","background-size":"auto","background-attachment":"scroll","background-type":"","background-media":"","overlay-type":"","overlay-color":"","overlay-opacity":"","overlay-gradient":""},"tablet":{"background-color":"var(--ast-global-color-5)","background-image":"","background-repeat":"repeat","background-position":"center center","background-size":"auto","background-attachment":"scroll","background-type":"","background-media":"","overlay-type":"","overlay-color":"","overlay-opacity":"","overlay-gradient":""},"mobile":{"background-color":"var(--ast-global-color-5)","background-image":"","background-repeat":"repeat","background-position":"center center","background-size":"auto","background-attachment":"scroll","background-type":"","background-media":"","overlay-type":"","overlay-color":"","overlay-opacity":"","overlay-gradient":""}},"_joinchat":{"telephone":"17776015835"}},"product_brand":[],"product_cat":[347,149,150,156,143,357,146],"product_tag":[105,427,94,436,434,433,435,301],"class_list":{"0":"post-4544","1":"product","2":"type-product","3":"status-publish","4":"has-post-thumbnail","6":"product_cat-120000-puff","7":"product_cat-buy-disposable-vapes-in-austria","8":"product_cat-buy-disposable-vapes-in-belgium","9":"product_cat-buy-disposable-vapes-in-poland","10":"product_cat-dual-mesh-disposable-vapes","11":"product_cat-flavor-adjustable-vape","12":"product_cat-rechargeable-disposable-vapes","13":"product_tag-digital-disposable-vape","14":"product_tag-multi-flaovr-vape","15":"product_tag-rechargeable-disposable-vape","16":"product_tag-shop-vape-online","17":"product_tag-uor-120000-puffs","18":"product_tag-uor-120k-puff","19":"product_tag-vape-eu-wholesale","20":"product_tag-vapor-wholesale","21":"desktop-align-left","22":"tablet-align-left","23":"mobile-align-left","25":"first","26":"instock","27":"sale","28":"shipping-taxable","29":"purchasable","30":"product-type-simple"},"acf":[],"uagb_featured_image_src":{"full":["https:\/\/vapestornado.com\/wp-content\/uploads\/2025\/11\/The-UOR-120K-is-very-popular-in-the-European-Disposable-Vape-Wholesale.webp",800,800,false],"thumbnail":["https:\/\/vapestornado.com\/wp-content\/uploads\/2025\/11\/The-UOR-120K-is-very-popular-in-the-European-Disposable-Vape-Wholesale-150x150.webp",150,150,true],"medium":["https:\/\/vapestornado.com\/wp-content\/uploads\/2025\/11\/The-UOR-120K-is-very-popular-in-the-European-Disposable-Vape-Wholesale-300x300.webp",300,300,true],"medium_large":["https:\/\/vapestornado.com\/wp-content\/uploads\/2025\/11\/The-UOR-120K-is-very-popular-in-the-European-Disposable-Vape-Wholesale-768x768.webp",768,768,true],"large":["https:\/\/vapestornado.com\/wp-content\/uploads\/2025\/11\/The-UOR-120K-is-very-popular-in-the-European-Disposable-Vape-Wholesale.webp",800,800,false],"1536x1536":["https:\/\/vapestornado.com\/wp-content\/uploads\/2025\/11\/The-UOR-120K-is-very-popular-in-the-European-Disposable-Vape-Wholesale.webp",800,800,false],"2048x2048":["https:\/\/vapestornado.com\/wp-content\/uploads\/2025\/11\/The-UOR-120K-is-very-popular-in-the-European-Disposable-Vape-Wholesale.webp",800,800,false],"trp-custom-language-flag":["https:\/\/vapestornado.com\/wp-content\/uploads\/2025\/11\/The-UOR-120K-is-very-popular-in-the-European-Disposable-Vape-Wholesale-12x12.webp",12,12,true],"woocommerce_thumbnail":["https:\/\/vapestornado.com\/wp-content\/uploads\/2025\/11\/The-UOR-120K-is-very-popular-in-the-European-Disposable-Vape-Wholesale-300x300.webp",300,300,true],"woocommerce_single":["https:\/\/vapestornado.com\/wp-content\/uploads\/2025\/11\/The-UOR-120K-is-very-popular-in-the-European-Disposable-Vape-Wholesale-600x600.webp",600,600,true],"woocommerce_gallery_thumbnail":["https:\/\/vapestornado.com\/wp-content\/uploads\/2025\/11\/The-UOR-120K-is-very-popular-in-the-European-Disposable-Vape-Wholesale-100x100.webp",100,100,true]},"uagb_author_info":{"display_name":"ESAMY","author_link":"https:\/\/vapestornado.com\/pl\/author\/"},"uagb_comment_info":1,"uagb_excerpt":"UOR 120K Puff 4-Flavor Switch Vape \u2013 120000 Puff Rechargeable Disposable for EU Wholesale Buy UOR 120000 Puff Online \u2013 Multi-Flavor Digital Disposable Vape with Type-C Charging UOR 120K 4-in-1 Vape \u2013 120000 Puff Long-Life Disposable for EU Retail &amp; Bulk Orders WhatsApp: +86 17776015835 &nbsp;","_links":{"self":[{"href":"https:\/\/vapestornado.com\/pl\/wp-json\/wp\/v2\/product\/4544","targetHints":{"allow":["GET"]}}],"collection":[{"href":"https:\/\/vapestornado.com\/pl\/wp-json\/wp\/v2\/product"}],"about":[{"href":"https:\/\/vapestornado.com\/pl\/wp-json\/wp\/v2\/types\/product"}],"replies":[{"embeddable":true,"href":"https:\/\/vapestornado.com\/pl\/wp-json\/wp\/v2\/comments?post=4544"}],"wp:featuredmedia":[{"embeddable":true,"href":"https:\/\/vapestornado.com\/pl\/wp-json\/wp\/v2\/media\/4547"}],"wp:attachment":[{"href":"https:\/\/vapestornado.com\/pl\/wp-json\/wp\/v2\/media?parent=4544"}],"wp:term":[{"taxonomy":"product_brand","embeddable":true,"href":"https:\/\/vapestornado.com\/pl\/wp-json\/wp\/v2\/product_brand?post=4544"},{"taxonomy":"product_cat","embeddable":true,"href":"https:\/\/vapestornado.com\/pl\/wp-json\/wp\/v2\/product_cat?post=4544"},{"taxonomy":"product_tag","embeddable":true,"href":"https:\/\/vapestornado.com\/pl\/wp-json\/wp\/v2\/product_tag?post=4544"}],"curies":[{"name":"wp","href":"https:\/\/api.w.org\/{rel}","templated":true}]}}