{"id":4543,"date":"2025-11-14T09:06:06","date_gmt":"2025-11-14T09:06:06","guid":{"rendered":"https:\/\/vapestornado.com\/?post_type=product&#038;p=4543"},"modified":"2025-11-14T09:29:50","modified_gmt":"2025-11-14T09:29:50","slug":"ainovo-aim-aipod-30000-30k-puff-replaceable-tank-disposable-vape-kit","status":"publish","type":"product","link":"https:\/\/vapestornado.com\/pl\/product\/ainovo-aim-aipod-30000-30k-puff-replaceable-tank-disposable-vape-kit\/","title":{"rendered":"AINOVO AIM AIPOD 30000 30K Pali Pojemnik na wymian\u0119 Jednorazowy Vape Zestaw"},"content":{"rendered":"<h2 data-pm-slice=\"1 1 []\">AINOVO AIM AIPOD 30000 Pali \u2013 Wymienny Zbiornik z Moc\u0105 dla Powa\u017cnych Polskich Vaper\u00f3w<\/h2>\n<p data-start=\"86\" data-end=\"660\">Cyfrowy ekran <strong data-start=\"90\" data-end=\"116\">AINOVO AIM AIPOD 30000<\/strong> zosta\u0142 zaprojektowany dla polskich hurtownik\u00f3w i konsument\u00f3w, kt\u00f3rzy oczekuj\u0105 maksymalnej trwa\u0142o\u015bci z nowoczesn\u0105 technologi\u0105 wapowania. Zaprojektowany jako <strong data-start=\"242\" data-end=\"282\">Wymienny Zbiornik Jednorazowy Zestaw Vape<\/strong>, zapewnia do <strong data-start=\"302\" data-end=\"332\">30000 puf\u00f3w w trybie normalnym<\/strong> i <strong data-start=\"337\" data-end=\"366\">20000 puf\u00f3w w trybie boost<\/strong>, daj\u0105c u\u017cytkownikom swobod\u0119 prze\u0142\u0105czania si\u0119 mi\u0119dzy p\u0142ynn\u0105 wydajno\u015bci\u0105 a mocnymi, g\u0119stymi chmurami. Z <strong data-start=\"462\" data-end=\"485\">Grza\u0142ka z podw\u00f3jnej siatki 1.0\u03a9<\/strong>, ka\u017cdy puf jest bogaty, stabilny i wierny smakowi \u2014 kluczowa zaleta dla sprzedawc\u00f3w detalicznych szukaj\u0105cych niezawodnych <strong data-start=\"588\" data-end=\"631\">hurtowych i hurtowych zakup\u00f3w jednorazowych e-papieros\u00f3w<\/strong> kt\u00f3re dzia\u0142aj\u0105 konsekwentnie.<\/p>\n<p data-start=\"662\" data-end=\"1302\">To kompaktowe urz\u0105dzenie posiada <strong data-start=\"692\" data-end=\"717\">15ml wymienny zbiornik<\/strong>, wyznaczaj\u0105c kierunek rozwoju kategorii z d\u0142u\u017csz\u0105 \u017cywotno\u015bci\u0105 i ni\u017cszymi kosztami eksploatacji. Model <strong data-start=\"798\" data-end=\"818\">AINOVO AIPOD 30K<\/strong> zawiera r\u00f3wnie\u017c regulowany przep\u0142yw powietrza dla spersonalizowanego oporu inhalacji, a tak\u017ce <strong data-start=\"893\" data-end=\"917\">inteligentny ekran<\/strong> wska\u017anik poziomu baterii i e-liquid\u00f3w. Z <strong data-start=\"960\" data-end=\"990\">850mAh szybkim \u0142adowaniem<\/strong> oraz opcjami nikotyny od <strong data-start=\"1016\" data-end=\"1028\">0% do 5%<\/strong>, spe\u0142nia potrzeby r\u00f3\u017cnych rynk\u00f3w UE. Jako <strong data-start=\"1076\" data-end=\"1110\">Dostawca jednorazowych e-papieros\u00f3w z Chin<\/strong> model zaprojektowany do odsprzeda\u017cy na du\u017c\u0105 skal\u0119, <strong data-start=\"1151\" data-end=\"1178\">AINOVO AIPOD 30000 puf\u00f3w<\/strong> jest zoptymalizowany pod k\u0105tem wygody, trwa\u0142o\u015bci i mar\u017cy zysku \u2014 idealny dla sieci detalicznych UE, kiosk\u00f3w i sklep\u00f3w internetowych z e-papierosami.<\/p>\n<p data-start=\"1304\" data-end=\"1649\">Nabywcy z UE ceni\u0105 sobie kompaktowy rozmiar, szybkie \u0142adowanie, precyzyjny smak i niskie koszty utrzymania. AIM AIPOD dostarcza dok\u0142adnie tego, oferuj\u0105c 10 mocnych profili smakowych, kt\u00f3re przemawiaj\u0105 do europejskiego vaper'a. Dla dystrybutor\u00f3w poszukuj\u0105cych stabilnych dostaw magazynowych i wysokiej wydajno\u015bci, jest to jedna z najbardziej niezawodnych opcji 30K puf\u00f3w w kategorii.<\/p>\n<p data-start=\"666\" data-end=\"1235\"><strong style=\"font-size: 16px;\"><span style=\"color: #ff0000;\">Dodaj Amy na WhatsApp, aby uzyska\u0107 szybk\u0105 odpowied\u017a i cen\u0119 ze zni\u017ck\u0105!<\/span><\/strong><\/p>\n<p><img fetchpriority=\"high\" decoding=\"async\" class=\"size-full wp-image-2932\" src=\"https:\/\/vapestornado.com\/wp-content\/uploads\/2024\/12\/Vape-Wholesale.jpg\" alt=\"Hurtowa sprzeda\u017c e-papieros\u00f3w\" width=\"229\" height=\"300\" \/><\/p>\n<h3><a href=\"https:\/\/wa.me\/8617776015835\" target=\"_blank\" rel=\"noopener\"><span style=\"color: #ff0000;\"><strong>WhatsApp: +86 17776015835<\/strong><\/span><\/a><\/h3>\n<p>&nbsp;<\/p>\n<h2><strong>Kluczowe cechy produktu AINOVO AIM AIPOD 30000<\/strong><\/h2>\n<ul data-start=\"1707\" data-end=\"2033\">\n<li data-start=\"1707\" data-end=\"1739\">\n<p data-start=\"1709\" data-end=\"1739\"><strong data-start=\"1709\" data-end=\"1725\">Tryb normalny:<\/strong> 30000 zaci\u0105gni\u0119\u0107<\/p>\n<\/li>\n<li data-start=\"1740\" data-end=\"1771\">\n<p data-start=\"1742\" data-end=\"1771\"><strong data-start=\"1742\" data-end=\"1757\">Tryb zwi\u0119kszonej mocy:<\/strong> 20000 zaci\u0105gni\u0119\u0107<\/p>\n<\/li>\n<li data-start=\"1772\" data-end=\"1816\">\n<p data-start=\"1774\" data-end=\"1816\"><strong data-start=\"1774\" data-end=\"1792\">Pojemno\u015b\u0107 zbiornika:<\/strong> 15ml wymienny zbiornik<\/p>\n<\/li>\n<li data-start=\"1817\" data-end=\"1845\">\n<p data-start=\"1819\" data-end=\"1845\"><strong data-start=\"1819\" data-end=\"1828\">Grza\u0142ka:<\/strong> Podw\u00f3jna siatka 1.0\u03a9<\/p>\n<\/li>\n<li data-start=\"1846\" data-end=\"1882\">\n<p data-start=\"1848\" data-end=\"1882\"><strong data-start=\"1848\" data-end=\"1860\">Bateria:<\/strong> 850mAh do\u0142adowywalna bateria<\/p>\n<\/li>\n<li data-start=\"1883\" data-end=\"1923\">\n<p data-start=\"1885\" data-end=\"1923\"><strong data-start=\"1885\" data-end=\"1906\">Opcje nikotyny:<\/strong> 0%, 2%, 3%, 5%<\/p>\n<\/li>\n<li data-start=\"1924\" data-end=\"1972\">\n<p data-start=\"1926\" data-end=\"1972\"><strong data-start=\"1926\" data-end=\"1943\">Inteligentny ekran:<\/strong> Wska\u017aniki baterii i p\u0142ynu<\/p>\n<\/li>\n<li data-start=\"1973\" data-end=\"1999\">\n<p data-start=\"1975\" data-end=\"1999\"><strong data-start=\"1975\" data-end=\"1997\">Regulowany przep\u0142yw powietrza<\/strong><\/p>\n<\/li>\n<li data-start=\"2000\" data-end=\"2033\">\n<p data-start=\"2002\" data-end=\"2033\"><strong data-start=\"2002\" data-end=\"2011\">Rozmiar:<\/strong> 52,2 \u00d7 27,8 \u00d7 96 mm<\/p>\n<\/li>\n<\/ul>\n<figure id=\"attachment_4542\" aria-describedby=\"caption-attachment-4542\" style=\"width: 300px\" class=\"wp-caption alignnone\"><img decoding=\"async\" class=\"size-medium wp-image-4542\" src=\"https:\/\/vapestornado.com\/wp-content\/uploads\/2025\/11\/Aivono-Aipod-30k-30000-Puffs-Disposable-Vapes-Bulk-Buy-300x300.webp\" alt=\"Aivono Aipod 30k 30000 Puf\u00f3w Jednorazowe E-papierosy Hurtowa Kupno\" width=\"300\" height=\"300\" srcset=\"https:\/\/vapestornado.com\/wp-content\/uploads\/2025\/11\/Aivono-Aipod-30k-30000-Puffs-Disposable-Vapes-Bulk-Buy-300x300.webp 300w, https:\/\/vapestornado.com\/wp-content\/uploads\/2025\/11\/Aivono-Aipod-30k-30000-Puffs-Disposable-Vapes-Bulk-Buy-150x150.webp 150w, https:\/\/vapestornado.com\/wp-content\/uploads\/2025\/11\/Aivono-Aipod-30k-30000-Puffs-Disposable-Vapes-Bulk-Buy-768x768.webp 768w, https:\/\/vapestornado.com\/wp-content\/uploads\/2025\/11\/Aivono-Aipod-30k-30000-Puffs-Disposable-Vapes-Bulk-Buy-12x12.webp 12w, https:\/\/vapestornado.com\/wp-content\/uploads\/2025\/11\/Aivono-Aipod-30k-30000-Puffs-Disposable-Vapes-Bulk-Buy-600x600.webp 600w, https:\/\/vapestornado.com\/wp-content\/uploads\/2025\/11\/Aivono-Aipod-30k-30000-Puffs-Disposable-Vapes-Bulk-Buy-100x100.webp 100w, https:\/\/vapestornado.com\/wp-content\/uploads\/2025\/11\/Aivono-Aipod-30k-30000-Puffs-Disposable-Vapes-Bulk-Buy.webp 800w\" sizes=\"(max-width: 300px) 100vw, 300px\" \/><figcaption id=\"caption-attachment-4542\" class=\"wp-caption-text\">Aivono Aipod 30k 30000 Puf\u00f3w Jednorazowe E-papierosy Hurtowa Kupno<\/figcaption><\/figure>\n<h2 class=\"product-title\"><strong>Lista smak\u00f3w jednorazowych e-papieros\u00f3w AINOVO AIM AIPOD 30000<\/strong><\/h2>\n<h3 data-start=\"2040\" data-end=\"2076\"><\/h3>\n<ol data-start=\"2077\" data-end=\"2293\">\n<li data-start=\"2077\" data-end=\"2096\">\n<p data-start=\"2080\" data-end=\"2096\">Arbuzowy l\u00f3d<\/p>\n<\/li>\n<li data-start=\"2097\" data-end=\"2112\">\n<p data-start=\"2100\" data-end=\"2112\">Mi\u0119towy Miami<\/p>\n<\/li>\n<li data-start=\"2113\" data-end=\"2129\">\n<p data-start=\"2116\" data-end=\"2129\">Grape Slush<\/p>\n<\/li>\n<li data-start=\"2130\" data-end=\"2155\">\n<p data-start=\"2133\" data-end=\"2155\">S\u0142odki Mango Ananas<\/p>\n<\/li>\n<li data-start=\"2156\" data-end=\"2182\">\n<p data-start=\"2159\" data-end=\"2182\">Raspberry Peach Lemon<\/p>\n<\/li>\n<li data-start=\"2183\" data-end=\"2197\">\n<p data-start=\"2186\" data-end=\"2197\">D\u017cem brzoskwiniowy<\/p>\n<\/li>\n<li data-start=\"2198\" data-end=\"2227\">\n<p data-start=\"2201\" data-end=\"2227\">Zamro\u017cona wi\u015bnia arbuz<\/p>\n<\/li>\n<li data-start=\"2228\" data-end=\"2245\">\n<p data-start=\"2231\" data-end=\"2245\">Podw\u00f3jne Jab\u0142ko<\/p>\n<\/li>\n<li data-start=\"2246\" data-end=\"2265\">\n<p data-start=\"2249\" data-end=\"2265\">Jagoda Razz<\/p>\n<\/li>\n<li data-start=\"2266\" data-end=\"2293\">\n<p data-start=\"2270\" data-end=\"2293\">Truskawkowa Arbuz<\/p>\n<\/li>\n<\/ol>\n<p>&nbsp;<\/p>\n<h2>Dlaczego warto wybra\u0107 Vapestornado dla AINOVO AIM AIPOD 30000 Puf\u00f3w Hurtowo?<\/h2>\n<div class=\"flex-shrink-0 flex flex-col relative items-end\">\n<div class=\"pt-0\">\n<div class=\"gizmo-bot-avatar flex h-8 w-8 items-center justify-center overflow-hidden rounded-full\">\n<div class=\"relative p-1 rounded-sm flex items-center justify-center bg-token-main-surface-primary text-token-text-primary h-8 w-8\">\n<p>At\u00a0<strong>Tornado Vape<\/strong>, szczycimy si\u0119 dostarczaniem\u00a0<strong>wysokiej jako\u015bci produkt\u00f3w vapingowych w bezkonkurencyjnych cenach<\/strong>\u00a0Oto dlaczego powiniene\u015b kupowa\u0107 od nas:<\/p>\n<p data-start=\"235\" data-end=\"360\"><strong data-start=\"235\" data-end=\"261\">Najlepsze oferty hurtowe<\/strong> \u2013 Ciesz si\u0119 <strong data-start=\"270\" data-end=\"297\">wysokimi mar\u017cami na hurtowe ceny<\/strong> dopasowane dla reseller\u00f3w, dystrybutor\u00f3w vape i sklep\u00f3w detalicznych.<\/p>\n<p data-start=\"362\" data-end=\"513\"><strong data-start=\"362\" data-end=\"400\">\u2714 Szybka i Bezpieczna Wysy\u0142ka na Ca\u0142y \u015awiat<\/strong> \u2013 Zapewniamy <strong data-start=\"413\" data-end=\"443\">szybk\u0105, \u015bledzon\u0105 dostaw\u0119<\/strong> w ca\u0142ej Europie i poza ni\u0105, aby Tw\u00f3j zapas dotar\u0142 bezpiecznie i na czas.<\/p>\n<p data-start=\"515\" data-end=\"646\"><strong data-start=\"515\" data-end=\"542\">\u2714 Autentyczne Produkty 100%<\/strong> \u2013 Ka\u017cdy <strong data-start=\"551\" data-end=\"578\">WASPE Triple 60000 vape<\/strong> kt\u00f3ry sprzedajemy, jest <strong data-start=\"590\" data-end=\"625\">oryginalny i certyfikowany przez fabryk\u0119<\/strong>, nigdy nie jest podr\u00f3bk\u0105.<\/p>\n<p data-start=\"648\" data-end=\"799\"><strong data-start=\"648\" data-end=\"676\">\u2714 Dedykowany Zesp\u00f3\u0142 Wsparcia<\/strong> \u2013 Potrzebujesz pomocy? Nasi <strong data-start=\"694\" data-end=\"733\">specjali\u015bci od vape s\u0105 dost\u0119pni 24\/7<\/strong>, gotowi odpowiedzie\u0107 na Twoje pytania i pom\u00f3c przy zam\u00f3wieniach o ka\u017cdej porze.<\/p>\n<p>&nbsp;<\/p>\n<p data-start=\"559\" data-end=\"933\" data-is-last-node=\"\" data-is-only-node=\"\">Mamy r\u00f3wnie\u017c inne popularne jednorazowe vape z ekranem, takie jak <a href=\"https:\/\/vapestornado.com\/pl\/product\/uzy-150k-puffs-6-in-1-flavor-switch-disposable-vape-pen-wholesale\/\">UZY 150K Puff vape z wymiennym smakiem<\/a>, <a href=\"https:\/\/vapestornado.com\/pl\/product\/vozol-rave-40k-40000-puffs-disposable-vape-smart-screen-5-nicotine\/\">VOZOL RAVE 40K Jednorazowe Vape<\/a>, <a href=\"https:\/\/vapestornado.com\/pl\/product\/waspe-150k-150000-puff-6-in-1-disposable-vape-pen-cartridge-best-wholesale-price-in-poland\/\">WASPE 150K Puff 6 w 1<\/a>, i wiele innych.<\/p>\n<\/div>\n<div class=\"relative p-1 rounded-sm flex items-center justify-center bg-token-main-surface-primary text-token-text-primary h-8 w-8\">\n<h2>Najcz\u0119\u015bciej zadawane pytania o AINOVO AIM AIPOD 30000 30k Puf<\/h2>\n<p data-start=\"2345\" data-end=\"2507\"><strong data-start=\"2345\" data-end=\"2397\">1. Jak d\u0142ugo dzia\u0142a AINOVO AIPOD 30K Puf?<\/strong><br data-start=\"2397\" data-end=\"2400\" \/>Tryb normalny oferuje do <strong data-start=\"2425\" data-end=\"2440\">30000 zaci\u0105gni\u0119\u0107<\/strong>, podczas gdy Tryb Boost zapewnia <strong data-start=\"2468\" data-end=\"2483\">20000 zaci\u0105gni\u0119\u0107<\/strong> z mocniejszym wyj\u015bciem.<\/p>\n<p data-start=\"2509\" data-end=\"2669\"><strong data-start=\"2509\" data-end=\"2566\">2. Czy AINOVO AIM AIPOD to wymienny system zbiornika?<\/strong><br data-start=\"2566\" data-end=\"2569\" \/>Tak, u\u017cywa <strong data-start=\"2584\" data-end=\"2609\">15ml wymienny zbiornik<\/strong>, co czyni go idealnym dla u\u017cytkownik\u00f3w, kt\u00f3rzy chc\u0105 wyd\u0142u\u017conej \u017cywotno\u015bci urz\u0105dzenia.<\/p>\n<p data-start=\"2671\" data-end=\"2783\"><strong data-start=\"2671\" data-end=\"2703\">3. Czy mog\u0119 regulowa\u0107 przep\u0142yw powietrza?<\/strong><br data-start=\"2703\" data-end=\"2706\" \/>Tak, posiada <strong data-start=\"2723\" data-end=\"2745\">regulacja przep\u0142ywu powietrza<\/strong> dla preferencji ciasnego lub otwartego zaci\u0105gni\u0119cia.<\/p>\n<p data-start=\"2785\" data-end=\"2924\"><strong data-start=\"2785\" data-end=\"2828\">4. Jakie opcje nikotyny s\u0105 dost\u0119pne?<\/strong><br data-start=\"2828\" data-end=\"2831\" \/>Obs\u0142uguje <strong data-start=\"2843\" data-end=\"2864\">0% \/ 2% \/ 3% \/ 5%<\/strong>, co czyni go odpowiednim dla u\u017cytkownik\u00f3w bez nikotyny i o wysokiej mocy.<\/p>\n<p data-start=\"2926\" data-end=\"3121\"><strong data-start=\"2926\" data-end=\"2974\">5. Czy jest odpowiedni do hurtowych i du\u017cych zam\u00f3wie\u0144?<\/strong><br data-start=\"2974\" data-end=\"2977\" \/>Oczywi\u015bcie \u2014 jest zaprojektowany dla dystrybutor\u00f3w potrzebuj\u0105cych stabilnej dostawy z <strong data-start=\"3050\" data-end=\"3084\">Dostawca jednorazowych e-papieros\u00f3w z Chin<\/strong>, z du\u017cym popytem w ca\u0142ej Europie.<\/p>\n<\/div>\n<\/div>\n<\/div>\n<\/div>","protected":false},"excerpt":{"rendered":"<article class=\"text-token-text-primary w-full focus:outline-none [--shadow-height:45px] has-data-writing-block:pointer-events-none has-data-writing-block:-mt-(--shadow-height) has-data-writing-block:pt-(--shadow-height) [&amp;:has([data-writing-block])&gt;*]:pointer-events-auto [content-visibility:auto] supports-[content-visibility:auto]:[contain-intrinsic-size:auto_100lvh] scroll-mt-[calc(var(--header-height)+min(200px,max(70px,20svh)))]\" dir=\"auto\" tabindex=\"-1\" data-turn-id=\"86ca9d92-7a10-4e6b-bda0-15f9df36adca\" data-testid=\"conversation-turn-120\" data-scroll-anchor=\"true\" data-turn=\"assistant\">\n<div class=\"text-base my-auto mx-auto pb-10 [--thread-content-margin:--spacing(4)] thread-sm:[--thread-content-margin:--spacing(6)] thread-lg:[--thread-content-margin:--spacing(16)] px-(--thread-content-margin)\">\n<div class=\"[--thread-content-max-width:40rem] thread-lg:[--thread-content-max-width:48rem] mx-auto max-w-(--thread-content-max-width) flex-1 group\/turn-messages focus-visible:outline-hidden relative flex w-full min-w-0 flex-col agent-turn\" tabindex=\"-1\">\n<div class=\"flex max-w-full flex-col grow\">\n<div class=\"min-h-8 text-message relative flex w-full flex-col items-end gap-2 text-start break-words whitespace-normal [.text-message+&amp;]:mt-1\" dir=\"auto\" data-message-author-role=\"assistant\" data-message-id=\"43b070d6-bf28-4fbe-8049-1032a61ea3ac\" data-message-model-slug=\"gpt-5\">\n<div class=\"flex w-full flex-col gap-1 empty:hidden first:pt-[1px]\">\n<div class=\"markdown prose dark:prose-invert w-full break-words light markdown-new-styling\">\n<p data-start=\"3431\" data-end=\"3519\"><strong data-start=\"3431\" data-end=\"3517\">AINOVO AIPOD 30K Wymienny Pojemnik na Vape \u2013 30000 Pali Inteligentny Jednorazowy do hurtowej sprzeda\u017cy<\/strong><\/p>\n<p data-start=\"3523\" data-end=\"3604\"><strong data-start=\"3523\" data-end=\"3602\">Kup AINOVO AIM AIPOD 30000 Pali \u2013 Dual Mesh 30K Zestaw Vape na hurtowe zam\u00f3wienia w UE<\/strong><\/p>\n<p data-start=\"3608\" data-end=\"3688\" data-is-last-node=\"\"><strong data-start=\"3608\" data-end=\"3688\" data-is-last-node=\"\">AINOVO AIPOD 30000 Pali Jednorazowy \u2013 30K Wymienny Pojemnik na Vape Gor\u0105ca sprzeda\u017c<\/strong><\/p>\n<\/div>\n<\/div>\n<\/div>\n<\/div>\n<\/div>\n<\/div>\n<\/article>\n<p><img fetchpriority=\"high\" decoding=\"async\" class=\"size-full wp-image-2932\" src=\"https:\/\/vapestornado.com\/wp-content\/uploads\/2024\/12\/Vape-Wholesale.jpg\" alt=\"Hurtowa sprzeda\u017c e-papieros\u00f3w\" width=\"229\" height=\"300\" \/><\/p>\n<h3><a href=\"https:\/\/wa.me\/8617776015835\"><span style=\"color: #ff0000;\"><strong>WhatsApp: +86 17776015835<\/strong><\/span><\/a><\/h3>\n<p>&nbsp;<\/p>","protected":false},"featured_media":4538,"comment_status":"open","ping_status":"closed","template":"","meta":{"_acf_changed":false,"_uag_custom_page_level_css":"","_lmt_disableupdate":"no","_lmt_disable":"","_monsterinsights_skip_tracking":false,"_monsterinsights_sitenote_active":false,"_monsterinsights_sitenote_note":"","_monsterinsights_sitenote_category":0,"site-sidebar-layout":"default","site-content-layout":"","ast-site-content-layout":"default","site-content-style":"default","site-sidebar-style":"default","ast-global-header-display":"","ast-banner-title-visibility":"","ast-main-header-display":"","ast-hfb-above-header-display":"","ast-hfb-below-header-display":"","ast-hfb-mobile-header-display":"","site-post-title":"","ast-breadcrumbs-content":"","ast-featured-img":"","footer-sml-layout":"","ast-disable-related-posts":"","theme-transparent-header-meta":"default","adv-header-id-meta":"","stick-header-meta":"","header-above-stick-meta":"","header-main-stick-meta":"","header-below-stick-meta":"","astra-migrate-meta-layouts":"set","ast-page-background-enabled":"default","ast-page-background-meta":{"desktop":{"background-color":"","background-image":"","background-repeat":"repeat","background-position":"center center","background-size":"auto","background-attachment":"scroll","background-type":"","background-media":"","overlay-type":"","overlay-color":"","overlay-opacity":"","overlay-gradient":""},"tablet":{"background-color":"","background-image":"","background-repeat":"repeat","background-position":"center center","background-size":"auto","background-attachment":"scroll","background-type":"","background-media":"","overlay-type":"","overlay-color":"","overlay-opacity":"","overlay-gradient":""},"mobile":{"background-color":"","background-image":"","background-repeat":"repeat","background-position":"center center","background-size":"auto","background-attachment":"scroll","background-type":"","background-media":"","overlay-type":"","overlay-color":"","overlay-opacity":"","overlay-gradient":""}},"ast-content-background-meta":{"desktop":{"background-color":"var(--ast-global-color-5)","background-image":"","background-repeat":"repeat","background-position":"center center","background-size":"auto","background-attachment":"scroll","background-type":"","background-media":"","overlay-type":"","overlay-color":"","overlay-opacity":"","overlay-gradient":""},"tablet":{"background-color":"var(--ast-global-color-5)","background-image":"","background-repeat":"repeat","background-position":"center center","background-size":"auto","background-attachment":"scroll","background-type":"","background-media":"","overlay-type":"","overlay-color":"","overlay-opacity":"","overlay-gradient":""},"mobile":{"background-color":"var(--ast-global-color-5)","background-image":"","background-repeat":"repeat","background-position":"center center","background-size":"auto","background-attachment":"scroll","background-type":"","background-media":"","overlay-type":"","overlay-color":"","overlay-opacity":"","overlay-gradient":""}},"_joinchat":{"telephone":"17776015835"}},"product_brand":[],"product_cat":[67,176,152,154,156,158,142,357,144],"product_tag":[432,105,430,94,431,301],"class_list":{"0":"post-4543","1":"product","2":"type-product","3":"status-publish","4":"has-post-thumbnail","6":"product_cat-30000-puff","7":"product_cat-aivono-vape","8":"product_cat-buy-disposable-vapes-in-cermany","9":"product_cat-buy-disposable-vapes-in-netherlands","10":"product_cat-buy-disposable-vapes-in-poland","11":"product_cat-buy-disposable-vapes-in-spain","12":"product_cat-digital-box-disposable-vapes","13":"product_cat-flavor-adjustable-vape","14":"product_cat-low-nicotine-disposable-vapes","15":"product_tag-china-disposable-vape-supplier","16":"product_tag-digital-disposable-vape","17":"product_tag-disposables-vaper","18":"product_tag-rechargeable-disposable-vape","19":"product_tag-replaceable-tank-disposable-vape-kit","20":"product_tag-vapor-wholesale","21":"desktop-align-left","22":"tablet-align-left","23":"mobile-align-left","25":"first","26":"instock","27":"sale","28":"shipping-taxable","29":"purchasable","30":"product-type-simple"},"acf":[],"uagb_featured_image_src":{"full":["https:\/\/vapestornado.com\/wp-content\/uploads\/2025\/11\/Aivono-30k-30000-Puffs-Disposable-Vape.webp",800,800,false],"thumbnail":["https:\/\/vapestornado.com\/wp-content\/uploads\/2025\/11\/Aivono-30k-30000-Puffs-Disposable-Vape-150x150.webp",150,150,true],"medium":["https:\/\/vapestornado.com\/wp-content\/uploads\/2025\/11\/Aivono-30k-30000-Puffs-Disposable-Vape-300x300.webp",300,300,true],"medium_large":["https:\/\/vapestornado.com\/wp-content\/uploads\/2025\/11\/Aivono-30k-30000-Puffs-Disposable-Vape-768x768.webp",768,768,true],"large":["https:\/\/vapestornado.com\/wp-content\/uploads\/2025\/11\/Aivono-30k-30000-Puffs-Disposable-Vape.webp",800,800,false],"1536x1536":["https:\/\/vapestornado.com\/wp-content\/uploads\/2025\/11\/Aivono-30k-30000-Puffs-Disposable-Vape.webp",800,800,false],"2048x2048":["https:\/\/vapestornado.com\/wp-content\/uploads\/2025\/11\/Aivono-30k-30000-Puffs-Disposable-Vape.webp",800,800,false],"trp-custom-language-flag":["https:\/\/vapestornado.com\/wp-content\/uploads\/2025\/11\/Aivono-30k-30000-Puffs-Disposable-Vape-12x12.webp",12,12,true],"woocommerce_thumbnail":["https:\/\/vapestornado.com\/wp-content\/uploads\/2025\/11\/Aivono-30k-30000-Puffs-Disposable-Vape-300x300.webp",300,300,true],"woocommerce_single":["https:\/\/vapestornado.com\/wp-content\/uploads\/2025\/11\/Aivono-30k-30000-Puffs-Disposable-Vape-600x600.webp",600,600,true],"woocommerce_gallery_thumbnail":["https:\/\/vapestornado.com\/wp-content\/uploads\/2025\/11\/Aivono-30k-30000-Puffs-Disposable-Vape-100x100.webp",100,100,true]},"uagb_author_info":{"display_name":"ESAMY","author_link":"https:\/\/vapestornado.com\/pl\/author\/"},"uagb_comment_info":0,"uagb_excerpt":"AINOVO AIPOD 30K Replaceable Tank Vape \u2013 30000 Puff Smart Disposable for Wholesale Buy AINOVO AIM AIPOD 30000 Puff \u2013 Dual Mesh 30K Vape Kit for EU Bulk Orders AINOVO AIPOD 30000 Puff Disposable \u2013 30K Replaceable Tank Vape Hot Sale WhatsApp: +86 17776015835 &nbsp;","_links":{"self":[{"href":"https:\/\/vapestornado.com\/pl\/wp-json\/wp\/v2\/product\/4543","targetHints":{"allow":["GET"]}}],"collection":[{"href":"https:\/\/vapestornado.com\/pl\/wp-json\/wp\/v2\/product"}],"about":[{"href":"https:\/\/vapestornado.com\/pl\/wp-json\/wp\/v2\/types\/product"}],"replies":[{"embeddable":true,"href":"https:\/\/vapestornado.com\/pl\/wp-json\/wp\/v2\/comments?post=4543"}],"wp:featuredmedia":[{"embeddable":true,"href":"https:\/\/vapestornado.com\/pl\/wp-json\/wp\/v2\/media\/4538"}],"wp:attachment":[{"href":"https:\/\/vapestornado.com\/pl\/wp-json\/wp\/v2\/media?parent=4543"}],"wp:term":[{"taxonomy":"product_brand","embeddable":true,"href":"https:\/\/vapestornado.com\/pl\/wp-json\/wp\/v2\/product_brand?post=4543"},{"taxonomy":"product_cat","embeddable":true,"href":"https:\/\/vapestornado.com\/pl\/wp-json\/wp\/v2\/product_cat?post=4543"},{"taxonomy":"product_tag","embeddable":true,"href":"https:\/\/vapestornado.com\/pl\/wp-json\/wp\/v2\/product_tag?post=4543"}],"curies":[{"name":"wp","href":"https:\/\/api.w.org\/{rel}","templated":true}]}}