{"id":4537,"date":"2025-11-13T08:50:19","date_gmt":"2025-11-13T08:50:19","guid":{"rendered":"https:\/\/vapestornado.com\/?post_type=product&#038;p=4537"},"modified":"2025-11-13T09:14:06","modified_gmt":"2025-11-13T09:14:06","slug":"uzy-bang-digital-15k-puff-monkey-vape-pen-eu-warehouse-fast-shipping","status":"publish","type":"product","link":"https:\/\/vapestornado.com\/pl\/product\/uzy-bang-digital-15k-puff-monkey-vape-pen-eu-warehouse-fast-shipping\/","title":{"rendered":"UZY Bang Digital 15K Puff 15000 Monkey Vape Pen Magazyn UE Szybka Wysy\u0142ka"},"content":{"rendered":"<h2 data-pm-slice=\"1 1 []\">UZY Bang Digital 15K Puff \u2013 Kompaktowa Moc, Premium Smak, Szybka Dostawa z UE<\/h2>\n<p data-start=\"90\" data-end=\"703\">Cyfrowy ekran <strong data-start=\"94\" data-end=\"118\">UZY Bang Digital 15K<\/strong> na nowo definiuje, czym mo\u017ce by\u0107 kompaktowy <strong data-start=\"144\" data-end=\"171\">cyfrowy vape jednorazowy<\/strong> mo\u017ce zaoferowa\u0107. Z <strong data-start=\"190\" data-end=\"222\">pojemno\u015bci\u0105 15000 zaci\u0105gni\u0119\u0107<\/strong> i <strong data-start=\"227\" data-end=\"254\">25 ml wst\u0119pnie nape\u0142nionego e-liquidu<\/strong>, ten model \u0142\u0105czy d\u0142ugotrwa\u0142\u0105 wydajno\u015b\u0107 z p\u0142ynn\u0105, sp\u00f3jn\u0105 produkcj\u0105 pary. Zaprojektowany dla waper\u00f3w, kt\u00f3rzy wymagaj\u0105 zar\u00f3wno wytrzyma\u0142o\u015bci, jak i smaku, <strong data-start=\"406\" data-end=\"423\">UZY 15K Paliwek<\/strong> charakteryzuje si\u0119 <strong data-start=\"435\" data-end=\"453\">1.0\u03a9 siatkowa grza\u0142ka<\/strong> za g\u0119ste chmury i czysty smak w ka\u017cdym zaci\u0105gni\u0119ciu. Jego <strong data-start=\"506\" data-end=\"544\">Bateria 850mAh \u0142adowana przez Type-C<\/strong> zapewnia ca\u0142odzienn\u0105 moc dzi\u0119ki szybkiemu, wydajnemu \u0142adowaniu \u2014 dzi\u0119ki czemu idealnie nadaje si\u0119 zar\u00f3wno dla u\u017cytkownik\u00f3w codziennych, jak i nabywc\u00f3w hurtowych poszukuj\u0105cych niezawodno\u015bci w zam\u00f3wieniach zbiorczych.<\/p>\n<p data-start=\"705\" data-end=\"1168\">Taki <strong data-start=\"710\" data-end=\"735\">inteligentny jednorazowy e-papieros<\/strong> wyr\u00f3\u017cnia si\u0119 <strong data-start=\"754\" data-end=\"777\">cyfrowy wy\u015bwietlacz LED<\/strong> kt\u00f3ry \u015bledzi \u017cywotno\u015b\u0107 baterii i poziom e-liquidu w czasie rzeczywistym \u2014 funkcja rzadko spotykana w kompaktowych vape'ach. Dost\u0119pne <strong data-start=\"883\" data-end=\"930\">regulowane opcje nikotyny (0%, 2%, 3%, 5%)<\/strong> sprawiaj\u0105, \u017ce jest idealny dla wszystkich preferencji, od u\u017cytkownik\u00f3w bez nikotyny po tych, kt\u00f3rzy lubi\u0105 mocniejsze uderzenie w gard\u0142o. Kompaktowy, ale pot\u0119\u017cny, ten <strong data-start=\"1057\" data-end=\"1080\">UZY Digital 15K Paliwek<\/strong> mie\u015bci si\u0119 \u0142atwo w Twojej kieszeni, zapewniaj\u0105c wydajno\u015b\u0107 por\u00f3wnywaln\u0105 z wi\u0119kszymi urz\u0105dzeniami.<\/p>\n<p data-start=\"1170\" data-end=\"1516\">Z dost\u0119pno\u015bci\u0105 na magazynie w naszym <strong data-start=\"1198\" data-end=\"1214\">magazynie UE<\/strong> i <strong data-start=\"1219\" data-end=\"1296\">szybka wysy\u0142ka do kraj\u00f3w takich jak Francja, Niemcy, Hiszpania, W\u0142ochy i Polska<\/strong>, <strong data-start=\"1302\" data-end=\"1331\">UZY Bang Digital 15K Paliwek<\/strong> jest Twoim najlepszym wyborem do sprzeda\u017cy hurtowej i detalicznej o wysokiej mar\u017cy. To ekologiczny, wielokrotnego \u0142adowania, jednorazowy produkt \u2014 zmniejsza ilo\u015b\u0107 odpad\u00f3w, zapewniaj\u0105c niezr\u00f3wnan\u0105 wygod\u0119 i wysok\u0105 jako\u015b\u0107 smaku.<\/p>\n<p data-start=\"666\" data-end=\"1235\"><strong style=\"font-size: 16px;\"><span style=\"color: #ff0000;\">Dodaj Amy na WhatsApp, aby uzyska\u0107 szybk\u0105 odpowied\u017a i cen\u0119 ze zni\u017ck\u0105!<\/span><\/strong><\/p>\n<p><img fetchpriority=\"high\" decoding=\"async\" class=\"size-full wp-image-2932\" src=\"https:\/\/vapestornado.com\/wp-content\/uploads\/2024\/12\/Vape-Wholesale.jpg\" alt=\"Hurtowa sprzeda\u017c e-papieros\u00f3w\" width=\"229\" height=\"300\" \/><\/p>\n<h3><a href=\"https:\/\/wa.me\/8617776015835\" target=\"_blank\" rel=\"noopener\"><span style=\"color: #ff0000;\"><strong>WhatsApp: +86 17776015835<\/strong><\/span><\/a><\/h3>\n<p>&nbsp;<\/p>\n<h2><strong>UZY Bang Digital 15K Bar Kluczowe cechy produktu<\/strong><\/h2>\n<ul>\n<li data-start=\"1573\" data-end=\"1606\">\n<p data-start=\"1575\" data-end=\"1606\"><strong data-start=\"1575\" data-end=\"1585\">Liczba zaci\u0105gni\u0119\u0107:<\/strong> do 15 000 puf\u00f3w<\/p>\n<\/li>\n<li data-start=\"1607\" data-end=\"1655\">\n<p data-start=\"1609\" data-end=\"1655\"><strong data-start=\"1609\" data-end=\"1631\">Pojemno\u015b\u0107 e-liquidu:<\/strong> 25ml wysokiej jako\u015bci s\u00f3l nikotynowa<\/p>\n<\/li>\n<li data-start=\"1656\" data-end=\"1699\">\n<p data-start=\"1658\" data-end=\"1699\"><strong data-start=\"1658\" data-end=\"1670\">Bateria:<\/strong> 850mAh, \u0142adowanie przez Type-C<\/p>\n<\/li>\n<li data-start=\"1700\" data-end=\"1744\">\n<p data-start=\"1702\" data-end=\"1744\"><strong data-start=\"1702\" data-end=\"1711\">Grza\u0142ka:<\/strong> grza\u0142ka mesh 1.0\u03a9 dla bogatych chmur<\/p>\n<\/li>\n<li data-start=\"1745\" data-end=\"1804\">\n<p data-start=\"1747\" data-end=\"1804\"><strong data-start=\"1747\" data-end=\"1759\">Wy\u015bwietlacz:<\/strong> cyfrowy ekran LED (poziom baterii i p\u0142ynu)<\/p>\n<\/li>\n<li data-start=\"1805\" data-end=\"1846\">\n<p data-start=\"1807\" data-end=\"1846\"><strong data-start=\"1807\" data-end=\"1829\">Moc nikotyny:<\/strong> 0%, 2%, 3%, 5%<\/p>\n<\/li>\n<li data-start=\"1847\" data-end=\"1888\">\n<p data-start=\"1849\" data-end=\"1888\"><strong data-start=\"1849\" data-end=\"1867\">Port \u0142adowania:<\/strong> szybkie \u0142adowanie Type-C<\/p>\n<\/li>\n<li data-start=\"1889\" data-end=\"1945\">\n<p data-start=\"1891\" data-end=\"1945\"><strong data-start=\"1891\" data-end=\"1905\">Magazyn:<\/strong> Magazyn UE, szybka dostawa po ca\u0142ej Europie<\/p>\n<\/li>\n<\/ul>\n<figure id=\"attachment_4531\" aria-describedby=\"caption-attachment-4531\" style=\"width: 300px\" class=\"wp-caption alignnone\"><img decoding=\"async\" class=\"size-medium wp-image-4531\" src=\"https:\/\/vapestornado.com\/wp-content\/uploads\/2025\/11\/Original-Uzy-Bang-Digital-15000-Puff-15k-Disposable-E-Cigs-300x300.webp\" alt=\"Oryginalne Uzy Bang Digital 15000 Puff 15k Jednorazowe e-papierosy\" width=\"300\" height=\"300\" srcset=\"https:\/\/vapestornado.com\/wp-content\/uploads\/2025\/11\/Original-Uzy-Bang-Digital-15000-Puff-15k-Disposable-E-Cigs-300x300.webp 300w, https:\/\/vapestornado.com\/wp-content\/uploads\/2025\/11\/Original-Uzy-Bang-Digital-15000-Puff-15k-Disposable-E-Cigs-150x150.webp 150w, https:\/\/vapestornado.com\/wp-content\/uploads\/2025\/11\/Original-Uzy-Bang-Digital-15000-Puff-15k-Disposable-E-Cigs-768x768.webp 768w, https:\/\/vapestornado.com\/wp-content\/uploads\/2025\/11\/Original-Uzy-Bang-Digital-15000-Puff-15k-Disposable-E-Cigs-12x12.webp 12w, https:\/\/vapestornado.com\/wp-content\/uploads\/2025\/11\/Original-Uzy-Bang-Digital-15000-Puff-15k-Disposable-E-Cigs-600x600.webp 600w, https:\/\/vapestornado.com\/wp-content\/uploads\/2025\/11\/Original-Uzy-Bang-Digital-15000-Puff-15k-Disposable-E-Cigs-100x100.webp 100w, https:\/\/vapestornado.com\/wp-content\/uploads\/2025\/11\/Original-Uzy-Bang-Digital-15000-Puff-15k-Disposable-E-Cigs.webp 800w\" sizes=\"(max-width: 300px) 100vw, 300px\" \/><figcaption id=\"caption-attachment-4531\" class=\"wp-caption-text\">Oryginalne Uzy Bang Digital 15000 Puff 15k Jednorazowe e-papierosy<\/figcaption><\/figure>\n<h2 class=\"product-title\"><strong>Lista smak\u00f3w UZY Bang Digital 15K Disposables<\/strong><\/h2>\n<p>1. Truskawka arbuz<br \/>\n2. Jagoda na lodzie<br \/>\n3.Peach Mango Pineapple<br \/>\n4.Sorbet z winogron<br \/>\n5.L\u00f3d arbuzowy<br \/>\n6.L\u00f3d brzoskwiniowy<br \/>\n7. Truskawka Kiwi<br \/>\n8. Jagodowa Malina<br \/>\n9. Kiwi Passion Fruit<br \/>\n10.M R Blue<br \/>\n11.Triple Mango Ice<br \/>\n12.Czerwony Energy Ice<\/p>\n<h3 data-start=\"2251\" data-end=\"2296\"><strong data-start=\"2255\" data-end=\"2296\">Dlaczego wybra\u0107 UZY Bang Digital 15K Puff?<\/strong><\/h3>\n<ul data-start=\"2297\" data-end=\"2680\">\n<li data-start=\"2297\" data-end=\"2373\">\n<p data-start=\"2299\" data-end=\"2373\"><strong data-start=\"2299\" data-end=\"2328\">D\u0142ugotrwa\u0142a wydajno\u015b\u0107:<\/strong> 15 000 puf\u00f3w na d\u0142u\u017csze sesje vapowania.<\/p>\n<\/li>\n<li data-start=\"2374\" data-end=\"2447\">\n<p data-start=\"2376\" data-end=\"2447\"><strong data-start=\"2376\" data-end=\"2407\">Wszechstronne opcje nikotyny:<\/strong> Wybierz spo\u015br\u00f3d 0\u20135% dla pe\u0142nej kontroli.<\/p>\n<\/li>\n<li data-start=\"2448\" data-end=\"2528\">\n<p data-start=\"2450\" data-end=\"2528\"><strong data-start=\"2450\" data-end=\"2480\">Intuicyjny wy\u015bwietlacz:<\/strong> B\u0105d\u017a na bie\u017c\u0105co z poziomem baterii i p\u0142ynu.<\/p>\n<\/li>\n<li data-start=\"2529\" data-end=\"2601\">\n<p data-start=\"2531\" data-end=\"2601\"><strong data-start=\"2531\" data-end=\"2550\">Magazyn w Polsce:<\/strong> Szybka, niezawodna dostawa dla sprzedawc\u00f3w w Polsce.<\/p>\n<\/li>\n<li data-start=\"2602\" data-end=\"2680\">\n<p data-start=\"2604\" data-end=\"2680\"><strong data-start=\"2604\" data-end=\"2629\">Ekologiczny design:<\/strong> System wielokrotnego \u0142adowania zmniejsza ilo\u015b\u0107 odpad\u00f3w \u015brodowiskowych.<\/p>\n<\/li>\n<\/ul>\n<h3 data-start=\"2687\" data-end=\"2754\"><strong data-start=\"2691\" data-end=\"2754\">Por\u00f3wnanie: UZY Bang Digital 15K a tradycyjne jednoraz\u00f3wki<\/strong><\/h3>\n<p data-start=\"2755\" data-end=\"3026\">W przeciwie\u0144stwie do standardowych chmur 5K\u20138K, <strong data-start=\"2792\" data-end=\"2815\">UZYDigital 15K Paliwek<\/strong> zapewnia trzykrotnie d\u0142u\u017csz\u0105 \u017cywotno\u015b\u0107 i inteligentniejsz\u0105 kontrol\u0119 vapingu. Wy\u015bwietlacz LED i \u0142adowanie Type-C czyni\u0105 go znacznie bardziej praktycznym do d\u0142ugotrwa\u0142ego u\u017cytkowania, podczas gdy siateczkowa cewka zapewnia, \u017ce ka\u017cdy oddech smakuje \u015bwie\u017co a\u017c do ko\u0144ca.<\/p>\n<p>&nbsp;<\/p>\n<h2>Dlaczego warto wybra\u0107 Vapestornado do zakupu hurtowego UZY Bang Digital 15K Puffs?<\/h2>\n<div class=\"flex-shrink-0 flex flex-col relative items-end\">\n<div class=\"pt-0\">\n<div class=\"gizmo-bot-avatar flex h-8 w-8 items-center justify-center overflow-hidden rounded-full\">\n<div class=\"relative p-1 rounded-sm flex items-center justify-center bg-token-main-surface-primary text-token-text-primary h-8 w-8\">\n<p>At\u00a0<strong>Tornado Vape<\/strong>, szczycimy si\u0119 dostarczaniem\u00a0<strong>wysokiej jako\u015bci produkt\u00f3w vapingowych w bezkonkurencyjnych cenach<\/strong>\u00a0Oto dlaczego powiniene\u015b kupowa\u0107 od nas:<\/p>\n<p data-start=\"235\" data-end=\"360\"><strong data-start=\"235\" data-end=\"261\">Najlepsze oferty hurtowe<\/strong> \u2013 Ciesz si\u0119 <strong data-start=\"270\" data-end=\"297\">wysokimi mar\u017cami na hurtowe ceny<\/strong> dopasowane dla reseller\u00f3w, dystrybutor\u00f3w vape i sklep\u00f3w detalicznych.<\/p>\n<p data-start=\"362\" data-end=\"513\"><strong data-start=\"362\" data-end=\"400\">\u2714 Szybka i Bezpieczna Wysy\u0142ka na Ca\u0142y \u015awiat<\/strong> \u2013 Zapewniamy <strong data-start=\"413\" data-end=\"443\">szybk\u0105, \u015bledzon\u0105 dostaw\u0119<\/strong> w ca\u0142ej Europie i poza ni\u0105, aby Tw\u00f3j zapas dotar\u0142 bezpiecznie i na czas.<\/p>\n<p data-start=\"515\" data-end=\"646\"><strong data-start=\"515\" data-end=\"542\">\u2714 Autentyczne Produkty 100%<\/strong> \u2013 Ka\u017cdy <strong data-start=\"551\" data-end=\"578\">WASPE Triple 60000 vape<\/strong> kt\u00f3ry sprzedajemy, jest <strong data-start=\"590\" data-end=\"625\">oryginalny i certyfikowany przez fabryk\u0119<\/strong>, nigdy nie jest podr\u00f3bk\u0105.<\/p>\n<p data-start=\"648\" data-end=\"799\"><strong data-start=\"648\" data-end=\"676\">\u2714 Dedykowany Zesp\u00f3\u0142 Wsparcia<\/strong> \u2013 Potrzebujesz pomocy? Nasi <strong data-start=\"694\" data-end=\"733\">specjali\u015bci od vape s\u0105 dost\u0119pni 24\/7<\/strong>, gotowi odpowiedzie\u0107 na Twoje pytania i pom\u00f3c przy zam\u00f3wieniach o ka\u017cdej porze.<\/p>\n<p>&nbsp;<\/p>\n<p data-start=\"559\" data-end=\"933\" data-is-last-node=\"\" data-is-only-node=\"\">Mamy r\u00f3wnie\u017c inne popularne jednorazowe vape z ekranem, takie jak <a href=\"https:\/\/vapestornado.com\/pl\/product\/uzy-150k-puffs-6-in-1-flavor-switch-disposable-vape-pen-wholesale\/\">UZY 150K Puff vape z wymiennym smakiem<\/a>, <a href=\"https:\/\/vapestornado.com\/pl\/product\/vozol-rave-40k-40000-puffs-disposable-vape-smart-screen-5-nicotine\/\">VOZOL RAVE 40K Jednorazowe Vape<\/a>, <a href=\"https:\/\/vapestornado.com\/pl\/product\/waspe-150k-150000-puff-6-in-1-disposable-vape-pen-cartridge-best-wholesale-price-in-poland\/\">WASPE 150K Puff 6 w 1<\/a>, i wiele innych.<\/p>\n<\/div>\n<div class=\"relative p-1 rounded-sm flex items-center justify-center bg-token-main-surface-primary text-token-text-primary h-8 w-8\">\n<h2>FAQ dotycz\u0105ce UZY Bang Digital 15K Puffs<\/h2>\n<p data-start=\"3074\" data-end=\"3210\"><strong data-start=\"3074\" data-end=\"3125\">1. Jak d\u0142ugo dzia\u0142a UZY Bang Digital 15K?<\/strong><br data-start=\"3125\" data-end=\"3128\" \/>Dzia\u0142a do 15 000 oddech\u00f3w, w zale\u017cno\u015bci od cz\u0119stotliwo\u015bci vapingu i czasu trwania oddechu.<\/p>\n<p data-start=\"3212\" data-end=\"3329\"><strong data-start=\"3212\" data-end=\"3255\">2. Czy UZY Digital 15K jest \u0142adowalny?<\/strong><br data-start=\"3255\" data-end=\"3258\" \/>Tak, posiada wbudowan\u0105 bateri\u0119 850mAh z szybkim \u0142adowaniem Type-C.<\/p>\n<p data-start=\"3331\" data-end=\"3452\"><strong data-start=\"3331\" data-end=\"3369\">3. Ile dost\u0119pnych smak\u00f3w?<\/strong><br data-start=\"3369\" data-end=\"3372\" \/>Dost\u0119pnych jest 12 unikalnych smak\u00f3w, od owocowych mieszanek po ch\u0142odne warianty z lodem.<\/p>\n<p data-start=\"3454\" data-end=\"3579\"><strong data-start=\"3454\" data-end=\"3499\">4. Czy pokazuje poziom baterii i e-liquidu?<\/strong><br data-start=\"3499\" data-end=\"3502\" \/>Tak, cyfrowy ekran LED wy\u015bwietla w czasie rzeczywistym stan baterii i poziom e-liquidu.<\/p>\n<p data-start=\"3581\" data-end=\"3743\"><strong data-start=\"3581\" data-end=\"3615\">5. Gdzie mo\u017cna kupi\u0107 hurtowo?<\/strong><br data-start=\"3615\" data-end=\"3618\" \/>Zam\u00f3wienia hurtowe wysy\u0142amy bezpo\u015brednio z naszego <strong data-start=\"3658\" data-end=\"3674\">magazynie UE<\/strong>, zapewniaj\u0105c <strong data-start=\"3685\" data-end=\"3726\">szybka wysy\u0142ka i konkurencyjne ceny<\/strong> w ca\u0142ej Polsce.<\/p>\n<\/div>\n<\/div>\n<\/div>\n<\/div>","protected":false},"excerpt":{"rendered":"<article class=\"text-token-text-primary w-full focus:outline-none [--shadow-height:45px] has-data-writing-block:pointer-events-none has-data-writing-block:-mt-(--shadow-height) has-data-writing-block:pt-(--shadow-height) [&amp;:has([data-writing-block])&gt;*]:pointer-events-auto [content-visibility:auto] supports-[content-visibility:auto]:[contain-intrinsic-size:auto_100lvh] scroll-mt-[calc(var(--header-height)+min(200px,max(70px,20svh)))]\" dir=\"auto\" tabindex=\"-1\" data-turn-id=\"86ca9d92-7a10-4e6b-bda0-15f9df36adca\" data-testid=\"conversation-turn-120\" data-scroll-anchor=\"true\" data-turn=\"assistant\">\n<div class=\"text-base my-auto mx-auto pb-10 [--thread-content-margin:--spacing(4)] thread-sm:[--thread-content-margin:--spacing(6)] thread-lg:[--thread-content-margin:--spacing(16)] px-(--thread-content-margin)\">\n<div class=\"[--thread-content-max-width:40rem] thread-lg:[--thread-content-max-width:48rem] mx-auto max-w-(--thread-content-max-width) flex-1 group\/turn-messages focus-visible:outline-hidden relative flex w-full min-w-0 flex-col agent-turn\" tabindex=\"-1\">\n<div class=\"flex max-w-full flex-col grow\">\n<div class=\"min-h-8 text-message relative flex w-full flex-col items-end gap-2 text-start break-words whitespace-normal [.text-message+&amp;]:mt-1\" dir=\"auto\" data-message-author-role=\"assistant\" data-message-id=\"43b070d6-bf28-4fbe-8049-1032a61ea3ac\" data-message-model-slug=\"gpt-5\">\n<div class=\"flex w-full flex-col gap-1 empty:hidden first:pt-[1px]\">\n<div class=\"markdown prose dark:prose-invert w-full break-words light markdown-new-styling\">\n<p data-start=\"4043\" data-end=\"4133\"><strong data-start=\"4043\" data-end=\"4131\">UZY Bang Digital 15K Puff \u2013 Inteligentny Vape Jednorazowy z Ekranem LED i Szybk\u0105 Wysy\u0142k\u0105 z UE<\/strong><\/p>\n<p data-start=\"4137\" data-end=\"4227\"><strong data-start=\"4137\" data-end=\"4225\">Kup UZY Digital 15K Vape Pen \u2013 15000 Zaci\u0105gni\u0119\u0107, Jednorazowy, \u0141adowalny w Cenie Hurtowej<\/strong><\/p>\n<p data-start=\"4231\" data-end=\"4308\" data-is-last-node=\"\"><strong data-start=\"4231\" data-end=\"4308\" data-is-last-node=\"\">Magazyn UE: UZY 15K Zaci\u0105gni\u0119\u0107 Vape z Inteligentnym Wy\u015bwietlaczem i Szybk\u0105 Dostaw\u0105<\/strong><\/p>\n<\/div>\n<\/div>\n<\/div>\n<\/div>\n<\/div>\n<\/div>\n<\/article>\n<p><img fetchpriority=\"high\" decoding=\"async\" class=\"size-full wp-image-2932\" src=\"https:\/\/vapestornado.com\/wp-content\/uploads\/2024\/12\/Vape-Wholesale.jpg\" alt=\"Hurtowa sprzeda\u017c e-papieros\u00f3w\" width=\"229\" height=\"300\" \/><\/p>\n<h3><a href=\"https:\/\/wa.me\/8617776015835\"><span style=\"color: #ff0000;\"><strong>WhatsApp: +86 17776015835<\/strong><\/span><\/a><\/h3>\n<p>&nbsp;<\/p>","protected":false},"featured_media":4532,"comment_status":"open","ping_status":"closed","template":"","meta":{"_acf_changed":false,"_uag_custom_page_level_css":"","_lmt_disableupdate":"no","_lmt_disable":"","_monsterinsights_skip_tracking":false,"_monsterinsights_sitenote_active":false,"_monsterinsights_sitenote_note":"","_monsterinsights_sitenote_category":0,"site-sidebar-layout":"default","site-content-layout":"","ast-site-content-layout":"default","site-content-style":"default","site-sidebar-style":"default","ast-global-header-display":"","ast-banner-title-visibility":"","ast-main-header-display":"","ast-hfb-above-header-display":"","ast-hfb-below-header-display":"","ast-hfb-mobile-header-display":"","site-post-title":"","ast-breadcrumbs-content":"","ast-featured-img":"","footer-sml-layout":"","ast-disable-related-posts":"","theme-transparent-header-meta":"default","adv-header-id-meta":"","stick-header-meta":"","header-above-stick-meta":"","header-main-stick-meta":"","header-below-stick-meta":"","astra-migrate-meta-layouts":"set","ast-page-background-enabled":"default","ast-page-background-meta":{"desktop":{"background-color":"","background-image":"","background-repeat":"repeat","background-position":"center center","background-size":"auto","background-attachment":"scroll","background-type":"","background-media":"","overlay-type":"","overlay-color":"","overlay-opacity":"","overlay-gradient":""},"tablet":{"background-color":"","background-image":"","background-repeat":"repeat","background-position":"center center","background-size":"auto","background-attachment":"scroll","background-type":"","background-media":"","overlay-type":"","overlay-color":"","overlay-opacity":"","overlay-gradient":""},"mobile":{"background-color":"","background-image":"","background-repeat":"repeat","background-position":"center center","background-size":"auto","background-attachment":"scroll","background-type":"","background-media":"","overlay-type":"","overlay-color":"","overlay-opacity":"","overlay-gradient":""}},"ast-content-background-meta":{"desktop":{"background-color":"var(--ast-global-color-5)","background-image":"","background-repeat":"repeat","background-position":"center center","background-size":"auto","background-attachment":"scroll","background-type":"","background-media":"","overlay-type":"","overlay-color":"","overlay-opacity":"","overlay-gradient":""},"tablet":{"background-color":"var(--ast-global-color-5)","background-image":"","background-repeat":"repeat","background-position":"center center","background-size":"auto","background-attachment":"scroll","background-type":"","background-media":"","overlay-type":"","overlay-color":"","overlay-opacity":"","overlay-gradient":""},"mobile":{"background-color":"var(--ast-global-color-5)","background-image":"","background-repeat":"repeat","background-position":"center center","background-size":"auto","background-attachment":"scroll","background-type":"","background-media":"","overlay-type":"","overlay-color":"","overlay-opacity":"","overlay-gradient":""}},"_joinchat":{"telephone":"17776015835"}},"product_brand":[],"product_cat":[71,152,154,156,158,142,357,144,356],"product_tag":[105,406,427,94,428,429,301],"class_list":{"0":"post-4537","1":"product","2":"type-product","3":"status-publish","4":"has-post-thumbnail","6":"product_cat-15000-puff","7":"product_cat-buy-disposable-vapes-in-cermany","8":"product_cat-buy-disposable-vapes-in-netherlands","9":"product_cat-buy-disposable-vapes-in-poland","10":"product_cat-buy-disposable-vapes-in-spain","11":"product_cat-digital-box-disposable-vapes","12":"product_cat-flavor-adjustable-vape","13":"product_cat-low-nicotine-disposable-vapes","14":"product_cat-uzy-vape","15":"product_tag-digital-disposable-vape","16":"product_tag-disposable-vape-fast-shipping","17":"product_tag-multi-flaovr-vape","18":"product_tag-rechargeable-disposable-vape","19":"product_tag-uzy-bang-digital-15k","20":"product_tag-vape-eu-warehouse","21":"product_tag-vapor-wholesale","22":"desktop-align-left","23":"tablet-align-left","24":"mobile-align-left","26":"first","27":"instock","28":"sale","29":"shipping-taxable","30":"purchasable","31":"product-type-simple"},"acf":[],"uagb_featured_image_src":{"full":["https:\/\/vapestornado.com\/wp-content\/uploads\/2025\/11\/UZY-Bang-Digital-15K-Puff-Monkey-Vape-Pen.webp",800,800,false],"thumbnail":["https:\/\/vapestornado.com\/wp-content\/uploads\/2025\/11\/UZY-Bang-Digital-15K-Puff-Monkey-Vape-Pen-150x150.webp",150,150,true],"medium":["https:\/\/vapestornado.com\/wp-content\/uploads\/2025\/11\/UZY-Bang-Digital-15K-Puff-Monkey-Vape-Pen-300x300.webp",300,300,true],"medium_large":["https:\/\/vapestornado.com\/wp-content\/uploads\/2025\/11\/UZY-Bang-Digital-15K-Puff-Monkey-Vape-Pen-768x768.webp",768,768,true],"large":["https:\/\/vapestornado.com\/wp-content\/uploads\/2025\/11\/UZY-Bang-Digital-15K-Puff-Monkey-Vape-Pen.webp",800,800,false],"1536x1536":["https:\/\/vapestornado.com\/wp-content\/uploads\/2025\/11\/UZY-Bang-Digital-15K-Puff-Monkey-Vape-Pen.webp",800,800,false],"2048x2048":["https:\/\/vapestornado.com\/wp-content\/uploads\/2025\/11\/UZY-Bang-Digital-15K-Puff-Monkey-Vape-Pen.webp",800,800,false],"trp-custom-language-flag":["https:\/\/vapestornado.com\/wp-content\/uploads\/2025\/11\/UZY-Bang-Digital-15K-Puff-Monkey-Vape-Pen-12x12.webp",12,12,true],"woocommerce_thumbnail":["https:\/\/vapestornado.com\/wp-content\/uploads\/2025\/11\/UZY-Bang-Digital-15K-Puff-Monkey-Vape-Pen-300x300.webp",300,300,true],"woocommerce_single":["https:\/\/vapestornado.com\/wp-content\/uploads\/2025\/11\/UZY-Bang-Digital-15K-Puff-Monkey-Vape-Pen-600x600.webp",600,600,true],"woocommerce_gallery_thumbnail":["https:\/\/vapestornado.com\/wp-content\/uploads\/2025\/11\/UZY-Bang-Digital-15K-Puff-Monkey-Vape-Pen-100x100.webp",100,100,true]},"uagb_author_info":{"display_name":"ESAMY","author_link":"https:\/\/vapestornado.com\/pl\/author\/"},"uagb_comment_info":1,"uagb_excerpt":"UZY Bang Digital 15K Puff \u2013 Smart Disposable Vape with LED Screen &amp; EU Fast Shipping Buy UZY Digital 15K Vape Pen \u2013 15000 Puffs Rechargeable Disposable at Wholesale Price EU Warehouse Stock: UZY 15K Puffs Vape with Smart Display &amp; Fast Delivery WhatsApp: +86 17776015835 &nbsp;","_links":{"self":[{"href":"https:\/\/vapestornado.com\/pl\/wp-json\/wp\/v2\/product\/4537","targetHints":{"allow":["GET"]}}],"collection":[{"href":"https:\/\/vapestornado.com\/pl\/wp-json\/wp\/v2\/product"}],"about":[{"href":"https:\/\/vapestornado.com\/pl\/wp-json\/wp\/v2\/types\/product"}],"replies":[{"embeddable":true,"href":"https:\/\/vapestornado.com\/pl\/wp-json\/wp\/v2\/comments?post=4537"}],"wp:featuredmedia":[{"embeddable":true,"href":"https:\/\/vapestornado.com\/pl\/wp-json\/wp\/v2\/media\/4532"}],"wp:attachment":[{"href":"https:\/\/vapestornado.com\/pl\/wp-json\/wp\/v2\/media?parent=4537"}],"wp:term":[{"taxonomy":"product_brand","embeddable":true,"href":"https:\/\/vapestornado.com\/pl\/wp-json\/wp\/v2\/product_brand?post=4537"},{"taxonomy":"product_cat","embeddable":true,"href":"https:\/\/vapestornado.com\/pl\/wp-json\/wp\/v2\/product_cat?post=4537"},{"taxonomy":"product_tag","embeddable":true,"href":"https:\/\/vapestornado.com\/pl\/wp-json\/wp\/v2\/product_tag?post=4537"}],"curies":[{"name":"wp","href":"https:\/\/api.w.org\/{rel}","templated":true}]}}