{"id":4483,"date":"2025-10-30T06:42:12","date_gmt":"2025-10-30T06:42:12","guid":{"rendered":"https:\/\/vapestornado.com\/?post_type=product&#038;p=4483"},"modified":"2025-12-12T08:55:22","modified_gmt":"2025-12-12T08:55:22","slug":"jnr-falcon-pro-28k-28000-disposable-vape-puff-bar-rechargeable","status":"publish","type":"product","link":"https:\/\/vapestornado.com\/pl\/product\/jnr-falcon-pro-28k-28000-disposable-vape-puff-bar-rechargeable\/","title":{"rendered":"JNR Falcon Pro 28k 28000 Jednorazowy e-papieros Puff Bar z mo\u017cliwo\u015bci\u0105 \u0142adowania"},"content":{"rendered":"<h2 data-pm-slice=\"1 1 []\">JNR Falcon Pro 28K \u0141adowalny Puff Bar \u2013 28000 Puff Jednorazowy Vape Hurtowo<\/h2>\n<p data-start=\"73\" data-end=\"688\">Cyfrowy ekran <strong data-start=\"97\" data-end=\"119\">JNR Falcon Pro 28K<\/strong> jest jednorazowym, wielokrotnego \u0142adowania urz\u0105dzeniem zaprojektowanym dla vaper\u00f3w oczekuj\u0105cych wi\u0119cej ni\u017c kr\u00f3tkoterminowa wygoda. Z <strong data-start=\"216\" data-end=\"238\">do 28 000 puf\u00f3w<\/strong>, a <strong data-start=\"242\" data-end=\"268\">pojemno\u015b\u0107 30 ml e-liquidu<\/strong>i <strong data-start=\"276\" data-end=\"294\">podw\u00f3jna grza\u0142ka siatkowa<\/strong>, jest zaprojektowany, aby zapewni\u0107 stabilny smak i par\u0119 podczas d\u0142ugotrwa\u0142ego u\u017cytkowania. Dodaj <strong data-start=\"372\" data-end=\"410\">akumulatorem 950mAh \u0142adowanym przez Type-C<\/strong> oraz <strong data-start=\"418\" data-end=\"446\">inteligentny ekran smart<\/strong>, a otrzymujesz urz\u0105dzenie, kt\u00f3re zachowuje si\u0119 bardziej jak kompaktowe <strong data-start=\"500\" data-end=\"520\">mody do e-papieros\u00f3w<\/strong> ni\u017c podstawowy jednorazowy \u2014 bez konieczno\u015bci konfiguracji czy konserwacji.<\/p>\n<h3 data-start=\"791\" data-end=\"864\">Dlaczego JNR Falcon Pro 28k oferuje lepsz\u0105 warto\u015b\u0107 ni\u017c typowe jednorazowe vape?<\/h3>\n<ul data-start=\"866\" data-end=\"2179\">\n<li data-start=\"866\" data-end=\"1161\">\n<p data-start=\"868\" data-end=\"1161\"><strong data-start=\"868\" data-end=\"906\">Wytrzyma\u0142o\u015b\u0107 dopasowana do rzeczywistych rutyn.<\/strong> Cyfrowy ekran <strong data-start=\"911\" data-end=\"949\">Jednorazowy vape JNR Falcon Pro 28K<\/strong> \u0142\u0105czy wysok\u0105 <strong data-start=\"963\" data-end=\"982\">ocen\u0119 puf\u00f3w 28K<\/strong> z <strong data-start=\"990\" data-end=\"1003\">30ml zbiornik<\/strong>, co czyni go odpowiednim dla regularnych u\u017cytkownik\u00f3w w <strong data-start=\"1045\" data-end=\"1090\">Polsce, Niemczech, Francji, W\u0142oszech, Hiszpanii i Polsce<\/strong> kt\u00f3rzy chc\u0105 mniej wymian i przewidywalnego codziennego u\u017cytkowania z jednego urz\u0105dzenia.<\/p>\n<\/li>\n<li data-start=\"1163\" data-end=\"1428\">\n<p data-start=\"1165\" data-end=\"1428\"><strong data-start=\"1165\" data-end=\"1202\">Podw\u00f3jna siatka grza\u0142ki dla stabilnego wyj\u015bcia.<\/strong> Wewn\u0105trz <strong data-start=\"1214\" data-end=\"1243\">recharge'owalnego<\/strong> JNR 28K <strong data-start=\"1256\" data-end=\"1274\">podw\u00f3jna grza\u0142ka siatkowa<\/strong> zaprojektowanego tak, aby<\/p>\n<\/li>\n<li data-start=\"1430\" data-end=\"1649\">\n<p data-start=\"1432\" data-end=\"1649\"><strong data-start=\"1432\" data-end=\"1480\">\u0141adowalna bateria, kt\u00f3ra chroni p\u0142yn.<\/strong> A <strong data-start=\"1483\" data-end=\"1521\">akumulatorem 950mAh \u0142adowanym przez Type-C<\/strong> oznacza, \u017ce mo\u017cesz uzupe\u0142nia\u0107 energi\u0119 w razie potrzeby i kontynuowa\u0107 wapowanie, a\u017c p\u0142yn si\u0119 sko\u0144czy \u2014 brak wcze\u015bniejszego wyrzucania, brak marnowania e-liquid.<\/p>\n<\/li>\n<li data-start=\"1651\" data-end=\"1884\">\n<p data-start=\"1653\" data-end=\"1884\"><strong data-start=\"1653\" data-end=\"1689\">Inteligentny ekran informuje Ci\u0119 na bie\u017c\u0105co.<\/strong> Cyfrowy ekran <strong data-start=\"1694\" data-end=\"1747\">inteligentny wy\u015bwietlacz LED na JNR Falcon Pro 28K<\/strong> pokazuje poziom baterii i e-liquid w czasie rzeczywistym, dzi\u0119ki czemu wiesz, czy urz\u0105dzenie wytrzyma d\u0142ugi dzie\u0144 pracy lub noc bez zgadywania.<\/p>\n<\/li>\n<li data-start=\"1886\" data-end=\"2179\">\n<p data-start=\"1888\" data-end=\"2179\"><strong data-start=\"1888\" data-end=\"1939\">Silna warto\u015b\u0107 dla kana\u0142\u00f3w detalicznych i hurtowych.<\/strong> Z funkcjami zwykle spotykanymi w bardziej zaawansowanych urz\u0105dzeniach, <strong data-start=\"1996\" data-end=\"2018\">JNR Falcon Pro 28000<\/strong>\u00a0sprawdzi si\u0119 w ka\u017cdym <strong data-start=\"2040\" data-end=\"2053\">sklepie z waporyzacj\u0105<\/strong> i pasuje do kupuj\u0105cych por\u00f3wnuj\u0105cych premium jednoraz\u00f3wki z <strong data-start=\"2108\" data-end=\"2138\">Tanie papierosy hurtowo<\/strong> alternatywami dla lepszej warto\u015bci d\u0142ugoterminowej.<\/p>\n<\/li>\n<\/ul>\n<p><strong><span style=\"color: #ff0000;\">Dodaj Amy do WhatsAppa, aby uzyska\u0107 szybk\u0105 odpowied\u017a i kupon na vape!<\/span><\/strong><\/p>\n<p><img fetchpriority=\"high\" decoding=\"async\" class=\"size-full wp-image-2932\" src=\"https:\/\/vapestornado.com\/wp-content\/uploads\/2024\/12\/Vape-Wholesale.jpg\" alt=\"Hurtowa sprzeda\u017c e-papieros\u00f3w\" width=\"229\" height=\"300\" \/><\/p>\n<h3><a href=\"https:\/\/wa.me\/8617776015835\" target=\"_blank\" rel=\"noopener\"><span style=\"color: #ff0000;\"><strong>WhatsApp: +86 17776015835<\/strong><\/span><\/a><\/h3>\n<p>&nbsp;<\/p>\n<h2><strong>Funkcje produktu JNR Falcon Pro 28k<\/strong><\/h2>\n<table>\n<thead>\n<tr>\n<th>Funkcja<\/th>\n<th>specyfikacja<\/th>\n<th>szczeg\u00f3\u0142y<\/th>\n<\/tr>\n<\/thead>\n<tbody>\n<tr>\n<td>Nazwa produktu<\/td>\n<td>JNR Falcon Pro 28K<\/td>\n<td>Wysokiej pojemno\u015bci \u0142adowalny jednorazowy vaporizer<\/td>\n<\/tr>\n<tr>\n<td>Pojemno\u015b\u0107 zaci\u0105gni\u0119\u0107<\/td>\n<td>Do 28 000 puf\u00f3w<\/td>\n<td>Zaprojektowany do d\u0142ugotrwa\u0142ego, wielotygodniowego u\u017cytkowania<\/td>\n<\/tr>\n<tr>\n<td>Pojemno\u015b\u0107 e-liquid<\/td>\n<td>30ml nape\u0142nione wcze\u015bniej<\/td>\n<td>Du\u017cy zbiornik wspiera d\u0142ugie sesje<\/td>\n<\/tr>\n<tr>\n<td>Technologia cewki<\/td>\n<td>Podw\u00f3jna grza\u0142ka siatkowa<\/td>\n<td>R\u00f3wnomierne podgrzewanie dla g\u0142adkiego parowania i bogatego smaku<\/td>\n<\/tr>\n<tr>\n<td>Bateria<\/td>\n<td>950mAh akumulator do \u0142adowania<\/td>\n<td>Obs\u0142uga wielokrotnego \u0142adowania przez ca\u0142y okres u\u017cytkowania urz\u0105dzenia<\/td>\n<\/tr>\n<tr>\n<td>\u0141adowanie<\/td>\n<td>szybkie \u0142adowanie Type-C<\/td>\n<td>Szybkie, nowoczesne \u0142adowanie za pomoc\u0105 kabli zgodnych z norm\u0105 UE<\/td>\n<\/tr>\n<tr>\n<td>Wy\u015bwietlacz<\/td>\n<td>Inteligentny ekran dotykowy<\/td>\n<td>Status baterii i e-liquid w czasie rzeczywistym<\/td>\n<\/tr>\n<tr>\n<td>Design<\/td>\n<td>Kryszta\u0142owe cia\u0142o z logo Falcon<\/td>\n<td>Nowoczesny wygl\u0105d z solidnym odczuciem w d\u0142oni<\/td>\n<\/tr>\n<tr>\n<td>Opcje smakowe<\/td>\n<td>Do 20 smak\u00f3w<\/td>\n<td>Dost\u0119pne profile owocowe, lodowe i mieszane<\/td>\n<\/tr>\n<tr>\n<td>Pozycjonowanie<\/td>\n<td>Detal i hurt<\/td>\n<td>Odpowiedni do sklep\u00f3w z e-papierosami i dystrybucji hurtowej<\/td>\n<\/tr>\n<\/tbody>\n<\/table>\n<figure id=\"attachment_4478\" aria-describedby=\"caption-attachment-4478\" style=\"width: 800px\" class=\"wp-caption alignnone\"><img decoding=\"async\" class=\"wp-image-4478 size-full\" src=\"https:\/\/vapestornado.com\/wp-content\/uploads\/2025\/10\/JNR-Falcon-Pro-28000-2-Nicotine-Disposable-Vapes.webp\" alt=\"JNR Falcon Pro 28000 2% Nikotynowe jednorazowe vape\" width=\"800\" height=\"800\" srcset=\"https:\/\/vapestornado.com\/wp-content\/uploads\/2025\/10\/JNR-Falcon-Pro-28000-2-Nicotine-Disposable-Vapes.webp 800w, https:\/\/vapestornado.com\/wp-content\/uploads\/2025\/10\/JNR-Falcon-Pro-28000-2-Nicotine-Disposable-Vapes-300x300.webp 300w, https:\/\/vapestornado.com\/wp-content\/uploads\/2025\/10\/JNR-Falcon-Pro-28000-2-Nicotine-Disposable-Vapes-150x150.webp 150w, https:\/\/vapestornado.com\/wp-content\/uploads\/2025\/10\/JNR-Falcon-Pro-28000-2-Nicotine-Disposable-Vapes-768x768.webp 768w, https:\/\/vapestornado.com\/wp-content\/uploads\/2025\/10\/JNR-Falcon-Pro-28000-2-Nicotine-Disposable-Vapes-12x12.webp 12w, https:\/\/vapestornado.com\/wp-content\/uploads\/2025\/10\/JNR-Falcon-Pro-28000-2-Nicotine-Disposable-Vapes-600x600.webp 600w, https:\/\/vapestornado.com\/wp-content\/uploads\/2025\/10\/JNR-Falcon-Pro-28000-2-Nicotine-Disposable-Vapes-100x100.webp 100w\" sizes=\"(max-width: 800px) 100vw, 800px\" \/><figcaption id=\"caption-attachment-4478\" class=\"wp-caption-text\">JNR Falcon Pro 28000 2% Nikotynowe jednorazowe vape<\/figcaption><\/figure>\n<h2 class=\"product-title\"><strong>Lista smak\u00f3w jednorazowych vape JNR Falcon Pro 28k<\/strong><\/h2>\n<p>1 Truskawkowy L\u00f3d<br \/>\n2 Wi\u015bnia Cola<br \/>\n3 Arbuz L\u00f3d<br \/>\n4 Blue Razz Wi\u015bnia<br \/>\n5 Truskawka-kiwi<br \/>\n6 Jagoda Malina Wi\u015bnia<br \/>\n7 Truskawka Arbuz L\u00f3d<br \/>\n8 Kiwi Arbuz L\u00f3d<br \/>\n9 Mieszanych Jag\u00f3d<br \/>\n10 Soczystych Brzoskwi<br \/>\n11 Lodu z Bor\u00f3wki<br \/>\n12 Kwa\u015bnej Maliny z Bor\u00f3wki<br \/>\n13 Bia\u0142ej Brzoskwini Razz<br \/>\n14 Mango z Owocem Passion<br \/>\n15 Brzoskwinia Mango Arbuz<br \/>\n16 Arbuzowa Guma do \u017bucia<br \/>\n17 Truskawka Banan<br \/>\n18 Podw\u00f3jne Jab\u0142ko<br \/>\n19 Kiwi Passion Guava<br \/>\n20 Cherry Berry<\/p>\n<div class=\"flex-shrink-0 flex flex-col relative items-end\">\n<div class=\"pt-0\">\n<div class=\"gizmo-bot-avatar flex h-8 w-8 items-center justify-center overflow-hidden rounded-full\">\n<div class=\"relative p-1 rounded-sm flex items-center justify-center bg-token-main-surface-primary text-token-text-primary h-8 w-8\">\n<h2 data-start=\"1200\" data-end=\"1487\">Vapes Tornado \u2013 Tw\u00f3j hurtowy sklep internetowy z najlepszymi markami vape<\/h2>\n<p data-start=\"1200\" data-end=\"1487\">Sklep internetowy Vapes Tornado z e-papierosami to Twoje niezawodne miejsce dla <strong data-start=\"66\" data-end=\"94\">jednorazowych e-papieros\u00f3w premium<\/strong> i <strong data-start=\"99\" data-end=\"125\">hurtowe e-papierosy<\/strong> na terenie Europy. Posiadamy popularne marki vape, takie jak <a href=\"https:\/\/vapestornado.com\/pl\/product\/elf-bar-raya-d3-25000-puffs-best-disposable-vape-wholesale-in-uk\/\">Elf Bar Vape<\/a>, <strong data-start=\"175\" data-end=\"228\"><a href=\"https:\/\/vapestornado.com\/pl\/product\/fumot-randm-tornado-15000-puffs-rechargeable-disposable-vape-wholesale\/\">Fumot Vape<\/a>, <a href=\"https:\/\/vapestornado.com\/pl\/product\/waspe-150k-150000-puff-6-in-1-disposable-vape-pen-cartridge-best-wholesale-price-in-poland\/\">Waspe Vape<\/a>, Vozol Bar Vape, <a href=\"https:\/\/vapestornado.com\/pl\/product-category\/bang-vape\/\">Bang Vape<\/a><\/strong>, oraz wiele innych\u2014oferuj\u0105c wyj\u0105tkow\u0105 jako\u015b\u0107, r\u00f3\u017cnorodne opcje smakowe i innowacyjne wzory. Niezale\u017cnie od tego, czy jeste\u015b u\u017cytkownikiem osobistym, czy hurtowym nabywc\u0105, <strong data-start=\"372\" data-end=\"389\">Tornado Vape<\/strong> zapewnia urz\u0105dzenia wysokiej wydajno\u015bci, eleganckie style i nie do pobicia ceny hurtowe, dopasowane do Twoich potrzeb vapingowych.<\/p>\n<h2 data-start=\"2064\" data-end=\"2115\"><\/h2>\n<h2 data-start=\"2064\" data-end=\"2115\">FAQs dotycz\u0105ce JNR Falcon Pro 28k Vape Box<\/h2>\n<h3 data-start=\"3123\" data-end=\"3203\">1. Jak d\u0142ugo wytrzymuje jednorazowy e-papieros JNR Falcon Pro 28K przy codziennym u\u017cytkowaniu?<\/h3>\n<p data-start=\"3204\" data-end=\"3362\">Dzi\u0119ki <strong data-start=\"3209\" data-end=\"3225\">28,000 zaci\u0105gni\u0119\u0107<\/strong> i <strong data-start=\"3232\" data-end=\"3245\">30ml zbiornik<\/strong>, wielu regularnych u\u017cytkownik\u00f3w zauwa\u017ca <strong data-start=\"3275\" data-end=\"3297\">JNR Falcon Pro 28K<\/strong> trwa <strong data-start=\"3304\" data-end=\"3321\">kilka tygodni<\/strong>, w zale\u017cno\u015bci od d\u0142ugo\u015bci i cz\u0119stotliwo\u015bci zaci\u0105gni\u0119\u0107.<\/p>\n<h3 data-start=\"3369\" data-end=\"3461\">2. Jak\u0105 przewag\u0119 daje podw\u00f3jna siatka grzewcza w \u0142adowalnym jednorazowym JNR 28K?<\/h3>\n<p data-start=\"3462\" data-end=\"3614\">Cyfrowy ekran <strong data-start=\"3466\" data-end=\"3484\">podw\u00f3jna grza\u0142ka siatkowa<\/strong> podgrzewa si\u0119 bardziej r\u00f3wnomiernie ni\u017c pojedyncze druty, co pomaga utrzyma\u0107 g\u0119ste parowanie i sp\u00f3jny smak przez ca\u0142y okres u\u017cytkowania urz\u0105dzenia.<\/p>\n<h3 data-start=\"3621\" data-end=\"3722\">3. Czy JNR Falcon Pro 28K jest bardziej zbli\u017cony do mod\u00f3w e-papieros\u00f3w czy do standardowych jednorazowych urz\u0105dze\u0144 pod wzgl\u0119dem wydajno\u015bci?<\/h3>\n<p data-start=\"3723\" data-end=\"3861\">Pod wzgl\u0119dem stabilno\u015bci i kontroli wydajno\u015bci, wydaje si\u0119 bli\u017csze kompaktowi <strong data-start=\"3792\" data-end=\"3812\">mody do e-papieros\u00f3w<\/strong>, ale bez cewek do wymiany lub zbiornik\u00f3w do nape\u0142nienia.<\/p>\n<h3 data-start=\"3868\" data-end=\"3943\">4. Jak przydatny jest inteligentny ekran w JNR Falcon Pro 28K Puff Bar?<\/h3>\n<p data-start=\"3944\" data-end=\"4092\">Cyfrowy ekran <strong data-start=\"3948\" data-end=\"3964\">inteligentnego ekranu<\/strong> wy\u015bwietla wyra\u017anie poziom baterii i p\u0142ynu, umo\u017cliwiaj\u0105c lepsze planowanie \u0142adowania i zmniejszaj\u0105c ryzyko niespodziewanych przerw w ci\u0105gu dnia.<\/p>\n<h3 data-start=\"4099\" data-end=\"4232\">5. Czy JNR Falcon Pro 28K jest dobr\u0105 opcj\u0105 dla sklep\u00f3w z e-papierosami lub hurtownik\u00f3w por\u00f3wnuj\u0105cych tanie alternatywy papieros\u00f3w hurtowych?<\/h3>\n<p data-start=\"4233\" data-end=\"4467\">Tak. Dla <strong data-start=\"4242\" data-end=\"4255\">sklepie z waporyzacj\u0105<\/strong> w\u0142a\u015bcicieli i hurtowych nabywc\u00f3w, <strong data-start=\"4284\" data-end=\"4306\">JNR Falcon Pro 28K<\/strong> oferuje wysok\u0105 liczb\u0119 puf\u00f3w, od\u0142\u0105czalny design i funkcje premium, kt\u00f3re przemawiaj\u0105 do u\u017cytkownik\u00f3w poszukuj\u0105cych d\u0142ugoterminowej warto\u015bci poza <strong data-start=\"4427\" data-end=\"4457\">Tanie papierosy hurtowo<\/strong> produktami.<\/p>\n<\/div>\n<\/div>\n<\/div>\n<\/div>","protected":false},"excerpt":{"rendered":"<ul>\n<li data-start=\"2055\" data-end=\"2134\">\n<p data-start=\"2058\" data-end=\"2134\">Kup JNR 28K Puff Bar Online \u2013 D\u0142ugotrwa\u0142y, \u0141adowalny Vape Jednorazowy UE<\/p>\n<\/li>\n<li data-start=\"2055\" data-end=\"2134\">\n<p data-start=\"2058\" data-end=\"2134\">JNR Falcon 28000 Puffs Vape \u2013 Podw\u00f3jna Grza\u0142ka Mesh Puff Bar w Cenie Hurtowej<\/p>\n<\/li>\n<\/ul>\n<p><strong>Dodaj Amy na WhatsApp, aby uzyska\u0107 w\u0142a\u015bciw\u0105 odpowied\u017a i cen\u0119 z rabatem!<\/strong><\/p>\n<p><img fetchpriority=\"high\" decoding=\"async\" class=\"size-full wp-image-2932\" src=\"https:\/\/vapestornado.com\/wp-content\/uploads\/2024\/12\/Vape-Wholesale.jpg\" alt=\"Hurtowa sprzeda\u017c e-papieros\u00f3w\" width=\"229\" height=\"300\" \/><\/p>\n<h3><a href=\"https:\/\/wa.me\/8617776015835\"><span style=\"color: #ff0000;\"><strong>WhatsApp: +86 17776015835<\/strong><\/span><\/a><\/h3>","protected":false},"featured_media":4477,"comment_status":"open","ping_status":"closed","template":"","meta":{"_acf_changed":false,"_uag_custom_page_level_css":"","_lmt_disableupdate":"no","_lmt_disable":"","_monsterinsights_skip_tracking":false,"_monsterinsights_sitenote_active":false,"_monsterinsights_sitenote_note":"","_monsterinsights_sitenote_category":0,"site-sidebar-layout":"default","site-content-layout":"","ast-site-content-layout":"default","site-content-style":"default","site-sidebar-style":"default","ast-global-header-display":"","ast-banner-title-visibility":"","ast-main-header-display":"","ast-hfb-above-header-display":"","ast-hfb-below-header-display":"","ast-hfb-mobile-header-display":"","site-post-title":"","ast-breadcrumbs-content":"","ast-featured-img":"","footer-sml-layout":"","ast-disable-related-posts":"","theme-transparent-header-meta":"default","adv-header-id-meta":"","stick-header-meta":"","header-above-stick-meta":"","header-main-stick-meta":"","header-below-stick-meta":"","astra-migrate-meta-layouts":"set","ast-page-background-enabled":"default","ast-page-background-meta":{"desktop":{"background-color":"","background-image":"","background-repeat":"repeat","background-position":"center center","background-size":"auto","background-attachment":"scroll","background-type":"","background-media":"","overlay-type":"","overlay-color":"","overlay-opacity":"","overlay-gradient":""},"tablet":{"background-color":"","background-image":"","background-repeat":"repeat","background-position":"center center","background-size":"auto","background-attachment":"scroll","background-type":"","background-media":"","overlay-type":"","overlay-color":"","overlay-opacity":"","overlay-gradient":""},"mobile":{"background-color":"","background-image":"","background-repeat":"repeat","background-position":"center center","background-size":"auto","background-attachment":"scroll","background-type":"","background-media":"","overlay-type":"","overlay-color":"","overlay-opacity":"","overlay-gradient":""}},"ast-content-background-meta":{"desktop":{"background-color":"var(--ast-global-color-5)","background-image":"","background-repeat":"repeat","background-position":"center center","background-size":"auto","background-attachment":"scroll","background-type":"","background-media":"","overlay-type":"","overlay-color":"","overlay-opacity":"","overlay-gradient":""},"tablet":{"background-color":"var(--ast-global-color-5)","background-image":"","background-repeat":"repeat","background-position":"center center","background-size":"auto","background-attachment":"scroll","background-type":"","background-media":"","overlay-type":"","overlay-color":"","overlay-opacity":"","overlay-gradient":""},"mobile":{"background-color":"var(--ast-global-color-5)","background-image":"","background-repeat":"repeat","background-position":"center center","background-size":"auto","background-attachment":"scroll","background-type":"","background-media":"","overlay-type":"","overlay-color":"","overlay-opacity":"","overlay-gradient":""}},"_joinchat":[]},"product_brand":[],"product_cat":[235,149,150,151,154,141,142,76,144],"product_tag":[403,406,411,412,410,390,397],"class_list":{"0":"post-4483","1":"product","2":"type-product","3":"status-publish","4":"has-post-thumbnail","6":"product_cat-28000-puff","7":"product_cat-buy-disposable-vapes-in-austria","8":"product_cat-buy-disposable-vapes-in-belgium","9":"product_cat-buy-disposable-vapes-in-france","10":"product_cat-buy-disposable-vapes-in-netherlands","11":"product_cat-crystal-disposable-vapes","12":"product_cat-digital-box-disposable-vapes","13":"product_cat-jnr-vape","14":"product_cat-low-nicotine-disposable-vapes","15":"product_tag-disposable-vape-box","16":"product_tag-disposable-vape-fast-shipping","17":"product_tag-jnr-28k","18":"product_tag-jnr-falcon-pro-280000","19":"product_tag-jnr-falcon-pro-28k","20":"product_tag-online-vape-shop","21":"product_tag-vapor","22":"desktop-align-left","23":"tablet-align-left","24":"mobile-align-left","26":"first","27":"instock","28":"sale","29":"shipping-taxable","30":"purchasable","31":"product-type-simple"},"acf":[],"uagb_featured_image_src":{"full":["https:\/\/vapestornado.com\/wp-content\/uploads\/2025\/10\/JNR-Falcon-Pro-28K-Puff-Dispsoable-Vape-Wholesale-Price.webp",800,800,false],"thumbnail":["https:\/\/vapestornado.com\/wp-content\/uploads\/2025\/10\/JNR-Falcon-Pro-28K-Puff-Dispsoable-Vape-Wholesale-Price-150x150.webp",150,150,true],"medium":["https:\/\/vapestornado.com\/wp-content\/uploads\/2025\/10\/JNR-Falcon-Pro-28K-Puff-Dispsoable-Vape-Wholesale-Price-300x300.webp",300,300,true],"medium_large":["https:\/\/vapestornado.com\/wp-content\/uploads\/2025\/10\/JNR-Falcon-Pro-28K-Puff-Dispsoable-Vape-Wholesale-Price-768x768.webp",768,768,true],"large":["https:\/\/vapestornado.com\/wp-content\/uploads\/2025\/10\/JNR-Falcon-Pro-28K-Puff-Dispsoable-Vape-Wholesale-Price.webp",800,800,false],"1536x1536":["https:\/\/vapestornado.com\/wp-content\/uploads\/2025\/10\/JNR-Falcon-Pro-28K-Puff-Dispsoable-Vape-Wholesale-Price.webp",800,800,false],"2048x2048":["https:\/\/vapestornado.com\/wp-content\/uploads\/2025\/10\/JNR-Falcon-Pro-28K-Puff-Dispsoable-Vape-Wholesale-Price.webp",800,800,false],"trp-custom-language-flag":["https:\/\/vapestornado.com\/wp-content\/uploads\/2025\/10\/JNR-Falcon-Pro-28K-Puff-Dispsoable-Vape-Wholesale-Price-12x12.webp",12,12,true],"woocommerce_thumbnail":["https:\/\/vapestornado.com\/wp-content\/uploads\/2025\/10\/JNR-Falcon-Pro-28K-Puff-Dispsoable-Vape-Wholesale-Price-300x300.webp",300,300,true],"woocommerce_single":["https:\/\/vapestornado.com\/wp-content\/uploads\/2025\/10\/JNR-Falcon-Pro-28K-Puff-Dispsoable-Vape-Wholesale-Price-600x600.webp",600,600,true],"woocommerce_gallery_thumbnail":["https:\/\/vapestornado.com\/wp-content\/uploads\/2025\/10\/JNR-Falcon-Pro-28K-Puff-Dispsoable-Vape-Wholesale-Price-100x100.webp",100,100,true]},"uagb_author_info":{"display_name":"ESAMY","author_link":"https:\/\/vapestornado.com\/pl\/author\/"},"uagb_comment_info":1,"uagb_excerpt":"Buy JNR 28K Puff Bar Online \u2013 Long-Lasting Rechargeable Disposable Vape EU JNR Falcon 28000 Puffs Vape \u2013 Dual Mesh Coil Puff Bar at Wholesale Price Add Amy's whatsapp to get right reply and discount price! WhatsApp: +86 17776015835","_links":{"self":[{"href":"https:\/\/vapestornado.com\/pl\/wp-json\/wp\/v2\/product\/4483","targetHints":{"allow":["GET"]}}],"collection":[{"href":"https:\/\/vapestornado.com\/pl\/wp-json\/wp\/v2\/product"}],"about":[{"href":"https:\/\/vapestornado.com\/pl\/wp-json\/wp\/v2\/types\/product"}],"replies":[{"embeddable":true,"href":"https:\/\/vapestornado.com\/pl\/wp-json\/wp\/v2\/comments?post=4483"}],"wp:featuredmedia":[{"embeddable":true,"href":"https:\/\/vapestornado.com\/pl\/wp-json\/wp\/v2\/media\/4477"}],"wp:attachment":[{"href":"https:\/\/vapestornado.com\/pl\/wp-json\/wp\/v2\/media?parent=4483"}],"wp:term":[{"taxonomy":"product_brand","embeddable":true,"href":"https:\/\/vapestornado.com\/pl\/wp-json\/wp\/v2\/product_brand?post=4483"},{"taxonomy":"product_cat","embeddable":true,"href":"https:\/\/vapestornado.com\/pl\/wp-json\/wp\/v2\/product_cat?post=4483"},{"taxonomy":"product_tag","embeddable":true,"href":"https:\/\/vapestornado.com\/pl\/wp-json\/wp\/v2\/product_tag?post=4483"}],"curies":[{"name":"wp","href":"https:\/\/api.w.org\/{rel}","templated":true}]}}