{"id":4462,"date":"2025-10-28T06:37:23","date_gmt":"2025-10-28T06:37:23","guid":{"rendered":"https:\/\/vapestornado.com\/?post_type=product&#038;p=4462"},"modified":"2025-10-28T07:04:10","modified_gmt":"2025-10-28T07:04:10","slug":"stagbar-nexus-60k-puffs-buy-disposable-vapes-online-wholesale-price","status":"publish","type":"product","link":"https:\/\/vapestornado.com\/pl\/product\/stagbar-nexus-60k-puffs-buy-disposable-vapes-online-wholesale-price\/","title":{"rendered":"STAGBAR NEXUS 60K Pali Pojemno\u015bci Jednorazowe Vape Kup Online Hurtowa Cena"},"content":{"rendered":"<h2 data-pm-slice=\"1 1 []\">STAGBAR NEXUS 60K Pali Pojemno\u015bci Jednorazowe Vape Kup Online Hurtowa Cena<\/h2>\n<p data-start=\"329\" data-end=\"654\"><strong data-start=\"329\" data-end=\"350\">STAGBAR NEXUS 60K<\/strong> to nowa gwiazda <strong data-start=\"369\" data-end=\"389\">Jednorazowy Vapor<\/strong> stworzony dla waper\u00f3w, kt\u00f3rzy wymagaj\u0105 d\u0142ugotrwa\u0142ej wydajno\u015bci i nowoczesnego designu. Z du\u017c\u0105 <strong data-start=\"469\" data-end=\"493\">pojemno\u015bci\u0105 60000 zaci\u0105gni\u0119\u0107<\/strong>, to urz\u0105dzenie redefiniuje warto\u015b\u0107 na <strong data-start=\"530\" data-end=\"559\">hurtowa sprzeda\u017c vape jednorazowego<\/strong> rynku \u2013 oferuj\u0105c d\u0142ugotrwa\u0142e u\u017cytkowanie, stabiln\u0105 wydajno\u015b\u0107 i najwy\u017csz\u0105 jako\u015b\u0107 smaku w ka\u017cdym zaci\u0105gni\u0119ciu.<\/p>\n<p data-start=\"656\" data-end=\"1059\">Zaprojektowany dla komfortu i wygody, <strong data-start=\"698\" data-end=\"721\">STAGBAR NEXUS 60000<\/strong> charakteryzuje si\u0119 <strong data-start=\"733\" data-end=\"751\">podw\u00f3jna grza\u0142ka siatkowa<\/strong> kt\u00f3ry zapewnia bogaty smak i g\u0119st\u0105 par\u0119, a <strong data-start=\"803\" data-end=\"832\">regulowany system przep\u0142ywu powietrza<\/strong> pozwala dostosowa\u0107 ka\u017cde zaci\u0105gni\u0119cie od ciasnego MTL do otwartego DTL. A <strong data-start=\"892\" data-end=\"913\">inteligentny wy\u015bwietlacz LED<\/strong> informuje o poziomie e-liquidu i baterii, a <strong data-start=\"973\" data-end=\"1011\">Bateria 850mAh \u0142adowana przez Type-C<\/strong> zapewnia sta\u0142\u0105 moc z szybkim \u0142adowaniem.<\/p>\n<p data-start=\"1061\" data-end=\"1301\">E-papierosy Stagbar podbijaj\u0105 teraz rynek UE, zw\u0142aszcza rynek hiszpa\u0144ski, i staj\u0105 si\u0119 najlepiej sprzedaj\u0105cymi si\u0119 modelami i najpopularniejszymi markami w\u015br\u00f3d waper\u00f3w. Dla waper\u00f3w i dystrybutor\u00f3w, kt\u00f3rzy chc\u0105 <strong data-start=\"1100\" data-end=\"1131\">kupi\u0107 jednorazowe e-papierosy online<\/strong> o niezawodnej jako\u015bci, eleganckim stylu i <strong data-start=\"1172\" data-end=\"1189\">szybk\u0105 wysy\u0142k\u0119<\/strong> w ca\u0142ej Europie, <strong data-start=\"1205\" data-end=\"1226\">STAGBAR NEXUS 60K<\/strong> jest idealnym, wszechstronnym rozwi\u0105zaniem zar\u00f3wno dla detalist\u00f3w, jak i hurtownik\u00f3w.<\/p>\n<p data-start=\"1061\" data-end=\"1301\">Teraz jednorazowe wk\u0142ady do e-papieros\u00f3w STAGBAR NEXUS 60K Puffs s\u0105 dost\u0119pne w magazynie UE, co zapewnia szybk\u0105 wysy\u0142k\u0119 w ci\u0105gu 3-7 dni roboczych!<\/p>\n<p><strong><span style=\"color: #ff0000;\">Dodaj Amy do WhatsAppa, aby uzyska\u0107 szybk\u0105 odpowied\u017a i kupon na vape!<\/span><\/strong><\/p>\n<p><img fetchpriority=\"high\" decoding=\"async\" class=\"size-full wp-image-2932\" src=\"https:\/\/vapestornado.com\/wp-content\/uploads\/2024\/12\/Vape-Wholesale.jpg\" alt=\"Hurtowa sprzeda\u017c e-papieros\u00f3w\" width=\"229\" height=\"300\" \/><\/p>\n<h3><a href=\"https:\/\/wa.me\/8617776015835\" target=\"_blank\" rel=\"noopener\"><span style=\"color: #ff0000;\"><strong>WhatsApp: +86 17776015835<\/strong><\/span><\/a><\/h3>\n<p>&nbsp;<\/p>\n<h2><strong>Funkcje produktu STAGBAR NEXUS 60K Puff<\/strong><\/h2>\n<ul>\n<li data-start=\"1329\" data-end=\"1383\">\n<p data-start=\"1331\" data-end=\"1383\"><strong data-start=\"1331\" data-end=\"1353\">do nawet 60 000 puf\u00f3w<\/strong> do ultra-d\u0142ugotrwa\u0142ego u\u017cytkowania.<\/p>\n<\/li>\n<li data-start=\"1384\" data-end=\"1452\">\n<p data-start=\"1386\" data-end=\"1452\"><strong data-start=\"1386\" data-end=\"1411\">Podw\u00f3jna siatka grza\u0142ki (0,9\u03a9)<\/strong> dla lepszego smaku i g\u0119sto\u015bci pary.<\/p>\n<\/li>\n<li data-start=\"1453\" data-end=\"1514\">\n<p data-start=\"1455\" data-end=\"1514\"><strong data-start=\"1455\" data-end=\"1481\">Pojemno\u015b\u0107 e-liquid 50 ml<\/strong> wst\u0119pnie nape\u0142nione wysokiej jako\u015bci mieszankami.<\/p>\n<\/li>\n<li data-start=\"1515\" data-end=\"1577\">\n<p data-start=\"1517\" data-end=\"1577\"><strong data-start=\"1517\" data-end=\"1548\">Akumulator 850mAh z mo\u017cliwo\u015bci\u0105 \u0142adowania<\/strong> z szybkim \u0142adowaniem Type-C.<\/p>\n<\/li>\n<li data-start=\"1578\" data-end=\"1643\">\n<p data-start=\"1580\" data-end=\"1643\"><strong data-start=\"1580\" data-end=\"1610\">Regulacja przep\u0142ywu powietrza<\/strong> dla spersonalizowanego stylu vapowania.<\/p>\n<\/li>\n<li data-start=\"1644\" data-end=\"1716\">\n<p data-start=\"1646\" data-end=\"1716\"><strong data-start=\"1646\" data-end=\"1668\">Ekran Wy\u015bwietlacza LED<\/strong> pokazuje poziom mocy i e-liquid w czasie rzeczywistym.<\/p>\n<\/li>\n<li data-start=\"1717\" data-end=\"1777\">\n<p data-start=\"1719\" data-end=\"1777\"><strong data-start=\"1719\" data-end=\"1742\">Opcje nikotyny 2% i 5%<\/strong> dla elastycznych preferencji rynkowych.<\/p>\n<\/li>\n<\/ul>\n<figure id=\"attachment_4456\" aria-describedby=\"caption-attachment-4456\" style=\"width: 800px\" class=\"wp-caption alignnone\"><img decoding=\"async\" class=\"wp-image-4456 size-full\" src=\"https:\/\/vapestornado.com\/wp-content\/uploads\/2025\/10\/Stagbar-Nexus-60000-60K-Puffs-Disposable-Vape-Box.webp\" alt=\"Stagbar Nexus 60000 60K Puffs Jednorazowy e-papieros w pude\u0142ku\" width=\"800\" height=\"800\" srcset=\"https:\/\/vapestornado.com\/wp-content\/uploads\/2025\/10\/Stagbar-Nexus-60000-60K-Puffs-Disposable-Vape-Box.webp 800w, https:\/\/vapestornado.com\/wp-content\/uploads\/2025\/10\/Stagbar-Nexus-60000-60K-Puffs-Disposable-Vape-Box-300x300.webp 300w, https:\/\/vapestornado.com\/wp-content\/uploads\/2025\/10\/Stagbar-Nexus-60000-60K-Puffs-Disposable-Vape-Box-150x150.webp 150w, https:\/\/vapestornado.com\/wp-content\/uploads\/2025\/10\/Stagbar-Nexus-60000-60K-Puffs-Disposable-Vape-Box-768x768.webp 768w, https:\/\/vapestornado.com\/wp-content\/uploads\/2025\/10\/Stagbar-Nexus-60000-60K-Puffs-Disposable-Vape-Box-12x12.webp 12w, https:\/\/vapestornado.com\/wp-content\/uploads\/2025\/10\/Stagbar-Nexus-60000-60K-Puffs-Disposable-Vape-Box-600x600.webp 600w, https:\/\/vapestornado.com\/wp-content\/uploads\/2025\/10\/Stagbar-Nexus-60000-60K-Puffs-Disposable-Vape-Box-100x100.webp 100w\" sizes=\"(max-width: 800px) 100vw, 800px\" \/><figcaption id=\"caption-attachment-4456\" class=\"wp-caption-text\">Stagbar Nexus 60000 60K Puffs Jednorazowy e-papieros w pude\u0142ku<\/figcaption><\/figure>\n<h2 class=\"product-title\"><strong>Lista smak\u00f3w e-papieros\u00f3w STAGBAR NEXUS 60K Puff<\/strong><\/h2>\n<ol data-start=\"1828\" data-end=\"2025\">\n<li data-start=\"1828\" data-end=\"1847\">\n<p data-start=\"1831\" data-end=\"1847\">Arbuzowy l\u00f3d<\/p>\n<\/li>\n<li data-start=\"1848\" data-end=\"1876\">\n<p data-start=\"1851\" data-end=\"1876\">Jagoda Malina L\u00f3d<\/p>\n<\/li>\n<li data-start=\"1877\" data-end=\"1895\">\n<p data-start=\"1880\" data-end=\"1895\">Mieszanka Jag\u00f3d<\/p>\n<\/li>\n<li data-start=\"1896\" data-end=\"1917\">\n<p data-start=\"1899\" data-end=\"1917\">Truskawkowe Winogrono<\/p>\n<\/li>\n<li data-start=\"1918\" data-end=\"1938\">\n<p data-start=\"1921\" data-end=\"1938\">Truskawka Kiwi<\/p>\n<\/li>\n<li data-start=\"1939\" data-end=\"1951\">\n<p data-start=\"1942\" data-end=\"1951\">Mi\u0142o\u015b\u0107 66<\/p>\n<\/li>\n<li data-start=\"1952\" data-end=\"1977\">\n<p data-start=\"1955\" data-end=\"1977\">Malinowy Arbuz<\/p>\n<\/li>\n<li data-start=\"1978\" data-end=\"1993\">\n<p data-start=\"1981\" data-end=\"1993\">Cytryna Lime<\/p>\n<\/li>\n<li data-start=\"1994\" data-end=\"2010\">\n<p data-start=\"1997\" data-end=\"2010\">Brzoskwinia Mango<\/p>\n<\/li>\n<li data-start=\"2011\" data-end=\"2025\">\n<p data-start=\"2015\" data-end=\"2025\">Red Bull<\/p>\n<\/li>\n<\/ol>\n<div class=\"flex-shrink-0 flex flex-col relative items-end\">\n<div class=\"pt-0\">\n<div class=\"gizmo-bot-avatar flex h-8 w-8 items-center justify-center overflow-hidden rounded-full\">\n<div class=\"relative p-1 rounded-sm flex items-center justify-center bg-token-main-surface-primary text-token-text-primary h-8 w-8\">\n<h2 data-start=\"1200\" data-end=\"1487\">Vapes Tornado \u2013 Tw\u00f3j hurtowy sklep internetowy z najlepszymi markami vape<\/h2>\n<p data-start=\"1200\" data-end=\"1487\">Sklep internetowy Vapes Tornado z e-papierosami to Twoje niezawodne miejsce dla <strong data-start=\"66\" data-end=\"94\">jednorazowych e-papieros\u00f3w premium<\/strong> i <strong data-start=\"99\" data-end=\"125\">hurtowe e-papierosy<\/strong> na terenie Europy. Posiadamy popularne marki vape, takie jak <a href=\"https:\/\/vapestornado.com\/pl\/product\/elf-bar-raya-d3-25000-puffs-best-disposable-vape-wholesale-in-uk\/\">Elf Bar Vape<\/a>, <strong data-start=\"175\" data-end=\"228\"><a href=\"https:\/\/vapestornado.com\/pl\/product\/fumot-randm-tornado-15000-puffs-rechargeable-disposable-vape-wholesale\/\">Fumot Vape<\/a>, <a href=\"https:\/\/vapestornado.com\/pl\/product\/waspe-150k-150000-puff-6-in-1-disposable-vape-pen-cartridge-best-wholesale-price-in-poland\/\">Waspe Vape<\/a>, Vozol Bar Vape, <a href=\"https:\/\/vapestornado.com\/pl\/product-category\/bang-vape\/\">Bang Vape<\/a><\/strong>, oraz wiele innych\u2014oferuj\u0105c wyj\u0105tkow\u0105 jako\u015b\u0107, r\u00f3\u017cnorodne opcje smakowe i innowacyjne wzory. Niezale\u017cnie od tego, czy jeste\u015b u\u017cytkownikiem osobistym, czy hurtowym nabywc\u0105, <strong data-start=\"372\" data-end=\"389\">Tornado Vape<\/strong> zapewnia urz\u0105dzenia wysokiej wydajno\u015bci, eleganckie style i nie do pobicia ceny hurtowe, dopasowane do Twoich potrzeb vapingowych.<\/p>\n<h2 data-start=\"2064\" data-end=\"2115\">Najcz\u0119\u015bciej zadawane pytania dotycz\u0105ce \u0142adowalnego vape'a STAGBAR NEXUS 60K Puffs<\/h2>\n<p data-start=\"2043\" data-end=\"2212\"><strong data-start=\"2043\" data-end=\"2094\">Q1: Jak d\u0142ugo dzia\u0142a STAGBAR NEXUS 60000?<\/strong><br data-start=\"2094\" data-end=\"2097\" \/>A1: Dostarcza do <strong data-start=\"2119\" data-end=\"2135\">60 000 puffs<\/strong>, zaprojektowany do d\u0142ugoterminowego u\u017cytku \u2014 znacznie d\u0142u\u017cej ni\u017c tradycyjne jednorazowe e-papierosy.<\/p>\n<p data-start=\"2214\" data-end=\"2395\"><strong data-start=\"2214\" data-end=\"2275\">Q2: Czy mog\u0119 na\u0142adowa\u0107 jednorazowego vapora STAGBAR NEXUS 60K?<\/strong><br data-start=\"2275\" data-end=\"2278\" \/>A2: Tak. W zestawie znajduje si\u0119 <strong data-start=\"2304\" data-end=\"2342\">Bateria 850mAh \u0142adowana przez Type-C<\/strong>, zapewniaj\u0105cy ci\u0105g\u0142e wapowanie bez przerw.<\/p>\n<p data-start=\"2397\" data-end=\"2579\"><strong data-start=\"2397\" data-end=\"2456\">Q3: Czy STAGBAR 60K ma regulowany przep\u0142yw powietrza?<\/strong><br data-start=\"2456\" data-end=\"2459\" \/>A3: Oczywi\u015bcie. Mo\u017cesz regulowa\u0107 przep\u0142yw powietrza, aby osi\u0105gn\u0105\u0107 preferowany styl inhalacji \u2014 od delikatnych MTL po wi\u0119ksze chmury.<\/p>\n<p data-start=\"2581\" data-end=\"2765\"><strong data-start=\"2581\" data-end=\"2644\">Q4: Sk\u0105d wiem, kiedy e-papieros jest na wyczerpaniu e-liquid?<\/strong><br data-start=\"2644\" data-end=\"2647\" \/>A4: <strong data-start=\"2655\" data-end=\"2670\">wy\u015bwietlacz LED<\/strong> wyra\u017anie wskazuje zar\u00f3wno <strong data-start=\"2694\" data-end=\"2725\">baterii i poziom e-liquidu<\/strong>, wi\u0119c nigdy nie zostaniesz zaskoczony.<\/p>\n<p data-start=\"2767\" data-end=\"2979\"><strong data-start=\"2767\" data-end=\"2848\">Q5: Gdzie mog\u0119 kupi\u0107 hurtowo jednorazowe vapory STAGBAR NEXUS 60000 w Europie?<\/strong><br data-start=\"2848\" data-end=\"2851\" \/>A5: Mo\u017cesz <strong data-start=\"2863\" data-end=\"2894\">kupi\u0107 jednorazowe e-papierosy online<\/strong> u zaufanych dystrybutor\u00f3w z siedzib\u0105 w UE oferuj\u0105cych <strong data-start=\"2937\" data-end=\"2976\">szybk\u0105 wysy\u0142k\u0119 i ceny hurtowe<\/strong>.<\/p>\n<\/div>\n<\/div>\n<\/div>\n<\/div>","protected":false},"excerpt":{"rendered":"<p>Hurtownia jednorazowych e-papieros\u00f3w STAGBAR NEXUS 60K \u2013 Kup online z szybk\u0105 wysy\u0142k\u0105 w UE<\/p>\n<p>E-papieros STAGBAR NEXUS 60000 z mo\u017cliwo\u015bci\u0105 \u0142adowania \u2013 Jednorazowy waporyzator do Europy<\/p>\n<p>Kup jednorazowego e-papierosa STAGBAR NEXUS 60K online \u2013 Cena hurtowa i szybka dostawa<\/p>\n<p><strong>Dodaj Amy na WhatsApp, aby uzyska\u0107 w\u0142a\u015bciw\u0105 odpowied\u017a i cen\u0119 z rabatem!<\/strong><\/p>\n<p><img fetchpriority=\"high\" decoding=\"async\" class=\"size-full wp-image-2932\" src=\"https:\/\/vapestornado.com\/wp-content\/uploads\/2024\/12\/Vape-Wholesale.jpg\" alt=\"Hurtowa sprzeda\u017c e-papieros\u00f3w\" width=\"229\" height=\"300\" \/><\/p>\n<h3><a href=\"https:\/\/wa.me\/8617776015835\"><span style=\"color: #ff0000;\"><strong>WhatsApp: +86 17776015835<\/strong><\/span><\/a><\/h3>","protected":false},"featured_media":4460,"comment_status":"open","ping_status":"closed","template":"","meta":{"_acf_changed":false,"_uag_custom_page_level_css":"","_lmt_disableupdate":"no","_lmt_disable":"","_monsterinsights_skip_tracking":false,"_monsterinsights_sitenote_active":false,"_monsterinsights_sitenote_note":"","_monsterinsights_sitenote_category":0,"site-sidebar-layout":"default","site-content-layout":"","ast-site-content-layout":"default","site-content-style":"default","site-sidebar-style":"default","ast-global-header-display":"","ast-banner-title-visibility":"","ast-main-header-display":"","ast-hfb-above-header-display":"","ast-hfb-below-header-display":"","ast-hfb-mobile-header-display":"","site-post-title":"","ast-breadcrumbs-content":"","ast-featured-img":"","footer-sml-layout":"","ast-disable-related-posts":"","theme-transparent-header-meta":"default","adv-header-id-meta":"","stick-header-meta":"","header-above-stick-meta":"","header-main-stick-meta":"","header-below-stick-meta":"","astra-migrate-meta-layouts":"set","ast-page-background-enabled":"default","ast-page-background-meta":{"desktop":{"background-color":"","background-image":"","background-repeat":"repeat","background-position":"center center","background-size":"auto","background-attachment":"scroll","background-type":"","background-media":"","overlay-type":"","overlay-color":"","overlay-opacity":"","overlay-gradient":""},"tablet":{"background-color":"","background-image":"","background-repeat":"repeat","background-position":"center center","background-size":"auto","background-attachment":"scroll","background-type":"","background-media":"","overlay-type":"","overlay-color":"","overlay-opacity":"","overlay-gradient":""},"mobile":{"background-color":"","background-image":"","background-repeat":"repeat","background-position":"center center","background-size":"auto","background-attachment":"scroll","background-type":"","background-media":"","overlay-type":"","overlay-color":"","overlay-opacity":"","overlay-gradient":""}},"ast-content-background-meta":{"desktop":{"background-color":"var(--ast-global-color-5)","background-image":"","background-repeat":"repeat","background-position":"center center","background-size":"auto","background-attachment":"scroll","background-type":"","background-media":"","overlay-type":"","overlay-color":"","overlay-opacity":"","overlay-gradient":""},"tablet":{"background-color":"var(--ast-global-color-5)","background-image":"","background-repeat":"repeat","background-position":"center center","background-size":"auto","background-attachment":"scroll","background-type":"","background-media":"","overlay-type":"","overlay-color":"","overlay-opacity":"","overlay-gradient":""},"mobile":{"background-color":"var(--ast-global-color-5)","background-image":"","background-repeat":"repeat","background-position":"center center","background-size":"auto","background-attachment":"scroll","background-type":"","background-media":"","overlay-type":"","overlay-color":"","overlay-opacity":"","overlay-gradient":""}},"_joinchat":[]},"product_brand":[],"product_cat":[343,152,156,158,143,357,146],"product_tag":[403,406,390,405,397,404],"class_list":{"0":"post-4462","1":"product","2":"type-product","3":"status-publish","4":"has-post-thumbnail","6":"product_cat-60000-puff","7":"product_cat-buy-disposable-vapes-in-cermany","8":"product_cat-buy-disposable-vapes-in-poland","9":"product_cat-buy-disposable-vapes-in-spain","10":"product_cat-dual-mesh-disposable-vapes","11":"product_cat-flavor-adjustable-vape","12":"product_cat-rechargeable-disposable-vapes","13":"product_tag-disposable-vape-box","14":"product_tag-disposable-vape-fast-shipping","15":"product_tag-online-vape-shop","16":"product_tag-stagbar-nexus-60k","17":"product_tag-vapor","18":"product_tag-wholesale-online-vape-store","19":"desktop-align-left","20":"tablet-align-left","21":"mobile-align-left","23":"first","24":"instock","25":"sale","26":"shipping-taxable","27":"purchasable","28":"product-type-simple"},"acf":[],"uagb_featured_image_src":{"full":["https:\/\/vapestornado.com\/wp-content\/uploads\/2025\/10\/Stagbar-Nexus-60000-60K-Puffs-Disposable-Vape-1.webp",800,800,false],"thumbnail":["https:\/\/vapestornado.com\/wp-content\/uploads\/2025\/10\/Stagbar-Nexus-60000-60K-Puffs-Disposable-Vape-1-150x150.webp",150,150,true],"medium":["https:\/\/vapestornado.com\/wp-content\/uploads\/2025\/10\/Stagbar-Nexus-60000-60K-Puffs-Disposable-Vape-1-300x300.webp",300,300,true],"medium_large":["https:\/\/vapestornado.com\/wp-content\/uploads\/2025\/10\/Stagbar-Nexus-60000-60K-Puffs-Disposable-Vape-1-768x768.webp",768,768,true],"large":["https:\/\/vapestornado.com\/wp-content\/uploads\/2025\/10\/Stagbar-Nexus-60000-60K-Puffs-Disposable-Vape-1.webp",800,800,false],"1536x1536":["https:\/\/vapestornado.com\/wp-content\/uploads\/2025\/10\/Stagbar-Nexus-60000-60K-Puffs-Disposable-Vape-1.webp",800,800,false],"2048x2048":["https:\/\/vapestornado.com\/wp-content\/uploads\/2025\/10\/Stagbar-Nexus-60000-60K-Puffs-Disposable-Vape-1.webp",800,800,false],"trp-custom-language-flag":["https:\/\/vapestornado.com\/wp-content\/uploads\/2025\/10\/Stagbar-Nexus-60000-60K-Puffs-Disposable-Vape-1-12x12.webp",12,12,true],"woocommerce_thumbnail":["https:\/\/vapestornado.com\/wp-content\/uploads\/2025\/10\/Stagbar-Nexus-60000-60K-Puffs-Disposable-Vape-1-300x300.webp",300,300,true],"woocommerce_single":["https:\/\/vapestornado.com\/wp-content\/uploads\/2025\/10\/Stagbar-Nexus-60000-60K-Puffs-Disposable-Vape-1-600x600.webp",600,600,true],"woocommerce_gallery_thumbnail":["https:\/\/vapestornado.com\/wp-content\/uploads\/2025\/10\/Stagbar-Nexus-60000-60K-Puffs-Disposable-Vape-1-100x100.webp",100,100,true]},"uagb_author_info":{"display_name":"ESAMY","author_link":"https:\/\/vapestornado.com\/pl\/author\/"},"uagb_comment_info":1,"uagb_excerpt":"STAGBAR NEXUS 60K Disposable Vape Wholesale \u2013 Buy Online with Fast EU Shipping STAGBAR NEXUS 60000 Puffs Vape \u2013 Rechargeable Disposable Vapor for Europe Buy STAGBAR NEXUS 60K Puffs Disposable Vape Online \u2013 Wholesale Price &amp; Fast Delivery Add Amy's whatsapp to get right reply and discount price! WhatsApp: +86 17776015835","_links":{"self":[{"href":"https:\/\/vapestornado.com\/pl\/wp-json\/wp\/v2\/product\/4462","targetHints":{"allow":["GET"]}}],"collection":[{"href":"https:\/\/vapestornado.com\/pl\/wp-json\/wp\/v2\/product"}],"about":[{"href":"https:\/\/vapestornado.com\/pl\/wp-json\/wp\/v2\/types\/product"}],"replies":[{"embeddable":true,"href":"https:\/\/vapestornado.com\/pl\/wp-json\/wp\/v2\/comments?post=4462"}],"wp:featuredmedia":[{"embeddable":true,"href":"https:\/\/vapestornado.com\/pl\/wp-json\/wp\/v2\/media\/4460"}],"wp:attachment":[{"href":"https:\/\/vapestornado.com\/pl\/wp-json\/wp\/v2\/media?parent=4462"}],"wp:term":[{"taxonomy":"product_brand","embeddable":true,"href":"https:\/\/vapestornado.com\/pl\/wp-json\/wp\/v2\/product_brand?post=4462"},{"taxonomy":"product_cat","embeddable":true,"href":"https:\/\/vapestornado.com\/pl\/wp-json\/wp\/v2\/product_cat?post=4462"},{"taxonomy":"product_tag","embeddable":true,"href":"https:\/\/vapestornado.com\/pl\/wp-json\/wp\/v2\/product_tag?post=4462"}],"curies":[{"name":"wp","href":"https:\/\/api.w.org\/{rel}","templated":true}]}}