{"id":4446,"date":"2025-10-22T08:01:53","date_gmt":"2025-10-22T08:01:53","guid":{"rendered":"https:\/\/vapestornado.com\/?post_type=product&#038;p=4446"},"modified":"2025-12-12T09:47:39","modified_gmt":"2025-12-12T09:47:39","slug":"stagbar-king-40000-40k-puff-rechargeable-disposable-vape-shop-online","status":"publish","type":"product","link":"https:\/\/vapestornado.com\/pl\/product\/stagbar-king-40000-40k-puff-rechargeable-disposable-vape-shop-online\/","title":{"rendered":"Stagbar King 40000 40K Puff Waporyzator Jednorazowy \u0141adowany Sklep Internetowy"},"content":{"rendered":"<h2 data-pm-slice=\"1 1 []\">Stagbar King 40000 Puff Jednorazowy Vape z Mo\u017cliwo\u015bci\u0105 \u0141adowania \u2013 Stworzony z My\u015bl\u0105 o D\u0142ugotrwa\u0142ej Mocy i Szybkiej Wysy\u0142ce z Magazynu UE<\/h2>\n<p data-start=\"1208\" data-end=\"1450\"><strong data-start=\"119\" data-end=\"141\">Stagbar King 40000<\/strong> zbudowany do d\u0142ugiego codziennego u\u017cytku z regulowanym ci\u0105giem, kt\u00f3ry mo\u017cna naprawd\u0119 dostosowa\u0107. Dostarcza <strong data-start=\"217\" data-end=\"239\">do 40 000 puf\u00f3w<\/strong>, dzia\u0142a na <strong data-start=\"248\" data-end=\"266\">1.0\u03a9 siatkowa grza\u0142ka<\/strong> dla p\u0142ynnego smaku i stabilnej pary, oraz dodaje <strong data-start=\"314\" data-end=\"336\">regulowanym przep\u0142ywem powietrza<\/strong> tak, aby to samo urz\u0105dzenie mog\u0142o by\u0107 ciasne jak MTL lub otwarte i przewiewne dla wi\u0119kszych chmur. <strong data-start=\"416\" data-end=\"435\">\u0142adowanie typu C<\/strong> utrzymuje czas przestoju na niskim poziomie, co jest r\u00f3\u017cnic\u0105 mi\u0119dzy ko\u0144czeniem urz\u0105dzenia a jego wczesnym wyrzuceniem. Dla kupuj\u0105cych, kt\u00f3rzy por\u00f3wnuj\u0105 <strong data-start=\"560\" data-end=\"586\">cena vaper recargable<\/strong> w Europie, Stagbar King 40K znajduje si\u0119 w strefie warto\u015bci, nie czuj\u0105c si\u0119 przy tym tanio w dotyku.<\/p>\n<h3 data-start=\"905\" data-end=\"956\">Dlaczego jednorazowy Stagbar King 40k jest m\u0105drzejszym wyborem na d\u0142u\u017csze u\u017cytkowanie?<\/h3>\n<ul data-start=\"958\" data-end=\"2345\">\n<li data-start=\"958\" data-end=\"1255\">\n<p data-start=\"960\" data-end=\"1255\"><strong data-start=\"960\" data-end=\"1010\">\u017cywotno\u015b\u0107 40K, kt\u00f3ra ma sens przy regularnym u\u017cytkowaniu.<\/strong> Cyfrowy ekran <strong data-start=\"1015\" data-end=\"1037\">Stagbar King 40000<\/strong> jest zaprojektowany do intensywnych rutyn i d\u0142ugich tygodni. Na rynkach takich jak <strong data-start=\"1101\" data-end=\"1156\">Niemczech, Hiszpanii, Polsce, Francji i Holandii<\/strong>, tego rodzaju urz\u0105dzenie o du\u017cej pojemno\u015bci zmniejsza konieczno\u015b\u0107 powtarzania zakup\u00f3w i eliminuje problem \u201ezawsze brak vapes\u201d.<\/p>\n<\/li>\n<li data-start=\"1257\" data-end=\"1554\">\n<p data-start=\"1259\" data-end=\"1554\"><strong data-start=\"1259\" data-end=\"1316\">Regulowany przep\u0142yw powietrza, kt\u00f3ry zmienia odczucie urz\u0105dzenia.<\/strong> Cyfrowy ekran <strong data-start=\"1321\" data-end=\"1371\">Stagbar King 40K jednorazowy z regulowanym przep\u0142ywem powietrza<\/strong> mo\u017ce dzia\u0142a\u0107 ciasno, jak przy poci\u0105gni\u0119ciu jak z papierosa, lub otworzy\u0107 si\u0119 na lu\u017aniejsze ci\u0105gi i wi\u0119ksze chmury. To praktyczna funkcja, a nie chwyt marketingowy\u2014jedno urz\u0105dzenie pokrywa r\u00f3\u017cne sytuacje w ci\u0105gu dnia.<\/p>\n<\/li>\n<li data-start=\"1556\" data-end=\"1776\">\n<p data-start=\"1558\" data-end=\"1776\"><strong data-start=\"1558\" data-end=\"1597\">Wydajno\u015b\u0107 siatki grzewczej pozostaje p\u0142ynna.<\/strong> Cyfrowy ekran <strong data-start=\"1602\" data-end=\"1620\">1.0\u03a9 siatkowa grza\u0142ka<\/strong> zosta\u0142 zaprojektowany do r\u00f3wnomiernego podgrzewania, co pomaga utrzyma\u0107 sp\u00f3jny smak podczas d\u0142ugiego u\u017cytkowania i unika ostrego, suchego smaku ko\u0144cowego etapu, kt\u00f3ry rozwijaj\u0105 wiele urz\u0105dze\u0144 o du\u017cej liczbie puf\u00f3w.<\/p>\n<\/li>\n<li data-start=\"1778\" data-end=\"2075\">\n<p data-start=\"1780\" data-end=\"2075\"><strong data-start=\"1780\" data-end=\"1829\">Wygoda \u0142adowania, kt\u00f3ra chroni warto\u015b\u0107.<\/strong> Dzi\u0119ki <strong data-start=\"1835\" data-end=\"1854\">\u0142adowanie typu C<\/strong>, <strong data-start=\"1860\" data-end=\"1906\">Stagbar King 40000 jednorazowy z mo\u017cliwo\u015bci\u0105 \u0142adowania<\/strong> mo\u017ce by\u0107 szybko uzupe\u0142niany. To wa\u017cne, gdy zwracasz uwag\u0119 na <strong data-start=\"1978\" data-end=\"2004\">cena vaper recargable<\/strong>\u2014 urz\u0105dzenie powinno dzia\u0142a\u0107 do momentu, a\u017c zostanie zu\u017cyte, a nie do momentu, gdy bateria si\u0119 wyczerpie.<\/p>\n<\/li>\n<li data-start=\"2077\" data-end=\"2345\">\n<p data-start=\"2079\" data-end=\"2345\"><strong data-start=\"2079\" data-end=\"2126\">Czysta alternatywa dla ci\u0105g\u0142ych system\u00f3w pod\u00f3w.<\/strong> Niekt\u00f3rzy u\u017cytkownicy wol\u0105 <strong data-start=\"2145\" data-end=\"2161\">podki Stagbar<\/strong> lub inne platformy pod do wygody \u0142adowania, ale nie chc\u0105 zarz\u0105dza\u0107 nape\u0142nianiem i cz\u0119\u015bciami. Stagbar King 40K zachowuje prosty proces \u201eotw\u00f3rz i wapuj\u201d, jednocze\u015bnie b\u0119d\u0105c \u0142adowalnym.<\/p>\n<\/li>\n<\/ul>\n<p><strong><span style=\"color: #ff0000;\">Dodaj Amy do WhatsAppa, aby uzyska\u0107 szybk\u0105 odpowied\u017a i kupon na vape!<\/span><\/strong><\/p>\n<p><img fetchpriority=\"high\" decoding=\"async\" class=\"size-full wp-image-2932\" src=\"https:\/\/vapestornado.com\/wp-content\/uploads\/2024\/12\/Vape-Wholesale.jpg\" alt=\"Hurtowa sprzeda\u017c e-papieros\u00f3w\" width=\"229\" height=\"300\" \/><\/p>\n<h3><a href=\"https:\/\/wa.me\/8617776015835\" target=\"_blank\" rel=\"noopener\"><span style=\"color: #ff0000;\"><strong>WhatsApp: +86 17776015835<\/strong><\/span><\/a><\/h3>\n<p>&nbsp;<\/p>\n<h2><strong>Stagbar King 40000 Puff Cechy Produktu<\/strong><\/h2>\n<table>\n<thead>\n<tr>\n<th>Funkcja<\/th>\n<th>specyfikacja<\/th>\n<th>szczeg\u00f3\u0142y<\/th>\n<\/tr>\n<\/thead>\n<tbody>\n<tr>\n<td>Nazwa produktu<\/td>\n<td>Stagbar King 40000 \/ Stagbar King 40K<\/td>\n<td>Wysokiej pojemno\u015bci \u0142adowalny jednorazowy vaporizer<\/td>\n<\/tr>\n<tr>\n<td>Pojemno\u015b\u0107 zaci\u0105gni\u0119\u0107<\/td>\n<td>Do 40 000 puf\u00f3w<\/td>\n<td>Zapewniony do d\u0142ugotrwa\u0142ego codziennego u\u017cytkowania i rzadszej wymiany<\/td>\n<\/tr>\n<tr>\n<td>Typ Grza\u0142ki<\/td>\n<td>1.0\u03a9 siatkowa grza\u0142ka<\/td>\n<td>R\u00f3wnomierne podgrzewanie dla g\u0142adkiego parowania i stabilnego smaku<\/td>\n<\/tr>\n<tr>\n<td>Przep\u0142yw Powietrza<\/td>\n<td>Regulowany system przep\u0142ywu powietrza<\/td>\n<td>Prze\u0142\u0105czanie mi\u0119dzy bardziej szczelnym MTL a bardziej przewiewnym DTL, w zale\u017cno\u015bci od potrzeb<\/td>\n<\/tr>\n<tr>\n<td>\u0141adowanie<\/td>\n<td>\u0142adowane przez Type-C<\/td>\n<td>Szybkie \u0142adowanie uzupe\u0142niaj\u0105ce, aby zmniejszy\u0107 czas przestoju<\/td>\n<\/tr>\n<tr>\n<td>Gama Smak\u00f3w<\/td>\n<td>Ponad 10 smak\u00f3w<\/td>\n<td>Zawiera profile takie jak Red Bull, Mieszane Jagody, Seks na Pla\u017cy, Jagoda Malina<\/td>\n<\/tr>\n<tr>\n<td>Pozycjonowanie<\/td>\n<td>Detal + hurt<\/td>\n<td>Dobrze pasuje do sklepu z e-papierosami i zam\u00f3wie\u0144 hurtowych online<\/td>\n<\/tr>\n<tr>\n<td>Profil u\u017cytkownika<\/td>\n<td>Doro\u015bli u\u017cytkownicy<\/td>\n<td>Zaprojektowany dla doros\u0142ych vaper\u00f3w, kt\u00f3rzy chc\u0105 d\u0142ugiej \u017cywotno\u015bci i kontroli<\/td>\n<\/tr>\n<\/tbody>\n<\/table>\n<h2 class=\"product-title\"><strong>Lista smak\u00f3w Stagbar King 40000 Puff Vape<\/strong><\/h2>\n<p>1. Coco loco<br \/>\n2. Sex on the beach<br \/>\n3. Lemon Lime<br \/>\n4. Red Bull<br \/>\n5. Arbuzowy L\u00f3d<br \/>\n6. Mieszane jagody<br \/>\n7. Truskawka Kiwi<br \/>\n8. Banan Ice<br \/>\n9. Bor\u00f3wka Malina<br \/>\n10. Truskawka Winogrono<\/p>\n<p>&nbsp;<\/p>\n<figure id=\"attachment_4442\" aria-describedby=\"caption-attachment-4442\" style=\"width: 300px\" class=\"wp-caption alignnone\"><img decoding=\"async\" class=\"size-medium wp-image-4442\" src=\"https:\/\/vapestornado.com\/wp-content\/uploads\/2025\/10\/Stagbar-King-40000-40K-Puff-Disposable-E-Vape-300x300.webp\" alt=\"Stagbar King 40000 40K Puff Jednorazowy E-Papieros\" width=\"300\" height=\"300\" srcset=\"https:\/\/vapestornado.com\/wp-content\/uploads\/2025\/10\/Stagbar-King-40000-40K-Puff-Disposable-E-Vape-300x300.webp 300w, https:\/\/vapestornado.com\/wp-content\/uploads\/2025\/10\/Stagbar-King-40000-40K-Puff-Disposable-E-Vape-150x150.webp 150w, https:\/\/vapestornado.com\/wp-content\/uploads\/2025\/10\/Stagbar-King-40000-40K-Puff-Disposable-E-Vape-768x768.webp 768w, https:\/\/vapestornado.com\/wp-content\/uploads\/2025\/10\/Stagbar-King-40000-40K-Puff-Disposable-E-Vape-12x12.webp 12w, https:\/\/vapestornado.com\/wp-content\/uploads\/2025\/10\/Stagbar-King-40000-40K-Puff-Disposable-E-Vape-600x600.webp 600w, https:\/\/vapestornado.com\/wp-content\/uploads\/2025\/10\/Stagbar-King-40000-40K-Puff-Disposable-E-Vape-100x100.webp 100w, https:\/\/vapestornado.com\/wp-content\/uploads\/2025\/10\/Stagbar-King-40000-40K-Puff-Disposable-E-Vape.webp 800w\" sizes=\"(max-width: 300px) 100vw, 300px\" \/><figcaption id=\"caption-attachment-4442\" class=\"wp-caption-text\">Stagbar King 40000 40K Puff Jednorazowy E-Papieros<\/figcaption><\/figure>\n<figure id=\"attachment_4441\" aria-describedby=\"caption-attachment-4441\" style=\"width: 300px\" class=\"wp-caption alignnone\"><img decoding=\"async\" class=\"size-medium wp-image-4441\" src=\"https:\/\/vapestornado.com\/wp-content\/uploads\/2025\/10\/Stagbar-King-40K-Puff-Disposable-Vape-Bulk-Buy-300x300.webp\" alt=\"Stagbar King 40K Puff Jednorazowy E-Papieros w hurtowej ilo\u015bci\" width=\"300\" height=\"300\" srcset=\"https:\/\/vapestornado.com\/wp-content\/uploads\/2025\/10\/Stagbar-King-40K-Puff-Disposable-Vape-Bulk-Buy-300x300.webp 300w, https:\/\/vapestornado.com\/wp-content\/uploads\/2025\/10\/Stagbar-King-40K-Puff-Disposable-Vape-Bulk-Buy-150x150.webp 150w, https:\/\/vapestornado.com\/wp-content\/uploads\/2025\/10\/Stagbar-King-40K-Puff-Disposable-Vape-Bulk-Buy-768x768.webp 768w, https:\/\/vapestornado.com\/wp-content\/uploads\/2025\/10\/Stagbar-King-40K-Puff-Disposable-Vape-Bulk-Buy-12x12.webp 12w, https:\/\/vapestornado.com\/wp-content\/uploads\/2025\/10\/Stagbar-King-40K-Puff-Disposable-Vape-Bulk-Buy-600x600.webp 600w, https:\/\/vapestornado.com\/wp-content\/uploads\/2025\/10\/Stagbar-King-40K-Puff-Disposable-Vape-Bulk-Buy-100x100.webp 100w, https:\/\/vapestornado.com\/wp-content\/uploads\/2025\/10\/Stagbar-King-40K-Puff-Disposable-Vape-Bulk-Buy.webp 800w\" sizes=\"(max-width: 300px) 100vw, 300px\" \/><figcaption id=\"caption-attachment-4441\" class=\"wp-caption-text\">Stagbar King 40K Puff Jednorazowy E-Papieros w hurtowej ilo\u015bci<\/figcaption><\/figure>\n<div class=\"flex-shrink-0 flex flex-col relative items-end\">\n<div class=\"pt-0\">\n<div class=\"gizmo-bot-avatar flex h-8 w-8 items-center justify-center overflow-hidden rounded-full\">\n<div class=\"relative p-1 rounded-sm flex items-center justify-center bg-token-main-surface-primary text-token-text-primary h-8 w-8\">\n<h2 data-start=\"1200\" data-end=\"1487\">Vapes Tornado \u2013 Tw\u00f3j hurtowy sklep internetowy z najlepszymi markami vape<\/h2>\n<p data-start=\"1200\" data-end=\"1487\"><strong data-start=\"141\" data-end=\"177\">Sklep internetowy z e-papierosami Vapes Tornado<\/strong> jest Twoim zaufanym \u017ar\u00f3d\u0142em <strong data-start=\"205\" data-end=\"270\">premiumowe jednorazowe vape i hurtowe e-papierosy w Europie<\/strong>. W ofercie mamy najlepiej sprzedaj\u0105ce si\u0119 marki, takie jak <strong data-start=\"307\" data-end=\"362\"><a href=\"https:\/\/vapestornado.com\/pl\/product\/randm-12000-puffs-fumot-digital-disposable-vape-wholesale-price\/\">Fumot Waporyzator<\/a>, <a href=\"https:\/\/vapestornado.com\/pl\/product\/waspe-150k-150000-puff-6-in-1-disposable-vape-pen-cartridge-best-wholesale-price-in-poland\/\">WASPE VAPE<\/a>, <\/strong><strong data-start=\"307\" data-end=\"362\"><a href=\"https:\/\/vapestornado.com\/pl\/product\/vozol-gear-shisha-25k-25000-puffs-best-dtl-disposable-vape-hookah-cheap-price\/\">VOZOL BAR VAPE<\/a>, \u00a0 Bang Vape<\/strong>, i wi\u0119cej, zapewniaj\u0105c jako\u015b\u0107 i r\u00f3\u017cnorodno\u015b\u0107 dla ka\u017cdego klienta. Niezale\u017cnie od tego, czy jeste\u015b indywidualnym vaperem, czy hurtowym nabywc\u0105, dostarczamy <strong data-start=\"481\" data-end=\"550\">urz\u0105dzenia wysokiej wydajno\u015bci, stylowe wzory i konkurencyjne ceny<\/strong> spe\u0142niaj\u0105ce Twoje potrzeby.<\/p>\n<h2 data-start=\"2064\" data-end=\"2115\">Najcz\u0119\u015bciej zadawane pytania o Stagbar King 40k Puff Regulowany przep\u0142yw powietrza E-Papieros<\/h2>\n<ol data-start=\"3233\" data-end=\"4438\">\n<li data-start=\"3233\" data-end=\"3479\">\n<p data-start=\"3236\" data-end=\"3479\"><strong data-start=\"3236\" data-end=\"3335\">Jak sprawdza si\u0119 jednorazowy, \u0142adowalny Stagbar King 40000 40K Puff dla intensywnych codziennych u\u017cytkownik\u00f3w?<\/strong><br data-start=\"3335\" data-end=\"3338\" \/>Jego du\u017ca pojemno\u015b\u0107 na chmurki jest stworzona do d\u0142ugich sesji, a \u0142adowanie Type-C zapewnia jego u\u017cyteczno\u015b\u0107 przez ca\u0142y okres \u017cycia urz\u0105dzenia, a nie ko\u0144czy si\u0119 wcze\u015bniej.<\/p>\n<\/li>\n<li data-start=\"3481\" data-end=\"3705\">\n<p data-start=\"3484\" data-end=\"3705\"><strong data-start=\"3484\" data-end=\"3573\">Jaka r\u00f3\u017cnica w regulowanym przep\u0142ywie powietrza ma na Stagbar King 40K jednorazowy waporyzator?<\/strong><br data-start=\"3573\" data-end=\"3576\" \/>Pozwala na zw\u0119\u017cenie przep\u0142ywu powietrza dla MTL lub jego otwarcie dla lu\u017aniejszego DTL z wi\u0119kszymi chmurami, w zale\u017cno\u015bci od chwili.<\/p>\n<\/li>\n<li data-start=\"3707\" data-end=\"3924\">\n<p data-start=\"3710\" data-end=\"3924\"><strong data-start=\"3710\" data-end=\"3793\">Czy drut siatkowy 1.0\u03a9 w Stagbar King 40000 pomaga utrzyma\u0107 sp\u00f3jno\u015b\u0107 smaku?<\/strong><br data-start=\"3793\" data-end=\"3796\" \/>Tak. Druty siatkowe nagrzewaj\u0105 si\u0119 bardziej r\u00f3wnomiernie ni\u017c podstawowe druty, co pomaga, aby para by\u0142a g\u0142adsza, a smak bardziej stabilny podczas d\u0142u\u017cszego u\u017cytkowania.<\/p>\n<\/li>\n<li data-start=\"3926\" data-end=\"4147\">\n<p data-start=\"3929\" data-end=\"4147\"><strong data-start=\"3929\" data-end=\"4008\">Jak Stagbar King 40000 wypada w por\u00f3wnaniu z podami Stagbar pod wzgl\u0119dem codziennej wygody?<\/strong><br data-start=\"4008\" data-end=\"4011\" \/>Stagbar King 40000 zachowuje wygod\u0119, kt\u00f3r\u0105 lubi\u0105 u\u017cytkownicy <strong data-start=\"4067\" data-end=\"4083\">podki Stagbar<\/strong>\u2014mo\u017cliwo\u015b\u0107 \u0142adowania\u2014 bez konieczno\u015bci zarz\u0105dzania podami, nape\u0142nieniami czy dodatkowymi cz\u0119\u015bciami.<\/p>\n<\/li>\n<li data-start=\"4149\" data-end=\"4438\">\n<p data-start=\"4152\" data-end=\"4438\"><strong data-start=\"4152\" data-end=\"4267\">Czy Stagbar King 40000 to rozs\u0105dny wyb\u00f3r dla sklepu z elektronicznymi papierosami skoncentrowanego na cenie dla recargable vaper\u00f3w?<\/strong><br data-start=\"4267\" data-end=\"4270\" \/>Tak. Oferuje du\u017c\u0105 liczb\u0119 puf\u00f3w, kontrol\u0119 przep\u0142ywu powietrza, wydajno\u015b\u0107 drutu siatkowego i \u0142adowanie przez Type-C \u2014 funkcje wspieraj\u0105ce klient\u00f3w poszukuj\u0105cych warto\u015bci, bez polegania na sztuczkach.<\/p>\n<\/li>\n<\/ol>\n<\/div>\n<\/div>\n<\/div>\n<\/div>","protected":false},"excerpt":{"rendered":"<div class=\"flex flex-col text-sm @w-xl\/main:pt-header-height pb-25\">\n<article class=\"text-token-text-primary w-full focus:outline-none [--shadow-height:45px] has-data-writing-block:pointer-events-none has-data-writing-block:-mt-(--shadow-height) has-data-writing-block:pt-(--shadow-height) [&amp;:has([data-writing-block])&gt;*]:pointer-events-auto scroll-mt-[calc(var(--header-height)+min(200px,max(70px,20svh)))]\" dir=\"auto\" tabindex=\"-1\" data-turn-id=\"a4553bcb-7aea-49d6-9fac-81ba76f7aa52\" data-testid=\"conversation-turn-52\" data-scroll-anchor=\"true\" data-turn=\"assistant\">\n<div class=\"text-base my-auto mx-auto pb-10 [--thread-content-margin:--spacing(4)] @w-sm\/main:[--thread-content-margin:--spacing(6)] @w-lg\/main:[--thread-content-margin:--spacing(16)] px-(--thread-content-margin)\">\n<div class=\"[--thread-content-max-width:40rem] @w-lg\/main:[--thread-content-max-width:48rem] mx-auto max-w-(--thread-content-max-width) flex-1 group\/turn-messages focus-visible:outline-hidden relative flex w-full min-w-0 flex-col agent-turn\" tabindex=\"-1\">\n<div class=\"flex max-w-full flex-col grow\">\n<div class=\"min-h-8 text-message relative flex w-full flex-col items-end gap-2 text-start break-words whitespace-normal [.text-message+&amp;]:mt-1\" dir=\"auto\" data-message-author-role=\"assistant\" data-message-id=\"337d04d0-1322-4696-922d-486732393dc5\" data-message-model-slug=\"gpt-5-2-thinking\">\n<div class=\"flex w-full flex-col gap-1 empty:hidden first:pt-[1px]\">\n<div class=\"markdown prose dark:prose-invert w-full break-words light markdown-new-styling\">\n<p data-start=\"4468\" data-end=\"4743\" data-is-last-node=\"\" data-is-only-node=\"\">Stagbar King 40000 (Stagbar King 40K) \u0142adowalny jednorazowy vape z 40 000 suck\u00f3w, siatka grza\u0142ki 1.0\u03a9, regulowany przep\u0142yw powietrza i \u0142adowanie Type-C. Silna sp\u00f3jno\u015b\u0107 smaku, du\u017ca kontrola chmury i konkurencyjna cena dla elektronicznych papieros\u00f3w i sprzeda\u017cy online.<\/p>\n<\/div>\n<\/div>\n<\/div>\n<\/div>\n<div class=\"z-0 flex min-h-[46px] justify-start\"><\/div>\n<\/div>\n<\/div>\n<\/article>\n<\/div>\n<p><strong>Dodaj Amy na WhatsApp, aby uzyska\u0107 w\u0142a\u015bciw\u0105 odpowied\u017a i cen\u0119 z rabatem!<\/strong><\/p>\n<p><img fetchpriority=\"high\" decoding=\"async\" class=\"size-full wp-image-2932\" src=\"https:\/\/vapestornado.com\/wp-content\/uploads\/2024\/12\/Vape-Wholesale.jpg\" alt=\"Hurtowa sprzeda\u017c e-papieros\u00f3w\" width=\"229\" height=\"300\" \/><\/p>\n<h3><a href=\"https:\/\/wa.me\/8617776015835\"><span style=\"color: #ff0000;\"><strong>WhatsApp: +86 17776015835<\/strong><\/span><\/a><\/h3>","protected":false},"featured_media":4440,"comment_status":"open","ping_status":"closed","template":"","meta":{"_acf_changed":false,"_uag_custom_page_level_css":"","_lmt_disableupdate":"no","_lmt_disable":"","_monsterinsights_skip_tracking":false,"_monsterinsights_sitenote_active":false,"_monsterinsights_sitenote_note":"","_monsterinsights_sitenote_category":0,"site-sidebar-layout":"default","site-content-layout":"","ast-site-content-layout":"default","site-content-style":"default","site-sidebar-style":"default","ast-global-header-display":"","ast-banner-title-visibility":"","ast-main-header-display":"","ast-hfb-above-header-display":"","ast-hfb-below-header-display":"","ast-hfb-mobile-header-display":"","site-post-title":"","ast-breadcrumbs-content":"","ast-featured-img":"","footer-sml-layout":"","ast-disable-related-posts":"","theme-transparent-header-meta":"default","adv-header-id-meta":"","stick-header-meta":"","header-above-stick-meta":"","header-main-stick-meta":"","header-below-stick-meta":"","astra-migrate-meta-layouts":"set","ast-page-background-enabled":"default","ast-page-background-meta":{"desktop":{"background-color":"","background-image":"","background-repeat":"repeat","background-position":"center center","background-size":"auto","background-attachment":"scroll","background-type":"","background-media":"","overlay-type":"","overlay-color":"","overlay-opacity":"","overlay-gradient":""},"tablet":{"background-color":"","background-image":"","background-repeat":"repeat","background-position":"center center","background-size":"auto","background-attachment":"scroll","background-type":"","background-media":"","overlay-type":"","overlay-color":"","overlay-opacity":"","overlay-gradient":""},"mobile":{"background-color":"","background-image":"","background-repeat":"repeat","background-position":"center center","background-size":"auto","background-attachment":"scroll","background-type":"","background-media":"","overlay-type":"","overlay-color":"","overlay-opacity":"","overlay-gradient":""}},"ast-content-background-meta":{"desktop":{"background-color":"var(--ast-global-color-5)","background-image":"","background-repeat":"repeat","background-position":"center center","background-size":"auto","background-attachment":"scroll","background-type":"","background-media":"","overlay-type":"","overlay-color":"","overlay-opacity":"","overlay-gradient":""},"tablet":{"background-color":"var(--ast-global-color-5)","background-image":"","background-repeat":"repeat","background-position":"center center","background-size":"auto","background-attachment":"scroll","background-type":"","background-media":"","overlay-type":"","overlay-color":"","overlay-opacity":"","overlay-gradient":""},"mobile":{"background-color":"var(--ast-global-color-5)","background-image":"","background-repeat":"repeat","background-position":"center center","background-size":"auto","background-attachment":"scroll","background-type":"","background-media":"","overlay-type":"","overlay-color":"","overlay-opacity":"","overlay-gradient":""}},"_joinchat":[]},"product_brand":[],"product_cat":[65,152,156,142,492,357,146],"product_tag":[396,368,390,401,400,393,397],"class_list":{"0":"post-4446","1":"product","2":"type-product","3":"status-publish","4":"has-post-thumbnail","6":"product_cat-40000-puff","7":"product_cat-buy-disposable-vapes-in-cermany","8":"product_cat-buy-disposable-vapes-in-poland","9":"product_cat-digital-box-disposable-vapes","10":"product_cat-eu-warehouse","11":"product_cat-flavor-adjustable-vape","12":"product_cat-rechargeable-disposable-vapes","13":"product_tag-disposable-cigarette","14":"product_tag-disposable-vapor","15":"product_tag-online-vape-shop","16":"product_tag-stag-bar-king-40k","17":"product_tag-stagbar-king-40000","18":"product_tag-vape-cartridge","19":"product_tag-vapor","20":"desktop-align-left","21":"tablet-align-left","22":"mobile-align-left","24":"first","25":"instock","26":"sale","27":"shipping-taxable","28":"purchasable","29":"product-type-simple"},"acf":[],"uagb_featured_image_src":{"full":["https:\/\/vapestornado.com\/wp-content\/uploads\/2025\/10\/Stag-bar-King-40000-40K-Puffs-Disposable-Vape-Pod.webp",800,800,false],"thumbnail":["https:\/\/vapestornado.com\/wp-content\/uploads\/2025\/10\/Stag-bar-King-40000-40K-Puffs-Disposable-Vape-Pod-150x150.webp",150,150,true],"medium":["https:\/\/vapestornado.com\/wp-content\/uploads\/2025\/10\/Stag-bar-King-40000-40K-Puffs-Disposable-Vape-Pod-300x300.webp",300,300,true],"medium_large":["https:\/\/vapestornado.com\/wp-content\/uploads\/2025\/10\/Stag-bar-King-40000-40K-Puffs-Disposable-Vape-Pod-768x768.webp",768,768,true],"large":["https:\/\/vapestornado.com\/wp-content\/uploads\/2025\/10\/Stag-bar-King-40000-40K-Puffs-Disposable-Vape-Pod.webp",800,800,false],"1536x1536":["https:\/\/vapestornado.com\/wp-content\/uploads\/2025\/10\/Stag-bar-King-40000-40K-Puffs-Disposable-Vape-Pod.webp",800,800,false],"2048x2048":["https:\/\/vapestornado.com\/wp-content\/uploads\/2025\/10\/Stag-bar-King-40000-40K-Puffs-Disposable-Vape-Pod.webp",800,800,false],"trp-custom-language-flag":["https:\/\/vapestornado.com\/wp-content\/uploads\/2025\/10\/Stag-bar-King-40000-40K-Puffs-Disposable-Vape-Pod-12x12.webp",12,12,true],"woocommerce_thumbnail":["https:\/\/vapestornado.com\/wp-content\/uploads\/2025\/10\/Stag-bar-King-40000-40K-Puffs-Disposable-Vape-Pod-300x300.webp",300,300,true],"woocommerce_single":["https:\/\/vapestornado.com\/wp-content\/uploads\/2025\/10\/Stag-bar-King-40000-40K-Puffs-Disposable-Vape-Pod-600x600.webp",600,600,true],"woocommerce_gallery_thumbnail":["https:\/\/vapestornado.com\/wp-content\/uploads\/2025\/10\/Stag-bar-King-40000-40K-Puffs-Disposable-Vape-Pod-100x100.webp",100,100,true]},"uagb_author_info":{"display_name":"ESAMY","author_link":"https:\/\/vapestornado.com\/pl\/author\/"},"uagb_comment_info":1,"uagb_excerpt":"Stagbar King 40000 (Stagbar King 40K) rechargeable disposable vape with 40,000 puffs, 1.0\u03a9 mesh coil, adjustable airflow and Type-C charging. Strong flavour consistency, big cloud control, and competitive vaper recargable price for electronic cigarette shop and online sales. Add Amy's whatsapp to get right reply and discount price! WhatsApp: +86 17776015835","_links":{"self":[{"href":"https:\/\/vapestornado.com\/pl\/wp-json\/wp\/v2\/product\/4446","targetHints":{"allow":["GET"]}}],"collection":[{"href":"https:\/\/vapestornado.com\/pl\/wp-json\/wp\/v2\/product"}],"about":[{"href":"https:\/\/vapestornado.com\/pl\/wp-json\/wp\/v2\/types\/product"}],"replies":[{"embeddable":true,"href":"https:\/\/vapestornado.com\/pl\/wp-json\/wp\/v2\/comments?post=4446"}],"wp:featuredmedia":[{"embeddable":true,"href":"https:\/\/vapestornado.com\/pl\/wp-json\/wp\/v2\/media\/4440"}],"wp:attachment":[{"href":"https:\/\/vapestornado.com\/pl\/wp-json\/wp\/v2\/media?parent=4446"}],"wp:term":[{"taxonomy":"product_brand","embeddable":true,"href":"https:\/\/vapestornado.com\/pl\/wp-json\/wp\/v2\/product_brand?post=4446"},{"taxonomy":"product_cat","embeddable":true,"href":"https:\/\/vapestornado.com\/pl\/wp-json\/wp\/v2\/product_cat?post=4446"},{"taxonomy":"product_tag","embeddable":true,"href":"https:\/\/vapestornado.com\/pl\/wp-json\/wp\/v2\/product_tag?post=4446"}],"curies":[{"name":"wp","href":"https:\/\/api.w.org\/{rel}","templated":true}]}}