{"id":4438,"date":"2025-10-20T04:17:46","date_gmt":"2025-10-20T04:17:46","guid":{"rendered":"https:\/\/vapestornado.com\/?post_type=product&#038;p=4438"},"modified":"2025-12-12T09:51:23","modified_gmt":"2025-12-12T09:51:23","slug":"bang-legend-120000-120k-puff-5-in-1-flavor-switch-disposable-vape","status":"publish","type":"product","link":"https:\/\/vapestornado.com\/pl\/product\/bang-legend-120000-120k-puff-5-in-1-flavor-switch-disposable-vape\/","title":{"rendered":"Bang Legend 120000 120 tys. puf\u00f3w 5 w 1 smakowy prze\u0142\u0105cznik jednorazowy e-papieros"},"content":{"rendered":"<h2 data-pm-slice=\"1 1 []\">Jednorazowa e-papieros Bang Legend 120000 \u2014 Bang Legend 120k 5-w-1 Prze\u0142\u0105cznik smak\u00f3w i 120 000 puf\u00f3w<\/h2>\n<p data-start=\"1107\" data-end=\"1364\"><strong data-start=\"103\" data-end=\"125\">Bang Legend 120000<\/strong> to urz\u0105dzenie o du\u017cej pojemno\u015bci <strong data-start=\"145\" data-end=\"160\">E-papieros<\/strong> zaprojektowany dla u\u017cytkownik\u00f3w, kt\u00f3rzy chc\u0105 mie\u0107 jedno urz\u0105dzenie na ca\u0142y miesi\u0105c (i wi\u0119cej), bez konieczno\u015bci ograniczania si\u0119 do jednego smaku. Dostarcza do <strong data-start=\"301\" data-end=\"318\">120 000 zaci\u0105gni\u0119\u0107<\/strong> i dodaje <strong data-start=\"330\" data-end=\"355\">5-w-1 prze\u0142\u0105cznik smak\u00f3w<\/strong> aby mo\u017cna by\u0142o natychmiast prze\u0142\u0105cza\u0107 mi\u0119dzy pi\u0119cioma mieszankami. Silnik z siatk\u0105 <strong data-start=\"407\" data-end=\"427\">cewk\u0105<\/strong> utrzymuje par\u0119 g\u0119st\u0105 i intensywny smak, podczas gdy <strong data-start=\"473\" data-end=\"495\">regulowanym przep\u0142ywem powietrza<\/strong> pozwala na prze\u0142\u0105czanie mi\u0119dzy bardziej zaci\u0105gni\u0119ciem typu MTL a pe\u0142niejszym, bardziej przewiewnym oddechem. The <strong data-start=\"568\" data-end=\"599\">Akumulator \u0142adowany przez Type-C<\/strong> i <strong data-start=\"604\" data-end=\"625\">Inteligentny wy\u015bwietlacz LED<\/strong> zachowuje praktyczno\u015b\u0107: szybkie \u0142adowanie, monitorowanie baterii i p\u0142ynu, i dalsza jazda.<\/p>\n<h3 data-start=\"1136\" data-end=\"1187\">Najwa\u017cniejsze cechy wydajno\u015bci (SEO bogate, skoncentrowane na u\u017cytkowniku)<\/h3>\n<ul data-start=\"1189\" data-end=\"2704\">\n<li data-start=\"1189\" data-end=\"1518\">\n<p data-start=\"1191\" data-end=\"1518\"><strong data-start=\"1191\" data-end=\"1235\">120K wytrzyma\u0142o\u015bci zaprojektowanej na intensywne u\u017cytkowanie.<\/strong> Cyfrowy ekran <strong data-start=\"1240\" data-end=\"1285\">Jednorazowy e-papieros Bang Legend 120000<\/strong> jest skierowany do u\u017cytkownik\u00f3w, kt\u00f3rzy zbyt szybko zu\u017cywaj\u0105 standardowe jednoraz\u00f3wki. W <strong data-start=\"1358\" data-end=\"1403\">Polsce, Niemczech, Hiszpanii, Francji i W\u0142oszech<\/strong>, urz\u0105dzenia tej klasy wygrywaj\u0105, poniewa\u017c zmniejszaj\u0105 konieczno\u015b\u0107 powtarzania zakup\u00f3w i upraszczaj\u0105 codzienne noszenie \u2014 jedna jednostka, d\u0142ugi czas u\u017cytkowania.<\/p>\n<\/li>\n<li data-start=\"1520\" data-end=\"1834\">\n<p data-start=\"1522\" data-end=\"1834\"><strong data-start=\"1522\" data-end=\"1566\">5 smak\u00f3w zapobiega \u201ezm\u0119czeniu tym samym smakiem\u201d.<\/strong> Cyfrowy ekran <strong data-start=\"1571\" data-end=\"1613\">Bang Legend 120k 5-w-1 prze\u0142\u0105cznik smak\u00f3w<\/strong> rozwi\u0105zuje g\u0142\u00f3wn\u0105 s\u0142abo\u015b\u0107 urz\u0105dze\u0144 o ultra wysokiej liczbie puf\u00f3w: nud\u0119. Obracanie smak\u00f3w w sekund\u0119 utrzymuje urz\u0105dzenie przyjemnym w d\u0142u\u017cszym u\u017cytkowaniu, co poprawia wska\u017aniki uko\u0144czenia w rzeczywistych warunkach w por\u00f3wnaniu do bar\u00f3w o jednym smaku i du\u017cej liczbie puf\u00f3w.<\/p>\n<\/li>\n<li data-start=\"1836\" data-end=\"2060\">\n<p data-start=\"1838\" data-end=\"2060\"><strong data-start=\"1838\" data-end=\"1887\">Wydajno\u015b\u0107 cewki z siatki pozostaje g\u0119sta i g\u0142adka.<\/strong> Cyfrowy ekran <strong data-start=\"1892\" data-end=\"1912\">cewk\u0105<\/strong> Rozprowadza ciep\u0142o r\u00f3wnomiernie, wspieraj\u0105c g\u0119sty parowie i mocne dozowanie smaku bez szorstkiego, suchego ci\u0105gni\u0119cia, kt\u00f3re mo\u017ce pojawi\u0107 si\u0119 p\u00f3\u017aniej w \u017cywotno\u015bci urz\u0105dzenia.<\/p>\n<\/li>\n<li data-start=\"2062\" data-end=\"2358\">\n<p data-start=\"2064\" data-end=\"2358\"><strong data-start=\"2064\" data-end=\"2111\">Regulowany przep\u0142yw powietrza dla MTL lub pe\u0142niejszych inhalacji.<\/strong> Kontrola przep\u0142ywu powietrza pozwala na zw\u0119\u017cenie inhalacji dla odczucia podobnego do papierosa lub jej rozszerzenie dla bardziej otwartego wdechu. Ta elastyczno\u015b\u0107 pomaga by\u0142ym palaczom i do\u015bwiadczonym vaperom korzysta\u0107 z tego samego urz\u0105dzenia w r\u00f3\u017cnych sytuacjach \u2014 przerwy w pracy, podr\u00f3\u017ce czy \u017cycie nocne.<\/p>\n<\/li>\n<li data-start=\"2360\" data-end=\"2704\">\n<p data-start=\"2362\" data-end=\"2704\"><strong data-start=\"2362\" data-end=\"2414\">Warto\u015b\u0107 gotowa do hurtowej sprzeda\u017cy przy niskiej cenie za pufni\u0119cie.<\/strong> Dla ka\u017cdego <strong data-start=\"2423\" data-end=\"2447\">Hurtowego sprzedawcy papieros\u00f3w<\/strong> lub detalicznego nabywcy por\u00f3wnuj\u0105cego opcje o du\u017cej pojemno\u015bci, <strong data-start=\"2501\" data-end=\"2523\">Bang Legend 120000<\/strong> jest \u0142atwe do pozycjonowania: ogromna liczba pufni\u0119\u0107, wielo-smakowa zmiana, inteligentny wy\u015bwietlacz i mo\u017cliwo\u015b\u0107 \u0142adowania \u2014 funkcje, kt\u00f3re uzasadniaj\u0105 powtarzalne zapotrzebowanie, jednocze\u015bnie utrzymuj\u0105c atrakcyjny koszt za pufni\u0119cie.<\/p>\n<\/li>\n<\/ul>\n<p><strong><span style=\"color: #ff0000;\">Dodaj Amy do WhatsAppa, aby uzyska\u0107 szybk\u0105 odpowied\u017a i kupon na vape!<\/span><\/strong><\/p>\n<p><img fetchpriority=\"high\" decoding=\"async\" class=\"size-full wp-image-2932\" src=\"https:\/\/vapestornado.com\/wp-content\/uploads\/2024\/12\/Vape-Wholesale.jpg\" alt=\"Hurtowa sprzeda\u017c e-papieros\u00f3w\" width=\"229\" height=\"300\" \/><\/p>\n<h3><a href=\"https:\/\/wa.me\/8617776015835\" target=\"_blank\" rel=\"noopener\"><span style=\"color: #ff0000;\"><strong>WhatsApp: +86 17776015835<\/strong><\/span><\/a><\/h3>\n<p>&nbsp;<\/p>\n<h2><strong>Bang Legend 120000 Paliw 5 w 1 Funkcje Produktu Podkre\u015blenie<\/strong><\/h2>\n<table>\n<thead>\n<tr>\n<th>Funkcja<\/th>\n<th>specyfikacja<\/th>\n<th>szczeg\u00f3\u0142y<\/th>\n<\/tr>\n<\/thead>\n<tbody>\n<tr>\n<td>Nazwa produktu<\/td>\n<td>Bang Legend 120000 \/ Bang Legend 120k<\/td>\n<td>Jednorazowy e-papieros z prze\u0142\u0105cznikiem smak\u00f3w 5-w-1<\/td>\n<\/tr>\n<tr>\n<td>Pojemno\u015b\u0107 zaci\u0105gni\u0119\u0107<\/td>\n<td>Do 120 000 pufni\u0119\u0107<\/td>\n<td>Ultra-d\u0142uga \u017cywotno\u015b\u0107 dla ci\u0119\u017ckich lub cz\u0119stych u\u017cytkownik\u00f3w<\/td>\n<\/tr>\n<tr>\n<td>System Smaku<\/td>\n<td>5-w-1 prze\u0142\u0105cznik smak\u00f3w<\/td>\n<td>Pi\u0119\u0107 wst\u0119pnie za\u0142adowanych smak\u00f3w w jednym urz\u0105dzeniu, natychmiastowa zmiana<\/td>\n<\/tr>\n<tr>\n<td>Typ Grza\u0142ki<\/td>\n<td>Silnik z siatk\u0105 grzewcz\u0105<\/td>\n<td>R\u00f3wnomierne podgrzewanie dla g\u0119stego pary i mocnego smaku<\/td>\n<\/tr>\n<tr>\n<td>\u0141adowanie<\/td>\n<td>\u0142adowane przez Type-C<\/td>\n<td>Szybkie do\u0142adowania, aby utrzyma\u0107 urz\u0105dzenie w u\u017cyciu przez ca\u0142y jego okres u\u017cytkowania<\/td>\n<\/tr>\n<tr>\n<td>Przep\u0142yw Powietrza<\/td>\n<td>Regulowany przep\u0142yw powietrza<\/td>\n<td>Reguluj inhalacj\u0119 od bardziej zw\u0119\u017conego MTL do bardziej otwartego wdechu<\/td>\n<\/tr>\n<tr>\n<td>Wy\u015bwietlacz<\/td>\n<td>Inteligentny ekran LED<\/td>\n<td>Wyra\u017anie pokazuje poziom baterii i e-liquidu<\/td>\n<\/tr>\n<tr>\n<td>Pozycjonowanie<\/td>\n<td>Detal + hurt<\/td>\n<td>Zaprojektowane dla kategorii switch vape o du\u017cym obrocie i zam\u00f3wie\u0144 hurtowych<\/td>\n<\/tr>\n<\/tbody>\n<\/table>\n<figure id=\"attachment_4437\" aria-describedby=\"caption-attachment-4437\" style=\"width: 300px\" class=\"wp-caption alignnone\"><img decoding=\"async\" class=\"size-medium wp-image-4437\" src=\"https:\/\/vapestornado.com\/wp-content\/uploads\/2025\/10\/Newest-Bang-Legend-120K-Puff-5-In-1-Flavor-Switch-Vape-Cheap-Price-300x300.webp\" alt=\"Najnowszy Bang Legend 120K Paliw 5 w 1 Switch Smakowy Waporyzator w Niskiej Cenie\" width=\"300\" height=\"300\" srcset=\"https:\/\/vapestornado.com\/wp-content\/uploads\/2025\/10\/Newest-Bang-Legend-120K-Puff-5-In-1-Flavor-Switch-Vape-Cheap-Price-300x300.webp 300w, https:\/\/vapestornado.com\/wp-content\/uploads\/2025\/10\/Newest-Bang-Legend-120K-Puff-5-In-1-Flavor-Switch-Vape-Cheap-Price-150x150.webp 150w, https:\/\/vapestornado.com\/wp-content\/uploads\/2025\/10\/Newest-Bang-Legend-120K-Puff-5-In-1-Flavor-Switch-Vape-Cheap-Price-768x768.webp 768w, https:\/\/vapestornado.com\/wp-content\/uploads\/2025\/10\/Newest-Bang-Legend-120K-Puff-5-In-1-Flavor-Switch-Vape-Cheap-Price-12x12.webp 12w, https:\/\/vapestornado.com\/wp-content\/uploads\/2025\/10\/Newest-Bang-Legend-120K-Puff-5-In-1-Flavor-Switch-Vape-Cheap-Price-600x600.webp 600w, https:\/\/vapestornado.com\/wp-content\/uploads\/2025\/10\/Newest-Bang-Legend-120K-Puff-5-In-1-Flavor-Switch-Vape-Cheap-Price-100x100.webp 100w, https:\/\/vapestornado.com\/wp-content\/uploads\/2025\/10\/Newest-Bang-Legend-120K-Puff-5-In-1-Flavor-Switch-Vape-Cheap-Price.webp 800w\" sizes=\"(max-width: 300px) 100vw, 300px\" \/><figcaption id=\"caption-attachment-4437\" class=\"wp-caption-text\">Najnowszy Bang Legend 120K Paliw 5 w 1 Switch Smakowy Waporyzator w Niskiej Cenie<\/figcaption><\/figure>\n<figure id=\"attachment_4435\" aria-describedby=\"caption-attachment-4435\" style=\"width: 300px\" class=\"wp-caption alignnone\"><img decoding=\"async\" class=\"size-medium wp-image-4435\" src=\"https:\/\/vapestornado.com\/wp-content\/uploads\/2025\/10\/Bang-Legend-120000-Puff-120k-Disposable-Pod-300x300.webp\" alt=\"Bang Legend 120000 Paliw 120k Jednorazowy Pod\" width=\"300\" height=\"300\" srcset=\"https:\/\/vapestornado.com\/wp-content\/uploads\/2025\/10\/Bang-Legend-120000-Puff-120k-Disposable-Pod-300x300.webp 300w, https:\/\/vapestornado.com\/wp-content\/uploads\/2025\/10\/Bang-Legend-120000-Puff-120k-Disposable-Pod-150x150.webp 150w, https:\/\/vapestornado.com\/wp-content\/uploads\/2025\/10\/Bang-Legend-120000-Puff-120k-Disposable-Pod-768x768.webp 768w, https:\/\/vapestornado.com\/wp-content\/uploads\/2025\/10\/Bang-Legend-120000-Puff-120k-Disposable-Pod-12x12.webp 12w, https:\/\/vapestornado.com\/wp-content\/uploads\/2025\/10\/Bang-Legend-120000-Puff-120k-Disposable-Pod-600x600.webp 600w, https:\/\/vapestornado.com\/wp-content\/uploads\/2025\/10\/Bang-Legend-120000-Puff-120k-Disposable-Pod-100x100.webp 100w, https:\/\/vapestornado.com\/wp-content\/uploads\/2025\/10\/Bang-Legend-120000-Puff-120k-Disposable-Pod.webp 800w\" sizes=\"(max-width: 300px) 100vw, 300px\" \/><figcaption id=\"caption-attachment-4435\" class=\"wp-caption-text\">Bang Legend 120000 Paliw 120k Jednorazowy Pod<\/figcaption><\/figure>\n<h2 class=\"product-title\"><strong>Bang Legend 120000 Paliw 5 w 1 Lista Smak\u00f3w<\/strong><\/h2>\n<p>1. Nap\u00f3j energetyczny \/ Jagoda Wi\u015bnia \/ Jab\u0142ko Winogrono \/ Arbuz Smoczy Owoc \/ Mamba<\/p>\n<p>2. Nap\u00f3j energetyczny \/ Brzoskwinia z Lodem \/ Mango z Lodem \/ Goji \/ Czarna Porzeczka<\/p>\n<p>3. Jagoda Malina \/ Brzoskwinia Mango Arbuz \/ Coca Wi\u015bniowa \/ Winogrona Czarna Porzeczka L\u00f3d \/ Mango Brzoskwinia Morela.<\/p>\n<p>4. Jagoda Malina \/ Czarny Smok L\u00f3d \/ T\u0119czowa Cukierki \/ Fuji L\u00f3d \/ Arbuz Kwa\u015bna Brzoskwinia<\/p>\n<p>5. Jagoda Malina L\u00f3d \/ Kiwi Passion Fruit Guava \/ Potr\u00f3jna Melon \/ Brzoskwinia Ananas \/ Nami\u0119tne Ca\u0142owanie<\/p>\n<p>6. Jagoda Malina L\u00f3d \/ Arbuzowa Guma Balonowa \/ Kwa\u015bne Jab\u0142ko Malina \/ Lotosowy Owoc Mango Melon \/ Passion Fruit Kiwi Lime<\/p>\n<p>7. Arbuzowa L\u00f3d \/ Mieszane Jagody \/ Jab\u0142ko Gruszka \/ Mi\u0119ta Jagoda Malina \/ Lato<\/p>\n<p>8. Arbuzowa L\u00f3d \/ Truskawka Mango \/ Kalifornijska Wi\u015bnia \/ Jagoda Brzoskwinia L\u00f3d \/ Berry Cool<\/p>\n<p>9. Truskawka Arbuz \/ Winogrona L\u00f3d \/ Czerwony Mojito \/ Banan L\u00f3d \/ Cytryna Lime<\/p>\n<p>10. Truskawka Arbuz \/ Kantalupa Jab\u0142ko \/ Cola L\u00f3d \/ Mango Brzoskwinia \/ Love 66<\/p>\n<p>11. Truskawka Kiwi \/ Truskawka Banan \/ Lody Lichee \/ Arbuzowe Jagody \/ Passion Fruit Mango<\/p>\n<p>12. Truskawka Kiwi \/ Jagoda Arbuz \/ Foka Fudge \/ Guma Balonowa Jagoda \/ Kwa\u015bne Mango Ananas<\/p>\n<p>&nbsp;<\/p>\n<div class=\"flex-shrink-0 flex flex-col relative items-end\">\n<div class=\"pt-0\">\n<div class=\"gizmo-bot-avatar flex h-8 w-8 items-center justify-center overflow-hidden rounded-full\">\n<div class=\"relative p-1 rounded-sm flex items-center justify-center bg-token-main-surface-primary text-token-text-primary h-8 w-8\">\n<h2 data-start=\"1200\" data-end=\"1487\">Vapes Tornado \u2013 Tw\u00f3j hurtowy sklep internetowy z najlepszymi markami vape<\/h2>\n<p data-start=\"1200\" data-end=\"1487\"><strong data-start=\"141\" data-end=\"177\">Sklep internetowy z e-papierosami Vapes Tornado<\/strong> jest Twoim zaufanym \u017ar\u00f3d\u0142em <strong data-start=\"205\" data-end=\"270\">premiumowe jednorazowe vape i hurtowe e-papierosy w Europie<\/strong>. W ofercie mamy najlepiej sprzedaj\u0105ce si\u0119 marki, takie jak <strong data-start=\"307\" data-end=\"362\"><a href=\"https:\/\/vapestornado.com\/pl\/product\/randm-12000-puffs-fumot-digital-disposable-vape-wholesale-price\/\">Fumot Waporyzator<\/a>, <a href=\"https:\/\/vapestornado.com\/pl\/product\/waspe-150k-150000-puff-6-in-1-disposable-vape-pen-cartridge-best-wholesale-price-in-poland\/\">WASPE VAPE<\/a>, <\/strong><strong data-start=\"307\" data-end=\"362\"><a href=\"https:\/\/vapestornado.com\/pl\/product\/vozol-gear-shisha-25k-25000-puffs-best-dtl-disposable-vape-hookah-cheap-price\/\">VOZOL BAR VAPE<\/a>, \u00a0 Bang Vape<\/strong>, i wi\u0119cej, zapewniaj\u0105c jako\u015b\u0107 i r\u00f3\u017cnorodno\u015b\u0107 dla ka\u017cdego klienta. Niezale\u017cnie od tego, czy jeste\u015b indywidualnym vaperem, czy hurtowym nabywc\u0105, dostarczamy <strong data-start=\"481\" data-end=\"550\">urz\u0105dzenia wysokiej wydajno\u015bci, stylowe wzory i konkurencyjne ceny<\/strong> spe\u0142niaj\u0105ce Twoje potrzeby.<\/p>\n<h2 data-start=\"2064\" data-end=\"2115\">Najcz\u0119\u015bciej zadawane pytania dotycz\u0105ce Bang Legend 120000 Puff Switch Vape<\/h2>\n<ol data-start=\"3569\" data-end=\"4841\">\n<li data-start=\"3569\" data-end=\"3838\">\n<p data-start=\"3572\" data-end=\"3838\"><strong data-start=\"3572\" data-end=\"3675\">Jak Bang Legend 120000 5-w-1 smakowy jednorazowy vape utrzymuje przyjemno\u015b\u0107 podczas d\u0142ugiego u\u017cytkowania?<\/strong><br data-start=\"3675\" data-end=\"3678\" \/>Pi\u0119\u0107 wbudowanych smak\u00f3w zapobiega monotonii. Zmiana mieszanek utrzymuje smak \u015bwie\u017cy, co jest kluczowe w urz\u0105dzeniu zaprojektowanym na znacznie d\u0142u\u017cszy czas u\u017cytkowania ni\u017c typowe jednoraz\u00f3wki.<\/p>\n<\/li>\n<li data-start=\"3840\" data-end=\"4081\">\n<p data-start=\"3843\" data-end=\"4081\"><strong data-start=\"3843\" data-end=\"3943\">Czy silnik z siatk\u0105 cewki Bang Legend 120k pomaga utrzyma\u0107 g\u0119sto\u015b\u0107 pary przy du\u017cej liczbie puf\u00f3w?<\/strong><br data-start=\"3943\" data-end=\"3946\" \/>Tak. Cewki z siatk\u0105 rozprowadzaj\u0105 ciep\u0142o bardziej r\u00f3wnomiernie ni\u017c podstawowe cewki drutowe, wspieraj\u0105c p\u0142ynn\u0105 par\u0119 i sta\u0142y smak nawet podczas d\u0142ugotrwa\u0142ego u\u017cytkowania.<\/p>\n<\/li>\n<li data-start=\"4083\" data-end=\"4341\">\n<p data-start=\"4086\" data-end=\"4341\"><strong data-start=\"4086\" data-end=\"4190\">Jaka jest praktyczna korzy\u015b\u0107 z regulowanego przep\u0142ywu powietrza w jednorazowym e-papierosie Bang Legend 120000?<\/strong><br data-start=\"4190\" data-end=\"4193\" \/>Pozwala na zw\u0119\u017cenie wlotu powietrza dla stylu poci\u0105gni\u0119cia jak z papierosa lub jego rozszerzenie dla pe\u0142niejszego wdechu, dzi\u0119ki czemu urz\u0105dzenie pasuje do r\u00f3\u017cnych rutyn bez dodatkowego sprz\u0119tu.<\/p>\n<\/li>\n<li data-start=\"4343\" data-end=\"4562\">\n<p data-start=\"4346\" data-end=\"4562\"><strong data-start=\"4346\" data-end=\"4433\">Czy konieczna jest \u0142adowalno\u015b\u0107 przez Type-C w urz\u0105dzeniu na 120 000 puf\u00f3w, takim jak Bang Legend 120k?<\/strong><br data-start=\"4433\" data-end=\"4436\" \/>Absolutnie. \u0141adowalno\u015b\u0107 zapobiega wczesnemu wyrzucaniu z powodu niskiego poziomu baterii, pomagaj\u0105c urz\u0105dzeniu osi\u0105gn\u0105\u0107 pe\u0142ny zamierzony okres u\u017cytkowania.<\/p>\n<\/li>\n<li data-start=\"4564\" data-end=\"4841\">\n<p data-start=\"4567\" data-end=\"4841\"><strong data-start=\"4567\" data-end=\"4674\">Dlaczego hurtownicy papieros\u00f3w oceniaj\u0105 Bang Legend 120000 jako mocn\u0105, tani\u0105 opcj\u0119 na puf za sztuk\u0119?<\/strong><br data-start=\"4674\" data-end=\"4677\" \/>Poniewa\u017c bardzo du\u017ca liczba puf\u00f3w, wielo-smakowa zmiana i \u0142adowalny design sprawiaj\u0105, \u017ce koszt na puf jest konkurencyjny, a zestaw funkcji utrzymuje wysokie zainteresowanie konsument\u00f3w.<\/p>\n<\/li>\n<\/ol>\n<\/div>\n<\/div>\n<\/div>\n<\/div>","protected":false},"excerpt":{"rendered":"<div class=\"flex flex-col text-sm @w-xl\/main:pt-header-height pb-25\">\n<article class=\"text-token-text-primary w-full focus:outline-none [--shadow-height:45px] has-data-writing-block:pointer-events-none has-data-writing-block:-mt-(--shadow-height) has-data-writing-block:pt-(--shadow-height) [&amp;:has([data-writing-block])&gt;*]:pointer-events-auto scroll-mt-[calc(var(--header-height)+min(200px,max(70px,20svh)))]\" dir=\"auto\" tabindex=\"-1\" data-turn-id=\"1216eed0-d089-4251-926f-eb67c4e27f78\" data-testid=\"conversation-turn-54\" data-scroll-anchor=\"true\" data-turn=\"assistant\">\n<div class=\"text-base my-auto mx-auto pb-10 [--thread-content-margin:--spacing(4)] @w-sm\/main:[--thread-content-margin:--spacing(6)] @w-lg\/main:[--thread-content-margin:--spacing(16)] px-(--thread-content-margin)\">\n<div class=\"[--thread-content-max-width:40rem] @w-lg\/main:[--thread-content-max-width:48rem] mx-auto max-w-(--thread-content-max-width) flex-1 group\/turn-messages focus-visible:outline-hidden relative flex w-full min-w-0 flex-col agent-turn\" tabindex=\"-1\">\n<div class=\"flex max-w-full flex-col grow\">\n<div class=\"min-h-8 text-message relative flex w-full flex-col items-end gap-2 text-start break-words whitespace-normal [.text-message+&amp;]:mt-1\" dir=\"auto\" data-message-author-role=\"assistant\" data-message-id=\"d248b401-75f3-45e9-8935-fcbc0a13d11e\" data-message-model-slug=\"gpt-5-2-thinking\">\n<div class=\"flex w-full flex-col gap-1 empty:hidden first:pt-[1px]\">\n<div class=\"markdown prose dark:prose-invert w-full break-words light markdown-new-styling\">\n<p data-start=\"4871\" data-end=\"5142\" data-is-last-node=\"\" data-is-only-node=\"\">Bang Legend 120000 (Bang Legend 120k) jednorazowy e-papieros z 120 000 puffs, prze\u0142\u0105cznik smak\u00f3w 5-w-1, silnik z grza\u0142k\u0105 mesh, regulowany przep\u0142yw powietrza, \u0142adowanie Type-C i inteligentny wy\u015bwietlacz LED. Cena hurtowa przyjazna dla sprzedawc\u00f3w hurtowych i sklep\u00f3w z e-papierosami w UE.<\/p>\n<\/div>\n<\/div>\n<\/div>\n<\/div>\n<\/div>\n<\/div>\n<\/article>\n<\/div>\n<p><strong>Dodaj Amy na WhatsApp, aby uzyska\u0107 w\u0142a\u015bciw\u0105 odpowied\u017a i cen\u0119 z rabatem!<\/strong><\/p>\n<p><img fetchpriority=\"high\" decoding=\"async\" class=\"size-full wp-image-2932\" src=\"https:\/\/vapestornado.com\/wp-content\/uploads\/2024\/12\/Vape-Wholesale.jpg\" alt=\"Hurtowa sprzeda\u017c e-papieros\u00f3w\" width=\"229\" height=\"300\" \/><\/p>\n<h3><a href=\"https:\/\/wa.me\/8617776015835\"><span style=\"color: #ff0000;\"><strong>WhatsApp: +86 17776015835<\/strong><\/span><\/a><\/h3>","protected":false},"featured_media":4432,"comment_status":"open","ping_status":"closed","template":"","meta":{"_acf_changed":false,"_uag_custom_page_level_css":"","_lmt_disableupdate":"no","_lmt_disable":"","_monsterinsights_skip_tracking":false,"_monsterinsights_sitenote_active":false,"_monsterinsights_sitenote_note":"","_monsterinsights_sitenote_category":0,"site-sidebar-layout":"default","site-content-layout":"","ast-site-content-layout":"default","site-content-style":"default","site-sidebar-style":"default","ast-global-header-display":"","ast-banner-title-visibility":"","ast-main-header-display":"","ast-hfb-above-header-display":"","ast-hfb-below-header-display":"","ast-hfb-mobile-header-display":"","site-post-title":"","ast-breadcrumbs-content":"","ast-featured-img":"","footer-sml-layout":"","ast-disable-related-posts":"","theme-transparent-header-meta":"default","adv-header-id-meta":"","stick-header-meta":"","header-above-stick-meta":"","header-main-stick-meta":"","header-below-stick-meta":"","astra-migrate-meta-layouts":"set","ast-page-background-enabled":"default","ast-page-background-meta":{"desktop":{"background-color":"","background-image":"","background-repeat":"repeat","background-position":"center center","background-size":"auto","background-attachment":"scroll","background-type":"","background-media":"","overlay-type":"","overlay-color":"","overlay-opacity":"","overlay-gradient":""},"tablet":{"background-color":"","background-image":"","background-repeat":"repeat","background-position":"center center","background-size":"auto","background-attachment":"scroll","background-type":"","background-media":"","overlay-type":"","overlay-color":"","overlay-opacity":"","overlay-gradient":""},"mobile":{"background-color":"","background-image":"","background-repeat":"repeat","background-position":"center center","background-size":"auto","background-attachment":"scroll","background-type":"","background-media":"","overlay-type":"","overlay-color":"","overlay-opacity":"","overlay-gradient":""}},"ast-content-background-meta":{"desktop":{"background-color":"var(--ast-global-color-5)","background-image":"","background-repeat":"repeat","background-position":"center center","background-size":"auto","background-attachment":"scroll","background-type":"","background-media":"","overlay-type":"","overlay-color":"","overlay-opacity":"","overlay-gradient":""},"tablet":{"background-color":"var(--ast-global-color-5)","background-image":"","background-repeat":"repeat","background-position":"center center","background-size":"auto","background-attachment":"scroll","background-type":"","background-media":"","overlay-type":"","overlay-color":"","overlay-opacity":"","overlay-gradient":""},"mobile":{"background-color":"var(--ast-global-color-5)","background-image":"","background-repeat":"repeat","background-position":"center center","background-size":"auto","background-attachment":"scroll","background-type":"","background-media":"","overlay-type":"","overlay-color":"","overlay-opacity":"","overlay-gradient":""}},"_joinchat":[]},"product_brand":[],"product_cat":[347,62,152,156,142,357,146],"product_tag":[398,399,396,368,390,393,386,397],"class_list":{"0":"post-4438","1":"product","2":"type-product","3":"status-publish","4":"has-post-thumbnail","6":"product_cat-120000-puff","7":"product_cat-bang-vape","8":"product_cat-buy-disposable-vapes-in-cermany","9":"product_cat-buy-disposable-vapes-in-poland","10":"product_cat-digital-box-disposable-vapes","11":"product_cat-flavor-adjustable-vape","12":"product_cat-rechargeable-disposable-vapes","13":"product_tag-bang-legend-120000","14":"product_tag-bang-legend-120k","15":"product_tag-disposable-cigarette","16":"product_tag-disposable-vapor","17":"product_tag-online-vape-shop","18":"product_tag-vape-cartridge","19":"product_tag-vape-pen","20":"product_tag-vapor","21":"desktop-align-left","22":"tablet-align-left","23":"mobile-align-left","25":"first","26":"instock","27":"sale","28":"shipping-taxable","29":"purchasable","30":"product-type-simple"},"acf":[],"uagb_featured_image_src":{"full":["https:\/\/vapestornado.com\/wp-content\/uploads\/2025\/10\/BANG-LEGEND-120K-Puffs-Screen-Disposable-Vape.webp",800,800,false],"thumbnail":["https:\/\/vapestornado.com\/wp-content\/uploads\/2025\/10\/BANG-LEGEND-120K-Puffs-Screen-Disposable-Vape-150x150.webp",150,150,true],"medium":["https:\/\/vapestornado.com\/wp-content\/uploads\/2025\/10\/BANG-LEGEND-120K-Puffs-Screen-Disposable-Vape-300x300.webp",300,300,true],"medium_large":["https:\/\/vapestornado.com\/wp-content\/uploads\/2025\/10\/BANG-LEGEND-120K-Puffs-Screen-Disposable-Vape-768x768.webp",768,768,true],"large":["https:\/\/vapestornado.com\/wp-content\/uploads\/2025\/10\/BANG-LEGEND-120K-Puffs-Screen-Disposable-Vape.webp",800,800,false],"1536x1536":["https:\/\/vapestornado.com\/wp-content\/uploads\/2025\/10\/BANG-LEGEND-120K-Puffs-Screen-Disposable-Vape.webp",800,800,false],"2048x2048":["https:\/\/vapestornado.com\/wp-content\/uploads\/2025\/10\/BANG-LEGEND-120K-Puffs-Screen-Disposable-Vape.webp",800,800,false],"trp-custom-language-flag":["https:\/\/vapestornado.com\/wp-content\/uploads\/2025\/10\/BANG-LEGEND-120K-Puffs-Screen-Disposable-Vape-12x12.webp",12,12,true],"woocommerce_thumbnail":["https:\/\/vapestornado.com\/wp-content\/uploads\/2025\/10\/BANG-LEGEND-120K-Puffs-Screen-Disposable-Vape-300x300.webp",300,300,true],"woocommerce_single":["https:\/\/vapestornado.com\/wp-content\/uploads\/2025\/10\/BANG-LEGEND-120K-Puffs-Screen-Disposable-Vape-600x600.webp",600,600,true],"woocommerce_gallery_thumbnail":["https:\/\/vapestornado.com\/wp-content\/uploads\/2025\/10\/BANG-LEGEND-120K-Puffs-Screen-Disposable-Vape-100x100.webp",100,100,true]},"uagb_author_info":{"display_name":"ESAMY","author_link":"https:\/\/vapestornado.com\/pl\/author\/"},"uagb_comment_info":0,"uagb_excerpt":"Bang Legend 120000 (Bang Legend 120k) disposable E-cigarette with 120,000 puffs, 5-in-1 flavour switch, mesh coil engine, adjustable airflow, Type-C recharge and LED smart display. Wholesale-friendly cheap price per puff option for Cigarette wholesaler and EU vape shops. Add Amy's whatsapp to get right reply and discount price! WhatsApp: +86 17776015835","_links":{"self":[{"href":"https:\/\/vapestornado.com\/pl\/wp-json\/wp\/v2\/product\/4438","targetHints":{"allow":["GET"]}}],"collection":[{"href":"https:\/\/vapestornado.com\/pl\/wp-json\/wp\/v2\/product"}],"about":[{"href":"https:\/\/vapestornado.com\/pl\/wp-json\/wp\/v2\/types\/product"}],"replies":[{"embeddable":true,"href":"https:\/\/vapestornado.com\/pl\/wp-json\/wp\/v2\/comments?post=4438"}],"wp:featuredmedia":[{"embeddable":true,"href":"https:\/\/vapestornado.com\/pl\/wp-json\/wp\/v2\/media\/4432"}],"wp:attachment":[{"href":"https:\/\/vapestornado.com\/pl\/wp-json\/wp\/v2\/media?parent=4438"}],"wp:term":[{"taxonomy":"product_brand","embeddable":true,"href":"https:\/\/vapestornado.com\/pl\/wp-json\/wp\/v2\/product_brand?post=4438"},{"taxonomy":"product_cat","embeddable":true,"href":"https:\/\/vapestornado.com\/pl\/wp-json\/wp\/v2\/product_cat?post=4438"},{"taxonomy":"product_tag","embeddable":true,"href":"https:\/\/vapestornado.com\/pl\/wp-json\/wp\/v2\/product_tag?post=4438"}],"curies":[{"name":"wp","href":"https:\/\/api.w.org\/{rel}","templated":true}]}}