{"id":4430,"date":"2025-10-15T09:50:23","date_gmt":"2025-10-15T09:50:23","guid":{"rendered":"https:\/\/vapestornado.com\/?post_type=product&#038;p=4430"},"modified":"2025-10-31T09:51:16","modified_gmt":"2025-10-31T09:51:16","slug":"fihp-120k-6-in1-multi-flavors-120000-puff-disposable-vape-pen-cheap-price","status":"publish","type":"product","link":"https:\/\/vapestornado.com\/pl\/product\/fihp-120k-6-in1-multi-flavors-120000-puff-disposable-vape-pen-cheap-price\/","title":{"rendered":"FIHP 120K 6 w 1 Wielo Smak\u00f3w Jednorazowy Vape Pen 120000 Puf\u00f3w w Niskiej Cenie"},"content":{"rendered":"<h2 data-pm-slice=\"1 1 []\">FIHP 120K 6-w-1 wielosmakowy jednorazowy e-papieros 120000 zaci\u0105gni\u0119\u0107 \u2014 Najlepsze tanie e-papierosy w Polsce<\/h2>\n<p data-start=\"104\" data-end=\"592\">Cyfrowy ekran <strong data-start=\"108\" data-end=\"146\">FIHP 120K jednorazowy e-papieros<\/strong> zaprojektowany dla tych, kt\u00f3rzy chc\u0105 ogromnej mocy, bogatego smaku i prawdziwej r\u00f3\u017cnorodno\u015bci w jednym eleganckim designie. Dostarcza niesamowite <strong data-start=\"272\" data-end=\"288\">120000 zaci\u0105gni\u0119\u0107<\/strong>, to <strong data-start=\"295\" data-end=\"315\">FIHP 120000 zaci\u0105gni\u0119\u0107<\/strong> urz\u0105dzenie jest wst\u0119pnie nape\u0142nione <strong data-start=\"344\" data-end=\"372\">64 ml wysokiej jako\u015bci e-liquidem<\/strong> i <strong data-start=\"379\" data-end=\"416\">6-w-1 system prze\u0142\u0105czania smak\u00f3w<\/strong>, daj\u0105c u\u017cytkownikom sze\u015b\u0107 \u017cywych opcji smakowych w jednym e-papierosie. To idealny wyb\u00f3r dla polskich hurtownik\u00f3w i m\u0142odych vaper\u00f3w poszukuj\u0105cych <strong data-start=\"543\" data-end=\"558\">tanie e-papierosy<\/strong> kt\u00f3rzy nigdy nie rezygnuj\u0105 z jako\u015bci.<\/p>\n<p data-start=\"594\" data-end=\"1161\">Zasilany przez <strong data-start=\"607\" data-end=\"638\">akumulator o pojemno\u015bci 650 mAh<\/strong> i wyposa\u017cony w <strong data-start=\"657\" data-end=\"681\">Szybkie \u0142adowanie typu C<\/strong>, <strong data-start=\"687\" data-end=\"714\">FIHP 120k zaci\u0105gni\u0119\u0107 e-papieros<\/strong> zapewnia nieprzerwane wapowanie przez ca\u0142y dzie\u0144. Urz\u0105dzenie <strong data-start=\"757\" data-end=\"775\">podw\u00f3jna grza\u0142ka siatkowa<\/strong> dostarcza g\u0119stej pary i intensywnego smaku od pierwszego do ostatniego zaci\u0105gni\u0119cia, podczas gdy <strong data-start=\"860\" data-end=\"881\">inteligentny wy\u015bwietlacz LED<\/strong> pokazuje poziom baterii i e-liquidu w czasie rzeczywistym. Z <strong data-start=\"932\" data-end=\"970\">opcje mocy nikotyny 2% i 5%<\/strong>, to urz\u0105dzenie idealnie \u0142\u0105czy wydajno\u015b\u0107, satysfakcj\u0119 i przyst\u0119pno\u015b\u0107 \u2014 czyni\u0105c je jednym z <strong data-start=\"1071\" data-end=\"1084\">najlepszych e-papieros\u00f3w<\/strong> opcje zar\u00f3wno dla u\u017cytkownik\u00f3w okazjonalnych, jak i detalist\u00f3w chc\u0105cych zwi\u0119kszy\u0107 mar\u017ce zysku.<\/p>\n<p data-start=\"1163\" data-end=\"1524\">Stylowy, trwa\u0142y i pe\u0142en funkcji, <strong data-start=\"1211\" data-end=\"1251\">FIHP 120K jednorazowy d\u0142ugopis do waporyzacji 6 w 1<\/strong> prze\u0142amuje definicj\u0119 jednorazowego urz\u0105dzenia o du\u017cej pojemno\u015bci. Niezale\u017cnie od tego, czy do osobistej przyjemno\u015bci, czy hurtowej dostawy, ten waporyzator dostarcza moc, smak i warto\u015b\u0107, kt\u00f3rych oczekuje polska spo\u0142eczno\u015b\u0107 vape. Dost\u0119pny teraz w najlepszej cenie hurtowej przez Vapestornado<strong data-start=\"1493\" data-end=\"1523\">\u00a0internetowym sklepie z e-papierosami<\/strong>.<\/p>\n<p><strong><span style=\"color: #ff0000;\">Dodaj Amy do WhatsAppa, aby uzyska\u0107 szybk\u0105 odpowied\u017a i kupon na vape!<\/span><\/strong><\/p>\n<p><img fetchpriority=\"high\" decoding=\"async\" class=\"size-full wp-image-2932\" src=\"https:\/\/vapestornado.com\/wp-content\/uploads\/2024\/12\/Vape-Wholesale.jpg\" alt=\"Hurtowa sprzeda\u017c e-papieros\u00f3w\" width=\"229\" height=\"300\" \/><\/p>\n<h3><a href=\"https:\/\/wa.me\/8617776015835\" target=\"_blank\" rel=\"noopener\"><span style=\"color: #ff0000;\"><strong>WhatsApp: +86 17776015835<\/strong><\/span><\/a><\/h3>\n<p>&nbsp;<\/p>\n<h2><strong>FIHP 120K Puff 6 w 1 Cechy produktu<\/strong><\/h2>\n<ul>\n<li data-start=\"1555\" data-end=\"1630\">\n<p data-start=\"1557\" data-end=\"1630\"><strong data-start=\"1557\" data-end=\"1574\">120000 zaci\u0105gni\u0119\u0107:<\/strong> D\u0142ugotrwa\u0142a wydajno\u015b\u0107 dla sta\u0142ej satysfakcji.<\/p>\n<\/li>\n<li data-start=\"1631\" data-end=\"1728\">\n<p data-start=\"1633\" data-end=\"1728\"><strong data-start=\"1633\" data-end=\"1658\">System smak\u00f3w 6 w 1:<\/strong> Natychmiastowa zmiana mi\u0119dzy sze\u015bcioma nape\u0142nionymi smakami dla nieprzerwanej r\u00f3\u017cnorodno\u015bci.<\/p>\n<\/li>\n<li data-start=\"1729\" data-end=\"1799\">\n<p data-start=\"1731\" data-end=\"1799\"><strong data-start=\"1731\" data-end=\"1758\">Pojemno\u015b\u0107 e-liquidu 64 ml:<\/strong> Bardzo du\u017cy zbiornik zapewnia tygodnie u\u017cytkowania.<\/p>\n<\/li>\n<li data-start=\"1800\" data-end=\"1885\">\n<p data-start=\"1802\" data-end=\"1885\"><strong data-start=\"1802\" data-end=\"1834\">Akumulator 650 mAh:<\/strong> Kompaktowy i wydajny z szybkim \u0142adowaniem Type-C.<\/p>\n<\/li>\n<li data-start=\"1886\" data-end=\"1974\">\n<p data-start=\"1888\" data-end=\"1974\"><strong data-start=\"1888\" data-end=\"1914\">Podw\u00f3jna siatkowa grza\u0142ka:<\/strong> Zwi\u0119kszona g\u0119sto\u015b\u0107 pary i wierne oddanie smaku.<\/p>\n<\/li>\n<li data-start=\"1975\" data-end=\"2050\">\n<p data-start=\"1977\" data-end=\"2050\"><strong data-start=\"1977\" data-end=\"1999\">Inteligentny wy\u015bwietlacz LED:<\/strong> Monitorowanie na \u017cywo poziomu mocy i p\u0142ynu.<\/p>\n<\/li>\n<li data-start=\"2051\" data-end=\"2125\">\n<p data-start=\"2053\" data-end=\"2125\"><strong data-start=\"2053\" data-end=\"2073\">Opcje nikotynowe:<\/strong> Dost\u0119pne w 2% i 5% dla elastycznych potrzeb waporyzacji.<\/p>\n<\/li>\n<\/ul>\n<figure id=\"attachment_4429\" aria-describedby=\"caption-attachment-4429\" style=\"width: 300px\" class=\"wp-caption alignnone\"><img decoding=\"async\" class=\"size-medium wp-image-4429\" src=\"https:\/\/vapestornado.com\/wp-content\/uploads\/2025\/10\/Newest-FIHP-120000-120k-Puffs-Dispsable-Vape-Kit-300x300.webp\" alt=\"Najnowszy zestaw jednorazowy FIHP 120000 120k zaci\u0105gni\u0119\u0107\" width=\"300\" height=\"300\" srcset=\"https:\/\/vapestornado.com\/wp-content\/uploads\/2025\/10\/Newest-FIHP-120000-120k-Puffs-Dispsable-Vape-Kit-300x300.webp 300w, https:\/\/vapestornado.com\/wp-content\/uploads\/2025\/10\/Newest-FIHP-120000-120k-Puffs-Dispsable-Vape-Kit-150x150.webp 150w, https:\/\/vapestornado.com\/wp-content\/uploads\/2025\/10\/Newest-FIHP-120000-120k-Puffs-Dispsable-Vape-Kit-768x768.webp 768w, https:\/\/vapestornado.com\/wp-content\/uploads\/2025\/10\/Newest-FIHP-120000-120k-Puffs-Dispsable-Vape-Kit-12x12.webp 12w, https:\/\/vapestornado.com\/wp-content\/uploads\/2025\/10\/Newest-FIHP-120000-120k-Puffs-Dispsable-Vape-Kit-600x600.webp 600w, https:\/\/vapestornado.com\/wp-content\/uploads\/2025\/10\/Newest-FIHP-120000-120k-Puffs-Dispsable-Vape-Kit-100x100.webp 100w, https:\/\/vapestornado.com\/wp-content\/uploads\/2025\/10\/Newest-FIHP-120000-120k-Puffs-Dispsable-Vape-Kit.webp 800w\" sizes=\"(max-width: 300px) 100vw, 300px\" \/><figcaption id=\"caption-attachment-4429\" class=\"wp-caption-text\">Najnowszy zestaw jednorazowy FIHP 120000 120k zaci\u0105gni\u0119\u0107<\/figcaption><\/figure>\n<h2 class=\"product-title\"><strong>Lista smak\u00f3w FIHP 120K 120000 zaci\u0105gni\u0119\u0107 6 w 1<\/strong><\/h2>\n<p data-start=\"2550\" data-end=\"2736\">1. Arbuzowy l\u00f3d &amp; Red Bull &amp; Truskawka Kiwi &amp; Jagodowy l\u00f3d &amp; Cytryna Limetka &amp; Truskawkowy arbuz<br \/>\n2. Truskawka Banan &amp; Podw\u00f3jne Jab\u0142ko &amp; Malinowy arbuz &amp; Kwa\u015bne Mango Ananas &amp; Tropikalne owoce &amp; Cytryna Brzoskwinia<br \/>\n3. Ananas Kokos &amp; Niebieska malina &amp; Mieszane jagody &amp; Mango Brzoskwinia &amp; Jagoda Malina &amp; Truskawka Wanilia Cola<br \/>\n4. Brzoskwinia Jagoda &amp; Potr\u00f3jny melon &amp; Winogrono l\u00f3d &amp; Czarny smok l\u00f3d &amp; Musuj\u0105ca wi\u015bnia l\u00f3d &amp; \u017belkowy mi\u015b<br \/>\n5. T\u0119czowe cukierki &amp; Wi\u015bniowa cola l\u00f3d &amp; Mi\u0142o\u015b\u0107 666 &amp; Mango l\u00f3d &amp; Jagodowa wata cukrowa &amp; Brzoskwinia l\u00f3d<br \/>\n6. Aloes Liczi l\u00f3d &amp; R\u00f3\u017cowa cytryna &amp; Lodowiec l\u00f3d &amp; Mi\u0119ta igie\u0142 sosnowych &amp; Czarna porzeczka l\u00f3d &amp; Arbuz cytryna<\/p>\n<div class=\"flex-shrink-0 flex flex-col relative items-end\">\n<div class=\"pt-0\">\n<div class=\"gizmo-bot-avatar flex h-8 w-8 items-center justify-center overflow-hidden rounded-full\">\n<div class=\"relative p-1 rounded-sm flex items-center justify-center bg-token-main-surface-primary text-token-text-primary h-8 w-8\">\n<h2 data-start=\"1200\" data-end=\"1487\">Vapes Tornado \u2013 Tw\u00f3j hurtowy sklep internetowy z najlepszymi markami vape<\/h2>\n<p data-start=\"1200\" data-end=\"1487\"><strong data-start=\"141\" data-end=\"177\">Sklep internetowy z e-papierosami Vapes Tornado<\/strong> jest Twoim zaufanym \u017ar\u00f3d\u0142em <strong data-start=\"205\" data-end=\"270\">premiumowe jednorazowe vape i hurtowe e-papierosy w Europie<\/strong>. W ofercie mamy najlepiej sprzedaj\u0105ce si\u0119 marki, takie jak <strong data-start=\"307\" data-end=\"362\"><a href=\"https:\/\/vapestornado.com\/pl\/product\/randm-12000-puffs-fumot-digital-disposable-vape-wholesale-price\/\">Fumot Waporyzator<\/a>, <a href=\"https:\/\/vapestornado.com\/pl\/product\/waspe-150k-150000-puff-6-in-1-disposable-vape-pen-cartridge-best-wholesale-price-in-poland\/\">WASPE VAPE<\/a>, <\/strong><strong data-start=\"307\" data-end=\"362\"><a href=\"https:\/\/vapestornado.com\/pl\/product\/vozol-gear-shisha-25k-25000-puffs-best-dtl-disposable-vape-hookah-cheap-price\/\">VOZOL BAR VAPE<\/a>, \u00a0 Bang Vape<\/strong>, i wi\u0119cej, zapewniaj\u0105c jako\u015b\u0107 i r\u00f3\u017cnorodno\u015b\u0107 dla ka\u017cdego klienta. Niezale\u017cnie od tego, czy jeste\u015b indywidualnym vaperem, czy hurtowym nabywc\u0105, dostarczamy <strong data-start=\"481\" data-end=\"550\">urz\u0105dzenia wysokiej wydajno\u015bci, stylowe wzory i konkurencyjne ceny<\/strong> spe\u0142niaj\u0105ce Twoje potrzeby.<\/p>\n<h2 data-start=\"2064\" data-end=\"2115\">Najcz\u0119\u015bciej zadawane pytania o jednorazowy vape FIHP 120K Puff<\/h2>\n<p data-start=\"2159\" data-end=\"2318\"><strong data-start=\"2159\" data-end=\"2233\">1. Ile smak\u00f3w oferuje jednorazowy vape FIHP 120K Puff?<\/strong><br data-start=\"2233\" data-end=\"2236\" \/>Posiada system 6 w 1, pozwalaj\u0105cy u\u017cytkownikom cieszy\u0107 si\u0119 sze\u015bcioma unikalnymi smakami w jednym urz\u0105dzeniu.<\/p>\n<p data-start=\"2320\" data-end=\"2445\"><strong data-start=\"2320\" data-end=\"2369\">2. Czy jednorazowy vape FIHP 120000 Puff jest \u0142adowalny?<\/strong><br data-start=\"2369\" data-end=\"2372\" \/>Tak, zawiera akumulator o pojemno\u015bci 650mAh z szybkim \u0142adowaniem Type-C.<\/p>\n<p data-start=\"2447\" data-end=\"2577\"><strong data-start=\"2447\" data-end=\"2511\">3. Jakie poziomy nikotyny s\u0105 dost\u0119pne dla FIHP 120k Puff?<\/strong><br data-start=\"2511\" data-end=\"2514\" \/>Mo\u017cesz wybra\u0107 mi\u0119dzy 2% a 5%, w zale\u017cno\u015bci od preferencji.<\/p>\n<p data-start=\"2579\" data-end=\"2743\"><strong data-start=\"2579\" data-end=\"2646\">4. Dlaczego FIHP 120K jest uwa\u017cany za jeden z najlepszych tanich vape'\u00f3w?<\/strong><br data-start=\"2646\" data-end=\"2649\" \/>Oferuje sze\u015b\u0107 smak\u00f3w, 120000 zaci\u0105gni\u0119\u0107 i jako\u015b\u0107 podw\u00f3jnej siateczkowej grza\u0142ki w bardzo konkurencyjnej cenie.<\/p>\n<p data-start=\"2745\" data-end=\"2917\"><strong data-start=\"2745\" data-end=\"2813\">5. Gdzie mog\u0119 kupi\u0107 FIHP 120000 Puff jednorazowy vape hurtowo?<\/strong><br data-start=\"2813\" data-end=\"2816\" \/>Najlepsze oferty hurtowe s\u0105 dost\u0119pne w <strong data-start=\"2858\" data-end=\"2888\">Sklep internetowy z e-papierosami Tornado<\/strong>, zaufany przez dystrybutor\u00f3w z Polski.<\/p>\n<\/div>\n<\/div>\n<\/div>\n<\/div>","protected":false},"excerpt":{"rendered":"<p data-start=\"3204\" data-end=\"3282\">FIHP 120K 6-w-1 jednorazowy e-papieros 120000 zaci\u0105gni\u0119\u0107 | Tanie e-papierosy hurtowo<\/p>\n<p data-start=\"3286\" data-end=\"3358\">Kup FIHP 120000 zaci\u0105gni\u0119\u0107 e-papieros | Najlepsze jednorazowe e-papierosy 6-w-1 w Polsce<\/p>\n<p data-start=\"3362\" data-end=\"3446\">FIHP 120K jednorazowy e-papieros \u2013 Du\u017ca pojemno\u015b\u0107, wiele smak\u00f3w, najlepsza cena hurtowa<\/p>\n<p><strong>Dodaj Amy na WhatsApp, aby uzyska\u0107 w\u0142a\u015bciw\u0105 odpowied\u017a i cen\u0119 z rabatem!<\/strong><\/p>\n<p><img fetchpriority=\"high\" decoding=\"async\" class=\"size-full wp-image-2932\" src=\"https:\/\/vapestornado.com\/wp-content\/uploads\/2024\/12\/Vape-Wholesale.jpg\" alt=\"Hurtowa sprzeda\u017c e-papieros\u00f3w\" width=\"229\" height=\"300\" \/><\/p>\n<h3><a href=\"https:\/\/wa.me\/8617776015835\"><span style=\"color: #ff0000;\"><strong>WhatsApp: +86 17776015835<\/strong><\/span><\/a><\/h3>","protected":false},"featured_media":4428,"comment_status":"open","ping_status":"closed","template":"","meta":{"_acf_changed":false,"_uag_custom_page_level_css":"","_lmt_disableupdate":"no","_lmt_disable":"","_monsterinsights_skip_tracking":false,"_monsterinsights_sitenote_active":false,"_monsterinsights_sitenote_note":"","_monsterinsights_sitenote_category":0,"site-sidebar-layout":"default","site-content-layout":"","ast-site-content-layout":"default","site-content-style":"default","site-sidebar-style":"default","ast-global-header-display":"","ast-banner-title-visibility":"","ast-main-header-display":"","ast-hfb-above-header-display":"","ast-hfb-below-header-display":"","ast-hfb-mobile-header-display":"","site-post-title":"","ast-breadcrumbs-content":"","ast-featured-img":"","footer-sml-layout":"","ast-disable-related-posts":"","theme-transparent-header-meta":"default","adv-header-id-meta":"","stick-header-meta":"","header-above-stick-meta":"","header-main-stick-meta":"","header-below-stick-meta":"","astra-migrate-meta-layouts":"set","ast-page-background-enabled":"default","ast-page-background-meta":{"desktop":{"background-color":"","background-image":"","background-repeat":"repeat","background-position":"center center","background-size":"auto","background-attachment":"scroll","background-type":"","background-media":"","overlay-type":"","overlay-color":"","overlay-opacity":"","overlay-gradient":""},"tablet":{"background-color":"","background-image":"","background-repeat":"repeat","background-position":"center center","background-size":"auto","background-attachment":"scroll","background-type":"","background-media":"","overlay-type":"","overlay-color":"","overlay-opacity":"","overlay-gradient":""},"mobile":{"background-color":"","background-image":"","background-repeat":"repeat","background-position":"center center","background-size":"auto","background-attachment":"scroll","background-type":"","background-media":"","overlay-type":"","overlay-color":"","overlay-opacity":"","overlay-gradient":""}},"ast-content-background-meta":{"desktop":{"background-color":"var(--ast-global-color-5)","background-image":"","background-repeat":"repeat","background-position":"center center","background-size":"auto","background-attachment":"scroll","background-type":"","background-media":"","overlay-type":"","overlay-color":"","overlay-opacity":"","overlay-gradient":""},"tablet":{"background-color":"var(--ast-global-color-5)","background-image":"","background-repeat":"repeat","background-position":"center center","background-size":"auto","background-attachment":"scroll","background-type":"","background-media":"","overlay-type":"","overlay-color":"","overlay-opacity":"","overlay-gradient":""},"mobile":{"background-color":"var(--ast-global-color-5)","background-image":"","background-repeat":"repeat","background-position":"center center","background-size":"auto","background-attachment":"scroll","background-type":"","background-media":"","overlay-type":"","overlay-color":"","overlay-opacity":"","overlay-gradient":""}},"_joinchat":[]},"product_brand":[],"product_cat":[347,154,142,144,146,60],"product_tag":[387,287,368,388,395,390,393,386],"class_list":{"0":"post-4430","1":"product","2":"type-product","3":"status-publish","4":"has-post-thumbnail","6":"product_cat-120000-puff","7":"product_cat-buy-disposable-vapes-in-netherlands","8":"product_cat-digital-box-disposable-vapes","9":"product_cat-low-nicotine-disposable-vapes","10":"product_cat-rechargeable-disposable-vapes","11":"product_cat-waspe-fihp-vape","12":"product_tag-cigarette-vapor","13":"product_tag-disposable-vape-pen","14":"product_tag-disposable-vapor","15":"product_tag-e-vape","16":"product_tag-fihp-120k","17":"product_tag-online-vape-shop","18":"product_tag-vape-cartridge","19":"product_tag-vape-pen","20":"desktop-align-left","21":"tablet-align-left","22":"mobile-align-left","24":"first","25":"instock","26":"sale","27":"shipping-taxable","28":"purchasable","29":"product-type-simple"},"acf":[],"uagb_featured_image_src":{"full":["https:\/\/vapestornado.com\/wp-content\/uploads\/2025\/10\/FIHP-Multi-120000-puffs-Original-Disposable-Vape.webp",800,800,false],"thumbnail":["https:\/\/vapestornado.com\/wp-content\/uploads\/2025\/10\/FIHP-Multi-120000-puffs-Original-Disposable-Vape-150x150.webp",150,150,true],"medium":["https:\/\/vapestornado.com\/wp-content\/uploads\/2025\/10\/FIHP-Multi-120000-puffs-Original-Disposable-Vape-300x300.webp",300,300,true],"medium_large":["https:\/\/vapestornado.com\/wp-content\/uploads\/2025\/10\/FIHP-Multi-120000-puffs-Original-Disposable-Vape-768x768.webp",768,768,true],"large":["https:\/\/vapestornado.com\/wp-content\/uploads\/2025\/10\/FIHP-Multi-120000-puffs-Original-Disposable-Vape.webp",800,800,false],"1536x1536":["https:\/\/vapestornado.com\/wp-content\/uploads\/2025\/10\/FIHP-Multi-120000-puffs-Original-Disposable-Vape.webp",800,800,false],"2048x2048":["https:\/\/vapestornado.com\/wp-content\/uploads\/2025\/10\/FIHP-Multi-120000-puffs-Original-Disposable-Vape.webp",800,800,false],"trp-custom-language-flag":["https:\/\/vapestornado.com\/wp-content\/uploads\/2025\/10\/FIHP-Multi-120000-puffs-Original-Disposable-Vape-12x12.webp",12,12,true],"woocommerce_thumbnail":["https:\/\/vapestornado.com\/wp-content\/uploads\/2025\/10\/FIHP-Multi-120000-puffs-Original-Disposable-Vape-300x300.webp",300,300,true],"woocommerce_single":["https:\/\/vapestornado.com\/wp-content\/uploads\/2025\/10\/FIHP-Multi-120000-puffs-Original-Disposable-Vape-600x600.webp",600,600,true],"woocommerce_gallery_thumbnail":["https:\/\/vapestornado.com\/wp-content\/uploads\/2025\/10\/FIHP-Multi-120000-puffs-Original-Disposable-Vape-100x100.webp",100,100,true]},"uagb_author_info":{"display_name":"ESAMY","author_link":"https:\/\/vapestornado.com\/pl\/author\/"},"uagb_comment_info":1,"uagb_excerpt":"FIHP 120K 6-in-1 120000 Puff Disposable Vape Pen | Cheap Vapes for Wholesale Buy FIHP 120000 Puff Vape Pen | Best 6-in-1 Disposable Vapes in Europe FIHP 120K Puff Disposable Vape \u2013 Big Capacity, Multi Flavors, Best Wholesale Price Add Amy's whatsapp to get right reply and discount price! WhatsApp: +86 17776015835","_links":{"self":[{"href":"https:\/\/vapestornado.com\/pl\/wp-json\/wp\/v2\/product\/4430","targetHints":{"allow":["GET"]}}],"collection":[{"href":"https:\/\/vapestornado.com\/pl\/wp-json\/wp\/v2\/product"}],"about":[{"href":"https:\/\/vapestornado.com\/pl\/wp-json\/wp\/v2\/types\/product"}],"replies":[{"embeddable":true,"href":"https:\/\/vapestornado.com\/pl\/wp-json\/wp\/v2\/comments?post=4430"}],"wp:featuredmedia":[{"embeddable":true,"href":"https:\/\/vapestornado.com\/pl\/wp-json\/wp\/v2\/media\/4428"}],"wp:attachment":[{"href":"https:\/\/vapestornado.com\/pl\/wp-json\/wp\/v2\/media?parent=4430"}],"wp:term":[{"taxonomy":"product_brand","embeddable":true,"href":"https:\/\/vapestornado.com\/pl\/wp-json\/wp\/v2\/product_brand?post=4430"},{"taxonomy":"product_cat","embeddable":true,"href":"https:\/\/vapestornado.com\/pl\/wp-json\/wp\/v2\/product_cat?post=4430"},{"taxonomy":"product_tag","embeddable":true,"href":"https:\/\/vapestornado.com\/pl\/wp-json\/wp\/v2\/product_tag?post=4430"}],"curies":[{"name":"wp","href":"https:\/\/api.w.org\/{rel}","templated":true}]}}